{"id":8756,"date":"2026-03-21T13:26:52","date_gmt":"2026-03-21T13:26:52","guid":{"rendered":"https:\/\/chinesethegathering.com\/fourth-edition-foreign-black-border\/"},"modified":"2026-03-31T20:19:13","modified_gmt":"2026-03-31T20:19:13","slug":"fourth-edition-foreign-black-border","status":"publish","type":"page","link":"https:\/\/chinesethegathering.com\/pt-pt\/fourth-edition-foreign-black-border\/","title":{"rendered":"Fourth Edition Foreign Black Border"},"content":{"rendered":"\n<p>No mundo do colecionismo de <em>Magic: The Gathering<\/em> (MTG), \u201cBorda Preta\" significa geralmente \u201cOriginal\". Em 1995, a Wizards of the Coast lan\u00e7ou a cole\u00e7\u00e3o base <strong>4.\u00aa Edi\u00e7\u00e3o<\/strong>. Em ingl\u00eas, estas cartas tinham bordas brancas. No entanto, para certos mercados internacionais, foram impressas com belas bordas pretas.   <\/p>\n\n<p>Entre estas, a vers\u00e3o em <strong>Chin\u00eas Tradicional<\/strong>, impressa para jogadores em Taiwan e Hong Kong, ocupa um lugar especial na hist\u00f3ria.<\/p>\n\n<h3 class=\"wp-block-heading\">Porque \u00e9 que esta cole\u00e7\u00e3o \u00e9 especial?<\/h3>\n\n<p>A maioria das cartas da 4.\u00aa Edi\u00e7\u00e3o que v\u00eas hoje tem bordas brancas. As cole\u00e7\u00f5es <strong>Foreign Black Border (FBB)<\/strong> foram criadas para introduzir o jogo em novos idiomas. Como estas foram as primeiras vezes que o jogo apareceu nestas l\u00ednguas, receberam o tratamento de borda preta de \u201cedi\u00e7\u00e3o limitada\".  <\/p>\n\n<h3 class=\"wp-block-heading\"><\/h3>\n\n<pre class=\"wp-block-verse has-text-align-center\">\"<strong>\u00c9 a primeira cole\u00e7\u00e3o de MTG impressa em chin\u00eas, lan\u00e7ada em 1996.<\/strong>\"<\/pre>\n\n<h3 class=\"wp-block-heading\">N\u00edvel de raridade de cada idioma<\/h3>\n\n<p>Os colecionadores classificam frequentemente as cole\u00e7\u00f5es Foreign Black Border da Quarta Edi\u00e7\u00e3o de 1996 pela dificuldade em encontr\u00e1-las. Aqui est\u00e1 como a cole\u00e7\u00e3o em Chin\u00eas Tradicional se compara com as suas cong\u00e9neres: <\/p>\n\n<figure style=\"font-size:15px\" class=\"wp-block-table\"><table class=\"has-fixed-layout\"><thead><tr><td><strong>N\u00edvel de Raridade<\/strong><\/td><td><strong>Idioma<\/strong><\/td><td><strong>Disponibilidade no Mercado<\/strong><\/td><\/tr><\/thead><tbody><tr><td><strong>Muito Rara<\/strong><\/td><td>Coreano \/ Portugu\u00eas<\/td><td>Tiragens extremamente baixas; muito dif\u00edceis de encontrar hoje em dia.<\/td><\/tr><tr><td><strong>Incomum<\/strong><\/td><td><strong>Chin\u00eas Tradicional<\/strong><\/td><td><strong>Mais dif\u00edcil do que o japon\u00eas, mas mais f\u00e1cil do que o coreano.<\/strong><\/td><\/tr><tr><td><strong>Comum<\/strong><\/td><td>Japon\u00eas \/ Espanhol<\/td><td>Impressas em larga escala e mais f\u00e1ceis de localizar no mercado.<\/td><\/tr><\/tbody><\/table><\/figure>\n\n<p>A 21 de mar\u00e7o de 2026, as listagens do Cardmarket para o <em>Magic: The Gathering Fourth Edition Black Bordered Full Set<\/em> fornecem um retrato revelador da disponibilidade de mercado por idioma. <\/p>\n\n<figure style=\"font-size:15px\" class=\"wp-block-table\"><table class=\"has-fixed-layout\"><thead><tr><th>Idioma<\/th><th>Ofertas vis\u00edveis no Cardmarket<\/th><th>Pre\u00e7o m\u00e9dio pedido<\/th><\/tr><\/thead><tbody><tr><td>Japon\u00eas<\/td><td>6<\/td><td>2.699,98 \u20ac<\/td><\/tr><tr><td>Espanhol<\/td><td>4<\/td><td>5.300,00 \u20ac<\/td><\/tr><tr><td>Coreano<\/td><td>2<\/td><td>7.245,00 \u20ac<\/td><\/tr><tr><td>Portugu\u00eas<\/td><td>1<\/td><td>5.000,00 \u20ac<\/td><\/tr><tr><td>Chin\u00eas Tradicional<\/td><td>0<\/td><td>M\u00e9dia de mercado indispon\u00edvel<\/td><\/tr><\/tbody><\/table><\/figure>\n\n<p>O japon\u00eas parece ser a vers\u00e3o oferecida com mais frequ\u00eancia, com seis listagens vis\u00edveis e um pre\u00e7o m\u00e9dio pedido de 2.699,98 \u20ac, enquanto as vers\u00f5es em espanhol, coreano e portugu\u00eas est\u00e3o representadas por menos ofertas a n\u00edveis m\u00e9dios significativamente mais elevados. O que mais salta \u00e0 vista \u00e9 que a vers\u00e3o em Chin\u00eas Tradicional n\u00e3o apresenta qualquer listagem ativa no Cardmarket nessa data. Esta aus\u00eancia refor\u00e7a fortemente a ideia de que os conjuntos completos de borda preta da Quarta Edi\u00e7\u00e3o em Chin\u00eas Tradicional s\u00e3o excecionalmente escassos no mercado aberto europeu, n\u00e3o s\u00f3 devido \u00e0 baixa oferta, mas porque nenhum exemplar estava publicamente dispon\u00edvel para venda no momento da observa\u00e7\u00e3o.  <\/p>\n\n<h3 class=\"wp-block-heading\">Principais caracter\u00edsticas para colecionadores<\/h3>\n\n<p>Se est\u00e1s \u00e0 procura destas cartas, fica atento a estes detalhes espec\u00edficos:<\/p>\n\n<ul class=\"wp-block-list\">\n<li><strong>A Data:<\/strong> As cartas apresentam uma data de copyright de <strong>1996<\/strong>.<\/li>\n\n\n\n<li><strong>O Aspeto:<\/strong> As cores s\u00e3o frequentemente muito mais escuras e mais \u201csaturadas\" do que as vers\u00f5es inglesas de borda branca.<\/li>\n\n\n\n<li><strong>O Valor:<\/strong> Cartas ic\u00f3nicas como <em>Lightning Bolt<\/em>, <em>Counterspell<\/em> e os \u201cTerrenos Especiais\" (como <em>Mishra's Factory<\/em>) em Chin\u00eas Tradicional t\u00eam um pre\u00e7o elevado em compara\u00e7\u00e3o com as vers\u00f5es padr\u00e3o.<\/li>\n<\/ul>\n\n<div class=\"gutenakitid-a8705fdc-2303-4491-ae8c-bf23f2783ef6  wp-block-media-text is-stacked-on-mobile\" style=\"grid-template-columns:15% auto\"><figure class=\"wp-block-media-text__media\"><a href=\"https:\/\/chinesethegathering.com\/pt-pt\/erros-de-impressao-da-fourth-edition-foreign-black-border\/\"><img loading=\"lazy\" decoding=\"async\" width=\"968\" height=\"1330\" src=\"https:\/\/chinesethegathering.com\/wp-content\/uploads\/2026\/03\/ChatGPT-Image-15-mars-2026-16_26_57-1.avif\" alt=\"\" class=\"wp-image-8566 size-full\" srcset=\"https:\/\/chinesethegathering.com\/wp-content\/uploads\/2026\/03\/ChatGPT-Image-15-mars-2026-16_26_57-1.avif 968w, https:\/\/chinesethegathering.com\/wp-content\/uploads\/2026\/03\/ChatGPT-Image-15-mars-2026-16_26_57-1-218x300.avif 218w, https:\/\/chinesethegathering.com\/wp-content\/uploads\/2026\/03\/ChatGPT-Image-15-mars-2026-16_26_57-1-745x1024.avif 745w, https:\/\/chinesethegathering.com\/wp-content\/uploads\/2026\/03\/ChatGPT-Image-15-mars-2026-16_26_57-1-768x1055.avif 768w\" sizes=\"auto, (max-width: 968px) 100vw, 968px\" \/><\/a><\/figure><div class=\"wp-block-media-text__content is-layout-flow wp-block-media-text-is-layout-flow\">\n<p>Esta edi\u00e7\u00e3o tamb\u00e9m \u00e9 famosa por v\u00e1rios <a href=\"https:\/\/chinesethegathering.com\/pt-pt\/erros-de-impressao-da-fourth-edition-foreign-black-border\/\" data-type=\"page\" data-id=\"8054\">erros de impress\u00e3o e de tradu\u00e7\u00e3o<\/a> interessantes. Por exemplo, algumas cartas t\u00eam texto desbotado ou s\u00edmbolos de mana incorretos, enquanto outras apresentam regras mal traduzidas que alteram a forma como a carta funciona no jogo. Estes pequenos erros tornam a cole\u00e7\u00e3o em Chin\u00eas Tradicional ainda mais \u00fanica e proporcionam um desafio divertido para colecionadores especializados em erros de impress\u00e3o.\"  <\/p>\n<\/div><\/div>\n\n<p><\/p>\n\n<h3 class=\"wp-block-heading\">As oito cartas em falta<\/h3>\n\n<p>Um detalhe fascinante para os colecionadores \u00e9 que as vers\u00f5es em <strong>Chin\u00eas Tradicional<\/strong> e <strong>Coreano<\/strong> da 4.\u00aa Edi\u00e7\u00e3o s\u00e3o, na verdade, mais pequenas do que as cole\u00e7\u00f5es em ingl\u00eas ou at\u00e9 as de borda preta japonesas. Embora a cole\u00e7\u00e3o padr\u00e3o contenha 378 cartas, estas duas edi\u00e7\u00f5es t\u00eam <strong>8 cartas espec\u00edficas<\/strong> em falta que foram removidas durante a produ\u00e7\u00e3o. Isto significa que n\u00e3o consegues encontrar uma vers\u00e3o chinesa de borda preta de 1996 das seguintes:  <\/p>\n\n<ul class=\"wp-block-list\">\n<li><strong>Branco:<\/strong> <em>Blessing<\/em><\/li>\n\n\n\n<li><strong>Azul:<\/strong> <em>Gaseous Form<\/em><\/li>\n\n\n\n<li><strong>Preto:<\/strong> <em>Lost Soul<\/em><\/li>\n\n\n\n<li><strong>Vermelho:<\/strong> <em>Blood Lust<\/em>, <em>Fire Elemental<\/em> e <em>Tempest Efreet<\/em><\/li>\n\n\n\n<li><strong>Verde:<\/strong> <em>Shanodin Dryads<\/em><\/li>\n\n\n\n<li><strong>Artefato:<\/strong> <em>Primal Clay<\/em><\/li>\n<\/ul>\n\n<figure class=\"wp-block-gallery has-nested-images columns-8 is-cropped wp-block-gallery-1 is-layout-flex wp-block-gallery-is-layout-flex\">\n<figure class=\"wp-block-image size-large\"><img decoding=\"async\" data-id=\"8531\" src=\"https:\/\/chinesethegathering.com\/wp-content\/uploads\/2026\/03\/4ed-9-blessing.jpg\" alt=\"\" class=\"wp-image-8531\"\/><\/figure>\n\n\n\n<figure class=\"wp-block-image size-large\"><img decoding=\"async\" data-id=\"8532\" src=\"https:\/\/chinesethegathering.com\/wp-content\/uploads\/2026\/03\/4ed-74-gaseous-form.jpg\" alt=\"\" class=\"wp-image-8532\"\/><\/figure>\n\n\n\n<figure class=\"wp-block-image size-large\"><img decoding=\"async\" data-id=\"8533\" src=\"https:\/\/chinesethegathering.com\/wp-content\/uploads\/2026\/03\/4ed-145-lost-soul.jpg\" alt=\"\" class=\"wp-image-8533\"\/><\/figure>\n\n\n\n<figure class=\"wp-block-image size-large\"><img decoding=\"async\" data-id=\"8534\" src=\"https:\/\/chinesethegathering.com\/wp-content\/uploads\/2026\/03\/4ed-178-blood-lust.jpg\" alt=\"\" class=\"wp-image-8534\"\/><\/figure>\n\n\n\n<figure class=\"wp-block-image size-large\"><img decoding=\"async\" data-id=\"8536\" src=\"https:\/\/chinesethegathering.com\/wp-content\/uploads\/2026\/03\/4ed-191-fire-elemental.jpg\" alt=\"\" class=\"wp-image-8536\"\/><\/figure>\n\n\n\n<figure class=\"wp-block-image size-large\"><img decoding=\"async\" data-id=\"8538\" src=\"https:\/\/chinesethegathering.com\/wp-content\/uploads\/2026\/03\/4ed-225-tempest-efreet.jpg\" alt=\"\" class=\"wp-image-8538\"\/><\/figure>\n\n\n\n<figure class=\"wp-block-image size-large\"><img decoding=\"async\" data-id=\"8535\" src=\"https:\/\/chinesethegathering.com\/wp-content\/uploads\/2026\/03\/4ed-271-shanodin-dryads.jpg\" alt=\"\" class=\"wp-image-8535\"\/><\/figure>\n\n\n\n<figure class=\"wp-block-image size-large\"><img decoding=\"async\" data-id=\"8537\" src=\"https:\/\/chinesethegathering.com\/wp-content\/uploads\/2026\/03\/4ed-342-primal-clay.jpg\" alt=\"\" class=\"wp-image-8537\"\/><\/figure>\n<\/figure>\n\n<p><\/p>\n\n<p>Como estas cartas n\u00e3o existem na cole\u00e7\u00e3o, completar um \u201cSet Completo\" em Chin\u00eas Tradicional requer apenas <strong>370 cartas<\/strong> em vez das habituais 378. Esta peculiaridade torna as tiragens chinesa e coreana anomalias hist\u00f3ricas \u00fanicas no multiverso de <em>Magic<\/em>. <\/p>\n\n<p>Construir um set completo da <strong>Fourth Edition Foreign Black Border em Chin\u00eas<\/strong> \u00e9 uma jornada gratificante, mas exige paci\u00eancia. Os colecionadores devem equilibrar o enorme volume de cartas com a dificuldade de as encontrar em condi\u00e7\u00e3o \u201cNear Mint\" (NM). <\/p>\n\n<h3 class=\"wp-block-heading\">A escala da cole\u00e7\u00e3o<\/h3>\n\n<p>A 4.\u00aa Edi\u00e7\u00e3o \u00e9 uma cole\u00e7\u00e3o base de grandes dimens\u00f5es. Para completar um \u201cmaster set\", precisas de colecionar um total de <strong>370 cartas<\/strong>. A reparti\u00e7\u00e3o da cole\u00e7\u00e3o \u00e9 a seguinte:  <\/p>\n\n<ul class=\"wp-block-list\">\n<li><strong>117 Raras (4 em falta):<\/strong> \u00c9 aqui que reside o verdadeiro desafio.<\/li>\n\n\n\n<li><strong>120 Incomuns (1 em falta)<\/strong><\/li>\n\n\n\n<li><strong>118 Comuns (3 em falta)<\/strong><\/li>\n\n\n\n<li><strong>15 Terrenos B\u00e1sicos:<\/strong> Embora comuns, encontrar um conjunto condizente com bordas pretas limpas \u00e9 altamente satisfat\u00f3rio para os jogadores.<\/li>\n<\/ul>\n\n<div class=\"gutenakitid-349e9874-6f5c-4194-8243-23f9fa6f92b4  wp-block-media-text is-stacked-on-mobile\" style=\"grid-template-columns:20% auto\"><figure class=\"wp-block-media-text__media\"><img loading=\"lazy\" decoding=\"async\" width=\"800\" height=\"800\" src=\"https:\/\/chinesethegathering.com\/wp-content\/uploads\/2026\/03\/mtg-fourth-edition-black-bordered-booster-display-chinesisch_2.avif\" alt=\"\" class=\"wp-image-8138 size-full\" srcset=\"https:\/\/chinesethegathering.com\/wp-content\/uploads\/2026\/03\/mtg-fourth-edition-black-bordered-booster-display-chinesisch_2.avif 800w, https:\/\/chinesethegathering.com\/wp-content\/uploads\/2026\/03\/mtg-fourth-edition-black-bordered-booster-display-chinesisch_2-300x300.avif 300w, https:\/\/chinesethegathering.com\/wp-content\/uploads\/2026\/03\/mtg-fourth-edition-black-bordered-booster-display-chinesisch_2-150x150.avif 150w, https:\/\/chinesethegathering.com\/wp-content\/uploads\/2026\/03\/mtg-fourth-edition-black-bordered-booster-display-chinesisch_2-768x768.avif 768w\" sizes=\"auto, (max-width: 800px) 100vw, 800px\" \/><\/figure><div class=\"wp-block-media-text__content is-layout-flow wp-block-media-text-is-layout-flow\">\n<p>Como existem <strong>117 cartas raras diferentes<\/strong>, as probabilidades matem\u00e1ticas de sair uma rara espec\u00edfica como o <em>Drag\u00e3o de Shiv<\/em> ou <em>Balance<\/em> num \u00fanico booster pack eram muito baixas em 1996.<\/p>\n<\/div><\/div>\n\n<hr class=\"wp-block-separator has-alpha-channel-opacity\"\/>\n\n<h3 class=\"wp-block-heading\"><strong>N\u00edvel de raridade<\/strong><\/h3>\n\n<h4 class=\"wp-block-heading\"><strong>Chin\u00eas Tradicional &#8211; Fourth Edition Foreign Black Border<\/strong><\/h4>\n\n<div class=\"wp-block-columns is-layout-flex wp-container-core-columns-is-layout-9d6595d7 wp-block-columns-is-layout-flex\">\n<div class=\"wp-block-column is-layout-flow wp-block-column-is-layout-flow\" style=\"flex-basis:33.33%\">\n<div style=\"text-align: center;\">\n  <i class=\"ss ss-4ed ss-6x\"><\/i>\n<\/div>\n\n\n\n<div class=\"wp-block-group is-content-justification-center is-nowrap is-layout-flex wp-container-core-group-is-layout-94bc23d7 wp-block-group-is-layout-flex\">\n<div class=\"wp-block-gutena-star-ratings gutena-star-ratings-block gutena-star-ratings-block-5ad251-eb align-left\"><svg xmlns=\"http:\/\/www.w3.org\/2000\/svg\" viewbox=\"0 0 24 24\" width=\"35\" height=\"35\" class=\"gutena-full-rating\" aria-hidden=\"true\"><path fill=\"none\" d=\"M0 0h24v24H0z\"><\/path><path d=\"M12 17l-5.878 3.59 1.598-6.7-5.23-4.48 6.865-.55L12 2.5l2.645 6.36 6.866.55-5.231 4.48 1.598 6.7z\"><\/path><\/svg><svg xmlns=\"http:\/\/www.w3.org\/2000\/svg\" viewbox=\"0 0 24 24\" width=\"35\" height=\"35\" class=\"gutena-full-rating\" aria-hidden=\"true\"><path fill=\"none\" d=\"M0 0h24v24H0z\"><\/path><path d=\"M12 17l-5.878 3.59 1.598-6.7-5.23-4.48 6.865-.55L12 2.5l2.645 6.36 6.866.55-5.231 4.48 1.598 6.7z\"><\/path><\/svg><svg xmlns=\"http:\/\/www.w3.org\/2000\/svg\" viewbox=\"0 0 24 24\" width=\"35\" height=\"35\" class=\"gutena-full-rating\" aria-hidden=\"true\"><path fill=\"none\" d=\"M0 0h24v24H0z\"><\/path><path d=\"M12 17l-5.878 3.59 1.598-6.7-5.23-4.48 6.865-.55L12 2.5l2.645 6.36 6.866.55-5.231 4.48 1.598 6.7z\"><\/path><\/svg><svg xmlns=\"http:\/\/www.w3.org\/2000\/svg\" viewbox=\"0 0 24 24\" width=\"35\" height=\"35\" class=\"gutena-empty-rating\" aria-hidden=\"true\"><path fill=\"none\" d=\"M0 0h24v24H0z\"><\/path><path d=\"M12 17l-5.878 3.59 1.598-6.7-5.23-4.48 6.865-.55L12 2.5l2.645 6.36 6.866.55-5.231 4.48 1.598 6.7L12 17zm0-2.344l2.817 1.72-.766-3.21 2.507-2.147-3.29-.264L12 7.708l-1.268 3.047-3.29.264 2.507 2.147-.766 3.21L12 14.657z\"><\/path><\/svg><svg xmlns=\"http:\/\/www.w3.org\/2000\/svg\" viewbox=\"0 0 24 24\" width=\"35\" height=\"35\" class=\"gutena-empty-rating\" aria-hidden=\"true\"><path fill=\"none\" d=\"M0 0h24v24H0z\"><\/path><path d=\"M12 17l-5.878 3.59 1.598-6.7-5.23-4.48 6.865-.55L12 2.5l2.645 6.36 6.866.55-5.231 4.48 1.598 6.7L12 17zm0-2.344l2.817 1.72-.766-3.21 2.507-2.147-3.29-.264L12 7.708l-1.268 3.047-3.29.264 2.507 2.147-.766 3.21L12 14.657z\"><\/path><\/svg><svg xmlns=\"http:\/\/www.w3.org\/2000\/svg\" viewbox=\"0 0 24 24\" width=\"35\" height=\"35\" class=\"gutena-empty-rating\" aria-hidden=\"true\"><path fill=\"none\" d=\"M0 0h24v24H0z\"><\/path><path d=\"M12 17l-5.878 3.59 1.598-6.7-5.23-4.48 6.865-.55L12 2.5l2.645 6.36 6.866.55-5.231 4.48 1.598 6.7L12 17zm0-2.344l2.817 1.72-.766-3.21 2.507-2.147-3.29-.264L12 7.708l-1.268 3.047-3.29.264 2.507 2.147-.766 3.21L12 14.657z\"><\/path><\/svg><\/div>\n<\/div>\n<\/div>\n\n\n\n<div class=\"wp-block-column is-vertically-aligned-center is-layout-flow wp-block-column-is-layout-flow\" style=\"flex-basis:66.66%\">\n<p>Embora esta cole\u00e7\u00e3o seja rara e dif\u00edcil de completar, n\u00e3o \u00e9 a edi\u00e7\u00e3o chinesa mais rara devido \u00e0 sua grande tiragem e elevada procura internacional. Apesar desta disponibilidade, continua a ser historicamente significativa como a primeir\u00edssima cole\u00e7\u00e3o de <em>Magic<\/em> alguma vez impressa em chin\u00eas. Os colecionadores ainda valorizam muito este lan\u00e7amento pelas suas belas bordas pretas e ilustra\u00e7\u00f5es lend\u00e1rias. Apresenta cartas ic\u00f3nicas que definiram a era, mais notavelmente o <strong>Drag\u00e3o de Shiv<\/strong> ilustrado por <strong>Melissa Benson<\/strong>.   <\/p>\n<\/div>\n<\/div>\n\n<div class=\"wp-block-wpbb-wbd-progress-bar wbd-progress-bar\"><div class=\"progress-name\" style=\"color:#333333;font-size:16px;font-family:inherit;margin-bottom:8px\">Conclus\u00e3o da cole\u00e7\u00e3o: 370\/370<\/div><div class=\"progress-track-wrapper\" data-wbd-percent=\"100\" data-wbd-easing=\"ease\" data-wbd-duration=\"1.2\"><div class=\"progress-track\" style=\"background-color:#e5e5e5;height:32px;border-radius:999px\"><div class=\"progress-fill\" style=\"width:100%;border-radius:999px;transition:width 1.2s ease;background-color:#c43d3d\"><span class=\"progress-percentage\" style=\"color:#ffffff;font-size:14px;font-family:inherit;font-weight:600;white-space:nowrap\">100%<\/span><\/div><\/div><\/div><\/div>\n","protected":false},"excerpt":{"rendered":"<p>No mundo do colecionismo de Magic: The Gathering (MTG), \u201cBorda Preta\" significa geralmente \u201cOriginal\". Em 1995, a Wizards of the Coast lan\u00e7ou a cole\u00e7\u00e3o base 4.\u00aa Edi\u00e7\u00e3o. Em ingl\u00eas, estas cartas tinham bordas brancas. No entanto, para certos mercados internacionais, foram impressas com belas bordas pretas. Entre estas, a vers\u00e3o em Chin\u00eas Tradicional, impressa para &#8230; <a title=\"Fourth Edition Foreign Black Border\" class=\"read-more\" href=\"https:\/\/chinesethegathering.com\/pt-pt\/fourth-edition-foreign-black-border\/\" aria-label=\"Leia mais sobre Fourth Edition Foreign Black Border\">teste<\/a><\/p>\n","protected":false},"author":1,"featured_media":8768,"parent":0,"menu_order":0,"comment_status":"closed","ping_status":"closed","template":"","meta":{"footnotes":""},"class_list":["post-8756","page","type-page","status-publish","has-post-thumbnail"],"_links":{"self":[{"href":"https:\/\/chinesethegathering.com\/pt-pt\/wp-json\/wp\/v2\/pages\/8756","targetHints":{"allow":["GET"]}}],"collection":[{"href":"https:\/\/chinesethegathering.com\/pt-pt\/wp-json\/wp\/v2\/pages"}],"about":[{"href":"https:\/\/chinesethegathering.com\/pt-pt\/wp-json\/wp\/v2\/types\/page"}],"author":[{"embeddable":true,"href":"https:\/\/chinesethegathering.com\/pt-pt\/wp-json\/wp\/v2\/users\/1"}],"replies":[{"embeddable":true,"href":"https:\/\/chinesethegathering.com\/pt-pt\/wp-json\/wp\/v2\/comments?post=8756"}],"version-history":[{"count":0,"href":"https:\/\/chinesethegathering.com\/pt-pt\/wp-json\/wp\/v2\/pages\/8756\/revisions"}],"wp:featuredmedia":[{"embeddable":true,"href":"https:\/\/chinesethegathering.com\/pt-pt\/wp-json\/wp\/v2\/media\/8768"}],"wp:attachment":[{"href":"https:\/\/chinesethegathering.com\/pt-pt\/wp-json\/wp\/v2\/media?parent=8756"}],"curies":[{"name":"wp","href":"https:\/\/api.w.org\/{rel}","templated":true}]}}