{"id":8690,"date":"2026-03-21T09:26:48","date_gmt":"2026-03-21T09:26:48","guid":{"rendered":"https:\/\/chinesethegathering.com\/erros-de-impressao-de-tempestade\/"},"modified":"2026-03-31T20:18:45","modified_gmt":"2026-03-31T20:18:45","slug":"erros-de-impressao-de-tempestade","status":"publish","type":"page","link":"https:\/\/chinesethegathering.com\/pt-pt\/erros-de-impressao-de-tempestade\/","title":{"rendered":"Erros de Impress\u00e3o de Tempestade"},"content":{"rendered":"\n<div class=\"wp-block-columns is-layout-flex wp-container-core-columns-is-layout-9d6595d7 wp-block-columns-is-layout-flex\">\n<div class=\"wp-block-column is-vertically-aligned-center is-layout-flow wp-block-column-is-layout-flow\" style=\"flex-basis:66.66%\">\n<div class=\"wp-block-group is-nowrap is-layout-flex wp-container-core-group-is-layout-ad2f72ca wp-block-group-is-layout-flex\">\n<i class=\"ss ss-tmp ss-6x\"><\/i>\n\n\n\n<div style=\"height:100px;width:0px\" aria-hidden=\"true\" class=\"wp-block-spacer wp-container-content-16d1eb73\"><\/div>\n\n\n\n<p><strong>Tempestade (1997) \u2013 Vis\u00e3o Geral de Erros de Impress\u00e3o Chineses<\/strong><br\/>N\u00famero de erros de impress\u00e3o: 2<br\/>Idioma: Chin\u00eas Tradicional<br\/>Ano de lan\u00e7amento: 1997<br\/>Diferen\u00e7as de impress\u00e3o: c\u00edrculo cinzento errado atr\u00e1s do custo de ativa\u00e7\u00e3o<\/p>\n<\/div>\n<\/div>\n\n\n\n<div class=\"wp-block-column is-layout-flow wp-block-column-is-layout-flow\" style=\"flex-basis:33.33%\">    \n    <style>\n      .mtg-grid-table {\n        width: 100%;\n        border-collapse: collapse;\n        text-align: center;\n      }\n      .mtg-grid-table td {\n        padding: 15px;\n        border: 1px solid #ddd;\n        transition: transform 0.3s ease;\n        width: 20%;\n      }\n      .mtg-grid-table td:hover {\n        transform: scale(1.2);\n        z-index: 10;\n        position: relative;\n        background-color: #f9f9f9;\n        box-shadow: 0 4px 10px rgba(0,0,0,0.1);\n      }\n      .mtg-grid-table a {\n        text-decoration: none;\n        color: inherit;\n        display: block;\n        width: 100%;\n        height: 100%;\n      }\n    <\/style>\n\n    <table class=\"mtg-grid-table\">\n      <tbody>\n        <tr>\n          <td><a href=\"https:\/\/chinesethegathering.com\/pt-pt\/fourth-edition-foreign-black-border-misprints\/\"><i class=\"ss ss-4ed ss-2x\"><\/i><\/a><\/td>\n          <td><a href=\"https:\/\/chinesethegathering.com\/pt-pt\/visions-misprints\/\"><i class=\"ss ss-vis ss-2x\"><\/i><\/a><\/td>\n          <td><a href=\"https:\/\/chinesethegathering.com\/pt-pt\/fifth-edition-misprints\/\"><i class=\"ss ss-5ed ss-2x\"><\/i><\/a><\/td>\n          <td><a href=\"https:\/\/chinesethegathering.com\/pt-pt\/portal-misprints\/\"><i class=\"ss ss-por ss-2x\"><\/i><\/a><\/td>\n          <td><a href=\"https:\/\/chinesethegathering.com\/pt-pt\/tempest-set-misprints\/\"><i class=\"ss ss-tmp ss-2x\"><\/i><\/a><\/td>\n        <\/tr>\n        <tr>\n          <td><a href=\"https:\/\/chinesethegathering.com\/pt-pt\/exodus-misprints\/\"><i class=\"ss ss-exo ss-2x\"><\/i><\/a><\/td>\n          <td><a href=\"https:\/\/chinesethegathering.com\/pt-pt\/urzas-saga-misprints\/\"><i class=\"ss ss-usg ss-2x\"><\/i><\/a><\/td>\n          <td><a href=\"https:\/\/chinesethegathering.com\/pt-pt\/ninth-edition-misprints\/\"><i class=\"ss ss-9ed ss-2x\"><\/i><\/a><\/td>\n          <td><\/td>\n          <td><\/td>\n        <\/tr>\n      <\/tbody>\n    <\/table>\n\n    \n<\/div>\n<\/div>\n\n<hr class=\"wp-block-separator has-alpha-channel-opacity is-style-wide\"\/>\n\n<div class=\"wp-block-columns is-layout-flex wp-container-core-columns-is-layout-9d6595d7 wp-block-columns-is-layout-flex\">\n<div class=\"wp-block-column is-layout-flow wp-block-column-is-layout-flow\">\n<p class=\"has-text-align-center\"><strong>Chamariz Magistral<\/strong><\/p>\n\n\n<div class=\"align wp-block-icb-image-compare\" id='icbImageCompare-1' data-attributes='{&quot;width&quot;:&quot;100%&quot;,&quot;beforeImg&quot;:{&quot;id&quot;:9160,&quot;url&quot;:&quot;https:\\\/\\\/chinesethegathering.com\\\/wp-content\\\/uploads\\\/2026\\\/03\\\/ChatGPT-Image-23-mars-2026-22_02_24-1.avif&quot;,&quot;alt&quot;:&quot;&quot;,&quot;name&quot;:&quot;chatgpt-image-23-mars-2026-22_02_24-2&quot;,&quot;title&quot;:&quot;ChatGPT Image 23 mars 2026, 22_02_24&quot;,&quot;sizes&quot;:{&quot;thumbnail&quot;:{&quot;height&quot;:150,&quot;width&quot;:150,&quot;url&quot;:&quot;https:\\\/\\\/chinesethegathering.com\\\/wp-content\\\/uploads\\\/2026\\\/03\\\/ChatGPT-Image-23-mars-2026-22_02_24-1-150x150.avif&quot;,&quot;orientation&quot;:&quot;landscape&quot;},&quot;medium&quot;:{&quot;height&quot;:300,&quot;width&quot;:218,&quot;url&quot;:&quot;https:\\\/\\\/chinesethegathering.com\\\/wp-content\\\/uploads\\\/2026\\\/03\\\/ChatGPT-Image-23-mars-2026-22_02_24-1-218x300.avif&quot;,&quot;orientation&quot;:&quot;portrait&quot;},&quot;large&quot;:{&quot;height&quot;:1024,&quot;width&quot;:745,&quot;url&quot;:&quot;https:\\\/\\\/chinesethegathering.com\\\/wp-content\\\/uploads\\\/2026\\\/03\\\/ChatGPT-Image-23-mars-2026-22_02_24-1-745x1024.avif&quot;,&quot;orientation&quot;:&quot;portrait&quot;},&quot;full&quot;:{&quot;url&quot;:&quot;https:\\\/\\\/chinesethegathering.com\\\/wp-content\\\/uploads\\\/2026\\\/03\\\/ChatGPT-Image-23-mars-2026-22_02_24-1.avif&quot;,&quot;height&quot;:1190,&quot;width&quot;:866,&quot;orientation&quot;:&quot;portrait&quot;}},&quot;caption&quot;:&quot;&quot;,&quot;description&quot;:&quot;&quot;,&quot;link&quot;:&quot;https:\\\/\\\/chinesethegathering.com\\\/tempest-set-misprints\\\/chatgpt-image-23-mars-2026-22_02_24-2\\\/#main&quot;},&quot;afterImg&quot;:{&quot;id&quot;:8495,&quot;url&quot;:&quot;https:\\\/\\\/chinesethegathering.com\\\/wp-content\\\/uploads\\\/2026\\\/03\\\/tmp-29-master-decoy.avif&quot;,&quot;alt&quot;:&quot;&quot;,&quot;name&quot;:&quot;tmp-29-master-decoy&quot;,&quot;title&quot;:&quot;tmp-29-master-decoy&quot;,&quot;sizes&quot;:{&quot;thumbnail&quot;:{&quot;height&quot;:150,&quot;width&quot;:150,&quot;url&quot;:&quot;https:\\\/\\\/chinesethegathering.com\\\/wp-content\\\/uploads\\\/2026\\\/03\\\/tmp-29-master-decoy-150x150.avif&quot;,&quot;orientation&quot;:&quot;landscape&quot;},&quot;medium&quot;:{&quot;height&quot;:300,&quot;width&quot;:215,&quot;url&quot;:&quot;https:\\\/\\\/chinesethegathering.com\\\/wp-content\\\/uploads\\\/2026\\\/03\\\/tmp-29-master-decoy-215x300.avif&quot;,&quot;orientation&quot;:&quot;portrait&quot;},&quot;full&quot;:{&quot;url&quot;:&quot;https:\\\/\\\/chinesethegathering.com\\\/wp-content\\\/uploads\\\/2026\\\/03\\\/tmp-29-master-decoy.avif&quot;,&quot;height&quot;:936,&quot;width&quot;:672,&quot;orientation&quot;:&quot;portrait&quot;}},&quot;caption&quot;:&quot;&quot;,&quot;description&quot;:&quot;&quot;,&quot;link&quot;:&quot;https:\\\/\\\/chinesethegathering.com\\\/tempest-set-misprints\\\/tmp-29-master-decoy\\\/#main&quot;},&quot;align&quot;:&quot;&quot;,&quot;alignment&quot;:&quot;center&quot;,&quot;theme&quot;:&quot;default&quot;,&quot;border&quot;:[],&quot;orientation&quot;:&quot;horizontal&quot;,&quot;isSwap&quot;:false,&quot;isLabel&quot;:true,&quot;label&quot;:{&quot;hAlign&quot;:&quot;bottom&quot;,&quot;vAlign&quot;:&quot;center&quot;,&quot;isShowHover&quot;:false},&quot;beforeLabel&quot;:&quot;&quot;,&quot;afterLabel&quot;:&quot;&quot;,&quot;labelTypo&quot;:{&quot;fontSize&quot;:{&quot;desktop&quot;:15,&quot;tablet&quot;:15,&quot;mobile&quot;:15}},&quot;labelColors&quot;:{&quot;color&quot;:&quot;#fff&quot;,&quot;bg&quot;:&quot;#00000080&quot;},&quot;labelPadding&quot;:{&quot;vertical&quot;:&quot;10px&quot;,&quot;horizontal&quot;:&quot;15px&quot;},&quot;isCap&quot;:true,&quot;cap&quot;:&quot;&quot;,&quot;capAlign&quot;:&quot;center&quot;,&quot;capTypo&quot;:{&quot;fontSize&quot;:{&quot;desktop&quot;:14,&quot;tablet&quot;:14,&quot;mobile&quot;:14}},&quot;capColors&quot;:{&quot;color&quot;:&quot;#333&quot;,&quot;bg&quot;:&quot;#f4f4f4&quot;},&quot;capPadding&quot;:{&quot;vertical&quot;:&quot;10px&quot;,&quot;horizontal&quot;:&quot;15px&quot;},&quot;dragg&quot;:{&quot;handleType&quot;:&quot;default&quot;,&quot;shapeType&quot;:&quot;default&quot;},&quot;styles&quot;:{&quot;container&quot;:{&quot;height&quot;:{&quot;desktop&quot;:&quot;&quot;,&quot;tablet&quot;:&quot;&quot;,&quot;mobile&quot;:&quot;&quot;}},&quot;dragg&quot;:{&quot;line&quot;:{&quot;bg&quot;:{&quot;color&quot;:&quot;#fff&quot;},&quot;size&quot;:2},&quot;icon&quot;:{&quot;color&quot;:&quot;&quot;},&quot;handler&quot;:{&quot;color&quot;:&quot;&quot;}}},&quot;options&quot;:{&quot;defaultOffset&quot;:0.5,&quot;moveMouseOver&quot;:false,&quot;isMoveClick&quot;:false,&quot;autoSlide&quot;:{&quot;isAutoSlide&quot;:false,&quot;speed&quot;:5,&quot;isHoverStop&quot;:true}},&quot;sliderOptions&quot;:{&quot;arrowType&quot;:&quot;style1&quot;,&quot;height&quot;:{&quot;desktop&quot;:&quot;400px&quot;,&quot;tablet&quot;:&quot;400px&quot;,&quot;mobile&quot;:&quot;400px&quot;},&quot;autoplay&quot;:true,&quot;dots&quot;:false,&quot;speed&quot;:500,&quot;autoplaySpeed&quot;:2500,&quot;pauseOnHover&quot;:true,&quot;infinite&quot;:true,&quot;arrows&quot;:true,&quot;slidesView&quot;:{&quot;desktop&quot;:1,&quot;tablet&quot;:1,&quot;mobile&quot;:1}},&quot;sliderStyle&quot;:{&quot;pagination&quot;:{&quot;active&quot;:&quot;#4527a4&quot;},&quot;navigation&quot;:{&quot;icon&quot;:{&quot;normal&quot;:{&quot;color&quot;:&quot;#000&quot;,&quot;size&quot;:&quot;22px&quot;},&quot;hover&quot;:{&quot;color&quot;:&quot;&quot;,&quot;size&quot;:&quot;22px&quot;}},&quot;container&quot;:{&quot;height&quot;:&quot;&quot;,&quot;width&quot;:&quot;&quot;,&quot;normal&quot;:{&quot;bg&quot;:{&quot;color&quot;:&quot;#fff&quot;},&quot;border&quot;:[],&quot;radius&quot;:{&quot;left&quot;:&quot;30px&quot;,&quot;right&quot;:&quot;30px&quot;,&quot;top&quot;:&quot;30px&quot;,&quot;bottom&quot;:&quot;30px&quot;}},&quot;hover&quot;:{&quot;bg&quot;:{&quot;color&quot;:&quot;#fff&quot;},&quot;border&quot;:[],&quot;radius&quot;:[]}}}},&quot;slider&quot;:[{&quot;beforeImg&quot;:{&quot;img&quot;:{&quot;url&quot;:&quot;https:\\\/\\\/templates.bplugins.com\\\/wp-content\\\/uploads\\\/2025\\\/03\\\/beafImg.jpg&quot;},&quot;beforeLabel&quot;:&quot;Before Label&quot;},&quot;afterImg&quot;:{&quot;img&quot;:{&quot;url&quot;:&quot;https:\\\/\\\/templates.bplugins.com\\\/wp-content\\\/uploads\\\/2025\\\/03\\\/beafImg2.jpg&quot;},&quot;afterLabel&quot;:&quot;After Label&quot;},&quot;caption&quot;:&quot;Before After Image Caption&quot;},{&quot;beforeImg&quot;:{&quot;img&quot;:{&quot;url&quot;:&quot;https:\\\/\\\/templates.bplugins.com\\\/wp-content\\\/uploads\\\/2025\\\/03\\\/beafImg.jpg&quot;},&quot;beforeLabel&quot;:&quot;Before Label&quot;},&quot;afterImg&quot;:{&quot;img&quot;:{&quot;url&quot;:&quot;https:\\\/\\\/templates.bplugins.com\\\/wp-content\\\/uploads\\\/2025\\\/03\\\/beafImg2.jpg&quot;},&quot;afterLabel&quot;:&quot;After Label&quot;},&quot;caption&quot;:&quot;Before After Image Caption&quot;},{&quot;beforeImg&quot;:{&quot;img&quot;:{&quot;url&quot;:&quot;https:\\\/\\\/templates.bplugins.com\\\/wp-content\\\/uploads\\\/2025\\\/03\\\/beafImg.jpg&quot;},&quot;beforeLabel&quot;:&quot;Before Label&quot;},&quot;afterImg&quot;:{&quot;img&quot;:{&quot;url&quot;:&quot;https:\\\/\\\/templates.bplugins.com\\\/wp-content\\\/uploads\\\/2025\\\/03\\\/beafImg2.jpg&quot;},&quot;afterLabel&quot;:&quot;After Label&quot;},&quot;caption&quot;:&quot;Before After Image Caption&quot;}]}' data-icbchecker='false'><\/div>\n\n\n<p class=\"has-text-align-center has-small-font-size\"><br\/>c\u00edrculo cinzento errado atr\u00e1s do custo de ativa\u00e7\u00e3o<\/p>\n<\/div>\n\n\n\n<div class=\"wp-block-column is-layout-flow wp-block-column-is-layout-flow\">\n<p class=\"has-text-align-center\"><strong><strong>Arqueiros Montados<\/strong><\/strong><\/p>\n\n\n<div class=\"align wp-block-icb-image-compare\" id='icbImageCompare-2' data-attributes='{&quot;width&quot;:&quot;100%&quot;,&quot;beforeImg&quot;:{&quot;id&quot;:9172,&quot;url&quot;:&quot;https:\\\/\\\/chinesethegathering.com\\\/wp-content\\\/uploads\\\/2026\\\/03\\\/ChatGPT-Image-23-mars-2026-22_05_26.avif&quot;,&quot;alt&quot;:&quot;&quot;,&quot;name&quot;:&quot;chatgpt-image-23-mars-2026-22_05_26&quot;,&quot;title&quot;:&quot;ChatGPT Image 23 mars 2026, 22_05_26&quot;,&quot;sizes&quot;:{&quot;thumbnail&quot;:{&quot;height&quot;:150,&quot;width&quot;:150,&quot;url&quot;:&quot;https:\\\/\\\/chinesethegathering.com\\\/wp-content\\\/uploads\\\/2026\\\/03\\\/ChatGPT-Image-23-mars-2026-22_05_26-150x150.avif&quot;,&quot;orientation&quot;:&quot;landscape&quot;},&quot;medium&quot;:{&quot;height&quot;:300,&quot;width&quot;:215,&quot;url&quot;:&quot;https:\\\/\\\/chinesethegathering.com\\\/wp-content\\\/uploads\\\/2026\\\/03\\\/ChatGPT-Image-23-mars-2026-22_05_26-215x300.avif&quot;,&quot;orientation&quot;:&quot;portrait&quot;},&quot;large&quot;:{&quot;height&quot;:1024,&quot;width&quot;:735,&quot;url&quot;:&quot;https:\\\/\\\/chinesethegathering.com\\\/wp-content\\\/uploads\\\/2026\\\/03\\\/ChatGPT-Image-23-mars-2026-22_05_26-735x1024.avif&quot;,&quot;orientation&quot;:&quot;portrait&quot;},&quot;full&quot;:{&quot;url&quot;:&quot;https:\\\/\\\/chinesethegathering.com\\\/wp-content\\\/uploads\\\/2026\\\/03\\\/ChatGPT-Image-23-mars-2026-22_05_26.avif&quot;,&quot;height&quot;:1292,&quot;width&quot;:927,&quot;orientation&quot;:&quot;portrait&quot;}},&quot;caption&quot;:&quot;&quot;,&quot;description&quot;:&quot;&quot;,&quot;link&quot;:&quot;https:\\\/\\\/chinesethegathering.com\\\/tempest-set-misprints\\\/chatgpt-image-23-mars-2026-22_05_26\\\/#main&quot;},&quot;afterImg&quot;:{&quot;id&quot;:8496,&quot;url&quot;:&quot;https:\\\/\\\/chinesethegathering.com\\\/wp-content\\\/uploads\\\/2026\\\/03\\\/tmp-30-mounted-archers.avif&quot;,&quot;alt&quot;:&quot;&quot;,&quot;name&quot;:&quot;tmp-30-mounted-archers&quot;,&quot;title&quot;:&quot;tmp-30-mounted-archers&quot;,&quot;sizes&quot;:{&quot;thumbnail&quot;:{&quot;height&quot;:150,&quot;width&quot;:150,&quot;url&quot;:&quot;https:\\\/\\\/chinesethegathering.com\\\/wp-content\\\/uploads\\\/2026\\\/03\\\/tmp-30-mounted-archers-150x150.avif&quot;,&quot;orientation&quot;:&quot;landscape&quot;},&quot;medium&quot;:{&quot;height&quot;:300,&quot;width&quot;:215,&quot;url&quot;:&quot;https:\\\/\\\/chinesethegathering.com\\\/wp-content\\\/uploads\\\/2026\\\/03\\\/tmp-30-mounted-archers-215x300.avif&quot;,&quot;orientation&quot;:&quot;portrait&quot;},&quot;full&quot;:{&quot;url&quot;:&quot;https:\\\/\\\/chinesethegathering.com\\\/wp-content\\\/uploads\\\/2026\\\/03\\\/tmp-30-mounted-archers.avif&quot;,&quot;height&quot;:936,&quot;width&quot;:672,&quot;orientation&quot;:&quot;portrait&quot;}},&quot;caption&quot;:&quot;&quot;,&quot;description&quot;:&quot;&quot;,&quot;link&quot;:&quot;https:\\\/\\\/chinesethegathering.com\\\/tempest-set-misprints\\\/tmp-30-mounted-archers\\\/#main&quot;},&quot;align&quot;:&quot;&quot;,&quot;alignment&quot;:&quot;center&quot;,&quot;theme&quot;:&quot;default&quot;,&quot;border&quot;:[],&quot;orientation&quot;:&quot;horizontal&quot;,&quot;isSwap&quot;:false,&quot;isLabel&quot;:true,&quot;label&quot;:{&quot;hAlign&quot;:&quot;bottom&quot;,&quot;vAlign&quot;:&quot;center&quot;,&quot;isShowHover&quot;:false},&quot;beforeLabel&quot;:&quot;&quot;,&quot;afterLabel&quot;:&quot;&quot;,&quot;labelTypo&quot;:{&quot;fontSize&quot;:{&quot;desktop&quot;:15,&quot;tablet&quot;:15,&quot;mobile&quot;:15}},&quot;labelColors&quot;:{&quot;color&quot;:&quot;#fff&quot;,&quot;bg&quot;:&quot;#00000080&quot;},&quot;labelPadding&quot;:{&quot;vertical&quot;:&quot;10px&quot;,&quot;horizontal&quot;:&quot;15px&quot;},&quot;isCap&quot;:true,&quot;cap&quot;:&quot;&quot;,&quot;capAlign&quot;:&quot;center&quot;,&quot;capTypo&quot;:{&quot;fontSize&quot;:{&quot;desktop&quot;:14,&quot;tablet&quot;:14,&quot;mobile&quot;:14}},&quot;capColors&quot;:{&quot;color&quot;:&quot;#333&quot;,&quot;bg&quot;:&quot;#f4f4f4&quot;},&quot;capPadding&quot;:{&quot;vertical&quot;:&quot;10px&quot;,&quot;horizontal&quot;:&quot;15px&quot;},&quot;dragg&quot;:{&quot;handleType&quot;:&quot;default&quot;,&quot;shapeType&quot;:&quot;default&quot;},&quot;styles&quot;:{&quot;container&quot;:{&quot;height&quot;:{&quot;desktop&quot;:&quot;&quot;,&quot;tablet&quot;:&quot;&quot;,&quot;mobile&quot;:&quot;&quot;}},&quot;dragg&quot;:{&quot;line&quot;:{&quot;bg&quot;:{&quot;color&quot;:&quot;#fff&quot;},&quot;size&quot;:2},&quot;icon&quot;:{&quot;color&quot;:&quot;&quot;},&quot;handler&quot;:{&quot;color&quot;:&quot;&quot;}}},&quot;options&quot;:{&quot;defaultOffset&quot;:0.5,&quot;moveMouseOver&quot;:false,&quot;isMoveClick&quot;:false,&quot;autoSlide&quot;:{&quot;isAutoSlide&quot;:false,&quot;speed&quot;:5,&quot;isHoverStop&quot;:true}},&quot;sliderOptions&quot;:{&quot;arrowType&quot;:&quot;style1&quot;,&quot;height&quot;:{&quot;desktop&quot;:&quot;400px&quot;,&quot;tablet&quot;:&quot;400px&quot;,&quot;mobile&quot;:&quot;400px&quot;},&quot;autoplay&quot;:true,&quot;dots&quot;:false,&quot;speed&quot;:500,&quot;autoplaySpeed&quot;:2500,&quot;pauseOnHover&quot;:true,&quot;infinite&quot;:true,&quot;arrows&quot;:true,&quot;slidesView&quot;:{&quot;desktop&quot;:1,&quot;tablet&quot;:1,&quot;mobile&quot;:1}},&quot;sliderStyle&quot;:{&quot;pagination&quot;:{&quot;active&quot;:&quot;#4527a4&quot;},&quot;navigation&quot;:{&quot;icon&quot;:{&quot;normal&quot;:{&quot;color&quot;:&quot;#000&quot;,&quot;size&quot;:&quot;22px&quot;},&quot;hover&quot;:{&quot;color&quot;:&quot;&quot;,&quot;size&quot;:&quot;22px&quot;}},&quot;container&quot;:{&quot;height&quot;:&quot;&quot;,&quot;width&quot;:&quot;&quot;,&quot;normal&quot;:{&quot;bg&quot;:{&quot;color&quot;:&quot;#fff&quot;},&quot;border&quot;:[],&quot;radius&quot;:{&quot;left&quot;:&quot;30px&quot;,&quot;right&quot;:&quot;30px&quot;,&quot;top&quot;:&quot;30px&quot;,&quot;bottom&quot;:&quot;30px&quot;}},&quot;hover&quot;:{&quot;bg&quot;:{&quot;color&quot;:&quot;#fff&quot;},&quot;border&quot;:[],&quot;radius&quot;:[]}}}},&quot;slider&quot;:[{&quot;beforeImg&quot;:{&quot;img&quot;:{&quot;url&quot;:&quot;https:\\\/\\\/templates.bplugins.com\\\/wp-content\\\/uploads\\\/2025\\\/03\\\/beafImg.jpg&quot;},&quot;beforeLabel&quot;:&quot;Before Label&quot;},&quot;afterImg&quot;:{&quot;img&quot;:{&quot;url&quot;:&quot;https:\\\/\\\/templates.bplugins.com\\\/wp-content\\\/uploads\\\/2025\\\/03\\\/beafImg2.jpg&quot;},&quot;afterLabel&quot;:&quot;After Label&quot;},&quot;caption&quot;:&quot;Before After Image Caption&quot;},{&quot;beforeImg&quot;:{&quot;img&quot;:{&quot;url&quot;:&quot;https:\\\/\\\/templates.bplugins.com\\\/wp-content\\\/uploads\\\/2025\\\/03\\\/beafImg.jpg&quot;},&quot;beforeLabel&quot;:&quot;Before Label&quot;},&quot;afterImg&quot;:{&quot;img&quot;:{&quot;url&quot;:&quot;https:\\\/\\\/templates.bplugins.com\\\/wp-content\\\/uploads\\\/2025\\\/03\\\/beafImg2.jpg&quot;},&quot;afterLabel&quot;:&quot;After Label&quot;},&quot;caption&quot;:&quot;Before After Image Caption&quot;},{&quot;beforeImg&quot;:{&quot;img&quot;:{&quot;url&quot;:&quot;https:\\\/\\\/templates.bplugins.com\\\/wp-content\\\/uploads\\\/2025\\\/03\\\/beafImg.jpg&quot;},&quot;beforeLabel&quot;:&quot;Before Label&quot;},&quot;afterImg&quot;:{&quot;img&quot;:{&quot;url&quot;:&quot;https:\\\/\\\/templates.bplugins.com\\\/wp-content\\\/uploads\\\/2025\\\/03\\\/beafImg2.jpg&quot;},&quot;afterLabel&quot;:&quot;After Label&quot;},&quot;caption&quot;:&quot;Before After Image Caption&quot;}]}' data-icbchecker='false'><\/div>\n\n\n<p class=\"has-text-align-center has-small-font-size\"><br\/>c\u00edrculo cinzento errado atr\u00e1s do custo de ativa\u00e7\u00e3o<\/p>\n<\/div>\n\n\n\n<div class=\"wp-block-column is-layout-flow wp-block-column-is-layout-flow\">\n<p class=\"has-text-align-center\"><\/p>\n\n\n\n<p class=\"has-text-align-center has-small-font-size\"><br\/><\/p>\n<\/div>\n<\/div>\n","protected":false},"excerpt":{"rendered":"<p>Tempestade (1997) \u2013 Vis\u00e3o Geral de Erros de Impress\u00e3o ChinesesN\u00famero de erros de impress\u00e3o: 2Idioma: Chin\u00eas TradicionalAno de lan\u00e7amento: 1997Diferen\u00e7as de impress\u00e3o: c\u00edrculo cinzento errado atr\u00e1s do custo de ativa\u00e7\u00e3o Chamariz Magistral c\u00edrculo cinzento errado atr\u00e1s do custo de ativa\u00e7\u00e3o Arqueiros Montados c\u00edrculo cinzento errado atr\u00e1s do custo de ativa\u00e7\u00e3o<\/p>\n","protected":false},"author":1,"featured_media":0,"parent":0,"menu_order":0,"comment_status":"closed","ping_status":"closed","template":"","meta":{"footnotes":""},"class_list":["post-8690","page","type-page","status-publish"],"_links":{"self":[{"href":"https:\/\/chinesethegathering.com\/pt-pt\/wp-json\/wp\/v2\/pages\/8690","targetHints":{"allow":["GET"]}}],"collection":[{"href":"https:\/\/chinesethegathering.com\/pt-pt\/wp-json\/wp\/v2\/pages"}],"about":[{"href":"https:\/\/chinesethegathering.com\/pt-pt\/wp-json\/wp\/v2\/types\/page"}],"author":[{"embeddable":true,"href":"https:\/\/chinesethegathering.com\/pt-pt\/wp-json\/wp\/v2\/users\/1"}],"replies":[{"embeddable":true,"href":"https:\/\/chinesethegathering.com\/pt-pt\/wp-json\/wp\/v2\/comments?post=8690"}],"version-history":[{"count":0,"href":"https:\/\/chinesethegathering.com\/pt-pt\/wp-json\/wp\/v2\/pages\/8690\/revisions"}],"wp:attachment":[{"href":"https:\/\/chinesethegathering.com\/pt-pt\/wp-json\/wp\/v2\/media?parent=8690"}],"curies":[{"name":"wp","href":"https:\/\/api.w.org\/{rel}","templated":true}]}}