{"id":7625,"date":"2026-03-09T21:12:02","date_gmt":"2026-03-09T21:12:02","guid":{"rendered":"https:\/\/chinesethegathering.com\/erros-de-impressao-da-fifth-edition\/"},"modified":"2026-03-31T20:20:14","modified_gmt":"2026-03-31T20:20:14","slug":"erros-de-impressao-da-fifth-edition","status":"publish","type":"page","link":"https:\/\/chinesethegathering.com\/pt-pt\/erros-de-impressao-da-fifth-edition\/","title":{"rendered":"Erros de Impress\u00e3o da Fifth Edition"},"content":{"rendered":"\n<div class=\"wp-block-columns is-layout-flex wp-container-core-columns-is-layout-9d6595d7 wp-block-columns-is-layout-flex\">\n<div class=\"wp-block-column is-vertically-aligned-center is-layout-flow wp-block-column-is-layout-flow\" style=\"flex-basis:66.66%\">\n<div class=\"wp-block-group is-nowrap is-layout-flex wp-container-core-group-is-layout-ad2f72ca wp-block-group-is-layout-flex\">\n<i class=\"ss ss-5ed ss-6x\"><\/i>\n\n\n\n<div style=\"height:100px;width:0px\" aria-hidden=\"true\" class=\"wp-block-spacer wp-container-content-16d1eb73\"><\/div>\n\n\n\n<p><strong>Fifth Edition (1998) \u2013 Resumo de Erros de Impress\u00e3o em Chin\u00eas<\/strong><br\/>N\u00famero de erros de impress\u00e3o: 7<br\/>Idioma: Chin\u00eas Simplificado<br\/>Ano de lan\u00e7amento: 1998<br\/>Diferen\u00e7as de impress\u00e3o: v\u00e1rios erros<\/p>\n<\/div>\n<\/div>\n\n\n\n<div class=\"wp-block-column is-layout-flow wp-block-column-is-layout-flow\" style=\"flex-basis:33.33%\">    \n    <style>\n      .mtg-grid-table {\n        width: 100%;\n        border-collapse: collapse;\n        text-align: center;\n      }\n      .mtg-grid-table td {\n        padding: 15px;\n        border: 1px solid #ddd;\n        transition: transform 0.3s ease;\n        width: 20%;\n      }\n      .mtg-grid-table td:hover {\n        transform: scale(1.2);\n        z-index: 10;\n        position: relative;\n        background-color: #f9f9f9;\n        box-shadow: 0 4px 10px rgba(0,0,0,0.1);\n      }\n      .mtg-grid-table a {\n        text-decoration: none;\n        color: inherit;\n        display: block;\n        width: 100%;\n        height: 100%;\n      }\n    <\/style>\n\n    <table class=\"mtg-grid-table\">\n      <tbody>\n        <tr>\n          <td><a href=\"https:\/\/chinesethegathering.com\/pt-pt\/fourth-edition-foreign-black-border-misprints\/\"><i class=\"ss ss-4ed ss-2x\"><\/i><\/a><\/td>\n          <td><a href=\"https:\/\/chinesethegathering.com\/pt-pt\/visions-misprints\/\"><i class=\"ss ss-vis ss-2x\"><\/i><\/a><\/td>\n          <td><a href=\"https:\/\/chinesethegathering.com\/pt-pt\/fifth-edition-misprints\/\"><i class=\"ss ss-5ed ss-2x\"><\/i><\/a><\/td>\n          <td><a href=\"https:\/\/chinesethegathering.com\/pt-pt\/portal-misprints\/\"><i class=\"ss ss-por ss-2x\"><\/i><\/a><\/td>\n          <td><a href=\"https:\/\/chinesethegathering.com\/pt-pt\/tempest-set-misprints\/\"><i class=\"ss ss-tmp ss-2x\"><\/i><\/a><\/td>\n        <\/tr>\n        <tr>\n          <td><a href=\"https:\/\/chinesethegathering.com\/pt-pt\/exodus-misprints\/\"><i class=\"ss ss-exo ss-2x\"><\/i><\/a><\/td>\n          <td><a href=\"https:\/\/chinesethegathering.com\/pt-pt\/urzas-saga-misprints\/\"><i class=\"ss ss-usg ss-2x\"><\/i><\/a><\/td>\n          <td><a href=\"https:\/\/chinesethegathering.com\/pt-pt\/ninth-edition-misprints\/\"><i class=\"ss ss-9ed ss-2x\"><\/i><\/a><\/td>\n          <td><\/td>\n          <td><\/td>\n        <\/tr>\n      <\/tbody>\n    <\/table>\n\n    \n<\/div>\n<\/div>\n\n<hr class=\"wp-block-separator has-alpha-channel-opacity is-style-wide\"\/>\n\n<div class=\"wp-block-columns has-base-background-color has-background is-layout-flex wp-container-core-columns-is-layout-9d6595d7 wp-block-columns-is-layout-flex\">\n<div class=\"wp-block-column is-layout-flow wp-block-column-is-layout-flow\" style=\"flex-basis:25%\">\n<figure data-wp-context=\"{&quot;imageId&quot;:&quot;69d008b30f4e7&quot;}\" data-wp-interactive=\"core\/image\" data-wp-key=\"69d008b30f4e7\" class=\"wp-block-image size-full wp-lightbox-container\"><img decoding=\"async\" data-wp-class--hide=\"state.isContentHidden\" data-wp-class--show=\"state.isContentVisible\" data-wp-init=\"callbacks.setButtonStyles\" data-wp-on--click=\"actions.showLightbox\" data-wp-on--load=\"callbacks.setButtonStyles\" data-wp-on-window--resize=\"callbacks.setButtonStyles\" src=\"https:\/\/chinesethegathering.com\/wp-content\/uploads\/2026\/03\/5ED_7.jpg\" alt=\"\" class=\"wp-image-7485\"\/><button\n\t\t\tclass=\"lightbox-trigger\"\n\t\t\ttype=\"button\"\n\t\t\taria-haspopup=\"dialog\"\n\t\t\taria-label=\"Ampliar\"\n\t\t\tdata-wp-init=\"callbacks.initTriggerButton\"\n\t\t\tdata-wp-on--click=\"actions.showLightbox\"\n\t\t\tdata-wp-style--right=\"state.imageButtonRight\"\n\t\t\tdata-wp-style--top=\"state.imageButtonTop\"\n\t\t>\n\t\t\t<svg xmlns=\"http:\/\/www.w3.org\/2000\/svg\" width=\"12\" height=\"12\" fill=\"none\" viewBox=\"0 0 12 12\">\n\t\t\t\t<path fill=\"#fff\" d=\"M2 0a2 2 0 0 0-2 2v2h1.5V2a.5.5 0 0 1 .5-.5h2V0H2Zm2 10.5H2a.5.5 0 0 1-.5-.5V8H0v2a2 2 0 0 0 2 2h2v-1.5ZM8 12v-1.5h2a.5.5 0 0 0 .5-.5V8H12v2a2 2 0 0 1-2 2H8Zm2-12a2 2 0 0 1 2 2v2h-1.5V2a.5.5 0 0 0-.5-.5H8V0h2Z\" \/>\n\t\t\t<\/svg>\n\t\t<\/button><figcaption class=\"wp-element-caption\"><strong>Armagedom<\/strong><\/figcaption><\/figure>\n\n\n\n<p class=\"has-text-align-center has-small-font-size\">Incompatibilidade de camada de tinta na linha de tipo<\/p>\n\n\n\n<figure data-wp-context=\"{&quot;imageId&quot;:&quot;69d008b30fd49&quot;}\" data-wp-interactive=\"core\/image\" data-wp-key=\"69d008b30fd49\" class=\"wp-block-image size-full wp-lightbox-container\"><img loading=\"lazy\" decoding=\"async\" width=\"672\" height=\"936\" data-wp-class--hide=\"state.isContentHidden\" data-wp-class--show=\"state.isContentVisible\" data-wp-init=\"callbacks.setButtonStyles\" data-wp-on--click=\"actions.showLightbox\" data-wp-on--load=\"callbacks.setButtonStyles\" data-wp-on-window--resize=\"callbacks.setButtonStyles\" src=\"https:\/\/chinesethegathering.com\/wp-content\/uploads\/2026\/03\/5ed-407-wall-of-spears-1.avif\" alt=\"\" class=\"wp-image-7613\" srcset=\"https:\/\/chinesethegathering.com\/wp-content\/uploads\/2026\/03\/5ed-407-wall-of-spears-1.avif 672w, https:\/\/chinesethegathering.com\/wp-content\/uploads\/2026\/03\/5ed-407-wall-of-spears-1-215x300.avif 215w\" sizes=\"auto, (max-width: 672px) 100vw, 672px\" \/><button\n\t\t\tclass=\"lightbox-trigger\"\n\t\t\ttype=\"button\"\n\t\t\taria-haspopup=\"dialog\"\n\t\t\taria-label=\"Ampliar\"\n\t\t\tdata-wp-init=\"callbacks.initTriggerButton\"\n\t\t\tdata-wp-on--click=\"actions.showLightbox\"\n\t\t\tdata-wp-style--right=\"state.imageButtonRight\"\n\t\t\tdata-wp-style--top=\"state.imageButtonTop\"\n\t\t>\n\t\t\t<svg xmlns=\"http:\/\/www.w3.org\/2000\/svg\" width=\"12\" height=\"12\" fill=\"none\" viewBox=\"0 0 12 12\">\n\t\t\t\t<path fill=\"#fff\" d=\"M2 0a2 2 0 0 0-2 2v2h1.5V2a.5.5 0 0 1 .5-.5h2V0H2Zm2 10.5H2a.5.5 0 0 1-.5-.5V8H0v2a2 2 0 0 0 2 2h2v-1.5ZM8 12v-1.5h2a.5.5 0 0 0 .5-.5V8H12v2a2 2 0 0 1-2 2H8Zm2-12a2 2 0 0 1 2 2v2h-1.5V2a.5.5 0 0 0-.5-.5H8V0h2Z\" \/>\n\t\t\t<\/svg>\n\t\t<\/button><figcaption class=\"wp-element-caption\"><strong>Barreira de Lan\u00e7as<\/strong><\/figcaption><\/figure>\n\n\n\n<p class=\"has-text-align-center has-small-font-size\">Falta cr\u00e9dito do artista<\/p>\n<\/div>\n\n\n\n<div class=\"wp-block-column is-layout-flow wp-block-column-is-layout-flow\" style=\"flex-basis:25%\">\n<figure data-wp-context=\"{&quot;imageId&quot;:&quot;69d008b310500&quot;}\" data-wp-interactive=\"core\/image\" data-wp-key=\"69d008b310500\" class=\"wp-block-image size-full wp-lightbox-container\"><img decoding=\"async\" data-wp-class--hide=\"state.isContentHidden\" data-wp-class--show=\"state.isContentVisible\" data-wp-init=\"callbacks.setButtonStyles\" data-wp-on--click=\"actions.showLightbox\" data-wp-on--load=\"callbacks.setButtonStyles\" data-wp-on-window--resize=\"callbacks.setButtonStyles\" src=\"https:\/\/chinesethegathering.com\/wp-content\/uploads\/2026\/03\/5ED_267.jpg\" alt=\"\" class=\"wp-image-7486\"\/><button\n\t\t\tclass=\"lightbox-trigger\"\n\t\t\ttype=\"button\"\n\t\t\taria-haspopup=\"dialog\"\n\t\t\taria-label=\"Ampliar\"\n\t\t\tdata-wp-init=\"callbacks.initTriggerButton\"\n\t\t\tdata-wp-on--click=\"actions.showLightbox\"\n\t\t\tdata-wp-style--right=\"state.imageButtonRight\"\n\t\t\tdata-wp-style--top=\"state.imageButtonTop\"\n\t\t>\n\t\t\t<svg xmlns=\"http:\/\/www.w3.org\/2000\/svg\" width=\"12\" height=\"12\" fill=\"none\" viewBox=\"0 0 12 12\">\n\t\t\t\t<path fill=\"#fff\" d=\"M2 0a2 2 0 0 0-2 2v2h1.5V2a.5.5 0 0 1 .5-.5h2V0H2Zm2 10.5H2a.5.5 0 0 1-.5-.5V8H0v2a2 2 0 0 0 2 2h2v-1.5ZM8 12v-1.5h2a.5.5 0 0 0 .5-.5V8H12v2a2 2 0 0 1-2 2H8Zm2-12a2 2 0 0 1 2 2v2h-1.5V2a.5.5 0 0 0-.5-.5H8V0h2Z\" \/>\n\t\t\t<\/svg>\n\t\t<\/button><figcaption class=\"wp-element-caption\"><strong>Drag\u00e3o de Shiv<\/strong><\/figcaption><\/figure>\n\n\n\n<p class=\"has-text-align-center has-small-font-size\">Custo de ativa\u00e7\u00e3o mostra a letra R<\/p>\n\n\n\n<figure data-wp-context=\"{&quot;imageId&quot;:&quot;69d008b310b2f&quot;}\" data-wp-interactive=\"core\/image\" data-wp-key=\"69d008b310b2f\" class=\"wp-block-image size-full wp-lightbox-container\"><img decoding=\"async\" data-wp-class--hide=\"state.isContentHidden\" data-wp-class--show=\"state.isContentVisible\" data-wp-init=\"callbacks.setButtonStyles\" data-wp-on--click=\"actions.showLightbox\" data-wp-on--load=\"callbacks.setButtonStyles\" data-wp-on-window--resize=\"callbacks.setButtonStyles\" src=\"https:\/\/chinesethegathering.com\/wp-content\/uploads\/2026\/03\/5ED_261.jpg\" alt=\"\" class=\"wp-image-7498\"\/><button\n\t\t\tclass=\"lightbox-trigger\"\n\t\t\ttype=\"button\"\n\t\t\taria-haspopup=\"dialog\"\n\t\t\taria-label=\"Ampliar\"\n\t\t\tdata-wp-init=\"callbacks.initTriggerButton\"\n\t\t\tdata-wp-on--click=\"actions.showLightbox\"\n\t\t\tdata-wp-style--right=\"state.imageButtonRight\"\n\t\t\tdata-wp-style--top=\"state.imageButtonTop\"\n\t\t>\n\t\t\t<svg xmlns=\"http:\/\/www.w3.org\/2000\/svg\" width=\"12\" height=\"12\" fill=\"none\" viewBox=\"0 0 12 12\">\n\t\t\t\t<path fill=\"#fff\" d=\"M2 0a2 2 0 0 0-2 2v2h1.5V2a.5.5 0 0 1 .5-.5h2V0H2Zm2 10.5H2a.5.5 0 0 1-.5-.5V8H0v2a2 2 0 0 0 2 2h2v-1.5ZM8 12v-1.5h2a.5.5 0 0 0 .5-.5V8H12v2a2 2 0 0 1-2 2H8Zm2-12a2 2 0 0 1 2 2v2h-1.5V2a.5.5 0 0 0-.5-.5H8V0h2Z\" \/>\n\t\t\t<\/svg>\n\t\t<\/button><figcaption class=\"wp-element-caption\"><strong>Lodo Primordial<\/strong><\/figcaption><\/figure>\n\n\n\n<p class=\"has-text-align-center has-small-font-size\">Rara em vez de incomum<\/p>\n<\/div>\n\n\n\n<div class=\"wp-block-column is-layout-flow wp-block-column-is-layout-flow\" style=\"flex-basis:25%\">\n<figure data-wp-context=\"{&quot;imageId&quot;:&quot;69d008b311142&quot;}\" data-wp-interactive=\"core\/image\" data-wp-key=\"69d008b311142\" class=\"wp-block-image size-full wp-lightbox-container\"><img decoding=\"async\" data-wp-class--hide=\"state.isContentHidden\" data-wp-class--show=\"state.isContentVisible\" data-wp-init=\"callbacks.setButtonStyles\" data-wp-on--click=\"actions.showLightbox\" data-wp-on--load=\"callbacks.setButtonStyles\" data-wp-on-window--resize=\"callbacks.setButtonStyles\" src=\"https:\/\/chinesethegathering.com\/wp-content\/uploads\/2026\/03\/5ED_306.jpg\" alt=\"\" class=\"wp-image-7487\"\/><button\n\t\t\tclass=\"lightbox-trigger\"\n\t\t\ttype=\"button\"\n\t\t\taria-haspopup=\"dialog\"\n\t\t\taria-label=\"Ampliar\"\n\t\t\tdata-wp-init=\"callbacks.initTriggerButton\"\n\t\t\tdata-wp-on--click=\"actions.showLightbox\"\n\t\t\tdata-wp-style--right=\"state.imageButtonRight\"\n\t\t\tdata-wp-style--top=\"state.imageButtonTop\"\n\t\t>\n\t\t\t<svg xmlns=\"http:\/\/www.w3.org\/2000\/svg\" width=\"12\" height=\"12\" fill=\"none\" viewBox=\"0 0 12 12\">\n\t\t\t\t<path fill=\"#fff\" d=\"M2 0a2 2 0 0 0-2 2v2h1.5V2a.5.5 0 0 1 .5-.5h2V0H2Zm2 10.5H2a.5.5 0 0 1-.5-.5V8H0v2a2 2 0 0 0 2 2h2v-1.5ZM8 12v-1.5h2a.5.5 0 0 0 .5-.5V8H12v2a2 2 0 0 1-2 2H8Zm2-12a2 2 0 0 1 2 2v2h-1.5V2a.5.5 0 0 0-.5-.5H8V0h2Z\" \/>\n\t\t\t<\/svg>\n\t\t<\/button><figcaption class=\"wp-element-caption\"><strong>Serpente Terrestre de Johtull<\/strong><\/figcaption><\/figure>\n\n\n\n<p class=\"has-text-align-center has-small-font-size\">Incompatibilidade de camada de tinta no tipo de criatura<\/p>\n\n\n\n<figure data-wp-context=\"{&quot;imageId&quot;:&quot;69d008b3116d7&quot;}\" data-wp-interactive=\"core\/image\" data-wp-key=\"69d008b3116d7\" class=\"wp-block-image size-full wp-lightbox-container\"><img decoding=\"async\" data-wp-class--hide=\"state.isContentHidden\" data-wp-class--show=\"state.isContentVisible\" data-wp-init=\"callbacks.setButtonStyles\" data-wp-on--click=\"actions.showLightbox\" data-wp-on--load=\"callbacks.setButtonStyles\" data-wp-on-window--resize=\"callbacks.setButtonStyles\" src=\"https:\/\/chinesethegathering.com\/wp-content\/uploads\/2026\/03\/5ED_343.jpg\" alt=\"\" class=\"wp-image-7499\"\/><button\n\t\t\tclass=\"lightbox-trigger\"\n\t\t\ttype=\"button\"\n\t\t\taria-haspopup=\"dialog\"\n\t\t\taria-label=\"Ampliar\"\n\t\t\tdata-wp-init=\"callbacks.initTriggerButton\"\n\t\t\tdata-wp-on--click=\"actions.showLightbox\"\n\t\t\tdata-wp-style--right=\"state.imageButtonRight\"\n\t\t\tdata-wp-style--top=\"state.imageButtonTop\"\n\t\t>\n\t\t\t<svg xmlns=\"http:\/\/www.w3.org\/2000\/svg\" width=\"12\" height=\"12\" fill=\"none\" viewBox=\"0 0 12 12\">\n\t\t\t\t<path fill=\"#fff\" d=\"M2 0a2 2 0 0 0-2 2v2h1.5V2a.5.5 0 0 1 .5-.5h2V0H2Zm2 10.5H2a.5.5 0 0 1-.5-.5V8H0v2a2 2 0 0 0 2 2h2v-1.5ZM8 12v-1.5h2a.5.5 0 0 0 .5-.5V8H12v2a2 2 0 0 1-2 2H8Zm2-12a2 2 0 0 1 2 2v2h-1.5V2a.5.5 0 0 0-.5-.5H8V0h2Z\" \/>\n\t\t\t<\/svg>\n\t\t<\/button><figcaption class=\"wp-element-caption\"><strong>Explos\u00e3o de Inverno<\/strong><\/figcaption><\/figure>\n\n\n\n<p class=\"has-text-align-center has-small-font-size\">Rara em vez de incomum<\/p>\n<\/div>\n\n\n\n<div class=\"wp-block-column is-layout-flow wp-block-column-is-layout-flow\" style=\"flex-basis:25%\">\n<figure data-wp-context=\"{&quot;imageId&quot;:&quot;69d008b311cef&quot;}\" data-wp-interactive=\"core\/image\" data-wp-key=\"69d008b311cef\" class=\"wp-block-image size-full wp-lightbox-container\"><img decoding=\"async\" data-wp-class--hide=\"state.isContentHidden\" data-wp-class--show=\"state.isContentVisible\" data-wp-init=\"callbacks.setButtonStyles\" data-wp-on--click=\"actions.showLightbox\" data-wp-on--load=\"callbacks.setButtonStyles\" data-wp-on-window--resize=\"callbacks.setButtonStyles\" src=\"https:\/\/chinesethegathering.com\/wp-content\/uploads\/2026\/03\/5ED_394.jpg\" alt=\"\" class=\"wp-image-7488\"\/><button\n\t\t\tclass=\"lightbox-trigger\"\n\t\t\ttype=\"button\"\n\t\t\taria-haspopup=\"dialog\"\n\t\t\taria-label=\"Ampliar\"\n\t\t\tdata-wp-init=\"callbacks.initTriggerButton\"\n\t\t\tdata-wp-on--click=\"actions.showLightbox\"\n\t\t\tdata-wp-style--right=\"state.imageButtonRight\"\n\t\t\tdata-wp-style--top=\"state.imageButtonTop\"\n\t\t>\n\t\t\t<svg xmlns=\"http:\/\/www.w3.org\/2000\/svg\" width=\"12\" height=\"12\" fill=\"none\" viewBox=\"0 0 12 12\">\n\t\t\t\t<path fill=\"#fff\" d=\"M2 0a2 2 0 0 0-2 2v2h1.5V2a.5.5 0 0 1 .5-.5h2V0H2Zm2 10.5H2a.5.5 0 0 1-.5-.5V8H0v2a2 2 0 0 0 2 2h2v-1.5ZM8 12v-1.5h2a.5.5 0 0 0 .5-.5V8H12v2a2 2 0 0 1-2 2H8Zm2-12a2 2 0 0 1 2 2v2h-1.5V2a.5.5 0 0 0-.5-.5H8V0h2Z\" \/>\n\t\t\t<\/svg>\n\t\t<\/button><figcaption class=\"wp-element-caption\"><strong>Pentagrama das Eras<\/strong><\/figcaption><\/figure>\n\n\n\n<p class=\"has-text-align-center has-small-font-size\">Incompatibilidade de camada de tinta no nome<\/p>\n<\/div>\n<\/div>\n","protected":false},"excerpt":{"rendered":"<p>Fifth Edition (1998) \u2013 Resumo de Erros de Impress\u00e3o em Chin\u00easN\u00famero de erros de impress\u00e3o: 7Idioma: Chin\u00eas SimplificadoAno de lan\u00e7amento: 1998Diferen\u00e7as de impress\u00e3o: v\u00e1rios erros Incompatibilidade de camada de tinta na linha de tipo Falta cr\u00e9dito do artista Custo de ativa\u00e7\u00e3o mostra a letra R Rara em vez de incomum Incompatibilidade de camada de tinta &#8230; <a title=\"Erros de Impress\u00e3o da Fifth Edition\" class=\"read-more\" href=\"https:\/\/chinesethegathering.com\/pt-pt\/erros-de-impressao-da-fifth-edition\/\" aria-label=\"Leia mais sobre Erros de Impress\u00e3o da Fifth Edition\">teste<\/a><\/p>\n","protected":false},"author":1,"featured_media":0,"parent":0,"menu_order":0,"comment_status":"closed","ping_status":"closed","template":"","meta":{"footnotes":""},"class_list":["post-7625","page","type-page","status-publish"],"_links":{"self":[{"href":"https:\/\/chinesethegathering.com\/pt-pt\/wp-json\/wp\/v2\/pages\/7625","targetHints":{"allow":["GET"]}}],"collection":[{"href":"https:\/\/chinesethegathering.com\/pt-pt\/wp-json\/wp\/v2\/pages"}],"about":[{"href":"https:\/\/chinesethegathering.com\/pt-pt\/wp-json\/wp\/v2\/types\/page"}],"author":[{"embeddable":true,"href":"https:\/\/chinesethegathering.com\/pt-pt\/wp-json\/wp\/v2\/users\/1"}],"replies":[{"embeddable":true,"href":"https:\/\/chinesethegathering.com\/pt-pt\/wp-json\/wp\/v2\/comments?post=7625"}],"version-history":[{"count":0,"href":"https:\/\/chinesethegathering.com\/pt-pt\/wp-json\/wp\/v2\/pages\/7625\/revisions"}],"wp:attachment":[{"href":"https:\/\/chinesethegathering.com\/pt-pt\/wp-json\/wp\/v2\/media?parent=7625"}],"curies":[{"name":"wp","href":"https:\/\/api.w.org\/{rel}","templated":true}]}}