{"id":3806,"date":"2026-02-28T19:13:46","date_gmt":"2026-02-28T19:13:46","guid":{"rendered":"https:\/\/chinesethegathering.com\/global-series\/"},"modified":"2026-03-01T07:05:54","modified_gmt":"2026-03-01T07:05:54","slug":"global-series","status":"publish","type":"page","link":"https:\/\/chinesethegathering.com\/pt-pt\/global-series\/","title":{"rendered":"Global Series"},"content":{"rendered":"\n<h2 class=\"wp-block-heading\">Global Series: Jiang Yanggu &amp; Mu Yanling<\/h2>\n\n<div class=\"wp-block-media-text has-media-on-the-right is-stacked-on-mobile\" style=\"grid-template-columns:auto 40%\"><div class=\"wp-block-media-text__content is-layout-flow wp-block-media-text-is-layout-flow\">\n<p><\/p>\n\n\n\n<p><strong>Global Series: Jiang Yanggu &amp; Mu Yanling<\/strong> \u00e9 um produto especial de Magic: The Gathering. Foi lan\u00e7ado em 2018 e foi concebido principalmente para o mercado chin\u00eas. <strong>  Foi apenas impresso em ingl\u00eas e chin\u00eas simplificado.<\/strong><\/p>\n\n\n\n<p>Ao contr\u00e1rio de uma cole\u00e7\u00e3o de expans\u00e3o normal, este produto cont\u00e9m dois baralhos de 60 cartas prontos a jogar em vez de pacotes de booster. Cada baralho \u00e9 constru\u00eddo em torno de um planeswalker diferente: <\/p>\n\n\n\n<ul class=\"wp-block-list\">\n<li><strong>Jiang Yanggu<\/strong><\/li>\n\n\n\n<li><strong>Mu Yanling<\/strong><\/li>\n<\/ul>\n\n\n\n<p>Estas personagens foram criadas para refletir temas e a mitologia chinesa dentro do universo Magic.<\/p>\n<\/div><figure class=\"wp-block-media-text__media\"><img loading=\"lazy\" decoding=\"async\" width=\"522\" height=\"382\" src=\"https:\/\/chinesethegathering.com\/wp-content\/uploads\/2026\/02\/35971708_2163364983678903_8699304731601797120_n-e1772306064395.avif\" alt=\"\" class=\"wp-image-3639 size-full\" srcset=\"https:\/\/chinesethegathering.com\/wp-content\/uploads\/2026\/02\/35971708_2163364983678903_8699304731601797120_n-e1772306064395.avif 522w, https:\/\/chinesethegathering.com\/wp-content\/uploads\/2026\/02\/35971708_2163364983678903_8699304731601797120_n-e1772306064395-300x220.avif 300w\" sizes=\"auto, (max-width: 522px) 100vw, 522px\" \/><\/figure><\/div>\n\n<p><strong>Global Series: Jiang Yanggu &amp; Mu Yanling <\/strong>\u00e9 o \u00fanico produto no Scryfall lan\u00e7ado exclusivamente para os mercados ingl\u00eas e chin\u00eas:<\/p>\n\n<figure class=\"wp-block-image\"><img loading=\"lazy\" decoding=\"async\" width=\"1006\" height=\"33\" src=\"https:\/\/chinesethegathering.com\/wp-content\/uploads\/2026\/02\/image-13.avif\" alt=\"\" class=\"wp-image-3673\" srcset=\"https:\/\/chinesethegathering.com\/wp-content\/uploads\/2026\/02\/image-13.avif 1006w, https:\/\/chinesethegathering.com\/wp-content\/uploads\/2026\/02\/image-13-300x10.avif 300w, https:\/\/chinesethegathering.com\/wp-content\/uploads\/2026\/02\/image-13-768x25.avif 768w\" sizes=\"auto, (max-width: 1006px) 100vw, 1006px\" \/><\/figure>\n\n<hr class=\"wp-block-separator has-alpha-channel-opacity\"\/>\n\n<h2 class=\"wp-block-heading\">Uma caixa chinesa \u00fanica<\/h2>\n\n<p>Um dos aspetos mais interessantes deste produto \u00e9 a <strong>embalagem da edi\u00e7\u00e3o chinesa<\/strong>.<\/p>\n\n<div class=\"wp-block-media-text is-stacked-on-mobile\" style=\"grid-template-columns:40% auto\"><figure class=\"wp-block-media-text__media\"><img loading=\"lazy\" decoding=\"async\" width=\"746\" height=\"334\" src=\"https:\/\/chinesethegathering.com\/wp-content\/uploads\/2026\/02\/image-12.avif\" alt=\"\" class=\"wp-image-3661 size-full\" srcset=\"https:\/\/chinesethegathering.com\/wp-content\/uploads\/2026\/02\/image-12.avif 746w, https:\/\/chinesethegathering.com\/wp-content\/uploads\/2026\/02\/image-12-300x134.avif 300w\" sizes=\"auto, (max-width: 746px) 100vw, 746px\" \/><\/figure><div class=\"wp-block-media-text__content is-layout-flow wp-block-media-text-is-layout-flow\">\n<p>A caixa chinesa \u00e9 \u00fanica porque:<\/p>\n\n\n\n<ul class=\"wp-block-list\">\n<li>Representa um dos primeiros grandes produtos de Magic criados com um foco regional claro.<\/li>\n\n\n\n<li>Foi concebida especificamente para o mercado chin\u00eas.<\/li>\n\n\n\n<li>A disposi\u00e7\u00e3o da arte difere da vers\u00e3o internacional.<\/li>\n\n\n\n<li>A apresenta\u00e7\u00e3o do produto enfatiza os dois planeswalkers com mais for\u00e7a.<\/li>\n<\/ul>\n<\/div><\/div>\n\n<p><\/p>\n\n<p>Isto torna a vers\u00e3o chinesa historicamente importante. N\u00e3o \u00e9 apenas um produto traduzido \u2014 reflete a estrat\u00e9gia da Wizards of the Coast para se ligar diretamente aos jogadores chineses. <\/p>\n\n<div class=\"wp-block-media-text has-media-on-the-right is-stacked-on-mobile\" style=\"grid-template-columns:auto 20%\"><div class=\"wp-block-media-text__content is-layout-flow wp-block-media-text-is-layout-flow\">\n<p>Para compara\u00e7\u00e3o, aqui est\u00e1 a vers\u00e3o internacional da caixa de <strong>Global Series: Jiang Yanggu &amp; Mu Yanling<\/strong>.<\/p>\n<\/div><figure class=\"wp-block-media-text__media\"><img loading=\"lazy\" decoding=\"async\" width=\"1024\" height=\"1024\" src=\"https:\/\/chinesethegathering.com\/wp-content\/uploads\/2026\/03\/89ff4e12-8a3e-55f3-87be-e932bbf958c4__01807-1024x1024.avif\" alt=\"\" class=\"wp-image-3682 size-full\" srcset=\"https:\/\/chinesethegathering.com\/wp-content\/uploads\/2026\/03\/89ff4e12-8a3e-55f3-87be-e932bbf958c4__01807-1024x1024.avif 1024w, https:\/\/chinesethegathering.com\/wp-content\/uploads\/2026\/03\/89ff4e12-8a3e-55f3-87be-e932bbf958c4__01807-300x300.avif 300w, https:\/\/chinesethegathering.com\/wp-content\/uploads\/2026\/03\/89ff4e12-8a3e-55f3-87be-e932bbf958c4__01807-150x150.avif 150w, https:\/\/chinesethegathering.com\/wp-content\/uploads\/2026\/03\/89ff4e12-8a3e-55f3-87be-e932bbf958c4__01807-768x768.avif 768w, https:\/\/chinesethegathering.com\/wp-content\/uploads\/2026\/03\/89ff4e12-8a3e-55f3-87be-e932bbf958c4__01807.avif 1280w\" sizes=\"auto, (max-width: 1024px) 100vw, 1024px\" \/><\/figure><\/div>\n\n<p>Para os colecionadores, a caixa chinesa destaca-se como um lan\u00e7amento regional distinto, e n\u00e3o apenas como mais uma variante de idioma.<\/p>\n\n<hr class=\"wp-block-separator has-alpha-channel-opacity\"\/>\n\n<h2 class=\"wp-block-heading\">O que est\u00e1 l\u00e1 dentro?<\/h2>\n\n<p>O produto inclui:<\/p>\n\n<ul class=\"wp-block-list\">\n<li>2 baralhos completos de 60 cartas<\/li>\n\n\n\n<li>2 cartas de planeswalker premium foil<\/li>\n\n\n\n<li>Guias de regras ideais para principiantes<\/li>\n\n\n\n<li>V\u00e1rias cartas exclusivas deste lan\u00e7amento<\/li>\n<\/ul>\n\n<p>Muitas das cartas n\u00e3o foram impressas em cole\u00e7\u00f5es de expans\u00e3o regulares na altura, tornando o produto \u00fanico no seu design e identidade.<\/p>\n\n<h2 class=\"wp-block-heading\">A Ficha Exclusiva<\/h2>\n\n<p>Outro detalhe interessante de <em>Global Series: Jiang Yanggu &amp; Mu Yanling<\/em> \u00e9 a <strong>ficha exclusiva de dupla face<\/strong> inclu\u00edda no produto. Esta ficha foi desenhada especificamente para este lan\u00e7amento e n\u00e3o fez parte de uma cole\u00e7\u00e3o de expans\u00e3o regular. Reflete o tema e as mec\u00e2nicas dos dois baralhos, especialmente a liga\u00e7\u00e3o de Jiang Yanggu com as criaturas e o controlo de Mu Yanling sobre a \u00e1gua.  <\/p>\n\n<div class=\"wp-block-columns is-layout-flex wp-container-core-columns-is-layout-9d6595d7 wp-block-columns-is-layout-flex\">\n<div class=\"wp-block-column is-layout-flow wp-block-column-is-layout-flow\"><div class=\"wp-block-image\">\n<figure data-wp-context=\"{&quot;imageId&quot;:&quot;69d008ded5660&quot;}\" data-wp-interactive=\"core\/image\" data-wp-key=\"69d008ded5660\" class=\"alignright size-medium wp-lightbox-container\"><img loading=\"lazy\" decoding=\"async\" width=\"212\" height=\"300\" data-wp-class--hide=\"state.isContentHidden\" data-wp-class--show=\"state.isContentVisible\" data-wp-init=\"callbacks.setButtonStyles\" data-wp-on--click=\"actions.showLightbox\" data-wp-on--load=\"callbacks.setButtonStyles\" data-wp-on-window--resize=\"callbacks.setButtonStyles\" src=\"https:\/\/chinesethegathering.com\/wp-content\/uploads\/2026\/02\/Capture-decran-2026-02-28-205350-212x300.avif\" alt=\"\" class=\"wp-image-3655\" srcset=\"https:\/\/chinesethegathering.com\/wp-content\/uploads\/2026\/02\/Capture-decran-2026-02-28-205350-212x300.avif 212w, https:\/\/chinesethegathering.com\/wp-content\/uploads\/2026\/02\/Capture-decran-2026-02-28-205350.avif 428w\" sizes=\"auto, (max-width: 212px) 100vw, 212px\" \/><button\n\t\t\tclass=\"lightbox-trigger\"\n\t\t\ttype=\"button\"\n\t\t\taria-haspopup=\"dialog\"\n\t\t\taria-label=\"Ampliar\"\n\t\t\tdata-wp-init=\"callbacks.initTriggerButton\"\n\t\t\tdata-wp-on--click=\"actions.showLightbox\"\n\t\t\tdata-wp-style--right=\"state.imageButtonRight\"\n\t\t\tdata-wp-style--top=\"state.imageButtonTop\"\n\t\t>\n\t\t\t<svg xmlns=\"http:\/\/www.w3.org\/2000\/svg\" width=\"12\" height=\"12\" fill=\"none\" viewBox=\"0 0 12 12\">\n\t\t\t\t<path fill=\"#fff\" d=\"M2 0a2 2 0 0 0-2 2v2h1.5V2a.5.5 0 0 1 .5-.5h2V0H2Zm2 10.5H2a.5.5 0 0 1-.5-.5V8H0v2a2 2 0 0 0 2 2h2v-1.5ZM8 12v-1.5h2a.5.5 0 0 0 .5-.5V8H12v2a2 2 0 0 1-2 2H8Zm2-12a2 2 0 0 1 2 2v2h-1.5V2a.5.5 0 0 0-.5-.5H8V0h2Z\" \/>\n\t\t\t<\/svg>\n\t\t<\/button><\/figure>\n<\/div><\/div>\n\n\n\n<div class=\"wp-block-column is-layout-flow wp-block-column-is-layout-flow\"><div class=\"wp-block-image\">\n<figure data-wp-context=\"{&quot;imageId&quot;:&quot;69d008ded5eed&quot;}\" data-wp-interactive=\"core\/image\" data-wp-key=\"69d008ded5eed\" class=\"alignleft size-medium wp-lightbox-container\"><img loading=\"lazy\" decoding=\"async\" width=\"217\" height=\"300\" data-wp-class--hide=\"state.isContentHidden\" data-wp-class--show=\"state.isContentVisible\" data-wp-init=\"callbacks.setButtonStyles\" data-wp-on--click=\"actions.showLightbox\" data-wp-on--load=\"callbacks.setButtonStyles\" data-wp-on-window--resize=\"callbacks.setButtonStyles\" src=\"https:\/\/chinesethegathering.com\/wp-content\/uploads\/2026\/02\/Capture-decran-2026-02-28-205418-217x300.avif\" alt=\"\" class=\"wp-image-3654\" srcset=\"https:\/\/chinesethegathering.com\/wp-content\/uploads\/2026\/02\/Capture-decran-2026-02-28-205418-217x300.avif 217w, https:\/\/chinesethegathering.com\/wp-content\/uploads\/2026\/02\/Capture-decran-2026-02-28-205418.avif 431w\" sizes=\"auto, (max-width: 217px) 100vw, 217px\" \/><button\n\t\t\tclass=\"lightbox-trigger\"\n\t\t\ttype=\"button\"\n\t\t\taria-haspopup=\"dialog\"\n\t\t\taria-label=\"Ampliar\"\n\t\t\tdata-wp-init=\"callbacks.initTriggerButton\"\n\t\t\tdata-wp-on--click=\"actions.showLightbox\"\n\t\t\tdata-wp-style--right=\"state.imageButtonRight\"\n\t\t\tdata-wp-style--top=\"state.imageButtonTop\"\n\t\t>\n\t\t\t<svg xmlns=\"http:\/\/www.w3.org\/2000\/svg\" width=\"12\" height=\"12\" fill=\"none\" viewBox=\"0 0 12 12\">\n\t\t\t\t<path fill=\"#fff\" d=\"M2 0a2 2 0 0 0-2 2v2h1.5V2a.5.5 0 0 1 .5-.5h2V0H2Zm2 10.5H2a.5.5 0 0 1-.5-.5V8H0v2a2 2 0 0 0 2 2h2v-1.5ZM8 12v-1.5h2a.5.5 0 0 0 .5-.5V8H12v2a2 2 0 0 1-2 2H8Zm2-12a2 2 0 0 1 2 2v2h-1.5V2a.5.5 0 0 0-.5-.5H8V0h2Z\" \/>\n\t\t\t<\/svg>\n\t\t<\/button><\/figure>\n<\/div><\/div>\n<\/div>\n\n<p>Para os colecionadores, esta ficha \u00e9 importante porque representa uma impress\u00e3o espec\u00edfica do produto, o que significa que n\u00e3o pode ser encontrada em pacotes de booster de cole\u00e7\u00f5es padr\u00e3o. Como resultado, adiciona uma pequena mas significativa camada de exclusividade \u00e0 caixa da Global Series. Com o tempo, estes itens exclusivos tornam-se frequentemente pe\u00e7as not\u00e1veis para colecionadores focados em produtos de Magic regionais ou limitados.  <\/p>\n","protected":false},"excerpt":{"rendered":"<p>Global Series: Jiang Yanggu &amp; Mu Yanling Global Series: Jiang Yanggu &amp; Mu Yanling \u00e9 o \u00fanico produto no Scryfall lan\u00e7ado exclusivamente para os mercados ingl\u00eas e chin\u00eas: Uma caixa chinesa \u00fanica Um dos aspetos mais interessantes deste produto \u00e9 a embalagem da edi\u00e7\u00e3o chinesa. Isto torna a vers\u00e3o chinesa historicamente importante. N\u00e3o \u00e9 apenas &#8230; <a title=\"Global Series\" class=\"read-more\" href=\"https:\/\/chinesethegathering.com\/pt-pt\/global-series\/\" aria-label=\"Leia mais sobre Global Series\">teste<\/a><\/p>\n","protected":false},"author":1,"featured_media":3809,"parent":0,"menu_order":0,"comment_status":"closed","ping_status":"closed","template":"","meta":{"footnotes":""},"class_list":["post-3806","page","type-page","status-publish","has-post-thumbnail"],"_links":{"self":[{"href":"https:\/\/chinesethegathering.com\/pt-pt\/wp-json\/wp\/v2\/pages\/3806","targetHints":{"allow":["GET"]}}],"collection":[{"href":"https:\/\/chinesethegathering.com\/pt-pt\/wp-json\/wp\/v2\/pages"}],"about":[{"href":"https:\/\/chinesethegathering.com\/pt-pt\/wp-json\/wp\/v2\/types\/page"}],"author":[{"embeddable":true,"href":"https:\/\/chinesethegathering.com\/pt-pt\/wp-json\/wp\/v2\/users\/1"}],"replies":[{"embeddable":true,"href":"https:\/\/chinesethegathering.com\/pt-pt\/wp-json\/wp\/v2\/comments?post=3806"}],"version-history":[{"count":0,"href":"https:\/\/chinesethegathering.com\/pt-pt\/wp-json\/wp\/v2\/pages\/3806\/revisions"}],"wp:featuredmedia":[{"embeddable":true,"href":"https:\/\/chinesethegathering.com\/pt-pt\/wp-json\/wp\/v2\/media\/3809"}],"wp:attachment":[{"href":"https:\/\/chinesethegathering.com\/pt-pt\/wp-json\/wp\/v2\/media?parent=3806"}],"curies":[{"name":"wp","href":"https:\/\/api.w.org\/{rel}","templated":true}]}}