{"id":2498,"date":"2026-02-22T10:59:55","date_gmt":"2026-02-22T10:59:55","guid":{"rendered":"https:\/\/chinesethegathering.com\/como-construir-um-conjunto-de-magic-the-gathering\/"},"modified":"2026-02-27T21:41:53","modified_gmt":"2026-02-27T21:41:53","slug":"como-construir-um-conjunto-de-magic-the-gathering","status":"publish","type":"page","link":"https:\/\/chinesethegathering.com\/pt-pt\/como-construir-um-conjunto-de-magic-the-gathering\/","title":{"rendered":"Como construir um conjunto"},"content":{"rendered":"\n<h2 class=\"wp-block-heading\">Porque faz sentido colecionar conjuntos completos<\/h2>\n\n<div class=\"wp-block-media-text is-stacked-on-mobile\" style=\"grid-template-columns:40% auto\"><figure class=\"wp-block-media-text__media\"><img loading=\"lazy\" decoding=\"async\" width=\"477\" height=\"258\" src=\"https:\/\/chinesethegathering.com\/wp-content\/uploads\/2026\/02\/Capture-decran-2026-02-22-115349.avif\" alt=\"\" class=\"wp-image-1513 size-full\" srcset=\"https:\/\/chinesethegathering.com\/wp-content\/uploads\/2026\/02\/Capture-decran-2026-02-22-115349.avif 477w, https:\/\/chinesethegathering.com\/wp-content\/uploads\/2026\/02\/Capture-decran-2026-02-22-115349-300x162.avif 300w\" sizes=\"auto, (max-width: 477px) 100vw, 477px\" \/><\/figure><div class=\"wp-block-media-text__content is-layout-flow wp-block-media-text-is-layout-flow\">\n<p>Hoje em dia, colecionar conjuntos completos j\u00e1 n\u00e3o \u00e9 muito popular. A maioria dos colecionadores foca-se em cartas individuais caras. No entanto, \u00e9 prov\u00e1vel que esta tend\u00eancia mude nos pr\u00f3ximos anos por <strong>raz\u00f5es demogr\u00e1ficas, sociais e econ\u00f3micas<\/strong>.  <\/p>\n\n\n\n<p>\u00c0 medida que os jogadores envelhecem, muitos preferem colecionar em vez de jogar ativamente. Al\u00e9m disso, as cartas de Magic est\u00e3o lentamente a tornar-se <strong>objetos hist\u00f3ricos de cole\u00e7\u00e3o<\/strong>, semelhantes a bandas desenhadas cl\u00e1ssicas, brinquedos vintage ou at\u00e9 belas-artes no mundo moderno <\/p>\n<\/div><\/div>\n\n<p><\/p>\n\n<p>No futuro, <strong>as primeiras cartas de Magic: The Gathering poder\u00e3o ser vistas como as \u201cpinturas-mestras\u201d dos jogos de cartas colecion\u00e1veis.<\/strong><\/p>\n\n<h2 class=\"wp-block-heading\">Os conjuntos em ingl\u00eas perderam parte do seu apelo depois de 2000<\/h2>\n\n<p>Colecionar conjuntos em ingl\u00eas mudou significativamente em 2000 com a chegada do <strong>Magic Online Redemption Program<\/strong>. A partir do conjunto <em>Invasion<\/em>, os jogadores podiam resgatar conjuntos digitais completos e receber conjuntos f\u00edsicos completos (vers\u00f5es normal e foil). <\/p>\n\n<p>Isto significa:<\/p>\n\n<ul class=\"wp-block-list\">\n<li>Muitos conjuntos em ingl\u00eas ap\u00f3s 2000 foram produzidos em grandes quantidades<\/li>\n\n\n\n<li>Deixaram de exigir a abertura de caixas de boosters para serem completados<\/li>\n<\/ul>\n\n<p>Como resultado, s\u00f3 os <strong>conjuntos em ingl\u00eas anteriores a 2000<\/strong> exigiam verdadeiramente uma cole\u00e7\u00e3o org\u00e2nica a partir de boosters. Dito isto, colecionar conjuntos em ingl\u00eas continua a ser divertido e desafiante, especialmente os mais antigos, e tamb\u00e9m os modernos agora que o programa de resgate terminou e as artes alternativas se tornaram mais comuns. <\/p>\n\n<h2 class=\"wp-block-heading\">O valor especial dos conjuntos em l\u00ednguas estrangeiras<\/h2>\n\n<p>A maioria dos criadores de conte\u00fado de Magic foca-se quase exclusivamente em cartas em ingl\u00eas.<\/p>\n\n<p>Mas os falantes de ingl\u00eas <strong>n\u00e3o s\u00e3o a maioria da popula\u00e7\u00e3o mundial<\/strong> \u2014 e o n\u00famero de colecionadores que l\u00eaem outras l\u00ednguas est\u00e1 sempre a crescer.<\/p>\n\n<p>Em muitas regi\u00f5es (\u00c1sia, Europa, Am\u00e9rica do Sul):<\/p>\n\n<ul class=\"wp-block-list\">\n<li>Os jogadores falam frequentemente duas l\u00ednguas (a sua l\u00edngua materna + ingl\u00eas)<\/li>\n\n\n\n<li>Jogavam Magic tanto com cartas em ingl\u00eas como com cartas na sua pr\u00f3pria l\u00edngua<\/li>\n<\/ul>\n\n<p>Por isso, muitos colecionadores sentem uma forte liga\u00e7\u00e3o emocional \u00e0s cartas na sua l\u00edngua materna.<\/p>\n\n<div class=\"wp-block-media-text is-stacked-on-mobile\" style=\"grid-template-columns:40% auto\"><figure class=\"wp-block-media-text__media\"><img loading=\"lazy\" decoding=\"async\" width=\"488\" height=\"240\" src=\"https:\/\/chinesethegathering.com\/wp-content\/uploads\/2026\/02\/Capture-decran-2026-02-22-115128.avif\" alt=\"\" class=\"wp-image-1508 size-full\" srcset=\"https:\/\/chinesethegathering.com\/wp-content\/uploads\/2026\/02\/Capture-decran-2026-02-22-115128.avif 488w, https:\/\/chinesethegathering.com\/wp-content\/uploads\/2026\/02\/Capture-decran-2026-02-22-115128-300x148.avif 300w\" sizes=\"auto, (max-width: 488px) 100vw, 488px\" \/><\/figure><div class=\"wp-block-media-text__content is-layout-flow wp-block-media-text-is-layout-flow\">\n<p><\/p>\n\n\n\n<p>As cartas em l\u00ednguas estrangeiras s\u00e3o normalmente <strong>muito mais raras do que as cartas em ingl\u00eas<\/strong> porque:<\/p>\n\n\n\n<ul class=\"wp-block-list\">\n<li>Tiragens mais pequenas<\/li>\n\n\n\n<li>Sem grandes programas de resgate como os conjuntos em ingl\u00eas tinham<\/li>\n<\/ul>\n\n\n\n<p>Isto torna os conjuntos completos em l\u00ednguas estrangeiras especialmente atrativos para colecionadores de longo prazo.<\/p>\n<\/div><\/div>\n\n<h2 class=\"wp-block-heading\">Tr\u00eas formas de construir um conjunto (do mais f\u00e1cil ao mais hardcore)<\/h2>\n\n<h3 class=\"wp-block-heading\">1. O m\u00e9todo direto (r\u00e1pido, mas menos divertido)<\/h3>\n\n<p>Compras um conjunto completo online ou numa loja local.<\/p>\n\n<p>Alguns sites permitem-te adicionar automaticamente ao carrinho todas as cartas de um conjunto. Outros vendem conjuntos completos j\u00e1 prontos. <\/p>\n\n<ul class=\"wp-block-list\">\n<li>pr\u00f3s: R\u00e1pido e eficiente<\/li>\n\n\n\n<li>contras: Pouco emocionante ou recompensador<\/li>\n<\/ul>\n\n<h3 class=\"wp-block-heading\">2. O m\u00e9todo divertido (a nossa forma recomendada)<\/h3>\n\n<p>Esta \u00e9 a nossa abordagem favorita. Compra uma ou mais <strong>caixas de boosters<\/strong> do teu conjunto preferido e come\u00e7a a construir a partir da\u00ed. Em m\u00e9dia, uma caixa de boosters d\u00e1-te aproximadamente:  <\/p>\n\n<ul class=\"wp-block-list\">\n<li>~400 comuns<\/li>\n\n\n\n<li>~100 incomuns<\/li>\n\n\n\n<li>~36 raras ou m\u00edticas<\/li>\n<\/ul>\n\n<p>Isto costuma cobrir <strong>mais de metade do conjunto<\/strong>, incluindo muitas terras b\u00e1sicas. Curiosamente, as terras b\u00e1sicas e os tokens podem ser alguns dos itens mais dif\u00edceis de encontrar individualmente \u2014 porque as pessoas raramente os vendem. As caixas de boosters incluem muitas vezes muitos deles, o que \u00e9 uma grande vantagem.  <\/p>\n\n<p>Acreditamos firmemente que as caixas de boosters de Magic foram feitas para serem <strong>abertas e desfrutadas<\/strong>, n\u00e3o para ficarem guardadas para sempre em prateleiras.<\/p>\n\n<p>Depois de abrir:<\/p>\n\n<ul class=\"wp-block-list\">\n<li>Faz uma lista das cartas em falta,<\/li>\n\n\n\n<li>Compra o resto como singles online ou em lojas locais<\/li>\n<\/ul>\n\n<p>Este m\u00e9todo combina <strong>divers\u00e3o, nostalgia e um custo razo\u00e1vel<\/strong> e ainda ficas com a caixa de boosters vazia como item de cole\u00e7\u00e3o.<\/p>\n\n<h3 class=\"wp-block-heading\">3. O m\u00e9todo do colecionador hardcore<\/h3>\n\n<p>Tamb\u00e9m podes construir um conjunto inteiramente ao:<\/p>\n\n<ul class=\"wp-block-list\">\n<li>Comprar cada carta individualmente,<\/li>\n\n\n\n<li>Procurar lotes e cole\u00e7\u00f5es online.<\/li>\n<\/ul>\n\n<p>Isto exige mais tempo e esfor\u00e7o, mas \u00e9 extremamente satisfat\u00f3rio para verdadeiros colecionadores.<\/p>\n\n<hr class=\"wp-block-separator has-alpha-channel-opacity\"\/>\n\n<h2 class=\"wp-block-heading\">Considera\u00e7\u00f5es finais<\/h2>\n\n<div class=\"wp-block-media-text is-stacked-on-mobile\" style=\"grid-template-columns:25% auto\"><figure class=\"wp-block-media-text__media\"><img loading=\"lazy\" decoding=\"async\" width=\"1024\" height=\"683\" src=\"https:\/\/chinesethegathering.com\/wp-content\/uploads\/2026\/02\/d9102a9a-0d8f-4eb5-a4cd-4cc185e75406-1-1024x683.avif\" alt=\"\" class=\"wp-image-1498 size-full\" srcset=\"https:\/\/chinesethegathering.com\/wp-content\/uploads\/2026\/02\/d9102a9a-0d8f-4eb5-a4cd-4cc185e75406-1-1024x683.avif 1024w, https:\/\/chinesethegathering.com\/wp-content\/uploads\/2026\/02\/d9102a9a-0d8f-4eb5-a4cd-4cc185e75406-1-300x200.avif 300w, https:\/\/chinesethegathering.com\/wp-content\/uploads\/2026\/02\/d9102a9a-0d8f-4eb5-a4cd-4cc185e75406-1-768x512.avif 768w, https:\/\/chinesethegathering.com\/wp-content\/uploads\/2026\/02\/d9102a9a-0d8f-4eb5-a4cd-4cc185e75406-1.avif 1536w\" sizes=\"auto, (max-width: 1024px) 100vw, 1024px\" \/><\/figure><div class=\"wp-block-media-text__content is-layout-flow wp-block-media-text-is-layout-flow\">\n<p class=\"has-text-align-left\">Esperamos que este artigo te incentive a come\u00e7ar a construir conjuntos completos. Sempre que poss\u00edvel, tenta colecionar as tuas eras favoritas de Magic na tua l\u00edngua materna. Vais redescobrir o prazer de abrir boosters, completar cole\u00e7\u00f5es e ter verdadeiros objetos hist\u00f3ricos de cole\u00e7\u00e3o \u2014 e n\u00e3o apenas cartas individuais caras.  <\/p>\n\n\n\n<p>Com o tempo, os conjuntos completos (especialmente em l\u00ednguas raras) podem tornar-se algumas das cole\u00e7\u00f5es de Magic mais valiosas e significativas do mundo.<\/p>\n<\/div><\/div>\n","protected":false},"excerpt":{"rendered":"<p>Porque faz sentido colecionar conjuntos completos Hoje em dia, colecionar conjuntos completos j\u00e1 n\u00e3o \u00e9 muito popular. A maioria dos colecionadores foca-se em cartas individuais caras. No entanto, \u00e9 prov\u00e1vel que esta tend\u00eancia mude nos pr\u00f3ximos anos por raz\u00f5es demogr\u00e1ficas, sociais e econ\u00f3micas. \u00c0 medida que os jogadores envelhecem, muitos preferem colecionar em vez de &#8230; <a title=\"Como construir um conjunto\" class=\"read-more\" href=\"https:\/\/chinesethegathering.com\/pt-pt\/como-construir-um-conjunto-de-magic-the-gathering\/\" aria-label=\"Leia mais sobre Como construir um conjunto\">teste<\/a><\/p>\n","protected":false},"author":1,"featured_media":2500,"parent":0,"menu_order":0,"comment_status":"closed","ping_status":"closed","template":"","meta":{"footnotes":""},"class_list":["post-2498","page","type-page","status-publish","has-post-thumbnail"],"_links":{"self":[{"href":"https:\/\/chinesethegathering.com\/pt-pt\/wp-json\/wp\/v2\/pages\/2498","targetHints":{"allow":["GET"]}}],"collection":[{"href":"https:\/\/chinesethegathering.com\/pt-pt\/wp-json\/wp\/v2\/pages"}],"about":[{"href":"https:\/\/chinesethegathering.com\/pt-pt\/wp-json\/wp\/v2\/types\/page"}],"author":[{"embeddable":true,"href":"https:\/\/chinesethegathering.com\/pt-pt\/wp-json\/wp\/v2\/users\/1"}],"replies":[{"embeddable":true,"href":"https:\/\/chinesethegathering.com\/pt-pt\/wp-json\/wp\/v2\/comments?post=2498"}],"version-history":[{"count":0,"href":"https:\/\/chinesethegathering.com\/pt-pt\/wp-json\/wp\/v2\/pages\/2498\/revisions"}],"wp:featuredmedia":[{"embeddable":true,"href":"https:\/\/chinesethegathering.com\/pt-pt\/wp-json\/wp\/v2\/media\/2500"}],"wp:attachment":[{"href":"https:\/\/chinesethegathering.com\/pt-pt\/wp-json\/wp\/v2\/media?parent=2498"}],"curies":[{"name":"wp","href":"https:\/\/api.w.org\/{rel}","templated":true}]}}