{"id":2277,"date":"2026-02-11T20:18:55","date_gmt":"2026-02-11T20:18:55","guid":{"rendered":"https:\/\/chinesethegathering.com\/porque-chines-tradicional\/"},"modified":"2026-03-24T20:58:39","modified_gmt":"2026-03-24T20:58:39","slug":"porque-chines-tradicional","status":"publish","type":"page","link":"https:\/\/chinesethegathering.com\/pt-pt\/porque-chines-tradicional\/","title":{"rendered":"Porqu\u00ea chin\u00eas tradicional"},"content":{"rendered":"\n<h3 class=\"wp-block-heading\">A melhor escolha: porqu\u00ea Chin\u00eas Tradicional?<\/h3>\n\n<div class=\"wp-block-group is-nowrap is-layout-flex wp-container-core-group-is-layout-ad2f72ca wp-block-group-is-layout-flex\">\n<p>Ao construir uma grande cole\u00e7\u00e3o, tens de fazer escolhas. Embora o nosso arquivo mostre muitas cartas chinesas, <strong>a nossa cole\u00e7\u00e3o foca-se apenas em Chin\u00eas Tradicional<\/strong>. Para quem est\u00e1 a come\u00e7ar, a diferen\u00e7a entre Chin\u00eas Simplificado e Tradicional pode parecer pequena. Para especialistas, \u00e9 a diferen\u00e7a entre uma carta comum e uma obra de arte. Aqui est\u00e1 a raz\u00e3o pela qual o Chin\u00eas Tradicional \u00e9 o melhor para colecionadores.    <\/p>\n<\/div>\n\n<p><\/p>\n\n<h3 class=\"wp-block-heading\">O aumento da raridade das cartas<\/h3>\n\n<p><\/p>\n\n<p>Enquanto muitas cartas em Ingl\u00eas e Chin\u00eas Simplificado foram impressas, as cartas em Chin\u00eas Tradicional permaneceram muito raras. De 2012 a 2019, muitas cartas foram impressas em todas as l\u00ednguas, incluindo Chin\u00eas Tradicional.  <\/p>\n\n<p>Mas a partir de 2019, o mercado mudou. Nos \u00faltimos anos antes de 2022, os conjuntos em Chin\u00eas Tradicional tornaram-se muito dif\u00edceis de encontrar. Ao contr\u00e1rio de outras l\u00ednguas, o Chin\u00eas Tradicional nunca teve caixas de boosters especiais no estilo moderno. Isto faz com que pare\u00e7am um fantasma\u2014dif\u00edceis de encontrar. Encontrar vers\u00f5es com arte especial em Chin\u00eas Tradicional \u00e9 um enorme desafio.    <\/p>\n\n<div class=\"wp-block-media-text is-stacked-on-mobile\" style=\"grid-template-columns:15% auto\"><figure class=\"wp-block-media-text__media\"><img loading=\"lazy\" decoding=\"async\" width=\"672\" height=\"936\" src=\"https:\/\/chinesethegathering.com\/wp-content\/uploads\/2026\/02\/snc-452-gala-greeters.avif\" alt=\"\" class=\"wp-image-201 size-full\" srcset=\"https:\/\/chinesethegathering.com\/wp-content\/uploads\/2026\/02\/snc-452-gala-greeters.avif 672w, https:\/\/chinesethegathering.com\/wp-content\/uploads\/2026\/02\/snc-452-gala-greeters-215x300.avif 215w\" sizes=\"auto, (max-width: 672px) 100vw, 672px\" \/><\/figure><div class=\"wp-block-media-text__content is-layout-flow wp-block-media-text-is-layout-flow\">\n<p class=\"has-text-align-left has-base-2-background-color has-background\"><strong>Perspetiva de Mercado:<\/strong> N\u00e3o \u00e9 surpresa que a vers\u00e3o mais cara do Box Topper Recepcionistas do Baile de Streets of New Capenna seja a de Chin\u00eas Tradicional. A escassez cria valor, e o Chin\u00eas Tradicional \u00e9 o rei das cartas modernas raras. <\/p>\n\n\n\n<p class=\"has-small-font-size\"><em>Sabias? Existem apenas 2 box toppers russos conhecidos no mundo, provenientes de caixas nunca lan\u00e7adas oficialmente. O seu pre\u00e7o provavelmente atinge dezenas ou at\u00e9 centenas de milhares de d\u00f3lares  <\/em><\/p>\n<\/div><\/div>\n\n<p><\/p>\n\n<h3 class=\"wp-block-heading\">Um peda\u00e7o de Hist\u00f3ria<\/h3>\n\n<div class=\"wp-block-media-text has-media-on-the-right is-stacked-on-mobile\" style=\"grid-template-columns:auto 38%\"><div class=\"wp-block-media-text__content is-layout-flow wp-block-media-text-is-layout-flow\">\n<p>O Chin\u00eas Tradicional tem uma profunda sensibilidade art\u00edstica. \u00c9 uma escrita complexa e bela que exige habilidade para ler. Enquanto o Chin\u00eas Simplificado foi criado para velocidade e facilidade, o Chin\u00eas Tradicional mant\u00e9m a ess\u00eancia dos caracteres.   <\/p>\n\n\n\n<p>Para um colecionador, <strong>representa alta arte<\/strong>. Honra milhares de anos de cultura chinesa de uma forma que a escrita simplificada n\u00e3o consegue. \u00c9 a \u201cEscrita dos Eruditos\"\u2014mais dif\u00edcil de aprender, mais dif\u00edcil de imprimir e muito mais prestigiante de exibir.  <\/p>\n<\/div><figure class=\"wp-block-media-text__media\"><img loading=\"lazy\" decoding=\"async\" width=\"1024\" height=\"683\" src=\"https:\/\/chinesethegathering.com\/wp-content\/uploads\/2026\/02\/ad28dcbf-d7cd-43b1-9eb1-31afaca9a8da-1-1024x683.avif\" alt=\"\" class=\"wp-image-172 size-full\" srcset=\"https:\/\/chinesethegathering.com\/wp-content\/uploads\/2026\/02\/ad28dcbf-d7cd-43b1-9eb1-31afaca9a8da-1-1024x683.avif 1024w, https:\/\/chinesethegathering.com\/wp-content\/uploads\/2026\/02\/ad28dcbf-d7cd-43b1-9eb1-31afaca9a8da-1-300x200.avif 300w, https:\/\/chinesethegathering.com\/wp-content\/uploads\/2026\/02\/ad28dcbf-d7cd-43b1-9eb1-31afaca9a8da-1-768x512.avif 768w, https:\/\/chinesethegathering.com\/wp-content\/uploads\/2026\/02\/ad28dcbf-d7cd-43b1-9eb1-31afaca9a8da-1.avif 1536w\" sizes=\"auto, (max-width: 1024px) 100vw, 1024px\" \/><\/figure><\/div>\n\n<p><\/p>\n\n<h3 class=\"wp-block-heading\">O fator \u201cShakespeare\"<\/h3>\n\n<p>Para falantes de Ingl\u00eas, a diferen\u00e7a pode ser dif\u00edcil de compreender. Imagina se Magic fosse impresso em duas vers\u00f5es de Ingl\u00eas: <\/p>\n\n<ul class=\"wp-block-list\">\n<li><strong>Simplificado:<\/strong> \u201cI'm Richard.\"<\/li>\n\n\n\n<li><strong>Tradicional:<\/strong> \u201cMy name is Richard.\"<\/li>\n<\/ul>\n\n<p>A maioria dos colecionadores gravitaria instintivamente para a vers\u00e3o \u201cTradicional\". Parece mais pr\u00f3xima da linguagem de Shakespeare; carrega um sentido de hist\u00f3ria e gravidade. O Chin\u00eas Tradicional proporciona exatamente essa mesma sensa\u00e7\u00e3o de \u201coriginalidade\" e \u201cpureza\" para a l\u00edngua chinesa.  <\/p>\n\n<h3 class=\"wp-block-heading\">O Chin\u00eas Tradicional \u00e9 mais raro que Coreano, Russo ou Portugu\u00eas?<\/h3>\n\n<div class=\"wp-block-media-text is-stacked-on-mobile\" style=\"grid-template-columns:20% auto\"><figure class=\"wp-block-media-text__media\"><img loading=\"lazy\" decoding=\"async\" width=\"1024\" height=\"1024\" src=\"https:\/\/chinesethegathering.com\/wp-content\/uploads\/2026\/02\/f317200e-46d1-4e3b-8705-561666e8b963.avif\" alt=\"\" class=\"wp-image-1333 size-full\" srcset=\"https:\/\/chinesethegathering.com\/wp-content\/uploads\/2026\/02\/f317200e-46d1-4e3b-8705-561666e8b963.avif 1024w, https:\/\/chinesethegathering.com\/wp-content\/uploads\/2026\/02\/f317200e-46d1-4e3b-8705-561666e8b963-300x300.avif 300w, https:\/\/chinesethegathering.com\/wp-content\/uploads\/2026\/02\/f317200e-46d1-4e3b-8705-561666e8b963-150x150.avif 150w, https:\/\/chinesethegathering.com\/wp-content\/uploads\/2026\/02\/f317200e-46d1-4e3b-8705-561666e8b963-768x768.avif 768w\" sizes=\"auto, (max-width: 1024px) 100vw, 1024px\" \/><\/figure><div class=\"wp-block-media-text__content is-layout-flow wp-block-media-text-is-layout-flow\">\n<p>No mundo do colecionismo de alta gama, falamos frequentemente das \u201cgrandes l\u00ednguas\". Mas para aqueles que procuram o verdadeiramente obscuro, emergiu um quarteto espec\u00edfico como o desafio supremo: Coreano, Russo, Portugu\u00eas e Chin\u00eas Tradicional. <\/p>\n\n\n\n<p>Entre 2019 e 2022, os volumes de impress\u00e3o destas quatro l\u00ednguas atingiram um m\u00ednimo hist\u00f3rico. Embora os n\u00fameros oficiais permane\u00e7am cuidadosamente guardados, as estimativas da ind\u00fastria sugerem que estavam empatadas em termos de escassez. <\/p>\n<\/div><\/div>\n\n<p><\/p>\n\n<p>Este baixo volume n\u00e3o foi um acidente. Foi o resultado de: <\/p>\n\n<ul class=\"wp-block-list\">\n<li>Demografia: Territ\u00f3rios de distribui\u00e7\u00e3o limitados.<\/li>\n\n\n\n<li>Fatores econ\u00f3micos: N\u00edveis variados de poder de compra nessas regi\u00f5es espec\u00edficas.<\/li>\n\n\n\n<li>Mudan\u00e7as culturais: Uma transi\u00e7\u00e3o para hobbies digitais ou diferentes durante os confinamentos globais.<\/li>\n<\/ul>\n\n<p>Estes fatores transformaram estas quatro l\u00ednguas no \u201cSanto Graal\" para colecionadores modernos.<br\/>\u00c9 aqui que o mercado se divide. Se olhares para as edi\u00e7\u00f5es Coreanas e Russas, s\u00e3o raras, mas s\u00e3o conhecidas e amadas. Foram agressivamente procuradas por colecionadores \u201chardcore\" dedicados. Hoje, a maioria destas c\u00f3pias est\u00e1 guardada em cofres privados; s\u00e3o caras, mas podes encontr\u00e1-las se tiveres dinheiro.   <\/p>\n\n<h3 class=\"wp-block-heading\">O Chin\u00eas Tradicional e o Portugu\u00eas, no entanto, contam uma hist\u00f3ria diferente<\/h3>\n\n<p>O que \u00e9 verdadeiramente impressionante \u00e9 que, ao procurar cartas da era Moderna em Portugu\u00eas ou Chin\u00eas Tradicional, muitas vezes n\u00e3o tens outra escolha sen\u00e3o explorar fisicamente lojas locais. A escassez \u00e9 real: as booster boxes seladas tornaram-se incrivelmente elusivas e, quanto aos baralhos Commander, s\u00e3o agora virtualmente imposs\u00edveis de obter no mercado aberto. <\/p>\n\n<blockquote class=\"wp-block-quote is-layout-flow wp-block-quote-is-layout-flow\">\n<p class=\"has-base-2-background-color has-background\">\u201cO Chin\u00eas Tradicional e o Portugu\u00eas n\u00e3o s\u00e3o apenas raros; foram esquecidos. E \u00e9 exatamente a\u00ed que reside o seu valor org\u00e2nico.\"<\/p>\n<\/blockquote>\n\n<h3 class=\"wp-block-heading\">Chin\u00eas Tradicional: um legado finito<\/h3>\n\n<p>A hist\u00f3ria diz-nos que, embora a Wizards of the Coast tenha trazido o Chin\u00eas Tradicional de volta uma vez (2010\u20132022), \u00e9 altamente improv\u00e1vel que regresse uma terceira vez. Estamos perante um <strong>cap\u00edtulo fechado da hist\u00f3ria.<\/strong> <\/p>\n\n<p>O Chin\u00eas Tradicional permanece o padr\u00e3o escrito para milh\u00f5es em Hong Kong, Taiwan e al\u00e9m, e representa a raiz ancestral para mais de 1,4 mil milh\u00f5es de pessoas globalmente. Com uma base cultural t\u00e3o rica e uma oferta f\u00edsica t\u00e3o limitada, o Chin\u00eas Tradicional est\u00e1 destinado a tornar-se a variante lingu\u00edstica mais procurada no mundo dos TCG. <\/p>\n\n<p><strong>Isto n\u00e3o \u00e9 apenas uma cole\u00e7\u00e3o. \u00c9 preservar a era mais elegante e dif\u00edcil de encontrar do jogo. <\/strong><\/p>\n\n<p><\/p>\n","protected":false},"excerpt":{"rendered":"<p>A melhor escolha: porqu\u00ea Chin\u00eas Tradicional? Ao construir uma grande cole\u00e7\u00e3o, tens de fazer escolhas. Embora o nosso arquivo mostre muitas cartas chinesas, a nossa cole\u00e7\u00e3o foca-se apenas em Chin\u00eas Tradicional. Para quem est\u00e1 a come\u00e7ar, a diferen\u00e7a entre Chin\u00eas Simplificado e Tradicional pode parecer pequena. Para especialistas, \u00e9 a diferen\u00e7a entre uma carta comum &#8230; <a title=\"Porqu\u00ea chin\u00eas tradicional\" class=\"read-more\" href=\"https:\/\/chinesethegathering.com\/pt-pt\/porque-chines-tradicional\/\" aria-label=\"Leia mais sobre Porqu\u00ea chin\u00eas tradicional\">teste<\/a><\/p>\n","protected":false},"author":1,"featured_media":537,"parent":0,"menu_order":0,"comment_status":"closed","ping_status":"closed","template":"","meta":{"footnotes":""},"class_list":["post-2277","page","type-page","status-publish","has-post-thumbnail"],"_links":{"self":[{"href":"https:\/\/chinesethegathering.com\/pt-pt\/wp-json\/wp\/v2\/pages\/2277","targetHints":{"allow":["GET"]}}],"collection":[{"href":"https:\/\/chinesethegathering.com\/pt-pt\/wp-json\/wp\/v2\/pages"}],"about":[{"href":"https:\/\/chinesethegathering.com\/pt-pt\/wp-json\/wp\/v2\/types\/page"}],"author":[{"embeddable":true,"href":"https:\/\/chinesethegathering.com\/pt-pt\/wp-json\/wp\/v2\/users\/1"}],"replies":[{"embeddable":true,"href":"https:\/\/chinesethegathering.com\/pt-pt\/wp-json\/wp\/v2\/comments?post=2277"}],"version-history":[{"count":0,"href":"https:\/\/chinesethegathering.com\/pt-pt\/wp-json\/wp\/v2\/pages\/2277\/revisions"}],"wp:featuredmedia":[{"embeddable":true,"href":"https:\/\/chinesethegathering.com\/pt-pt\/wp-json\/wp\/v2\/media\/537"}],"wp:attachment":[{"href":"https:\/\/chinesethegathering.com\/pt-pt\/wp-json\/wp\/v2\/media?parent=2277"}],"curies":[{"name":"wp","href":"https:\/\/api.w.org\/{rel}","templated":true}]}}