{"id":2239,"date":"2026-02-14T17:54:16","date_gmt":"2026-02-14T17:54:16","guid":{"rendered":"https:\/\/chinesethegathering.com\/pokemon-vs-magic-the-gathering\/"},"modified":"2026-02-28T05:54:27","modified_gmt":"2026-02-28T05:54:27","slug":"pokemon-vs-magic-the-gathering","status":"publish","type":"page","link":"https:\/\/chinesethegathering.com\/pt-pt\/pokemon-vs-magic-the-gathering\/","title":{"rendered":"Pok\u00e9mon VS MTG"},"content":{"rendered":"\n<h2 class=\"wp-block-heading\">Magic: The Gathering vs Pok\u00e9mon na China: a perspetiva de um colecionador<\/h2>\n\n<p>Quando se trata de jogos de cartas colecion\u00e1veis na China, dois nomes dominam as conversas entre jogadores e colecionadores: <strong>Magic: The Gathering<\/strong> e <strong>Pok\u00e9mon<\/strong>.<\/p>\n\n<p>Embora Pok\u00e9mon muitas vezes capte a aten\u00e7\u00e3o do grande p\u00fablico, Magic tem uma posi\u00e7\u00e3o \u00fanica e, sem d\u00favida, mais forte para colecionadores a s\u00e9rio, especialmente no mercado chin\u00eas. Eis porqu\u00ea. <\/p>\n\n<h3 class=\"wp-block-heading\">1. Magic chegou primeiro e foi pioneiro na impress\u00e3o de TCG em chin\u00eas<\/h3>\n\n<p><\/p>\n\n<div class=\"wp-block-media-text is-stacked-on-mobile\" style=\"grid-template-columns:15% auto\"><figure class=\"wp-block-media-text__media\"><img loading=\"lazy\" decoding=\"async\" width=\"683\" height=\"1024\" src=\"https:\/\/chinesethegathering.com\/wp-content\/uploads\/2026\/02\/a9268709-9b6a-4fa9-83b1-40b1eef2f1b9-683x1024.avif\" alt=\"\" class=\"wp-image-1351 size-full\" srcset=\"https:\/\/chinesethegathering.com\/wp-content\/uploads\/2026\/02\/a9268709-9b6a-4fa9-83b1-40b1eef2f1b9-683x1024.avif 683w, https:\/\/chinesethegathering.com\/wp-content\/uploads\/2026\/02\/a9268709-9b6a-4fa9-83b1-40b1eef2f1b9-200x300.avif 200w, https:\/\/chinesethegathering.com\/wp-content\/uploads\/2026\/02\/a9268709-9b6a-4fa9-83b1-40b1eef2f1b9-768x1152.avif 768w, https:\/\/chinesethegathering.com\/wp-content\/uploads\/2026\/02\/a9268709-9b6a-4fa9-83b1-40b1eef2f1b9.avif 1024w\" sizes=\"auto, (max-width: 683px) 100vw, 683px\" \/><\/figure><div class=\"wp-block-media-text__content is-layout-flow wp-block-media-text-is-layout-flow\">\n<p>Magic: The Gathering foi lan\u00e7ado em <strong>1993<\/strong>, tornando-se o <strong>primeiro jogo de cartas colecion\u00e1veis alguma vez criado<\/strong>. Pok\u00e9mon chegou mais tarde, em <strong>1996<\/strong>. <\/p>\n\n\n\n<p>Ainda mais importante para os colecionadores:<br\/>Magic foi o <strong>primeiro TCG a ser oficialmente impresso em chin\u00eas<\/strong>, abrindo a porta a uma hist\u00f3ria regional de cartas que antecede a maioria dos lan\u00e7amentos de Pok\u00e9mon na \u00c1sia. Do ponto de vista hist\u00f3rico e de colecionismo, Magic tem um papel fundacional que Pok\u00e9mon simplesmente n\u00e3o tem. <\/p>\n<\/div><\/div>\n\n<p><\/p>\n\n<h3 class=\"wp-block-heading\">2. Muito mais cole\u00e7\u00f5es e cartas \u00fanicas na era inicial<\/h3>\n\n<div class=\"wp-block-media-text has-media-on-the-right is-stacked-on-mobile\" style=\"grid-template-columns:auto 20%\"><div class=\"wp-block-media-text__content is-layout-flow wp-block-media-text-is-layout-flow\">\n<p>Entre o <strong>final dos anos 1990 e o in\u00edcio dos anos 2000<\/strong>, Magic explodiu em termos de: cole\u00e7\u00f5es de expans\u00e3o, designs e mec\u00e2nicas de cartas \u00fanicas e enredos<\/p>\n\n\n\n<p>Foram impressas milhares de cartas diferentes em in\u00fameras cole\u00e7\u00f5es estruturadas, ultrapassando largamente a produ\u00e7\u00e3o de Pok\u00e9mon no mesmo per\u00edodo. S\u00f3 os primeiros anos de produ\u00e7\u00e3o de Magic formam um universo de colecionismo enorme. <\/p>\n<\/div><figure class=\"wp-block-media-text__media\"><img loading=\"lazy\" decoding=\"async\" width=\"1024\" height=\"1024\" src=\"https:\/\/chinesethegathering.com\/wp-content\/uploads\/2026\/02\/BCO.815f4519-84cf-4360-8b97-c655eb221cfc.avif\" alt=\"\" class=\"wp-image-1354 size-full\" srcset=\"https:\/\/chinesethegathering.com\/wp-content\/uploads\/2026\/02\/BCO.815f4519-84cf-4360-8b97-c655eb221cfc.avif 1024w, https:\/\/chinesethegathering.com\/wp-content\/uploads\/2026\/02\/BCO.815f4519-84cf-4360-8b97-c655eb221cfc-300x300.avif 300w, https:\/\/chinesethegathering.com\/wp-content\/uploads\/2026\/02\/BCO.815f4519-84cf-4360-8b97-c655eb221cfc-150x150.avif 150w, https:\/\/chinesethegathering.com\/wp-content\/uploads\/2026\/02\/BCO.815f4519-84cf-4360-8b97-c655eb221cfc-768x768.avif 768w\" sizes=\"auto, (max-width: 1024px) 100vw, 1024px\" \/><\/figure><\/div>\n\n<p><\/p>\n\n<h3 class=\"wp-block-heading\">3. Magic \u00e9 um multiverso, n\u00e3o uma \u00fanica franquia<\/h3>\n\n<div class=\"wp-block-media-text is-stacked-on-mobile\" style=\"grid-template-columns:35% auto\"><figure class=\"wp-block-media-text__media\"><img loading=\"lazy\" decoding=\"async\" width=\"1024\" height=\"683\" src=\"https:\/\/chinesethegathering.com\/wp-content\/uploads\/2026\/02\/e9998470-c489-4add-bc47-69961a01c0eb-1024x683.avif\" alt=\"\" class=\"wp-image-1356 size-full\" srcset=\"https:\/\/chinesethegathering.com\/wp-content\/uploads\/2026\/02\/e9998470-c489-4add-bc47-69961a01c0eb-1024x683.avif 1024w, https:\/\/chinesethegathering.com\/wp-content\/uploads\/2026\/02\/e9998470-c489-4add-bc47-69961a01c0eb-300x200.avif 300w, https:\/\/chinesethegathering.com\/wp-content\/uploads\/2026\/02\/e9998470-c489-4add-bc47-69961a01c0eb-768x512.avif 768w, https:\/\/chinesethegathering.com\/wp-content\/uploads\/2026\/02\/e9998470-c489-4add-bc47-69961a01c0eb.avif 1536w\" sizes=\"auto, (max-width: 1024px) 100vw, 1024px\" \/><\/figure><div class=\"wp-block-media-text__content is-layout-flow wp-block-media-text-is-layout-flow\">\n<p>Pok\u00e9mon gira em torno de uma marca central e de um ecossistema de criaturas.<\/p>\n\n\n\n<p>Magic, por outro lado, \u00e9 um <strong>multiverso de mundos<\/strong>:<\/p>\n\n\n\n<ul class=\"wp-block-list\">\n<li>Lore em evolu\u00e7\u00e3o<\/li>\n\n\n\n<li>Planos diferentes<\/li>\n\n\n\n<li>Novas personagens em cada bloco<\/li>\n<\/ul>\n\n\n\n<p>E hoje vai ainda mais longe com <strong>Universes Beyond<\/strong>, expandindo-se para narrativas entre mundos muito para l\u00e1 da fantasia tradicional. Magic n\u00e3o \u00e9 uma franquia. \u00c9 um universo narrativo em constante expans\u00e3o. Isto d\u00e1 a Magic muito mais longevidade criativa e diversidade para colecionar.   <\/p>\n<\/div><\/div>\n\n<p><\/p>\n\n<p><\/p>\n\n<h3 class=\"wp-block-heading\">4. Cole\u00e7\u00f5es estruturadas com uma identidade de expans\u00e3o clara<\/h3>\n\n<figure class=\"wp-block-table\"><table class=\"has-fixed-layout\"><tbody><tr><td>As cole\u00e7\u00f5es de Magic s\u00e3o altamente organizadas:<\/td><td>Para os colecionadores, isto \u00e9 muito importante. D\u00e1 para identificar de imediato: <\/td><\/tr><tr><td>&#8211; Cada expans\u00e3o tem um <strong>s\u00edmbolo \u00fanico<\/strong><br\/>&#8211; Estruturas de bloco claras<br\/>&#8211; Mec\u00e2nicas tem\u00e1ticas associadas a cada mundo<\/td><td>&#8211; Era<br\/>&#8211; Cole\u00e7\u00e3o<br\/>&#8211; Contexto de raridade<\/td><\/tr><\/tbody><\/table><\/figure>\n\n<p>As cole\u00e7\u00f5es de Pok\u00e9mon s\u00e3o muito menos definidas a n\u00edvel estrutural, muitas vezes apoiando-se mais na marca do que numa identidade sistem\u00e1tica de expans\u00e3o. O sistema de Magic torna a constru\u00e7\u00e3o de cole\u00e7\u00f5es hist\u00f3ricas mais limpa, mais rica e mais significativa. <\/p>\n\n<h3 class=\"wp-block-heading\">5. Profundidade de jogo: estrat\u00e9gia acima da simplicidade<\/h3>\n\n<div class=\"wp-block-media-text is-stacked-on-mobile is-vertically-aligned-center\" style=\"grid-template-columns:30% auto\"><figure class=\"wp-block-media-text__media\"><img loading=\"lazy\" decoding=\"async\" width=\"1024\" height=\"1024\" src=\"https:\/\/chinesethegathering.com\/wp-content\/uploads\/2026\/02\/BCO.ebe63d2f-9e04-4e09-b6c9-fc2471a20f15.avif\" alt=\"\" class=\"wp-image-1365 size-full\" srcset=\"https:\/\/chinesethegathering.com\/wp-content\/uploads\/2026\/02\/BCO.ebe63d2f-9e04-4e09-b6c9-fc2471a20f15.avif 1024w, https:\/\/chinesethegathering.com\/wp-content\/uploads\/2026\/02\/BCO.ebe63d2f-9e04-4e09-b6c9-fc2471a20f15-300x300.avif 300w, https:\/\/chinesethegathering.com\/wp-content\/uploads\/2026\/02\/BCO.ebe63d2f-9e04-4e09-b6c9-fc2471a20f15-150x150.avif 150w, https:\/\/chinesethegathering.com\/wp-content\/uploads\/2026\/02\/BCO.ebe63d2f-9e04-4e09-b6c9-fc2471a20f15-768x768.avif 768w\" sizes=\"auto, (max-width: 1024px) 100vw, 1024px\" \/><\/figure><div class=\"wp-block-media-text__content is-layout-flow wp-block-media-text-is-layout-flow\">\n<p>Magic foi concebido como um jogo centrado na estrat\u00e9gia:<\/p>\n\n\n\n<ol class=\"wp-block-list\">\n<li>Gest\u00e3o de recursos (sistema de mana)<\/li>\n\n\n\n<li>Intera\u00e7\u00f5es complexas<\/li>\n\n\n\n<li>Formatos competitivos de torneio<\/li>\n\n\n\n<li>Milhares de arqu\u00e9tipos de deck vi\u00e1veis<\/li>\n<\/ol>\n\n\n\n<p>Pok\u00e9mon, por design, mant\u00e9m-se muito mais simples e \u00e9 fortemente direcionado para p\u00fablicos mais jovens. Esta profundidade ajudou Magic a manter-se relevante durante mais de 30 anos. <\/p>\n<\/div><\/div>\n\n<p><\/p>\n\n<h3 class=\"wp-block-heading\">6. Raridade real: as cartas de Magic foram impressas em quantidades muito menores<\/h3>\n\n<p>Uma das maiores vantagens de Magic para colecionadores, especialmente nas edi\u00e7\u00f5es chinesas, \u00e9 o <strong>volume de impress\u00e3o<\/strong>.<\/p>\n\n<div class=\"wp-block-media-text has-media-on-the-right is-stacked-on-mobile\" style=\"grid-template-columns:auto 20%\"><div class=\"wp-block-media-text__content is-layout-flow wp-block-media-text-is-layout-flow\">\n<p>As cartas de Magic (sobretudo de cole\u00e7\u00f5es antigas):<\/p>\n\n\n\n<ul class=\"wp-block-list\">\n<li>Foram impressas em quantidades muito menores do que as de Pok\u00e9mon<\/li>\n\n\n\n<li>Tiveram taxas de sobreviv\u00eancia mais baixas<\/li>\n\n\n\n<li>Foram distribu\u00eddas em tiragens regionais mais limitadas<\/li>\n<\/ul>\n\n\n\n<p>Pok\u00e9mon explodiu como um fen\u00f3meno de massas.<\/p>\n\n\n\n<p>Magic, especialmente nas primeiras impress\u00f5es em chin\u00eas, manteve-se de nicho, tornando muitas cartas dramaticamente mais raras hoje. A escassez impulsiona o valor de colecionismo a longo prazo. E Magic ganha esta categoria por uma margem enorme.  <\/p>\n<\/div><figure class=\"wp-block-media-text__media\"><img loading=\"lazy\" decoding=\"async\" width=\"683\" height=\"1024\" src=\"https:\/\/chinesethegathering.com\/wp-content\/uploads\/2026\/02\/523b0de0-f0f8-4a76-b8bd-d08d3b2441d5-683x1024.avif\" alt=\"\" class=\"wp-image-1367 size-full\" srcset=\"https:\/\/chinesethegathering.com\/wp-content\/uploads\/2026\/02\/523b0de0-f0f8-4a76-b8bd-d08d3b2441d5-683x1024.avif 683w, https:\/\/chinesethegathering.com\/wp-content\/uploads\/2026\/02\/523b0de0-f0f8-4a76-b8bd-d08d3b2441d5-200x300.avif 200w, https:\/\/chinesethegathering.com\/wp-content\/uploads\/2026\/02\/523b0de0-f0f8-4a76-b8bd-d08d3b2441d5-768x1152.avif 768w, https:\/\/chinesethegathering.com\/wp-content\/uploads\/2026\/02\/523b0de0-f0f8-4a76-b8bd-d08d3b2441d5.avif 1024w\" sizes=\"auto, (max-width: 683px) 100vw, 683px\" \/><\/figure><\/div>\n\n<p><\/p>\n\n<h2 class=\"wp-block-heading\">Considera\u00e7\u00f5es finais: porque \u00e9 que Magic \u00e9 o padr\u00e3o-ouro para colecionadores<\/h2>\n\n<h4 class=\"wp-block-heading\">Pok\u00e9mon \u00e9 popular, mas Magic \u00e9 fundacional.<\/h4>\n\n<p>Para colecionadores que valorizam a import\u00e2ncia a longo prazo, Magic: The Gathering est\u00e1 numa categoria \u00e0 parte, particularmente no mercado chin\u00eas, onde as primeiras tiragens est\u00e3o entre as mais raras no mundo dos TCG.<\/p>\n\n<p class=\"has-medium-font-size\"><em>Pok\u00e9mon pode ser mainstream. Mas Magic: The Gathering \u00e9 patrim\u00f3nio. E, no colecionismo, o patrim\u00f3nio ganha sempre.<\/em>..<\/p>\n\n<p><\/p>\n","protected":false},"excerpt":{"rendered":"<p>Magic: The Gathering vs Pok\u00e9mon na China: a perspetiva de um colecionador Quando se trata de jogos de cartas colecion\u00e1veis na China, dois nomes dominam as conversas entre jogadores e colecionadores: Magic: The Gathering e Pok\u00e9mon. Embora Pok\u00e9mon muitas vezes capte a aten\u00e7\u00e3o do grande p\u00fablico, Magic tem uma posi\u00e7\u00e3o \u00fanica e, sem d\u00favida, mais &#8230; <a title=\"Pok\u00e9mon VS MTG\" class=\"read-more\" href=\"https:\/\/chinesethegathering.com\/pt-pt\/pokemon-vs-magic-the-gathering\/\" aria-label=\"Leia mais sobre Pok\u00e9mon VS MTG\">teste<\/a><\/p>\n","protected":false},"author":1,"featured_media":2240,"parent":0,"menu_order":0,"comment_status":"closed","ping_status":"closed","template":"","meta":{"footnotes":""},"class_list":["post-2239","page","type-page","status-publish","has-post-thumbnail"],"_links":{"self":[{"href":"https:\/\/chinesethegathering.com\/pt-pt\/wp-json\/wp\/v2\/pages\/2239","targetHints":{"allow":["GET"]}}],"collection":[{"href":"https:\/\/chinesethegathering.com\/pt-pt\/wp-json\/wp\/v2\/pages"}],"about":[{"href":"https:\/\/chinesethegathering.com\/pt-pt\/wp-json\/wp\/v2\/types\/page"}],"author":[{"embeddable":true,"href":"https:\/\/chinesethegathering.com\/pt-pt\/wp-json\/wp\/v2\/users\/1"}],"replies":[{"embeddable":true,"href":"https:\/\/chinesethegathering.com\/pt-pt\/wp-json\/wp\/v2\/comments?post=2239"}],"version-history":[{"count":0,"href":"https:\/\/chinesethegathering.com\/pt-pt\/wp-json\/wp\/v2\/pages\/2239\/revisions"}],"wp:featuredmedia":[{"embeddable":true,"href":"https:\/\/chinesethegathering.com\/pt-pt\/wp-json\/wp\/v2\/media\/2240"}],"wp:attachment":[{"href":"https:\/\/chinesethegathering.com\/pt-pt\/wp-json\/wp\/v2\/media?parent=2239"}],"curies":[{"name":"wp","href":"https:\/\/api.w.org\/{rel}","templated":true}]}}