{"id":2103,"date":"2026-02-11T10:22:05","date_gmt":"2026-02-11T10:22:05","guid":{"rendered":"https:\/\/chinesethegathering.com\/era-de-bronze-2010-2019\/"},"modified":"2026-02-28T05:54:14","modified_gmt":"2026-02-28T05:54:14","slug":"era-de-bronze-2010-2019","status":"publish","type":"page","link":"https:\/\/chinesethegathering.com\/pt-pt\/era-de-bronze-2010-2019\/","title":{"rendered":"A Era do Bronze"},"content":{"rendered":"\n<p>Os anos de 2010 a 2019 foram uma \u00e9poca de grandes mudan\u00e7as para <em>Magic: The Gathering<\/em>. O jogo passou de um passatempo para f\u00e3s a um enorme sucesso mundial. <\/p>\n\n<h3 class=\"wp-block-heading\">O in\u00edcio da d\u00e9cada (2010\u20132012)<\/h3>\n\n<p>No in\u00edcio deste per\u00edodo, Magic ainda era produzido em quantidades moderadas. Esta era \u00e9 frequentemente chamada de \u201cIdade de Prata\". <\/p>\n\n<ul class=\"wp-block-list\">\n<li><strong>O regresso dos idiomas:<\/strong> Embora a edi\u00e7\u00e3o <em>Magic 2011<\/em> tenha trazido de volta o <strong>Chin\u00eas Tradicional<\/strong>, o n\u00famero de cartas impressas manteve-se controlado at\u00e9 ao lan\u00e7amento de <em>Return to Ravnica<\/em>.<\/li>\n\n\n\n<li>As cartas deste per\u00edodo s\u00e3o frequentemente muito valorizadas pelos colecionadores porque foram produzidas em quantidades menores do que s\u00e3o hoje.<\/li>\n<\/ul>\n\n<h3 class=\"wp-block-heading\">O ponto de viragem de 2012: o boom de impress\u00e3o<\/h3>\n\n<div class=\"wp-block-media-text is-stacked-on-mobile\" style=\"grid-template-columns:15% auto\"><figure class=\"wp-block-media-text__media\"><img loading=\"lazy\" decoding=\"async\" width=\"672\" height=\"936\" src=\"https:\/\/chinesethegathering.com\/wp-content\/uploads\/2026\/02\/rtr-1-angel-of-serenity.avif\" alt=\"\" class=\"wp-image-1617 size-full\" srcset=\"https:\/\/chinesethegathering.com\/wp-content\/uploads\/2026\/02\/rtr-1-angel-of-serenity.avif 672w, https:\/\/chinesethegathering.com\/wp-content\/uploads\/2026\/02\/rtr-1-angel-of-serenity-215x300.avif 215w\" sizes=\"auto, (max-width: 672px) 100vw, 672px\" \/><\/figure><div class=\"wp-block-media-text__content is-layout-flow wp-block-media-text-is-layout-flow\">\n<p>Tudo mudou com o lan\u00e7amento de <em>Return to Ravnica<\/em> no final de 2012. A partir desse momento, o jogo tornou-se incrivelmente popular (ou incrivelmente impresso?). <\/p>\n\n\n\n<p>O objetivo era simples: satisfazer a procura de milh\u00f5es de novos jogadores. O jogo passou de um mercado de nicho para uma produ\u00e7\u00e3o industrial massiva. <\/p>\n\n\n\n<p><strong>Mais cartas para todos:<\/strong> At\u00e9 as edi\u00e7\u00f5es em Chin\u00eas Tradicional foram afetadas pelo aumento massivo nos volumes de impress\u00e3o.<\/p>\n<\/div><\/div>\n\n<p><\/p>\n\n<h3 class=\"wp-block-heading\">Um per\u00edodo de criatividade incr\u00edvel<\/h3>\n\n<p>Apesar do aumento da produ\u00e7\u00e3o, a qualidade das hist\u00f3rias e dos mundos criados manteve-se muito elevada. Este per\u00edodo \u201cfaste\" (bem-sucedido) viu o nascimento de novos universos que deixaram marca na hist\u00f3ria de Magic: <\/p>\n\n<ul class=\"wp-block-list\">\n<li><strong>Innistrad (2011):<\/strong> Um mundo de vampiros e lobisomens.<\/li>\n\n\n\n<li><strong>Theros (2013):<\/strong> Inspirado na mitologia grega.<\/li>\n\n\n\n<li><strong>Khans of Tarkir (2014):<\/strong> O mundo dos drag\u00f5es e cl\u00e3s guerreiros.<\/li>\n\n\n\n<li><strong>Ixalan (2017):<\/strong> Um universo de piratas e dinossauros.<\/li>\n<\/ul>\n\n<div class=\"wp-block-wpbb-wbd-progress-bar\"><div class=\"progress-name\" style=\"color:#333333;font-size:16px;font-family:inherit\">Conclus\u00e3o do projeto: 28 edi\u00e7\u00f5es (de 41)<\/div><div class=\"progress-track\" style=\"background-color:#e5e5e5;height:32px\"><div class=\"progress-fill\" style=\"width:68%;background-color:#c43d3d\"><span class=\"progress-percentage\" style=\"color:#ffffff;font-size:14px;font-family:inherit\">68%<\/span><\/div><\/div><\/div>\n\n<p><em>lista de edi\u00e7\u00f5es do scryfall que cobre o projeto:<\/em><\/p>\n<div class=\"wp-block-image\">\n<figure class=\"aligncenter size-full\"><img loading=\"lazy\" decoding=\"async\" width=\"971\" height=\"460\" src=\"https:\/\/chinesethegathering.com\/wp-content\/uploads\/2026\/02\/Capture-decran-2026-02-12-221927.avif\" alt=\"\" class=\"wp-image-186\" style=\"aspect-ratio:2.1109278708445447;object-fit:cover\" srcset=\"https:\/\/chinesethegathering.com\/wp-content\/uploads\/2026\/02\/Capture-decran-2026-02-12-221927.avif 971w, https:\/\/chinesethegathering.com\/wp-content\/uploads\/2026\/02\/Capture-decran-2026-02-12-221927-300x142.avif 300w, https:\/\/chinesethegathering.com\/wp-content\/uploads\/2026\/02\/Capture-decran-2026-02-12-221927-768x364.avif 768w\" sizes=\"auto, (max-width: 971px) 100vw, 971px\" \/><\/figure>\n<\/div>\n<p><\/p>\n<div class=\"wp-block-image\">\n<figure class=\"aligncenter size-full\"><img loading=\"lazy\" decoding=\"async\" width=\"986\" height=\"891\" src=\"https:\/\/chinesethegathering.com\/wp-content\/uploads\/2026\/02\/Capture-decran-2026-02-12-221723.avif\" alt=\"\" class=\"wp-image-184\" srcset=\"https:\/\/chinesethegathering.com\/wp-content\/uploads\/2026\/02\/Capture-decran-2026-02-12-221723.avif 986w, https:\/\/chinesethegathering.com\/wp-content\/uploads\/2026\/02\/Capture-decran-2026-02-12-221723-300x271.avif 300w, https:\/\/chinesethegathering.com\/wp-content\/uploads\/2026\/02\/Capture-decran-2026-02-12-221723-768x694.avif 768w\" sizes=\"auto, (max-width: 986px) 100vw, 986px\" \/><\/figure>\n<\/div>\n<p><\/p>\n\n<p>Em resumo, esta d\u00e9cada transformou Magic. O jogo tornou-se mais f\u00e1cil de encontrar gra\u00e7as \u00e0 impress\u00e3o massiva, mas acima de tudo, conseguiu criar mundos fant\u00e1sticos que os jogadores ainda adoram hoje. <\/p>\n","protected":false},"excerpt":{"rendered":"<p>Os anos de 2010 a 2019 foram uma \u00e9poca de grandes mudan\u00e7as para Magic: The Gathering. O jogo passou de um passatempo para f\u00e3s a um enorme sucesso mundial. O in\u00edcio da d\u00e9cada (2010\u20132012) No in\u00edcio deste per\u00edodo, Magic ainda era produzido em quantidades moderadas. Esta era \u00e9 frequentemente chamada de \u201cIdade de Prata\". O &#8230; <a title=\"A Era do Bronze\" class=\"read-more\" href=\"https:\/\/chinesethegathering.com\/pt-pt\/era-de-bronze-2010-2019\/\" aria-label=\"Leia mais sobre A Era do Bronze\">teste<\/a><\/p>\n","protected":false},"author":1,"featured_media":2104,"parent":0,"menu_order":0,"comment_status":"closed","ping_status":"closed","template":"","meta":{"footnotes":""},"class_list":["post-2103","page","type-page","status-publish","has-post-thumbnail"],"_links":{"self":[{"href":"https:\/\/chinesethegathering.com\/pt-pt\/wp-json\/wp\/v2\/pages\/2103","targetHints":{"allow":["GET"]}}],"collection":[{"href":"https:\/\/chinesethegathering.com\/pt-pt\/wp-json\/wp\/v2\/pages"}],"about":[{"href":"https:\/\/chinesethegathering.com\/pt-pt\/wp-json\/wp\/v2\/types\/page"}],"author":[{"embeddable":true,"href":"https:\/\/chinesethegathering.com\/pt-pt\/wp-json\/wp\/v2\/users\/1"}],"replies":[{"embeddable":true,"href":"https:\/\/chinesethegathering.com\/pt-pt\/wp-json\/wp\/v2\/comments?post=2103"}],"version-history":[{"count":0,"href":"https:\/\/chinesethegathering.com\/pt-pt\/wp-json\/wp\/v2\/pages\/2103\/revisions"}],"wp:featuredmedia":[{"embeddable":true,"href":"https:\/\/chinesethegathering.com\/pt-pt\/wp-json\/wp\/v2\/media\/2104"}],"wp:attachment":[{"href":"https:\/\/chinesethegathering.com\/pt-pt\/wp-json\/wp\/v2\/media?parent=2103"}],"curies":[{"name":"wp","href":"https:\/\/api.w.org\/{rel}","templated":true}]}}