{"id":2089,"date":"2026-02-11T10:22:53","date_gmt":"2026-02-11T10:22:53","guid":{"rendered":"https:\/\/chinesethegathering.com\/era-moderna-2019-2022\/"},"modified":"2026-02-27T21:42:32","modified_gmt":"2026-02-27T21:42:32","slug":"era-moderna-2019-2022","status":"publish","type":"page","link":"https:\/\/chinesethegathering.com\/pt-pt\/era-moderna-2019-2022\/","title":{"rendered":"A Era Moderna"},"content":{"rendered":"\n<p>Para muitos colecionadores, os anos entre 2019 e 2022 representam o melhor per\u00edodo de sempre para as cartas Magic em chin\u00eas tradicional. Enquanto o jogo estava a mudar globalmente, este mercado lingu\u00edstico espec\u00edfico viu designs incr\u00edveis e raridade extrema. <\/p>\n\n<h3 class=\"wp-block-heading\">Um per\u00edodo de design incr\u00edvel e baixa oferta<\/h3>\n\n<p>Durante estes tr\u00eas anos, os designs das cartas foram excelentes. No entanto, no final deste per\u00edodo, as <strong>tiragens tornaram-se muito pequenas<\/strong>. Isto torna estas cartas alguns dos itens modernos mais raros do jogo.  <\/p>\n\n<ul class=\"wp-block-list\">\n<li><strong>Decks Commander:<\/strong> Estes tornaram-se quase imposs\u00edveis de encontrar em chin\u00eas tradicional.<\/li>\n\n\n\n<li><strong>Sem Collector Boosters:<\/strong> Nenhuma das edi\u00e7\u00f5es modernas nesta l\u00edngua teve \u201cCollector Boxes\". Isto torna encontrar cartas com \u201carte de moldura alternativa\" um desafio enorme para os colecionadores. <\/li>\n\n\n\n<li><strong>Apenas um tipo de caixas por edi\u00e7\u00e3o moderna:<\/strong> Caixas de Draft ou Set booster.<\/li>\n<\/ul>\n\n<h3 class=\"wp-block-heading\">O mist\u00e9rio das caixas<\/h3>\n\n<p>A forma como a Wizards of the Coast lan\u00e7ou estas edi\u00e7\u00f5es foi muito inconsistente, tornando a procura ainda mais dif\u00edcil:<\/p>\n\n<ul class=\"wp-block-list\">\n<li><strong>Apenas Set Boosters:<\/strong> Apenas tr\u00eas edi\u00e7\u00f5es tiveram a sorte de receber caixas de Set Booster: <em>Kamigawa: Neon Dynasty<\/em>, <em>Streets of New Capenna<\/em> e <em>Battle for Baldur's Gate<\/em>.<\/li>\n\n\n\n<li><strong>Apenas Draft Boosters:<\/strong> Algumas edi\u00e7\u00f5es importantes como <em>Kaldheim<\/em>, <em>Strixhaven: School of Mages<\/em>, <em>Innistrad: Crimson Vow<\/em>, <em>Innistrad: Midnight Hunt<\/em> e <em>Adventures in the Forgotten Realms<\/em> s\u00f3 existiram em caixas de Draft Booster.<\/li>\n<\/ul>\n\n<div class=\"wp-block-media-text is-stacked-on-mobile\" style=\"grid-template-columns:15% auto\"><figure class=\"wp-block-media-text__media\"><img loading=\"lazy\" decoding=\"async\" width=\"672\" height=\"936\" src=\"https:\/\/chinesethegathering.com\/wp-content\/uploads\/2026\/02\/clb-1-faceless-one.avif\" alt=\"\" class=\"wp-image-1477 size-full\" srcset=\"https:\/\/chinesethegathering.com\/wp-content\/uploads\/2026\/02\/clb-1-faceless-one.avif 672w, https:\/\/chinesethegathering.com\/wp-content\/uploads\/2026\/02\/clb-1-faceless-one-215x300.avif 215w\" sizes=\"auto, (max-width: 672px) 100vw, 672px\" \/><\/figure><div class=\"wp-block-media-text__content is-layout-flow wp-block-media-text-is-layout-flow\">\n<p class=\"has-base-2-background-color has-background\"><em>Sabias que? O Sem Rosto \u00e9 o n\u00famero 001\/361 da edi\u00e7\u00e3o Battle for Baldur's Gate. Esta carta especial s\u00f3 est\u00e1 dispon\u00edvel em caixas de draft booster. E como n\u00e3o h\u00e1 caixas de draft booster de Battle for Baldur's Gate em chin\u00eas tradicional, n\u00e3o h\u00e1 forma de completar a edi\u00e7\u00e3o nesta l\u00edngua. Nota que isto tamb\u00e9m \u00e9 verdade para coreano!    <\/em><\/p>\n<\/div><\/div>\n\n<p><\/p>\n\n<h3 class=\"wp-block-heading\">Os lend\u00e1rios Box Toppers<\/h3>\n\n<p>Uma das partes mais emocionantes (e frustrantes!) desta era foram os <strong>Box Toppers<\/strong>. Estas s\u00e3o cartas extra especiais encontradas dentro das caixas de display. Em chin\u00eas tradicional, s\u00e3o lend\u00e1rias porque s\u00e3o muito dif\u00edceis de encontrar:  <\/p>\n\n<div class=\"wp-block-media-text is-stacked-on-mobile\" style=\"grid-template-columns:15% auto\"><figure class=\"wp-block-media-text__media\"><img loading=\"lazy\" decoding=\"async\" width=\"672\" height=\"936\" src=\"https:\/\/chinesethegathering.com\/wp-content\/uploads\/2026\/02\/iko-379-illuna-apex-of-wishes.avif\" alt=\"\" class=\"wp-image-1485 size-full\" srcset=\"https:\/\/chinesethegathering.com\/wp-content\/uploads\/2026\/02\/iko-379-illuna-apex-of-wishes.avif 672w, https:\/\/chinesethegathering.com\/wp-content\/uploads\/2026\/02\/iko-379-illuna-apex-of-wishes-215x300.avif 215w\" sizes=\"auto, (max-width: 672px) 100vw, 672px\" \/><\/figure><div class=\"wp-block-media-text__content is-layout-flow wp-block-media-text-is-layout-flow\">\n<ul class=\"wp-block-list\">\n<li><strong>Innistrad: Crimson Vow:<\/strong> Esta edi\u00e7\u00e3o incluiu <strong>12 Toppers<\/strong> (s\u00e9rie Dracula), adicionando outra camada de dificuldade para os completistas.<\/li>\n\n\n\n<li><strong>Zendikar Rising:<\/strong> Esta edi\u00e7\u00e3o apresentou <strong>30 Toppers<\/strong> (Expeditions). Encontrar um espec\u00edfico em chin\u00eas tradicional \u00e9 uma tarefa enorme. <\/li>\n\n\n\n<li><strong>Ikoria: Lair of Behemoths:<\/strong> Esta cole\u00e7\u00e3o teve a famosa s\u00e9rie <strong>13 Toppers Kaiju (Godzilla)<\/strong>. Como a tiragem foi t\u00e3o pequena, estas cartas com tem\u00e1tica de monstros s\u00e3o quase imposs\u00edveis de encontrar hoje em dia. <\/li>\n<\/ul>\n<\/div><\/div>\n\n<p><\/p>\n\n<h3 class=\"wp-block-heading\">O grande final: Baldur's Gate<\/h3>\n\n<p>A era terminou em grande com <strong>Battle for Baldur's Gate<\/strong>. Esta edi\u00e7\u00e3o foi enorme para os colecionadores de chin\u00eas tradicional. Se contares as fichas e as cartas de arte, h\u00e1 mais de <strong>1.000 cartas diferentes<\/strong> para colecionar nesta l\u00edngua. Verdadeiramente guardou o melhor para o fim.   <\/p>\n\n<h3 class=\"wp-block-heading\">O Conjunto \u201cOculto\u201d: Warhammer 40,000<\/h3>\n\n<p>Sabias que existe um conjunto \u201csecreto\u201d que at\u00e9 sites famosos como o Scryfall n\u00e3o listam? Embora a maioria das pessoas pense que <em>Domin\u00e1ria Unida<\/em> deveria ter sido o conjunto final (embora nunca tenha sido realmente impresso em chin\u00eas tradicional), o verdadeiro conjunto fantasma final \u00e9 <strong>Warhammer 40,000<\/strong>. Foi impresso em chin\u00eas tradicional e \u00e9 incrivelmente raro, tornando-se o \u201csanto graal\u201d para os colecionadores desta era.  <\/p>\n\n<div class=\"wp-block-wpbb-wbd-progress-bar\"><div class=\"progress-name\" style=\"color:#333333;font-size:16px;font-family:inherit\">Conclus\u00e3o do projeto: 29 edi\u00e7\u00f5es (de 29)<\/div><div class=\"progress-track\" style=\"background-color:#e5e5e5;height:32px\"><div class=\"progress-fill\" style=\"width:95%;background-color:#c43d3d\"><span class=\"progress-percentage\" style=\"color:#ffffff;font-size:14px;font-family:inherit\">95%<\/span><\/div><\/div><\/div>\n\n<p><em>A edi\u00e7\u00e3o esquecida em chin\u00eas tradicional:<\/em><\/p>\n<div class=\"wp-block-image\">\n<figure class=\"aligncenter size-full\"><img loading=\"lazy\" decoding=\"async\" width=\"967\" height=\"34\" src=\"https:\/\/chinesethegathering.com\/wp-content\/uploads\/2026\/02\/Capture-decran-2026-02-12-222152.avif\" alt=\"\" class=\"wp-image-195\" style=\"aspect-ratio:28.444444444444443\" srcset=\"https:\/\/chinesethegathering.com\/wp-content\/uploads\/2026\/02\/Capture-decran-2026-02-12-222152.avif 967w, https:\/\/chinesethegathering.com\/wp-content\/uploads\/2026\/02\/Capture-decran-2026-02-12-222152-300x11.avif 300w, https:\/\/chinesethegathering.com\/wp-content\/uploads\/2026\/02\/Capture-decran-2026-02-12-222152-768x27.avif 768w\" sizes=\"auto, (max-width: 967px) 100vw, 967px\" \/><\/figure>\n<\/div>\n<p><\/p>\n\n<p><em>lista de edi\u00e7\u00f5es do scryfall que cobre o projeto:<\/em><\/p>\n<div class=\"wp-block-image\">\n<figure class=\"aligncenter size-full\"><img loading=\"lazy\" decoding=\"async\" width=\"969\" height=\"928\" src=\"https:\/\/chinesethegathering.com\/wp-content\/uploads\/2026\/02\/Capture-decran-2026-02-12-222034.avif\" alt=\"\" class=\"wp-image-193\" srcset=\"https:\/\/chinesethegathering.com\/wp-content\/uploads\/2026\/02\/Capture-decran-2026-02-12-222034.avif 969w, https:\/\/chinesethegathering.com\/wp-content\/uploads\/2026\/02\/Capture-decran-2026-02-12-222034-300x287.avif 300w, https:\/\/chinesethegathering.com\/wp-content\/uploads\/2026\/02\/Capture-decran-2026-02-12-222034-768x736.avif 768w\" sizes=\"auto, (max-width: 969px) 100vw, 969px\" \/><\/figure>\n<\/div>\n<p><\/p>\n","protected":false},"excerpt":{"rendered":"<p>Para muitos colecionadores, os anos entre 2019 e 2022 representam o melhor per\u00edodo de sempre para as cartas Magic em chin\u00eas tradicional. Enquanto o jogo estava a mudar globalmente, este mercado lingu\u00edstico espec\u00edfico viu designs incr\u00edveis e raridade extrema. Um per\u00edodo de design incr\u00edvel e baixa oferta Durante estes tr\u00eas anos, os designs das cartas &#8230; <a title=\"A Era Moderna\" class=\"read-more\" href=\"https:\/\/chinesethegathering.com\/pt-pt\/era-moderna-2019-2022\/\" aria-label=\"Leia mais sobre A Era Moderna\">teste<\/a><\/p>\n","protected":false},"author":1,"featured_media":2090,"parent":0,"menu_order":0,"comment_status":"closed","ping_status":"closed","template":"","meta":{"footnotes":""},"class_list":["post-2089","page","type-page","status-publish","has-post-thumbnail"],"_links":{"self":[{"href":"https:\/\/chinesethegathering.com\/pt-pt\/wp-json\/wp\/v2\/pages\/2089","targetHints":{"allow":["GET"]}}],"collection":[{"href":"https:\/\/chinesethegathering.com\/pt-pt\/wp-json\/wp\/v2\/pages"}],"about":[{"href":"https:\/\/chinesethegathering.com\/pt-pt\/wp-json\/wp\/v2\/types\/page"}],"author":[{"embeddable":true,"href":"https:\/\/chinesethegathering.com\/pt-pt\/wp-json\/wp\/v2\/users\/1"}],"replies":[{"embeddable":true,"href":"https:\/\/chinesethegathering.com\/pt-pt\/wp-json\/wp\/v2\/comments?post=2089"}],"version-history":[{"count":0,"href":"https:\/\/chinesethegathering.com\/pt-pt\/wp-json\/wp\/v2\/pages\/2089\/revisions"}],"wp:featuredmedia":[{"embeddable":true,"href":"https:\/\/chinesethegathering.com\/pt-pt\/wp-json\/wp\/v2\/media\/2090"}],"wp:attachment":[{"href":"https:\/\/chinesethegathering.com\/pt-pt\/wp-json\/wp\/v2\/media?parent=2089"}],"curies":[{"name":"wp","href":"https:\/\/api.w.org\/{rel}","templated":true}]}}