{"id":2050,"date":"2026-02-11T10:24:32","date_gmt":"2026-02-11T10:24:32","guid":{"rendered":"https:\/\/chinesethegathering.com\/era-prateada-2004-2010\/"},"modified":"2026-02-28T05:54:19","modified_gmt":"2026-02-28T05:54:19","slug":"era-prateada-2004-2010","status":"publish","type":"page","link":"https:\/\/chinesethegathering.com\/pt-pt\/era-prateada-2004-2010\/","title":{"rendered":"A Era da Prata"},"content":{"rendered":"\n<h3 class=\"wp-block-heading\">A Era Prateada: um mergulho no Chin\u00eas Simplificado (2004\u20132010)<\/h3>\n\n<p>Para os colecionadores de Chinese Magic: The Gathering, o per\u00edodo entre <strong>2004 e 2010<\/strong> representa um cap\u00edtulo \u00fanico e fascinante na hist\u00f3ria do jogo. Frequentemente referida como a <strong>\u201cEra de Prata\u201d<\/strong>, esta \u00e9poca assistiu a mudan\u00e7as significativas na pol\u00edtica de impress\u00e3o, na express\u00e3o art\u00edstica e na disponibilidade de mercado, o que torna estas cartas algumas das mais procuradas atualmente. <\/p>\n\n<h3 class=\"wp-block-heading\">Um mercado dividido: a ascens\u00e3o do Chin\u00eas Simplificado<\/h3>\n\n<p>Durante estes anos, ocorreu uma grande mudan\u00e7a no mercado asi\u00e1tico. Devido \u00e0 falta de sucesso comercial, o <strong>Chin\u00eas Tradicional<\/strong> foi descontinuado, ficando o <strong>Chin\u00eas Simplificado<\/strong> como a \u00fanica l\u00edngua impressa para o mercado chin\u00eas de MTG. Esta decis\u00e3o transformou as cartas em Chin\u00eas Simplificado desta era nas vers\u00f5es definitivas para os colecionadores da regi\u00e3o.  <\/p>\n\n<h3 class=\"wp-block-heading\">A raridade dos grandes blocos<\/h3>\n\n<div class=\"wp-block-media-text is-stacked-on-mobile\" style=\"grid-template-columns:15% auto\"><figure class=\"wp-block-media-text__media\"><img loading=\"lazy\" decoding=\"async\" width=\"672\" height=\"936\" src=\"https:\/\/chinesethegathering.com\/wp-content\/uploads\/2026\/02\/CHK_122.avif\" alt=\"\" class=\"wp-image-1612 size-full\" srcset=\"https:\/\/chinesethegathering.com\/wp-content\/uploads\/2026\/02\/CHK_122.avif 672w, https:\/\/chinesethegathering.com\/wp-content\/uploads\/2026\/02\/CHK_122-215x300.avif 215w\" sizes=\"auto, (max-width: 672px) 100vw, 672px\" \/><\/figure><div class=\"wp-block-media-text__content is-layout-flow wp-block-media-text-is-layout-flow\">\n<p>A Era Prateada come\u00e7ou com blocos lend\u00e1rios como <em>Champions of Kamigawa<\/em> e <em>Ravnica: City of Guilds<\/em>. Para l\u00e1 da jogabilidade de alta qualidade e da arte deslumbrante, estes sets sofrem (ou beneficiam, no caso dos colecionadores) de uma <strong>tiragem extremamente limitada<\/strong> em Chin\u00eas Simplificado. <\/p>\n\n\n\n<p>Hoje, completar um set completo de <em>Champions of Kamigawa<\/em> ou o <em><em>Ravnica: City of Guilds<\/em><\/em> original em Chin\u00eas Simplificado \u00e9 considerado quase imposs\u00edvel. A escassez destas cartas reflete diretamente a base de jogadores mais pequena na China no in\u00edcio dos anos 2000, muito antes de o jogo atingir a atual escala global. Esta raridade estende-se tamb\u00e9m a <em>Coldsnap<\/em>, que, tal como a sua vers\u00e3o em ingl\u00eas, teve uma impress\u00e3o muito restrita.  <\/p>\n<\/div><\/div>\n\n<p><\/p>\n\n<h3 class=\"wp-block-heading\">O auge da \u201cArte Alternativa\u201d<\/h3>\n\n<p><\/p>\n\n<div class=\"wp-block-media-text has-media-on-the-right is-stacked-on-mobile\" style=\"grid-template-columns:auto 15%\"><div class=\"wp-block-media-text__content is-layout-flow wp-block-media-text-is-layout-flow\">\n<p>O per\u00edodo entre <strong>2005 e 2008<\/strong> \u00e9 talvez mais famoso pelas <a href=\"https:\/\/chinesethegathering.com\/pt-pt\/cartas-com-arte-alternativa\/\" data-type=\"page\" data-id=\"1153\"><strong>cartas<\/strong> de <strong>Arte Alternativa<\/strong><\/a>. Devido a regulamentos locais e sensibilidades culturais, a Wizards of the Coast substitu\u00eda frequentemente ilustra\u00e7\u00f5es com esqueletos ou viol\u00eancia excessiva. <\/p>\n\n\n\n<p>O m\u00edtico bloco <em>Lorwyn \/ Shadowmoor<\/em> \u00e9 um testemunho desta era, beneficiando de um n\u00famero significativo de ilustra\u00e7\u00f5es alternativas. No entanto, esta tend\u00eancia atingiu o seu auge e o seu fim pouco depois, por volta de 2008. A partir do bloco <em>Shards of Alara<\/em>, os esqueletos come\u00e7aram a reaparecer nas cartas em Chin\u00eas Simplificado, marcando o fim de uma era est\u00e9tica \u00fanica.  <\/p>\n<\/div><figure class=\"wp-block-media-text__media\"><img loading=\"lazy\" decoding=\"async\" width=\"672\" height=\"936\" src=\"https:\/\/chinesethegathering.com\/wp-content\/uploads\/2026\/02\/SHM_260.avif\" alt=\"\" class=\"wp-image-1615 size-full\" srcset=\"https:\/\/chinesethegathering.com\/wp-content\/uploads\/2026\/02\/SHM_260.avif 672w, https:\/\/chinesethegathering.com\/wp-content\/uploads\/2026\/02\/SHM_260-215x300.avif 215w\" sizes=\"auto, (max-width: 672px) 100vw, 672px\" \/><\/figure><\/div>\n\n<p><\/p>\n\n<p><\/p>\n\n<div class=\"wp-block-wpbb-wbd-progress-bar\"><div class=\"progress-name\" style=\"color:#333333;font-size:16px;font-family:inherit\">Conclus\u00e3o do projeto: 26 sets (de 26)<\/div><div class=\"progress-track\" style=\"background-color:#e5e5e5;height:32px\"><div class=\"progress-fill\" style=\"width:100%;background-color:#c43d3d\"><span class=\"progress-percentage\" style=\"color:#ffffff;font-size:14px;font-family:inherit\">100%<\/span><\/div><\/div><\/div>\n\n<p><em>lista de edi\u00e7\u00f5es do scryfall que cobre o projeto:<\/em><\/p>\n<div class=\"wp-block-image\">\n<figure class=\"aligncenter size-full\"><img loading=\"lazy\" decoding=\"async\" width=\"1007\" height=\"862\" src=\"https:\/\/chinesethegathering.com\/wp-content\/uploads\/2026\/02\/Capture-decran-2026-02-11-110710.avif\" alt=\"\" class=\"wp-image-95\" srcset=\"https:\/\/chinesethegathering.com\/wp-content\/uploads\/2026\/02\/Capture-decran-2026-02-11-110710.avif 1007w, https:\/\/chinesethegathering.com\/wp-content\/uploads\/2026\/02\/Capture-decran-2026-02-11-110710-300x257.avif 300w, https:\/\/chinesethegathering.com\/wp-content\/uploads\/2026\/02\/Capture-decran-2026-02-11-110710-768x657.avif 768w\" sizes=\"auto, (max-width: 1007px) 100vw, 1007px\" \/><\/figure>\n<\/div>\n<p><\/p>\n\n<h3 class=\"wp-block-heading\">A mudan\u00e7a: Shards of Alara e o aumento de volume<\/h3>\n\n<p>A partir de <strong>2008<\/strong>, o panorama voltou a mudar. Com o lan\u00e7amento do bloco <em>Shards of Alara<\/em>, o volume de impress\u00e3o em chin\u00eas come\u00e7ou a aumentar significativamente. A era das \u201cTiragens Pequenas\u201d foi lentamente dando lugar \u00e0 produ\u00e7\u00e3o em massa, \u00e0 medida que a popularidade do jogo na China iniciava a sua forte ascens\u00e3o.  <\/p>\n\n<h3 class=\"wp-block-heading\">Porqu\u00ea colecionar a Era Prateada?<\/h3>\n\n<p>O per\u00edodo 2004\u20132010 continua a ser um \u201ctem de ser feito\u201d para colecionadores de cartas chinesas por 3 raz\u00f5es principais:<\/p>\n\n<ol start=\"1\" class=\"wp-block-list\">\n<li><strong>Escassez extrema:<\/strong> as tiragens incrivelmente baixas dos primeiros sets,<\/li>\n\n\n\n<li><strong>Singularidade visual:<\/strong> as artes alternativas oferecem um vislumbre de um momento espec\u00edfico da hist\u00f3ria do MTG que j\u00e1 n\u00e3o existe.<\/li>\n\n\n\n<li><strong>Sem <strong>Tradicional<\/strong><\/strong> <strong>cartas em Chin\u00eas :<\/strong> o Chin\u00eas Simplificado ser\u00e1 para sempre o \u00fanico chin\u00eas desta era.<\/li>\n<\/ol>\n\n<p><\/p>\n","protected":false},"excerpt":{"rendered":"<p>A Era Prateada: um mergulho no Chin\u00eas Simplificado (2004\u20132010) Para os colecionadores de Chinese Magic: The Gathering, o per\u00edodo entre 2004 e 2010 representa um cap\u00edtulo \u00fanico e fascinante na hist\u00f3ria do jogo. Frequentemente referida como a \u201cEra de Prata\u201d, esta \u00e9poca assistiu a mudan\u00e7as significativas na pol\u00edtica de impress\u00e3o, na express\u00e3o art\u00edstica e na &#8230; <a title=\"A Era da Prata\" class=\"read-more\" href=\"https:\/\/chinesethegathering.com\/pt-pt\/era-prateada-2004-2010\/\" aria-label=\"Leia mais sobre A Era da Prata\">teste<\/a><\/p>\n","protected":false},"author":1,"featured_media":538,"parent":0,"menu_order":0,"comment_status":"closed","ping_status":"closed","template":"","meta":{"footnotes":""},"class_list":["post-2050","page","type-page","status-publish","has-post-thumbnail"],"_links":{"self":[{"href":"https:\/\/chinesethegathering.com\/pt-pt\/wp-json\/wp\/v2\/pages\/2050","targetHints":{"allow":["GET"]}}],"collection":[{"href":"https:\/\/chinesethegathering.com\/pt-pt\/wp-json\/wp\/v2\/pages"}],"about":[{"href":"https:\/\/chinesethegathering.com\/pt-pt\/wp-json\/wp\/v2\/types\/page"}],"author":[{"embeddable":true,"href":"https:\/\/chinesethegathering.com\/pt-pt\/wp-json\/wp\/v2\/users\/1"}],"replies":[{"embeddable":true,"href":"https:\/\/chinesethegathering.com\/pt-pt\/wp-json\/wp\/v2\/comments?post=2050"}],"version-history":[{"count":0,"href":"https:\/\/chinesethegathering.com\/pt-pt\/wp-json\/wp\/v2\/pages\/2050\/revisions"}],"wp:featuredmedia":[{"embeddable":true,"href":"https:\/\/chinesethegathering.com\/pt-pt\/wp-json\/wp\/v2\/media\/538"}],"wp:attachment":[{"href":"https:\/\/chinesethegathering.com\/pt-pt\/wp-json\/wp\/v2\/media?parent=2050"}],"curies":[{"name":"wp","href":"https:\/\/api.w.org\/{rel}","templated":true}]}}