{"id":1734,"date":"2026-02-21T21:30:18","date_gmt":"2026-02-21T21:30:18","guid":{"rendered":"https:\/\/chinesethegathering.com\/cartas-com-arte-alternativa\/"},"modified":"2026-03-05T06:02:14","modified_gmt":"2026-03-05T06:02:14","slug":"cartas-com-arte-alternativa","status":"publish","type":"page","link":"https:\/\/chinesethegathering.com\/pt-pt\/cartas-com-arte-alternativa\/","title":{"rendered":"Cartas com arte alternativa"},"content":{"rendered":"\n<h2 class=\"wp-block-heading\">Porque \u00e9 que algumas cartas parecem diferentes na sua vers\u00e3o chinesa<\/h2>\n\n<p>S\u00e3o criadas vers\u00f5es de cartas espec\u00edficas para cada mercado para respeitar as prefer\u00eancias culturais locais. Isto envolve frequentemente a atualiza\u00e7\u00e3o de ilustra\u00e7\u00f5es que apresentem esqueletos, \u00edcones religiosos ou imagens sens\u00edveis para cumprir os requisitos regionais.  <\/p>\n\n<p>Por causa disto, a Wizards of the Coast (WotC) teve de alterar a arte de muitas cartas vendidas na China. Inicialmente, substitu\u00edram a arte por completo, mas mais tarde come\u00e7aram a modificar as imagens originais.  Atualmente, a WotC costuma pedir aos artistas que sigam estas normas desde o in\u00edcio, pelo que raramente \u00e9 necess\u00e1ria arte \u201cexclusiva para a China\". <strong>Eventide, em 2008, foi o \u00faltimo set a receber cartas com arte alternativa.<\/strong><\/p>\n\n<div class=\"wp-block-group is-nowrap is-layout-flex wp-container-core-group-is-layout-ad2f72ca wp-block-group-is-layout-flex\">\n<p><\/p>\n\n\n\n<p><\/p>\n\n\n\n<p><\/p>\n<\/div>\n\n<figure class=\"wp-block-gallery has-nested-images columns-default is-cropped wp-block-gallery-1 is-layout-flex wp-block-gallery-is-layout-flex\">\n<figure class=\"wp-block-image size-large\"><img loading=\"lazy\" decoding=\"async\" width=\"500\" height=\"371\" data-id=\"1261\" src=\"https:\/\/chinesethegathering.com\/wp-content\/uploads\/2026\/02\/6589.avif\" alt=\"\" class=\"wp-image-1261\" srcset=\"https:\/\/chinesethegathering.com\/wp-content\/uploads\/2026\/02\/6589.avif 500w, https:\/\/chinesethegathering.com\/wp-content\/uploads\/2026\/02\/6589-300x223.avif 300w\" sizes=\"auto, (max-width: 500px) 100vw, 500px\" \/><\/figure>\n\n\n\n<figure class=\"wp-block-image size-large\"><img loading=\"lazy\" decoding=\"async\" width=\"502\" height=\"371\" data-id=\"1258\" src=\"https:\/\/chinesethegathering.com\/wp-content\/uploads\/2026\/02\/image-2.avif\" alt=\"\" class=\"wp-image-1258\" srcset=\"https:\/\/chinesethegathering.com\/wp-content\/uploads\/2026\/02\/image-2.avif 502w, https:\/\/chinesethegathering.com\/wp-content\/uploads\/2026\/02\/image-2-300x222.avif 300w\" sizes=\"auto, (max-width: 502px) 100vw, 502px\" \/><\/figure>\n<\/figure>\n\n<p class=\"has-small-font-size\"><em>Guarda da Casa Dimir<\/em> de Ravnica: City of Guilds em ingl\u00eas Vs. <em>Guarda da Casa Dimir<\/em> com Arte Alternativa em Chin\u00eas Simplificado (foi adicionada pele \u00e0 figura principal) por John Zeleznik.<em> (fonte: <a href=\"https:\/\/www.magiclibrarities.net\/506-rarities-simplified-chinese-alternate-art-cards-simplified-chinese-cards-index.html\" data-type=\"link\" data-id=\"https:\/\/www.magiclibrarities.net\/506-rarities-simplified-chinese-alternate-art-cards-simplified-chinese-cards-index.html\" target=\"_blank\" rel=\"noreferrer noopener\">Magic Librarities<\/a>)<\/em><\/p>\n\n<h3 class=\"wp-block-heading\">A regra do \u201cesqueleto\" mudou em 2008<\/h3>\n\n<p>Em 2008, os f\u00e3s perguntavam-se como \u00e9 que o set <em>Shards of Alara<\/em> \u2014 que estava cheio de esqueletos \u2014 poderia ser vendido na China.<\/p>\n\n<ul class=\"wp-block-list\">\n<li><strong>Escolha Criativa<\/strong>: A WotC decidiu n\u00e3o fazer centenas de cartas alternativas para esse set.<\/li>\n\n\n\n<li><strong>Mudan\u00e7a Cultural<\/strong>: Embora os esqueletos fossem outrora vistos como sin\u00f3nimo de \u201cazar\" pelas pessoas mais velhas, os jogadores mais jovens veem-nos como algo \u201carrojado\" ou porreiro.<\/li>\n\n\n\n<li><strong>Permiss\u00e3o<\/strong>: O escrit\u00f3rio da WotC na China permitiu que o set fosse lan\u00e7ado sem altera\u00e7\u00f5es.<\/li>\n<\/ul>\n\n<figure class=\"wp-block-image size-full\"><img loading=\"lazy\" decoding=\"async\" width=\"1200\" height=\"199\" src=\"https:\/\/chinesethegathering.com\/wp-content\/uploads\/2026\/02\/Sans-titre-2.avif\" alt=\"\" class=\"wp-image-1291\" style=\"object-fit:cover\" srcset=\"https:\/\/chinesethegathering.com\/wp-content\/uploads\/2026\/02\/Sans-titre-2.avif 1200w, https:\/\/chinesethegathering.com\/wp-content\/uploads\/2026\/02\/Sans-titre-2-300x50.avif 300w, https:\/\/chinesethegathering.com\/wp-content\/uploads\/2026\/02\/Sans-titre-2-1024x170.avif 1024w, https:\/\/chinesethegathering.com\/wp-content\/uploads\/2026\/02\/Sans-titre-2-768x127.avif 768w\" sizes=\"auto, (max-width: 1200px) 100vw, 1200px\" \/><\/figure>\n\n<p class=\"has-small-font-size\"><em>Mago da Guilda Golgari de Ravnica: City of Guilds em ingl\u00eas Vs. Mago da Guilda Golgari com Arte Alternativa em Chin\u00eas Simplificado (caveira pintada por cima e substitu\u00edda por um orbe de pedra) por Zoltan Boros &amp; Gabor Szikszai. (fonte: <a href=\"https:\/\/www.magiclibrarities.net\/506-rarities-simplified-chinese-alternate-art-cards-simplified-chinese-cards-index.html\" data-type=\"link\" data-id=\"https:\/\/www.magiclibrarities.net\/506-rarities-simplified-chinese-alternate-art-cards-simplified-chinese-cards-index.html\" target=\"_blank\" rel=\"noreferrer noopener\">Magic Librarities<\/a>) <\/em><\/p>\n\n<h3 class=\"wp-block-heading\">Cartas com arte alternativa (apenas n\u00e3o-foil)<\/h3>\n\n<p>Aqui tens a lista das <strong>101 artes alternativas \u00fanicas<\/strong> encontradas em sets chineses, excluindo vers\u00f5es foil. Se quiseres mais detalhes, sugiro que visites a sec\u00e7\u00e3o dedicada em <a href=\"https:\/\/www.magiclibrarities.net\/510-rarities-simplified-chinese-alternate-art-cards-simplified-chinese-cards-index.html\" data-type=\"link\" data-id=\"https:\/\/www.magiclibrarities.net\/510-rarities-simplified-chinese-alternate-art-cards-simplified-chinese-cards-index.html\" target=\"_blank\" rel=\"noreferrer noopener\">Magic Librarities<\/a>. <\/p>\n\n<hr class=\"wp-block-separator has-alpha-channel-opacity\"\/>\n    \n    <style>\n        .mtg-table { width: 100%; border-collapse: collapse; text-align: center; font-family: sans-serif; margin: 20px 0; border: 1px solid #ddd; }\n        .mtg-table td:not(.mtg-header) { padding: 15px 5px; border: 1px solid #ddd; transition: all 0.3s ease; width: 20%; vertical-align: middle; }\n        .mtg-table td:not(.mtg-header):hover { transform: scale(1.1); z-index: 10; position: relative; background-color: #f9f9f9; box-shadow: 0 4px 12px rgba(0,0,0,0.1); }\n        .mtg-header { background-color: #333; color: #fff; font-weight: bold; padding: 12px !important; text-transform: uppercase; font-size: 0.9em; letter-spacing: 1px; }\n        .mtg-table a { text-decoration: none; color: inherit; display: block; }\n        .card-count { display: block; font-size: 0.8em; margin-top: 8px; color: #666; font-weight: normal; }\n    <\/style>\n\n    <table class=\"mtg-table\">\n      <tbody>\n        <tr><td colspan=\"5\" class=\"mtg-header\">Old Frame (1997-2001)<\/td><\/tr>\n        <tr>\n          <td><a href=\"https:\/\/chinesethegathering.com\/pt-pt\/portal-alternate-arts\/\"><i class=\"ss ss-por ss-2x\"><\/i><span class=\"card-count\">29 cards<\/span><\/a><\/td>\n          <td><a href=\"https:\/\/chinesethegathering.com\/pt-pt\/fifth-edition-alternate-arts\/\"><i class=\"ss ss-5ed ss-2x\"><\/i><span class=\"card-count\">6 cards<\/span><\/a><\/td>\n          <td><a href=\"https:\/\/chinesethegathering.com\/pt-pt\/sixth-edition-alternate-arts\/\"><i class=\"ss ss-6ed ss-2x\"><\/i><span class=\"card-count\">1 cards<\/span><\/a><\/td>\n          <td><a href=\"https:\/\/chinesethegathering.com\/pt-pt\/seventh-edition-alternate-arts\/\"><i class=\"ss ss-7ed ss-2x\"><\/i><span class=\"card-count\">4 cards<\/span><\/a><\/td>\n          <td><a href=\"https:\/\/chinesethegathering.com\/pt-pt\/urzas-saga-alternate-arts\/\"><i class=\"ss ss-usg ss-2x\"><\/i><span class=\"card-count\">7 cards<\/span><\/a><\/td>\n        <\/tr>\n        <tr>\n          <td><a href=\"https:\/\/chinesethegathering.com\/pt-pt\/invasion-alternate-arts\/\"><i class=\"ss ss-inv ss-2x\"><\/i><span class=\"card-count\">2 cards<\/span><\/a><\/td>\n          <td><a href=\"https:\/\/chinesethegathering.com\/pt-pt\/odyssey-alternate-arts\/\"><i class=\"ss ss-ody ss-2x\"><\/i><span class=\"card-count\">4 cards<\/span><\/a><\/td>\n          <td colspan=\"3\" style=\"background: #fafafa;\"><\/td>\n        <\/tr>\n\n        <tr><td colspan=\"5\" class=\"mtg-header\">Modern Frame (2003-2008)<\/td><\/tr>\n        <tr>\n          <td><a href=\"https:\/\/chinesethegathering.com\/pt-pt\/eight-edition-alternate-arts\/\"><i class=\"ss ss-8ed ss-2x\"><\/i><span class=\"card-count\">3 cards<\/span><\/a><\/td>\n          <td><a href=\"https:\/\/chinesethegathering.com\/pt-pt\/tenth-x-edition\/\"><i class=\"ss ss-10e ss-2x\"><\/i><span class=\"card-count\">9 cards<\/span><\/a><\/td>\n          <td><a href=\"https:\/\/chinesethegathering.com\/pt-pt\/darksteel-alternate-arts\/\"><i class=\"ss ss-dst ss-2x\"><\/i><span class=\"card-count\">1 cards<\/span><\/a><\/td>\n          <td><a href=\"https:\/\/chinesethegathering.com\/pt-pt\/ravnica-city-of-guilds-alternate-arts\/\"><i class=\"ss ss-rav ss-2x\"><\/i><span class=\"card-count\">7 cards<\/span><\/a><\/td>\n          <td><a href=\"https:\/\/chinesethegathering.com\/pt-pt\/guildpact-alternate-arts\/\"><i class=\"ss ss-gpt ss-2x\"><\/i><span class=\"card-count\">3 cards<\/span><\/a><\/td>\n        <\/tr>\n        <tr>\n          <td><a href=\"https:\/\/chinesethegathering.com\/pt-pt\/dissension-alternate-arts\/\"><i class=\"ss ss-dis ss-2x\"><\/i><span class=\"card-count\">1 cards<\/span><\/a><\/td>\n          <td><a href=\"https:\/\/chinesethegathering.com\/pt-pt\/time-spiral-alternate-arts\/\"><i class=\"ss ss-tsp ss-2x\"><\/i><span class=\"card-count\">2 cards<\/span><\/a><\/td>\n          <td><a href=\"https:\/\/chinesethegathering.com\/pt-pt\/planar-chaos-alternate-arts\/\"><i class=\"ss ss-plc ss-2x\"><\/i><span class=\"card-count\">1 cards<\/span><\/a><\/td>\n          <td><a href=\"https:\/\/chinesethegathering.com\/pt-pt\/future-sight-alternate-arts\/\"><i class=\"ss ss-fut ss-2x\"><\/i><span class=\"card-count\">5 cards<\/span><\/a><\/td>\n          <td><a href=\"https:\/\/chinesethegathering.com\/pt-pt\/lorwyn-alternate-arts\/\"><i class=\"ss ss-lrw ss-2x\"><\/i><span class=\"card-count\">1 cards<\/span><\/a><\/td>\n        <\/tr>\n        <tr>\n          <td><a href=\"https:\/\/chinesethegathering.com\/pt-pt\/morningtide-alternate-arts\/\"><i class=\"ss ss-mor ss-2x\"><\/i><span class=\"card-count\">3 cards<\/span><\/a><\/td>\n          <td><a href=\"https:\/\/chinesethegathering.com\/pt-pt\/shadowmoor-alternate-arts\/\"><i class=\"ss ss-shm ss-2x\"><\/i><span class=\"card-count\">8 cards<\/span><\/a><\/td>\n          <td><a href=\"https:\/\/chinesethegathering.com\/pt-pt\/eventide-alternate-arts\/\"><i class=\"ss ss-eve ss-2x\"><\/i><span class=\"card-count\">4 cards<\/span><\/a><\/td>\n          <td colspan=\"2\" style=\"background: #fafafa;\"><\/td>\n        <\/tr>\n      <\/tbody>\n    <\/table>\n\n    \n\n<p><strong>Existem vers\u00f5es Foil destas cartas desde o Odyssey Set em 2001. Algumas das variantes foil destas cartas s\u00e3o incrivelmente raras e caras. <\/strong><\/p>\n\n<p><\/p>\n\n<blockquote class=\"wp-block-quote is-layout-flow wp-block-quote-is-layout-flow\">\n<p class=\"has-base-2-background-color has-background\">Sabias que? Existem apenas 8 cartas de moldura antiga foil chinesas com arte alternativa: 4 da S\u00e9tima Edi\u00e7\u00e3o e 4 do Odyssey Set. Na verdade, as cartas de arte alternativa foil de Invasion foram impressas em ingl\u00eas!  <\/p>\n<\/blockquote>\n\n<figure class=\"wp-block-image size-full\"><img loading=\"lazy\" decoding=\"async\" width=\"1200\" height=\"300\" src=\"https:\/\/chinesethegathering.com\/wp-content\/uploads\/2026\/02\/Sans-titre-1.avif\" alt=\"\" class=\"wp-image-1289\" srcset=\"https:\/\/chinesethegathering.com\/wp-content\/uploads\/2026\/02\/Sans-titre-1.avif 1200w, https:\/\/chinesethegathering.com\/wp-content\/uploads\/2026\/02\/Sans-titre-1-300x75.avif 300w, https:\/\/chinesethegathering.com\/wp-content\/uploads\/2026\/02\/Sans-titre-1-1024x256.avif 1024w, https:\/\/chinesethegathering.com\/wp-content\/uploads\/2026\/02\/Sans-titre-1-768x192.avif 768w\" sizes=\"auto, (max-width: 1200px) 100vw, 1200px\" \/><\/figure>\n\n<p class=\"has-small-font-size\"><em>Recordar de Ravnica: City of Guilds em ingl\u00eas Vs. Recordar com Arte Alternativa em Chin\u00eas Simplificado (caveira pintada por cima e substitu\u00edda por um amuleto m\u00e1gico do passado) por Pete Venters. (fonte: <a href=\"https:\/\/www.magiclibrarities.net\/506-rarities-simplified-chinese-alternate-art-cards-simplified-chinese-cards-index.html\" data-type=\"link\" data-id=\"https:\/\/www.magiclibrarities.net\/506-rarities-simplified-chinese-alternate-art-cards-simplified-chinese-cards-index.html\" target=\"_blank\" rel=\"noreferrer noopener\">Magic Librarities<\/a>) <\/em><\/p>\n\n<h3 class=\"wp-block-heading\">Estas cartas s\u00e3o extremamente raras por tr\u00eas raz\u00f5es simples<\/h3>\n\n<ul class=\"wp-block-list\">\n<li><strong>Tiragens pequenas:<\/strong> No in\u00edcio dos anos 2000, a comunidade de Magic na China era muito pequena. Foram impressas muito poucas destas cartas em compara\u00e7\u00e3o com as vers\u00f5es em ingl\u00eas ou japon\u00eas. <\/li>\n\n\n\n<li><strong>S\u00f3 foram feitas uma vez:<\/strong> Estas artes \u00fanicas foram criadas apenas para sets espec\u00edficos para seguir os costumes locais. Assim que a Wizards of the Coast mudou o seu estilo art\u00edstico para se adequar a todos os mercados globalmente, estas \u201cvers\u00f5es especiais\" nunca mais foram impressas. <\/li>\n\n\n\n<li><strong>Perdidas com o tempo:<\/strong> Muitas destas cartas foram usadas pelos jogadores sem capas protetoras ou deitadas fora h\u00e1 anos, porque as pessoas n\u00e3o sabiam que eram especiais.<\/li>\n<\/ul>\n\n<p>A nossa carta de arte alternativa favorita de <strong>Urza's Saga: Formigas de Fogo de Tom Fleming<\/strong>. Porque \u00e9 t\u00e3o especial? Porque a arte chinesa n\u00e3o \u00e9 simplesmente uma c\u00f3pia adaptada da ilustra\u00e7\u00e3o original. Al\u00e9m disso, ao contr\u00e1rio das cartas alternativas de Portal, ambas as vers\u00f5es da carta foram ilustradas pelo mesmo artista.   <\/p>\n\n<figure class=\"wp-block-gallery has-nested-images columns-default is-cropped wp-block-gallery-2 is-layout-flex wp-block-gallery-is-layout-flex\">\n<figure class=\"wp-block-image size-full\"><img loading=\"lazy\" decoding=\"async\" width=\"672\" height=\"936\" data-id=\"1275\" src=\"https:\/\/chinesethegathering.com\/wp-content\/uploads\/2026\/02\/image-9.avif\" alt=\"\" class=\"wp-image-1275\" srcset=\"https:\/\/chinesethegathering.com\/wp-content\/uploads\/2026\/02\/image-9.avif 672w, https:\/\/chinesethegathering.com\/wp-content\/uploads\/2026\/02\/image-9-215x300.avif 215w\" sizes=\"auto, (max-width: 672px) 100vw, 672px\" \/><\/figure>\n\n\n\n<figure class=\"wp-block-image size-full\"><img loading=\"lazy\" decoding=\"async\" width=\"488\" height=\"680\" data-id=\"1274\" src=\"https:\/\/chinesethegathering.com\/wp-content\/uploads\/2026\/02\/image-8.avif\" alt=\"\" class=\"wp-image-1274\" srcset=\"https:\/\/chinesethegathering.com\/wp-content\/uploads\/2026\/02\/image-8.avif 488w, https:\/\/chinesethegathering.com\/wp-content\/uploads\/2026\/02\/image-8-215x300.avif 215w\" sizes=\"auto, (max-width: 488px) 100vw, 488px\" \/><\/figure>\n<\/figure>\n\n<p><\/p>\n\n<p><strong>Hoje em dia, os colecionadores na China j\u00e1 compraram a maioria das c\u00f3pias restantes<\/strong>. Como o Magic deixou de imprimir cartas f\u00edsicas em Chin\u00eas Simplificado em 2024, estas 101 cartas tornaram-se itens \u201cfantasma\" \u2014 <strong>s\u00e3o quase imposs\u00edveis de encontrar no mercado, mesmo no seu pa\u00eds de origem<\/strong>. Na Europa e na Am\u00e9rica, ainda podes encontrar estas cartas espec\u00edficas, mas o seu valor est\u00e1 a subir rapidamente. Se te deparares com estas cartas, agarra-as antes que seja tarde demais.   <\/p>\n\n<div style=\"position:relative;padding-top:56.25%;\"><iframe src=\"https:\/\/player.mediadelivery.net\/embed\/603413\/139d53d4-f216-465f-b21d-f06d337f1dcb?autoplay=false&#038;loop=false&#038;muted=false&#038;preload=true&#038;responsive=true\" loading=\"lazy\" style=\"border:0;position:absolute;top:0;height:100%;width:100%;\" allow=\"accelerometer;gyroscope;autoplay;encrypted-media;picture-in-picture;\" allowfullscreen=\"true\"><\/iframe><\/div>\n\n<p><\/p>\n","protected":false},"excerpt":{"rendered":"<p>Porque \u00e9 que algumas cartas parecem diferentes na sua vers\u00e3o chinesa S\u00e3o criadas vers\u00f5es de cartas espec\u00edficas para cada mercado para respeitar as prefer\u00eancias culturais locais. Isto envolve frequentemente a atualiza\u00e7\u00e3o de ilustra\u00e7\u00f5es que apresentem esqueletos, \u00edcones religiosos ou imagens sens\u00edveis para cumprir os requisitos regionais. Por causa disto, a Wizards of the Coast (WotC) &#8230; <a title=\"Cartas com arte alternativa\" class=\"read-more\" href=\"https:\/\/chinesethegathering.com\/pt-pt\/cartas-com-arte-alternativa\/\" aria-label=\"Leia mais sobre Cartas com arte alternativa\">teste<\/a><\/p>\n","protected":false},"author":1,"featured_media":1742,"parent":0,"menu_order":0,"comment_status":"closed","ping_status":"closed","template":"","meta":{"footnotes":""},"class_list":["post-1734","page","type-page","status-publish","has-post-thumbnail"],"_links":{"self":[{"href":"https:\/\/chinesethegathering.com\/pt-pt\/wp-json\/wp\/v2\/pages\/1734","targetHints":{"allow":["GET"]}}],"collection":[{"href":"https:\/\/chinesethegathering.com\/pt-pt\/wp-json\/wp\/v2\/pages"}],"about":[{"href":"https:\/\/chinesethegathering.com\/pt-pt\/wp-json\/wp\/v2\/types\/page"}],"author":[{"embeddable":true,"href":"https:\/\/chinesethegathering.com\/pt-pt\/wp-json\/wp\/v2\/users\/1"}],"replies":[{"embeddable":true,"href":"https:\/\/chinesethegathering.com\/pt-pt\/wp-json\/wp\/v2\/comments?post=1734"}],"version-history":[{"count":0,"href":"https:\/\/chinesethegathering.com\/pt-pt\/wp-json\/wp\/v2\/pages\/1734\/revisions"}],"wp:featuredmedia":[{"embeddable":true,"href":"https:\/\/chinesethegathering.com\/pt-pt\/wp-json\/wp\/v2\/media\/1742"}],"wp:attachment":[{"href":"https:\/\/chinesethegathering.com\/pt-pt\/wp-json\/wp\/v2\/media?parent=1734"}],"curies":[{"name":"wp","href":"https:\/\/api.w.org\/{rel}","templated":true}]}}