{"id":3845,"date":"2026-02-28T19:13:46","date_gmt":"2026-02-28T19:13:46","guid":{"rendered":"https:\/\/chinesethegathering.com\/global-series\/"},"modified":"2026-03-01T07:08:11","modified_gmt":"2026-03-01T07:08:11","slug":"global-series","status":"publish","type":"page","link":"https:\/\/chinesethegathering.com\/it\/global-series\/","title":{"rendered":"Global Series"},"content":{"rendered":"\n<h2 class=\"wp-block-heading\">Global Series: Jiang Yanggu &amp; Mu Yanling<\/h2>\n\n<div class=\"wp-block-media-text has-media-on-the-right is-stacked-on-mobile\" style=\"grid-template-columns:auto 40%\"><div class=\"wp-block-media-text__content is-layout-flow wp-block-media-text-is-layout-flow\">\n<p><\/p>\n\n\n\n<p><strong>Global Series: Jiang Yanggu &amp; Mu Yanling<\/strong> \u00e8 un prodotto speciale di Magic: The Gathering. \u00c8 stato pubblicato nel 2018 ed \u00e8 stato progettato principalmente per il mercato cinese. <strong> \u00c8 stato stampato solo in inglese e cinese semplificato.<\/strong><\/p>\n\n\n\n<p>A differenza di un normale set di espansione, questo prodotto contiene due mazzi da 60 carte pronti all\u2019uso invece delle bustine. Ogni mazzo \u00e8 costruito attorno a un planeswalker diverso: <\/p>\n\n\n\n<ul class=\"wp-block-list\">\n<li><strong>Jiang Yanggu<\/strong><\/li>\n\n\n\n<li><strong>Mu Yanling<\/strong><\/li>\n<\/ul>\n\n\n\n<p>Questi personaggi sono stati creati per riflettere i temi e la mitologia cinese all\u2019interno dell\u2019universo di Magic.<\/p>\n<\/div><figure class=\"wp-block-media-text__media\"><img loading=\"lazy\" decoding=\"async\" width=\"522\" height=\"382\" src=\"https:\/\/chinesethegathering.com\/wp-content\/uploads\/2026\/02\/35971708_2163364983678903_8699304731601797120_n-e1772306064395.avif\" alt=\"\" class=\"wp-image-3639 size-full\" srcset=\"https:\/\/chinesethegathering.com\/wp-content\/uploads\/2026\/02\/35971708_2163364983678903_8699304731601797120_n-e1772306064395.avif 522w, https:\/\/chinesethegathering.com\/wp-content\/uploads\/2026\/02\/35971708_2163364983678903_8699304731601797120_n-e1772306064395-300x220.avif 300w\" sizes=\"auto, (max-width: 522px) 100vw, 522px\" \/><\/figure><\/div>\n\n<p><strong>Global Series: Jiang Yanggu &amp; Mu Yanling <\/strong>\u00e8 l\u2019unico prodotto su Scryfall pubblicato esclusivamente per i mercati inglese e cinese:<\/p>\n\n<figure class=\"wp-block-image\"><img loading=\"lazy\" decoding=\"async\" width=\"1006\" height=\"33\" src=\"https:\/\/chinesethegathering.com\/wp-content\/uploads\/2026\/02\/image-13.avif\" alt=\"\" class=\"wp-image-3673\" srcset=\"https:\/\/chinesethegathering.com\/wp-content\/uploads\/2026\/02\/image-13.avif 1006w, https:\/\/chinesethegathering.com\/wp-content\/uploads\/2026\/02\/image-13-300x10.avif 300w, https:\/\/chinesethegathering.com\/wp-content\/uploads\/2026\/02\/image-13-768x25.avif 768w\" sizes=\"auto, (max-width: 1006px) 100vw, 1006px\" \/><\/figure>\n\n<hr class=\"wp-block-separator has-alpha-channel-opacity\"\/>\n\n<h2 class=\"wp-block-heading\">Un box cinese unico<\/h2>\n\n<p>Uno degli aspetti pi\u00f9 interessanti di questo prodotto \u00e8 il <strong>packaging dell\u2019edizione cinese<\/strong>.<\/p>\n\n<div class=\"wp-block-media-text is-stacked-on-mobile\" style=\"grid-template-columns:40% auto\"><figure class=\"wp-block-media-text__media\"><img loading=\"lazy\" decoding=\"async\" width=\"746\" height=\"334\" src=\"https:\/\/chinesethegathering.com\/wp-content\/uploads\/2026\/02\/image-12.avif\" alt=\"\" class=\"wp-image-3661 size-full\" srcset=\"https:\/\/chinesethegathering.com\/wp-content\/uploads\/2026\/02\/image-12.avif 746w, https:\/\/chinesethegathering.com\/wp-content\/uploads\/2026\/02\/image-12-300x134.avif 300w\" sizes=\"auto, (max-width: 746px) 100vw, 746px\" \/><\/figure><div class=\"wp-block-media-text__content is-layout-flow wp-block-media-text-is-layout-flow\">\n<p>Il box cinese \u00e8 unico perch\u00e9:<\/p>\n\n\n\n<ul class=\"wp-block-list\">\n<li>Rappresenta uno dei primi grandi prodotti di Magic creati con un chiaro focus regionale.<\/li>\n\n\n\n<li>\u00c8 stato progettato specificamente per il mercato cinese.<\/li>\n\n\n\n<li>Il layout delle illustrazioni differisce dalla versione internazionale.<\/li>\n\n\n\n<li>La presentazione del prodotto mette maggiormente in risalto i due planeswalker.<\/li>\n<\/ul>\n<\/div><\/div>\n\n<p><\/p>\n\n<p>Questo rende la versione cinese storicamente importante. Non \u00e8 un semplice prodotto tradotto: riflette la strategia di Wizards of the Coast per connettersi direttamente con i giocatori cinesi. <\/p>\n\n<div class=\"wp-block-media-text has-media-on-the-right is-stacked-on-mobile\" style=\"grid-template-columns:auto 20%\"><div class=\"wp-block-media-text__content is-layout-flow wp-block-media-text-is-layout-flow\">\n<p>Per un confronto, ecco la versione internazionale del box <strong>Global Series: Jiang Yanggu &amp; Mu Yanling<\/strong>.<\/p>\n<\/div><figure class=\"wp-block-media-text__media\"><img loading=\"lazy\" decoding=\"async\" width=\"1024\" height=\"1024\" src=\"https:\/\/chinesethegathering.com\/wp-content\/uploads\/2026\/03\/89ff4e12-8a3e-55f3-87be-e932bbf958c4__01807-1024x1024.avif\" alt=\"\" class=\"wp-image-3682 size-full\" srcset=\"https:\/\/chinesethegathering.com\/wp-content\/uploads\/2026\/03\/89ff4e12-8a3e-55f3-87be-e932bbf958c4__01807-1024x1024.avif 1024w, https:\/\/chinesethegathering.com\/wp-content\/uploads\/2026\/03\/89ff4e12-8a3e-55f3-87be-e932bbf958c4__01807-300x300.avif 300w, https:\/\/chinesethegathering.com\/wp-content\/uploads\/2026\/03\/89ff4e12-8a3e-55f3-87be-e932bbf958c4__01807-150x150.avif 150w, https:\/\/chinesethegathering.com\/wp-content\/uploads\/2026\/03\/89ff4e12-8a3e-55f3-87be-e932bbf958c4__01807-768x768.avif 768w, https:\/\/chinesethegathering.com\/wp-content\/uploads\/2026\/03\/89ff4e12-8a3e-55f3-87be-e932bbf958c4__01807.avif 1280w\" sizes=\"auto, (max-width: 1024px) 100vw, 1024px\" \/><\/figure><\/div>\n\n<p>Per i collezionisti, il box cinese si distingue come un\u2019uscita regionale a s\u00e9 stante, non solo come un\u2019altra variante linguistica.<\/p>\n\n<hr class=\"wp-block-separator has-alpha-channel-opacity\"\/>\n\n<h2 class=\"wp-block-heading\">Cosa c\u2019\u00e8 dentro?<\/h2>\n\n<p>Il prodotto include:<\/p>\n\n<ul class=\"wp-block-list\">\n<li>2 mazzi completi da 60 carte<\/li>\n\n\n\n<li>2 carte planeswalker foil premium<\/li>\n\n\n\n<li>Guide alle regole per principianti<\/li>\n\n\n\n<li>Diverse carte esclusive per questa uscita<\/li>\n<\/ul>\n\n<p>Molte delle carte non erano state stampate nei normali set di espansione dell\u2019epoca, rendendo il prodotto unico nel design e nell\u2019identit\u00e0.<\/p>\n\n<h2 class=\"wp-block-heading\">La pedina esclusiva<\/h2>\n\n<p>Un altro dettaglio interessante di <em>Global Series: Jiang Yanggu &amp; Mu Yanling<\/em> \u00e8 la <strong>pedina bifronte esclusiva<\/strong> inclusa nel prodotto. Questa pedina \u00e8 stata progettata specificamente per questa uscita e non faceva parte di un normale set di espansione. Riflette il tema e le meccaniche dei due mazzi, in particolare la connessione di Jiang Yanggu con le creature e il controllo dell\u2019acqua di Mu Yanling.  <\/p>\n\n<div class=\"wp-block-columns is-layout-flex wp-container-core-columns-is-layout-9d6595d7 wp-block-columns-is-layout-flex\">\n<div class=\"wp-block-column is-layout-flow wp-block-column-is-layout-flow\"><div class=\"wp-block-image\">\n<figure data-wp-context=\"{&quot;imageId&quot;:&quot;69d0089183235&quot;}\" data-wp-interactive=\"core\/image\" data-wp-key=\"69d0089183235\" class=\"alignright size-medium wp-lightbox-container\"><img loading=\"lazy\" decoding=\"async\" width=\"212\" height=\"300\" data-wp-class--hide=\"state.isContentHidden\" data-wp-class--show=\"state.isContentVisible\" data-wp-init=\"callbacks.setButtonStyles\" data-wp-on--click=\"actions.showLightbox\" data-wp-on--load=\"callbacks.setButtonStyles\" data-wp-on-window--resize=\"callbacks.setButtonStyles\" src=\"https:\/\/chinesethegathering.com\/wp-content\/uploads\/2026\/02\/Capture-decran-2026-02-28-205350-212x300.avif\" alt=\"\" class=\"wp-image-3655\" srcset=\"https:\/\/chinesethegathering.com\/wp-content\/uploads\/2026\/02\/Capture-decran-2026-02-28-205350-212x300.avif 212w, https:\/\/chinesethegathering.com\/wp-content\/uploads\/2026\/02\/Capture-decran-2026-02-28-205350.avif 428w\" sizes=\"auto, (max-width: 212px) 100vw, 212px\" \/><button\n\t\t\tclass=\"lightbox-trigger\"\n\t\t\ttype=\"button\"\n\t\t\taria-haspopup=\"dialog\"\n\t\t\taria-label=\"Ingrandisci\"\n\t\t\tdata-wp-init=\"callbacks.initTriggerButton\"\n\t\t\tdata-wp-on--click=\"actions.showLightbox\"\n\t\t\tdata-wp-style--right=\"state.imageButtonRight\"\n\t\t\tdata-wp-style--top=\"state.imageButtonTop\"\n\t\t>\n\t\t\t<svg xmlns=\"http:\/\/www.w3.org\/2000\/svg\" width=\"12\" height=\"12\" fill=\"none\" viewBox=\"0 0 12 12\">\n\t\t\t\t<path fill=\"#fff\" d=\"M2 0a2 2 0 0 0-2 2v2h1.5V2a.5.5 0 0 1 .5-.5h2V0H2Zm2 10.5H2a.5.5 0 0 1-.5-.5V8H0v2a2 2 0 0 0 2 2h2v-1.5ZM8 12v-1.5h2a.5.5 0 0 0 .5-.5V8H12v2a2 2 0 0 1-2 2H8Zm2-12a2 2 0 0 1 2 2v2h-1.5V2a.5.5 0 0 0-.5-.5H8V0h2Z\" \/>\n\t\t\t<\/svg>\n\t\t<\/button><\/figure>\n<\/div><\/div>\n\n\n\n<div class=\"wp-block-column is-layout-flow wp-block-column-is-layout-flow\"><div class=\"wp-block-image\">\n<figure data-wp-context=\"{&quot;imageId&quot;:&quot;69d0089183aa4&quot;}\" data-wp-interactive=\"core\/image\" data-wp-key=\"69d0089183aa4\" class=\"alignleft size-medium wp-lightbox-container\"><img loading=\"lazy\" decoding=\"async\" width=\"217\" height=\"300\" data-wp-class--hide=\"state.isContentHidden\" data-wp-class--show=\"state.isContentVisible\" data-wp-init=\"callbacks.setButtonStyles\" data-wp-on--click=\"actions.showLightbox\" data-wp-on--load=\"callbacks.setButtonStyles\" data-wp-on-window--resize=\"callbacks.setButtonStyles\" src=\"https:\/\/chinesethegathering.com\/wp-content\/uploads\/2026\/02\/Capture-decran-2026-02-28-205418-217x300.avif\" alt=\"\" class=\"wp-image-3654\" srcset=\"https:\/\/chinesethegathering.com\/wp-content\/uploads\/2026\/02\/Capture-decran-2026-02-28-205418-217x300.avif 217w, https:\/\/chinesethegathering.com\/wp-content\/uploads\/2026\/02\/Capture-decran-2026-02-28-205418.avif 431w\" sizes=\"auto, (max-width: 217px) 100vw, 217px\" \/><button\n\t\t\tclass=\"lightbox-trigger\"\n\t\t\ttype=\"button\"\n\t\t\taria-haspopup=\"dialog\"\n\t\t\taria-label=\"Ingrandisci\"\n\t\t\tdata-wp-init=\"callbacks.initTriggerButton\"\n\t\t\tdata-wp-on--click=\"actions.showLightbox\"\n\t\t\tdata-wp-style--right=\"state.imageButtonRight\"\n\t\t\tdata-wp-style--top=\"state.imageButtonTop\"\n\t\t>\n\t\t\t<svg xmlns=\"http:\/\/www.w3.org\/2000\/svg\" width=\"12\" height=\"12\" fill=\"none\" viewBox=\"0 0 12 12\">\n\t\t\t\t<path fill=\"#fff\" d=\"M2 0a2 2 0 0 0-2 2v2h1.5V2a.5.5 0 0 1 .5-.5h2V0H2Zm2 10.5H2a.5.5 0 0 1-.5-.5V8H0v2a2 2 0 0 0 2 2h2v-1.5ZM8 12v-1.5h2a.5.5 0 0 0 .5-.5V8H12v2a2 2 0 0 1-2 2H8Zm2-12a2 2 0 0 1 2 2v2h-1.5V2a.5.5 0 0 0-.5-.5H8V0h2Z\" \/>\n\t\t\t<\/svg>\n\t\t<\/button><\/figure>\n<\/div><\/div>\n<\/div>\n\n<p>Per i collezionisti, questa pedina \u00e8 importante perch\u00e9 rappresenta una stampa specifica del prodotto, il che significa che non pu\u00f2 essere trovata nelle bustine dei set standard. Di conseguenza, aggiunge un piccolo ma significativo tocco di unicit\u00e0 al box Global Series. Nel tempo, inserti esclusivi come questo diventano spesso pezzi degni di nota per i collezionisti che si concentrano su prodotti di Magic regionali o limitati.  <\/p>\n","protected":false},"excerpt":{"rendered":"<p>Global Series: Jiang Yanggu &amp; Mu Yanling Global Series: Jiang Yanggu &amp; Mu Yanling \u00e8 l\u2019unico prodotto su Scryfall pubblicato esclusivamente per i mercati inglese e cinese: Un box cinese unico Uno degli aspetti pi\u00f9 interessanti di questo prodotto \u00e8 il packaging dell\u2019edizione cinese. Questo rende la versione cinese storicamente importante. Non \u00e8 un semplice &#8230; <a title=\"Global Series\" class=\"read-more\" href=\"https:\/\/chinesethegathering.com\/it\/global-series\/\" aria-label=\"Per saperne di pi\u00f9 su Global Series\">test<\/a><\/p>\n","protected":false},"author":1,"featured_media":0,"parent":0,"menu_order":0,"comment_status":"closed","ping_status":"closed","template":"","meta":{"footnotes":""},"class_list":["post-3845","page","type-page","status-publish"],"_links":{"self":[{"href":"https:\/\/chinesethegathering.com\/it\/wp-json\/wp\/v2\/pages\/3845","targetHints":{"allow":["GET"]}}],"collection":[{"href":"https:\/\/chinesethegathering.com\/it\/wp-json\/wp\/v2\/pages"}],"about":[{"href":"https:\/\/chinesethegathering.com\/it\/wp-json\/wp\/v2\/types\/page"}],"author":[{"embeddable":true,"href":"https:\/\/chinesethegathering.com\/it\/wp-json\/wp\/v2\/users\/1"}],"replies":[{"embeddable":true,"href":"https:\/\/chinesethegathering.com\/it\/wp-json\/wp\/v2\/comments?post=3845"}],"version-history":[{"count":0,"href":"https:\/\/chinesethegathering.com\/it\/wp-json\/wp\/v2\/pages\/3845\/revisions"}],"wp:attachment":[{"href":"https:\/\/chinesethegathering.com\/it\/wp-json\/wp\/v2\/media?parent=3845"}],"curies":[{"name":"wp","href":"https:\/\/api.w.org\/{rel}","templated":true}]}}