{"id":367,"date":"2026-02-11T10:18:49","date_gmt":"2026-02-11T10:18:49","guid":{"rendered":"https:\/\/chinesethegathering.com\/il-progetto-globale\/"},"modified":"2026-03-08T19:51:22","modified_gmt":"2026-03-08T19:51:22","slug":"il-progetto-globale","status":"publish","type":"page","link":"https:\/\/chinesethegathering.com\/it\/il-progetto-globale\/","title":{"rendered":"Chinese: The Gathering"},"content":{"rendered":"\n<h2 class=\"wp-block-heading\">Costruire la collezione definitiva di Magic in cinese<\/h2>\n\n<p>In Magic: The Gathering, i collezionisti solitamente danno la caccia alle carte <em>Alpha<\/em> o a tirature ultra-rare come <em>Summer Magic.<\/em> Ma sta emergendo un diverso tipo di rarit\u00e0: le edizioni cinesi, che uniscono il significato culturale ad alcuni dei numeri di produzione pi\u00f9 bassi nella storia di MTG.<\/p>\n\n<p>Siamo orgogliosi di presentare un progetto monumentale: <strong>La collezione perfetta di Chinese: The Gathering.<\/strong> Il nostro obiettivo \u00e8 semplice ma audace: curare la pi\u00f9 grande e completa collezione di carte in lingua cinese esistente, stabilendola come una delle raccolte di TCG pi\u00f9 rare del pianeta.<\/p>\n\n<h3 class=\"wp-block-heading\">L\u2019obiettivo finale<\/h3>\n\n<div class=\"wp-block-media-text is-stacked-on-mobile is-vertically-aligned-center\" style=\"grid-template-columns:30% auto\"><figure class=\"wp-block-media-text__media\"><img loading=\"lazy\" decoding=\"async\" width=\"874\" height=\"565\" src=\"https:\/\/chinesethegathering.com\/wp-content\/uploads\/2026\/02\/unnamed-8-e1771694152299.avif\" alt=\"\" class=\"wp-image-1389 size-full\" srcset=\"https:\/\/chinesethegathering.com\/wp-content\/uploads\/2026\/02\/unnamed-8-e1771694152299.avif 874w, https:\/\/chinesethegathering.com\/wp-content\/uploads\/2026\/02\/unnamed-8-e1771694152299-300x194.avif 300w, https:\/\/chinesethegathering.com\/wp-content\/uploads\/2026\/02\/unnamed-8-e1771694152299-768x496.avif 768w\" sizes=\"auto, (max-width: 874px) 100vw, 874px\" \/><\/figure><div class=\"wp-block-media-text__content is-layout-flow wp-block-media-text-is-layout-flow\">\n<p>Cerchiamo di raccogliere:<\/p>\n\n\n\n<ul class=\"wp-block-list\">\n<li style=\"font-size:19px;font-style:normal;font-weight:600\">8.000 carte in cinese semplificato dal 1997 al 2010<\/li>\n\n\n\n<li style=\"font-size:19px;font-style:normal;font-weight:600\">18.000 carte in cinese tradizionale dal 1995 al 2022<\/li>\n<\/ul>\n\n\n\n<p>Le carte in cinese semplificato dal 2010 al 2024 sono escluse da questo progetto a causa degli elevati volumi di stampa e dello scarso interesse collezionistico.<\/p>\n<\/div><\/div>\n\n<p><\/p>\n\n<div class=\"wp-block-group is-nowrap is-layout-flex wp-container-core-group-is-layout-ad2f72ca wp-block-group-is-layout-flex\">\n<p><\/p>\n<\/div>\n\n<h3 class=\"wp-block-heading\">Pi\u00f9 raro di Alpha<\/h3>\n\n<p><\/p>\n\n<div class=\"wp-block-media-text has-media-on-the-right is-stacked-on-mobile\" style=\"grid-template-columns:auto 35%\"><div class=\"wp-block-media-text__content is-layout-flow wp-block-media-text-is-layout-flow\">\n<p>Sebbene l\u2019edizione <em>Alpha<\/em> sia il punto di riferimento per molti, i dati di stampa raccontano una storia diversa per le edizioni cinesi. Prodotti in quantit\u00e0 significativamente inferiori rispetto alle controparti inglesi, molti set cinesi possiedono un tasso di sopravvivenza che rivaleggia, e talvolta supera, le prime stampe del gioco. <\/p>\n\n\n\n<p>Inoltre, queste edizioni sono celebri per le loro <strong>illustrazioni alternative uniche<\/strong>, con artwork mai visti nelle versioni occidentali, che le rendono non solo pezzi di gioco, ma esclusivi manufatti culturali.<\/p>\n<\/div><figure class=\"wp-block-media-text__media\"><img loading=\"lazy\" decoding=\"async\" width=\"1024\" height=\"683\" src=\"https:\/\/chinesethegathering.com\/wp-content\/uploads\/2026\/02\/ca47ff9a-7b1d-4fd3-b8d4-a89b6c5f1944-1-1024x683.avif\" alt=\"\" class=\"wp-image-1578 size-full\" srcset=\"https:\/\/chinesethegathering.com\/wp-content\/uploads\/2026\/02\/ca47ff9a-7b1d-4fd3-b8d4-a89b6c5f1944-1-1024x683.avif 1024w, https:\/\/chinesethegathering.com\/wp-content\/uploads\/2026\/02\/ca47ff9a-7b1d-4fd3-b8d4-a89b6c5f1944-1-300x200.avif 300w, https:\/\/chinesethegathering.com\/wp-content\/uploads\/2026\/02\/ca47ff9a-7b1d-4fd3-b8d4-a89b6c5f1944-1-768x512.avif 768w, https:\/\/chinesethegathering.com\/wp-content\/uploads\/2026\/02\/ca47ff9a-7b1d-4fd3-b8d4-a89b6c5f1944-1.avif 1536w\" sizes=\"auto, (max-width: 1024px) 100vw, 1024px\" \/><\/figure><\/div>\n\n<hr class=\"wp-block-separator has-alpha-channel-opacity\"\/>\n\n<div class=\"wp-block-group is-nowrap is-layout-flex wp-container-core-group-is-layout-ad2f72ca wp-block-group-is-layout-flex\">\n<i class=\"ss ss-5ed ss-4x\"><\/i>\n\n\n\n\u00a0\n\n\n\n<h4 class=\"wp-block-heading has-text-align-left\"><em>Sebbene Summer Magic sia nota per la sua tiratura limitata, diverse edizioni cinesi come la <strong>Quinta Edizione in cinese semplificato<\/strong> raggiungono o superano quel livello di rarit\u00e0.<\/em><\/h4>\n<\/div>\n\n<hr class=\"wp-block-separator has-alpha-channel-opacity\"\/>\n\n<h3 class=\"wp-block-heading\">Una storia completa (1995\u20132022)<\/h3>\n\n<p>Questa collezione \u00e8 un registro storico dettagliato. Segue la crescita del gioco in Cina e Taiwan dalla prima stampa in cinese tradizionale nel 1995 fino all\u2019ultima nel 2022. Ci siamo concentrati principalmente sulle carte in lingua cinese tradizionale. (<a href=\"https:\/\/chinesethegathering.com\/it\/perche-il-cinese-tradizionale\/\" data-type=\"page\" data-id=\"154\">scopri questa scelta in questo articolo<\/a>).<\/p>\n\n<p>L\u2019archivio \u00e8 organizzato in quattro diversi periodi temporali. Questi periodi seguono la storia della stampa in lingua mandarino <\/p>\n\n<ol start=\"1\" class=\"wp-block-list\">\n<li><strong><a href=\"https:\/\/chinesethegathering.com\/it\/lepoca-doro-1995-2003\/\" data-type=\"page\" data-id=\"177\">L\u2019Era d\u2019Oro (1995\u20132003)<\/a>:<\/strong> Una collezione di ogni set in cinese semplificato e cinese tradizionale.<\/li>\n\n\n\n<li><strong><a href=\"https:\/\/chinesethegathering.com\/it\/era-dargento-2004-2010\/\" data-type=\"page\" data-id=\"94\">L\u2019Era d\u2019Argento (2004\u20132010)<\/a>:<\/strong> Quando il cinese tradizionale non veniva stampato, ci siamo concentrati sul cinese semplificato. Questo ha mantenuto viva la collezione in lingua cinese. <\/li>\n\n\n\n<li><strong><a href=\"https:\/\/chinesethegathering.com\/it\/era-di-bronzo-2010-2019\/\" data-type=\"page\" data-id=\"101\">L\u2019Era di Bronzo (2010-2019)<\/a>: <\/strong>Ritorno al cinese tradizionale<\/li>\n\n\n\n<li><strong><a href=\"https:\/\/chinesethegathering.com\/it\/era-moderna-2019-2022\/\" data-type=\"page\" data-id=\"103\">La rinascita moderna e il finale (2019\u20132022)<\/a>:<\/strong> l\u2019ultimo decennio di produzione in cinese tradizionale.<\/li>\n<\/ol>\n\n<h3 class=\"wp-block-heading\">Questo progetto mira a trovare ogni singola carta<\/h3>\n\n<div class=\"wp-block-media-text is-stacked-on-mobile\" style=\"grid-template-columns:25% auto\"><figure class=\"wp-block-media-text__media\"><img loading=\"lazy\" decoding=\"async\" width=\"1024\" height=\"1024\" src=\"https:\/\/chinesethegathering.com\/wp-content\/uploads\/2026\/02\/BCO.0892287a-f4c1-488d-86b1-c55059d4acef.avif\" alt=\"\" class=\"wp-image-1384 size-full\" srcset=\"https:\/\/chinesethegathering.com\/wp-content\/uploads\/2026\/02\/BCO.0892287a-f4c1-488d-86b1-c55059d4acef.avif 1024w, https:\/\/chinesethegathering.com\/wp-content\/uploads\/2026\/02\/BCO.0892287a-f4c1-488d-86b1-c55059d4acef-300x300.avif 300w, https:\/\/chinesethegathering.com\/wp-content\/uploads\/2026\/02\/BCO.0892287a-f4c1-488d-86b1-c55059d4acef-150x150.avif 150w, https:\/\/chinesethegathering.com\/wp-content\/uploads\/2026\/02\/BCO.0892287a-f4c1-488d-86b1-c55059d4acef-768x768.avif 768w\" sizes=\"auto, (max-width: 1024px) 100vw, 1024px\" \/><\/figure><div class=\"wp-block-media-text__content is-layout-flow wp-block-media-text-is-layout-flow\">\n<p>Questo progetto mira a trovare ogni singola carta. Non stiamo solo cercando carte popolari. Stiamo registrando l\u2019intera storia della stampa:  <\/p>\n\n\n\n<ul class=\"wp-block-list\">\n<li>Ogni carta del set base.<\/li>\n\n\n\n<li>Tutte le Art Card e i Token.<\/li>\n\n\n\n<li>Ogni carta promozionale esclusiva e ogni variante di \u201ccornice\u201d unica.<\/li>\n<\/ul>\n\n\n\n<p>Per mantenere il \u201cMaster Set\u201d puro e completabile, non includiamo timbri di pre-release o carte foil. Sebbene sia possibile collezionare set specifici in foil, completare un set completo di ogni carta in foil \u00e8 statisticamente impossibile. Concentrandoci sul \u201cClassic Frame\u201d e sulle versioni uniche, creiamo un\u2019esposizione coerente e di qualit\u00e0 museale.  <\/p>\n<\/div><\/div>\n\n<p><\/p>\n\n<h3 class=\"wp-block-heading\">Un archivio storico<\/h3>\n\n<p>Magic: The Gathering \u00e8 stato il primo gioco di carte collezionabili (TCG) stampato in cinese. \u00c8 uscito prima di Pok\u00e9mon e ha contribuito a dare il via ai giochi da tavolo nella regione. Questa collezione \u00e8 pi\u00f9 di un semplice hobby;<strong> \u00e8 un archivio storico di un evento culturale<\/strong>. Anche se il mercato inglese \u00e8 pi\u00f9 famoso, l\u2019elevata rarit\u00e0 e l\u2019importanza storica delle stampe cinesi offrono un grande prestigio.   <\/p>\n<div class=\"wp-block-image\">\n<figure class=\"aligncenter size-large\"><img loading=\"lazy\" decoding=\"async\" width=\"1024\" height=\"683\" src=\"https:\/\/chinesethegathering.com\/wp-content\/uploads\/2026\/02\/image-1024x683.avif\" alt=\"\" class=\"wp-image-217\" srcset=\"https:\/\/chinesethegathering.com\/wp-content\/uploads\/2026\/02\/image-1024x683.avif 1024w, https:\/\/chinesethegathering.com\/wp-content\/uploads\/2026\/02\/image-300x200.avif 300w, https:\/\/chinesethegathering.com\/wp-content\/uploads\/2026\/02\/image-768x512.avif 768w, https:\/\/chinesethegathering.com\/wp-content\/uploads\/2026\/02\/image.avif 1536w\" sizes=\"auto, (max-width: 1024px) 100vw, 1024px\" \/><\/figure>\n<\/div>\n<p><\/p>\n\n<p class=\"has-base-2-background-color has-background\">Non stiamo solo assemblando un raccoglitore; stiamo preservando un\u2019eredit\u00e0. Un giorno, <strong>queste carte saranno in un museo dei TCG<\/strong>. Mostreranno il capitolo pi\u00f9 raro nella storia del pi\u00f9 grande gioco di carte del mondo. <\/p>\n\n<p><\/p>\n","protected":false},"excerpt":{"rendered":"<p>Costruire la collezione definitiva di Magic in cinese In Magic: The Gathering, i collezionisti solitamente danno la caccia alle carte Alpha o a tirature ultra-rare come Summer Magic. Ma sta emergendo un diverso tipo di rarit\u00e0: le edizioni cinesi, che uniscono il significato culturale ad alcuni dei numeri di produzione pi\u00f9 bassi nella storia di &#8230; <a title=\"Chinese: The Gathering\" class=\"read-more\" href=\"https:\/\/chinesethegathering.com\/it\/il-progetto-globale\/\" aria-label=\"Per saperne di pi\u00f9 su Chinese: The Gathering\">test<\/a><\/p>\n","protected":false},"author":1,"featured_media":1572,"parent":0,"menu_order":0,"comment_status":"closed","ping_status":"closed","template":"","meta":{"footnotes":""},"class_list":["post-367","page","type-page","status-publish","has-post-thumbnail"],"_links":{"self":[{"href":"https:\/\/chinesethegathering.com\/it\/wp-json\/wp\/v2\/pages\/367","targetHints":{"allow":["GET"]}}],"collection":[{"href":"https:\/\/chinesethegathering.com\/it\/wp-json\/wp\/v2\/pages"}],"about":[{"href":"https:\/\/chinesethegathering.com\/it\/wp-json\/wp\/v2\/types\/page"}],"author":[{"embeddable":true,"href":"https:\/\/chinesethegathering.com\/it\/wp-json\/wp\/v2\/users\/1"}],"replies":[{"embeddable":true,"href":"https:\/\/chinesethegathering.com\/it\/wp-json\/wp\/v2\/comments?post=367"}],"version-history":[{"count":0,"href":"https:\/\/chinesethegathering.com\/it\/wp-json\/wp\/v2\/pages\/367\/revisions"}],"wp:featuredmedia":[{"embeddable":true,"href":"https:\/\/chinesethegathering.com\/it\/wp-json\/wp\/v2\/media\/1572"}],"wp:attachment":[{"href":"https:\/\/chinesethegathering.com\/it\/wp-json\/wp\/v2\/media?parent=367"}],"curies":[{"name":"wp","href":"https:\/\/api.w.org\/{rel}","templated":true}]}}