{"id":2510,"date":"2026-02-22T10:59:55","date_gmt":"2026-02-22T10:59:55","guid":{"rendered":"https:\/\/chinesethegathering.com\/come-costruire-un-set-di-magic-the-gathering\/"},"modified":"2026-02-27T21:41:53","modified_gmt":"2026-02-27T21:41:53","slug":"come-costruire-un-set-di-magic-the-gathering","status":"publish","type":"page","link":"https:\/\/chinesethegathering.com\/it\/come-costruire-un-set-di-magic-the-gathering\/","title":{"rendered":"Come costruire un set"},"content":{"rendered":"\n<h2 class=\"wp-block-heading\">Perch\u00e9 collezionare set completi ha senso<\/h2>\n\n<div class=\"wp-block-media-text is-stacked-on-mobile\" style=\"grid-template-columns:40% auto\"><figure class=\"wp-block-media-text__media\"><img loading=\"lazy\" decoding=\"async\" width=\"477\" height=\"258\" src=\"https:\/\/chinesethegathering.com\/wp-content\/uploads\/2026\/02\/Capture-decran-2026-02-22-115349.avif\" alt=\"\" class=\"wp-image-1513 size-full\" srcset=\"https:\/\/chinesethegathering.com\/wp-content\/uploads\/2026\/02\/Capture-decran-2026-02-22-115349.avif 477w, https:\/\/chinesethegathering.com\/wp-content\/uploads\/2026\/02\/Capture-decran-2026-02-22-115349-300x162.avif 300w\" sizes=\"auto, (max-width: 477px) 100vw, 477px\" \/><\/figure><div class=\"wp-block-media-text__content is-layout-flow wp-block-media-text-is-layout-flow\">\n<p>Oggi collezionare set completi non \u00e8 pi\u00f9 molto popolare. La maggior parte dei collezionisti si concentra su singole carte costose. Tuttavia, \u00e8 probabile che questa tendenza cambi nei prossimi anni per <strong>ragioni demografiche, sociali ed economiche<\/strong>.  <\/p>\n\n\n\n<p>Man mano che i giocatori invecchiano, molti preferiscono collezionare piuttosto che giocare attivamente. Inoltre, le carte di Magic stanno diventando lentamente <strong>oggetti da collezione storici<\/strong>, simili ai fumetti classici, ai giocattoli vintage o persino alle belle arti nel mondo moderno <\/p>\n<\/div><\/div>\n\n<p><\/p>\n\n<p>In futuro, <strong>le prime carte di Magic The Gathering potrebbero essere viste come i \u201ccapolavori della pittura\u201d dei giochi di carte collezionabili.<\/strong><\/p>\n\n<h2 class=\"wp-block-heading\">I set inglesi hanno perso parte del loro fascino dopo il 2000<\/h2>\n\n<p>Collezionare set inglesi \u00e8 cambiato in modo significativo nel 2000 con l\u2019arrivo del <strong>Magic Online Redemption Program<\/strong>. A partire dal set <em>Invasione<\/em>, i giocatori potevano riscattare set digitali completi e ricevere set fisici completi (versioni normali e foil). <\/p>\n\n<p>Questo significa:<\/p>\n\n<ul class=\"wp-block-list\">\n<li>Molti set inglesi dopo il 2000 sono stati creati in grandi quantit\u00e0<\/li>\n\n\n\n<li>Non richiedevano pi\u00f9 l\u2019apertura di bustine per essere completati<\/li>\n<\/ul>\n\n<p>Di conseguenza, solo i <strong>set inglesi precedenti al 2000<\/strong> richiedevano davvero un collezionismo organico tramite le bustine. Detto questo, collezionare set inglesi \u00e8 ancora divertente e stimolante, specialmente i set pi\u00f9 vecchi, e quelli moderni ora che il programma di riscatto \u00e8 terminato e le illustrazioni alternative sono diventate pi\u00f9 comuni. <\/p>\n\n<h2 class=\"wp-block-heading\">Lo speciale valore dei set in lingua straniera<\/h2>\n\n<p>La maggior parte dei creatori di contenuti di Magic si concentra quasi esclusivamente sulle carte in inglese.<\/p>\n\n<p>Ma chi parla inglese <strong>non rappresenta la maggioranza della popolazione mondiale<\/strong> \u2014 e il numero di collezionisti che leggono altre lingue \u00e8 in costante crescita.<\/p>\n\n<p>In molte regioni (Asia, Europa, Sud America):<\/p>\n\n<ul class=\"wp-block-list\">\n<li>I giocatori spesso parlano due lingue (la loro lingua madre + l\u2019inglese)<\/li>\n\n\n\n<li>Hanno giocato a Magic usando sia carte in inglese che carte nella propria lingua<\/li>\n<\/ul>\n\n<p>Per questo motivo, molti collezionisti sentono un forte legame emotivo con le carte nella loro lingua madre.<\/p>\n\n<div class=\"wp-block-media-text is-stacked-on-mobile\" style=\"grid-template-columns:40% auto\"><figure class=\"wp-block-media-text__media\"><img loading=\"lazy\" decoding=\"async\" width=\"488\" height=\"240\" src=\"https:\/\/chinesethegathering.com\/wp-content\/uploads\/2026\/02\/Capture-decran-2026-02-22-115128.avif\" alt=\"\" class=\"wp-image-1508 size-full\" srcset=\"https:\/\/chinesethegathering.com\/wp-content\/uploads\/2026\/02\/Capture-decran-2026-02-22-115128.avif 488w, https:\/\/chinesethegathering.com\/wp-content\/uploads\/2026\/02\/Capture-decran-2026-02-22-115128-300x148.avif 300w\" sizes=\"auto, (max-width: 488px) 100vw, 488px\" \/><\/figure><div class=\"wp-block-media-text__content is-layout-flow wp-block-media-text-is-layout-flow\">\n<p><\/p>\n\n\n\n<p>Le carte in lingua straniera sono solitamente <strong>molto pi\u00f9 rare delle carte in inglese<\/strong> perch\u00e9:<\/p>\n\n\n\n<ul class=\"wp-block-list\">\n<li>Tirature di stampa pi\u00f9 piccole<\/li>\n\n\n\n<li>Nessun grande programma di riscatto come quello dei set inglesi<\/li>\n<\/ul>\n\n\n\n<p>Questo rende i set completi in lingua straniera particolarmente attraenti per i collezionisti a lungo termine.<\/p>\n<\/div><\/div>\n\n<h2 class=\"wp-block-heading\">Tre modi per costruire un set (da facile a hardcore)<\/h2>\n\n<h3 class=\"wp-block-heading\">1. Il metodo diretto (veloce ma meno divertente)<\/h3>\n\n<p>Compri un set completo online o in un negozio locale.<\/p>\n\n<p>Alcuni siti web ti permettono di aggiungere automaticamente al carrello ogni carta di un set. Altri vendono set completi gi\u00e0 pronti. <\/p>\n\n<ul class=\"wp-block-list\">\n<li>pro: Veloce ed efficiente<\/li>\n\n\n\n<li>contro: Non molto eccitante o gratificante<\/li>\n<\/ul>\n\n<h3 class=\"wp-block-heading\">2. Il metodo divertente (il nostro approccio consigliato)<\/h3>\n\n<p>Questo \u00e8 il nostro approccio preferito. Compra uno o pi\u00f9 <strong>box di bustine<\/strong> del tuo set preferito e inizia a costruire da l\u00ec. In media, un box ti d\u00e0 circa:  <\/p>\n\n<ul class=\"wp-block-list\">\n<li>~400 comuni<\/li>\n\n\n\n<li>~100 non comuni<\/li>\n\n\n\n<li>~36 rare o mitiche<\/li>\n<\/ul>\n\n<p>Questo di solito copre <strong>pi\u00f9 della met\u00e0 del set<\/strong>, incluse molte terre base. Curiosamente, le terre base e le pedine possono essere tra gli oggetti pi\u00f9 difficili da trovare singolarmente \u2014 perch\u00e9 le persone raramente le vendono. I box di bustine spesso ne includono molte, il che \u00e8 un grande vantaggio.  <\/p>\n\n<p>Crediamo fermamente che i box di Magic siano fatti per essere <strong>aperti e goduti<\/strong>, non conservati per sempre sugli scaffali.<\/p>\n\n<p>Dopo l\u2019apertura:<\/p>\n\n<ul class=\"wp-block-list\">\n<li>Fai una lista delle carte mancanti,<\/li>\n\n\n\n<li>Compra il resto come carte singole online o nei negozi locali<\/li>\n<\/ul>\n\n<p>Questo metodo combina <strong>divertimento, nostalgia e costi ragionevoli<\/strong> e ti permette anche di conservare il box vuoto come oggetto da collezione.<\/p>\n\n<h3 class=\"wp-block-heading\">3. Il metodo del collezionista hardcore<\/h3>\n\n<p>Puoi anche costruire un set interamente:<\/p>\n\n<ul class=\"wp-block-list\">\n<li>Comprando ogni carta singolarmente,<\/li>\n\n\n\n<li>Dando la caccia a lotti e collezioni online.<\/li>\n<\/ul>\n\n<p>Questo richiede pi\u00f9 tempo e impegno, ma \u00e8 estremamente soddisfacente per i veri collezionisti.<\/p>\n\n<hr class=\"wp-block-separator has-alpha-channel-opacity\"\/>\n\n<h2 class=\"wp-block-heading\">Considerazioni finali<\/h2>\n\n<div class=\"wp-block-media-text is-stacked-on-mobile\" style=\"grid-template-columns:25% auto\"><figure class=\"wp-block-media-text__media\"><img loading=\"lazy\" decoding=\"async\" width=\"1024\" height=\"683\" src=\"https:\/\/chinesethegathering.com\/wp-content\/uploads\/2026\/02\/d9102a9a-0d8f-4eb5-a4cd-4cc185e75406-1-1024x683.avif\" alt=\"\" class=\"wp-image-1498 size-full\" srcset=\"https:\/\/chinesethegathering.com\/wp-content\/uploads\/2026\/02\/d9102a9a-0d8f-4eb5-a4cd-4cc185e75406-1-1024x683.avif 1024w, https:\/\/chinesethegathering.com\/wp-content\/uploads\/2026\/02\/d9102a9a-0d8f-4eb5-a4cd-4cc185e75406-1-300x200.avif 300w, https:\/\/chinesethegathering.com\/wp-content\/uploads\/2026\/02\/d9102a9a-0d8f-4eb5-a4cd-4cc185e75406-1-768x512.avif 768w, https:\/\/chinesethegathering.com\/wp-content\/uploads\/2026\/02\/d9102a9a-0d8f-4eb5-a4cd-4cc185e75406-1.avif 1536w\" sizes=\"auto, (max-width: 1024px) 100vw, 1024px\" \/><\/figure><div class=\"wp-block-media-text__content is-layout-flow wp-block-media-text-is-layout-flow\">\n<p class=\"has-text-align-left\">Speriamo che questo articolo ti incoraggi a iniziare a costruire set completi. Prova a collezionare le tue ere preferite di Magic nella tua lingua madre, quando possibile. Riscoprirai la gioia di aprire i pacchetti, completare le collezioni e possedere veri oggetti da collezione storici e non solo singole carte costose.  <\/p>\n\n\n\n<p>Col tempo, i set completi (specialmente in lingue rare) potrebbero diventare alcune delle collezioni di Magic pi\u00f9 preziose e significative al mondo.<\/p>\n<\/div><\/div>\n","protected":false},"excerpt":{"rendered":"<p>Perch\u00e9 collezionare set completi ha senso Oggi collezionare set completi non \u00e8 pi\u00f9 molto popolare. La maggior parte dei collezionisti si concentra su singole carte costose. Tuttavia, \u00e8 probabile che questa tendenza cambi nei prossimi anni per ragioni demografiche, sociali ed economiche. Man mano che i giocatori invecchiano, molti preferiscono collezionare piuttosto che giocare attivamente. &#8230; <a title=\"Come costruire un set\" class=\"read-more\" href=\"https:\/\/chinesethegathering.com\/it\/come-costruire-un-set-di-magic-the-gathering\/\" aria-label=\"Per saperne di pi\u00f9 su Come costruire un set\">test<\/a><\/p>\n","protected":false},"author":1,"featured_media":2512,"parent":0,"menu_order":0,"comment_status":"closed","ping_status":"closed","template":"","meta":{"footnotes":""},"class_list":["post-2510","page","type-page","status-publish","has-post-thumbnail"],"_links":{"self":[{"href":"https:\/\/chinesethegathering.com\/it\/wp-json\/wp\/v2\/pages\/2510","targetHints":{"allow":["GET"]}}],"collection":[{"href":"https:\/\/chinesethegathering.com\/it\/wp-json\/wp\/v2\/pages"}],"about":[{"href":"https:\/\/chinesethegathering.com\/it\/wp-json\/wp\/v2\/types\/page"}],"author":[{"embeddable":true,"href":"https:\/\/chinesethegathering.com\/it\/wp-json\/wp\/v2\/users\/1"}],"replies":[{"embeddable":true,"href":"https:\/\/chinesethegathering.com\/it\/wp-json\/wp\/v2\/comments?post=2510"}],"version-history":[{"count":0,"href":"https:\/\/chinesethegathering.com\/it\/wp-json\/wp\/v2\/pages\/2510\/revisions"}],"wp:featuredmedia":[{"embeddable":true,"href":"https:\/\/chinesethegathering.com\/it\/wp-json\/wp\/v2\/media\/2512"}],"wp:attachment":[{"href":"https:\/\/chinesethegathering.com\/it\/wp-json\/wp\/v2\/media?parent=2510"}],"curies":[{"name":"wp","href":"https:\/\/api.w.org\/{rel}","templated":true}]}}