{"id":2398,"date":"2026-02-11T10:22:05","date_gmt":"2026-02-11T10:22:05","guid":{"rendered":"https:\/\/chinesethegathering.com\/era-di-bronzo-2010-2019\/"},"modified":"2026-02-28T05:54:14","modified_gmt":"2026-02-28T05:54:14","slug":"era-di-bronzo-2010-2019","status":"publish","type":"page","link":"https:\/\/chinesethegathering.com\/it\/era-di-bronzo-2010-2019\/","title":{"rendered":"L\u2019Era del Bronzo"},"content":{"rendered":"\n<p>Gli anni dal 2010 al 2019 sono stati un periodo di grandi cambiamenti per <em>Magic: The Gathering<\/em>. Il gioco \u00e8 passato dall\u2019essere un hobby per appassionati a un enorme successo mondiale. <\/p>\n\n<h3 class=\"wp-block-heading\">L\u2019inizio del decennio (2010\u20132012)<\/h3>\n\n<p>All\u2019inizio di questo periodo, Magic veniva ancora prodotto in quantit\u00e0 moderate. Quest\u2019era viene spesso chiamata \u201cSilver Age\u201d. <\/p>\n\n<ul class=\"wp-block-list\">\n<li><strong>Il ritorno delle lingue:<\/strong> Anche se il set <em>Magic 2011<\/em> ha riportato il <strong>cinese tradizionale<\/strong>, il numero di carte stampate \u00e8 rimasto sotto controllo fino all\u2019uscita di <em>Return to Ravnica<\/em>.<\/li>\n\n\n\n<li>Le carte di questo periodo sono spesso molto apprezzate dai collezionisti perch\u00e9 prodotte in quantit\u00e0 inferiori rispetto a oggi.<\/li>\n<\/ul>\n\n<h3 class=\"wp-block-heading\">La svolta del 2012: il boom della stampa<\/h3>\n\n<div class=\"wp-block-media-text is-stacked-on-mobile\" style=\"grid-template-columns:15% auto\"><figure class=\"wp-block-media-text__media\"><img loading=\"lazy\" decoding=\"async\" width=\"672\" height=\"936\" src=\"https:\/\/chinesethegathering.com\/wp-content\/uploads\/2026\/02\/rtr-1-angel-of-serenity.avif\" alt=\"\" class=\"wp-image-1617 size-full\" srcset=\"https:\/\/chinesethegathering.com\/wp-content\/uploads\/2026\/02\/rtr-1-angel-of-serenity.avif 672w, https:\/\/chinesethegathering.com\/wp-content\/uploads\/2026\/02\/rtr-1-angel-of-serenity-215x300.avif 215w\" sizes=\"auto, (max-width: 672px) 100vw, 672px\" \/><\/figure><div class=\"wp-block-media-text__content is-layout-flow wp-block-media-text-is-layout-flow\">\n<p>Tutto \u00e8 cambiato con l\u2019uscita di <em>Return to Ravnica<\/em> alla fine del 2012. Da quel momento in poi, il gioco \u00e8 diventato incredibilmente popolare (o incredibilmente stampato?). <\/p>\n\n\n\n<p>L\u2019obiettivo era semplice: soddisfare la domanda di milioni di nuovi giocatori. Il gioco \u00e8 passato da un mercato di nicchia a una produzione industriale di massa. <\/p>\n\n\n\n<p><strong>Pi\u00f9 carte per tutti:<\/strong> Anche le edizioni in cinese tradizionale sono state influenzate dal massiccio aumento dei volumi di stampa.<\/p>\n<\/div><\/div>\n\n<p><\/p>\n\n<h3 class=\"wp-block-heading\">Un periodo di incredibile creativit\u00e0<\/h3>\n\n<p>Nonostante l\u2019aumento della produzione, la qualit\u00e0 delle storie e dei mondi creati \u00e8 rimasta molto alta. Questo periodo di grande successo ha visto la nascita di nuovi universi che hanno segnato la storia di Magic: <\/p>\n\n<ul class=\"wp-block-list\">\n<li><strong>Innistrad (2011):<\/strong> Un mondo di vampiri e lupi mannari.<\/li>\n\n\n\n<li><strong>Theros (2013):<\/strong> Ispirato alla mitologia greca.<\/li>\n\n\n\n<li><strong>Khans of Tarkir (2014):<\/strong> Il mondo dei draghi e dei clan di guerrieri.<\/li>\n\n\n\n<li><strong>Ixalan (2017):<\/strong> Un universo di pirati e dinosauri.<\/li>\n<\/ul>\n\n<div class=\"wp-block-wpbb-wbd-progress-bar\"><div class=\"progress-name\" style=\"color:#333333;font-size:16px;font-family:inherit\">Completamento del progetto: 28 set (su 41)<\/div><div class=\"progress-track\" style=\"background-color:#e5e5e5;height:32px\"><div class=\"progress-fill\" style=\"width:68%;background-color:#c43d3d\"><span class=\"progress-percentage\" style=\"color:#ffffff;font-size:14px;font-family:inherit\">68%<\/span><\/div><\/div><\/div>\n\n<p><em>Elenco dei set di Scryfall che copre il progetto:<\/em><\/p>\n<div class=\"wp-block-image\">\n<figure class=\"aligncenter size-full\"><img loading=\"lazy\" decoding=\"async\" width=\"971\" height=\"460\" src=\"https:\/\/chinesethegathering.com\/wp-content\/uploads\/2026\/02\/Capture-decran-2026-02-12-221927.avif\" alt=\"\" class=\"wp-image-186\" style=\"aspect-ratio:2.1109278708445447;object-fit:cover\" srcset=\"https:\/\/chinesethegathering.com\/wp-content\/uploads\/2026\/02\/Capture-decran-2026-02-12-221927.avif 971w, https:\/\/chinesethegathering.com\/wp-content\/uploads\/2026\/02\/Capture-decran-2026-02-12-221927-300x142.avif 300w, https:\/\/chinesethegathering.com\/wp-content\/uploads\/2026\/02\/Capture-decran-2026-02-12-221927-768x364.avif 768w\" sizes=\"auto, (max-width: 971px) 100vw, 971px\" \/><\/figure>\n<\/div>\n<p><\/p>\n<div class=\"wp-block-image\">\n<figure class=\"aligncenter size-full\"><img loading=\"lazy\" decoding=\"async\" width=\"986\" height=\"891\" src=\"https:\/\/chinesethegathering.com\/wp-content\/uploads\/2026\/02\/Capture-decran-2026-02-12-221723.avif\" alt=\"\" class=\"wp-image-184\" srcset=\"https:\/\/chinesethegathering.com\/wp-content\/uploads\/2026\/02\/Capture-decran-2026-02-12-221723.avif 986w, https:\/\/chinesethegathering.com\/wp-content\/uploads\/2026\/02\/Capture-decran-2026-02-12-221723-300x271.avif 300w, https:\/\/chinesethegathering.com\/wp-content\/uploads\/2026\/02\/Capture-decran-2026-02-12-221723-768x694.avif 768w\" sizes=\"auto, (max-width: 986px) 100vw, 986px\" \/><\/figure>\n<\/div>\n<p><\/p>\n\n<p>In breve, questo decennio ha trasformato Magic. Il gioco \u00e8 diventato pi\u00f9 facile da trovare grazie alla stampa massiccia, ma soprattutto \u00e8 riuscito a creare mondi fantastici che i giocatori amano ancora oggi. <\/p>\n","protected":false},"excerpt":{"rendered":"<p>Gli anni dal 2010 al 2019 sono stati un periodo di grandi cambiamenti per Magic: The Gathering. Il gioco \u00e8 passato dall\u2019essere un hobby per appassionati a un enorme successo mondiale. L\u2019inizio del decennio (2010\u20132012) All\u2019inizio di questo periodo, Magic veniva ancora prodotto in quantit\u00e0 moderate. Quest\u2019era viene spesso chiamata \u201cSilver Age\u201d. La svolta del &#8230; <a title=\"L\u2019Era del Bronzo\" class=\"read-more\" href=\"https:\/\/chinesethegathering.com\/it\/era-di-bronzo-2010-2019\/\" aria-label=\"Per saperne di pi\u00f9 su L\u2019Era del Bronzo\">test<\/a><\/p>\n","protected":false},"author":1,"featured_media":540,"parent":0,"menu_order":0,"comment_status":"closed","ping_status":"closed","template":"","meta":{"footnotes":""},"class_list":["post-2398","page","type-page","status-publish","has-post-thumbnail"],"_links":{"self":[{"href":"https:\/\/chinesethegathering.com\/it\/wp-json\/wp\/v2\/pages\/2398","targetHints":{"allow":["GET"]}}],"collection":[{"href":"https:\/\/chinesethegathering.com\/it\/wp-json\/wp\/v2\/pages"}],"about":[{"href":"https:\/\/chinesethegathering.com\/it\/wp-json\/wp\/v2\/types\/page"}],"author":[{"embeddable":true,"href":"https:\/\/chinesethegathering.com\/it\/wp-json\/wp\/v2\/users\/1"}],"replies":[{"embeddable":true,"href":"https:\/\/chinesethegathering.com\/it\/wp-json\/wp\/v2\/comments?post=2398"}],"version-history":[{"count":0,"href":"https:\/\/chinesethegathering.com\/it\/wp-json\/wp\/v2\/pages\/2398\/revisions"}],"wp:featuredmedia":[{"embeddable":true,"href":"https:\/\/chinesethegathering.com\/it\/wp-json\/wp\/v2\/media\/540"}],"wp:attachment":[{"href":"https:\/\/chinesethegathering.com\/it\/wp-json\/wp\/v2\/media?parent=2398"}],"curies":[{"name":"wp","href":"https:\/\/api.w.org\/{rel}","templated":true}]}}