{"id":2290,"date":"2026-02-11T20:18:55","date_gmt":"2026-02-11T20:18:55","guid":{"rendered":"https:\/\/chinesethegathering.com\/perche-il-cinese-tradizionale\/"},"modified":"2026-03-24T20:58:26","modified_gmt":"2026-03-24T20:58:26","slug":"perche-il-cinese-tradizionale","status":"publish","type":"page","link":"https:\/\/chinesethegathering.com\/it\/perche-il-cinese-tradizionale\/","title":{"rendered":"Perch\u00e9 il cinese tradizionale"},"content":{"rendered":"\n<h3 class=\"wp-block-heading\">La scelta migliore: perch\u00e9 il cinese tradizionale?<\/h3>\n\n<div class=\"wp-block-group is-nowrap is-layout-flex wp-container-core-group-is-layout-ad2f72ca wp-block-group-is-layout-flex\">\n<p>Quando costruisci una grande collezione, devi fare delle scelte. Anche se il nostro archivio mostra molte carte cinesi, <strong>la nostra collezione si concentra solo sul cinese tradizionale<\/strong>. Per i nuovi arrivati, la differenza tra cinese semplificato e tradizionale potrebbe sembrare minima. Per gli esperti, \u00e8 la differenza tra una carta comune e un\u2019opera d\u2019arte. Ecco perch\u00e9 il cinese tradizionale \u00e8 il migliore per i collezionisti.    <\/p>\n<\/div>\n\n<p><\/p>\n\n<h3 class=\"wp-block-heading\">L\u2019aumento della rarit\u00e0 delle carte<\/h3>\n\n<p><\/p>\n\n<p>Mentre molte carte in inglese e cinese semplificato sono state stampate, le carte in cinese tradizionale sono rimaste molto rare. Dal 2012 al 2019, molte carte sono state stampate in tutte le lingue, incluso il cinese tradizionale.  <\/p>\n\n<p>Ma a partire dal 2019, il mercato \u00e8 cambiato. Negli ultimi anni prima del 2022, i set in cinese tradizionale sono diventati molto difficili da trovare. A differenza di altre lingue, il cinese tradizionale non ha mai avuto scatole booster speciali in stile moderno. Questo le fa sembrare un fantasma\u2014difficili da trovare. Trovare versioni con illustrazioni speciali in cinese tradizionale \u00e8 una sfida enorme.    <\/p>\n\n<div class=\"wp-block-media-text is-stacked-on-mobile\" style=\"grid-template-columns:15% auto\"><figure class=\"wp-block-media-text__media\"><img loading=\"lazy\" decoding=\"async\" width=\"672\" height=\"936\" src=\"https:\/\/chinesethegathering.com\/wp-content\/uploads\/2026\/02\/snc-452-gala-greeters.avif\" alt=\"\" class=\"wp-image-201 size-full\" srcset=\"https:\/\/chinesethegathering.com\/wp-content\/uploads\/2026\/02\/snc-452-gala-greeters.avif 672w, https:\/\/chinesethegathering.com\/wp-content\/uploads\/2026\/02\/snc-452-gala-greeters-215x300.avif 215w\" sizes=\"auto, (max-width: 672px) 100vw, 672px\" \/><\/figure><div class=\"wp-block-media-text__content is-layout-flow wp-block-media-text-is-layout-flow\">\n<p class=\"has-text-align-left has-base-2-background-color has-background\"><strong>Analisi di mercato:<\/strong> non sorprende che la versione pi\u00f9 costosa del Comitato di Benvenuto al Gal\u00e0 Box Topper di Strade di Nuova Capenna sia quella in cinese tradizionale. La scarsit\u00e0 crea valore e il cinese tradizionale \u00e8 il re delle carte moderne rare. <\/p>\n\n\n\n<p class=\"has-small-font-size\"><em>Lo sapevi? Esistono solo 2 box topper russi conosciuti al mondo provenienti da scatole mai ufficialmente rilasciate. Il loro prezzo probabilmente raggiunge decine o addirittura centinaia di migliaia di dollari  <\/em><\/p>\n<\/div><\/div>\n\n<p><\/p>\n\n<h3 class=\"wp-block-heading\">Un pezzo di storia<\/h3>\n\n<div class=\"wp-block-media-text has-media-on-the-right is-stacked-on-mobile\" style=\"grid-template-columns:auto 38%\"><div class=\"wp-block-media-text__content is-layout-flow wp-block-media-text-is-layout-flow\">\n<p>Il cinese tradizionale ha un profondo senso artistico. \u00c8 una scrittura complessa e bella che richiede abilit\u00e0 per essere letta. Mentre il cinese semplificato \u00e8 stato creato per velocit\u00e0 e facilit\u00e0, il cinese tradizionale conserva l\u2019essenza dei caratteri.   <\/p>\n\n\n\n<p>Per un collezionista, <strong>rappresenta alta arte<\/strong>. Onora migliaia di anni di cultura cinese in un modo che la scrittura semplificata non pu\u00f2 fare. \u00c8 la \u201cScrittura degli Studiosi\u201d\u2014pi\u00f9 difficile da imparare, pi\u00f9 difficile da stampare e molto pi\u00f9 prestigiosa da esporre.  <\/p>\n<\/div><figure class=\"wp-block-media-text__media\"><img loading=\"lazy\" decoding=\"async\" width=\"1024\" height=\"683\" src=\"https:\/\/chinesethegathering.com\/wp-content\/uploads\/2026\/02\/ad28dcbf-d7cd-43b1-9eb1-31afaca9a8da-1-1024x683.avif\" alt=\"\" class=\"wp-image-172 size-full\" srcset=\"https:\/\/chinesethegathering.com\/wp-content\/uploads\/2026\/02\/ad28dcbf-d7cd-43b1-9eb1-31afaca9a8da-1-1024x683.avif 1024w, https:\/\/chinesethegathering.com\/wp-content\/uploads\/2026\/02\/ad28dcbf-d7cd-43b1-9eb1-31afaca9a8da-1-300x200.avif 300w, https:\/\/chinesethegathering.com\/wp-content\/uploads\/2026\/02\/ad28dcbf-d7cd-43b1-9eb1-31afaca9a8da-1-768x512.avif 768w, https:\/\/chinesethegathering.com\/wp-content\/uploads\/2026\/02\/ad28dcbf-d7cd-43b1-9eb1-31afaca9a8da-1.avif 1536w\" sizes=\"auto, (max-width: 1024px) 100vw, 1024px\" \/><\/figure><\/div>\n\n<p><\/p>\n\n<h3 class=\"wp-block-heading\">Il fattore \u201cShakespeare\u201d<\/h3>\n\n<p>Per chi parla inglese, la differenza pu\u00f2 essere difficile da cogliere. Immagina se Magic fosse stampato in due versioni di inglese: <\/p>\n\n<ul class=\"wp-block-list\">\n<li><strong>Semplificato:<\/strong> \u201cI\u2019m Richard.\u201d<\/li>\n\n\n\n<li><strong>Tradizionale:<\/strong> \u201cMy name is Richard.\u201d<\/li>\n<\/ul>\n\n<p>La maggior parte dei collezionisti graviterebbe istintivamente verso la versione \u201cTradizionale\u201d. Sembra pi\u00f9 vicina alla lingua di Shakespeare; porta con s\u00e9 un senso di storia e gravit\u00e0. Il cinese tradizionale fornisce esattamente la stessa sensazione di \u201coriginalit\u00e0\u201d e \u201cpurezza\u201d per la lingua cinese.  <\/p>\n\n<h3 class=\"wp-block-heading\">Il cinese tradizionale \u00e8 pi\u00f9 raro del coreano, russo o portoghese?<\/h3>\n\n<div class=\"wp-block-media-text is-stacked-on-mobile\" style=\"grid-template-columns:20% auto\"><figure class=\"wp-block-media-text__media\"><img loading=\"lazy\" decoding=\"async\" width=\"1024\" height=\"1024\" src=\"https:\/\/chinesethegathering.com\/wp-content\/uploads\/2026\/02\/f317200e-46d1-4e3b-8705-561666e8b963.avif\" alt=\"\" class=\"wp-image-1333 size-full\" srcset=\"https:\/\/chinesethegathering.com\/wp-content\/uploads\/2026\/02\/f317200e-46d1-4e3b-8705-561666e8b963.avif 1024w, https:\/\/chinesethegathering.com\/wp-content\/uploads\/2026\/02\/f317200e-46d1-4e3b-8705-561666e8b963-300x300.avif 300w, https:\/\/chinesethegathering.com\/wp-content\/uploads\/2026\/02\/f317200e-46d1-4e3b-8705-561666e8b963-150x150.avif 150w, https:\/\/chinesethegathering.com\/wp-content\/uploads\/2026\/02\/f317200e-46d1-4e3b-8705-561666e8b963-768x768.avif 768w\" sizes=\"auto, (max-width: 1024px) 100vw, 1024px\" \/><\/figure><div class=\"wp-block-media-text__content is-layout-flow wp-block-media-text-is-layout-flow\">\n<p>Nel mondo del collezionismo di alto livello, parliamo spesso delle \u201cgrandi lingue\u201d. Ma per coloro che cercano il veramente oscuro, \u00e8 emerso un quartetto specifico come la sfida definitiva: coreano, russo, portoghese e cinese tradizionale. <\/p>\n\n\n\n<p>Tra il 2019 e il 2022, i volumi di stampa per queste quattro lingue hanno raggiunto un minimo storico. Sebbene le cifre ufficiali rimangano strettamente riservate, le stime del settore suggeriscono che fossero alla pari in termini di scarsit\u00e0. <\/p>\n<\/div><\/div>\n\n<p><\/p>\n\n<p>Questo basso volume non \u00e8 stato un incidente. \u00c8 stato il risultato di: <\/p>\n\n<ul class=\"wp-block-list\">\n<li>Demografia: Territori di distribuzione limitati.<\/li>\n\n\n\n<li>Fattori economici: Livelli variabili di potere d\u2019acquisto in quelle regioni specifiche.<\/li>\n\n\n\n<li>Cambiamenti culturali: Una transizione verso il digitale o hobby diversi durante i lockdown globali.<\/li>\n<\/ul>\n\n<p>Questi fattori hanno trasformato queste quattro lingue nel \u201cSanto Graal\u201d per i collezionisti moderni.<br\/>\u00c8 qui che il mercato si divide. Se guardi alle edizioni coreane e russe, sono rare, ma sono conosciute e amate. Sono state perseguite aggressivamente da collezionisti \u201chardcore\u201d dedicati. Oggi, la maggior parte di queste copie \u00e8 custodita in caveau privati; sono costose, ma puoi trovarle se hai i soldi.   <\/p>\n\n<h3 class=\"wp-block-heading\">Il cinese tradizionale e il portoghese, tuttavia, raccontano una storia diversa<\/h3>\n\n<p>Ci\u00f2 che \u00e8 veramente sorprendente \u00e8 che quando cerchi carte dell\u2019era moderna in portoghese o cinese tradizionale, spesso non hai altra scelta che esplorare fisicamente i negozi locali. La scarsit\u00e0 \u00e8 reale: le scatole di booster sigillate sono diventate incredibilmente elusive, e per quanto riguarda i mazzi Commander, ora sono praticamente impossibili da reperire sul mercato aperto. <\/p>\n\n<blockquote class=\"wp-block-quote is-layout-flow wp-block-quote-is-layout-flow\">\n<p class=\"has-base-2-background-color has-background\">\u201cIl cinese tradizionale e il portoghese non sono solo rari; sono stati dimenticati. Ed \u00e8 esattamente l\u00ec che risiede il loro valore organico.\u201d<\/p>\n<\/blockquote>\n\n<h3 class=\"wp-block-heading\">Cinese tradizionale: un\u2019eredit\u00e0 finita<\/h3>\n\n<p>La storia ci dice che sebbene Wizards of the Coast abbia riportato il cinese tradizionale una volta (2010\u20132022), \u00e8 altamente improbabile che torni una terza volta. Stiamo guardando a un <strong>capitolo chiuso della storia.<\/strong> <\/p>\n\n<p>Il cinese tradizionale rimane lo standard scritto per milioni di persone a Hong Kong, Taiwan e oltre, e rappresenta la radice ancestrale per oltre 1,4 miliardi di persone a livello globale. Con una base culturale cos\u00ec ricca e una disponibilit\u00e0 fisica cos\u00ec limitata, il cinese tradizionale \u00e8 destinato a diventare la variante linguistica pi\u00f9 ricercata nel mondo dei TCG. <\/p>\n\n<p><strong>Questa non \u00e8 solo una collezione. \u00c8 salvare l\u2019era pi\u00f9 elegante e difficile da trovare del gioco. <\/strong><\/p>\n\n<p><\/p>\n","protected":false},"excerpt":{"rendered":"<p>La scelta migliore: perch\u00e9 il cinese tradizionale? Quando costruisci una grande collezione, devi fare delle scelte. Anche se il nostro archivio mostra molte carte cinesi, la nostra collezione si concentra solo sul cinese tradizionale. Per i nuovi arrivati, la differenza tra cinese semplificato e tradizionale potrebbe sembrare minima. Per gli esperti, \u00e8 la differenza tra &#8230; <a title=\"Perch\u00e9 il cinese tradizionale\" class=\"read-more\" href=\"https:\/\/chinesethegathering.com\/it\/perche-il-cinese-tradizionale\/\" aria-label=\"Per saperne di pi\u00f9 su Perch\u00e9 il cinese tradizionale\">test<\/a><\/p>\n","protected":false},"author":1,"featured_media":2291,"parent":0,"menu_order":0,"comment_status":"closed","ping_status":"closed","template":"","meta":{"footnotes":""},"class_list":["post-2290","page","type-page","status-publish","has-post-thumbnail"],"_links":{"self":[{"href":"https:\/\/chinesethegathering.com\/it\/wp-json\/wp\/v2\/pages\/2290","targetHints":{"allow":["GET"]}}],"collection":[{"href":"https:\/\/chinesethegathering.com\/it\/wp-json\/wp\/v2\/pages"}],"about":[{"href":"https:\/\/chinesethegathering.com\/it\/wp-json\/wp\/v2\/types\/page"}],"author":[{"embeddable":true,"href":"https:\/\/chinesethegathering.com\/it\/wp-json\/wp\/v2\/users\/1"}],"replies":[{"embeddable":true,"href":"https:\/\/chinesethegathering.com\/it\/wp-json\/wp\/v2\/comments?post=2290"}],"version-history":[{"count":0,"href":"https:\/\/chinesethegathering.com\/it\/wp-json\/wp\/v2\/pages\/2290\/revisions"}],"wp:featuredmedia":[{"embeddable":true,"href":"https:\/\/chinesethegathering.com\/it\/wp-json\/wp\/v2\/media\/2291"}],"wp:attachment":[{"href":"https:\/\/chinesethegathering.com\/it\/wp-json\/wp\/v2\/media?parent=2290"}],"curies":[{"name":"wp","href":"https:\/\/api.w.org\/{rel}","templated":true}]}}