{"id":2129,"date":"2026-02-11T10:22:53","date_gmt":"2026-02-11T10:22:53","guid":{"rendered":"https:\/\/chinesethegathering.com\/era-moderna-2019-2022\/"},"modified":"2026-02-27T21:42:32","modified_gmt":"2026-02-27T21:42:32","slug":"era-moderna-2019-2022","status":"publish","type":"page","link":"https:\/\/chinesethegathering.com\/it\/era-moderna-2019-2022\/","title":{"rendered":"L\u2019Era Moderna"},"content":{"rendered":"\n<p>Per molti collezionisti, gli anni tra il 2019 e il 2022 rappresentano in assoluto il periodo migliore per le carte di Magic in cinese tradizionale. Mentre il gioco stava cambiando a livello globale, questo specifico mercato linguistico ha visto design incredibili e una rarit\u00e0 estrema. <\/p>\n\n<h3 class=\"wp-block-heading\">Un periodo dal design incredibile e dalla scarsa offerta<\/h3>\n\n<p>Durante questi tre anni, il design delle carte \u00e8 stato eccellente. Tuttavia, verso la fine di questo periodo, le <strong>tirature sono diventate molto limitate<\/strong>. Questo rende queste carte alcuni degli oggetti moderni pi\u00f9 rari del gioco.  <\/p>\n\n<ul class=\"wp-block-list\">\n<li><strong>Commander Decks:<\/strong> Questi sono diventati quasi impossibili da trovare in cinese tradizionale.<\/li>\n\n\n\n<li><strong>Nessun Collector Booster:<\/strong> Nessuno dei set moderni in questa lingua ha avuto \u201cCollector Box\u201d. Questo rende la ricerca delle carte con \u201cillustrazione a bordo alternativo\u201d una sfida enorme per i collezionisti. <\/li>\n\n\n\n<li><strong>Un solo tipo di box per i set moderni:<\/strong> bustine per Draft o bustine dell\u2019Espansione.<\/li>\n<\/ul>\n\n<h3 class=\"wp-block-heading\">Il mistero dei box<\/h3>\n\n<p>Il modo in cui Wizards of the Coast ha rilasciato questi set \u00e8 stato molto incoerente, rendendo la caccia ancora pi\u00f9 difficile:<\/p>\n\n<ul class=\"wp-block-list\">\n<li><strong>Solo bustine dell\u2019Espansione:<\/strong> solo tre set hanno avuto la fortuna di ricevere box di bustine dell\u2019Espansione: <em>Kamigawa: Dinastia Neon<\/em>, <em>Strade di Nuova Capenna<\/em> e <em>Leggende di Commander: Battaglia per Baldur\u2019s Gate<\/em>.<\/li>\n\n\n\n<li><strong>Solo bustine per Draft:<\/strong> alcuni set principali come <em>Kaldheim<\/em>, <em>Strixhaven: Scuola dei Maghi<\/em>, <em>Innistrad: Promessa Cremisi<\/em>, <em>Innistrad: Caccia di Mezzanotte<\/em> e <em>Avventure nei Forgotten Realms<\/em> sono esistiti solo in box di bustine per Draft.<\/li>\n<\/ul>\n\n<div class=\"wp-block-media-text is-stacked-on-mobile\" style=\"grid-template-columns:15% auto\"><figure class=\"wp-block-media-text__media\"><img loading=\"lazy\" decoding=\"async\" width=\"672\" height=\"936\" src=\"https:\/\/chinesethegathering.com\/wp-content\/uploads\/2026\/02\/clb-1-faceless-one.avif\" alt=\"\" class=\"wp-image-1477 size-full\" srcset=\"https:\/\/chinesethegathering.com\/wp-content\/uploads\/2026\/02\/clb-1-faceless-one.avif 672w, https:\/\/chinesethegathering.com\/wp-content\/uploads\/2026\/02\/clb-1-faceless-one-215x300.avif 215w\" sizes=\"auto, (max-width: 672px) 100vw, 672px\" \/><\/figure><div class=\"wp-block-media-text__content is-layout-flow wp-block-media-text-is-layout-flow\">\n<p class=\"has-base-2-background-color has-background\"><em>Lo sapevi? Il Senza Volto \u00e8 il numero 001\/361 del set Battaglia per Baldur\u2019s Gate. Questa carta speciale \u00e8 disponibile solo nei box di bustine per Draft. E poich\u00e9 non esistono box di bustine per Draft di Battaglia per Baldur\u2019s Gate in cinese tradizionale, non c\u2019\u00e8 modo di completare il set in questa lingua. Nota che questo vale anche per il coreano!    <\/em><\/p>\n<\/div><\/div>\n\n<p><\/p>\n\n<h3 class=\"wp-block-heading\">I leggendari Box Topper<\/h3>\n\n<p>Una delle parti pi\u00f9 entusiasmanti (e frustranti!) di quest\u2019era sono stati i <strong>Box Topper<\/strong>. Si tratta di carte extra speciali che si trovano all\u2019interno dei box. In cinese tradizionale sono leggendari perch\u00e9 sono difficilissimi da trovare:  <\/p>\n\n<div class=\"wp-block-media-text is-stacked-on-mobile\" style=\"grid-template-columns:15% auto\"><figure class=\"wp-block-media-text__media\"><img loading=\"lazy\" decoding=\"async\" width=\"672\" height=\"936\" src=\"https:\/\/chinesethegathering.com\/wp-content\/uploads\/2026\/02\/iko-379-illuna-apex-of-wishes.avif\" alt=\"\" class=\"wp-image-1485 size-full\" srcset=\"https:\/\/chinesethegathering.com\/wp-content\/uploads\/2026\/02\/iko-379-illuna-apex-of-wishes.avif 672w, https:\/\/chinesethegathering.com\/wp-content\/uploads\/2026\/02\/iko-379-illuna-apex-of-wishes-215x300.avif 215w\" sizes=\"auto, (max-width: 672px) 100vw, 672px\" \/><\/figure><div class=\"wp-block-media-text__content is-layout-flow wp-block-media-text-is-layout-flow\">\n<ul class=\"wp-block-list\">\n<li><strong>Innistrad: Promessa Cremisi:<\/strong> questo set includeva <strong>12 Topper<\/strong> (serie Dracula), aggiungendo un ulteriore livello di difficolt\u00e0 per i completisti.<\/li>\n\n\n\n<li><strong>Rinascita di Zendikar:<\/strong> questo set presentava <strong>30 Topper<\/strong> (Spedizioni). Trovarne uno specifico in cinese tradizionale \u00e8 un\u2019impresa titanica. <\/li>\n\n\n\n<li><strong>Ikoria: Lair of Behemoths:<\/strong> Questa espansione includeva la famosa serie <strong>13 Toppers Kaiju (Godzilla)<\/strong>. Poich\u00e9 la tiratura \u00e8 stata cos\u00ec limitata, queste carte a tema mostri sono quasi impossibili da trovare oggi. <\/li>\n<\/ul>\n<\/div><\/div>\n\n<p><\/p>\n\n<h3 class=\"wp-block-heading\">Il gran finale: Baldur\u2019s Gate<\/h3>\n\n<p>L\u2019era si \u00e8 conclusa in bellezza con <strong>Leggende di Commander: Battaglia per Baldur\u2019s Gate<\/strong>. Questo set \u00e8 stato enorme per i collezionisti di cinese tradizionale. Se si contano le pedine e le carte d\u2019arte, ci sono oltre <strong>1.000 carte diverse<\/strong> da collezionare in questa lingua. Ha davvero tenuto il meglio per ultimo.   <\/p>\n\n<h3 class=\"wp-block-heading\">Il set \u201cnascosto\u201d: Warhammer 40,000<\/h3>\n\n<p>Sapevi che esiste un set \u201csegreto\u201d che persino siti famosi come Scryfall non elencano? Mentre la maggior parte delle persone pensa che <em>Dominaria Unita<\/em> dovesse essere l\u2019ultimo set (anche se non \u00e8 mai stato effettivamente stampato in cinese tradizionale), il vero set fantasma finale \u00e8 <strong>Warhammer 40,000<\/strong>. \u00c8 stato stampato in cinese tradizionale ed \u00e8 incredibilmente raro, il che lo rende il \u201csacro graal\u201d per i collezionisti di quest\u2019era.  <\/p>\n\n<div class=\"wp-block-wpbb-wbd-progress-bar\"><div class=\"progress-name\" style=\"color:#333333;font-size:16px;font-family:inherit\">Completamento del progetto: 29 set (su 29)<\/div><div class=\"progress-track\" style=\"background-color:#e5e5e5;height:32px\"><div class=\"progress-fill\" style=\"width:95%;background-color:#c43d3d\"><span class=\"progress-percentage\" style=\"color:#ffffff;font-size:14px;font-family:inherit\">95%<\/span><\/div><\/div><\/div>\n\n<p><em>Il set dimenticato in cinese tradizionale:<\/em><\/p>\n<div class=\"wp-block-image\">\n<figure class=\"aligncenter size-full\"><img loading=\"lazy\" decoding=\"async\" width=\"967\" height=\"34\" src=\"https:\/\/chinesethegathering.com\/wp-content\/uploads\/2026\/02\/Capture-decran-2026-02-12-222152.avif\" alt=\"\" class=\"wp-image-195\" style=\"aspect-ratio:28.444444444444443\" srcset=\"https:\/\/chinesethegathering.com\/wp-content\/uploads\/2026\/02\/Capture-decran-2026-02-12-222152.avif 967w, https:\/\/chinesethegathering.com\/wp-content\/uploads\/2026\/02\/Capture-decran-2026-02-12-222152-300x11.avif 300w, https:\/\/chinesethegathering.com\/wp-content\/uploads\/2026\/02\/Capture-decran-2026-02-12-222152-768x27.avif 768w\" sizes=\"auto, (max-width: 967px) 100vw, 967px\" \/><\/figure>\n<\/div>\n<p><\/p>\n\n<p><em>Elenco dei set di Scryfall che copre il progetto:<\/em><\/p>\n<div class=\"wp-block-image\">\n<figure class=\"aligncenter size-full\"><img loading=\"lazy\" decoding=\"async\" width=\"969\" height=\"928\" src=\"https:\/\/chinesethegathering.com\/wp-content\/uploads\/2026\/02\/Capture-decran-2026-02-12-222034.avif\" alt=\"\" class=\"wp-image-193\" srcset=\"https:\/\/chinesethegathering.com\/wp-content\/uploads\/2026\/02\/Capture-decran-2026-02-12-222034.avif 969w, https:\/\/chinesethegathering.com\/wp-content\/uploads\/2026\/02\/Capture-decran-2026-02-12-222034-300x287.avif 300w, https:\/\/chinesethegathering.com\/wp-content\/uploads\/2026\/02\/Capture-decran-2026-02-12-222034-768x736.avif 768w\" sizes=\"auto, (max-width: 969px) 100vw, 969px\" \/><\/figure>\n<\/div>\n<p><\/p>\n","protected":false},"excerpt":{"rendered":"<p>Per molti collezionisti, gli anni tra il 2019 e il 2022 rappresentano in assoluto il periodo migliore per le carte di Magic in cinese tradizionale. Mentre il gioco stava cambiando a livello globale, questo specifico mercato linguistico ha visto design incredibili e una rarit\u00e0 estrema. Un periodo dal design incredibile e dalla scarsa offerta Durante &#8230; <a title=\"L\u2019Era Moderna\" class=\"read-more\" href=\"https:\/\/chinesethegathering.com\/it\/era-moderna-2019-2022\/\" aria-label=\"Per saperne di pi\u00f9 su L\u2019Era Moderna\">test<\/a><\/p>\n","protected":false},"author":1,"featured_media":2130,"parent":0,"menu_order":0,"comment_status":"closed","ping_status":"closed","template":"","meta":{"footnotes":""},"class_list":["post-2129","page","type-page","status-publish","has-post-thumbnail"],"_links":{"self":[{"href":"https:\/\/chinesethegathering.com\/it\/wp-json\/wp\/v2\/pages\/2129","targetHints":{"allow":["GET"]}}],"collection":[{"href":"https:\/\/chinesethegathering.com\/it\/wp-json\/wp\/v2\/pages"}],"about":[{"href":"https:\/\/chinesethegathering.com\/it\/wp-json\/wp\/v2\/types\/page"}],"author":[{"embeddable":true,"href":"https:\/\/chinesethegathering.com\/it\/wp-json\/wp\/v2\/users\/1"}],"replies":[{"embeddable":true,"href":"https:\/\/chinesethegathering.com\/it\/wp-json\/wp\/v2\/comments?post=2129"}],"version-history":[{"count":0,"href":"https:\/\/chinesethegathering.com\/it\/wp-json\/wp\/v2\/pages\/2129\/revisions"}],"wp:featuredmedia":[{"embeddable":true,"href":"https:\/\/chinesethegathering.com\/it\/wp-json\/wp\/v2\/media\/2130"}],"wp:attachment":[{"href":"https:\/\/chinesethegathering.com\/it\/wp-json\/wp\/v2\/media?parent=2129"}],"curies":[{"name":"wp","href":"https:\/\/api.w.org\/{rel}","templated":true}]}}