{"id":2011,"date":"2026-02-11T10:24:32","date_gmt":"2026-02-11T10:24:32","guid":{"rendered":"https:\/\/chinesethegathering.com\/era-dargento-2004-2010\/"},"modified":"2026-03-08T19:51:55","modified_gmt":"2026-03-08T19:51:55","slug":"era-dargento-2004-2010","status":"publish","type":"page","link":"https:\/\/chinesethegathering.com\/it\/era-dargento-2004-2010\/","title":{"rendered":"L\u2019Era d\u2019Argento"},"content":{"rendered":"\n<h3 class=\"wp-block-heading\">L\u2019Era d\u2019argento: un tuffo nel cinese semplificato (2004\u20132010)<\/h3>\n\n<p>Per i collezionisti di Magic: The Gathering in cinese, il periodo compreso tra il <strong>2004 e il 2010<\/strong> rappresenta un capitolo unico e affascinante nella storia del gioco. Spesso indicato come la <strong>\u201cSilver Era\u201d<\/strong>, questo arco temporale ha visto cambiamenti significativi nelle politiche di stampa, nell\u2019espressione artistica e nella disponibilit\u00e0 sul mercato, rendendo queste carte tra le pi\u00f9 ricercate oggi. <\/p>\n\n<h3 class=\"wp-block-heading\">Un mercato diviso: l\u2019ascesa del cinese semplificato<\/h3>\n\n<p>In questi anni si \u00e8 verificato un importante cambiamento nel mercato asiatico. A causa della mancanza di successo commerciale, il <strong>cinese tradizionale<\/strong> \u00e8 stato gradualmente eliminato, lasciando il <strong>cinese semplificato<\/strong> come unica lingua di stampa per il mercato cinese di MTG. Questa decisione ha reso le carte in cinese semplificato di quest\u2019epoca le versioni definitive per i collezionisti regionali.  <\/p>\n\n<h3 class=\"wp-block-heading\">La rarit\u00e0 dei grandi blocchi<\/h3>\n\n<div class=\"wp-block-media-text is-stacked-on-mobile\" style=\"grid-template-columns:15% auto\"><figure class=\"wp-block-media-text__media\"><img loading=\"lazy\" decoding=\"async\" width=\"672\" height=\"936\" src=\"https:\/\/chinesethegathering.com\/wp-content\/uploads\/2026\/02\/CHK_122.avif\" alt=\"\" class=\"wp-image-1612 size-full\" srcset=\"https:\/\/chinesethegathering.com\/wp-content\/uploads\/2026\/02\/CHK_122.avif 672w, https:\/\/chinesethegathering.com\/wp-content\/uploads\/2026\/02\/CHK_122-215x300.avif 215w\" sizes=\"auto, (max-width: 672px) 100vw, 672px\" \/><\/figure><div class=\"wp-block-media-text__content is-layout-flow wp-block-media-text-is-layout-flow\">\n<p>L\u2019Era d\u2019argento \u00e8 iniziata con blocchi leggendari come <em>Campioni di Kamigawa<\/em> e <em>Ravnica: Citt\u00e0 delle Gilde<\/em>. Oltre al gameplay di alta qualit\u00e0 e alle illustrazioni mozzafiato, questi set risentono (o beneficiano, per i collezionisti) di una <strong>tiratura estremamente limitata<\/strong> in cinese semplificato. <\/p>\n\n\n\n<p>Oggi, completare un set intero di <em>Campioni di Kamigawa<\/em> o dell\u2019originale <em><em>Ravnica: Citt\u00e0 delle Gilde<\/em><\/em> in cinese semplificato \u00e8 considerato quasi impossibile. La scarsit\u00e0 di queste carte \u00e8 un riflesso diretto della base di giocatori pi\u00f9 ridotta in Cina nei primi anni 2000, molto prima che il gioco raggiungesse l\u2019attuale scala globale. Questa rarit\u00e0 si estende anche a <em>Ondata Glaciale<\/em> che, proprio come la sua controparte inglese, ha avuto una stampa molto limitata.  <\/p>\n<\/div><\/div>\n\n<p><\/p>\n\n<h3 class=\"wp-block-heading\">Il picco delle \u201cIllustrazioni Alternative\u201d<\/h3>\n\n<p><\/p>\n\n<div class=\"wp-block-media-text has-media-on-the-right is-stacked-on-mobile\" style=\"grid-template-columns:auto 15%\"><div class=\"wp-block-media-text__content is-layout-flow wp-block-media-text-is-layout-flow\">\n<p>Il periodo tra il <strong>2005 e il 2008<\/strong> \u00e8 forse pi\u00f9 famoso per le <a href=\"https:\/\/chinesethegathering.com\/it\/carte-con-illustrazioni-alternative\/\" data-type=\"page\" data-id=\"1153\"><strong>carte<\/strong> con <strong>illustrazioni alternative<\/strong><\/a>. A causa delle normative locali e della sensibilit\u00e0 culturale, Wizards of the Coast ha spesso sostituito le illustrazioni che presentavano scheletri o sangue eccessivo. <\/p>\n\n\n\n<p>Il mitico blocco <em>Lorwyn \/ Landa Tenebrosa<\/em> testimonia quest\u2019epoca, avendo beneficiato di un numero significativo di illustrazioni alternative. Tuttavia, questa tendenza ha raggiunto il culmine e la successiva fine intorno al 2008. A partire dal blocco <em>Shards of Alara<\/em>, gli scheletri hanno iniziato a riapparire sulle carte in cinese semplificato, segnando la fine di un\u2019era estetica unica.  <\/p>\n<\/div><figure class=\"wp-block-media-text__media\"><img loading=\"lazy\" decoding=\"async\" width=\"672\" height=\"936\" src=\"https:\/\/chinesethegathering.com\/wp-content\/uploads\/2026\/02\/SHM_260.avif\" alt=\"\" class=\"wp-image-1615 size-full\" srcset=\"https:\/\/chinesethegathering.com\/wp-content\/uploads\/2026\/02\/SHM_260.avif 672w, https:\/\/chinesethegathering.com\/wp-content\/uploads\/2026\/02\/SHM_260-215x300.avif 215w\" sizes=\"auto, (max-width: 672px) 100vw, 672px\" \/><\/figure><\/div>\n\n<p><\/p>\n\n<p><\/p>\n\n<div class=\"wp-block-wpbb-wbd-progress-bar\"><div class=\"progress-name\" style=\"color:#333333;font-size:16px;font-family:inherit\">Completamento del progetto: 26 set (su 26)<\/div><div class=\"progress-track\" style=\"background-color:#e5e5e5;height:32px\"><div class=\"progress-fill\" style=\"width:100%;background-color:#c43d3d\"><span class=\"progress-percentage\" style=\"color:#ffffff;font-size:14px;font-family:inherit\">100%<\/span><\/div><\/div><\/div>\n\n<p><em>Elenco dei set di Scryfall che copre il progetto:<\/em><\/p>\n<div class=\"wp-block-image\">\n<figure class=\"aligncenter size-full\"><img loading=\"lazy\" decoding=\"async\" width=\"1007\" height=\"862\" src=\"https:\/\/chinesethegathering.com\/wp-content\/uploads\/2026\/02\/Capture-decran-2026-02-11-110710.avif\" alt=\"\" class=\"wp-image-95\" srcset=\"https:\/\/chinesethegathering.com\/wp-content\/uploads\/2026\/02\/Capture-decran-2026-02-11-110710.avif 1007w, https:\/\/chinesethegathering.com\/wp-content\/uploads\/2026\/02\/Capture-decran-2026-02-11-110710-300x257.avif 300w, https:\/\/chinesethegathering.com\/wp-content\/uploads\/2026\/02\/Capture-decran-2026-02-11-110710-768x657.avif 768w\" sizes=\"auto, (max-width: 1007px) 100vw, 1007px\" \/><\/figure>\n<\/div>\n<p><\/p>\n\n<h3 class=\"wp-block-heading\">La svolta: Shards of Alara e l\u2019impennata dei volumi<\/h3>\n\n<p>A partire dal <strong>2008<\/strong>, lo scenario \u00e8 cambiato di nuovo. Con l\u2019uscita del blocco <em>Shards of Alara<\/em>, il volume della stampa cinese ha iniziato ad aumentare in modo significativo. L\u2019era della \u201ctiratura limitata\u201d ha lentamente lasciato il posto alla produzione di massa, mentre la popolarit\u00e0 del gioco in Cina iniziava la sua potente ascesa.  <\/p>\n\n<h3 class=\"wp-block-heading\">Perch\u00e9 collezionare l\u2019Era d\u2019argento?<\/h3>\n\n<p>Il periodo 2004\u20132010 rimane un \u201cmust\u201d per i collezionisti di carte cinesi per 3 motivi principali:<\/p>\n\n<ol start=\"1\" class=\"wp-block-list\">\n<li><strong>Estrema scarsit\u00e0:<\/strong> le tirature incredibilmente basse dei primi set.<\/li>\n\n\n\n<li><strong>Unicit\u00e0 visiva:<\/strong> le illustrazioni alternative offrono uno sguardo su un momento specifico della storia di MTG che non esiste pi\u00f9.<\/li>\n\n\n\n<li><strong>Nessuna carta in cinese <strong>tradizionale<\/strong><\/strong>: <strong> le carte in cinese semplificato saranno per sempre le uniche in cinese di quest\u2019epoca.<\/strong><\/li>\n<\/ol>\n\n<p><\/p>\n","protected":false},"excerpt":{"rendered":"<p>L\u2019Era d\u2019argento: un tuffo nel cinese semplificato (2004\u20132010) Per i collezionisti di Magic: The Gathering in cinese, il periodo compreso tra il 2004 e il 2010 rappresenta un capitolo unico e affascinante nella storia del gioco. Spesso indicato come la \u201cSilver Era\u201d, questo arco temporale ha visto cambiamenti significativi nelle politiche di stampa, nell\u2019espressione artistica &#8230; <a title=\"L\u2019Era d\u2019Argento\" class=\"read-more\" href=\"https:\/\/chinesethegathering.com\/it\/era-dargento-2004-2010\/\" aria-label=\"Per saperne di pi\u00f9 su L\u2019Era d\u2019Argento\">test<\/a><\/p>\n","protected":false},"author":1,"featured_media":2016,"parent":0,"menu_order":0,"comment_status":"closed","ping_status":"closed","template":"","meta":{"footnotes":""},"class_list":["post-2011","page","type-page","status-publish","has-post-thumbnail"],"_links":{"self":[{"href":"https:\/\/chinesethegathering.com\/it\/wp-json\/wp\/v2\/pages\/2011","targetHints":{"allow":["GET"]}}],"collection":[{"href":"https:\/\/chinesethegathering.com\/it\/wp-json\/wp\/v2\/pages"}],"about":[{"href":"https:\/\/chinesethegathering.com\/it\/wp-json\/wp\/v2\/types\/page"}],"author":[{"embeddable":true,"href":"https:\/\/chinesethegathering.com\/it\/wp-json\/wp\/v2\/users\/1"}],"replies":[{"embeddable":true,"href":"https:\/\/chinesethegathering.com\/it\/wp-json\/wp\/v2\/comments?post=2011"}],"version-history":[{"count":0,"href":"https:\/\/chinesethegathering.com\/it\/wp-json\/wp\/v2\/pages\/2011\/revisions"}],"wp:featuredmedia":[{"embeddable":true,"href":"https:\/\/chinesethegathering.com\/it\/wp-json\/wp\/v2\/media\/2016"}],"wp:attachment":[{"href":"https:\/\/chinesethegathering.com\/it\/wp-json\/wp\/v2\/media?parent=2011"}],"curies":[{"name":"wp","href":"https:\/\/api.w.org\/{rel}","templated":true}]}}