{"id":1957,"date":"2026-02-11T20:55:42","date_gmt":"2026-02-11T20:55:42","guid":{"rendered":"https:\/\/chinesethegathering.com\/lepoca-doro-1995-2003\/"},"modified":"2026-03-31T20:20:06","modified_gmt":"2026-03-31T20:20:06","slug":"lepoca-doro-1995-2003","status":"publish","type":"page","link":"https:\/\/chinesethegathering.com\/it\/lepoca-doro-1995-2003\/","title":{"rendered":"L\u2019epoca d\u2019oro"},"content":{"rendered":"\n<h3 class=\"wp-block-heading\"><strong>Magic: The Gathering (1995\u20132003)<\/strong><\/h3>\n\n<p>Questa collezione rappresenta una documentazione storica definitiva di <strong>Magic: The Gathering<\/strong> cos\u00ec come \u00e8 stata pubblicata per la prima volta nel mondo di lingua cinese. Va dalla primissima stampa cinese del 1995 fino all\u2019importante anno 2003, che ha segnato l\u2019inizio di una pausa di dieci anni per i set in cinese tradizionale. Questa raccolta dimostra grande pazienza, accuratezza linguistica e una profonda passione per la storia del gioco.  <\/p>\n\n<h3 class=\"wp-block-heading\">L\u2019obiettivo: completezza perfetta in due lingue<\/h3>\n\n<p>La caratteristica principale di questa collezione \u00e8 che \u00e8 completa in due lingue. Mentre molti collezionisti si concentrano su una sola regione, questo progetto collega con successo due sistemi di scrittura diversi: <\/p>\n\n<ul class=\"wp-block-list\">\n<li><strong>Cinese semplificato:<\/strong> rappresenta i set pubblicati per la Cina continentale.<\/li>\n\n\n\n<li><strong>Cinese tradizionale:<\/strong> rappresenta i set pubblicati per Taiwan e Hong Kong.<\/li>\n<\/ul>\n\n<p>Durante quest\u2019epoca, ogni singola carta di ogni set \u00e8 stata accuratamente trovata in entrambe le lingue. Questo porta a un totale di <strong>46 set completi<\/strong>, mostrando esattamente come Magic si \u00e8 evoluto tra la fine degli anni \u201990 e l\u2019inizio degli anni 2000. <\/p>\n\n<p><\/p>\n\n<div class=\"wp-block-wpbb-wbd-progress-bar wbd-progress-bar\"><div class=\"progress-name\" style=\"color:#333333;font-size:16px;font-family:inherit;margin-bottom:8px\">Completamento del progetto: 44 set (su 46)<\/div><div class=\"progress-track-wrapper\" data-wbd-percent=\"96\" data-wbd-easing=\"ease\" data-wbd-duration=\"1.2\"><div class=\"progress-track\" style=\"background-color:#e5e5e5;height:32px;border-radius:999px\"><div class=\"progress-fill\" style=\"width:96%;border-radius:999px;transition:width 1.2s ease;background-color:#c43d3d\"><span class=\"progress-percentage\" style=\"color:#ffffff;font-size:14px;font-family:inherit;font-weight:600;white-space:nowrap\">96%<\/span><\/div><\/div><\/div><\/div>\n\n<p><\/p>\n\n<p><em>Elenco dei set di Scryfall che copre il progetto:<\/em><\/p>\n<div class=\"wp-block-image\">\n<figure class=\"aligncenter\"><a href=\"https:\/\/scryfall.com\/sets?lang=zht\" target=\"_blank\" rel=\"noopener\"><img loading=\"lazy\" decoding=\"async\" width=\"1009\" height=\"929\" src=\"https:\/\/chinesethegathering.com\/wp-content\/uploads\/2026\/02\/Capture-decran-2026-02-11-103206.avif\" alt=\"\" class=\"wp-image-87\" srcset=\"https:\/\/chinesethegathering.com\/wp-content\/uploads\/2026\/02\/Capture-decran-2026-02-11-103206.avif 1009w, https:\/\/chinesethegathering.com\/wp-content\/uploads\/2026\/02\/Capture-decran-2026-02-11-103206-300x276.avif 300w, https:\/\/chinesethegathering.com\/wp-content\/uploads\/2026\/02\/Capture-decran-2026-02-11-103206-768x707.avif 768w\" sizes=\"auto, (max-width: 1009px) 100vw, 1009px\" \/><\/a><\/figure>\n<\/div>\n<p><\/p>\n\n<h3 class=\"wp-block-heading\">Una ricerca durata oltre dieci anni<\/h3>\n\n<p>Costruire questi set ha richiesto pi\u00f9 che semplici risorse economiche; ha richiesto l\u2019occhio di un esperto. Setacciare il mercato globale per individuare la differenza tra le carte in cinese semplificato e tradizionale \u00e8 stato difficile. Poich\u00e9 i venditori internazionali spesso confondono le due versioni, questa \u00e8 diventata una ricerca durata dieci anni.  <\/p>\n\n<h3 class=\"wp-block-heading\">Pi\u00f9 rari di Alpha e Summer Magic<\/h3>\n\n<p>In questo percorso di 46 set, un gruppo specifico di edizioni in cinese semplificato appartiene a una categoria a s\u00e9 stante. Le versioni in cinese semplificato di <strong>Quinta Edizione<\/strong>, <strong>Saga di Urza<\/strong> e il <strong>Portal<\/strong> originale non sono solo difficili da trovare; sono leggendarie. Considerando quante copie esistono ancora oggi, questi set sono probabilmente pi\u00f9 rari del famoso <strong>Alpha<\/strong> e difficili da trovare quanto il raro <strong>Summer Magic (Edgar)<\/strong>.  <\/p>\n\n<p>Tra la met\u00e0 e la fine degli anni \u201990, la distribuzione delle carte nella Cina continentale era molto disorganizzata e c\u2019erano pochi giocatori, quindi solo un numero ridotto di carte \u00e8 sopravvissuto<sup><\/sup>. Per i collezionisti seri, questi set sono il \u201cSanto Graal\u201d di Magic cinese<sup><\/sup>. Sono i \u201cset fantasma\u201d dell\u2019Oriente, e spesso mancano anche dalle migliori collezioni del mondo perch\u00e9 sono quasi impossibili da acquistare<sup><\/sup>.  <\/p>\n<div class=\"wp-block-image\">\n<figure class=\"aligncenter size-large\"><img loading=\"lazy\" decoding=\"async\" width=\"1024\" height=\"683\" src=\"https:\/\/chinesethegathering.com\/wp-content\/uploads\/2026\/02\/b1e56596-7b56-4770-9afe-16599a8959a4-1-1024x683.avif\" alt=\"\" class=\"wp-image-1560\" srcset=\"https:\/\/chinesethegathering.com\/wp-content\/uploads\/2026\/02\/b1e56596-7b56-4770-9afe-16599a8959a4-1-1024x683.avif 1024w, https:\/\/chinesethegathering.com\/wp-content\/uploads\/2026\/02\/b1e56596-7b56-4770-9afe-16599a8959a4-1-300x200.avif 300w, https:\/\/chinesethegathering.com\/wp-content\/uploads\/2026\/02\/b1e56596-7b56-4770-9afe-16599a8959a4-1-768x512.avif 768w, https:\/\/chinesethegathering.com\/wp-content\/uploads\/2026\/02\/b1e56596-7b56-4770-9afe-16599a8959a4-1.avif 1536w\" sizes=\"auto, (max-width: 1024px) 100vw, 1024px\" \/><\/figure>\n<\/div>\n<p><\/p>\n\n<h3 class=\"wp-block-heading\">Archivi storici di MTG cinese<\/h3>\n\n<p>All\u2019interno di questi 46 set si trovano alcune delle stampe pi\u00f9 rare nella storia del gioco<sup><\/sup>. Molte di queste carte hanno avuto tirature molto limitate, e alcuni set in cinese tradizionale sono famosi per essere estremamente difficili da completare<sup><\/sup>. Trovare copie di queste prime carte oggi \u00e8 quasi impossibile, il che rende questa collezione una delle poche del suo genere al mondo<sup><\/sup>.  <\/p>\n\n<p>Dalle prime carte con bordo nero del 1995 fino alle ultime carte in cinese tradizionale del 2003, questo \u00e8 un archivio completo di un\u2019epoca scomparsa.<\/p>\n\n<blockquote class=\"wp-block-quote is-layout-flow wp-block-quote-is-layout-flow\">\n<p class=\"has-base-2-background-color has-background\">Mettere insieme questi <strong>46 set completi<\/strong> \u00e8 pi\u00f9 che semplice collezionismo; \u00e8 un modo per documentare la storia. <strong>Trovare ogni singola carta sia in cinese semplificato che tradizionale<\/strong> tra il 1995 e il 2003 \u00e8 stata una sfida unica che ha richiesto grande pazienza. Serve da testimonianza di un\u2019epoca in cui Magic stava appena iniziando a parlare al mondo. <\/p>\n<\/blockquote>\n\n<p><\/p>\n","protected":false},"excerpt":{"rendered":"<p>Magic: The Gathering (1995\u20132003) Questa collezione rappresenta una documentazione storica definitiva di Magic: The Gathering cos\u00ec come \u00e8 stata pubblicata per la prima volta nel mondo di lingua cinese. Va dalla primissima stampa cinese del 1995 fino all\u2019importante anno 2003, che ha segnato l\u2019inizio di una pausa di dieci anni per i set in cinese &#8230; <a title=\"L\u2019epoca d\u2019oro\" class=\"read-more\" href=\"https:\/\/chinesethegathering.com\/it\/lepoca-doro-1995-2003\/\" aria-label=\"Per saperne di pi\u00f9 su L\u2019epoca d\u2019oro\">test<\/a><\/p>\n","protected":false},"author":1,"featured_media":1958,"parent":0,"menu_order":0,"comment_status":"closed","ping_status":"closed","template":"","meta":{"footnotes":""},"class_list":["post-1957","page","type-page","status-publish","has-post-thumbnail"],"_links":{"self":[{"href":"https:\/\/chinesethegathering.com\/it\/wp-json\/wp\/v2\/pages\/1957","targetHints":{"allow":["GET"]}}],"collection":[{"href":"https:\/\/chinesethegathering.com\/it\/wp-json\/wp\/v2\/pages"}],"about":[{"href":"https:\/\/chinesethegathering.com\/it\/wp-json\/wp\/v2\/types\/page"}],"author":[{"embeddable":true,"href":"https:\/\/chinesethegathering.com\/it\/wp-json\/wp\/v2\/users\/1"}],"replies":[{"embeddable":true,"href":"https:\/\/chinesethegathering.com\/it\/wp-json\/wp\/v2\/comments?post=1957"}],"version-history":[{"count":0,"href":"https:\/\/chinesethegathering.com\/it\/wp-json\/wp\/v2\/pages\/1957\/revisions"}],"wp:featuredmedia":[{"embeddable":true,"href":"https:\/\/chinesethegathering.com\/it\/wp-json\/wp\/v2\/media\/1958"}],"wp:attachment":[{"href":"https:\/\/chinesethegathering.com\/it\/wp-json\/wp\/v2\/media?parent=1957"}],"curies":[{"name":"wp","href":"https:\/\/api.w.org\/{rel}","templated":true}]}}