{"id":1791,"date":"2026-02-14T17:54:16","date_gmt":"2026-02-14T17:54:16","guid":{"rendered":"https:\/\/chinesethegathering.com\/pokemon-vs-magic-the-gathering\/"},"modified":"2026-02-28T05:54:27","modified_gmt":"2026-02-28T05:54:27","slug":"pokemon-vs-magic-the-gathering","status":"publish","type":"page","link":"https:\/\/chinesethegathering.com\/it\/pokemon-vs-magic-the-gathering\/","title":{"rendered":"Pokemon VS MTG"},"content":{"rendered":"\n<h2 class=\"wp-block-heading\">Magic: The Gathering vs Pok\u00e9mon in Cina: la prospettiva di un collezionista<\/h2>\n\n<p>Quando si parla di giochi di carte collezionabili in Cina, due nomi dominano le conversazioni tra giocatori e collezionisti: <strong>Magic: The Gathering<\/strong> e <strong>Pok\u00e9mon<\/strong>.<\/p>\n\n<p>Mentre Pok\u00e9mon attira spesso l\u2019attenzione del grande pubblico, Magic detiene una posizione unica e probabilmente pi\u00f9 solida per i collezionisti seri, specialmente nel mercato cinese. Ecco perch\u00e9. <\/p>\n\n<h3 class=\"wp-block-heading\">1. Magic \u00e8 arrivato per primo e ha aperto la strada alla stampa dei TCG in cinese<\/h3>\n\n<p><\/p>\n\n<div class=\"wp-block-media-text is-stacked-on-mobile\" style=\"grid-template-columns:15% auto\"><figure class=\"wp-block-media-text__media\"><img loading=\"lazy\" decoding=\"async\" width=\"683\" height=\"1024\" src=\"https:\/\/chinesethegathering.com\/wp-content\/uploads\/2026\/02\/a9268709-9b6a-4fa9-83b1-40b1eef2f1b9-683x1024.avif\" alt=\"\" class=\"wp-image-1351 size-full\" srcset=\"https:\/\/chinesethegathering.com\/wp-content\/uploads\/2026\/02\/a9268709-9b6a-4fa9-83b1-40b1eef2f1b9-683x1024.avif 683w, https:\/\/chinesethegathering.com\/wp-content\/uploads\/2026\/02\/a9268709-9b6a-4fa9-83b1-40b1eef2f1b9-200x300.avif 200w, https:\/\/chinesethegathering.com\/wp-content\/uploads\/2026\/02\/a9268709-9b6a-4fa9-83b1-40b1eef2f1b9-768x1152.avif 768w, https:\/\/chinesethegathering.com\/wp-content\/uploads\/2026\/02\/a9268709-9b6a-4fa9-83b1-40b1eef2f1b9.avif 1024w\" sizes=\"auto, (max-width: 683px) 100vw, 683px\" \/><\/figure><div class=\"wp-block-media-text__content is-layout-flow wp-block-media-text-is-layout-flow\">\n<p>Magic: The Gathering \u00e8 stato pubblicato nel <strong>1993<\/strong>, rendendolo il <strong>primo gioco di carte collezionabili mai creato<\/strong>. Pok\u00e9mon \u00e8 arrivato dopo, nel <strong>1996<\/strong>. <\/p>\n\n\n\n<p>Ancora pi\u00f9 importante per i collezionisti:<br\/>Magic \u00e8 stato il <strong>primo TCG a essere stampato ufficialmente in cinese<\/strong>, aprendo le porte a una storia regionale delle carte che precede la maggior parte delle uscite di Pok\u00e9mon in Asia. Da un punto di vista storico e collezionistico, Magic ricopre un ruolo fondamentale che Pok\u00e9mon semplicemente non ha. <\/p>\n<\/div><\/div>\n\n<p><\/p>\n\n<h3 class=\"wp-block-heading\">2. Molte pi\u00f9 espansioni e carte uniche nell\u2019era iniziale<\/h3>\n\n<div class=\"wp-block-media-text has-media-on-the-right is-stacked-on-mobile\" style=\"grid-template-columns:auto 20%\"><div class=\"wp-block-media-text__content is-layout-flow wp-block-media-text-is-layout-flow\">\n<p>Tra la <strong>fine degli anni \u201990 e l\u2019inizio dei 2000<\/strong>, Magic \u00e8 esploso in termini di: set di espansione, design e meccaniche delle carte uniche e trame.<\/p>\n\n\n\n<p>Migliaia di carte diverse sono state stampate in numerosi set strutturati, superando di gran lunga la produzione di Pok\u00e9mon nello stesso periodo. Solo i primi anni di produzione di Magic formano un enorme universo collezionabile. <\/p>\n<\/div><figure class=\"wp-block-media-text__media\"><img loading=\"lazy\" decoding=\"async\" width=\"1024\" height=\"1024\" src=\"https:\/\/chinesethegathering.com\/wp-content\/uploads\/2026\/02\/BCO.815f4519-84cf-4360-8b97-c655eb221cfc.avif\" alt=\"\" class=\"wp-image-1354 size-full\" srcset=\"https:\/\/chinesethegathering.com\/wp-content\/uploads\/2026\/02\/BCO.815f4519-84cf-4360-8b97-c655eb221cfc.avif 1024w, https:\/\/chinesethegathering.com\/wp-content\/uploads\/2026\/02\/BCO.815f4519-84cf-4360-8b97-c655eb221cfc-300x300.avif 300w, https:\/\/chinesethegathering.com\/wp-content\/uploads\/2026\/02\/BCO.815f4519-84cf-4360-8b97-c655eb221cfc-150x150.avif 150w, https:\/\/chinesethegathering.com\/wp-content\/uploads\/2026\/02\/BCO.815f4519-84cf-4360-8b97-c655eb221cfc-768x768.avif 768w\" sizes=\"auto, (max-width: 1024px) 100vw, 1024px\" \/><\/figure><\/div>\n\n<p><\/p>\n\n<h3 class=\"wp-block-heading\">3. Magic \u00e8 un multiverso, non un singolo franchise<\/h3>\n\n<div class=\"wp-block-media-text is-stacked-on-mobile\" style=\"grid-template-columns:35% auto\"><figure class=\"wp-block-media-text__media\"><img loading=\"lazy\" decoding=\"async\" width=\"1024\" height=\"683\" src=\"https:\/\/chinesethegathering.com\/wp-content\/uploads\/2026\/02\/e9998470-c489-4add-bc47-69961a01c0eb-1024x683.avif\" alt=\"\" class=\"wp-image-1356 size-full\" srcset=\"https:\/\/chinesethegathering.com\/wp-content\/uploads\/2026\/02\/e9998470-c489-4add-bc47-69961a01c0eb-1024x683.avif 1024w, https:\/\/chinesethegathering.com\/wp-content\/uploads\/2026\/02\/e9998470-c489-4add-bc47-69961a01c0eb-300x200.avif 300w, https:\/\/chinesethegathering.com\/wp-content\/uploads\/2026\/02\/e9998470-c489-4add-bc47-69961a01c0eb-768x512.avif 768w, https:\/\/chinesethegathering.com\/wp-content\/uploads\/2026\/02\/e9998470-c489-4add-bc47-69961a01c0eb.avif 1536w\" sizes=\"auto, (max-width: 1024px) 100vw, 1024px\" \/><\/figure><div class=\"wp-block-media-text__content is-layout-flow wp-block-media-text-is-layout-flow\">\n<p>Pok\u00e9mon ruota attorno a un unico marchio centrale e a un ecosistema di creature.<\/p>\n\n\n\n<p>Magic, d\u2019altra parte, \u00e8 un <strong>multiverso di mondi<\/strong>:<\/p>\n\n\n\n<ul class=\"wp-block-list\">\n<li>Lore in continua evoluzione<\/li>\n\n\n\n<li>Piani diversi<\/li>\n\n\n\n<li>Nuovi personaggi in ogni blocco<\/li>\n<\/ul>\n\n\n\n<p>E oggi va ancora oltre con <strong>Mondi Altrove<\/strong>, espandendosi in una narrazione cross-universale ben al di fuori del fantasy tradizionale. Magic non \u00e8 un solo franchise. \u00c8 un universo narrativo in costante espansione. Questo conferisce a Magic molta pi\u00f9 longevit\u00e0 creativa e diversit\u00e0 collezionistica.   <\/p>\n<\/div><\/div>\n\n<p><\/p>\n\n<p><\/p>\n\n<h3 class=\"wp-block-heading\">4. Set strutturati con una chiara identit\u00e0 di espansione<\/h3>\n\n<figure class=\"wp-block-table\"><table class=\"has-fixed-layout\"><tbody><tr><td>I set di Magic sono altamente organizzati:<\/td><td>Per i collezionisti, questo conta molto. Puoi identificare istantaneamente: <\/td><\/tr><tr><td>&#8211; Ogni espansione ha un <strong>simbolo unico<\/strong><br\/>&#8211; Strutture a blocchi chiare<br\/>&#8211; Meccaniche tematiche legate a ogni mondo<\/td><td>&#8211; Era<br\/>&#8211; Set<br\/>&#8211; Contesto di rarit\u00e0<\/td><\/tr><\/tbody><\/table><\/figure>\n\n<p>I set di Pok\u00e9mon sono molto meno definiti a livello strutturale, spesso basandosi pesantemente sul branding piuttosto che su un\u2019identit\u00e0 di espansione sistematica. Il sistema di Magic rende la costruzione di collezioni storiche pi\u00f9 pulita, ricca e significativa. <\/p>\n\n<h3 class=\"wp-block-heading\">5. Profondit\u00e0 di gioco: la strategia prima della semplicit\u00e0<\/h3>\n\n<div class=\"wp-block-media-text is-stacked-on-mobile is-vertically-aligned-center\" style=\"grid-template-columns:30% auto\"><figure class=\"wp-block-media-text__media\"><img loading=\"lazy\" decoding=\"async\" width=\"1024\" height=\"1024\" src=\"https:\/\/chinesethegathering.com\/wp-content\/uploads\/2026\/02\/BCO.ebe63d2f-9e04-4e09-b6c9-fc2471a20f15.avif\" alt=\"\" class=\"wp-image-1365 size-full\" srcset=\"https:\/\/chinesethegathering.com\/wp-content\/uploads\/2026\/02\/BCO.ebe63d2f-9e04-4e09-b6c9-fc2471a20f15.avif 1024w, https:\/\/chinesethegathering.com\/wp-content\/uploads\/2026\/02\/BCO.ebe63d2f-9e04-4e09-b6c9-fc2471a20f15-300x300.avif 300w, https:\/\/chinesethegathering.com\/wp-content\/uploads\/2026\/02\/BCO.ebe63d2f-9e04-4e09-b6c9-fc2471a20f15-150x150.avif 150w, https:\/\/chinesethegathering.com\/wp-content\/uploads\/2026\/02\/BCO.ebe63d2f-9e04-4e09-b6c9-fc2471a20f15-768x768.avif 768w\" sizes=\"auto, (max-width: 1024px) 100vw, 1024px\" \/><\/figure><div class=\"wp-block-media-text__content is-layout-flow wp-block-media-text-is-layout-flow\">\n<p>Magic \u00e8 stato concepito come un gioco basato innanzitutto sulla strategia:<\/p>\n\n\n\n<ol class=\"wp-block-list\">\n<li>Gestione delle risorse (sistema di mana)<\/li>\n\n\n\n<li>Interazioni complesse<\/li>\n\n\n\n<li>Formati di tornei competitivi<\/li>\n\n\n\n<li>Migliaia di archetipi di mazzo validi<\/li>\n<\/ol>\n\n\n\n<p>Pok\u00e9mon, per design, rimane molto pi\u00f9 semplice e fortemente rivolto a un pubblico pi\u00f9 giovane. Questa profondit\u00e0 ha aiutato Magic a rimanere rilevante per oltre 30 anni. <\/p>\n<\/div><\/div>\n\n<p><\/p>\n\n<h3 class=\"wp-block-heading\">6. Vera rarit\u00e0: le carte di Magic sono state stampate in quantit\u00e0 molto ridotte<\/h3>\n\n<p>Uno dei maggiori vantaggi per i collezionisti di Magic, specialmente nelle edizioni cinesi, \u00e8 il <strong>volume di stampa<\/strong>.<\/p>\n\n<div class=\"wp-block-media-text has-media-on-the-right is-stacked-on-mobile\" style=\"grid-template-columns:auto 20%\"><div class=\"wp-block-media-text__content is-layout-flow wp-block-media-text-is-layout-flow\">\n<p>Le carte di Magic (particolarmente i set pi\u00f9 vecchi):<\/p>\n\n\n\n<ul class=\"wp-block-list\">\n<li>Sono state stampate in quantit\u00e0 molto inferiori rispetto a Pok\u00e9mon<\/li>\n\n\n\n<li>Hanno avuto tassi di sopravvivenza pi\u00f9 bassi<\/li>\n\n\n\n<li>Sono state distribuite in tirature regionali pi\u00f9 limitate<\/li>\n<\/ul>\n\n\n\n<p>Pok\u00e9mon \u00e8 esploso come un fenomeno di massa.<\/p>\n\n\n\n<p>Magic, specialmente nelle prime stampe cinesi, \u00e8 rimasto di nicchia, rendendo molte carte drasticamente pi\u00f9 rare oggi. La scarsit\u00e0 guida il valore collezionistico a lungo termine. E Magic vince in questa categoria con un ampio margine.  <\/p>\n<\/div><figure class=\"wp-block-media-text__media\"><img loading=\"lazy\" decoding=\"async\" width=\"683\" height=\"1024\" src=\"https:\/\/chinesethegathering.com\/wp-content\/uploads\/2026\/02\/523b0de0-f0f8-4a76-b8bd-d08d3b2441d5-683x1024.avif\" alt=\"\" class=\"wp-image-1367 size-full\" srcset=\"https:\/\/chinesethegathering.com\/wp-content\/uploads\/2026\/02\/523b0de0-f0f8-4a76-b8bd-d08d3b2441d5-683x1024.avif 683w, https:\/\/chinesethegathering.com\/wp-content\/uploads\/2026\/02\/523b0de0-f0f8-4a76-b8bd-d08d3b2441d5-200x300.avif 200w, https:\/\/chinesethegathering.com\/wp-content\/uploads\/2026\/02\/523b0de0-f0f8-4a76-b8bd-d08d3b2441d5-768x1152.avif 768w, https:\/\/chinesethegathering.com\/wp-content\/uploads\/2026\/02\/523b0de0-f0f8-4a76-b8bd-d08d3b2441d5.avif 1024w\" sizes=\"auto, (max-width: 683px) 100vw, 683px\" \/><\/figure><\/div>\n\n<p><\/p>\n\n<h2 class=\"wp-block-heading\">Considerazioni finali: perch\u00e9 Magic \u00e8 il gold standard per i collezionisti<\/h2>\n\n<h4 class=\"wp-block-heading\">Pok\u00e9mon \u00e8 popolare, ma Magic \u00e8 fondamentale.<\/h4>\n\n<p>Per i collezionisti che apprezzano il valore a lungo termine, Magic: The Gathering si distingue in una categoria a s\u00e9, in particolare nel mercato cinese dove le prime tirature sono tra le pi\u00f9 rare nel mondo dei TCG.<\/p>\n\n<p class=\"has-medium-font-size\"><em>Pok\u00e9mon pu\u00f2 essere mainstream. Ma Magic: The Gathering \u00e8 eredit\u00e0. E nel collezionismo, l\u2019eredit\u00e0 vince sempre.<\/em>..<\/p>\n\n<p><\/p>\n","protected":false},"excerpt":{"rendered":"<p>Magic: The Gathering vs Pok\u00e9mon in Cina: la prospettiva di un collezionista Quando si parla di giochi di carte collezionabili in Cina, due nomi dominano le conversazioni tra giocatori e collezionisti: Magic: The Gathering e Pok\u00e9mon. Mentre Pok\u00e9mon attira spesso l\u2019attenzione del grande pubblico, Magic detiene una posizione unica e probabilmente pi\u00f9 solida per i &#8230; <a title=\"Pokemon VS MTG\" class=\"read-more\" href=\"https:\/\/chinesethegathering.com\/it\/pokemon-vs-magic-the-gathering\/\" aria-label=\"Per saperne di pi\u00f9 su Pokemon VS MTG\">test<\/a><\/p>\n","protected":false},"author":1,"featured_media":1792,"parent":0,"menu_order":0,"comment_status":"closed","ping_status":"closed","template":"","meta":{"footnotes":""},"class_list":["post-1791","page","type-page","status-publish","has-post-thumbnail"],"_links":{"self":[{"href":"https:\/\/chinesethegathering.com\/it\/wp-json\/wp\/v2\/pages\/1791","targetHints":{"allow":["GET"]}}],"collection":[{"href":"https:\/\/chinesethegathering.com\/it\/wp-json\/wp\/v2\/pages"}],"about":[{"href":"https:\/\/chinesethegathering.com\/it\/wp-json\/wp\/v2\/types\/page"}],"author":[{"embeddable":true,"href":"https:\/\/chinesethegathering.com\/it\/wp-json\/wp\/v2\/users\/1"}],"replies":[{"embeddable":true,"href":"https:\/\/chinesethegathering.com\/it\/wp-json\/wp\/v2\/comments?post=1791"}],"version-history":[{"count":0,"href":"https:\/\/chinesethegathering.com\/it\/wp-json\/wp\/v2\/pages\/1791\/revisions"}],"wp:featuredmedia":[{"embeddable":true,"href":"https:\/\/chinesethegathering.com\/it\/wp-json\/wp\/v2\/media\/1792"}],"wp:attachment":[{"href":"https:\/\/chinesethegathering.com\/it\/wp-json\/wp\/v2\/media?parent=1791"}],"curies":[{"name":"wp","href":"https:\/\/api.w.org\/{rel}","templated":true}]}}