{"id":1748,"date":"2026-02-21T21:30:18","date_gmt":"2026-02-21T21:30:18","guid":{"rendered":"https:\/\/chinesethegathering.com\/carte-con-illustrazioni-alternative\/"},"modified":"2026-03-08T19:52:10","modified_gmt":"2026-03-08T19:52:10","slug":"carte-con-illustrazioni-alternative","status":"publish","type":"page","link":"https:\/\/chinesethegathering.com\/it\/carte-con-illustrazioni-alternative\/","title":{"rendered":"Carte con illustrazioni alternative"},"content":{"rendered":"\n<h2 class=\"wp-block-heading\">Perch\u00e9 alcune carte appaiono diverse nella loro versione cinese<\/h2>\n\n<p>Le versioni delle carte specifiche per determinati mercati vengono create per rispettare le preferenze culturali locali. Spesso questo comporta l\u2019aggiornamento di illustrazioni che presentano scheletri, icone religiose o immagini sensibili per soddisfare i requisiti regionali.  <\/p>\n\n<p>Per questo motivo, Wizards of the Coast (WotC) ha dovuto modificare l\u2019artwork di molte carte vendute in Cina. Inizialmente sostituivano completamente l\u2019illustrazione, ma in seguito hanno iniziato a modificare le immagini originali.  Oggi WotC chiede solitamente agli artisti di seguire questi standard fin dall\u2019inizio, quindi raramente \u00e8 necessaria un\u2019illustrazione \u201cesclusiva per la Cina\u201d. <strong>Vespro nel 2008 \u00e8 stata l\u2019ultima espansione a ricevere carte con illustrazioni alternative.<\/strong><\/p>\n\n<div class=\"wp-block-group is-nowrap is-layout-flex wp-container-core-group-is-layout-ad2f72ca wp-block-group-is-layout-flex\">\n<p><\/p>\n\n\n\n<p><\/p>\n\n\n\n<p><\/p>\n<\/div>\n\n<figure class=\"wp-block-gallery has-nested-images columns-default is-cropped wp-block-gallery-1 is-layout-flex wp-block-gallery-is-layout-flex\">\n<figure class=\"wp-block-image size-large\"><img loading=\"lazy\" decoding=\"async\" width=\"500\" height=\"371\" data-id=\"1261\" src=\"https:\/\/chinesethegathering.com\/wp-content\/uploads\/2026\/02\/6589.avif\" alt=\"\" class=\"wp-image-1261\" srcset=\"https:\/\/chinesethegathering.com\/wp-content\/uploads\/2026\/02\/6589.avif 500w, https:\/\/chinesethegathering.com\/wp-content\/uploads\/2026\/02\/6589-300x223.avif 300w\" sizes=\"auto, (max-width: 500px) 100vw, 500px\" \/><\/figure>\n\n\n\n<figure class=\"wp-block-image size-large\"><img loading=\"lazy\" decoding=\"async\" width=\"502\" height=\"371\" data-id=\"1258\" src=\"https:\/\/chinesethegathering.com\/wp-content\/uploads\/2026\/02\/image-2.avif\" alt=\"\" class=\"wp-image-1258\" srcset=\"https:\/\/chinesethegathering.com\/wp-content\/uploads\/2026\/02\/image-2.avif 502w, https:\/\/chinesethegathering.com\/wp-content\/uploads\/2026\/02\/image-2-300x222.avif 300w\" sizes=\"auto, (max-width: 502px) 100vw, 502px\" \/><\/figure>\n<\/figure>\n\n<p class=\"has-small-font-size\"><em>Domoguardia Dimir<\/em> della versione inglese di Ravnica: Citt\u00e0 delle Gilde contro l\u2019illustrazione alternativa in cinese semplificato di <em>Domoguardia Dimir<\/em> (\u00e8 stata aggiunta della pelle alla figura principale) di John Zeleznik.<em> (fonte: <a href=\"https:\/\/www.magiclibrarities.net\/506-rarities-simplified-chinese-alternate-art-cards-simplified-chinese-cards-index.html\" data-type=\"link\" data-id=\"https:\/\/www.magiclibrarities.net\/506-rarities-simplified-chinese-alternate-art-cards-simplified-chinese-cards-index.html\" target=\"_blank\" rel=\"noreferrer noopener\">Magic Librarities<\/a>)<\/em><\/p>\n\n<h3 class=\"wp-block-heading\">La regola degli \u201cscheletri\u201d \u00e8 cambiata nel 2008<\/h3>\n\n<p>Nel 2008, i fan si chiedevano come l\u2019espansione <em>Shards of Alara<\/em> \u2014 che era piena di scheletri \u2014 potesse essere venduta in Cina.<\/p>\n\n<ul class=\"wp-block-list\">\n<li><strong>Scelta creativa<\/strong>: WotC decise di non creare centinaia di carte alternative per quell\u2019espansione.<\/li>\n\n\n\n<li><strong>Cambiamento culturale<\/strong>: Se un tempo gli scheletri erano considerati \u201cdi cattivo auspicio\u201d dalle persone pi\u00f9 anziane, i giocatori pi\u00f9 giovani li considerano trasgressivi o affascinanti.<\/li>\n\n\n\n<li><strong>Autorizzazione<\/strong>: L\u2019ufficio WotC in Cina ha permesso la pubblicazione dell\u2019espansione senza modifiche.<\/li>\n<\/ul>\n\n<figure class=\"wp-block-image size-full\"><img loading=\"lazy\" decoding=\"async\" width=\"1200\" height=\"199\" src=\"https:\/\/chinesethegathering.com\/wp-content\/uploads\/2026\/02\/Sans-titre-2.avif\" alt=\"\" class=\"wp-image-1291\" style=\"object-fit:cover\" srcset=\"https:\/\/chinesethegathering.com\/wp-content\/uploads\/2026\/02\/Sans-titre-2.avif 1200w, https:\/\/chinesethegathering.com\/wp-content\/uploads\/2026\/02\/Sans-titre-2-300x50.avif 300w, https:\/\/chinesethegathering.com\/wp-content\/uploads\/2026\/02\/Sans-titre-2-1024x170.avif 1024w, https:\/\/chinesethegathering.com\/wp-content\/uploads\/2026\/02\/Sans-titre-2-768x127.avif 768w\" sizes=\"auto, (max-width: 1200px) 100vw, 1200px\" \/><\/figure>\n\n<p class=\"has-small-font-size\"><em>Mago della Gilda Golgari della versione inglese di Ravnica: Citt\u00e0 delle Gilde contro l\u2019illustrazione alternativa in cinese semplificato del Mago della Gilda Golgari (il teschio \u00e8 stato rimosso e sostituito da un globo di pietra) di Zoltan Boros &amp; Gabor Szikszai. (fonte: <a href=\"https:\/\/www.magiclibrarities.net\/506-rarities-simplified-chinese-alternate-art-cards-simplified-chinese-cards-index.html\" data-type=\"link\" data-id=\"https:\/\/www.magiclibrarities.net\/506-rarities-simplified-chinese-alternate-art-cards-simplified-chinese-cards-index.html\" target=\"_blank\" rel=\"noreferrer noopener\">Magic Librarities<\/a>) <\/em><\/p>\n\n<h3 class=\"wp-block-heading\">Carte con illustrazioni alternative (solo non foil)<\/h3>\n\n<p>Ecco l\u2019elenco delle <strong>101 illustrazioni alternative uniche<\/strong> presenti nelle espansioni cinesi, escluse le versioni foil. Se desideri maggiori dettagli, ti suggerisco di visitare la sezione dedicata su <a href=\"https:\/\/www.magiclibrarities.net\/510-rarities-simplified-chinese-alternate-art-cards-simplified-chinese-cards-index.html\" data-type=\"link\" data-id=\"https:\/\/www.magiclibrarities.net\/510-rarities-simplified-chinese-alternate-art-cards-simplified-chinese-cards-index.html\" target=\"_blank\" rel=\"noreferrer noopener\">Magic Librarities<\/a>. <\/p>\n\n<hr class=\"wp-block-separator has-alpha-channel-opacity\"\/>\n    \n    <style>\n        .mtg-table { width: 100%; border-collapse: collapse; text-align: center; font-family: sans-serif; margin: 20px 0; border: 1px solid #ddd; }\n        .mtg-table td:not(.mtg-header) { padding: 15px 5px; border: 1px solid #ddd; transition: all 0.3s ease; width: 20%; vertical-align: middle; }\n        .mtg-table td:not(.mtg-header):hover { transform: scale(1.1); z-index: 10; position: relative; background-color: #f9f9f9; box-shadow: 0 4px 12px rgba(0,0,0,0.1); }\n        .mtg-header { background-color: #333; color: #fff; font-weight: bold; padding: 12px !important; text-transform: uppercase; font-size: 0.9em; letter-spacing: 1px; }\n        .mtg-table a { text-decoration: none; color: inherit; display: block; }\n        .card-count { display: block; font-size: 0.8em; margin-top: 8px; color: #666; font-weight: normal; }\n    <\/style>\n\n    <table class=\"mtg-table\">\n      <tbody>\n        <tr><td colspan=\"5\" class=\"mtg-header\">Bordo Vecchio (1997-2001)<\/td><\/tr>\n        <tr>\n          <td><a href=\"https:\/\/chinesethegathering.com\/it\/portal-alternate-arts\/\"><i class=\"ss ss-por ss-2x\"><\/i><span class=\"card-count\">29 carte<\/span><\/a><\/td>\n          <td><a href=\"https:\/\/chinesethegathering.com\/it\/fifth-edition-alternate-arts\/\"><i class=\"ss ss-5ed ss-2x\"><\/i><span class=\"card-count\">6 carte<\/span><\/a><\/td>\n          <td><a href=\"https:\/\/chinesethegathering.com\/it\/sixth-edition-alternate-arts\/\"><i class=\"ss ss-6ed ss-2x\"><\/i><span class=\"card-count\">1 carte<\/span><\/a><\/td>\n          <td><a href=\"https:\/\/chinesethegathering.com\/it\/seventh-edition-alternate-arts\/\"><i class=\"ss ss-7ed ss-2x\"><\/i><span class=\"card-count\">4 carte<\/span><\/a><\/td>\n          <td><a href=\"https:\/\/chinesethegathering.com\/it\/urzas-saga-alternate-arts\/\"><i class=\"ss ss-usg ss-2x\"><\/i><span class=\"card-count\">7 carte<\/span><\/a><\/td>\n        <\/tr>\n        <tr>\n          <td><a href=\"https:\/\/chinesethegathering.com\/it\/invasion-alternate-arts\/\"><i class=\"ss ss-inv ss-2x\"><\/i><span class=\"card-count\">2 carte<\/span><\/a><\/td>\n          <td><a href=\"https:\/\/chinesethegathering.com\/it\/odyssey-alternate-arts\/\"><i class=\"ss ss-ody ss-2x\"><\/i><span class=\"card-count\">4 carte<\/span><\/a><\/td>\n          <td colspan=\"3\" style=\"background: #fafafa;\"><\/td>\n        <\/tr>\n\n        <tr><td colspan=\"5\" class=\"mtg-header\">Bordo Moderno (2003-2008)<\/td><\/tr>\n        <tr>\n          <td><a href=\"https:\/\/chinesethegathering.com\/it\/eight-edition-alternate-arts\/\"><i class=\"ss ss-8ed ss-2x\"><\/i><span class=\"card-count\">3 carte<\/span><\/a><\/td>\n          <td><a href=\"https:\/\/chinesethegathering.com\/it\/tenth-x-edition\/\"><i class=\"ss ss-10e ss-2x\"><\/i><span class=\"card-count\">9 carte<\/span><\/a><\/td>\n          <td><a href=\"https:\/\/chinesethegathering.com\/it\/darksteel-alternate-arts\/\"><i class=\"ss ss-dst ss-2x\"><\/i><span class=\"card-count\">1 carte<\/span><\/a><\/td>\n          <td><a href=\"https:\/\/chinesethegathering.com\/it\/ravnica-city-of-guilds-alternate-arts\/\"><i class=\"ss ss-rav ss-2x\"><\/i><span class=\"card-count\">7 carte<\/span><\/a><\/td>\n          <td><a href=\"https:\/\/chinesethegathering.com\/it\/guildpact-alternate-arts\/\"><i class=\"ss ss-gpt ss-2x\"><\/i><span class=\"card-count\">3 carte<\/span><\/a><\/td>\n        <\/tr>\n        <tr>\n          <td><a href=\"https:\/\/chinesethegathering.com\/it\/dissension-alternate-arts\/\"><i class=\"ss ss-dis ss-2x\"><\/i><span class=\"card-count\">1 carte<\/span><\/a><\/td>\n          <td><a href=\"https:\/\/chinesethegathering.com\/it\/time-spiral-alternate-arts\/\"><i class=\"ss ss-tsp ss-2x\"><\/i><span class=\"card-count\">2 carte<\/span><\/a><\/td>\n          <td><a href=\"https:\/\/chinesethegathering.com\/it\/planar-chaos-alternate-arts\/\"><i class=\"ss ss-plc ss-2x\"><\/i><span class=\"card-count\">1 carte<\/span><\/a><\/td>\n          <td><a href=\"https:\/\/chinesethegathering.com\/it\/future-sight-alternate-arts\/\"><i class=\"ss ss-fut ss-2x\"><\/i><span class=\"card-count\">5 carte<\/span><\/a><\/td>\n          <td><a href=\"https:\/\/chinesethegathering.com\/it\/lorwyn-alternate-arts\/\"><i class=\"ss ss-lrw ss-2x\"><\/i><span class=\"card-count\">1 carte<\/span><\/a><\/td>\n        <\/tr>\n        <tr>\n          <td><a href=\"https:\/\/chinesethegathering.com\/it\/morningtide-alternate-arts\/\"><i class=\"ss ss-mor ss-2x\"><\/i><span class=\"card-count\">3 carte<\/span><\/a><\/td>\n          <td><a href=\"https:\/\/chinesethegathering.com\/it\/shadowmoor-alternate-arts\/\"><i class=\"ss ss-shm ss-2x\"><\/i><span class=\"card-count\">8 carte<\/span><\/a><\/td>\n          <td><a href=\"https:\/\/chinesethegathering.com\/it\/eventide-alternate-arts\/\"><i class=\"ss ss-eve ss-2x\"><\/i><span class=\"card-count\">4 carte<\/span><\/a><\/td>\n          <td colspan=\"2\" style=\"background: #fafafa;\"><\/td>\n        <\/tr>\n      <\/tbody>\n    <\/table>\n\n    \n\n<p><strong>Esistono versioni foil di queste carte fin da Odissea nel 2001. Alcune delle varianti foil di queste carte sono incredibilmente rare e costose. <\/strong><\/p>\n\n<p><\/p>\n\n<blockquote class=\"wp-block-quote is-layout-flow wp-block-quote-is-layout-flow\">\n<p class=\"has-base-2-background-color has-background\">Lo sapevi? Esistono solo 8 carte foil con bordo classico e illustrazione alternativa esclusiva per il mercato cinese: 4 dalla Settima Edizione e 4 da Odissea. Infatti, le carte foil con illustrazione alternativa di Invasione sono state stampate in inglese!  <\/p>\n<\/blockquote>\n\n<figure class=\"wp-block-image size-full\"><img loading=\"lazy\" decoding=\"async\" width=\"1200\" height=\"300\" src=\"https:\/\/chinesethegathering.com\/wp-content\/uploads\/2026\/02\/Sans-titre-1.avif\" alt=\"\" class=\"wp-image-1289\" srcset=\"https:\/\/chinesethegathering.com\/wp-content\/uploads\/2026\/02\/Sans-titre-1.avif 1200w, https:\/\/chinesethegathering.com\/wp-content\/uploads\/2026\/02\/Sans-titre-1-300x75.avif 300w, https:\/\/chinesethegathering.com\/wp-content\/uploads\/2026\/02\/Sans-titre-1-1024x256.avif 1024w, https:\/\/chinesethegathering.com\/wp-content\/uploads\/2026\/02\/Sans-titre-1-768x192.avif 768w\" sizes=\"auto, (max-width: 1200px) 100vw, 1200px\" \/><\/figure>\n\n<p class=\"has-small-font-size\"><em>Rammentare della versione inglese di Ravnica: Citt\u00e0 delle Gilde contro l\u2019illustrazione alternativa in cinese semplificato di Rammentare (il teschio \u00e8 stato rimosso e sostituito da un ninnolo magico del passato) di Pete Venters. (fonte: <a href=\"https:\/\/www.magiclibrarities.net\/506-rarities-simplified-chinese-alternate-art-cards-simplified-chinese-cards-index.html\" data-type=\"link\" data-id=\"https:\/\/www.magiclibrarities.net\/506-rarities-simplified-chinese-alternate-art-cards-simplified-chinese-cards-index.html\" target=\"_blank\" rel=\"noreferrer noopener\">Magic Librarities<\/a>) <\/em><\/p>\n\n<h3 class=\"wp-block-heading\">Queste carte sono estremamente rare per tre semplici motivi<\/h3>\n\n<ul class=\"wp-block-list\">\n<li><strong>Tirature limitate:<\/strong> Nei primi anni 2000, la comunit\u00e0 di Magic in Cina era molto piccola. Sono state stampate pochissime di queste carte rispetto alle versioni inglesi o giapponesi. <\/li>\n\n\n\n<li><strong>Sono state prodotte una sola volta:<\/strong> Queste illustrazioni uniche sono state create solo per espansioni specifiche per seguire le usanze locali. Una volta che Wizards of the Coast ha cambiato il proprio stile artistico per adattarsi a tutti i mercati globali, queste \u201cversioni speciali\u201d non sono mai pi\u00f9 state stampate. <\/li>\n\n\n\n<li><strong>Perse nel tempo:<\/strong> Molte di queste carte sono state usate dai giocatori senza bustine protettive o gettate via anni fa perch\u00e9 non si sapeva che fossero speciali.<\/li>\n<\/ul>\n\n<p>La nostra carta con illustrazione alternativa preferita della <strong>Saga di Urza: Formiche di Fuoco di Tom Fleming<\/strong>. Perch\u00e9 \u00e8 cos\u00ec speciale? Perch\u00e9 l\u2019artwork cinese non \u00e8 una semplice copia adattata dell\u2019illustrazione originale. Inoltre, a differenza delle carte alternate di Portal, entrambe le versioni della carta sono state illustrate dallo stesso artista.   <\/p>\n\n<figure class=\"wp-block-gallery has-nested-images columns-default is-cropped wp-block-gallery-2 is-layout-flex wp-block-gallery-is-layout-flex\">\n<figure class=\"wp-block-image size-full\"><img loading=\"lazy\" decoding=\"async\" width=\"672\" height=\"936\" data-id=\"1275\" src=\"https:\/\/chinesethegathering.com\/wp-content\/uploads\/2026\/02\/image-9.avif\" alt=\"\" class=\"wp-image-1275\" srcset=\"https:\/\/chinesethegathering.com\/wp-content\/uploads\/2026\/02\/image-9.avif 672w, https:\/\/chinesethegathering.com\/wp-content\/uploads\/2026\/02\/image-9-215x300.avif 215w\" sizes=\"auto, (max-width: 672px) 100vw, 672px\" \/><\/figure>\n\n\n\n<figure class=\"wp-block-image size-full\"><img loading=\"lazy\" decoding=\"async\" width=\"488\" height=\"680\" data-id=\"1274\" src=\"https:\/\/chinesethegathering.com\/wp-content\/uploads\/2026\/02\/image-8.avif\" alt=\"\" class=\"wp-image-1274\" srcset=\"https:\/\/chinesethegathering.com\/wp-content\/uploads\/2026\/02\/image-8.avif 488w, https:\/\/chinesethegathering.com\/wp-content\/uploads\/2026\/02\/image-8-215x300.avif 215w\" sizes=\"auto, (max-width: 488px) 100vw, 488px\" \/><\/figure>\n<\/figure>\n\n<p><\/p>\n\n<p><strong>Oggi, i collezionisti in Cina hanno gi\u00e0 acquistato la maggior parte delle copie rimanenti<\/strong>. Poich\u00e9 Magic ha smesso di stampare carte fisiche in cinese semplificato nel 2024, queste 101 carte sono diventate oggetti \u201cfantasma\u201d \u2014 <strong>sono quasi impossibili da trovare sul mercato, persino nel loro paese d\u2019origine<\/strong>. In Europa e in America \u00e8 ancora possibile trovare queste carte specifiche, ma il loro valore cresce rapidamente. Se ti imbatti in queste carte, prendile prima che sia troppo tardi.   <\/p>\n\n<div style=\"position:relative;padding-top:56.25%;\"><iframe src=\"https:\/\/player.mediadelivery.net\/embed\/603413\/139d53d4-f216-465f-b21d-f06d337f1dcb?autoplay=false&#038;loop=false&#038;muted=false&#038;preload=true&#038;responsive=true\" loading=\"lazy\" style=\"border:0;position:absolute;top:0;height:100%;width:100%;\" allow=\"accelerometer;gyroscope;autoplay;encrypted-media;picture-in-picture;\" allowfullscreen=\"true\"><\/iframe><\/div>\n\n<p><\/p>\n","protected":false},"excerpt":{"rendered":"<p>Perch\u00e9 alcune carte appaiono diverse nella loro versione cinese Le versioni delle carte specifiche per determinati mercati vengono create per rispettare le preferenze culturali locali. Spesso questo comporta l\u2019aggiornamento di illustrazioni che presentano scheletri, icone religiose o immagini sensibili per soddisfare i requisiti regionali. Per questo motivo, Wizards of the Coast (WotC) ha dovuto modificare &#8230; <a title=\"Carte con illustrazioni alternative\" class=\"read-more\" href=\"https:\/\/chinesethegathering.com\/it\/carte-con-illustrazioni-alternative\/\" aria-label=\"Per saperne di pi\u00f9 su Carte con illustrazioni alternative\">test<\/a><\/p>\n","protected":false},"author":1,"featured_media":1757,"parent":0,"menu_order":0,"comment_status":"closed","ping_status":"closed","template":"","meta":{"footnotes":""},"class_list":["post-1748","page","type-page","status-publish","has-post-thumbnail"],"_links":{"self":[{"href":"https:\/\/chinesethegathering.com\/it\/wp-json\/wp\/v2\/pages\/1748","targetHints":{"allow":["GET"]}}],"collection":[{"href":"https:\/\/chinesethegathering.com\/it\/wp-json\/wp\/v2\/pages"}],"about":[{"href":"https:\/\/chinesethegathering.com\/it\/wp-json\/wp\/v2\/types\/page"}],"author":[{"embeddable":true,"href":"https:\/\/chinesethegathering.com\/it\/wp-json\/wp\/v2\/users\/1"}],"replies":[{"embeddable":true,"href":"https:\/\/chinesethegathering.com\/it\/wp-json\/wp\/v2\/comments?post=1748"}],"version-history":[{"count":0,"href":"https:\/\/chinesethegathering.com\/it\/wp-json\/wp\/v2\/pages\/1748\/revisions"}],"wp:featuredmedia":[{"embeddable":true,"href":"https:\/\/chinesethegathering.com\/it\/wp-json\/wp\/v2\/media\/1757"}],"wp:attachment":[{"href":"https:\/\/chinesethegathering.com\/it\/wp-json\/wp\/v2\/media?parent=1748"}],"curies":[{"name":"wp","href":"https:\/\/api.w.org\/{rel}","templated":true}]}}