{"id":9110,"date":"2026-03-22T10:46:36","date_gmt":"2026-03-22T10:46:36","guid":{"rendered":"https:\/\/chinesethegathering.com\/erreurs-dimpression-portal\/"},"modified":"2026-03-31T20:18:29","modified_gmt":"2026-03-31T20:18:29","slug":"erreurs-dimpression-portal","status":"publish","type":"page","link":"https:\/\/chinesethegathering.com\/fr\/erreurs-dimpression-portal\/","title":{"rendered":"Erreurs dimpression Portal"},"content":{"rendered":"\n<div class=\"wp-block-columns is-layout-flex wp-container-core-columns-is-layout-9d6595d7 wp-block-columns-is-layout-flex\">\n<div class=\"wp-block-column is-vertically-aligned-center is-layout-flow wp-block-column-is-layout-flow\" style=\"flex-basis:66.66%\">\n<div class=\"wp-block-group is-nowrap is-layout-flex wp-container-core-group-is-layout-ad2f72ca wp-block-group-is-layout-flex\">\n<i class=\"ss ss-por ss-6x\"><\/i>\n\n\n\n<div style=\"height:100px;width:0px\" aria-hidden=\"true\" class=\"wp-block-spacer wp-container-content-16d1eb73\"><\/div>\n\n\n\n<p><strong>Portal<\/strong> <strong>Erreurs d\u2019impression (1997) \u2013 Aper\u00e7u des erreurs d\u2019impression chinoises<\/strong><br\/>Nombre d\u2019erreurs d\u2019impression : 4<br\/>Langue : chinois traditionnel et simplifi\u00e9<br\/>Ann\u00e9e de sortie : 1997<br\/>Diff\u00e9rences d\u2019impression : diverses erreurs<\/p>\n<\/div>\n<\/div>\n\n\n\n<div class=\"wp-block-column is-layout-flow wp-block-column-is-layout-flow\" style=\"flex-basis:33.33%\">    \n    <style>\n      .mtg-grid-table {\n        width: 100%;\n        border-collapse: collapse;\n        text-align: center;\n      }\n      .mtg-grid-table td {\n        padding: 15px;\n        border: 1px solid #ddd;\n        transition: transform 0.3s ease;\n        width: 20%;\n      }\n      .mtg-grid-table td:hover {\n        transform: scale(1.2);\n        z-index: 10;\n        position: relative;\n        background-color: #f9f9f9;\n        box-shadow: 0 4px 10px rgba(0,0,0,0.1);\n      }\n      .mtg-grid-table a {\n        text-decoration: none;\n        color: inherit;\n        display: block;\n        width: 100%;\n        height: 100%;\n      }\n    <\/style>\n\n    <table class=\"mtg-grid-table\">\n      <tbody>\n        <tr>\n          <td><a href=\"https:\/\/chinesethegathering.com\/fr\/fourth-edition-foreign-black-border-misprints\/\"><i class=\"ss ss-4ed ss-2x\"><\/i><\/a><\/td>\n          <td><a href=\"https:\/\/chinesethegathering.com\/fr\/visions-misprints\/\"><i class=\"ss ss-vis ss-2x\"><\/i><\/a><\/td>\n          <td><a href=\"https:\/\/chinesethegathering.com\/fr\/fifth-edition-misprints\/\"><i class=\"ss ss-5ed ss-2x\"><\/i><\/a><\/td>\n          <td><a href=\"https:\/\/chinesethegathering.com\/fr\/portal-misprints\/\"><i class=\"ss ss-por ss-2x\"><\/i><\/a><\/td>\n          <td><a href=\"https:\/\/chinesethegathering.com\/fr\/tempest-set-misprints\/\"><i class=\"ss ss-tmp ss-2x\"><\/i><\/a><\/td>\n        <\/tr>\n        <tr>\n          <td><a href=\"https:\/\/chinesethegathering.com\/fr\/exodus-misprints\/\"><i class=\"ss ss-exo ss-2x\"><\/i><\/a><\/td>\n          <td><a href=\"https:\/\/chinesethegathering.com\/fr\/urzas-saga-misprints\/\"><i class=\"ss ss-usg ss-2x\"><\/i><\/a><\/td>\n          <td><a href=\"https:\/\/chinesethegathering.com\/fr\/ninth-edition-misprints\/\"><i class=\"ss ss-9ed ss-2x\"><\/i><\/a><\/td>\n          <td><\/td>\n          <td><\/td>\n        <\/tr>\n      <\/tbody>\n    <\/table>\n\n    \n<\/div>\n<\/div>\n\n<hr class=\"wp-block-separator has-alpha-channel-opacity is-style-wide\"\/>\n\n<div class=\"wp-block-columns is-layout-flex wp-container-core-columns-is-layout-9d6595d7 wp-block-columns-is-layout-flex\">\n<div class=\"wp-block-column is-layout-flow wp-block-column-is-layout-flow\" style=\"flex-basis:25%\">\n<figure data-wp-context=\"{&quot;imageId&quot;:&quot;69d009455dfaa&quot;}\" data-wp-interactive=\"core\/image\" data-wp-key=\"69d009455dfaa\" class=\"wp-block-image size-full wp-lightbox-container\"><img loading=\"lazy\" decoding=\"async\" width=\"672\" height=\"936\" data-wp-class--hide=\"state.isContentHidden\" data-wp-class--show=\"state.isContentVisible\" data-wp-init=\"callbacks.setButtonStyles\" data-wp-on--click=\"actions.showLightbox\" data-wp-on--load=\"callbacks.setButtonStyles\" data-wp-on-window--resize=\"callbacks.setButtonStyles\" src=\"https:\/\/chinesethegathering.com\/wp-content\/uploads\/2026\/03\/POR_89.avif\" alt=\"\" class=\"wp-image-9060\" srcset=\"https:\/\/chinesethegathering.com\/wp-content\/uploads\/2026\/03\/POR_89.avif 672w, https:\/\/chinesethegathering.com\/wp-content\/uploads\/2026\/03\/POR_89-215x300.avif 215w\" sizes=\"auto, (max-width: 672px) 100vw, 672px\" \/><button\n\t\t\tclass=\"lightbox-trigger\"\n\t\t\ttype=\"button\"\n\t\t\taria-haspopup=\"dialog\"\n\t\t\taria-label=\"Agrandir\"\n\t\t\tdata-wp-init=\"callbacks.initTriggerButton\"\n\t\t\tdata-wp-on--click=\"actions.showLightbox\"\n\t\t\tdata-wp-style--right=\"state.imageButtonRight\"\n\t\t\tdata-wp-style--top=\"state.imageButtonTop\"\n\t\t>\n\t\t\t<svg xmlns=\"http:\/\/www.w3.org\/2000\/svg\" width=\"12\" height=\"12\" fill=\"none\" viewBox=\"0 0 12 12\">\n\t\t\t\t<path fill=\"#fff\" d=\"M2 0a2 2 0 0 0-2 2v2h1.5V2a.5.5 0 0 1 .5-.5h2V0H2Zm2 10.5H2a.5.5 0 0 1-.5-.5V8H0v2a2 2 0 0 0 2 2h2v-1.5ZM8 12v-1.5h2a.5.5 0 0 0 .5-.5V8H12v2a2 2 0 0 1-2 2H8Zm2-12a2 2 0 0 1 2 2v2h-1.5V2a.5.5 0 0 0-.5-.5H8V0h2Z\" \/>\n\t\t\t<\/svg>\n\t\t<\/button><figcaption class=\"wp-element-caption\"><strong>Moissonneur effroyable<\/strong><\/figcaption><\/figure>\n\n\n\n<p class=\"has-text-align-center has-small-font-size\">Vol manquant<\/p>\n<\/div>\n\n\n\n<div class=\"wp-block-column is-layout-flow wp-block-column-is-layout-flow\" style=\"flex-basis:25%\">\n<figure data-wp-context=\"{&quot;imageId&quot;:&quot;69d009455e842&quot;}\" data-wp-interactive=\"core\/image\" data-wp-key=\"69d009455e842\" class=\"wp-block-image size-full wp-lightbox-container\"><img loading=\"lazy\" decoding=\"async\" width=\"672\" height=\"936\" data-wp-class--hide=\"state.isContentHidden\" data-wp-class--show=\"state.isContentVisible\" data-wp-init=\"callbacks.setButtonStyles\" data-wp-on--click=\"actions.showLightbox\" data-wp-on--load=\"callbacks.setButtonStyles\" data-wp-on-window--resize=\"callbacks.setButtonStyles\" src=\"https:\/\/chinesethegathering.com\/wp-content\/uploads\/2026\/03\/POR_69.avif\" alt=\"\" class=\"wp-image-9061\" srcset=\"https:\/\/chinesethegathering.com\/wp-content\/uploads\/2026\/03\/POR_69.avif 672w, https:\/\/chinesethegathering.com\/wp-content\/uploads\/2026\/03\/POR_69-215x300.avif 215w\" sizes=\"auto, (max-width: 672px) 100vw, 672px\" \/><button\n\t\t\tclass=\"lightbox-trigger\"\n\t\t\ttype=\"button\"\n\t\t\taria-haspopup=\"dialog\"\n\t\t\taria-label=\"Agrandir\"\n\t\t\tdata-wp-init=\"callbacks.initTriggerButton\"\n\t\t\tdata-wp-on--click=\"actions.showLightbox\"\n\t\t\tdata-wp-style--right=\"state.imageButtonRight\"\n\t\t\tdata-wp-style--top=\"state.imageButtonTop\"\n\t\t>\n\t\t\t<svg xmlns=\"http:\/\/www.w3.org\/2000\/svg\" width=\"12\" height=\"12\" fill=\"none\" viewBox=\"0 0 12 12\">\n\t\t\t\t<path fill=\"#fff\" d=\"M2 0a2 2 0 0 0-2 2v2h1.5V2a.5.5 0 0 1 .5-.5h2V0H2Zm2 10.5H2a.5.5 0 0 1-.5-.5V8H0v2a2 2 0 0 0 2 2h2v-1.5ZM8 12v-1.5h2a.5.5 0 0 0 .5-.5V8H12v2a2 2 0 0 1-2 2H8Zm2-12a2 2 0 0 1 2 2v2h-1.5V2a.5.5 0 0 0-.5-.5H8V0h2Z\" \/>\n\t\t\t<\/svg>\n\t\t<\/button><figcaption class=\"wp-element-caption\"><strong>Corbeau de l\u2019orage<\/strong><\/figcaption><\/figure>\n\n\n\n<p class=\"has-text-align-center has-small-font-size\">Vol manquant<\/p>\n<\/div>\n\n\n\n<div class=\"wp-block-column is-layout-flow wp-block-column-is-layout-flow\" style=\"flex-basis:25%\">\n<figure data-wp-context=\"{&quot;imageId&quot;:&quot;69d009455f0b6&quot;}\" data-wp-interactive=\"core\/image\" data-wp-key=\"69d009455f0b6\" class=\"wp-block-image size-full is-resized wp-lightbox-container\"><img loading=\"lazy\" decoding=\"async\" width=\"672\" height=\"936\" data-wp-class--hide=\"state.isContentHidden\" data-wp-class--show=\"state.isContentVisible\" data-wp-init=\"callbacks.setButtonStyles\" data-wp-on--click=\"actions.showLightbox\" data-wp-on--load=\"callbacks.setButtonStyles\" data-wp-on-window--resize=\"callbacks.setButtonStyles\" src=\"https:\/\/chinesethegathering.com\/wp-content\/uploads\/2026\/03\/POR_63.avif\" alt=\"\" class=\"wp-image-9062\" style=\"width:auto;height:346px\" srcset=\"https:\/\/chinesethegathering.com\/wp-content\/uploads\/2026\/03\/POR_63.avif 672w, https:\/\/chinesethegathering.com\/wp-content\/uploads\/2026\/03\/POR_63-215x300.avif 215w\" sizes=\"auto, (max-width: 672px) 100vw, 672px\" \/><button\n\t\t\tclass=\"lightbox-trigger\"\n\t\t\ttype=\"button\"\n\t\t\taria-haspopup=\"dialog\"\n\t\t\taria-label=\"Agrandir\"\n\t\t\tdata-wp-init=\"callbacks.initTriggerButton\"\n\t\t\tdata-wp-on--click=\"actions.showLightbox\"\n\t\t\tdata-wp-style--right=\"state.imageButtonRight\"\n\t\t\tdata-wp-style--top=\"state.imageButtonTop\"\n\t\t>\n\t\t\t<svg xmlns=\"http:\/\/www.w3.org\/2000\/svg\" width=\"12\" height=\"12\" fill=\"none\" viewBox=\"0 0 12 12\">\n\t\t\t\t<path fill=\"#fff\" d=\"M2 0a2 2 0 0 0-2 2v2h1.5V2a.5.5 0 0 1 .5-.5h2V0H2Zm2 10.5H2a.5.5 0 0 1-.5-.5V8H0v2a2 2 0 0 0 2 2h2v-1.5ZM8 12v-1.5h2a.5.5 0 0 0 .5-.5V8H12v2a2 2 0 0 1-2 2H8Zm2-12a2 2 0 0 1 2 2v2h-1.5V2a.5.5 0 0 0-.5-.5H8V0h2Z\" \/>\n\t\t\t<\/svg>\n\t\t<\/button><figcaption class=\"wp-element-caption\"><strong>Familier hibou<\/strong><\/figcaption><\/figure>\n\n\n\n<p class=\"has-text-align-center has-small-font-size\">Texte de r\u00e8gles incorrect (capacit\u00e9 dune autre carte)<\/p>\n<\/div>\n\n\n\n<div class=\"wp-block-column is-layout-flow wp-block-column-is-layout-flow\" style=\"flex-basis:25%\">\n<figure data-wp-context=\"{&quot;imageId&quot;:&quot;69d009455f947&quot;}\" data-wp-interactive=\"core\/image\" data-wp-key=\"69d009455f947\" class=\"wp-block-image size-full is-resized wp-lightbox-container\"><img loading=\"lazy\" decoding=\"async\" width=\"672\" height=\"936\" data-wp-class--hide=\"state.isContentHidden\" data-wp-class--show=\"state.isContentVisible\" data-wp-init=\"callbacks.setButtonStyles\" data-wp-on--click=\"actions.showLightbox\" data-wp-on--load=\"callbacks.setButtonStyles\" data-wp-on-window--resize=\"callbacks.setButtonStyles\" src=\"https:\/\/chinesethegathering.com\/wp-content\/uploads\/2026\/03\/POR_51.avif\" alt=\"\" class=\"wp-image-9063\" style=\"width:auto;height:346px\" srcset=\"https:\/\/chinesethegathering.com\/wp-content\/uploads\/2026\/03\/POR_51.avif 672w, https:\/\/chinesethegathering.com\/wp-content\/uploads\/2026\/03\/POR_51-215x300.avif 215w\" sizes=\"auto, (max-width: 672px) 100vw, 672px\" \/><button\n\t\t\tclass=\"lightbox-trigger\"\n\t\t\ttype=\"button\"\n\t\t\taria-haspopup=\"dialog\"\n\t\t\taria-label=\"Agrandir\"\n\t\t\tdata-wp-init=\"callbacks.initTriggerButton\"\n\t\t\tdata-wp-on--click=\"actions.showLightbox\"\n\t\t\tdata-wp-style--right=\"state.imageButtonRight\"\n\t\t\tdata-wp-style--top=\"state.imageButtonTop\"\n\t\t>\n\t\t\t<svg xmlns=\"http:\/\/www.w3.org\/2000\/svg\" width=\"12\" height=\"12\" fill=\"none\" viewBox=\"0 0 12 12\">\n\t\t\t\t<path fill=\"#fff\" d=\"M2 0a2 2 0 0 0-2 2v2h1.5V2a.5.5 0 0 1 .5-.5h2V0H2Zm2 10.5H2a.5.5 0 0 1-.5-.5V8H0v2a2 2 0 0 0 2 2h2v-1.5ZM8 12v-1.5h2a.5.5 0 0 0 .5-.5V8H12v2a2 2 0 0 1-2 2H8Zm2-12a2 2 0 0 1 2 2v2h-1.5V2a.5.5 0 0 0-.5-.5H8V0h2Z\" \/>\n\t\t\t<\/svg>\n\t\t<\/button><figcaption class=\"wp-element-caption\"><strong>Grand serpent des mers profondes<\/strong><\/figcaption><\/figure>\n\n\n\n<p class=\"has-text-align-center has-small-font-size\">Erreur de couche d\u2019encre du nom<\/p>\n<\/div>\n<\/div>\n","protected":false},"excerpt":{"rendered":"<p>Portal Erreurs d\u2019impression (1997) \u2013 Aper\u00e7u des erreurs d\u2019impression chinoisesNombre d\u2019erreurs d\u2019impression : 4Langue : chinois traditionnel et simplifi\u00e9Ann\u00e9e de sortie : 1997Diff\u00e9rences d\u2019impression : diverses erreurs Vol manquant Vol manquant Texte de r\u00e8gles incorrect (capacit\u00e9 dune autre carte) Erreur de couche d\u2019encre du nom<\/p>\n","protected":false},"author":1,"featured_media":0,"parent":0,"menu_order":0,"comment_status":"closed","ping_status":"closed","template":"","meta":{"footnotes":""},"class_list":["post-9110","page","type-page","status-publish"],"_links":{"self":[{"href":"https:\/\/chinesethegathering.com\/fr\/wp-json\/wp\/v2\/pages\/9110","targetHints":{"allow":["GET"]}}],"collection":[{"href":"https:\/\/chinesethegathering.com\/fr\/wp-json\/wp\/v2\/pages"}],"about":[{"href":"https:\/\/chinesethegathering.com\/fr\/wp-json\/wp\/v2\/types\/page"}],"author":[{"embeddable":true,"href":"https:\/\/chinesethegathering.com\/fr\/wp-json\/wp\/v2\/users\/1"}],"replies":[{"embeddable":true,"href":"https:\/\/chinesethegathering.com\/fr\/wp-json\/wp\/v2\/comments?post=9110"}],"version-history":[{"count":0,"href":"https:\/\/chinesethegathering.com\/fr\/wp-json\/wp\/v2\/pages\/9110\/revisions"}],"wp:attachment":[{"href":"https:\/\/chinesethegathering.com\/fr\/wp-json\/wp\/v2\/media?parent=9110"}],"curies":[{"name":"wp","href":"https:\/\/api.w.org\/{rel}","templated":true}]}}