{"id":8672,"date":"2026-03-21T13:26:52","date_gmt":"2026-03-21T13:26:52","guid":{"rendered":"https:\/\/chinesethegathering.com\/quatrieme-edition-bords-noirs\/"},"modified":"2026-03-31T20:20:00","modified_gmt":"2026-03-31T20:20:00","slug":"quatrieme-edition-bords-noirs","status":"publish","type":"page","link":"https:\/\/chinesethegathering.com\/fr\/quatrieme-edition-bords-noirs\/","title":{"rendered":"Quatri\u00e8me \u00c9dition Bords Noirs"},"content":{"rendered":"\n<p>Dans le monde de la collection <em>Magic: The Gathering<\/em> (MTG), \u00ab Bords Noirs \u00bb signifie g\u00e9n\u00e9ralement \u00ab Original \u00bb. En 1995, Wizards of the Coast a publi\u00e9 le jeu de base <strong>Quatri\u00e8me Edition<\/strong>. En anglais, ces cartes avaient des bords blancs. Cependant, pour certains march\u00e9s internationaux, elles ont \u00e9t\u00e9 imprim\u00e9es avec de magnifiques bords noirs.   <\/p>\n\n<p>Parmi celles-ci, la version en <strong>chinois traditionnel<\/strong>, imprim\u00e9e pour les joueurs de Ta\u00efwan et de Hong Kong, occupe une place particuli\u00e8re dans l\u2019histoire.<\/p>\n\n<h3 class=\"wp-block-heading\">Pourquoi cette \u00e9dition est-elle sp\u00e9ciale ?<\/h3>\n\n<p>La plupart des cartes de la Quatri\u00e8me Edition que vous voyez aujourd\u2019hui ont des bords blancs. Les \u00e9ditions <strong>Quatri\u00e8me \u00c9dition Bords Noirs<\/strong> ont \u00e9t\u00e9 cr\u00e9\u00e9es pour introduire le jeu dans de nouvelles langues. Comme c\u2019\u00e9tait la premi\u00e8re fois que le jeu apparaissait dans ces langues, elles ont b\u00e9n\u00e9fici\u00e9 du traitement \u00ab \u00e9dition limit\u00e9e \u00bb \u00e0 bords noirs.  <\/p>\n\n<h3 class=\"wp-block-heading\"><\/h3>\n\n<pre class=\"wp-block-verse has-text-align-center\">\u00ab <strong>C\u2019est la premi\u00e8re \u00e9dition de MTG imprim\u00e9e en chinois, sortie en 1996.<\/strong> \u00bb<\/pre>\n\n<h3 class=\"wp-block-heading\">Niveau de raret\u00e9 de chaque langue<\/h3>\n\n<p>Les collectionneurs classent souvent les s\u00e9ries Quatri\u00e8me \u00c9dition Bords Noirs de 1996 selon leur difficult\u00e9 \u00e0 \u00eatre trouv\u00e9es. Voici comment l\u2019\u00e9dition en chinois traditionnel se compare \u00e0 ses homologues : <\/p>\n\n<figure style=\"font-size:15px\" class=\"wp-block-table\"><table class=\"has-fixed-layout\"><thead><tr><td><strong>Niveau de raret\u00e9<\/strong><\/td><td><strong>Langue<\/strong><\/td><td><strong>Disponibilit\u00e9 sur le march\u00e9<\/strong><\/td><\/tr><\/thead><tbody><tr><td><strong>Tr\u00e8s rare<\/strong><\/td><td>Cor\u00e9en \/ Portugais<\/td><td>Tirages extr\u00eamement faibles ; tr\u00e8s difficile \u00e0 trouver aujourd\u2019hui.<\/td><\/tr><tr><td><strong>Inhabituelle<\/strong><\/td><td><strong>Chinois traditionnel<\/strong><\/td><td><strong>Plus difficile que le japonais, mais plus facile que le cor\u00e9en.<\/strong><\/td><\/tr><tr><td><strong>Commune<\/strong><\/td><td>Japonais \/ Espagnol<\/td><td>Largement imprim\u00e9 et plus facile \u00e0 localiser sur le march\u00e9.<\/td><\/tr><\/tbody><\/table><\/figure>\n\n<p>Au 21 mars 2026, les annonces de Cardmarket pour le <em>set complet Magic: The Gathering Quatri\u00e8me \u00c9dition Bords Noirs<\/em> offrent un aper\u00e7u r\u00e9v\u00e9lateur de la disponibilit\u00e9 sur le march\u00e9 par langue. <\/p>\n\n<figure style=\"font-size:15px\" class=\"wp-block-table\"><table class=\"has-fixed-layout\"><thead><tr><th>Langue<\/th><th>Offres visibles sur Cardmarket<\/th><th>Prix de vente moyen<\/th><\/tr><\/thead><tbody><tr><td>Japonais<\/td><td>6<\/td><td>2\u202f699,98 \u20ac<\/td><\/tr><tr><td>Espagnol<\/td><td>4<\/td><td>5\u202f300,00 \u20ac<\/td><\/tr><tr><td>Cor\u00e9en<\/td><td>2<\/td><td>7\u202f245,00 \u20ac<\/td><\/tr><tr><td>Portugais<\/td><td>1<\/td><td>5\u202f000,00 \u20ac<\/td><\/tr><tr><td>Chinois traditionnel<\/td><td>0<\/td><td>Aucune moyenne de march\u00e9 disponible<\/td><\/tr><\/tbody><\/table><\/figure>\n\n<p>Le japonais semble \u00eatre la version la plus couramment propos\u00e9e, avec six annonces visibles et un prix de vente moyen de 2\u202f699,98 \u20ac, tandis que les versions espagnole, cor\u00e9enne et portugaise sont repr\u00e9sent\u00e9es par moins d\u2019offres \u00e0 des niveaux moyens nettement plus \u00e9lev\u00e9s. Plus frappant encore, la version en chinois traditionnel ne pr\u00e9sente aucune annonce active sur Cardmarket \u00e0 cette date. Cette absence soutient fortement l\u2019id\u00e9e que les sets complets en chinois traditionnel de la Quatri\u00e8me \u00c9dition Bords Noirs sont exceptionnellement rares sur le march\u00e9 libre europ\u00e9en, non seulement en raison d\u2019une faible offre, mais parce qu\u2019aucun exemplaire n\u2019\u00e9tait publiquement disponible \u00e0 la vente au moment de l\u2019observation.  <\/p>\n\n<h3 class=\"wp-block-heading\">Caract\u00e9ristiques cl\u00e9s pour les collectionneurs<\/h3>\n\n<p>Si vous recherchez ces cartes, surveillez ces d\u00e9tails sp\u00e9cifiques :<\/p>\n\n<ul class=\"wp-block-list\">\n<li><strong>La date :<\/strong> Les cartes affichent une date de copyright de <strong>1996<\/strong>.<\/li>\n\n\n\n<li><strong>L\u2019aspect :<\/strong> Les couleurs sont souvent beaucoup plus sombres et plus \u00ab satur\u00e9es \u00bb que les versions anglaises \u00e0 bords blancs.<\/li>\n\n\n\n<li><strong>La valeur :<\/strong> Les cartes embl\u00e9matiques comme <em>Foudre<\/em>, <em>Contresort<\/em> et les \u00ab Terrains sp\u00e9ciaux \u00bb (comme <em>Usine de Mishra<\/em>) en chinois traditionnel affichent un prix \u00e9lev\u00e9 par rapport aux versions standard.<\/li>\n<\/ul>\n\n<div class=\"gutenakitid-a8705fdc-2303-4491-ae8c-bf23f2783ef6  wp-block-media-text is-stacked-on-mobile\" style=\"grid-template-columns:15% auto\"><figure class=\"wp-block-media-text__media\"><a href=\"https:\/\/chinesethegathering.com\/fr\/erreurs-dimpression-quatrieme-edition-bords-noirs\/\"><img loading=\"lazy\" decoding=\"async\" width=\"968\" height=\"1330\" src=\"https:\/\/chinesethegathering.com\/wp-content\/uploads\/2026\/03\/ChatGPT-Image-15-mars-2026-16_26_57-1.avif\" alt=\"\" class=\"wp-image-8566 size-full\" srcset=\"https:\/\/chinesethegathering.com\/wp-content\/uploads\/2026\/03\/ChatGPT-Image-15-mars-2026-16_26_57-1.avif 968w, https:\/\/chinesethegathering.com\/wp-content\/uploads\/2026\/03\/ChatGPT-Image-15-mars-2026-16_26_57-1-218x300.avif 218w, https:\/\/chinesethegathering.com\/wp-content\/uploads\/2026\/03\/ChatGPT-Image-15-mars-2026-16_26_57-1-745x1024.avif 745w, https:\/\/chinesethegathering.com\/wp-content\/uploads\/2026\/03\/ChatGPT-Image-15-mars-2026-16_26_57-1-768x1055.avif 768w\" sizes=\"auto, (max-width: 968px) 100vw, 968px\" \/><\/a><\/figure><div class=\"wp-block-media-text__content is-layout-flow wp-block-media-text-is-layout-flow\">\n<p>Cette \u00e9dition est \u00e9galement c\u00e9l\u00e8bre pour plusieurs <a href=\"https:\/\/chinesethegathering.com\/fr\/erreurs-dimpression-quatrieme-edition-bords-noirs\/\" data-type=\"page\" data-id=\"8054\">erreurs d\u2019impression et de traduction<\/a> int\u00e9ressantes. Par exemple, certaines cartes ont un texte estomp\u00e9 ou des symboles de mana incorrects, tandis que d\u2019autres pr\u00e9sentent des r\u00e8gles mal traduites qui modifient le fonctionnement de la carte dans le jeu. Ces petites erreurs rendent le set en chinois traditionnel encore plus unique et constituent un d\u00e9fi amusant pour les collectionneurs sp\u00e9cialis\u00e9s en \u00ab erreurs d\u2019impression \u00bb.  <\/p>\n<\/div><\/div>\n\n<p><\/p>\n\n<h3 class=\"wp-block-heading\">Les huit cartes manquantes<\/h3>\n\n<p>Un d\u00e9tail fascinant pour les collectionneurs est que les versions en <strong>chinois traditionnel<\/strong> et en <strong>cor\u00e9en<\/strong> de la 4e \u00c9dition sont en r\u00e9alit\u00e9 plus petites que les sets anglais ou m\u00eame japonais \u00e0 bords noirs. Alors que le set standard contient 378 cartes, il manque \u00e0 ces deux \u00e9ditions <strong>8 cartes sp\u00e9cifiques<\/strong> qui ont \u00e9t\u00e9 retir\u00e9es lors de la production. Cela signifie que vous ne pouvez pas trouver de version chinoise \u00e0 bords noirs de 1996 pour les cartes suivantes :  <\/p>\n\n<ul class=\"wp-block-list\">\n<li><strong>Blanc :<\/strong> <em>B\u00e9n\u00e9diction<\/em><\/li>\n\n\n\n<li><strong>Bleu :<\/strong> <em>Forme gazeuse<\/em><\/li>\n\n\n\n<li><strong>Noir :<\/strong> <em>\u00c2me perdue<\/em><\/li>\n\n\n\n<li><strong>Rouge :<\/strong> <em>Soif de sang<\/em>, <em>\u00c9l\u00e9mental de feu<\/em> et <em>\u00c9frit de la temp\u00eate<\/em><\/li>\n\n\n\n<li><strong>Vert :<\/strong> <em>Dryades de Shanodin<\/em><\/li>\n\n\n\n<li><strong>Artefact :<\/strong> <em>Argile primordiale<\/em><\/li>\n<\/ul>\n\n<figure class=\"wp-block-gallery has-nested-images columns-8 is-cropped wp-block-gallery-1 is-layout-flex wp-block-gallery-is-layout-flex\">\n<figure class=\"wp-block-image size-large\"><img decoding=\"async\" data-id=\"8531\" src=\"https:\/\/chinesethegathering.com\/wp-content\/uploads\/2026\/03\/4ed-9-blessing.jpg\" alt=\"\" class=\"wp-image-8531\"\/><\/figure>\n\n\n\n<figure class=\"wp-block-image size-large\"><img decoding=\"async\" data-id=\"8532\" src=\"https:\/\/chinesethegathering.com\/wp-content\/uploads\/2026\/03\/4ed-74-gaseous-form.jpg\" alt=\"\" class=\"wp-image-8532\"\/><\/figure>\n\n\n\n<figure class=\"wp-block-image size-large\"><img decoding=\"async\" data-id=\"8533\" src=\"https:\/\/chinesethegathering.com\/wp-content\/uploads\/2026\/03\/4ed-145-lost-soul.jpg\" alt=\"\" class=\"wp-image-8533\"\/><\/figure>\n\n\n\n<figure class=\"wp-block-image size-large\"><img decoding=\"async\" data-id=\"8534\" src=\"https:\/\/chinesethegathering.com\/wp-content\/uploads\/2026\/03\/4ed-178-blood-lust.jpg\" alt=\"\" class=\"wp-image-8534\"\/><\/figure>\n\n\n\n<figure class=\"wp-block-image size-large\"><img decoding=\"async\" data-id=\"8536\" src=\"https:\/\/chinesethegathering.com\/wp-content\/uploads\/2026\/03\/4ed-191-fire-elemental.jpg\" alt=\"\" class=\"wp-image-8536\"\/><\/figure>\n\n\n\n<figure class=\"wp-block-image size-large\"><img decoding=\"async\" data-id=\"8538\" src=\"https:\/\/chinesethegathering.com\/wp-content\/uploads\/2026\/03\/4ed-225-tempest-efreet.jpg\" alt=\"\" class=\"wp-image-8538\"\/><\/figure>\n\n\n\n<figure class=\"wp-block-image size-large\"><img decoding=\"async\" data-id=\"8535\" src=\"https:\/\/chinesethegathering.com\/wp-content\/uploads\/2026\/03\/4ed-271-shanodin-dryads.jpg\" alt=\"\" class=\"wp-image-8535\"\/><\/figure>\n\n\n\n<figure class=\"wp-block-image size-large\"><img decoding=\"async\" data-id=\"8537\" src=\"https:\/\/chinesethegathering.com\/wp-content\/uploads\/2026\/03\/4ed-342-primal-clay.jpg\" alt=\"\" class=\"wp-image-8537\"\/><\/figure>\n<\/figure>\n\n<p><\/p>\n\n<p>Comme ces cartes n\u2019existent pas dans l\u2019\u00e9dition, compl\u00e9ter un \u00ab Set complet \u00bb en chinois traditionnel ne n\u00e9cessite en r\u00e9alit\u00e9 que <strong>370 cartes<\/strong> au lieu des 378 habituelles. Cette particularit\u00e9 fait des tirages chinois et cor\u00e9ens des anomalies historiques uniques dans le multivers de <em>Magic<\/em>. <\/p>\n\n<p>Constituer un set complet de la <strong>Quatri\u00e8me \u00c9dition Bords Noirs en chinois<\/strong> est un voyage gratifiant, mais qui demande de la patience. Les collectionneurs doivent concilier le volume important de cartes avec la difficult\u00e9 de les trouver en \u00e9tat \u00ab Near Mint \u00bb (NM). <\/p>\n\n<h3 class=\"wp-block-heading\">L\u2019ampleur de l\u2019\u00e9dition<\/h3>\n\n<p>La 4e \u00c9dition est un grand jeu de base. Pour compl\u00e9ter un \u00ab master set \u00bb, vous devez collecter un total de <strong>370 cartes<\/strong>. La r\u00e9partition du set est la suivante :  <\/p>\n\n<ul class=\"wp-block-list\">\n<li><strong>117 Rares (4 manquantes) :<\/strong> C\u2019est l\u00e0 que r\u00e9side le v\u00e9ritable d\u00e9fi.<\/li>\n\n\n\n<li><strong>120 Uncos (1 manquante)<\/strong><\/li>\n\n\n\n<li><strong>118 Communes (3 manquantes)<\/strong><\/li>\n\n\n\n<li><strong>15 Terrains de base :<\/strong> Bien que communs, trouver un ensemble assorti avec des bords noirs impeccables est tr\u00e8s satisfaisant pour les joueurs.<\/li>\n<\/ul>\n\n<div class=\"gutenakitid-349e9874-6f5c-4194-8243-23f9fa6f92b4  wp-block-media-text is-stacked-on-mobile\" style=\"grid-template-columns:20% auto\"><figure class=\"wp-block-media-text__media\"><img loading=\"lazy\" decoding=\"async\" width=\"800\" height=\"800\" src=\"https:\/\/chinesethegathering.com\/wp-content\/uploads\/2026\/03\/mtg-fourth-edition-black-bordered-booster-display-chinesisch_2.avif\" alt=\"\" class=\"wp-image-8138 size-full\" srcset=\"https:\/\/chinesethegathering.com\/wp-content\/uploads\/2026\/03\/mtg-fourth-edition-black-bordered-booster-display-chinesisch_2.avif 800w, https:\/\/chinesethegathering.com\/wp-content\/uploads\/2026\/03\/mtg-fourth-edition-black-bordered-booster-display-chinesisch_2-300x300.avif 300w, https:\/\/chinesethegathering.com\/wp-content\/uploads\/2026\/03\/mtg-fourth-edition-black-bordered-booster-display-chinesisch_2-150x150.avif 150w, https:\/\/chinesethegathering.com\/wp-content\/uploads\/2026\/03\/mtg-fourth-edition-black-bordered-booster-display-chinesisch_2-768x768.avif 768w\" sizes=\"auto, (max-width: 800px) 100vw, 800px\" \/><\/figure><div class=\"wp-block-media-text__content is-layout-flow wp-block-media-text-is-layout-flow\">\n<p>Comme il y a <strong>117 cartes rares diff\u00e9rentes<\/strong>, les probabilit\u00e9s math\u00e9matiques de tirer une rare sp\u00e9cifique comme le <em>Dragon shiv\u00e2n<\/em> ou <em>\u00c9quilibre<\/em> d\u2019un seul booster \u00e9taient tr\u00e8s faibles en 1996.<\/p>\n<\/div><\/div>\n\n<hr class=\"wp-block-separator has-alpha-channel-opacity\"\/>\n\n<h3 class=\"wp-block-heading\"><strong>Niveau de raret\u00e9<\/strong><\/h3>\n\n<h4 class=\"wp-block-heading\"><strong>Chinois traditionnel &#8211; Quatri\u00e8me \u00c9dition Bords Noirs<\/strong><\/h4>\n\n<div class=\"wp-block-columns is-layout-flex wp-container-core-columns-is-layout-9d6595d7 wp-block-columns-is-layout-flex\">\n<div class=\"wp-block-column is-layout-flow wp-block-column-is-layout-flow\" style=\"flex-basis:33.33%\">\n<div style=\"text-align: center;\">\n  <i class=\"ss ss-4ed ss-6x\"><\/i>\n<\/div>\n\n\n\n<div class=\"wp-block-group is-content-justification-center is-nowrap is-layout-flex wp-container-core-group-is-layout-94bc23d7 wp-block-group-is-layout-flex\">\n<div class=\"wp-block-gutena-star-ratings gutena-star-ratings-block gutena-star-ratings-block-5ad251-eb align-left\"><svg xmlns=\"http:\/\/www.w3.org\/2000\/svg\" viewbox=\"0 0 24 24\" width=\"35\" height=\"35\" class=\"gutena-full-rating\" aria-hidden=\"true\"><path fill=\"none\" d=\"M0 0h24v24H0z\"><\/path><path d=\"M12 17l-5.878 3.59 1.598-6.7-5.23-4.48 6.865-.55L12 2.5l2.645 6.36 6.866.55-5.231 4.48 1.598 6.7z\"><\/path><\/svg><svg xmlns=\"http:\/\/www.w3.org\/2000\/svg\" viewbox=\"0 0 24 24\" width=\"35\" height=\"35\" class=\"gutena-full-rating\" aria-hidden=\"true\"><path fill=\"none\" d=\"M0 0h24v24H0z\"><\/path><path d=\"M12 17l-5.878 3.59 1.598-6.7-5.23-4.48 6.865-.55L12 2.5l2.645 6.36 6.866.55-5.231 4.48 1.598 6.7z\"><\/path><\/svg><svg xmlns=\"http:\/\/www.w3.org\/2000\/svg\" viewbox=\"0 0 24 24\" width=\"35\" height=\"35\" class=\"gutena-full-rating\" aria-hidden=\"true\"><path fill=\"none\" d=\"M0 0h24v24H0z\"><\/path><path d=\"M12 17l-5.878 3.59 1.598-6.7-5.23-4.48 6.865-.55L12 2.5l2.645 6.36 6.866.55-5.231 4.48 1.598 6.7z\"><\/path><\/svg><svg xmlns=\"http:\/\/www.w3.org\/2000\/svg\" viewbox=\"0 0 24 24\" width=\"35\" height=\"35\" class=\"gutena-empty-rating\" aria-hidden=\"true\"><path fill=\"none\" d=\"M0 0h24v24H0z\"><\/path><path d=\"M12 17l-5.878 3.59 1.598-6.7-5.23-4.48 6.865-.55L12 2.5l2.645 6.36 6.866.55-5.231 4.48 1.598 6.7L12 17zm0-2.344l2.817 1.72-.766-3.21 2.507-2.147-3.29-.264L12 7.708l-1.268 3.047-3.29.264 2.507 2.147-.766 3.21L12 14.657z\"><\/path><\/svg><svg xmlns=\"http:\/\/www.w3.org\/2000\/svg\" viewbox=\"0 0 24 24\" width=\"35\" height=\"35\" class=\"gutena-empty-rating\" aria-hidden=\"true\"><path fill=\"none\" d=\"M0 0h24v24H0z\"><\/path><path d=\"M12 17l-5.878 3.59 1.598-6.7-5.23-4.48 6.865-.55L12 2.5l2.645 6.36 6.866.55-5.231 4.48 1.598 6.7L12 17zm0-2.344l2.817 1.72-.766-3.21 2.507-2.147-3.29-.264L12 7.708l-1.268 3.047-3.29.264 2.507 2.147-.766 3.21L12 14.657z\"><\/path><\/svg><svg xmlns=\"http:\/\/www.w3.org\/2000\/svg\" viewbox=\"0 0 24 24\" width=\"35\" height=\"35\" class=\"gutena-empty-rating\" aria-hidden=\"true\"><path fill=\"none\" d=\"M0 0h24v24H0z\"><\/path><path d=\"M12 17l-5.878 3.59 1.598-6.7-5.23-4.48 6.865-.55L12 2.5l2.645 6.36 6.866.55-5.231 4.48 1.598 6.7L12 17zm0-2.344l2.817 1.72-.766-3.21 2.507-2.147-3.29-.264L12 7.708l-1.268 3.047-3.29.264 2.507 2.147-.766 3.21L12 14.657z\"><\/path><\/svg><\/div>\n<\/div>\n<\/div>\n\n\n\n<div class=\"wp-block-column is-vertically-aligned-center is-layout-flow wp-block-column-is-layout-flow\" style=\"flex-basis:66.66%\">\n<p>Bien que ce set soit rare et difficile \u00e0 compl\u00e9ter, ce n\u2019est pas l\u2019\u00e9dition chinoise la plus rare en raison de son tirage important et de la forte demande internationale. Malgr\u00e9 cette disponibilit\u00e9, elle reste historiquement significative en tant que toute premi\u00e8re \u00e9dition de <em>Magic<\/em> jamais imprim\u00e9e en chinois. Les collectionneurs prisent toujours \u00e9norm\u00e9ment cette sortie pour ses magnifiques bords noirs et ses illustrations l\u00e9gendaires. Elle comprend des cartes embl\u00e9matiques qui ont d\u00e9fini l\u2019\u00e9poque, notamment le <strong>Dragon shiv\u00e2n<\/strong> illustr\u00e9 par <strong>Melissa Benson<\/strong>.   <\/p>\n<\/div>\n<\/div>\n\n<div class=\"wp-block-wpbb-wbd-progress-bar wbd-progress-bar\"><div class=\"progress-name\" style=\"color:#333333;font-size:16px;font-family:inherit;margin-bottom:8px\">Compl\u00e9tion de l'\u00e9dition : 370\/370<\/div><div class=\"progress-track-wrapper\" data-wbd-percent=\"100\" data-wbd-easing=\"ease\" data-wbd-duration=\"1.2\"><div class=\"progress-track\" style=\"background-color:#e5e5e5;height:32px;border-radius:999px\"><div class=\"progress-fill\" style=\"width:100%;border-radius:999px;transition:width 1.2s ease;background-color:#c43d3d\"><span class=\"progress-percentage\" style=\"color:#ffffff;font-size:14px;font-family:inherit;font-weight:600;white-space:nowrap\">100%<\/span><\/div><\/div><\/div><\/div>\n","protected":false},"excerpt":{"rendered":"<p>Dans le monde de la collection Magic: The Gathering (MTG), \u00ab Bords Noirs \u00bb signifie g\u00e9n\u00e9ralement \u00ab Original \u00bb. En 1995, Wizards of the Coast a publi\u00e9 le jeu de base Quatri\u00e8me Edition. En anglais, ces cartes avaient des bords blancs. Cependant, pour certains march\u00e9s internationaux, elles ont \u00e9t\u00e9 imprim\u00e9es avec de magnifiques bords noirs. &#8230; <a title=\"Quatri\u00e8me \u00c9dition Bords Noirs\" class=\"read-more\" href=\"https:\/\/chinesethegathering.com\/fr\/quatrieme-edition-bords-noirs\/\" aria-label=\"En savoir plus sur Quatri\u00e8me \u00c9dition Bords Noirs\">test<\/a><\/p>\n","protected":false},"author":1,"featured_media":8689,"parent":0,"menu_order":0,"comment_status":"closed","ping_status":"closed","template":"","meta":{"footnotes":""},"class_list":["post-8672","page","type-page","status-publish","has-post-thumbnail"],"_links":{"self":[{"href":"https:\/\/chinesethegathering.com\/fr\/wp-json\/wp\/v2\/pages\/8672","targetHints":{"allow":["GET"]}}],"collection":[{"href":"https:\/\/chinesethegathering.com\/fr\/wp-json\/wp\/v2\/pages"}],"about":[{"href":"https:\/\/chinesethegathering.com\/fr\/wp-json\/wp\/v2\/types\/page"}],"author":[{"embeddable":true,"href":"https:\/\/chinesethegathering.com\/fr\/wp-json\/wp\/v2\/users\/1"}],"replies":[{"embeddable":true,"href":"https:\/\/chinesethegathering.com\/fr\/wp-json\/wp\/v2\/comments?post=8672"}],"version-history":[{"count":0,"href":"https:\/\/chinesethegathering.com\/fr\/wp-json\/wp\/v2\/pages\/8672\/revisions"}],"wp:featuredmedia":[{"embeddable":true,"href":"https:\/\/chinesethegathering.com\/fr\/wp-json\/wp\/v2\/media\/8689"}],"wp:attachment":[{"href":"https:\/\/chinesethegathering.com\/fr\/wp-json\/wp\/v2\/media?parent=8672"}],"curies":[{"name":"wp","href":"https:\/\/api.w.org\/{rel}","templated":true}]}}