{"id":4373,"date":"2026-03-03T20:22:26","date_gmt":"2026-03-03T20:22:26","guid":{"rendered":"https:\/\/chinesethegathering.com\/illustrations-alternatives-de-la-huitieme-edition\/"},"modified":"2026-03-31T20:22:14","modified_gmt":"2026-03-31T20:22:14","slug":"illustrations-alternatives-de-la-huitieme-edition","status":"publish","type":"page","link":"https:\/\/chinesethegathering.com\/fr\/illustrations-alternatives-de-la-huitieme-edition\/","title":{"rendered":"Illustrations alternatives de la Huiti\u00e8me Edition"},"content":{"rendered":"\n<div class=\"wp-block-columns is-layout-flex wp-container-core-columns-is-layout-9d6595d7 wp-block-columns-is-layout-flex\">\n<div class=\"wp-block-column is-vertically-aligned-center is-layout-flow wp-block-column-is-layout-flow\" style=\"flex-basis:66.66%\">\n<div class=\"wp-block-group is-nowrap is-layout-flex wp-container-core-group-is-layout-ad2f72ca wp-block-group-is-layout-flex\">\n<i class=\"ss ss-8ed ss-6x\"><\/i>\n\n\n\n<div style=\"height:100px;width:0px\" aria-hidden=\"true\" class=\"wp-block-spacer wp-container-content-16d1eb73\"><\/div>\n\n\n\n<p><strong>Huiti\u00e8me<\/strong> <strong>Edition (2003) \u2013 Aper\u00e7u des illustrations alternatives chinoises<\/strong><br\/>Nombre d\u2019illustrations alternatives : 3<br\/>Langue : chinois simplifi\u00e9<br\/>Ann\u00e9e de sortie : 2003<br\/>Diff\u00e9rences d\u2019impression : illustration alternative<\/p>\n<\/div>\n<\/div>\n\n\n\n<div class=\"wp-block-column is-layout-flow wp-block-column-is-layout-flow\" style=\"flex-basis:33.33%\">    \n    <style>\n      .mtg-grid-table {\n        width: 100%;\n        border-collapse: collapse;\n        text-align: center;\n      }\n      .mtg-grid-table td {\n        padding: 15px;\n        border: 1px solid #ddd;\n        transition: transform 0.3s ease;\n        width: 20%;\n      }\n      .mtg-grid-table td:hover {\n        transform: scale(1.2);\n        z-index: 10;\n        position: relative;\n        background-color: #f9f9f9;\n        box-shadow: 0 4px 10px rgba(0,0,0,0.1);\n      }\n      .mtg-grid-table a {\n        text-decoration: none;\n        color: inherit;\n        display: block;\n        width: 100%;\n        height: 100%;\n      }\n    <\/style>\n\n    <table class=\"mtg-grid-table\">\n      <tbody>\n        <tr>\n          <td><a href=\"https:\/\/chinesethegathering.com\/fr\/portal-alternate-arts\/\"><i class=\"ss ss-por ss-2x\"><\/i><\/a><\/td>\n          <td><a href=\"https:\/\/chinesethegathering.com\/fr\/fifth-edition-alternate-arts\/\"><i class=\"ss ss-5ed ss-2x\"><\/i><\/a><\/td>\n          <td><a href=\"https:\/\/chinesethegathering.com\/fr\/sixth-edition-alternate-arts\/\"><i class=\"ss ss-6ed ss-2x\"><\/i><\/a><\/td>\n          <td><a href=\"https:\/\/chinesethegathering.com\/fr\/seventh-edition-alternate-arts\/\"><i class=\"ss ss-7ed ss-2x\"><\/i><\/a><\/td>\n          <td><a href=\"https:\/\/chinesethegathering.com\/fr\/urzas-saga-alternate-arts\/\"><i class=\"ss ss-usg ss-2x\"><\/i><\/a><\/td>\n        <\/tr>\n        <tr>\n          <td><a href=\"https:\/\/chinesethegathering.com\/fr\/invasion-alternate-arts\/\"><i class=\"ss ss-inv ss-2x\"><\/i><\/a><\/td>\n          <td><a href=\"https:\/\/chinesethegathering.com\/fr\/odyssey-alternate-arts\/\"><i class=\"ss ss-ody ss-2x\"><\/i><\/a><\/td>\n          <td><a href=\"https:\/\/chinesethegathering.com\/fr\/eight-edition-alternate-arts\/\"><i class=\"ss ss-8ed ss-2x\"><\/i><\/a><\/td>\n          <td><a href=\"https:\/\/chinesethegathering.com\/fr\/tenth-x-edition\/\"><i class=\"ss ss-10e ss-2x\"><\/i><\/a><\/td>\n          <td><a href=\"https:\/\/chinesethegathering.com\/fr\/darksteel-alternate-arts\/\"><i class=\"ss ss-dst ss-2x\"><\/i><\/a><\/td>\n        <\/tr>\n        <tr>\n          <td><a href=\"https:\/\/chinesethegathering.com\/fr\/ravnica-city-of-guilds-alternate-arts\/\"><i class=\"ss ss-rav ss-2x\"><\/i><\/a><\/td>\n          <td><a href=\"https:\/\/chinesethegathering.com\/fr\/guildpact-alternate-arts\/\"><i class=\"ss ss-gpt ss-2x\"><\/i><\/a><\/td>\n          <td><a href=\"https:\/\/chinesethegathering.com\/fr\/dissension-alternate-arts\/\"><i class=\"ss ss-dis ss-2x\"><\/i><\/a><\/td>\n          <td><a href=\"https:\/\/chinesethegathering.com\/fr\/time-spiral-alternate-arts\/\"><i class=\"ss ss-tsp ss-2x\"><\/i><\/a><\/td>\n          <td><a href=\"https:\/\/chinesethegathering.com\/fr\/planar-chaos-alternate-arts\/\"><i class=\"ss ss-plc ss-2x\"><\/i><\/a><\/td>\n        <\/tr>\n        <tr>\n          <td><a href=\"https:\/\/chinesethegathering.com\/fr\/future-sight-alternate-arts\/\"><i class=\"ss ss-fut ss-2x\"><\/i><\/a><\/td>\n          <td><a href=\"https:\/\/chinesethegathering.com\/fr\/lorwyn-alternate-arts\/\"><i class=\"ss ss-lrw ss-2x\"><\/i><\/a><\/td>\n          <td><a href=\"https:\/\/chinesethegathering.com\/fr\/morningtide-alternate-arts\/\"><i class=\"ss ss-mor ss-2x\"><\/i><\/a><\/td>\n          <td><a href=\"https:\/\/chinesethegathering.com\/fr\/shadowmoor-alternate-arts\/\"><i class=\"ss ss-shm ss-2x\"><\/i><\/a><\/td>\n          <td><a href=\"https:\/\/chinesethegathering.com\/fr\/eventide-alternate-arts\/\"><i class=\"ss ss-eve ss-2x\"><\/i><\/a><\/td>\n        <\/tr>\n      <\/tbody>\n    <\/table>\n\n    \n<\/div>\n<\/div>\n\n<hr class=\"wp-block-separator has-alpha-channel-opacity is-style-wide\"\/>\n\n<div class=\"wp-block-columns are-vertically-aligned-bottom is-layout-flex wp-container-core-columns-is-layout-9d6595d7 wp-block-columns-is-layout-flex\">\n<div class=\"wp-block-column is-vertically-aligned-bottom is-layout-flow wp-block-column-is-layout-flow\">\n<div style=\"display:flex; align-items:center; justify-content:center; height:100%; font-weight:600\">\n  <div style=\"text-align:center;\">\n  Mur de charogne\n  <\/div>\n<\/div>\n<\/div>\n\n\n\n<div class=\"wp-block-column is-vertically-aligned-bottom is-layout-flow wp-block-column-is-layout-flow\">\n<div style=\"display:flex; align-items:center; justify-content:center; height:100%; font-weight:600\">\n  <div style=\"text-align:center;\">\n  Squelettes serviles\n  <\/div>\n<\/div>\n<\/div>\n<\/div>\n\n<div class=\"wp-block-columns is-layout-flex wp-container-core-columns-is-layout-9d6595d7 wp-block-columns-is-layout-flex\">\n<div class=\"wp-block-column is-layout-flow wp-block-column-is-layout-flow\" style=\"flex-basis:25%\">\n<figure data-wp-context=\"{&quot;imageId&quot;:&quot;69d00940d22e3&quot;}\" data-wp-interactive=\"core\/image\" data-wp-key=\"69d00940d22e3\" class=\"wp-block-image size-full wp-lightbox-container\"><img loading=\"lazy\" decoding=\"async\" width=\"672\" height=\"936\" data-wp-class--hide=\"state.isContentHidden\" data-wp-class--show=\"state.isContentVisible\" data-wp-init=\"callbacks.setButtonStyles\" data-wp-on--click=\"actions.showLightbox\" data-wp-on--load=\"callbacks.setButtonStyles\" data-wp-on-window--resize=\"callbacks.setButtonStyles\" src=\"https:\/\/chinesethegathering.com\/wp-content\/uploads\/2026\/03\/8ed-121-carrion-wall.avif\" alt=\"\" class=\"wp-image-4316\" srcset=\"https:\/\/chinesethegathering.com\/wp-content\/uploads\/2026\/03\/8ed-121-carrion-wall.avif 672w, https:\/\/chinesethegathering.com\/wp-content\/uploads\/2026\/03\/8ed-121-carrion-wall-215x300.avif 215w\" sizes=\"auto, (max-width: 672px) 100vw, 672px\" \/><button\n\t\t\tclass=\"lightbox-trigger\"\n\t\t\ttype=\"button\"\n\t\t\taria-haspopup=\"dialog\"\n\t\t\taria-label=\"Agrandir\"\n\t\t\tdata-wp-init=\"callbacks.initTriggerButton\"\n\t\t\tdata-wp-on--click=\"actions.showLightbox\"\n\t\t\tdata-wp-style--right=\"state.imageButtonRight\"\n\t\t\tdata-wp-style--top=\"state.imageButtonTop\"\n\t\t>\n\t\t\t<svg xmlns=\"http:\/\/www.w3.org\/2000\/svg\" width=\"12\" height=\"12\" fill=\"none\" viewBox=\"0 0 12 12\">\n\t\t\t\t<path fill=\"#fff\" d=\"M2 0a2 2 0 0 0-2 2v2h1.5V2a.5.5 0 0 1 .5-.5h2V0H2Zm2 10.5H2a.5.5 0 0 1-.5-.5V8H0v2a2 2 0 0 0 2 2h2v-1.5ZM8 12v-1.5h2a.5.5 0 0 0 .5-.5V8H12v2a2 2 0 0 1-2 2H8Zm2-12a2 2 0 0 1 2 2v2h-1.5V2a.5.5 0 0 0-.5-.5H8V0h2Z\" \/>\n\t\t\t<\/svg>\n\t\t<\/button><\/figure>\n\n\n\n<p class=\"has-text-align-center has-small-font-size\"><br\/>Illus. Tony Szczudlo<br\/>Anglais &#8211; Peu commune <\/p>\n<\/div>\n\n\n\n<div class=\"wp-block-column is-layout-flow wp-block-column-is-layout-flow\" style=\"flex-basis:25%\">\n<figure data-wp-context=\"{&quot;imageId&quot;:&quot;69d00940d2bab&quot;}\" data-wp-interactive=\"core\/image\" data-wp-key=\"69d00940d2bab\" class=\"wp-block-image size-full wp-lightbox-container\"><img loading=\"lazy\" decoding=\"async\" width=\"672\" height=\"936\" data-wp-class--hide=\"state.isContentHidden\" data-wp-class--show=\"state.isContentVisible\" data-wp-init=\"callbacks.setButtonStyles\" data-wp-on--click=\"actions.showLightbox\" data-wp-on--load=\"callbacks.setButtonStyles\" data-wp-on-window--resize=\"callbacks.setButtonStyles\" src=\"https:\/\/chinesethegathering.com\/wp-content\/uploads\/2026\/03\/8ED_121s.avif\" alt=\"\" class=\"wp-image-4317\" srcset=\"https:\/\/chinesethegathering.com\/wp-content\/uploads\/2026\/03\/8ED_121s.avif 672w, https:\/\/chinesethegathering.com\/wp-content\/uploads\/2026\/03\/8ED_121s-215x300.avif 215w\" sizes=\"auto, (max-width: 672px) 100vw, 672px\" \/><button\n\t\t\tclass=\"lightbox-trigger\"\n\t\t\ttype=\"button\"\n\t\t\taria-haspopup=\"dialog\"\n\t\t\taria-label=\"Agrandir\"\n\t\t\tdata-wp-init=\"callbacks.initTriggerButton\"\n\t\t\tdata-wp-on--click=\"actions.showLightbox\"\n\t\t\tdata-wp-style--right=\"state.imageButtonRight\"\n\t\t\tdata-wp-style--top=\"state.imageButtonTop\"\n\t\t>\n\t\t\t<svg xmlns=\"http:\/\/www.w3.org\/2000\/svg\" width=\"12\" height=\"12\" fill=\"none\" viewBox=\"0 0 12 12\">\n\t\t\t\t<path fill=\"#fff\" d=\"M2 0a2 2 0 0 0-2 2v2h1.5V2a.5.5 0 0 1 .5-.5h2V0H2Zm2 10.5H2a.5.5 0 0 1-.5-.5V8H0v2a2 2 0 0 0 2 2h2v-1.5ZM8 12v-1.5h2a.5.5 0 0 0 .5-.5V8H12v2a2 2 0 0 1-2 2H8Zm2-12a2 2 0 0 1 2 2v2h-1.5V2a.5.5 0 0 0-.5-.5H8V0h2Z\" \/>\n\t\t\t<\/svg>\n\t\t<\/button><\/figure>\n\n\n\n<p class=\"has-text-align-center has-small-font-size\"><br\/>Illus. Pete Venters<br\/>Chinois simplifi\u00e9 &#8211; Peu commune <\/p>\n<\/div>\n\n\n\n<div class=\"wp-block-column is-layout-flow wp-block-column-is-layout-flow\" style=\"flex-basis:25%\">\n<figure data-wp-context=\"{&quot;imageId&quot;:&quot;69d00940d340d&quot;}\" data-wp-interactive=\"core\/image\" data-wp-key=\"69d00940d340d\" class=\"wp-block-image size-full wp-lightbox-container\"><img loading=\"lazy\" decoding=\"async\" width=\"672\" height=\"936\" data-wp-class--hide=\"state.isContentHidden\" data-wp-class--show=\"state.isContentVisible\" data-wp-init=\"callbacks.setButtonStyles\" data-wp-on--click=\"actions.showLightbox\" data-wp-on--load=\"callbacks.setButtonStyles\" data-wp-on-window--resize=\"callbacks.setButtonStyles\" src=\"https:\/\/chinesethegathering.com\/wp-content\/uploads\/2026\/03\/8ed-129-drudge-skeletons.avif\" alt=\"\" class=\"wp-image-4318\" srcset=\"https:\/\/chinesethegathering.com\/wp-content\/uploads\/2026\/03\/8ed-129-drudge-skeletons.avif 672w, https:\/\/chinesethegathering.com\/wp-content\/uploads\/2026\/03\/8ed-129-drudge-skeletons-215x300.avif 215w\" sizes=\"auto, (max-width: 672px) 100vw, 672px\" \/><button\n\t\t\tclass=\"lightbox-trigger\"\n\t\t\ttype=\"button\"\n\t\t\taria-haspopup=\"dialog\"\n\t\t\taria-label=\"Agrandir\"\n\t\t\tdata-wp-init=\"callbacks.initTriggerButton\"\n\t\t\tdata-wp-on--click=\"actions.showLightbox\"\n\t\t\tdata-wp-style--right=\"state.imageButtonRight\"\n\t\t\tdata-wp-style--top=\"state.imageButtonTop\"\n\t\t>\n\t\t\t<svg xmlns=\"http:\/\/www.w3.org\/2000\/svg\" width=\"12\" height=\"12\" fill=\"none\" viewBox=\"0 0 12 12\">\n\t\t\t\t<path fill=\"#fff\" d=\"M2 0a2 2 0 0 0-2 2v2h1.5V2a.5.5 0 0 1 .5-.5h2V0H2Zm2 10.5H2a.5.5 0 0 1-.5-.5V8H0v2a2 2 0 0 0 2 2h2v-1.5ZM8 12v-1.5h2a.5.5 0 0 0 .5-.5V8H12v2a2 2 0 0 1-2 2H8Zm2-12a2 2 0 0 1 2 2v2h-1.5V2a.5.5 0 0 0-.5-.5H8V0h2Z\" \/>\n\t\t\t<\/svg>\n\t\t<\/button><\/figure>\n\n\n\n<p class=\"has-text-align-center has-small-font-size\"><br\/>Illus. Jim Nelson<br\/>Anglais &#8211; Commune <\/p>\n<\/div>\n\n\n\n<div class=\"wp-block-column is-layout-flow wp-block-column-is-layout-flow\" style=\"flex-basis:25%\">\n<figure data-wp-context=\"{&quot;imageId&quot;:&quot;69d00940d3c81&quot;}\" data-wp-interactive=\"core\/image\" data-wp-key=\"69d00940d3c81\" class=\"wp-block-image size-full wp-lightbox-container\"><img loading=\"lazy\" decoding=\"async\" width=\"672\" height=\"936\" data-wp-class--hide=\"state.isContentHidden\" data-wp-class--show=\"state.isContentVisible\" data-wp-init=\"callbacks.setButtonStyles\" data-wp-on--click=\"actions.showLightbox\" data-wp-on--load=\"callbacks.setButtonStyles\" data-wp-on-window--resize=\"callbacks.setButtonStyles\" src=\"https:\/\/chinesethegathering.com\/wp-content\/uploads\/2026\/03\/8ED_129s.avif\" alt=\"\" class=\"wp-image-4319\" srcset=\"https:\/\/chinesethegathering.com\/wp-content\/uploads\/2026\/03\/8ED_129s.avif 672w, https:\/\/chinesethegathering.com\/wp-content\/uploads\/2026\/03\/8ED_129s-215x300.avif 215w\" sizes=\"auto, (max-width: 672px) 100vw, 672px\" \/><button\n\t\t\tclass=\"lightbox-trigger\"\n\t\t\ttype=\"button\"\n\t\t\taria-haspopup=\"dialog\"\n\t\t\taria-label=\"Agrandir\"\n\t\t\tdata-wp-init=\"callbacks.initTriggerButton\"\n\t\t\tdata-wp-on--click=\"actions.showLightbox\"\n\t\t\tdata-wp-style--right=\"state.imageButtonRight\"\n\t\t\tdata-wp-style--top=\"state.imageButtonTop\"\n\t\t>\n\t\t\t<svg xmlns=\"http:\/\/www.w3.org\/2000\/svg\" width=\"12\" height=\"12\" fill=\"none\" viewBox=\"0 0 12 12\">\n\t\t\t\t<path fill=\"#fff\" d=\"M2 0a2 2 0 0 0-2 2v2h1.5V2a.5.5 0 0 1 .5-.5h2V0H2Zm2 10.5H2a.5.5 0 0 1-.5-.5V8H0v2a2 2 0 0 0 2 2h2v-1.5ZM8 12v-1.5h2a.5.5 0 0 0 .5-.5V8H12v2a2 2 0 0 1-2 2H8Zm2-12a2 2 0 0 1 2 2v2h-1.5V2a.5.5 0 0 0-.5-.5H8V0h2Z\" \/>\n\t\t\t<\/svg>\n\t\t<\/button><\/figure>\n\n\n\n<p class=\"has-text-align-center has-small-font-size\"><br\/>Illus. Arnie Swekel<br\/>Chinois simplifi\u00e9 &#8211; Commune <\/p>\n<\/div>\n<\/div>\n\n<div class=\"wp-block-columns are-vertically-aligned-bottom is-layout-flex wp-container-core-columns-is-layout-9d6595d7 wp-block-columns-is-layout-flex\">\n<div class=\"wp-block-column is-vertically-aligned-bottom is-layout-flow wp-block-column-is-layout-flow\">\n<div style=\"display:flex; align-items:center; justify-content:center; height:100%; font-weight:600\">\n  <div style=\"text-align:center;\">\n  Mort-fosses de Rajh\n  <\/div>\n<\/div>\n<\/div>\n\n\n\n<div class=\"wp-block-column is-vertically-aligned-bottom is-layout-flow wp-block-column-is-layout-flow\"><\/div>\n<\/div>\n\n<div class=\"wp-block-columns is-layout-flex wp-container-core-columns-is-layout-9d6595d7 wp-block-columns-is-layout-flex\">\n<div class=\"wp-block-column is-layout-flow wp-block-column-is-layout-flow\" style=\"flex-basis:25%\">\n<figure data-wp-context=\"{&quot;imageId&quot;:&quot;69d00940d46b8&quot;}\" data-wp-interactive=\"core\/image\" data-wp-key=\"69d00940d46b8\" class=\"wp-block-image size-full wp-lightbox-container\"><img loading=\"lazy\" decoding=\"async\" width=\"672\" height=\"936\" data-wp-class--hide=\"state.isContentHidden\" data-wp-class--show=\"state.isContentVisible\" data-wp-init=\"callbacks.setButtonStyles\" data-wp-on--click=\"actions.showLightbox\" data-wp-on--load=\"callbacks.setButtonStyles\" data-wp-on-window--resize=\"callbacks.setButtonStyles\" src=\"https:\/\/chinesethegathering.com\/wp-content\/uploads\/2026\/03\/8ed-125-death-pits-of-rath.avif\" alt=\"\" class=\"wp-image-4320\" srcset=\"https:\/\/chinesethegathering.com\/wp-content\/uploads\/2026\/03\/8ed-125-death-pits-of-rath.avif 672w, https:\/\/chinesethegathering.com\/wp-content\/uploads\/2026\/03\/8ed-125-death-pits-of-rath-215x300.avif 215w\" sizes=\"auto, (max-width: 672px) 100vw, 672px\" \/><button\n\t\t\tclass=\"lightbox-trigger\"\n\t\t\ttype=\"button\"\n\t\t\taria-haspopup=\"dialog\"\n\t\t\taria-label=\"Agrandir\"\n\t\t\tdata-wp-init=\"callbacks.initTriggerButton\"\n\t\t\tdata-wp-on--click=\"actions.showLightbox\"\n\t\t\tdata-wp-style--right=\"state.imageButtonRight\"\n\t\t\tdata-wp-style--top=\"state.imageButtonTop\"\n\t\t>\n\t\t\t<svg xmlns=\"http:\/\/www.w3.org\/2000\/svg\" width=\"12\" height=\"12\" fill=\"none\" viewBox=\"0 0 12 12\">\n\t\t\t\t<path fill=\"#fff\" d=\"M2 0a2 2 0 0 0-2 2v2h1.5V2a.5.5 0 0 1 .5-.5h2V0H2Zm2 10.5H2a.5.5 0 0 1-.5-.5V8H0v2a2 2 0 0 0 2 2h2v-1.5ZM8 12v-1.5h2a.5.5 0 0 0 .5-.5V8H12v2a2 2 0 0 1-2 2H8Zm2-12a2 2 0 0 1 2 2v2h-1.5V2a.5.5 0 0 0-.5-.5H8V0h2Z\" \/>\n\t\t\t<\/svg>\n\t\t<\/button><\/figure>\n\n\n\n<p class=\"has-text-align-center has-small-font-size\"><br\/>Illus. Joel Biske<br\/>Anglais &#8211; Rare <\/p>\n<\/div>\n\n\n\n<div class=\"wp-block-column is-layout-flow wp-block-column-is-layout-flow\" style=\"flex-basis:25%\">\n<figure data-wp-context=\"{&quot;imageId&quot;:&quot;69d00940d4ee2&quot;}\" data-wp-interactive=\"core\/image\" data-wp-key=\"69d00940d4ee2\" class=\"wp-block-image size-full wp-lightbox-container\"><img loading=\"lazy\" decoding=\"async\" width=\"672\" height=\"936\" data-wp-class--hide=\"state.isContentHidden\" data-wp-class--show=\"state.isContentVisible\" data-wp-init=\"callbacks.setButtonStyles\" data-wp-on--click=\"actions.showLightbox\" data-wp-on--load=\"callbacks.setButtonStyles\" data-wp-on-window--resize=\"callbacks.setButtonStyles\" src=\"https:\/\/chinesethegathering.com\/wp-content\/uploads\/2026\/03\/8ED_125s.avif\" alt=\"\" class=\"wp-image-4321\" srcset=\"https:\/\/chinesethegathering.com\/wp-content\/uploads\/2026\/03\/8ED_125s.avif 672w, https:\/\/chinesethegathering.com\/wp-content\/uploads\/2026\/03\/8ED_125s-215x300.avif 215w\" sizes=\"auto, (max-width: 672px) 100vw, 672px\" \/><button\n\t\t\tclass=\"lightbox-trigger\"\n\t\t\ttype=\"button\"\n\t\t\taria-haspopup=\"dialog\"\n\t\t\taria-label=\"Agrandir\"\n\t\t\tdata-wp-init=\"callbacks.initTriggerButton\"\n\t\t\tdata-wp-on--click=\"actions.showLightbox\"\n\t\t\tdata-wp-style--right=\"state.imageButtonRight\"\n\t\t\tdata-wp-style--top=\"state.imageButtonTop\"\n\t\t>\n\t\t\t<svg xmlns=\"http:\/\/www.w3.org\/2000\/svg\" width=\"12\" height=\"12\" fill=\"none\" viewBox=\"0 0 12 12\">\n\t\t\t\t<path fill=\"#fff\" d=\"M2 0a2 2 0 0 0-2 2v2h1.5V2a.5.5 0 0 1 .5-.5h2V0H2Zm2 10.5H2a.5.5 0 0 1-.5-.5V8H0v2a2 2 0 0 0 2 2h2v-1.5ZM8 12v-1.5h2a.5.5 0 0 0 .5-.5V8H12v2a2 2 0 0 1-2 2H8Zm2-12a2 2 0 0 1 2 2v2h-1.5V2a.5.5 0 0 0-.5-.5H8V0h2Z\" \/>\n\t\t\t<\/svg>\n\t\t<\/button><\/figure>\n\n\n\n<p class=\"has-text-align-center has-small-font-size\"><br\/>Illus. Greg &amp; Tim Hildebrandt<br\/>Chinois simplifi\u00e9 &#8211; Rare <\/p>\n<\/div>\n\n\n\n<div class=\"wp-block-column is-layout-flow wp-block-column-is-layout-flow\" style=\"flex-basis:25%\">\n<p class=\"has-text-align-center has-small-font-size\"><br\/><\/p>\n<\/div>\n\n\n\n<div class=\"wp-block-column is-layout-flow wp-block-column-is-layout-flow\" style=\"flex-basis:25%\">\n<p class=\"has-text-align-center has-small-font-size\"><br\/><\/p>\n<\/div>\n<\/div>\n","protected":false},"excerpt":{"rendered":"<p>Huiti\u00e8me Edition (2003) \u2013 Aper\u00e7u des illustrations alternatives chinoisesNombre d\u2019illustrations alternatives : 3Langue : chinois simplifi\u00e9Ann\u00e9e de sortie : 2003Diff\u00e9rences d\u2019impression : illustration alternative Mur de charogne Squelettes serviles Illus. Tony SzczudloAnglais &#8211; Peu commune Illus. Pete VentersChinois simplifi\u00e9 &#8211; Peu commune Illus. Jim NelsonAnglais &#8211; Commune Illus. Arnie SwekelChinois simplifi\u00e9 &#8211; Commune Mort-fosses de &#8230; <a title=\"Illustrations alternatives de la Huiti\u00e8me Edition\" class=\"read-more\" href=\"https:\/\/chinesethegathering.com\/fr\/illustrations-alternatives-de-la-huitieme-edition\/\" aria-label=\"En savoir plus sur Illustrations alternatives de la Huiti\u00e8me Edition\">test<\/a><\/p>\n","protected":false},"author":1,"featured_media":0,"parent":0,"menu_order":0,"comment_status":"closed","ping_status":"closed","template":"","meta":{"footnotes":""},"class_list":["post-4373","page","type-page","status-publish"],"_links":{"self":[{"href":"https:\/\/chinesethegathering.com\/fr\/wp-json\/wp\/v2\/pages\/4373","targetHints":{"allow":["GET"]}}],"collection":[{"href":"https:\/\/chinesethegathering.com\/fr\/wp-json\/wp\/v2\/pages"}],"about":[{"href":"https:\/\/chinesethegathering.com\/fr\/wp-json\/wp\/v2\/types\/page"}],"author":[{"embeddable":true,"href":"https:\/\/chinesethegathering.com\/fr\/wp-json\/wp\/v2\/users\/1"}],"replies":[{"embeddable":true,"href":"https:\/\/chinesethegathering.com\/fr\/wp-json\/wp\/v2\/comments?post=4373"}],"version-history":[{"count":0,"href":"https:\/\/chinesethegathering.com\/fr\/wp-json\/wp\/v2\/pages\/4373\/revisions"}],"wp:attachment":[{"href":"https:\/\/chinesethegathering.com\/fr\/wp-json\/wp\/v2\/media?parent=4373"}],"curies":[{"name":"wp","href":"https:\/\/api.w.org\/{rel}","templated":true}]}}