{"id":3784,"date":"2026-02-28T19:13:46","date_gmt":"2026-02-28T19:13:46","guid":{"rendered":"https:\/\/chinesethegathering.com\/global-series\/"},"modified":"2026-03-01T07:05:36","modified_gmt":"2026-03-01T07:05:36","slug":"global-series","status":"publish","type":"page","link":"https:\/\/chinesethegathering.com\/fr\/global-series\/","title":{"rendered":"Global Series"},"content":{"rendered":"\n<h2 class=\"wp-block-heading\">Global Series: Jiang Yanggu &amp; Mu Yanling<\/h2>\n\n<div class=\"wp-block-media-text has-media-on-the-right is-stacked-on-mobile\" style=\"grid-template-columns:auto 40%\"><div class=\"wp-block-media-text__content is-layout-flow wp-block-media-text-is-layout-flow\">\n<p><\/p>\n\n\n\n<p><strong>Global Series: Jiang Yanggu &amp; Mu Yanling<\/strong> est un produit sp\u00e9cial de Magic: The Gathering. Il est sorti en 2018 et a \u00e9t\u00e9 con\u00e7u principalement pour le march\u00e9 chinois. <strong> Il n\u2019a \u00e9t\u00e9 imprim\u00e9 qu\u2019en anglais et en chinois simplifi\u00e9.<\/strong><\/p>\n\n\n\n<p>Contrairement \u00e0 une extension classique, ce produit contient deux decks de 60 cartes pr\u00eats \u00e0 jouer, au lieu de boosters. Chaque deck est construit autour d\u2019un planeswalker diff\u00e9rent : <\/p>\n\n\n\n<ul class=\"wp-block-list\">\n<li><strong>Jiang Yanggu<\/strong><\/li>\n\n\n\n<li><strong>Mu Yanling<\/strong><\/li>\n<\/ul>\n\n\n\n<p>Ces personnages ont \u00e9t\u00e9 cr\u00e9\u00e9s afin de refl\u00e9ter des th\u00e8mes et une mythologie chinoises au sein de l\u2019univers de Magic.<\/p>\n<\/div><figure class=\"wp-block-media-text__media\"><img loading=\"lazy\" decoding=\"async\" width=\"522\" height=\"382\" src=\"https:\/\/chinesethegathering.com\/wp-content\/uploads\/2026\/02\/35971708_2163364983678903_8699304731601797120_n-e1772306064395.avif\" alt=\"\" class=\"wp-image-3639 size-full\" srcset=\"https:\/\/chinesethegathering.com\/wp-content\/uploads\/2026\/02\/35971708_2163364983678903_8699304731601797120_n-e1772306064395.avif 522w, https:\/\/chinesethegathering.com\/wp-content\/uploads\/2026\/02\/35971708_2163364983678903_8699304731601797120_n-e1772306064395-300x220.avif 300w\" sizes=\"auto, (max-width: 522px) 100vw, 522px\" \/><\/figure><\/div>\n\n<p><strong>Global Series: Jiang Yanggu &amp; Mu Yanling <\/strong>est le seul produit sur Scryfall sorti exclusivement pour les march\u00e9s anglais et chinois :<\/p>\n\n<figure class=\"wp-block-image\"><img loading=\"lazy\" decoding=\"async\" width=\"1006\" height=\"33\" src=\"https:\/\/chinesethegathering.com\/wp-content\/uploads\/2026\/02\/image-13.avif\" alt=\"\" class=\"wp-image-3673\" srcset=\"https:\/\/chinesethegathering.com\/wp-content\/uploads\/2026\/02\/image-13.avif 1006w, https:\/\/chinesethegathering.com\/wp-content\/uploads\/2026\/02\/image-13-300x10.avif 300w, https:\/\/chinesethegathering.com\/wp-content\/uploads\/2026\/02\/image-13-768x25.avif 768w\" sizes=\"auto, (max-width: 1006px) 100vw, 1006px\" \/><\/figure>\n\n<hr class=\"wp-block-separator has-alpha-channel-opacity\"\/>\n\n<h2 class=\"wp-block-heading\">Une bo\u00eete chinoise unique<\/h2>\n\n<p>L\u2019un des aspects les plus int\u00e9ressants de ce produit est le <strong>packaging de l\u2019\u00e9dition chinoise<\/strong>.<\/p>\n\n<div class=\"wp-block-media-text is-stacked-on-mobile\" style=\"grid-template-columns:40% auto\"><figure class=\"wp-block-media-text__media\"><img loading=\"lazy\" decoding=\"async\" width=\"746\" height=\"334\" src=\"https:\/\/chinesethegathering.com\/wp-content\/uploads\/2026\/02\/image-12.avif\" alt=\"\" class=\"wp-image-3661 size-full\" srcset=\"https:\/\/chinesethegathering.com\/wp-content\/uploads\/2026\/02\/image-12.avif 746w, https:\/\/chinesethegathering.com\/wp-content\/uploads\/2026\/02\/image-12-300x134.avif 300w\" sizes=\"auto, (max-width: 746px) 100vw, 746px\" \/><\/figure><div class=\"wp-block-media-text__content is-layout-flow wp-block-media-text-is-layout-flow\">\n<p>La bo\u00eete chinoise est unique parce que :<\/p>\n\n\n\n<ul class=\"wp-block-list\">\n<li>Elle repr\u00e9sente l\u2019un des premiers produits Magic majeurs cr\u00e9\u00e9s avec un v\u00e9ritable focus r\u00e9gional.<\/li>\n\n\n\n<li>Elle a \u00e9t\u00e9 con\u00e7ue sp\u00e9cifiquement pour le march\u00e9 chinois.<\/li>\n\n\n\n<li>La mise en page des illustrations diff\u00e8re de la version internationale.<\/li>\n\n\n\n<li>La pr\u00e9sentation du produit met davantage en avant les deux planeswalkers.<\/li>\n<\/ul>\n<\/div><\/div>\n\n<p><\/p>\n\n<p>Cela conf\u00e8re \u00e0 la version chinoise une importance historique. Il ne s\u2019agit pas simplement d\u2019un produit traduit \u2014 elle refl\u00e8te la strat\u00e9gie de Wizards of the Coast visant \u00e0 se connecter directement avec les joueurs chinois. <\/p>\n\n<div class=\"wp-block-media-text has-media-on-the-right is-stacked-on-mobile\" style=\"grid-template-columns:auto 20%\"><div class=\"wp-block-media-text__content is-layout-flow wp-block-media-text-is-layout-flow\">\n<p>\u00c0 titre de comparaison, voici la version internationale de la bo\u00eete <strong>Global Series: Jiang Yanggu &amp; Mu Yanling<\/strong>.<\/p>\n<\/div><figure class=\"wp-block-media-text__media\"><img loading=\"lazy\" decoding=\"async\" width=\"1024\" height=\"1024\" src=\"https:\/\/chinesethegathering.com\/wp-content\/uploads\/2026\/03\/89ff4e12-8a3e-55f3-87be-e932bbf958c4__01807-1024x1024.avif\" alt=\"\" class=\"wp-image-3682 size-full\" srcset=\"https:\/\/chinesethegathering.com\/wp-content\/uploads\/2026\/03\/89ff4e12-8a3e-55f3-87be-e932bbf958c4__01807-1024x1024.avif 1024w, https:\/\/chinesethegathering.com\/wp-content\/uploads\/2026\/03\/89ff4e12-8a3e-55f3-87be-e932bbf958c4__01807-300x300.avif 300w, https:\/\/chinesethegathering.com\/wp-content\/uploads\/2026\/03\/89ff4e12-8a3e-55f3-87be-e932bbf958c4__01807-150x150.avif 150w, https:\/\/chinesethegathering.com\/wp-content\/uploads\/2026\/03\/89ff4e12-8a3e-55f3-87be-e932bbf958c4__01807-768x768.avif 768w, https:\/\/chinesethegathering.com\/wp-content\/uploads\/2026\/03\/89ff4e12-8a3e-55f3-87be-e932bbf958c4__01807.avif 1280w\" sizes=\"auto, (max-width: 1024px) 100vw, 1024px\" \/><\/figure><\/div>\n\n<p>Pour les collectionneurs, la bo\u00eete chinoise se distingue comme une sortie r\u00e9gionale \u00e0 part enti\u00e8re, et non comme une simple variante linguistique.<\/p>\n\n<hr class=\"wp-block-separator has-alpha-channel-opacity\"\/>\n\n<h2 class=\"wp-block-heading\">Que contient-elle ?<\/h2>\n\n<p>Le produit comprend :<\/p>\n\n<ul class=\"wp-block-list\">\n<li>2 decks complets de 60 cartes<\/li>\n\n\n\n<li>2 cartes de planeswalker premium en foil<\/li>\n\n\n\n<li>Des guides de r\u00e8gles adapt\u00e9s aux d\u00e9butants<\/li>\n\n\n\n<li>Plusieurs cartes exclusives \u00e0 cette sortie<\/li>\n<\/ul>\n\n<p>\u00c0 l\u2019\u00e9poque, nombre de ces cartes n\u2019\u00e9taient pas imprim\u00e9es dans les extensions classiques, ce qui rend le produit unique par sa conception et son identit\u00e9.<\/p>\n\n<h2 class=\"wp-block-heading\">Le jeton exclusif<\/h2>\n\n<p>Un autre d\u00e9tail int\u00e9ressant de <em>Global Series: Jiang Yanggu &amp; Mu Yanling<\/em> est la <strong>carte de jeton recto-verso exclusive<\/strong> incluse dans le produit. Ce jeton a \u00e9t\u00e9 con\u00e7u sp\u00e9cifiquement pour cette sortie et ne faisait pas partie d\u2019une extension classique. Il refl\u00e8te le th\u00e8me et les m\u00e9caniques des deux decks, en particulier le lien de Jiang Yanggu avec les cr\u00e9atures et le contr\u00f4le de l\u2019eau par Mu Yanling.  <\/p>\n\n<div class=\"wp-block-columns is-layout-flex wp-container-core-columns-is-layout-9d6595d7 wp-block-columns-is-layout-flex\">\n<div class=\"wp-block-column is-layout-flow wp-block-column-is-layout-flow\"><div class=\"wp-block-image\">\n<figure data-wp-context=\"{&quot;imageId&quot;:&quot;69d00942b7b57&quot;}\" data-wp-interactive=\"core\/image\" data-wp-key=\"69d00942b7b57\" class=\"alignright size-medium wp-lightbox-container\"><img loading=\"lazy\" decoding=\"async\" width=\"212\" height=\"300\" data-wp-class--hide=\"state.isContentHidden\" data-wp-class--show=\"state.isContentVisible\" data-wp-init=\"callbacks.setButtonStyles\" data-wp-on--click=\"actions.showLightbox\" data-wp-on--load=\"callbacks.setButtonStyles\" data-wp-on-window--resize=\"callbacks.setButtonStyles\" src=\"https:\/\/chinesethegathering.com\/wp-content\/uploads\/2026\/02\/Capture-decran-2026-02-28-205350-212x300.avif\" alt=\"\" class=\"wp-image-3655\" srcset=\"https:\/\/chinesethegathering.com\/wp-content\/uploads\/2026\/02\/Capture-decran-2026-02-28-205350-212x300.avif 212w, https:\/\/chinesethegathering.com\/wp-content\/uploads\/2026\/02\/Capture-decran-2026-02-28-205350.avif 428w\" sizes=\"auto, (max-width: 212px) 100vw, 212px\" \/><button\n\t\t\tclass=\"lightbox-trigger\"\n\t\t\ttype=\"button\"\n\t\t\taria-haspopup=\"dialog\"\n\t\t\taria-label=\"Agrandir\"\n\t\t\tdata-wp-init=\"callbacks.initTriggerButton\"\n\t\t\tdata-wp-on--click=\"actions.showLightbox\"\n\t\t\tdata-wp-style--right=\"state.imageButtonRight\"\n\t\t\tdata-wp-style--top=\"state.imageButtonTop\"\n\t\t>\n\t\t\t<svg xmlns=\"http:\/\/www.w3.org\/2000\/svg\" width=\"12\" height=\"12\" fill=\"none\" viewBox=\"0 0 12 12\">\n\t\t\t\t<path fill=\"#fff\" d=\"M2 0a2 2 0 0 0-2 2v2h1.5V2a.5.5 0 0 1 .5-.5h2V0H2Zm2 10.5H2a.5.5 0 0 1-.5-.5V8H0v2a2 2 0 0 0 2 2h2v-1.5ZM8 12v-1.5h2a.5.5 0 0 0 .5-.5V8H12v2a2 2 0 0 1-2 2H8Zm2-12a2 2 0 0 1 2 2v2h-1.5V2a.5.5 0 0 0-.5-.5H8V0h2Z\" \/>\n\t\t\t<\/svg>\n\t\t<\/button><\/figure>\n<\/div><\/div>\n\n\n\n<div class=\"wp-block-column is-layout-flow wp-block-column-is-layout-flow\"><div class=\"wp-block-image\">\n<figure data-wp-context=\"{&quot;imageId&quot;:&quot;69d00942b81ca&quot;}\" data-wp-interactive=\"core\/image\" data-wp-key=\"69d00942b81ca\" class=\"alignleft size-medium wp-lightbox-container\"><img loading=\"lazy\" decoding=\"async\" width=\"217\" height=\"300\" data-wp-class--hide=\"state.isContentHidden\" data-wp-class--show=\"state.isContentVisible\" data-wp-init=\"callbacks.setButtonStyles\" data-wp-on--click=\"actions.showLightbox\" data-wp-on--load=\"callbacks.setButtonStyles\" data-wp-on-window--resize=\"callbacks.setButtonStyles\" src=\"https:\/\/chinesethegathering.com\/wp-content\/uploads\/2026\/02\/Capture-decran-2026-02-28-205418-217x300.avif\" alt=\"\" class=\"wp-image-3654\" srcset=\"https:\/\/chinesethegathering.com\/wp-content\/uploads\/2026\/02\/Capture-decran-2026-02-28-205418-217x300.avif 217w, https:\/\/chinesethegathering.com\/wp-content\/uploads\/2026\/02\/Capture-decran-2026-02-28-205418.avif 431w\" sizes=\"auto, (max-width: 217px) 100vw, 217px\" \/><button\n\t\t\tclass=\"lightbox-trigger\"\n\t\t\ttype=\"button\"\n\t\t\taria-haspopup=\"dialog\"\n\t\t\taria-label=\"Agrandir\"\n\t\t\tdata-wp-init=\"callbacks.initTriggerButton\"\n\t\t\tdata-wp-on--click=\"actions.showLightbox\"\n\t\t\tdata-wp-style--right=\"state.imageButtonRight\"\n\t\t\tdata-wp-style--top=\"state.imageButtonTop\"\n\t\t>\n\t\t\t<svg xmlns=\"http:\/\/www.w3.org\/2000\/svg\" width=\"12\" height=\"12\" fill=\"none\" viewBox=\"0 0 12 12\">\n\t\t\t\t<path fill=\"#fff\" d=\"M2 0a2 2 0 0 0-2 2v2h1.5V2a.5.5 0 0 1 .5-.5h2V0H2Zm2 10.5H2a.5.5 0 0 1-.5-.5V8H0v2a2 2 0 0 0 2 2h2v-1.5ZM8 12v-1.5h2a.5.5 0 0 0 .5-.5V8H12v2a2 2 0 0 1-2 2H8Zm2-12a2 2 0 0 1 2 2v2h-1.5V2a.5.5 0 0 0-.5-.5H8V0h2Z\" \/>\n\t\t\t<\/svg>\n\t\t<\/button><\/figure>\n<\/div><\/div>\n<\/div>\n\n<p>Pour les collectionneurs, ce jeton est important, car il s\u2019agit d\u2019une impression propre au produit, ce qui signifie qu\u2019il est introuvable dans les boosters des sets standards. Par cons\u00e9quent, il ajoute une touche de singularit\u00e9, discr\u00e8te mais significative, \u00e0 la bo\u00eete Global Series. Avec le temps, ce type d\u2019insert exclusif devient souvent une pi\u00e8ce notable pour les collectionneurs qui se concentrent sur les produits Magic r\u00e9gionaux ou en tirage limit\u00e9.  <\/p>\n","protected":false},"excerpt":{"rendered":"<p>Global Series: Jiang Yanggu &amp; Mu Yanling Global Series: Jiang Yanggu &amp; Mu Yanling est le seul produit sur Scryfall sorti exclusivement pour les march\u00e9s anglais et chinois : Une bo\u00eete chinoise unique L\u2019un des aspects les plus int\u00e9ressants de ce produit est le packaging de l\u2019\u00e9dition chinoise. Cela conf\u00e8re \u00e0 la version chinoise une &#8230; <a title=\"Global Series\" class=\"read-more\" href=\"https:\/\/chinesethegathering.com\/fr\/global-series\/\" aria-label=\"En savoir plus sur Global Series\">test<\/a><\/p>\n","protected":false},"author":1,"featured_media":3787,"parent":0,"menu_order":0,"comment_status":"closed","ping_status":"closed","template":"","meta":{"footnotes":""},"class_list":["post-3784","page","type-page","status-publish","has-post-thumbnail"],"_links":{"self":[{"href":"https:\/\/chinesethegathering.com\/fr\/wp-json\/wp\/v2\/pages\/3784","targetHints":{"allow":["GET"]}}],"collection":[{"href":"https:\/\/chinesethegathering.com\/fr\/wp-json\/wp\/v2\/pages"}],"about":[{"href":"https:\/\/chinesethegathering.com\/fr\/wp-json\/wp\/v2\/types\/page"}],"author":[{"embeddable":true,"href":"https:\/\/chinesethegathering.com\/fr\/wp-json\/wp\/v2\/users\/1"}],"replies":[{"embeddable":true,"href":"https:\/\/chinesethegathering.com\/fr\/wp-json\/wp\/v2\/comments?post=3784"}],"version-history":[{"count":0,"href":"https:\/\/chinesethegathering.com\/fr\/wp-json\/wp\/v2\/pages\/3784\/revisions"}],"wp:featuredmedia":[{"embeddable":true,"href":"https:\/\/chinesethegathering.com\/fr\/wp-json\/wp\/v2\/media\/3787"}],"wp:attachment":[{"href":"https:\/\/chinesethegathering.com\/fr\/wp-json\/wp\/v2\/media?parent=3784"}],"curies":[{"name":"wp","href":"https:\/\/api.w.org\/{rel}","templated":true}]}}