{"id":351,"date":"2026-02-11T10:18:49","date_gmt":"2026-02-11T10:18:49","guid":{"rendered":"https:\/\/chinesethegathering.com\/le-projet-mondial\/"},"modified":"2026-03-08T19:51:22","modified_gmt":"2026-03-08T19:51:22","slug":"le-projet-mondial","status":"publish","type":"page","link":"https:\/\/chinesethegathering.com\/fr\/le-projet-mondial\/","title":{"rendered":"Chinese: The Gathering"},"content":{"rendered":"\n<h2 class=\"wp-block-heading\">Construire la collection Magic ultime en chinois<\/h2>\n\n<p>Dans Magic: The Gathering, les collectionneurs recherchent g\u00e9n\u00e9ralement les cartes <em>Alpha<\/em> ou les tirages ultra-rares comme <em>Summer Magic.<\/em> Mais un autre type de raret\u00e9 \u00e9merge : les \u00e9ditions chinoises, qui combinent une signification culturelle avec certains des plus faibles chiffres de production de l'histoire de MTG.<\/p>\n\n<p>Nous sommes fiers de d\u00e9voiler un projet monumental : <strong>La collection parfaite de Chinese: The Gathering.<\/strong> Notre objectif est simple mais audacieux : constituer la collection de cartes en langue chinoise la plus vaste et la plus compl\u00e8te au monde, l\u2019\u00e9tablissant comme l\u2019un des ensembles de JCC les plus rares de la plan\u00e8te.<\/p>\n\n<h3 class=\"wp-block-heading\">L\u2019objectif ultime<\/h3>\n\n<div class=\"wp-block-media-text is-stacked-on-mobile is-vertically-aligned-center\" style=\"grid-template-columns:30% auto\"><figure class=\"wp-block-media-text__media\"><img loading=\"lazy\" decoding=\"async\" width=\"874\" height=\"565\" src=\"https:\/\/chinesethegathering.com\/wp-content\/uploads\/2026\/02\/unnamed-8-e1771694152299.avif\" alt=\"\" class=\"wp-image-1389 size-full\" srcset=\"https:\/\/chinesethegathering.com\/wp-content\/uploads\/2026\/02\/unnamed-8-e1771694152299.avif 874w, https:\/\/chinesethegathering.com\/wp-content\/uploads\/2026\/02\/unnamed-8-e1771694152299-300x194.avif 300w, https:\/\/chinesethegathering.com\/wp-content\/uploads\/2026\/02\/unnamed-8-e1771694152299-768x496.avif 768w\" sizes=\"auto, (max-width: 874px) 100vw, 874px\" \/><\/figure><div class=\"wp-block-media-text__content is-layout-flow wp-block-media-text-is-layout-flow\">\n<p>Nous cherchons \u00e0 r\u00e9unir :<\/p>\n\n\n\n<ul class=\"wp-block-list\">\n<li style=\"font-size:19px;font-style:normal;font-weight:600\">8 000 cartes en chinois simplifi\u00e9 de 1997 \u00e0 2010<\/li>\n\n\n\n<li style=\"font-size:19px;font-style:normal;font-weight:600\">18 000 cartes en chinois traditionnel de 1995 \u00e0 2022<\/li>\n<\/ul>\n\n\n\n<p>Les cartes en chinois simplifi\u00e9 de 2010 \u00e0 2024 sont exclues de ce projet en raison de volumes d\u2019impression \u00e9lev\u00e9s et d\u2019un faible int\u00e9r\u00eat de collection.<\/p>\n<\/div><\/div>\n\n<p><\/p>\n\n<div class=\"wp-block-group is-nowrap is-layout-flex wp-container-core-group-is-layout-ad2f72ca wp-block-group-is-layout-flex\">\n<p><\/p>\n<\/div>\n\n<h3 class=\"wp-block-heading\">Plus rares que les \u00e9ditions Alpha<\/h3>\n\n<p><\/p>\n\n<div class=\"wp-block-media-text has-media-on-the-right is-stacked-on-mobile\" style=\"grid-template-columns:auto 35%\"><div class=\"wp-block-media-text__content is-layout-flow wp-block-media-text-is-layout-flow\">\n<p>Alors que l'<em>Alpha<\/em> est la r\u00e9f\u00e9rence pour beaucoup, les chiffres de production racontent une histoire diff\u00e9rente pour les \u00e9ditions chinoises. Produits en quantit\u00e9s nettement inf\u00e9rieures \u00e0 leurs homologues anglais, de nombreux sets chinois poss\u00e8dent un taux de survie qui rivalise avec les premiers tirages du jeu, et les \u00e9clipse parfois. <\/p>\n\n\n\n<p>De plus, ces \u00e9ditions sont appr\u00e9ci\u00e9es pour leurs <strong>illustrations alternatives uniques<\/strong>, avec des visuels jamais vus dans les sorties occidentales, ce qui en fait non seulement des pi\u00e8ces de jeu, mais aussi des artefacts culturels exclusifs.<\/p>\n<\/div><figure class=\"wp-block-media-text__media\"><img loading=\"lazy\" decoding=\"async\" width=\"1024\" height=\"683\" src=\"https:\/\/chinesethegathering.com\/wp-content\/uploads\/2026\/02\/ca47ff9a-7b1d-4fd3-b8d4-a89b6c5f1944-1-1024x683.avif\" alt=\"\" class=\"wp-image-1578 size-full\" srcset=\"https:\/\/chinesethegathering.com\/wp-content\/uploads\/2026\/02\/ca47ff9a-7b1d-4fd3-b8d4-a89b6c5f1944-1-1024x683.avif 1024w, https:\/\/chinesethegathering.com\/wp-content\/uploads\/2026\/02\/ca47ff9a-7b1d-4fd3-b8d4-a89b6c5f1944-1-300x200.avif 300w, https:\/\/chinesethegathering.com\/wp-content\/uploads\/2026\/02\/ca47ff9a-7b1d-4fd3-b8d4-a89b6c5f1944-1-768x512.avif 768w, https:\/\/chinesethegathering.com\/wp-content\/uploads\/2026\/02\/ca47ff9a-7b1d-4fd3-b8d4-a89b6c5f1944-1.avif 1536w\" sizes=\"auto, (max-width: 1024px) 100vw, 1024px\" \/><\/figure><\/div>\n\n<hr class=\"wp-block-separator has-alpha-channel-opacity\"\/>\n\n<div class=\"wp-block-group is-nowrap is-layout-flex wp-container-core-group-is-layout-ad2f72ca wp-block-group-is-layout-flex\">\n<i class=\"ss ss-5ed ss-4x\"><\/i>\n\n\n\n\u00a0\n\n\n\n<h4 class=\"wp-block-heading has-text-align-left\"><em>Bien que Summer Magic soit connue pour son tirage limit\u00e9, plusieurs \u00e9ditions chinoises telles que la <strong>Cinqui\u00e8me Edition en chinois simplifi\u00e9<\/strong> atteignent ou d\u00e9passent ce niveau de raret\u00e9.<\/em><\/h4>\n<\/div>\n\n<hr class=\"wp-block-separator has-alpha-channel-opacity\"\/>\n\n<h3 class=\"wp-block-heading\">Une histoire compl\u00e8te (1995\u20132022)<\/h3>\n\n<p>Cette collection est une archive historique d\u00e9taill\u00e9e. Elle suit la croissance du jeu en Chine et \u00e0 Ta\u00efwan, du premier tirage en chinois traditionnel en 1995 au dernier en 2022. Nous nous sommes principalement concentr\u00e9s sur les cartes en chinois traditionnel (<a href=\"https:\/\/chinesethegathering.com\/fr\/pourquoi-le-chinois-traditionnel\/\" data-type=\"page\" data-id=\"154\">comprenez ce choix dans cet article<\/a>).<\/p>\n\n<p>L\u2019archive est organis\u00e9e en quatre p\u00e9riodes distinctes. Ces p\u00e9riodes suivent l\u2019histoire de l\u2019impression en langue mandarine. <\/p>\n\n<ol start=\"1\" class=\"wp-block-list\">\n<li><strong><a href=\"https:\/\/chinesethegathering.com\/fr\/age-dor-1995-2003\/\" data-type=\"page\" data-id=\"177\">L\u2019\u00c2ge d\u2019or (1995\u20132003)<\/a> :<\/strong> une collection de chaque set en chinois simplifi\u00e9 et en chinois traditionnel.<\/li>\n\n\n\n<li><strong><a href=\"https:\/\/chinesethegathering.com\/fr\/lere-dargent-2004-2010\/\" data-type=\"page\" data-id=\"94\">L\u2019\u00c2ge d\u2019argent (2004\u20132010)<\/a> :<\/strong> lorsque le chinois traditionnel n\u2019\u00e9tait plus imprim\u00e9, nous nous sommes concentr\u00e9s sur le chinois simplifi\u00e9. Cela a permis de perp\u00e9tuer la collection en langue chinoise. <\/li>\n\n\n\n<li><strong><a href=\"https:\/\/chinesethegathering.com\/fr\/ere-du-bronze-2010-2019\/\" data-type=\"page\" data-id=\"101\">L\u2019\u00c2ge de bronze (2010-2019)<\/a> : <\/strong>le retour au chinois traditionnel<\/li>\n\n\n\n<li><strong><a href=\"https:\/\/chinesethegathering.com\/fr\/ere-moderne-2019-2022\/\" data-type=\"page\" data-id=\"103\">Le renouveau moderne et le final (2019\u20132022)<\/a> :<\/strong> la derni\u00e8re d\u00e9cennie de production en chinois traditionnel.<\/li>\n<\/ol>\n\n<h3 class=\"wp-block-heading\">Ce projet vise \u00e0 trouver chaque carte, sans exception<\/h3>\n\n<div class=\"wp-block-media-text is-stacked-on-mobile\" style=\"grid-template-columns:25% auto\"><figure class=\"wp-block-media-text__media\"><img loading=\"lazy\" decoding=\"async\" width=\"1024\" height=\"1024\" src=\"https:\/\/chinesethegathering.com\/wp-content\/uploads\/2026\/02\/BCO.0892287a-f4c1-488d-86b1-c55059d4acef.avif\" alt=\"\" class=\"wp-image-1384 size-full\" srcset=\"https:\/\/chinesethegathering.com\/wp-content\/uploads\/2026\/02\/BCO.0892287a-f4c1-488d-86b1-c55059d4acef.avif 1024w, https:\/\/chinesethegathering.com\/wp-content\/uploads\/2026\/02\/BCO.0892287a-f4c1-488d-86b1-c55059d4acef-300x300.avif 300w, https:\/\/chinesethegathering.com\/wp-content\/uploads\/2026\/02\/BCO.0892287a-f4c1-488d-86b1-c55059d4acef-150x150.avif 150w, https:\/\/chinesethegathering.com\/wp-content\/uploads\/2026\/02\/BCO.0892287a-f4c1-488d-86b1-c55059d4acef-768x768.avif 768w\" sizes=\"auto, (max-width: 1024px) 100vw, 1024px\" \/><\/figure><div class=\"wp-block-media-text__content is-layout-flow wp-block-media-text-is-layout-flow\">\n<p>Ce projet vise \u00e0 trouver chaque carte, sans exception. Nous ne recherchons pas seulement les cartes populaires. Nous archivons l\u2019int\u00e9gralit\u00e9 de l\u2019histoire de l\u2019impression :  <\/p>\n\n\n\n<ul class=\"wp-block-list\">\n<li>Chaque carte de s\u00e9rie de base.<\/li>\n\n\n\n<li>Toutes les Art Cards et tous les jetons.<\/li>\n\n\n\n<li>Chaque carte promotionnelle exclusive et chaque variante unique de \u00ab cadre \u00bb.<\/li>\n<\/ul>\n\n\n\n<p>Pour pr\u00e9server la puret\u00e9 du \u00ab Master Set \u00bb et rendre sa compl\u00e9tion possible, nous n\u2019incluons pas les tampons de date de pr\u00e9-lancement ni les cartes Premium (foils). Bien que la collection de sets sp\u00e9cifiques en version Premium soit possible, compl\u00e9ter un set int\u00e9gral de chaque carte en version Premium est statistiquement impossible. En nous concentrant sur le \u00ab Classic Frame \u00bb et les versions uniques, nous cr\u00e9ons une exposition coh\u00e9rente de qualit\u00e9 mus\u00e9ale.  <\/p>\n<\/div><\/div>\n\n<p><\/p>\n\n<h3 class=\"wp-block-heading\">Une archive historique<\/h3>\n\n<p>Magic: The Gathering a \u00e9t\u00e9 le premier jeu de cartes \u00e0 collectionner (JCC) imprim\u00e9 en chinois. Il est sorti avant Pok\u00e9mon et a contribu\u00e9 \u00e0 lancer les jeux de table dans la r\u00e9gion. Cette collection est plus qu'un simple passe-temps ; <strong>c'est une archive historique d'un \u00e9v\u00e9nement culturel<\/strong>. Bien que le march\u00e9 anglais soit plus c\u00e9l\u00e8bre, la grande raret\u00e9 et l'importance historique des tirages chinois offrent un grand prestige.   <\/p>\n<div class=\"wp-block-image\">\n<figure class=\"aligncenter size-large\"><img loading=\"lazy\" decoding=\"async\" width=\"1024\" height=\"683\" src=\"https:\/\/chinesethegathering.com\/wp-content\/uploads\/2026\/02\/image-1024x683.avif\" alt=\"\" class=\"wp-image-217\" srcset=\"https:\/\/chinesethegathering.com\/wp-content\/uploads\/2026\/02\/image-1024x683.avif 1024w, https:\/\/chinesethegathering.com\/wp-content\/uploads\/2026\/02\/image-300x200.avif 300w, https:\/\/chinesethegathering.com\/wp-content\/uploads\/2026\/02\/image-768x512.avif 768w, https:\/\/chinesethegathering.com\/wp-content\/uploads\/2026\/02\/image.avif 1536w\" sizes=\"auto, (max-width: 1024px) 100vw, 1024px\" \/><\/figure>\n<\/div>\n<p><\/p>\n\n<p class=\"has-base-2-background-color has-background\">Nous ne constituons pas simplement un classeur ; nous pr\u00e9servons un h\u00e9ritage. Un jour, <strong>ces cartes seront dans un mus\u00e9e du JCC<\/strong>. Elles illustreront le chapitre le plus rare de l\u2019histoire du plus grand jeu de cartes au monde. <\/p>\n\n<p><\/p>\n","protected":false},"excerpt":{"rendered":"<p>Construire la collection Magic ultime en chinois Dans Magic: The Gathering, les collectionneurs recherchent g\u00e9n\u00e9ralement les cartes Alpha ou les tirages ultra-rares comme Summer Magic. Mais un autre type de raret\u00e9 \u00e9merge : les \u00e9ditions chinoises, qui combinent une signification culturelle avec certains des plus faibles chiffres de production de l'histoire de MTG. Nous sommes &#8230; <a title=\"Chinese: The Gathering\" class=\"read-more\" href=\"https:\/\/chinesethegathering.com\/fr\/le-projet-mondial\/\" aria-label=\"En savoir plus sur Chinese: The Gathering\">test<\/a><\/p>\n","protected":false},"author":1,"featured_media":1570,"parent":0,"menu_order":0,"comment_status":"closed","ping_status":"closed","template":"","meta":{"footnotes":""},"class_list":["post-351","page","type-page","status-publish","has-post-thumbnail"],"_links":{"self":[{"href":"https:\/\/chinesethegathering.com\/fr\/wp-json\/wp\/v2\/pages\/351","targetHints":{"allow":["GET"]}}],"collection":[{"href":"https:\/\/chinesethegathering.com\/fr\/wp-json\/wp\/v2\/pages"}],"about":[{"href":"https:\/\/chinesethegathering.com\/fr\/wp-json\/wp\/v2\/types\/page"}],"author":[{"embeddable":true,"href":"https:\/\/chinesethegathering.com\/fr\/wp-json\/wp\/v2\/users\/1"}],"replies":[{"embeddable":true,"href":"https:\/\/chinesethegathering.com\/fr\/wp-json\/wp\/v2\/comments?post=351"}],"version-history":[{"count":0,"href":"https:\/\/chinesethegathering.com\/fr\/wp-json\/wp\/v2\/pages\/351\/revisions"}],"wp:featuredmedia":[{"embeddable":true,"href":"https:\/\/chinesethegathering.com\/fr\/wp-json\/wp\/v2\/media\/1570"}],"wp:attachment":[{"href":"https:\/\/chinesethegathering.com\/fr\/wp-json\/wp\/v2\/media?parent=351"}],"curies":[{"name":"wp","href":"https:\/\/api.w.org\/{rel}","templated":true}]}}