{"id":2437,"date":"2026-02-11T10:22:53","date_gmt":"2026-02-11T10:22:53","guid":{"rendered":"https:\/\/chinesethegathering.com\/ere-moderne-2019-2022\/"},"modified":"2026-02-27T21:42:32","modified_gmt":"2026-02-27T21:42:32","slug":"ere-moderne-2019-2022","status":"publish","type":"page","link":"https:\/\/chinesethegathering.com\/fr\/ere-moderne-2019-2022\/","title":{"rendered":"L'\u00e8re moderne"},"content":{"rendered":"\n<p>Pour de nombreux collectionneurs, les ann\u00e9es 2019 \u00e0 2022 repr\u00e9sentent de loin la meilleure p\u00e9riode pour les cartes Magic en chinois traditionnel. Alors que le jeu \u00e9voluait \u00e0 l\u2019\u00e9chelle mondiale, ce march\u00e9 linguistique sp\u00e9cifique a b\u00e9n\u00e9fici\u00e9 de designs incroyables et d\u2019une raret\u00e9 extr\u00eame. <\/p>\n\n<h3 class=\"wp-block-heading\">Une p\u00e9riode au design exceptionnel et \u00e0 l\u2019offre limit\u00e9e<\/h3>\n\n<p>Au cours de ces trois ann\u00e9es, les designs des cartes \u00e9taient excellents. Cependant, vers la fin de cette p\u00e9riode, <strong>les tirages sont devenus tr\u00e8s faibles<\/strong>. Cela fait de ces cartes certaines des pi\u00e8ces modernes les plus rares du jeu.  <\/p>\n\n<ul class=\"wp-block-list\">\n<li><strong>Decks Commander :<\/strong> Ils sont devenus presque impossibles \u00e0 trouver en chinois traditionnel.<\/li>\n\n\n\n<li><strong>Aucun booster collector :<\/strong> Aucun des sets modernes dans cette langue n\u2019a eu de \u00ab Collector Boxes \u00bb. Cela rend la recherche de cartes \u00e0 \u00ab illustration en cadre alternatif \u00bb extr\u00eamement difficile pour les collectionneurs. <\/li>\n\n\n\n<li><strong>Un seul type de bo\u00eetes par set moderne :<\/strong> bo\u00eetes de boosters Draft ou Set.<\/li>\n<\/ul>\n\n<h3 class=\"wp-block-heading\">Le myst\u00e8re des bo\u00eetes<\/h3>\n\n<p>La mani\u00e8re dont Wizards of the Coast a sorti ces sets a \u00e9t\u00e9 tr\u00e8s incoh\u00e9rente, rendant la chasse encore plus difficile :<\/p>\n\n<ul class=\"wp-block-list\">\n<li><strong>Uniquement des boosters Set :<\/strong> Seuls trois sets ont eu la chance d\u2019avoir des bo\u00eetes de boosters Set : <em>Kamigawa: La Dynastie N\u00e9on<\/em>, <em>Les rues de la Nouvelle-Capenna<\/em> et <em>L\u00e9gendes de Commander : la bataille de la Porte de Baldur<\/em>.<\/li>\n\n\n\n<li><strong>Uniquement des boosters Draft :<\/strong> Certains sets majeurs comme <em>Kaldheim<\/em>, <em>Strixhaven: l'Acad\u00e9mie des Mages<\/em>, <em>Innistrad : noce \u00e9carlate<\/em>, <em>Innistrad : chasse de minuit<\/em> et <em>Forgotten Realms: Aventures dans les Royaumes Oubli\u00e9s<\/em> n\u2019ont exist\u00e9 qu\u2019en bo\u00eetes de boosters Draft.<\/li>\n<\/ul>\n\n<div class=\"wp-block-media-text is-stacked-on-mobile\" style=\"grid-template-columns:15% auto\"><figure class=\"wp-block-media-text__media\"><img loading=\"lazy\" decoding=\"async\" width=\"672\" height=\"936\" src=\"https:\/\/chinesethegathering.com\/wp-content\/uploads\/2026\/02\/clb-1-faceless-one.avif\" alt=\"\" class=\"wp-image-1477 size-full\" srcset=\"https:\/\/chinesethegathering.com\/wp-content\/uploads\/2026\/02\/clb-1-faceless-one.avif 672w, https:\/\/chinesethegathering.com\/wp-content\/uploads\/2026\/02\/clb-1-faceless-one-215x300.avif 215w\" sizes=\"auto, (max-width: 672px) 100vw, 672px\" \/><\/figure><div class=\"wp-block-media-text__content is-layout-flow wp-block-media-text-is-layout-flow\">\n<p class=\"has-base-2-background-color has-background\"><em>Le saviez-vous ? Sans visage est la carte n\u00b0 001\/361 du set L\u00e9gendes de Commander : la bataille de la Porte de Baldur. Cette carte sp\u00e9ciale n\u2019est disponible que dans les bo\u00eetes de boosters Draft. Et comme il n\u2019existe pas de bo\u00eetes de boosters Draft de L\u00e9gendes de Commander : la bataille de la Porte de Baldur en chinois traditionnel, il est impossible de compl\u00e9ter le set dans cette langue. Notez que c\u2019est \u00e9galement vrai pour le cor\u00e9en !    <\/em><\/p>\n<\/div><\/div>\n\n<p><\/p>\n\n<h3 class=\"wp-block-heading\">Les l\u00e9gendaires Box Toppers<\/h3>\n\n<p>L\u2019un des aspects les plus enthousiasmants (et frustrants !) de cette \u00e9poque \u00e9tait les <strong>Box Toppers<\/strong>. Il s\u2019agit de cartes bonus sp\u00e9ciales trouv\u00e9es \u00e0 l\u2019int\u00e9rieur des bo\u00eetes de display. En chinois traditionnel, elles sont l\u00e9gendaires tant elles sont difficiles \u00e0 trouver :  <\/p>\n\n<div class=\"wp-block-media-text is-stacked-on-mobile\" style=\"grid-template-columns:15% auto\"><figure class=\"wp-block-media-text__media\"><img loading=\"lazy\" decoding=\"async\" width=\"672\" height=\"936\" src=\"https:\/\/chinesethegathering.com\/wp-content\/uploads\/2026\/02\/iko-379-illuna-apex-of-wishes.avif\" alt=\"\" class=\"wp-image-1485 size-full\" srcset=\"https:\/\/chinesethegathering.com\/wp-content\/uploads\/2026\/02\/iko-379-illuna-apex-of-wishes.avif 672w, https:\/\/chinesethegathering.com\/wp-content\/uploads\/2026\/02\/iko-379-illuna-apex-of-wishes-215x300.avif 215w\" sizes=\"auto, (max-width: 672px) 100vw, 672px\" \/><\/figure><div class=\"wp-block-media-text__content is-layout-flow wp-block-media-text-is-layout-flow\">\n<ul class=\"wp-block-list\">\n<li><strong>Innistrad : noce \u00e9carlate :<\/strong> Ce set incluait <strong>12 Toppers<\/strong> (s\u00e9rie Dracula), ajoutant un niveau de difficult\u00e9 suppl\u00e9mentaire pour les compl\u00e9tistes.<\/li>\n\n\n\n<li><strong>Renaissance de Zendikar :<\/strong> Ce set proposait <strong>30 Toppers<\/strong> (Expeditions). Trouver un exemplaire pr\u00e9cis en chinois traditionnel est une t\u00e2che colossale. <\/li>\n\n\n\n<li><strong>Ikoria: Lair of Behemoths :<\/strong> Cette \u00e9dition contenait la c\u00e9l\u00e8bre s\u00e9rie <strong>13 Toppers Kaiju (Godzilla)<\/strong>. En raison du tirage tr\u00e8s limit\u00e9, ces cartes \u00e0 th\u00e8me monstre sont presque impossibles \u00e0 trouver aujourd'hui. <\/li>\n<\/ul>\n<\/div><\/div>\n\n<p><\/p>\n\n<h3 class=\"wp-block-heading\">Le grand final : la Porte de Baldur<\/h3>\n\n<p>L\u2019\u00e9poque s\u2019est termin\u00e9e en apoth\u00e9ose avec <strong>L\u00e9gendes de Commander : la bataille de la Porte de Baldur<\/strong>. Ce set a \u00e9t\u00e9 majeur pour les collectionneurs en chinois traditionnel. Si vous comptez les jetons et les cartes d\u2019illustration, il y a plus de <strong>1\u202f000 cartes diff\u00e9rentes<\/strong> \u00e0 collectionner dans cette langue. Ils ont vraiment gard\u00e9 le meilleur pour la fin.   <\/p>\n\n<h3 class=\"wp-block-heading\">Le set \u00ab cach\u00e9 \u00bb : Warhammer 40,000<\/h3>\n\n<p>Le saviez-vous ? Il existe un set \u00ab secret \u00bb que m\u00eame des sites c\u00e9l\u00e8bres comme Scryfall ne r\u00e9pertorient pas. Alors que la plupart des gens pensent que <em>Dominaria Uni<\/em> devait \u00eatre le dernier set (bien qu\u2019il n\u2019ait en r\u00e9alit\u00e9 jamais \u00e9t\u00e9 imprim\u00e9 en chinois traditionnel), le v\u00e9ritable dernier set fant\u00f4me est <strong>Warhammer 40,000<\/strong>. Il a \u00e9t\u00e9 imprim\u00e9 en chinois traditionnel et il est incroyablement rare, ce qui en fait le \u00ab Saint Graal \u00bb des collectionneurs de cette \u00e9poque.  <\/p>\n\n<div class=\"wp-block-wpbb-wbd-progress-bar\"><div class=\"progress-name\" style=\"color:#333333;font-size:16px;font-family:inherit\">Ach\u00e8vement du projet : 29 sets (sur 29)<\/div><div class=\"progress-track\" style=\"background-color:#e5e5e5;height:32px\"><div class=\"progress-fill\" style=\"width:95%;background-color:#c43d3d\"><span class=\"progress-percentage\" style=\"color:#ffffff;font-size:14px;font-family:inherit\">95%<\/span><\/div><\/div><\/div>\n\n<p><em>Le set oubli\u00e9 en chinois traditionnel :<\/em><\/p>\n<div class=\"wp-block-image\">\n<figure class=\"aligncenter size-full\"><img loading=\"lazy\" decoding=\"async\" width=\"967\" height=\"34\" src=\"https:\/\/chinesethegathering.com\/wp-content\/uploads\/2026\/02\/Capture-decran-2026-02-12-222152.avif\" alt=\"\" class=\"wp-image-195\" style=\"aspect-ratio:28.444444444444443\" srcset=\"https:\/\/chinesethegathering.com\/wp-content\/uploads\/2026\/02\/Capture-decran-2026-02-12-222152.avif 967w, https:\/\/chinesethegathering.com\/wp-content\/uploads\/2026\/02\/Capture-decran-2026-02-12-222152-300x11.avif 300w, https:\/\/chinesethegathering.com\/wp-content\/uploads\/2026\/02\/Capture-decran-2026-02-12-222152-768x27.avif 768w\" sizes=\"auto, (max-width: 967px) 100vw, 967px\" \/><\/figure>\n<\/div>\n<p><\/p>\n\n<p><em>liste des sets Scryfall couvrant le projet :<\/em><\/p>\n<div class=\"wp-block-image\">\n<figure class=\"aligncenter size-full\"><img loading=\"lazy\" decoding=\"async\" width=\"969\" height=\"928\" src=\"https:\/\/chinesethegathering.com\/wp-content\/uploads\/2026\/02\/Capture-decran-2026-02-12-222034.avif\" alt=\"\" class=\"wp-image-193\" srcset=\"https:\/\/chinesethegathering.com\/wp-content\/uploads\/2026\/02\/Capture-decran-2026-02-12-222034.avif 969w, https:\/\/chinesethegathering.com\/wp-content\/uploads\/2026\/02\/Capture-decran-2026-02-12-222034-300x287.avif 300w, https:\/\/chinesethegathering.com\/wp-content\/uploads\/2026\/02\/Capture-decran-2026-02-12-222034-768x736.avif 768w\" sizes=\"auto, (max-width: 969px) 100vw, 969px\" \/><\/figure>\n<\/div>\n<p><\/p>\n","protected":false},"excerpt":{"rendered":"<p>Pour de nombreux collectionneurs, les ann\u00e9es 2019 \u00e0 2022 repr\u00e9sentent de loin la meilleure p\u00e9riode pour les cartes Magic en chinois traditionnel. Alors que le jeu \u00e9voluait \u00e0 l\u2019\u00e9chelle mondiale, ce march\u00e9 linguistique sp\u00e9cifique a b\u00e9n\u00e9fici\u00e9 de designs incroyables et d\u2019une raret\u00e9 extr\u00eame. Une p\u00e9riode au design exceptionnel et \u00e0 l\u2019offre limit\u00e9e Au cours de &#8230; <a title=\"L&#039;\u00e8re moderne\" class=\"read-more\" href=\"https:\/\/chinesethegathering.com\/fr\/ere-moderne-2019-2022\/\" aria-label=\"En savoir plus sur L&#039;\u00e8re moderne\">test<\/a><\/p>\n","protected":false},"author":1,"featured_media":2438,"parent":0,"menu_order":0,"comment_status":"closed","ping_status":"closed","template":"","meta":{"footnotes":""},"class_list":["post-2437","page","type-page","status-publish","has-post-thumbnail"],"_links":{"self":[{"href":"https:\/\/chinesethegathering.com\/fr\/wp-json\/wp\/v2\/pages\/2437","targetHints":{"allow":["GET"]}}],"collection":[{"href":"https:\/\/chinesethegathering.com\/fr\/wp-json\/wp\/v2\/pages"}],"about":[{"href":"https:\/\/chinesethegathering.com\/fr\/wp-json\/wp\/v2\/types\/page"}],"author":[{"embeddable":true,"href":"https:\/\/chinesethegathering.com\/fr\/wp-json\/wp\/v2\/users\/1"}],"replies":[{"embeddable":true,"href":"https:\/\/chinesethegathering.com\/fr\/wp-json\/wp\/v2\/comments?post=2437"}],"version-history":[{"count":0,"href":"https:\/\/chinesethegathering.com\/fr\/wp-json\/wp\/v2\/pages\/2437\/revisions"}],"wp:featuredmedia":[{"embeddable":true,"href":"https:\/\/chinesethegathering.com\/fr\/wp-json\/wp\/v2\/media\/2438"}],"wp:attachment":[{"href":"https:\/\/chinesethegathering.com\/fr\/wp-json\/wp\/v2\/media?parent=2437"}],"curies":[{"name":"wp","href":"https:\/\/api.w.org\/{rel}","templated":true}]}}