{"id":2409,"date":"2026-02-11T10:24:32","date_gmt":"2026-02-11T10:24:32","guid":{"rendered":"https:\/\/chinesethegathering.com\/lere-dargent-2004-2010\/"},"modified":"2026-03-08T19:51:55","modified_gmt":"2026-03-08T19:51:55","slug":"lere-dargent-2004-2010","status":"publish","type":"page","link":"https:\/\/chinesethegathering.com\/fr\/lere-dargent-2004-2010\/","title":{"rendered":"L\u2019\u00e8re d'argent"},"content":{"rendered":"\n<h3 class=\"wp-block-heading\">L\u2019\u00e8re d\u2019argent : une immersion dans le chinois simplifi\u00e9 (2004\u20132010)<\/h3>\n\n<p>Pour les collectionneurs de Magic: The Gathering chinois, la p\u00e9riode entre <strong>2004 et 2010<\/strong> repr\u00e9sente un chapitre unique et fascinant dans l'histoire du jeu. Souvent appel\u00e9e l'<strong>\u00ab \u00c8re d'Argent \u00bb<\/strong>, cette p\u00e9riode a connu des changements significatifs dans la politique d'impression, l'expression artistique et la disponibilit\u00e9 sur le march\u00e9 qui font de ces cartes certaines des plus recherch\u00e9es aujourd'hui. <\/p>\n\n<h3 class=\"wp-block-heading\">Un march\u00e9 divis\u00e9 : l\u2019essor du chinois simplifi\u00e9<\/h3>\n\n<p>Au cours de ces ann\u00e9es, un changement majeur s\u2019est produit sur le march\u00e9 asiatique. En raison d\u2019un manque de succ\u00e8s commercial, le <strong>chinois traditionnel<\/strong> a \u00e9t\u00e9 progressivement abandonn\u00e9, laissant le <strong>chinois simplifi\u00e9<\/strong> comme seule langue d\u2019impression pour le march\u00e9 chinois de MTG. Cette d\u00e9cision a fait des cartes en chinois simplifi\u00e9 de cette \u00e9poque les versions de r\u00e9f\u00e9rence pour les collectionneurs r\u00e9gionaux.  <\/p>\n\n<h3 class=\"wp-block-heading\">La raret\u00e9 des grands blocs<\/h3>\n\n<div class=\"wp-block-media-text is-stacked-on-mobile\" style=\"grid-template-columns:15% auto\"><figure class=\"wp-block-media-text__media\"><img loading=\"lazy\" decoding=\"async\" width=\"672\" height=\"936\" src=\"https:\/\/chinesethegathering.com\/wp-content\/uploads\/2026\/02\/CHK_122.avif\" alt=\"\" class=\"wp-image-1612 size-full\" srcset=\"https:\/\/chinesethegathering.com\/wp-content\/uploads\/2026\/02\/CHK_122.avif 672w, https:\/\/chinesethegathering.com\/wp-content\/uploads\/2026\/02\/CHK_122-215x300.avif 215w\" sizes=\"auto, (max-width: 672px) 100vw, 672px\" \/><\/figure><div class=\"wp-block-media-text__content is-layout-flow wp-block-media-text-is-layout-flow\">\n<p>L\u2019\u00e8re d\u2019argent a commenc\u00e9 avec des blocs l\u00e9gendaires tels que <em>Guerriers de Kamigawa<\/em> et <em>Ravnica : La Cit\u00e9 des Guildes<\/em>. Au-del\u00e0 de leur gameplay de haute qualit\u00e9 et de leurs illustrations \u00e9poustouflantes, ces extensions souffrent (ou b\u00e9n\u00e9ficient, pour les collectionneurs) d\u2019un <strong>tirage extr\u00eamement limit\u00e9<\/strong> en chinois simplifi\u00e9. <\/p>\n\n\n\n<p>Aujourd\u2019hui, compl\u00e9ter un set complet de <em>Guerriers de Kamigawa<\/em> ou de l\u2019original <em><em>Ravnica : La Cit\u00e9 des Guildes<\/em><\/em> en chinois simplifi\u00e9 est consid\u00e9r\u00e9 comme presque impossible. La raret\u00e9 de ces cartes est le reflet direct de la base de joueurs plus restreinte en Chine au d\u00e9but des ann\u00e9es 2000, bien avant que le jeu n\u2019atteigne son \u00e9chelle mondiale actuelle. Cette raret\u00e9 s\u2019\u00e9tend \u00e9galement \u00e0 <em>Souffle glaciaire<\/em> qui, tout comme son homologue anglais, a connu un tirage tr\u00e8s limit\u00e9.  <\/p>\n<\/div><\/div>\n\n<p><\/p>\n\n<h3 class=\"wp-block-heading\">L\u2019apog\u00e9e des \u00ab illustrations alternatives \u00bb<\/h3>\n\n<p><\/p>\n\n<div class=\"wp-block-media-text has-media-on-the-right is-stacked-on-mobile\" style=\"grid-template-columns:auto 15%\"><div class=\"wp-block-media-text__content is-layout-flow wp-block-media-text-is-layout-flow\">\n<p>La p\u00e9riode entre <strong>2005 et 2008<\/strong> est peut-\u00eatre la plus c\u00e9l\u00e8bre pour ses <a href=\"https:\/\/chinesethegathering.com\/fr\/cartes-a-illustration-alternative\/\" data-type=\"page\" data-id=\"1153\"><strong>cartes<\/strong> \u00e0 <strong>illustrations alternatives<\/strong><\/a>. En raison des r\u00e9glementations locales et des sensibilit\u00e9s culturelles, Wizards of the Coast a souvent remplac\u00e9 les illustrations repr\u00e9sentant des squelettes ou du sang excessif. <\/p>\n\n\n\n<p>Le mythique bloc <em>Lorwyn \/ Sombrelande<\/em> t\u00e9moigne de cette \u00e9poque, b\u00e9n\u00e9ficiant d\u2019un nombre significatif d\u2019illustrations alternatives. Cependant, cette tendance a atteint son apog\u00e9e et s\u2019est achev\u00e9e vers 2008. \u00c0 partir du bloc <em>Les \u00e9clats d'Alara<\/em>, les squelettes ont commenc\u00e9 \u00e0 r\u00e9appara\u00eetre sur les cartes chinoises simplifi\u00e9es, marquant la fin d\u2019une \u00e8re esth\u00e9tique unique.  <\/p>\n<\/div><figure class=\"wp-block-media-text__media\"><img loading=\"lazy\" decoding=\"async\" width=\"672\" height=\"936\" src=\"https:\/\/chinesethegathering.com\/wp-content\/uploads\/2026\/02\/SHM_260.avif\" alt=\"\" class=\"wp-image-1615 size-full\" srcset=\"https:\/\/chinesethegathering.com\/wp-content\/uploads\/2026\/02\/SHM_260.avif 672w, https:\/\/chinesethegathering.com\/wp-content\/uploads\/2026\/02\/SHM_260-215x300.avif 215w\" sizes=\"auto, (max-width: 672px) 100vw, 672px\" \/><\/figure><\/div>\n\n<p><\/p>\n\n<p><\/p>\n\n<div class=\"wp-block-wpbb-wbd-progress-bar\"><div class=\"progress-name\" style=\"color:#333333;font-size:16px;font-family:inherit\">Ach\u00e8vement du projet : 26 sets (sur 26)<\/div><div class=\"progress-track\" style=\"background-color:#e5e5e5;height:32px\"><div class=\"progress-fill\" style=\"width:100%;background-color:#c43d3d\"><span class=\"progress-percentage\" style=\"color:#ffffff;font-size:14px;font-family:inherit\">100%<\/span><\/div><\/div><\/div>\n\n<p><em>liste des sets Scryfall couvrant le projet :<\/em><\/p>\n<div class=\"wp-block-image\">\n<figure class=\"aligncenter size-full\"><img loading=\"lazy\" decoding=\"async\" width=\"1007\" height=\"862\" src=\"https:\/\/chinesethegathering.com\/wp-content\/uploads\/2026\/02\/Capture-decran-2026-02-11-110710.avif\" alt=\"\" class=\"wp-image-95\" srcset=\"https:\/\/chinesethegathering.com\/wp-content\/uploads\/2026\/02\/Capture-decran-2026-02-11-110710.avif 1007w, https:\/\/chinesethegathering.com\/wp-content\/uploads\/2026\/02\/Capture-decran-2026-02-11-110710-300x257.avif 300w, https:\/\/chinesethegathering.com\/wp-content\/uploads\/2026\/02\/Capture-decran-2026-02-11-110710-768x657.avif 768w\" sizes=\"auto, (max-width: 1007px) 100vw, 1007px\" \/><\/figure>\n<\/div>\n<p><\/p>\n\n<h3 class=\"wp-block-heading\">Le tournant : Les \u00e9clats d\u2019Alara et l\u2019explosion du volume<\/h3>\n\n<p>\u00c0 partir de <strong>2008<\/strong>, le paysage a de nouveau chang\u00e9. Avec la sortie du bloc <em>Les \u00e9clats d\u2019Alara<\/em>, le volume d\u2019impression chinois a commenc\u00e9 \u00e0 augmenter de mani\u00e8re significative. L\u2019\u00e8re des \u00ab petits tirages \u00bb a lentement laiss\u00e9 place \u00e0 la production de masse alors que la popularit\u00e9 du jeu en Chine entamait sa puissante ascension.  <\/p>\n\n<h3 class=\"wp-block-heading\">Pourquoi collectionner l\u2019\u00e8re d\u2019argent ?<\/h3>\n\n<p>La p\u00e9riode 2004\u20132010 reste un \u00ab incontournable \u00bb pour les collectionneurs de cartes chinoises pour 3 raisons principales :<\/p>\n\n<ol start=\"1\" class=\"wp-block-list\">\n<li><strong>Raret\u00e9 extr\u00eame :<\/strong> les tirages incroyablement bas des premiers sets,<\/li>\n\n\n\n<li><strong>Unicit\u00e9 visuelle :<\/strong> les illustrations alternatives offrent un aper\u00e7u d\u2019un moment sp\u00e9cifique de l\u2019histoire de MTG qui n\u2019existe plus.<\/li>\n\n\n\n<li><strong>Aucune carte en <strong>chinois traditionnel<\/strong><\/strong> <strong> :<\/strong> le chinois simplifi\u00e9 restera \u00e0 jamais la seule langue chinoise pour les cartes de cette \u00e9poque.<\/li>\n<\/ol>\n\n<p><\/p>\n","protected":false},"excerpt":{"rendered":"<p>L\u2019\u00e8re d\u2019argent : une immersion dans le chinois simplifi\u00e9 (2004\u20132010) Pour les collectionneurs de Magic: The Gathering chinois, la p\u00e9riode entre 2004 et 2010 repr\u00e9sente un chapitre unique et fascinant dans l'histoire du jeu. Souvent appel\u00e9e l'\u00ab \u00c8re d'Argent \u00bb, cette p\u00e9riode a connu des changements significatifs dans la politique d'impression, l'expression artistique et la &#8230; <a title=\"L\u2019\u00e8re d&#039;argent\" class=\"read-more\" href=\"https:\/\/chinesethegathering.com\/fr\/lere-dargent-2004-2010\/\" aria-label=\"En savoir plus sur L\u2019\u00e8re d&#039;argent\">test<\/a><\/p>\n","protected":false},"author":1,"featured_media":2415,"parent":0,"menu_order":0,"comment_status":"closed","ping_status":"closed","template":"","meta":{"footnotes":""},"class_list":["post-2409","page","type-page","status-publish","has-post-thumbnail"],"_links":{"self":[{"href":"https:\/\/chinesethegathering.com\/fr\/wp-json\/wp\/v2\/pages\/2409","targetHints":{"allow":["GET"]}}],"collection":[{"href":"https:\/\/chinesethegathering.com\/fr\/wp-json\/wp\/v2\/pages"}],"about":[{"href":"https:\/\/chinesethegathering.com\/fr\/wp-json\/wp\/v2\/types\/page"}],"author":[{"embeddable":true,"href":"https:\/\/chinesethegathering.com\/fr\/wp-json\/wp\/v2\/users\/1"}],"replies":[{"embeddable":true,"href":"https:\/\/chinesethegathering.com\/fr\/wp-json\/wp\/v2\/comments?post=2409"}],"version-history":[{"count":0,"href":"https:\/\/chinesethegathering.com\/fr\/wp-json\/wp\/v2\/pages\/2409\/revisions"}],"wp:featuredmedia":[{"embeddable":true,"href":"https:\/\/chinesethegathering.com\/fr\/wp-json\/wp\/v2\/media\/2415"}],"wp:attachment":[{"href":"https:\/\/chinesethegathering.com\/fr\/wp-json\/wp\/v2\/media?parent=2409"}],"curies":[{"name":"wp","href":"https:\/\/api.w.org\/{rel}","templated":true}]}}