{"id":2364,"date":"2026-02-21T21:30:18","date_gmt":"2026-02-21T21:30:18","guid":{"rendered":"https:\/\/chinesethegathering.com\/cartes-a-illustration-alternative\/"},"modified":"2026-03-08T19:52:11","modified_gmt":"2026-03-08T19:52:11","slug":"cartes-a-illustration-alternative","status":"publish","type":"page","link":"https:\/\/chinesethegathering.com\/fr\/cartes-a-illustration-alternative\/","title":{"rendered":"Cartes \u00e0 illustration alternative"},"content":{"rendered":"\n<h2 class=\"wp-block-heading\">Pourquoi certaines cartes ont une apparence diff\u00e9rente dans leur version chinoise<\/h2>\n\n<p>Des versions de cartes sp\u00e9cifiques \u00e0 certains march\u00e9s sont cr\u00e9\u00e9es pour respecter les pr\u00e9f\u00e9rences culturelles locales. Cela implique souvent la mise \u00e0 jour d'illustrations repr\u00e9sentant des squelettes, des ic\u00f4nes religieuses ou des images sensibles afin de r\u00e9pondre aux exigences r\u00e9gionales.  <\/p>\n\n<p>C\u2019est pourquoi Wizards of the Coast (WotC) a d\u00fb modifier les illustrations de nombreuses cartes vendues en Chine. Au d\u00e9but, ils rempla\u00e7aient enti\u00e8rement l\u2019illustration, mais par la suite, ils ont commenc\u00e9 \u00e0 modifier les images originales.  Aujourd\u2019hui, WotC demande g\u00e9n\u00e9ralement aux artistes de respecter ces normes d\u00e8s le d\u00e9part, de sorte qu\u2019il est d\u00e9sormais rare d\u2019avoir recours \u00e0 des illustrations sp\u00e9ciales \u00ab r\u00e9serv\u00e9es \u00e0 la Chine \u00bb. <strong>Coucheciel en 2008 a \u00e9t\u00e9 la derni\u00e8re \u00e9dition \u00e0 recevoir des cartes \u00e0 illustration alternative.<\/strong><\/p>\n\n<div class=\"wp-block-group is-nowrap is-layout-flex wp-container-core-group-is-layout-ad2f72ca wp-block-group-is-layout-flex\">\n<p><\/p>\n\n\n\n<p><\/p>\n\n\n\n<p><\/p>\n<\/div>\n\n<figure class=\"wp-block-gallery has-nested-images columns-default is-cropped wp-block-gallery-1 is-layout-flex wp-block-gallery-is-layout-flex\">\n<figure class=\"wp-block-image size-large\"><img loading=\"lazy\" decoding=\"async\" width=\"500\" height=\"371\" data-id=\"1261\" src=\"https:\/\/chinesethegathering.com\/wp-content\/uploads\/2026\/02\/6589.avif\" alt=\"\" class=\"wp-image-1261\" srcset=\"https:\/\/chinesethegathering.com\/wp-content\/uploads\/2026\/02\/6589.avif 500w, https:\/\/chinesethegathering.com\/wp-content\/uploads\/2026\/02\/6589-300x223.avif 300w\" sizes=\"auto, (max-width: 500px) 100vw, 500px\" \/><\/figure>\n\n\n\n<figure class=\"wp-block-image size-large\"><img loading=\"lazy\" decoding=\"async\" width=\"502\" height=\"371\" data-id=\"1258\" src=\"https:\/\/chinesethegathering.com\/wp-content\/uploads\/2026\/02\/image-2.avif\" alt=\"\" class=\"wp-image-1258\" srcset=\"https:\/\/chinesethegathering.com\/wp-content\/uploads\/2026\/02\/image-2.avif 502w, https:\/\/chinesethegathering.com\/wp-content\/uploads\/2026\/02\/image-2-300x222.avif 300w\" sizes=\"auto, (max-width: 502px) 100vw, 502px\" \/><\/figure>\n<\/figure>\n\n<p class=\"has-small-font-size\"><em>Garde de la Maison Dimir<\/em> de Ravnica: La Cit\u00e9 des Guildes en anglais contre <em>Garde de la Maison Dimir<\/em> en chinois simplifi\u00e9 avec illustration alternative (de la peau a \u00e9t\u00e9 ajout\u00e9e au personnage principal) par John Zeleznik.<em> (source : <a href=\"https:\/\/www.magiclibrarities.net\/506-rarities-simplified-chinese-alternate-art-cards-simplified-chinese-cards-index.html\" data-type=\"link\" data-id=\"https:\/\/www.magiclibrarities.net\/506-rarities-simplified-chinese-alternate-art-cards-simplified-chinese-cards-index.html\" target=\"_blank\" rel=\"noreferrer noopener\">Magic Librarities<\/a>)<\/em><\/p>\n\n<h3 class=\"wp-block-heading\">La r\u00e8gle du \u00ab squelette \u00bb a chang\u00e9 en 2008<\/h3>\n\n<p>En 2008, les fans se demandaient comment l'extension <em>Les \u00e9clats d'Alara<\/em>\u2014qui \u00e9tait remplie de squelettes\u2014pouvait \u00eatre vendue en Chine.<\/p>\n\n<ul class=\"wp-block-list\">\n<li><strong>Choix cr\u00e9atif<\/strong> : WotC a d\u00e9cid\u00e9 de ne pas cr\u00e9er des centaines de cartes alternatives pour cette extension.<\/li>\n\n\n\n<li><strong>\u00c9volution culturelle<\/strong> : Alors que les squelettes \u00e9taient autrefois per\u00e7us comme \u00ab portant malheur \u00bb par les personnes \u00e2g\u00e9es, les jeunes joueurs les consid\u00e8rent comme \u00ab audacieux \u00bb ou cool.<\/li>\n\n\n\n<li><strong>Autorisation<\/strong> : Le bureau de WotC en Chine a autoris\u00e9 la sortie de l'extension sans modifications.<\/li>\n<\/ul>\n\n<figure class=\"wp-block-image size-full\"><img loading=\"lazy\" decoding=\"async\" width=\"1200\" height=\"199\" src=\"https:\/\/chinesethegathering.com\/wp-content\/uploads\/2026\/02\/Sans-titre-2.avif\" alt=\"\" class=\"wp-image-1291\" style=\"object-fit:cover\" srcset=\"https:\/\/chinesethegathering.com\/wp-content\/uploads\/2026\/02\/Sans-titre-2.avif 1200w, https:\/\/chinesethegathering.com\/wp-content\/uploads\/2026\/02\/Sans-titre-2-300x50.avif 300w, https:\/\/chinesethegathering.com\/wp-content\/uploads\/2026\/02\/Sans-titre-2-1024x170.avif 1024w, https:\/\/chinesethegathering.com\/wp-content\/uploads\/2026\/02\/Sans-titre-2-768x127.avif 768w\" sizes=\"auto, (max-width: 1200px) 100vw, 1200px\" \/><\/figure>\n\n<p class=\"has-small-font-size\"><em>Ghildmage de Golgari de Ravnica: La Cit\u00e9 des Guildes en anglais contre Ghildmage de Golgari en chinois simplifi\u00e9 avec illustration alternative (cr\u00e2ne effac\u00e9 et remplac\u00e9 par un orbe de pierre) par Zoltan Boros &amp; Gabor Szikszai. (source : <a href=\"https:\/\/www.magiclibrarities.net\/506-rarities-simplified-chinese-alternate-art-cards-simplified-chinese-cards-index.html\" data-type=\"link\" data-id=\"https:\/\/www.magiclibrarities.net\/506-rarities-simplified-chinese-alternate-art-cards-simplified-chinese-cards-index.html\" target=\"_blank\" rel=\"noreferrer noopener\">Magic Librarities<\/a>) <\/em><\/p>\n\n<h3 class=\"wp-block-heading\">Cartes \u00e0 illustration alternative (non-foil uniquement)<\/h3>\n\n<p>Voici la liste des <strong>101 illustrations alternatives uniques<\/strong> pr\u00e9sentes dans les extensions chinoises, \u00e0 l'exclusion des versions foil. Pour plus de d\u00e9tails, nous vous sugg\u00e9rons de consulter la section d\u00e9di\u00e9e sur <a href=\"https:\/\/www.magiclibrarities.net\/510-rarities-simplified-chinese-alternate-art-cards-simplified-chinese-cards-index.html\" data-type=\"link\" data-id=\"https:\/\/www.magiclibrarities.net\/510-rarities-simplified-chinese-alternate-art-cards-simplified-chinese-cards-index.html\" target=\"_blank\" rel=\"noreferrer noopener\">Magic Librarities<\/a>. <\/p>\n\n<hr class=\"wp-block-separator has-alpha-channel-opacity\"\/>\n    \n    <style>\n        .mtg-table { width: 100%; border-collapse: collapse; text-align: center; font-family: sans-serif; margin: 20px 0; border: 1px solid #ddd; }\n        .mtg-table td:not(.mtg-header) { padding: 15px 5px; border: 1px solid #ddd; transition: all 0.3s ease; width: 20%; vertical-align: middle; }\n        .mtg-table td:not(.mtg-header):hover { transform: scale(1.1); z-index: 10; position: relative; background-color: #f9f9f9; box-shadow: 0 4px 12px rgba(0,0,0,0.1); }\n        .mtg-header { background-color: #333; color: #fff; font-weight: bold; padding: 12px !important; text-transform: uppercase; font-size: 0.9em; letter-spacing: 1px; }\n        .mtg-table a { text-decoration: none; color: inherit; display: block; }\n        .card-count { display: block; font-size: 0.8em; margin-top: 8px; color: #666; font-weight: normal; }\n    <\/style>\n\n    <table class=\"mtg-table\">\n      <tbody>\n        <tr><td colspan=\"5\" class=\"mtg-header\">Ancien Cadre (1997-2001)<\/td><\/tr>\n        <tr>\n          <td><a href=\"https:\/\/chinesethegathering.com\/fr\/portal-alternate-arts\/\"><i class=\"ss ss-por ss-2x\"><\/i><span class=\"card-count\">29 cartes<\/span><\/a><\/td>\n          <td><a href=\"https:\/\/chinesethegathering.com\/fr\/fifth-edition-alternate-arts\/\"><i class=\"ss ss-5ed ss-2x\"><\/i><span class=\"card-count\">6 cartes<\/span><\/a><\/td>\n          <td><a href=\"https:\/\/chinesethegathering.com\/fr\/sixth-edition-alternate-arts\/\"><i class=\"ss ss-6ed ss-2x\"><\/i><span class=\"card-count\">1 cartes<\/span><\/a><\/td>\n          <td><a href=\"https:\/\/chinesethegathering.com\/fr\/seventh-edition-alternate-arts\/\"><i class=\"ss ss-7ed ss-2x\"><\/i><span class=\"card-count\">4 cartes<\/span><\/a><\/td>\n          <td><a href=\"https:\/\/chinesethegathering.com\/fr\/urzas-saga-alternate-arts\/\"><i class=\"ss ss-usg ss-2x\"><\/i><span class=\"card-count\">7 cartes<\/span><\/a><\/td>\n        <\/tr>\n        <tr>\n          <td><a href=\"https:\/\/chinesethegathering.com\/fr\/invasion-alternate-arts\/\"><i class=\"ss ss-inv ss-2x\"><\/i><span class=\"card-count\">2 cartes<\/span><\/a><\/td>\n          <td><a href=\"https:\/\/chinesethegathering.com\/fr\/odyssey-alternate-arts\/\"><i class=\"ss ss-ody ss-2x\"><\/i><span class=\"card-count\">4 cartes<\/span><\/a><\/td>\n          <td colspan=\"3\" style=\"background: #fafafa;\"><\/td>\n        <\/tr>\n\n        <tr><td colspan=\"5\" class=\"mtg-header\">Cadre Moderne (2003-2008)<\/td><\/tr>\n        <tr>\n          <td><a href=\"https:\/\/chinesethegathering.com\/fr\/eight-edition-alternate-arts\/\"><i class=\"ss ss-8ed ss-2x\"><\/i><span class=\"card-count\">3 cartes<\/span><\/a><\/td>\n          <td><a href=\"https:\/\/chinesethegathering.com\/fr\/tenth-x-edition\/\"><i class=\"ss ss-10e ss-2x\"><\/i><span class=\"card-count\">9 cartes<\/span><\/a><\/td>\n          <td><a href=\"https:\/\/chinesethegathering.com\/fr\/darksteel-alternate-arts\/\"><i class=\"ss ss-dst ss-2x\"><\/i><span class=\"card-count\">1 cartes<\/span><\/a><\/td>\n          <td><a href=\"https:\/\/chinesethegathering.com\/fr\/ravnica-city-of-guilds-alternate-arts\/\"><i class=\"ss ss-rav ss-2x\"><\/i><span class=\"card-count\">7 cartes<\/span><\/a><\/td>\n          <td><a href=\"https:\/\/chinesethegathering.com\/fr\/guildpact-alternate-arts\/\"><i class=\"ss ss-gpt ss-2x\"><\/i><span class=\"card-count\">3 cartes<\/span><\/a><\/td>\n        <\/tr>\n        <tr>\n          <td><a href=\"https:\/\/chinesethegathering.com\/fr\/dissension-alternate-arts\/\"><i class=\"ss ss-dis ss-2x\"><\/i><span class=\"card-count\">1 cartes<\/span><\/a><\/td>\n          <td><a href=\"https:\/\/chinesethegathering.com\/fr\/time-spiral-alternate-arts\/\"><i class=\"ss ss-tsp ss-2x\"><\/i><span class=\"card-count\">2 cartes<\/span><\/a><\/td>\n          <td><a href=\"https:\/\/chinesethegathering.com\/fr\/planar-chaos-alternate-arts\/\"><i class=\"ss ss-plc ss-2x\"><\/i><span class=\"card-count\">1 cartes<\/span><\/a><\/td>\n          <td><a href=\"https:\/\/chinesethegathering.com\/fr\/future-sight-alternate-arts\/\"><i class=\"ss ss-fut ss-2x\"><\/i><span class=\"card-count\">5 cartes<\/span><\/a><\/td>\n          <td><a href=\"https:\/\/chinesethegathering.com\/fr\/lorwyn-alternate-arts\/\"><i class=\"ss ss-lrw ss-2x\"><\/i><span class=\"card-count\">1 cartes<\/span><\/a><\/td>\n        <\/tr>\n        <tr>\n          <td><a href=\"https:\/\/chinesethegathering.com\/fr\/morningtide-alternate-arts\/\"><i class=\"ss ss-mor ss-2x\"><\/i><span class=\"card-count\">3 cartes<\/span><\/a><\/td>\n          <td><a href=\"https:\/\/chinesethegathering.com\/fr\/shadowmoor-alternate-arts\/\"><i class=\"ss ss-shm ss-2x\"><\/i><span class=\"card-count\">8 cartes<\/span><\/a><\/td>\n          <td><a href=\"https:\/\/chinesethegathering.com\/fr\/eventide-alternate-arts\/\"><i class=\"ss ss-eve ss-2x\"><\/i><span class=\"card-count\">4 cartes<\/span><\/a><\/td>\n          <td colspan=\"2\" style=\"background: #fafafa;\"><\/td>\n        <\/tr>\n      <\/tbody>\n    <\/table>\n\n    \n\n<p><strong>Des versions foil de ces cartes existent depuis l'extension Odyss\u00e9e en 2001. Certaines des variantes foil de ces cartes sont incroyablement rares et co\u00fbteuses. <\/strong><\/p>\n\n<p><\/p>\n\n<blockquote class=\"wp-block-quote is-layout-flow wp-block-quote-is-layout-flow\">\n<p class=\"has-base-2-background-color has-background\">Saviez-vous ? Il n'existe que 8 cartes foils \u00e0 illustration alternative uniquement chinoises \u00e0 cadre ancien : 4 de Septi\u00e8me Edition et 4 de Odyss\u00e9e. En effet, les cartes foils \u00e0 illustration alternative d'Invasion ont \u00e9t\u00e9 imprim\u00e9es en anglais !  <\/p>\n<\/blockquote>\n\n<figure class=\"wp-block-image size-full\"><img loading=\"lazy\" decoding=\"async\" width=\"1200\" height=\"300\" src=\"https:\/\/chinesethegathering.com\/wp-content\/uploads\/2026\/02\/Sans-titre-1.avif\" alt=\"\" class=\"wp-image-1289\" srcset=\"https:\/\/chinesethegathering.com\/wp-content\/uploads\/2026\/02\/Sans-titre-1.avif 1200w, https:\/\/chinesethegathering.com\/wp-content\/uploads\/2026\/02\/Sans-titre-1-300x75.avif 300w, https:\/\/chinesethegathering.com\/wp-content\/uploads\/2026\/02\/Sans-titre-1-1024x256.avif 1024w, https:\/\/chinesethegathering.com\/wp-content\/uploads\/2026\/02\/Sans-titre-1-768x192.avif 768w\" sizes=\"auto, (max-width: 1200px) 100vw, 1200px\" \/><\/figure>\n\n<p class=\"has-small-font-size\"><em>Souvenance de Ravnica: La Cit\u00e9 des Guildes en anglais contre Souvenance en chinois simplifi\u00e9 avec illustration alternative (cr\u00e2ne effac\u00e9 et remplac\u00e9 par un orbe magique du pass\u00e9) par Pete Venters. (source : <a href=\"https:\/\/www.magiclibrarities.net\/506-rarities-simplified-chinese-alternate-art-cards-simplified-chinese-cards-index.html\" data-type=\"link\" data-id=\"https:\/\/www.magiclibrarities.net\/506-rarities-simplified-chinese-alternate-art-cards-simplified-chinese-cards-index.html\" target=\"_blank\" rel=\"noreferrer noopener\">Magic Librarities<\/a>) <\/em><\/p>\n\n<h3 class=\"wp-block-heading\">Ces cartes sont extr\u00eamement rares pour trois raisons simples<\/h3>\n\n<ul class=\"wp-block-list\">\n<li><strong>Tirages limit\u00e9s :<\/strong> Au d\u00e9but des ann\u00e9es 2000, la communaut\u00e9 Magic en Chine \u00e9tait tr\u00e8s restreinte. Tr\u00e8s peu de ces cartes ont \u00e9t\u00e9 imprim\u00e9es par rapport aux versions anglaises ou japonaises. <\/li>\n\n\n\n<li><strong>Elles n'ont \u00e9t\u00e9 produites qu'une seule fois :<\/strong> Ces illustrations uniques ont \u00e9t\u00e9 cr\u00e9\u00e9es uniquement pour des extensions sp\u00e9cifiques afin de respecter les coutumes locales. Une fois que Wizards of the Coast a adapt\u00e9 son style artistique pour convenir \u00e0 tous les march\u00e9s mondiaux, ces \u00ab versions sp\u00e9ciales \u00bb n'ont jamais \u00e9t\u00e9 r\u00e9imprim\u00e9es. <\/li>\n\n\n\n<li><strong>Perdues au fil du temps :<\/strong> Beaucoup de ces cartes ont \u00e9t\u00e9 utilis\u00e9es par des joueurs sans protections ou jet\u00e9es il y a des ann\u00e9es, car les gens ne savaient pas qu'elles \u00e9taient sp\u00e9ciales.<\/li>\n<\/ul>\n\n<p>Notre carte \u00e0 illustration alternative pr\u00e9f\u00e9r\u00e9e de <strong>Epop\u00e9e d'Urza : Fourmis de feu de Tom Fleming<\/strong>. Pourquoi est-elle si sp\u00e9ciale ? Parce que l'illustration chinoise n'est pas simplement une copie adapt\u00e9e de l'illustration originale. De plus, contrairement aux cartes alternatives de Portal, les deux versions de la carte ont \u00e9t\u00e9 illustr\u00e9es par le m\u00eame artiste.   <\/p>\n\n<figure class=\"wp-block-gallery has-nested-images columns-default is-cropped wp-block-gallery-2 is-layout-flex wp-block-gallery-is-layout-flex\">\n<figure class=\"wp-block-image size-full\"><img loading=\"lazy\" decoding=\"async\" width=\"672\" height=\"936\" data-id=\"1275\" src=\"https:\/\/chinesethegathering.com\/wp-content\/uploads\/2026\/02\/image-9.avif\" alt=\"\" class=\"wp-image-1275\" srcset=\"https:\/\/chinesethegathering.com\/wp-content\/uploads\/2026\/02\/image-9.avif 672w, https:\/\/chinesethegathering.com\/wp-content\/uploads\/2026\/02\/image-9-215x300.avif 215w\" sizes=\"auto, (max-width: 672px) 100vw, 672px\" \/><\/figure>\n\n\n\n<figure class=\"wp-block-image size-full\"><img loading=\"lazy\" decoding=\"async\" width=\"488\" height=\"680\" data-id=\"1274\" src=\"https:\/\/chinesethegathering.com\/wp-content\/uploads\/2026\/02\/image-8.avif\" alt=\"\" class=\"wp-image-1274\" srcset=\"https:\/\/chinesethegathering.com\/wp-content\/uploads\/2026\/02\/image-8.avif 488w, https:\/\/chinesethegathering.com\/wp-content\/uploads\/2026\/02\/image-8-215x300.avif 215w\" sizes=\"auto, (max-width: 488px) 100vw, 488px\" \/><\/figure>\n<\/figure>\n\n<p><\/p>\n\n<p><strong>Aujourd'hui, les collectionneurs en Chine ont d\u00e9j\u00e0 achet\u00e9 la plupart des exemplaires restants<\/strong>. \u00c9tant donn\u00e9 que Magic a cess\u00e9 d'imprimer des cartes physiques en chinois simplifi\u00e9 en 2024, ces 101 cartes sont devenues des objets \u00ab fant\u00f4mes \u00bb\u2014<strong>elles sont presque impossibles \u00e0 trouver sur le march\u00e9, m\u00eame dans leur pays d'origine<\/strong>. En Europe et en Am\u00e9rique, vous pouvez encore trouver ces cartes sp\u00e9cifiques, mais leur valeur augmente rapidement. Si vous tombez sur ces cartes, saisissez-les avant qu'il ne soit trop tard.   <\/p>\n\n<div style=\"position:relative;padding-top:56.25%;\"><iframe src=\"https:\/\/player.mediadelivery.net\/embed\/603413\/139d53d4-f216-465f-b21d-f06d337f1dcb?autoplay=false&#038;loop=false&#038;muted=false&#038;preload=true&#038;responsive=true\" loading=\"lazy\" style=\"border:0;position:absolute;top:0;height:100%;width:100%;\" allow=\"accelerometer;gyroscope;autoplay;encrypted-media;picture-in-picture;\" allowfullscreen=\"true\"><\/iframe><\/div>\n\n<p><\/p>\n","protected":false},"excerpt":{"rendered":"<p>Pourquoi certaines cartes ont une apparence diff\u00e9rente dans leur version chinoise Des versions de cartes sp\u00e9cifiques \u00e0 certains march\u00e9s sont cr\u00e9\u00e9es pour respecter les pr\u00e9f\u00e9rences culturelles locales. Cela implique souvent la mise \u00e0 jour d'illustrations repr\u00e9sentant des squelettes, des ic\u00f4nes religieuses ou des images sensibles afin de r\u00e9pondre aux exigences r\u00e9gionales. C\u2019est pourquoi Wizards of &#8230; <a title=\"Cartes \u00e0 illustration alternative\" class=\"read-more\" href=\"https:\/\/chinesethegathering.com\/fr\/cartes-a-illustration-alternative\/\" aria-label=\"En savoir plus sur Cartes \u00e0 illustration alternative\">test<\/a><\/p>\n","protected":false},"author":1,"featured_media":2372,"parent":0,"menu_order":0,"comment_status":"closed","ping_status":"closed","template":"","meta":{"footnotes":""},"class_list":["post-2364","page","type-page","status-publish","has-post-thumbnail"],"_links":{"self":[{"href":"https:\/\/chinesethegathering.com\/fr\/wp-json\/wp\/v2\/pages\/2364","targetHints":{"allow":["GET"]}}],"collection":[{"href":"https:\/\/chinesethegathering.com\/fr\/wp-json\/wp\/v2\/pages"}],"about":[{"href":"https:\/\/chinesethegathering.com\/fr\/wp-json\/wp\/v2\/types\/page"}],"author":[{"embeddable":true,"href":"https:\/\/chinesethegathering.com\/fr\/wp-json\/wp\/v2\/users\/1"}],"replies":[{"embeddable":true,"href":"https:\/\/chinesethegathering.com\/fr\/wp-json\/wp\/v2\/comments?post=2364"}],"version-history":[{"count":0,"href":"https:\/\/chinesethegathering.com\/fr\/wp-json\/wp\/v2\/pages\/2364\/revisions"}],"wp:featuredmedia":[{"embeddable":true,"href":"https:\/\/chinesethegathering.com\/fr\/wp-json\/wp\/v2\/media\/2372"}],"wp:attachment":[{"href":"https:\/\/chinesethegathering.com\/fr\/wp-json\/wp\/v2\/media?parent=2364"}],"curies":[{"name":"wp","href":"https:\/\/api.w.org\/{rel}","templated":true}]}}