{"id":2095,"date":"2026-02-11T10:22:05","date_gmt":"2026-02-11T10:22:05","guid":{"rendered":"https:\/\/chinesethegathering.com\/ere-du-bronze-2010-2019\/"},"modified":"2026-02-28T05:54:40","modified_gmt":"2026-02-28T05:54:40","slug":"ere-du-bronze-2010-2019","status":"publish","type":"page","link":"https:\/\/chinesethegathering.com\/fr\/ere-du-bronze-2010-2019\/","title":{"rendered":"L'\u00e8re de bronze"},"content":{"rendered":"\n<p>Les ann\u00e9es 2010 \u00e0 2019 ont \u00e9t\u00e9 marqu\u00e9es par de grands changements pour <em>Magic: The Gathering<\/em>. Le jeu est pass\u00e9 d\u2019un passe-temps pour passionn\u00e9s \u00e0 un succ\u00e8s mondial massif. <\/p>\n\n<h3 class=\"wp-block-heading\">Le d\u00e9but de la d\u00e9cennie (2010-2012)<\/h3>\n\n<p>Au d\u00e9but de cette p\u00e9riode, Magic \u00e9tait encore produit en quantit\u00e9s mod\u00e9r\u00e9es. Cette \u00e8re est souvent appel\u00e9e l'\u00ab \u00c2ge d'Argent \u00bb. <\/p>\n\n<ul class=\"wp-block-list\">\n<li><strong>Le retour des langues :<\/strong> M\u00eame si l'\u00e9dition <em>Magic 2011<\/em> a ramen\u00e9 le <strong>chinois traditionnel<\/strong>, le nombre de cartes imprim\u00e9es est rest\u00e9 sous contr\u00f4le jusqu'\u00e0 la sortie de <em>Retour \u00e0 Ravnica<\/em>.<\/li>\n\n\n\n<li>Les cartes de cette \u00e9poque sont souvent tr\u00e8s pris\u00e9es par les collectionneurs, car elles ont \u00e9t\u00e9 produites en plus petites quantit\u00e9s qu'aujourd'hui.<\/li>\n<\/ul>\n\n<h3 class=\"wp-block-heading\">Le tournant de 2012 : le boom de l'impression<\/h3>\n\n<div class=\"wp-block-media-text is-stacked-on-mobile\" style=\"grid-template-columns:15% auto\"><figure class=\"wp-block-media-text__media\"><img loading=\"lazy\" decoding=\"async\" width=\"672\" height=\"936\" src=\"https:\/\/chinesethegathering.com\/wp-content\/uploads\/2026\/02\/rtr-1-angel-of-serenity.avif\" alt=\"\" class=\"wp-image-1617 size-full\" srcset=\"https:\/\/chinesethegathering.com\/wp-content\/uploads\/2026\/02\/rtr-1-angel-of-serenity.avif 672w, https:\/\/chinesethegathering.com\/wp-content\/uploads\/2026\/02\/rtr-1-angel-of-serenity-215x300.avif 215w\" sizes=\"auto, (max-width: 672px) 100vw, 672px\" \/><\/figure><div class=\"wp-block-media-text__content is-layout-flow wp-block-media-text-is-layout-flow\">\n<p>Tout a chang\u00e9 avec la sortie de <em>Retour \u00e0 Ravnica<\/em> fin 2012. \u00c0 partir de ce moment, le jeu est devenu incroyablement populaire (ou incroyablement imprim\u00e9 ?). <\/p>\n\n\n\n<p>L'objectif \u00e9tait simple : r\u00e9pondre \u00e0 la demande de millions de nouveaux joueurs. Le jeu est pass\u00e9 d'un march\u00e9 de niche \u00e0 une production industrielle massive. <\/p>\n\n\n\n<p><strong>Plus de cartes pour tous :<\/strong> M\u00eame les \u00e9ditions en chinois traditionnel ont \u00e9t\u00e9 affect\u00e9es par l'augmentation massive des volumes d'impression.<\/p>\n<\/div><\/div>\n\n<p><\/p>\n\n<h3 class=\"wp-block-heading\">Une p\u00e9riode de cr\u00e9ativit\u00e9 incroyable<\/h3>\n\n<p>Malgr\u00e9 l'augmentation de la production, la qualit\u00e9 des histoires et des mondes cr\u00e9\u00e9s est rest\u00e9e tr\u00e8s \u00e9lev\u00e9e. Cette p\u00e9riode \u00ab faste \u00bb (r\u00e9ussie) a vu la naissance de nouveaux univers qui ont marqu\u00e9 l'histoire de Magic : <\/p>\n\n<ul class=\"wp-block-list\">\n<li><strong>Innistrad (2011) :<\/strong> Un monde de vampires et de loups-garous.<\/li>\n\n\n\n<li><strong>Theros (2013) :<\/strong> Inspir\u00e9 de la mythologie grecque.<\/li>\n\n\n\n<li><strong>Les Khans de Tarkir (2014) :<\/strong> Le monde des dragons et des clans guerriers.<\/li>\n\n\n\n<li><strong>Ixalan (2017) :<\/strong> Un univers de pirates et de dinosaures.<\/li>\n<\/ul>\n\n<div class=\"wp-block-wpbb-wbd-progress-bar\"><div class=\"progress-name\" style=\"color:#333333;font-size:16px;font-family:inherit\">Ach\u00e8vement du projet : 28 sets (sur 41)<\/div><div class=\"progress-track\" style=\"background-color:#e5e5e5;height:32px\"><div class=\"progress-fill\" style=\"width:68%;background-color:#c43d3d\"><span class=\"progress-percentage\" style=\"color:#ffffff;font-size:14px;font-family:inherit\">68%<\/span><\/div><\/div><\/div>\n\n<p><em>liste des sets Scryfall couvrant le projet :<\/em><\/p>\n<div class=\"wp-block-image\">\n<figure class=\"aligncenter size-full\"><img loading=\"lazy\" decoding=\"async\" width=\"971\" height=\"460\" src=\"https:\/\/chinesethegathering.com\/wp-content\/uploads\/2026\/02\/Capture-decran-2026-02-12-221927.avif\" alt=\"\" class=\"wp-image-186\" style=\"aspect-ratio:2.1109278708445447;object-fit:cover\" srcset=\"https:\/\/chinesethegathering.com\/wp-content\/uploads\/2026\/02\/Capture-decran-2026-02-12-221927.avif 971w, https:\/\/chinesethegathering.com\/wp-content\/uploads\/2026\/02\/Capture-decran-2026-02-12-221927-300x142.avif 300w, https:\/\/chinesethegathering.com\/wp-content\/uploads\/2026\/02\/Capture-decran-2026-02-12-221927-768x364.avif 768w\" sizes=\"auto, (max-width: 971px) 100vw, 971px\" \/><\/figure>\n<\/div>\n<p><\/p>\n<div class=\"wp-block-image\">\n<figure class=\"aligncenter size-full\"><img loading=\"lazy\" decoding=\"async\" width=\"986\" height=\"891\" src=\"https:\/\/chinesethegathering.com\/wp-content\/uploads\/2026\/02\/Capture-decran-2026-02-12-221723.avif\" alt=\"\" class=\"wp-image-184\" srcset=\"https:\/\/chinesethegathering.com\/wp-content\/uploads\/2026\/02\/Capture-decran-2026-02-12-221723.avif 986w, https:\/\/chinesethegathering.com\/wp-content\/uploads\/2026\/02\/Capture-decran-2026-02-12-221723-300x271.avif 300w, https:\/\/chinesethegathering.com\/wp-content\/uploads\/2026\/02\/Capture-decran-2026-02-12-221723-768x694.avif 768w\" sizes=\"auto, (max-width: 986px) 100vw, 986px\" \/><\/figure>\n<\/div>\n<p><\/p>\n\n<p>En bref, cette d\u00e9cennie a transform\u00e9 Magic. Le jeu est devenu plus facile \u00e0 trouver gr\u00e2ce \u00e0 une impression massive, mais surtout, il a r\u00e9ussi \u00e0 cr\u00e9er des mondes fantastiques que les joueurs adorent encore aujourd'hui. <\/p>\n","protected":false},"excerpt":{"rendered":"<p>Les ann\u00e9es 2010 \u00e0 2019 ont \u00e9t\u00e9 marqu\u00e9es par de grands changements pour Magic: The Gathering. Le jeu est pass\u00e9 d\u2019un passe-temps pour passionn\u00e9s \u00e0 un succ\u00e8s mondial massif. Le d\u00e9but de la d\u00e9cennie (2010-2012) Au d\u00e9but de cette p\u00e9riode, Magic \u00e9tait encore produit en quantit\u00e9s mod\u00e9r\u00e9es. Cette \u00e8re est souvent appel\u00e9e l'\u00ab \u00c2ge d'Argent &#8230; <a title=\"L&#039;\u00e8re de bronze\" class=\"read-more\" href=\"https:\/\/chinesethegathering.com\/fr\/ere-du-bronze-2010-2019\/\" aria-label=\"En savoir plus sur L&#039;\u00e8re de bronze\">test<\/a><\/p>\n","protected":false},"author":1,"featured_media":2096,"parent":0,"menu_order":0,"comment_status":"closed","ping_status":"closed","template":"","meta":{"footnotes":""},"class_list":["post-2095","page","type-page","status-publish","has-post-thumbnail"],"_links":{"self":[{"href":"https:\/\/chinesethegathering.com\/fr\/wp-json\/wp\/v2\/pages\/2095","targetHints":{"allow":["GET"]}}],"collection":[{"href":"https:\/\/chinesethegathering.com\/fr\/wp-json\/wp\/v2\/pages"}],"about":[{"href":"https:\/\/chinesethegathering.com\/fr\/wp-json\/wp\/v2\/types\/page"}],"author":[{"embeddable":true,"href":"https:\/\/chinesethegathering.com\/fr\/wp-json\/wp\/v2\/users\/1"}],"replies":[{"embeddable":true,"href":"https:\/\/chinesethegathering.com\/fr\/wp-json\/wp\/v2\/comments?post=2095"}],"version-history":[{"count":0,"href":"https:\/\/chinesethegathering.com\/fr\/wp-json\/wp\/v2\/pages\/2095\/revisions"}],"wp:featuredmedia":[{"embeddable":true,"href":"https:\/\/chinesethegathering.com\/fr\/wp-json\/wp\/v2\/media\/2096"}],"wp:attachment":[{"href":"https:\/\/chinesethegathering.com\/fr\/wp-json\/wp\/v2\/media?parent=2095"}],"curies":[{"name":"wp","href":"https:\/\/api.w.org\/{rel}","templated":true}]}}