{"id":2018,"date":"2026-02-11T20:18:55","date_gmt":"2026-02-11T20:18:55","guid":{"rendered":"https:\/\/chinesethegathering.com\/pourquoi-le-chinois-traditionnel\/"},"modified":"2026-03-24T20:59:07","modified_gmt":"2026-03-24T20:59:07","slug":"pourquoi-le-chinois-traditionnel","status":"publish","type":"page","link":"https:\/\/chinesethegathering.com\/fr\/pourquoi-le-chinois-traditionnel\/","title":{"rendered":"Pourquoi le chinois traditionnel"},"content":{"rendered":"\n<h3 class=\"wp-block-heading\">Le meilleur choix : pourquoi le chinois traditionnel ?<\/h3>\n\n<div class=\"wp-block-group is-nowrap is-layout-flex wp-container-core-group-is-layout-ad2f72ca wp-block-group-is-layout-flex\">\n<p>Lorsque vous constituez une grande collection, vous devez faire des choix. Bien que nos archives pr\u00e9sentent de nombreuses cartes chinoises, <strong>notre collection se concentre uniquement sur le chinois traditionnel<\/strong>. Pour les novices, la diff\u00e9rence entre le chinois simplifi\u00e9 et le chinois traditionnel peut sembler minime. Pour les experts, c\u2019est la diff\u00e9rence entre une carte commune et une \u0153uvre d\u2019art. Voici pourquoi le chinois traditionnel est le meilleur choix pour les collectionneurs.    <\/p>\n<\/div>\n\n<p><\/p>\n\n<h3 class=\"wp-block-heading\">L\u2019augmentation de la raret\u00e9 des cartes<\/h3>\n\n<p><\/p>\n\n<p>Alors que de nombreuses cartes anglaises et chinoises simplifi\u00e9es ont \u00e9t\u00e9 imprim\u00e9es, les cartes chinoises traditionnelles sont rest\u00e9es tr\u00e8s rares. De 2012 \u00e0 2019, de nombreuses cartes ont \u00e9t\u00e9 imprim\u00e9es dans toutes les langues, y compris le chinois traditionnel.  <\/p>\n\n<p>Mais \u00e0 partir de 2019, le march\u00e9 a chang\u00e9. Au cours des derni\u00e8res ann\u00e9es pr\u00e9c\u00e9dant 2022, les \u00e9ditions en chinois traditionnel sont devenues tr\u00e8s difficiles \u00e0 trouver. Contrairement \u00e0 d\u2019autres langues, le chinois traditionnel n\u2019a jamais eu de bo\u00eetes de boosters sp\u00e9ciales dans le style moderne. Cela leur donne l\u2019impression d\u2019\u00eatre un fant\u00f4me, difficile \u00e0 trouver. Trouver des versions artistiques sp\u00e9ciales en chinois traditionnel est un d\u00e9fi de taille.    <\/p>\n\n<div class=\"wp-block-media-text is-stacked-on-mobile\" style=\"grid-template-columns:15% auto\"><figure class=\"wp-block-media-text__media\"><img loading=\"lazy\" decoding=\"async\" width=\"672\" height=\"936\" src=\"https:\/\/chinesethegathering.com\/wp-content\/uploads\/2026\/02\/snc-452-gala-greeters.avif\" alt=\"\" class=\"wp-image-201 size-full\" srcset=\"https:\/\/chinesethegathering.com\/wp-content\/uploads\/2026\/02\/snc-452-gala-greeters.avif 672w, https:\/\/chinesethegathering.com\/wp-content\/uploads\/2026\/02\/snc-452-gala-greeters-215x300.avif 215w\" sizes=\"auto, (max-width: 672px) 100vw, 672px\" \/><\/figure><div class=\"wp-block-media-text__content is-layout-flow wp-block-media-text-is-layout-flow\">\n<p class=\"has-text-align-left has-base-2-background-color has-background\"><strong>Analyse du march\u00e9 :<\/strong> Il n'est pas surprenant que la version la plus ch\u00e8re du Box Topper Personnel d'accueil du gala des Rues de la Nouvelle-Capenna soit celle en chinois traditionnel. La raret\u00e9 cr\u00e9e la valeur, et le chinois traditionnel est le roi des cartes modernes rares. <\/p>\n\n\n\n<p class=\"has-small-font-size\"><em>Le saviez-vous ? Il n'existe que 2 box toppers russes connus au monde, provenant de bo\u00eetes jamais officiellement commercialis\u00e9es. Leur prix atteint probablement des dizaines, voire des centaines de milliers de dollars  <\/em><\/p>\n<\/div><\/div>\n\n<p><\/p>\n\n<h3 class=\"wp-block-heading\">Un morceau d\u2019histoire<\/h3>\n\n<div class=\"wp-block-media-text has-media-on-the-right is-stacked-on-mobile\" style=\"grid-template-columns:auto 38%\"><div class=\"wp-block-media-text__content is-layout-flow wp-block-media-text-is-layout-flow\">\n<p>Le chinois traditionnel poss\u00e8de une profonde sensibilit\u00e9 artistique. C\u2019est une \u00e9criture complexe et magnifique qui demande de l\u2019habilet\u00e9 \u00e0 lire. Alors que le chinois simplifi\u00e9 a \u00e9t\u00e9 cr\u00e9\u00e9 pour la rapidit\u00e9 et la facilit\u00e9, le chinois traditionnel conserve le c\u0153ur des caract\u00e8res.   <\/p>\n\n\n\n<p>Pour un collectionneur, <strong>il repr\u00e9sente un art sup\u00e9rieur<\/strong>. Il honore des milliers d\u2019ann\u00e9es de culture chinoise d\u2019une mani\u00e8re que l\u2019\u00e9criture simplifi\u00e9e ne peut pas. C\u2019est l\u2019\u00ab \u00e9criture des \u00e9rudits \u00bb \u2014 plus difficile \u00e0 apprendre, plus difficile \u00e0 imprimer et beaucoup plus prestigieuse \u00e0 exposer.  <\/p>\n<\/div><figure class=\"wp-block-media-text__media\"><img loading=\"lazy\" decoding=\"async\" width=\"1024\" height=\"683\" src=\"https:\/\/chinesethegathering.com\/wp-content\/uploads\/2026\/02\/ad28dcbf-d7cd-43b1-9eb1-31afaca9a8da-1-1024x683.avif\" alt=\"\" class=\"wp-image-172 size-full\" srcset=\"https:\/\/chinesethegathering.com\/wp-content\/uploads\/2026\/02\/ad28dcbf-d7cd-43b1-9eb1-31afaca9a8da-1-1024x683.avif 1024w, https:\/\/chinesethegathering.com\/wp-content\/uploads\/2026\/02\/ad28dcbf-d7cd-43b1-9eb1-31afaca9a8da-1-300x200.avif 300w, https:\/\/chinesethegathering.com\/wp-content\/uploads\/2026\/02\/ad28dcbf-d7cd-43b1-9eb1-31afaca9a8da-1-768x512.avif 768w, https:\/\/chinesethegathering.com\/wp-content\/uploads\/2026\/02\/ad28dcbf-d7cd-43b1-9eb1-31afaca9a8da-1.avif 1536w\" sizes=\"auto, (max-width: 1024px) 100vw, 1024px\" \/><\/figure><\/div>\n\n<p><\/p>\n\n<h3 class=\"wp-block-heading\">Le facteur \u00ab Shakespeare \u00bb<\/h3>\n\n<p>Pour les anglophones, la diff\u00e9rence peut \u00eatre difficile \u00e0 saisir. Imaginez si Magic \u00e9tait imprim\u00e9 en deux versions d'anglais : <\/p>\n\n<ul class=\"wp-block-list\">\n<li><strong>Simplifi\u00e9 :<\/strong> \u00ab I'm Richard. \u00bb<\/li>\n\n\n\n<li><strong>Traditionnel :<\/strong> \u00ab My name is Richard. \u00bb<\/li>\n<\/ul>\n\n<p>La plupart des collectionneurs seraient instinctivement attir\u00e9s par la version \u00ab traditionnelle \u00bb. Elle semble plus proche de la langue de Shakespeare ; elle porte un sentiment d'histoire et de gravit\u00e9. Le chinois traditionnel procure exactement ce m\u00eame sentiment \u00ab d'originalit\u00e9 \u00bb et de \u00ab puret\u00e9 \u00bb pour la langue chinoise.  <\/p>\n\n<h3 class=\"wp-block-heading\">Le chinois traditionnel est-il plus rare que le cor\u00e9en, le russe ou le portugais ?<\/h3>\n\n<div class=\"wp-block-media-text is-stacked-on-mobile\" style=\"grid-template-columns:20% auto\"><figure class=\"wp-block-media-text__media\"><img loading=\"lazy\" decoding=\"async\" width=\"1024\" height=\"1024\" src=\"https:\/\/chinesethegathering.com\/wp-content\/uploads\/2026\/02\/f317200e-46d1-4e3b-8705-561666e8b963.avif\" alt=\"\" class=\"wp-image-1333 size-full\" srcset=\"https:\/\/chinesethegathering.com\/wp-content\/uploads\/2026\/02\/f317200e-46d1-4e3b-8705-561666e8b963.avif 1024w, https:\/\/chinesethegathering.com\/wp-content\/uploads\/2026\/02\/f317200e-46d1-4e3b-8705-561666e8b963-300x300.avif 300w, https:\/\/chinesethegathering.com\/wp-content\/uploads\/2026\/02\/f317200e-46d1-4e3b-8705-561666e8b963-150x150.avif 150w, https:\/\/chinesethegathering.com\/wp-content\/uploads\/2026\/02\/f317200e-46d1-4e3b-8705-561666e8b963-768x768.avif 768w\" sizes=\"auto, (max-width: 1024px) 100vw, 1024px\" \/><\/figure><div class=\"wp-block-media-text__content is-layout-flow wp-block-media-text-is-layout-flow\">\n<p>Dans le monde de la collection haut de gamme, nous parlons souvent des \u00ab grandes langues \u00bb. Mais pour ceux qui chassent le v\u00e9ritablement obscur, un quatuor sp\u00e9cifique s'est impos\u00e9 comme le d\u00e9fi ultime : le cor\u00e9en, le russe, le portugais et le chinois traditionnel. <\/p>\n\n\n\n<p>Entre 2019 et 2022, les volumes d'impression de ces quatre langues ont atteint un niveau historiquement bas. Bien que les chiffres officiels restent \u00e9troitement gard\u00e9s, les estimations de l'industrie sugg\u00e8rent qu'ils \u00e9taient au coude \u00e0 coude en termes de raret\u00e9. <\/p>\n<\/div><\/div>\n\n<p><\/p>\n\n<p>Ce faible volume n'\u00e9tait pas un accident. Il r\u00e9sultait de : <\/p>\n\n<ul class=\"wp-block-list\">\n<li>D\u00e9mographie : territoires de distribution limit\u00e9s.<\/li>\n\n\n\n<li>Facteurs \u00e9conomiques : niveaux variables de pouvoir d'achat dans ces r\u00e9gions sp\u00e9cifiques.<\/li>\n\n\n\n<li>Changements culturels : une transition vers le num\u00e9rique ou vers d'autres loisirs pendant les confinements mondiaux.<\/li>\n<\/ul>\n\n<p>Ces facteurs ont transform\u00e9 ces quatre langues en \u00ab Saint Graal \u00bb pour les collectionneurs modernes.<br\/>C'est l\u00e0 que le march\u00e9 se divise. Si vous regardez les \u00e9ditions cor\u00e9ennes et russes, elles sont rares, mais elles sont connues et appr\u00e9ci\u00e9es. Elles ont \u00e9t\u00e9 agressivement recherch\u00e9es par des collectionneurs \u00ab hardcore \u00bb d\u00e9vou\u00e9s. Aujourd'hui, la plupart de ces exemplaires sont enferm\u00e9s dans des coffres priv\u00e9s ; ils sont chers, mais vous pouvez les trouver si vous avez les moyens.   <\/p>\n\n<h3 class=\"wp-block-heading\">Le chinois traditionnel et le portugais, cependant, racontent une histoire diff\u00e9rente<\/h3>\n\n<p>Ce qui est vraiment frappant, c'est que lorsque vous recherchez des cartes de l'\u00e8re moderne en portugais ou en chinois traditionnel, vous n'avez souvent d'autre choix que de prospecter physiquement les boutiques locales. La raret\u00e9 est r\u00e9elle : les bo\u00eetes de boosters scell\u00e9es sont devenues incroyablement difficiles \u00e0 trouver, et quant aux decks Commander, ils sont d\u00e9sormais pratiquement impossibles \u00e0 se procurer sur le march\u00e9 ouvert. <\/p>\n\n<blockquote class=\"wp-block-quote is-layout-flow wp-block-quote-is-layout-flow\">\n<p class=\"has-base-2-background-color has-background\">\u00ab Le chinois traditionnel et le portugais ne sont pas seulement rares ; ils ont \u00e9t\u00e9 oubli\u00e9s. Et c'est pr\u00e9cis\u00e9ment l\u00e0 que r\u00e9side leur valeur organique. \u00bb<\/p>\n<\/blockquote>\n\n<h3 class=\"wp-block-heading\">Le chinois traditionnel : un h\u00e9ritage fini<\/h3>\n\n<p>L'histoire nous enseigne que bien que Wizards of the Coast ait ramen\u00e9 le chinois traditionnel une fois (2010\u20132022), il est hautement improbable qu'il revienne une troisi\u00e8me fois. Nous sommes face \u00e0 un <strong>chapitre clos de l'histoire.<\/strong> <\/p>\n\n<p>Le chinois traditionnel demeure la norme \u00e9crite pour des millions de personnes \u00e0 Hong Kong, \u00e0 Ta\u00efwan et au-del\u00e0, et il repr\u00e9sente la racine ancestrale de plus de 1,4 milliard de personnes dans le monde. Avec une base culturelle aussi riche et une offre physique aussi limit\u00e9e, le chinois traditionnel est destin\u00e9 \u00e0 devenir la variante linguistique la plus recherch\u00e9e dans le monde des TCG. <\/p>\n\n<p><strong>Ce n\u2019est pas seulement une collection. C\u2019est la sauvegarde de l\u2019\u00e8re la plus \u00e9l\u00e9gante et la plus difficile \u00e0 trouver du jeu. <\/strong><\/p>\n\n<p><\/p>\n","protected":false},"excerpt":{"rendered":"<p>Le meilleur choix : pourquoi le chinois traditionnel ? Lorsque vous constituez une grande collection, vous devez faire des choix. Bien que nos archives pr\u00e9sentent de nombreuses cartes chinoises, notre collection se concentre uniquement sur le chinois traditionnel. Pour les novices, la diff\u00e9rence entre le chinois simplifi\u00e9 et le chinois traditionnel peut sembler minime. Pour &#8230; <a title=\"Pourquoi le chinois traditionnel\" class=\"read-more\" href=\"https:\/\/chinesethegathering.com\/fr\/pourquoi-le-chinois-traditionnel\/\" aria-label=\"En savoir plus sur Pourquoi le chinois traditionnel\">test<\/a><\/p>\n","protected":false},"author":1,"featured_media":2019,"parent":0,"menu_order":0,"comment_status":"closed","ping_status":"closed","template":"","meta":{"footnotes":""},"class_list":["post-2018","page","type-page","status-publish","has-post-thumbnail"],"_links":{"self":[{"href":"https:\/\/chinesethegathering.com\/fr\/wp-json\/wp\/v2\/pages\/2018","targetHints":{"allow":["GET"]}}],"collection":[{"href":"https:\/\/chinesethegathering.com\/fr\/wp-json\/wp\/v2\/pages"}],"about":[{"href":"https:\/\/chinesethegathering.com\/fr\/wp-json\/wp\/v2\/types\/page"}],"author":[{"embeddable":true,"href":"https:\/\/chinesethegathering.com\/fr\/wp-json\/wp\/v2\/users\/1"}],"replies":[{"embeddable":true,"href":"https:\/\/chinesethegathering.com\/fr\/wp-json\/wp\/v2\/comments?post=2018"}],"version-history":[{"count":0,"href":"https:\/\/chinesethegathering.com\/fr\/wp-json\/wp\/v2\/pages\/2018\/revisions"}],"wp:featuredmedia":[{"embeddable":true,"href":"https:\/\/chinesethegathering.com\/fr\/wp-json\/wp\/v2\/media\/2019"}],"wp:attachment":[{"href":"https:\/\/chinesethegathering.com\/fr\/wp-json\/wp\/v2\/media?parent=2018"}],"curies":[{"name":"wp","href":"https:\/\/api.w.org\/{rel}","templated":true}]}}