{"id":1892,"date":"2026-02-22T10:59:55","date_gmt":"2026-02-22T10:59:55","guid":{"rendered":"https:\/\/chinesethegathering.com\/comment-constituer-une-extension-de-magic-the-gathering\/"},"modified":"2026-02-27T21:41:53","modified_gmt":"2026-02-27T21:41:53","slug":"comment-constituer-une-extension-de-magic-the-gathering","status":"publish","type":"page","link":"https:\/\/chinesethegathering.com\/fr\/comment-constituer-une-extension-de-magic-the-gathering\/","title":{"rendered":"Comment constituer une collection"},"content":{"rendered":"\n<h2 class=\"wp-block-heading\">Pourquoi collectionner des extensions compl\u00e8tes a du sens<\/h2>\n\n<div class=\"wp-block-media-text is-stacked-on-mobile\" style=\"grid-template-columns:40% auto\"><figure class=\"wp-block-media-text__media\"><img loading=\"lazy\" decoding=\"async\" width=\"477\" height=\"258\" src=\"https:\/\/chinesethegathering.com\/wp-content\/uploads\/2026\/02\/Capture-decran-2026-02-22-115349.avif\" alt=\"\" class=\"wp-image-1513 size-full\" srcset=\"https:\/\/chinesethegathering.com\/wp-content\/uploads\/2026\/02\/Capture-decran-2026-02-22-115349.avif 477w, https:\/\/chinesethegathering.com\/wp-content\/uploads\/2026\/02\/Capture-decran-2026-02-22-115349-300x162.avif 300w\" sizes=\"auto, (max-width: 477px) 100vw, 477px\" \/><\/figure><div class=\"wp-block-media-text__content is-layout-flow wp-block-media-text-is-layout-flow\">\n<p>Aujourd\u2019hui, collectionner des extensions compl\u00e8tes n\u2019est plus tr\u00e8s populaire. La plupart des collectionneurs se concentrent sur des cartes individuelles co\u00fbteuses. Toutefois, cette tendance devrait \u00e9voluer dans les ann\u00e9es \u00e0 venir pour des <strong>raisons d\u00e9mographiques, sociales et \u00e9conomiques<\/strong>.  <\/p>\n\n\n\n<p>\u00c0 mesure que les joueurs vieillissent, beaucoup pr\u00e9f\u00e8rent collectionner plut\u00f4t que jouer activement. De plus, les cartes Magic deviennent progressivement des <strong>objets de collection historiques<\/strong>, \u00e0 l\u2019instar des bandes dessin\u00e9es classiques, des jouets vintage, voire des \u0153uvres d\u2019art dans le monde moderne. <\/p>\n<\/div><\/div>\n\n<p><\/p>\n\n<p>\u00c0 l\u2019avenir, <strong>les premi\u00e8res cartes Magic The Gathering pourraient \u00eatre consid\u00e9r\u00e9es comme les \u00ab tableaux ma\u00eetres \u00bb des jeux de cartes \u00e0 collectionner.<\/strong><\/p>\n\n<h2 class=\"wp-block-heading\">Les extensions en anglais ont perdu une partie de leur attrait apr\u00e8s 2000<\/h2>\n\n<p>La collection d\u2019extensions en anglais a fortement chang\u00e9 en 2000 avec l\u2019arriv\u00e9e du <strong>Magic Online Redemption Program<\/strong>. \u00c0 partir de l\u2019extension <em>Invasion<\/em>, les joueurs pouvaient \u00e9changer des extensions num\u00e9riques compl\u00e8tes et recevoir des extensions physiques compl\u00e8tes (versions normales et premium). <\/p>\n\n<p>Cela signifie :<\/p>\n\n<ul class=\"wp-block-list\">\n<li>De nombreuses extensions en anglais apr\u00e8s 2000 ont \u00e9t\u00e9 produites en grandes quantit\u00e9s<\/li>\n\n\n\n<li>Il n\u2019\u00e9tait plus n\u00e9cessaire d\u2019ouvrir des bo\u00eetes de boosters pour les compl\u00e9ter<\/li>\n<\/ul>\n\n<p>Par cons\u00e9quent, seules les <strong>extensions en anglais d\u2019avant 2000<\/strong> n\u00e9cessitaient r\u00e9ellement une collection \u00ab organique \u00bb \u00e0 partir de boosters. Cela dit, collectionner des extensions en anglais reste amusant et exigeant, surtout les anciennes, et les modernes d\u00e9sormais que le programme d\u2019\u00e9change a pris fin et que les illustrations alternatives sont devenues plus courantes. <\/p>\n\n<h2 class=\"wp-block-heading\">La valeur particuli\u00e8re des extensions en langues \u00e9trang\u00e8res<\/h2>\n\n<p>La plupart des cr\u00e9ateurs de contenu Magic se concentrent presque exclusivement sur les cartes en anglais.<\/p>\n\n<p>Mais les anglophones <strong>ne repr\u00e9sentent pas la majorit\u00e9 de la population mondiale<\/strong> \u2014 et le nombre de collectionneurs qui lisent d\u2019autres langues ne cesse d\u2019augmenter.<\/p>\n\n<p>Dans de nombreuses r\u00e9gions (Asie, Europe, Am\u00e9rique du Sud) :<\/p>\n\n<ul class=\"wp-block-list\">\n<li>Les joueurs parlent souvent deux langues (leur langue maternelle + l\u2019anglais)<\/li>\n\n\n\n<li>Ils jouaient \u00e0 Magic avec des cartes en anglais et des cartes dans leur propre langue<\/li>\n<\/ul>\n\n<p>Pour cette raison, de nombreux collectionneurs ressentent un fort attachement \u00e9motionnel aux cartes dans leur langue maternelle.<\/p>\n\n<div class=\"wp-block-media-text is-stacked-on-mobile\" style=\"grid-template-columns:40% auto\"><figure class=\"wp-block-media-text__media\"><img loading=\"lazy\" decoding=\"async\" width=\"488\" height=\"240\" src=\"https:\/\/chinesethegathering.com\/wp-content\/uploads\/2026\/02\/Capture-decran-2026-02-22-115128.avif\" alt=\"\" class=\"wp-image-1508 size-full\" srcset=\"https:\/\/chinesethegathering.com\/wp-content\/uploads\/2026\/02\/Capture-decran-2026-02-22-115128.avif 488w, https:\/\/chinesethegathering.com\/wp-content\/uploads\/2026\/02\/Capture-decran-2026-02-22-115128-300x148.avif 300w\" sizes=\"auto, (max-width: 488px) 100vw, 488px\" \/><\/figure><div class=\"wp-block-media-text__content is-layout-flow wp-block-media-text-is-layout-flow\">\n<p><\/p>\n\n\n\n<p>Les cartes en langues \u00e9trang\u00e8res sont g\u00e9n\u00e9ralement <strong>beaucoup plus rares que les cartes en anglais<\/strong> parce que :<\/p>\n\n\n\n<ul class=\"wp-block-list\">\n<li>Tirages plus faibles<\/li>\n\n\n\n<li>Absence de grands programmes d\u2019\u00e9change comme ceux des extensions en anglais<\/li>\n<\/ul>\n\n\n\n<p>Cela rend les extensions compl\u00e8tes en langues \u00e9trang\u00e8res particuli\u00e8rement attrayantes pour les collectionneurs de long terme.<\/p>\n<\/div><\/div>\n\n<h2 class=\"wp-block-heading\">Trois fa\u00e7ons de constituer une extension (de facile \u00e0 hardcore)<\/h2>\n\n<h3 class=\"wp-block-heading\">1. La m\u00e9thode directe (rapide mais moins amusante)<\/h3>\n\n<p>Vous achetez une extension compl\u00e8te en ligne ou dans une boutique locale.<\/p>\n\n<p>Certains sites web vous permettent d\u2019ajouter automatiquement au panier toutes les cartes d\u2019une extension. D\u2019autres vendent des extensions compl\u00e8tes pr\u00eates \u00e0 l\u2019emploi. <\/p>\n\n<ul class=\"wp-block-list\">\n<li>avantages : rapide et efficace<\/li>\n\n\n\n<li>inconv\u00e9nients : peu excitant ou gratifiant<\/li>\n<\/ul>\n\n<h3 class=\"wp-block-heading\">2. La m\u00e9thode amusante (notre m\u00e9thode recommand\u00e9e)<\/h3>\n\n<p>C\u2019est notre approche pr\u00e9f\u00e9r\u00e9e. Achetez une ou plusieurs <strong>bo\u00eetes de boosters<\/strong> de votre extension favorite et commencez \u00e0 partir de l\u00e0. En moyenne, une bo\u00eete de boosters vous donne environ :  <\/p>\n\n<ul class=\"wp-block-list\">\n<li>~400 communes<\/li>\n\n\n\n<li>~100 inhabituelles<\/li>\n\n\n\n<li>~36 rares ou mythiques<\/li>\n<\/ul>\n\n<p>Cela couvre g\u00e9n\u00e9ralement <strong>plus de la moiti\u00e9 de l\u2019extension<\/strong>, y compris de nombreux terrains de base. Fait int\u00e9ressant, les terrains de base et les jetons peuvent \u00eatre parmi les \u00e9l\u00e9ments les plus difficiles \u00e0 trouver \u00e0 l\u2019unit\u00e9 \u2014 car les gens les vendent rarement. Les bo\u00eetes de boosters en contiennent souvent beaucoup, ce qui constitue un grand avantage.  <\/p>\n\n<p>Nous sommes fermement convaincus que les bo\u00eetes de boosters Magic sont faites pour \u00eatre <strong>ouvertes et appr\u00e9ci\u00e9es<\/strong>, et non stock\u00e9es ind\u00e9finiment sur des \u00e9tag\u00e8res.<\/p>\n\n<p>Apr\u00e8s ouverture :<\/p>\n\n<ul class=\"wp-block-list\">\n<li>Dressez une liste des cartes manquantes,<\/li>\n\n\n\n<li>Achetez le reste \u00e0 l\u2019unit\u00e9 en ligne ou dans des boutiques locales<\/li>\n<\/ul>\n\n<p>Cette m\u00e9thode combine <strong>plaisir, nostalgie et co\u00fbt raisonnable<\/strong>, et vous conservez \u00e9galement la bo\u00eete de boosters vide comme objet de collection.<\/p>\n\n<h3 class=\"wp-block-heading\">3. La m\u00e9thode du collectionneur hardcore<\/h3>\n\n<p>Vous pouvez aussi constituer une extension enti\u00e8rement en :<\/p>\n\n<ul class=\"wp-block-list\">\n<li>Achetant chaque carte individuellement,<\/li>\n\n\n\n<li>Chassant des lots et des collections en ligne.<\/li>\n<\/ul>\n\n<p>Cela demande plus de temps et d\u2019efforts, mais c\u2019est extr\u00eamement satisfaisant pour les vrais collectionneurs.<\/p>\n\n<hr class=\"wp-block-separator has-alpha-channel-opacity\"\/>\n\n<h2 class=\"wp-block-heading\">R\u00e9flexions finales<\/h2>\n\n<div class=\"wp-block-media-text is-stacked-on-mobile\" style=\"grid-template-columns:25% auto\"><figure class=\"wp-block-media-text__media\"><img loading=\"lazy\" decoding=\"async\" width=\"1024\" height=\"683\" src=\"https:\/\/chinesethegathering.com\/wp-content\/uploads\/2026\/02\/d9102a9a-0d8f-4eb5-a4cd-4cc185e75406-1-1024x683.avif\" alt=\"\" class=\"wp-image-1498 size-full\" srcset=\"https:\/\/chinesethegathering.com\/wp-content\/uploads\/2026\/02\/d9102a9a-0d8f-4eb5-a4cd-4cc185e75406-1-1024x683.avif 1024w, https:\/\/chinesethegathering.com\/wp-content\/uploads\/2026\/02\/d9102a9a-0d8f-4eb5-a4cd-4cc185e75406-1-300x200.avif 300w, https:\/\/chinesethegathering.com\/wp-content\/uploads\/2026\/02\/d9102a9a-0d8f-4eb5-a4cd-4cc185e75406-1-768x512.avif 768w, https:\/\/chinesethegathering.com\/wp-content\/uploads\/2026\/02\/d9102a9a-0d8f-4eb5-a4cd-4cc185e75406-1.avif 1536w\" sizes=\"auto, (max-width: 1024px) 100vw, 1024px\" \/><\/figure><div class=\"wp-block-media-text__content is-layout-flow wp-block-media-text-is-layout-flow\">\n<p class=\"has-text-align-left\">Nous esp\u00e9rons que cet article vous encouragera \u00e0 commencer \u00e0 constituer des extensions compl\u00e8tes. Essayez de collectionner vos \u00e9poques Magic pr\u00e9f\u00e9r\u00e9es dans votre langue maternelle chaque fois que possible. Vous red\u00e9couvrirez le plaisir d\u2019ouvrir des boosters, de compl\u00e9ter des collections et de poss\u00e9der de v\u00e9ritables objets de collection historiques, et pas seulement des cartes individuelles co\u00fbteuses.  <\/p>\n\n\n\n<p>Avec le temps, les extensions compl\u00e8tes (en particulier dans des langues rares) pourraient devenir certaines des collections Magic les plus pr\u00e9cieuses et les plus significatives au monde.<\/p>\n<\/div><\/div>\n","protected":false},"excerpt":{"rendered":"<p>Pourquoi collectionner des extensions compl\u00e8tes a du sens Aujourd\u2019hui, collectionner des extensions compl\u00e8tes n\u2019est plus tr\u00e8s populaire. La plupart des collectionneurs se concentrent sur des cartes individuelles co\u00fbteuses. Toutefois, cette tendance devrait \u00e9voluer dans les ann\u00e9es \u00e0 venir pour des raisons d\u00e9mographiques, sociales et \u00e9conomiques. \u00c0 mesure que les joueurs vieillissent, beaucoup pr\u00e9f\u00e8rent collectionner plut\u00f4t &#8230; <a title=\"Comment constituer une collection\" class=\"read-more\" href=\"https:\/\/chinesethegathering.com\/fr\/comment-constituer-une-extension-de-magic-the-gathering\/\" aria-label=\"En savoir plus sur Comment constituer une collection\">test<\/a><\/p>\n","protected":false},"author":1,"featured_media":1894,"parent":0,"menu_order":0,"comment_status":"closed","ping_status":"closed","template":"","meta":{"footnotes":""},"class_list":["post-1892","page","type-page","status-publish","has-post-thumbnail"],"_links":{"self":[{"href":"https:\/\/chinesethegathering.com\/fr\/wp-json\/wp\/v2\/pages\/1892","targetHints":{"allow":["GET"]}}],"collection":[{"href":"https:\/\/chinesethegathering.com\/fr\/wp-json\/wp\/v2\/pages"}],"about":[{"href":"https:\/\/chinesethegathering.com\/fr\/wp-json\/wp\/v2\/types\/page"}],"author":[{"embeddable":true,"href":"https:\/\/chinesethegathering.com\/fr\/wp-json\/wp\/v2\/users\/1"}],"replies":[{"embeddable":true,"href":"https:\/\/chinesethegathering.com\/fr\/wp-json\/wp\/v2\/comments?post=1892"}],"version-history":[{"count":0,"href":"https:\/\/chinesethegathering.com\/fr\/wp-json\/wp\/v2\/pages\/1892\/revisions"}],"wp:featuredmedia":[{"embeddable":true,"href":"https:\/\/chinesethegathering.com\/fr\/wp-json\/wp\/v2\/media\/1894"}],"wp:attachment":[{"href":"https:\/\/chinesethegathering.com\/fr\/wp-json\/wp\/v2\/media?parent=1892"}],"curies":[{"name":"wp","href":"https:\/\/api.w.org\/{rel}","templated":true}]}}