{"id":1779,"date":"2026-02-14T17:54:16","date_gmt":"2026-02-14T17:54:16","guid":{"rendered":"https:\/\/chinesethegathering.com\/pokemon-contre-magic-the-gathering\/"},"modified":"2026-02-28T05:54:27","modified_gmt":"2026-02-28T05:54:27","slug":"pokemon-contre-magic-the-gathering","status":"publish","type":"page","link":"https:\/\/chinesethegathering.com\/fr\/pokemon-contre-magic-the-gathering\/","title":{"rendered":"Pok\u00e9mon VS MTG"},"content":{"rendered":"\n<h2 class=\"wp-block-heading\">Magic: The Gathering vs Pok\u00e9mon en Chine : le point de vue d\u2019un collectionneur<\/h2>\n\n<p>En ce qui concerne les jeux de cartes \u00e0 collectionner en Chine, deux noms dominent les conversations parmi les joueurs et les collectionneurs : <strong>Magic: The Gathering<\/strong> et <strong>Pok\u00e9mon<\/strong>.<\/p>\n\n<p>Si Pok\u00e9mon attire souvent l\u2019attention du grand public, Magic occupe une position unique et sans doute plus solide pour les collectionneurs s\u00e9rieux, particuli\u00e8rement sur le march\u00e9 chinois. Voici pourquoi. <\/p>\n\n<h3 class=\"wp-block-heading\">1. Magic est arriv\u00e9 en premier et a \u00e9t\u00e9 le pionnier de l\u2019impression de JCC en chinois<\/h3>\n\n<p><\/p>\n\n<div class=\"wp-block-media-text is-stacked-on-mobile\" style=\"grid-template-columns:15% auto\"><figure class=\"wp-block-media-text__media\"><img loading=\"lazy\" decoding=\"async\" width=\"683\" height=\"1024\" src=\"https:\/\/chinesethegathering.com\/wp-content\/uploads\/2026\/02\/a9268709-9b6a-4fa9-83b1-40b1eef2f1b9-683x1024.avif\" alt=\"\" class=\"wp-image-1351 size-full\" srcset=\"https:\/\/chinesethegathering.com\/wp-content\/uploads\/2026\/02\/a9268709-9b6a-4fa9-83b1-40b1eef2f1b9-683x1024.avif 683w, https:\/\/chinesethegathering.com\/wp-content\/uploads\/2026\/02\/a9268709-9b6a-4fa9-83b1-40b1eef2f1b9-200x300.avif 200w, https:\/\/chinesethegathering.com\/wp-content\/uploads\/2026\/02\/a9268709-9b6a-4fa9-83b1-40b1eef2f1b9-768x1152.avif 768w, https:\/\/chinesethegathering.com\/wp-content\/uploads\/2026\/02\/a9268709-9b6a-4fa9-83b1-40b1eef2f1b9.avif 1024w\" sizes=\"auto, (max-width: 683px) 100vw, 683px\" \/><\/figure><div class=\"wp-block-media-text__content is-layout-flow wp-block-media-text-is-layout-flow\">\n<p>Magic: The Gathering est sorti en <strong>1993<\/strong>, ce qui en fait le <strong>premier jeu de cartes \u00e0 collectionner jamais cr\u00e9\u00e9<\/strong>. Pok\u00e9mon est arriv\u00e9 plus tard, en <strong>1996<\/strong>. <\/p>\n\n\n\n<p>Plus important encore pour les collectionneurs :<br\/>Magic a \u00e9t\u00e9 le <strong>premier JCC \u00e0 \u00eatre officiellement imprim\u00e9 en chinois<\/strong>, ouvrant la voie \u00e0 une histoire r\u00e9gionale des cartes qui pr\u00e9c\u00e8de la plupart des sorties de Pok\u00e9mon en Asie. D\u2019un point de vue historique et de collection, Magic joue un r\u00f4le fondateur que Pok\u00e9mon n\u2019a tout simplement pas. <\/p>\n<\/div><\/div>\n\n<p><\/p>\n\n<h3 class=\"wp-block-heading\">2. Beaucoup plus d\u2019extensions et de cartes uniques \u00e0 ses d\u00e9buts<\/h3>\n\n<div class=\"wp-block-media-text has-media-on-the-right is-stacked-on-mobile\" style=\"grid-template-columns:auto 20%\"><div class=\"wp-block-media-text__content is-layout-flow wp-block-media-text-is-layout-flow\">\n<p>Entre la <strong>fin des ann\u00e9es 1990 et le d\u00e9but des ann\u00e9es 2000<\/strong>, Magic a explos\u00e9 en termes d\u2019extensions, de conceptions de cartes uniques, de m\u00e9caniques et d\u2019intrigues.<\/p>\n\n\n\n<p>Des milliers de cartes diff\u00e9rentes ont \u00e9t\u00e9 imprim\u00e9es \u00e0 travers de nombreux sets structur\u00e9s, d\u00e9passant de loin la production de Pok\u00e9mon au cours de la m\u00eame p\u00e9riode. Les seules premi\u00e8res ann\u00e9es de production de Magic forment un univers de collection colossal. <\/p>\n<\/div><figure class=\"wp-block-media-text__media\"><img loading=\"lazy\" decoding=\"async\" width=\"1024\" height=\"1024\" src=\"https:\/\/chinesethegathering.com\/wp-content\/uploads\/2026\/02\/BCO.815f4519-84cf-4360-8b97-c655eb221cfc.avif\" alt=\"\" class=\"wp-image-1354 size-full\" srcset=\"https:\/\/chinesethegathering.com\/wp-content\/uploads\/2026\/02\/BCO.815f4519-84cf-4360-8b97-c655eb221cfc.avif 1024w, https:\/\/chinesethegathering.com\/wp-content\/uploads\/2026\/02\/BCO.815f4519-84cf-4360-8b97-c655eb221cfc-300x300.avif 300w, https:\/\/chinesethegathering.com\/wp-content\/uploads\/2026\/02\/BCO.815f4519-84cf-4360-8b97-c655eb221cfc-150x150.avif 150w, https:\/\/chinesethegathering.com\/wp-content\/uploads\/2026\/02\/BCO.815f4519-84cf-4360-8b97-c655eb221cfc-768x768.avif 768w\" sizes=\"auto, (max-width: 1024px) 100vw, 1024px\" \/><\/figure><\/div>\n\n<p><\/p>\n\n<h3 class=\"wp-block-heading\">3. Magic est un multivers, pas une simple franchise<\/h3>\n\n<div class=\"wp-block-media-text is-stacked-on-mobile\" style=\"grid-template-columns:35% auto\"><figure class=\"wp-block-media-text__media\"><img loading=\"lazy\" decoding=\"async\" width=\"1024\" height=\"683\" src=\"https:\/\/chinesethegathering.com\/wp-content\/uploads\/2026\/02\/e9998470-c489-4add-bc47-69961a01c0eb-1024x683.avif\" alt=\"\" class=\"wp-image-1356 size-full\" srcset=\"https:\/\/chinesethegathering.com\/wp-content\/uploads\/2026\/02\/e9998470-c489-4add-bc47-69961a01c0eb-1024x683.avif 1024w, https:\/\/chinesethegathering.com\/wp-content\/uploads\/2026\/02\/e9998470-c489-4add-bc47-69961a01c0eb-300x200.avif 300w, https:\/\/chinesethegathering.com\/wp-content\/uploads\/2026\/02\/e9998470-c489-4add-bc47-69961a01c0eb-768x512.avif 768w, https:\/\/chinesethegathering.com\/wp-content\/uploads\/2026\/02\/e9998470-c489-4add-bc47-69961a01c0eb.avif 1536w\" sizes=\"auto, (max-width: 1024px) 100vw, 1024px\" \/><\/figure><div class=\"wp-block-media-text__content is-layout-flow wp-block-media-text-is-layout-flow\">\n<p>Pok\u00e9mon s\u2019articule autour d\u2019une marque centrale et d\u2019un \u00e9cosyst\u00e8me de cr\u00e9atures unique.<\/p>\n\n\n\n<p>Magic, en revanche, est un <strong>multivers de mondes<\/strong> :<\/p>\n\n\n\n<ul class=\"wp-block-list\">\n<li>Une histoire en constante \u00e9volution<\/li>\n\n\n\n<li>Diff\u00e9rents plans<\/li>\n\n\n\n<li>De nouveaux personnages \u00e0 chaque bloc<\/li>\n<\/ul>\n\n\n\n<p>Et aujourd\u2019hui, cela va encore plus loin avec <strong>Univers Infinis<\/strong>, qui s\u2019\u00e9tend vers une narration crois\u00e9e bien au-del\u00e0 de la fantasy traditionnelle. Magic n\u2019est pas une simple franchise. C\u2019est un univers narratif en expansion constante. Cela conf\u00e8re \u00e0 Magic une long\u00e9vit\u00e9 cr\u00e9ative et une diversit\u00e9 de collection bien plus grandes.   <\/p>\n<\/div><\/div>\n\n<p><\/p>\n\n<p><\/p>\n\n<h3 class=\"wp-block-heading\">4. Des sets structur\u00e9s avec une identit\u00e9 d\u2019extension claire<\/h3>\n\n<figure class=\"wp-block-table\"><table class=\"has-fixed-layout\"><tbody><tr><td>Les sets de Magic sont extr\u00eamement organis\u00e9s :<\/td><td>Pour les collectionneurs, cela compte \u00e9norm\u00e9ment. Vous pouvez identifier instantan\u00e9ment : <\/td><\/tr><tr><td>&#8211; Chaque extension poss\u00e8de un <strong>symbole unique<\/strong><br\/>&#8211; Des structures de blocs claires<br\/>&#8211; Des m\u00e9caniques th\u00e9matiques li\u00e9es \u00e0 chaque monde<\/td><td>&#8211; L\u2019\u00e9poque<br\/>&#8211; Le set<br\/>&#8211; Le contexte de raret\u00e9<\/td><\/tr><\/tbody><\/table><\/figure>\n\n<p>Les sets Pok\u00e9mon sont beaucoup moins d\u00e9finis structurellement, s\u2019appuyant souvent lourdement sur l\u2019image de marque plut\u00f4t que sur une identit\u00e9 d\u2019extension syst\u00e9matique. Le syst\u00e8me de Magic rend la construction de collections historiques plus propre, plus riche et plus significative. <\/p>\n\n<h3 class=\"wp-block-heading\">5. Profondeur de jeu : la strat\u00e9gie avant la simplicit\u00e9<\/h3>\n\n<div class=\"wp-block-media-text is-stacked-on-mobile is-vertically-aligned-center\" style=\"grid-template-columns:30% auto\"><figure class=\"wp-block-media-text__media\"><img loading=\"lazy\" decoding=\"async\" width=\"1024\" height=\"1024\" src=\"https:\/\/chinesethegathering.com\/wp-content\/uploads\/2026\/02\/BCO.ebe63d2f-9e04-4e09-b6c9-fc2471a20f15.avif\" alt=\"\" class=\"wp-image-1365 size-full\" srcset=\"https:\/\/chinesethegathering.com\/wp-content\/uploads\/2026\/02\/BCO.ebe63d2f-9e04-4e09-b6c9-fc2471a20f15.avif 1024w, https:\/\/chinesethegathering.com\/wp-content\/uploads\/2026\/02\/BCO.ebe63d2f-9e04-4e09-b6c9-fc2471a20f15-300x300.avif 300w, https:\/\/chinesethegathering.com\/wp-content\/uploads\/2026\/02\/BCO.ebe63d2f-9e04-4e09-b6c9-fc2471a20f15-150x150.avif 150w, https:\/\/chinesethegathering.com\/wp-content\/uploads\/2026\/02\/BCO.ebe63d2f-9e04-4e09-b6c9-fc2471a20f15-768x768.avif 768w\" sizes=\"auto, (max-width: 1024px) 100vw, 1024px\" \/><\/figure><div class=\"wp-block-media-text__content is-layout-flow wp-block-media-text-is-layout-flow\">\n<p>Magic a \u00e9t\u00e9 con\u00e7u comme un jeu privil\u00e9giant la strat\u00e9gie :<\/p>\n\n\n\n<ol class=\"wp-block-list\">\n<li>Gestion des ressources (syst\u00e8me de mana)<\/li>\n\n\n\n<li>Interactions complexes<\/li>\n\n\n\n<li>Formats de tournois comp\u00e9titifs<\/li>\n\n\n\n<li>Des milliers d\u2019arch\u00e9types de decks viables<\/li>\n<\/ol>\n\n\n\n<p>Pok\u00e9mon, par conception, reste beaucoup plus simple et s\u2019adresse principalement \u00e0 un public plus jeune. Cette profondeur a permis \u00e0 Magic de rester pertinent pendant plus de 30 ans. <\/p>\n<\/div><\/div>\n\n<p><\/p>\n\n<h3 class=\"wp-block-heading\">6. Une raret\u00e9 r\u00e9elle : les cartes Magic ont \u00e9t\u00e9 imprim\u00e9es en quantit\u00e9s bien moindres<\/h3>\n\n<p>L\u2019un des plus grands avantages de Magic pour les collectionneurs, en particulier pour les \u00e9ditions chinoises, est le <strong>volume d\u2019impression<\/strong>.<\/p>\n\n<div class=\"wp-block-media-text has-media-on-the-right is-stacked-on-mobile\" style=\"grid-template-columns:auto 20%\"><div class=\"wp-block-media-text__content is-layout-flow wp-block-media-text-is-layout-flow\">\n<p>Les cartes Magic (particuli\u00e8rement les anciens sets) :<\/p>\n\n\n\n<ul class=\"wp-block-list\">\n<li>Ont \u00e9t\u00e9 imprim\u00e9es en quantit\u00e9s bien plus limit\u00e9es que Pok\u00e9mon<\/li>\n\n\n\n<li>Avaient des taux de conservation plus faibles<\/li>\n\n\n\n<li>\u00c9taient distribu\u00e9es lors de tirages r\u00e9gionaux plus restreints<\/li>\n<\/ul>\n\n\n\n<p>Pok\u00e9mon a explos\u00e9 en tant que ph\u00e9nom\u00e8ne de masse.<\/p>\n\n\n\n<p>Magic, surtout lors des premiers tirages chinois, est rest\u00e9 une niche, ce qui rend de nombreuses cartes consid\u00e9rablement plus rares aujourd\u2019hui. La raret\u00e9 stimule la valeur de collection \u00e0 long terme. Et Magic remporte cette cat\u00e9gorie haut la main.  <\/p>\n<\/div><figure class=\"wp-block-media-text__media\"><img loading=\"lazy\" decoding=\"async\" width=\"683\" height=\"1024\" src=\"https:\/\/chinesethegathering.com\/wp-content\/uploads\/2026\/02\/523b0de0-f0f8-4a76-b8bd-d08d3b2441d5-683x1024.avif\" alt=\"\" class=\"wp-image-1367 size-full\" srcset=\"https:\/\/chinesethegathering.com\/wp-content\/uploads\/2026\/02\/523b0de0-f0f8-4a76-b8bd-d08d3b2441d5-683x1024.avif 683w, https:\/\/chinesethegathering.com\/wp-content\/uploads\/2026\/02\/523b0de0-f0f8-4a76-b8bd-d08d3b2441d5-200x300.avif 200w, https:\/\/chinesethegathering.com\/wp-content\/uploads\/2026\/02\/523b0de0-f0f8-4a76-b8bd-d08d3b2441d5-768x1152.avif 768w, https:\/\/chinesethegathering.com\/wp-content\/uploads\/2026\/02\/523b0de0-f0f8-4a76-b8bd-d08d3b2441d5.avif 1024w\" sizes=\"auto, (max-width: 683px) 100vw, 683px\" \/><\/figure><\/div>\n\n<p><\/p>\n\n<h2 class=\"wp-block-heading\">Conclusion : pourquoi Magic est la r\u00e9f\u00e9rence absolue pour les collectionneurs<\/h2>\n\n<h4 class=\"wp-block-heading\">Pok\u00e9mon est populaire, mais Magic est fondateur.<\/h4>\n\n<p>Pour les collectionneurs qui appr\u00e9cient l'importance \u00e0 long terme, Magic: The Gathering est incomparable, en particulier sur le march\u00e9 chinois o\u00f9 les premi\u00e8res \u00e9ditions sont parmi les plus rares du monde des JCC.<\/p>\n\n<p class=\"has-medium-font-size\"><em>Pok\u00e9mon est peut-\u00eatre grand public. Mais Magic: The Gathering est un patrimoine. Et en mati\u00e8re de collection, le patrimoine gagne toujours.<\/em>..<\/p>\n\n<p><\/p>\n","protected":false},"excerpt":{"rendered":"<p>Magic: The Gathering vs Pok\u00e9mon en Chine : le point de vue d\u2019un collectionneur En ce qui concerne les jeux de cartes \u00e0 collectionner en Chine, deux noms dominent les conversations parmi les joueurs et les collectionneurs : Magic: The Gathering et Pok\u00e9mon. Si Pok\u00e9mon attire souvent l\u2019attention du grand public, Magic occupe une position &#8230; <a title=\"Pok\u00e9mon VS MTG\" class=\"read-more\" href=\"https:\/\/chinesethegathering.com\/fr\/pokemon-contre-magic-the-gathering\/\" aria-label=\"En savoir plus sur Pok\u00e9mon VS MTG\">test<\/a><\/p>\n","protected":false},"author":1,"featured_media":1780,"parent":0,"menu_order":0,"comment_status":"closed","ping_status":"closed","template":"","meta":{"footnotes":""},"class_list":["post-1779","page","type-page","status-publish","has-post-thumbnail"],"_links":{"self":[{"href":"https:\/\/chinesethegathering.com\/fr\/wp-json\/wp\/v2\/pages\/1779","targetHints":{"allow":["GET"]}}],"collection":[{"href":"https:\/\/chinesethegathering.com\/fr\/wp-json\/wp\/v2\/pages"}],"about":[{"href":"https:\/\/chinesethegathering.com\/fr\/wp-json\/wp\/v2\/types\/page"}],"author":[{"embeddable":true,"href":"https:\/\/chinesethegathering.com\/fr\/wp-json\/wp\/v2\/users\/1"}],"replies":[{"embeddable":true,"href":"https:\/\/chinesethegathering.com\/fr\/wp-json\/wp\/v2\/comments?post=1779"}],"version-history":[{"count":0,"href":"https:\/\/chinesethegathering.com\/fr\/wp-json\/wp\/v2\/pages\/1779\/revisions"}],"wp:featuredmedia":[{"embeddable":true,"href":"https:\/\/chinesethegathering.com\/fr\/wp-json\/wp\/v2\/media\/1780"}],"wp:attachment":[{"href":"https:\/\/chinesethegathering.com\/fr\/wp-json\/wp\/v2\/media?parent=1779"}],"curies":[{"name":"wp","href":"https:\/\/api.w.org\/{rel}","templated":true}]}}