{"id":8865,"date":"2026-03-21T13:26:52","date_gmt":"2026-03-21T13:26:52","guid":{"rendered":"https:\/\/chinesethegathering.com\/cuarta-edicion-borde-negro\/"},"modified":"2026-03-31T20:21:12","modified_gmt":"2026-03-31T20:21:12","slug":"cuarta-edicion-borde-negro","status":"publish","type":"page","link":"https:\/\/chinesethegathering.com\/es\/cuarta-edicion-borde-negro\/","title":{"rendered":"Cuarta Edici\u00f3n Borde Negro"},"content":{"rendered":"\n<p>En el mundo del coleccionismo de <em>Magic: The Gathering<\/em> (MTG), el t\u00e9rmino \u00abBorde Negro\u00bb suele significar \u00abOriginal\u00bb. En 1995, Wizards of the Coast lanz\u00f3 la colecci\u00f3n principal de la <strong>Cuarta Edici\u00f3n<\/strong>. En ingl\u00e9s, estas cartas ten\u00edan bordes blancos. Sin embargo, para ciertos mercados internacionales, se imprimieron con unos atractivos bordes negros.   <\/p>\n\n<p>Entre estas, la versi\u00f3n en <strong>chino tradicional<\/strong>, impresa para los jugadores de Taiw\u00e1n y Hong Kong, ocupa un lugar especial en la historia.<\/p>\n\n<h3 class=\"wp-block-heading\">\u00bfPor qu\u00e9 es especial esta colecci\u00f3n?<\/h3>\n\n<p>La mayor\u00eda de las cartas de la Cuarta Edici\u00f3n que se ven hoy en d\u00eda tienen bordes blancos. Las colecciones de <strong>Cuarta Edici\u00f3n Borde Negro<\/strong> se crearon para introducir el juego en nuevos idiomas. Al ser la primera vez que el juego aparec\u00eda en esos idiomas, recibieron el tratamiento de \u00abedici\u00f3n limitada\u00bb con borde negro.  <\/p>\n\n<h3 class=\"wp-block-heading\"><\/h3>\n\n<pre class=\"wp-block-verse has-text-align-center\">\u00ab<strong>Es la primera colecci\u00f3n de MTG impresa en chino, lanzada en 1996.<\/strong>\u00bb<\/pre>\n\n<h3 class=\"wp-block-heading\">Nivel de rareza por idioma<\/h3>\n\n<p>Los coleccionistas suelen clasificar las colecciones de la Cuarta Edici\u00f3n Borde Negro de 1996 seg\u00fan su dificultad para ser encontradas. As\u00ed es como se compara la colecci\u00f3n en chino tradicional con sus hom\u00f3logas: <\/p>\n\n<figure style=\"font-size:15px\" class=\"wp-block-table\"><table class=\"has-fixed-layout\"><thead><tr><td><strong>Nivel de rareza<\/strong><\/td><td><strong>Idioma<\/strong><\/td><td><strong>Disponibilidad en el mercado<\/strong><\/td><\/tr><\/thead><tbody><tr><td><strong>Muy rara<\/strong><\/td><td>Coreano \/ Portugu\u00e9s<\/td><td>Tiradas de impresi\u00f3n extremadamente bajas; muy dif\u00edciles de encontrar hoy en d\u00eda.<\/td><\/tr><tr><td><strong>Infrecuente<\/strong><\/td><td><strong>Chino tradicional<\/strong><\/td><td><strong>M\u00e1s dif\u00edcil que el japon\u00e9s, pero m\u00e1s f\u00e1cil que el coreano.<\/strong><\/td><\/tr><tr><td><strong>Com\u00fan<\/strong><\/td><td>Japon\u00e9s \/ Espa\u00f1ol<\/td><td>Impresa ampliamente y m\u00e1s f\u00e1cil de localizar en el mercado.<\/td><\/tr><\/tbody><\/table><\/figure>\n\n<p>A fecha de 21 de marzo de 2026, los listados de Cardmarket para la <em>colecci\u00f3n completa de Magic: The Gathering Cuarta Edici\u00f3n Borde Negro<\/em> ofrecen una instant\u00e1nea reveladora de la disponibilidad del mercado por idioma. <\/p>\n\n<figure style=\"font-size:15px\" class=\"wp-block-table\"><table class=\"has-fixed-layout\"><thead><tr><th>Idioma<\/th><th>Ofertas visibles en Cardmarket<\/th><th>Precio medio de venta<\/th><\/tr><\/thead><tbody><tr><td>Japon\u00e9s<\/td><td>6<\/td><td>2.699,98 \u20ac<\/td><\/tr><tr><td>Espa\u00f1ol<\/td><td>4<\/td><td>5.300,00 \u20ac<\/td><\/tr><tr><td>Coreano<\/td><td>2<\/td><td>7.245,00 \u20ac<\/td><\/tr><tr><td>Portugu\u00e9s<\/td><td>1<\/td><td>5.000,00 \u20ac<\/td><\/tr><tr><td>Chino tradicional<\/td><td>0<\/td><td>No hay media de mercado disponible<\/td><\/tr><\/tbody><\/table><\/figure>\n\n<p>El japon\u00e9s parece ser la versi\u00f3n que se ofrece con m\u00e1s frecuencia, con seis listados visibles y un precio medio de 2.699,98 \u20ac, mientras que las versiones en espa\u00f1ol, coreano y portugu\u00e9s est\u00e1n representadas por menos ofertas con niveles medios significativamente m\u00e1s altos. Lo m\u00e1s sorprendente es que la versi\u00f3n en chino tradicional no muestra ning\u00fan listado activo en Cardmarket en esa fecha. Esta ausencia respalda firmemente la idea de que las colecciones completas de la Cuarta Edici\u00f3n Borde Negro en chino tradicional son excepcionalmente escasas en el mercado abierto europeo, no solo por la baja oferta, sino porque no hab\u00eda ning\u00fan ejemplar disponible p\u00fablicamente a la venta en el momento de la observaci\u00f3n.  <\/p>\n\n<h3 class=\"wp-block-heading\">Caracter\u00edsticas clave para coleccionistas<\/h3>\n\n<p>Si busca estas cartas, preste atenci\u00f3n a estos detalles espec\u00edficos:<\/p>\n\n<ul class=\"wp-block-list\">\n<li><strong>La fecha:<\/strong> Las cartas presentan una fecha de copyright de <strong>1996<\/strong>.<\/li>\n\n\n\n<li><strong>El aspecto:<\/strong> Los colores suelen ser mucho m\u00e1s oscuros y \u00absaturados\u00bb que en las versiones inglesas de borde blanco.<\/li>\n\n\n\n<li><strong>El valor:<\/strong> Cartas ic\u00f3nicas como <em>Lightning Bolt<\/em>, <em>Counterspell<\/em> y las \u00abTierras especiales\u00bb (como <em>Mishra\u2019s Factory<\/em>) en chino tradicional tienen un precio elevado en comparaci\u00f3n con las versiones est\u00e1ndar.<\/li>\n<\/ul>\n\n<div class=\"gutenakitid-a8705fdc-2303-4491-ae8c-bf23f2783ef6  wp-block-media-text is-stacked-on-mobile\" style=\"grid-template-columns:15% auto\"><figure class=\"wp-block-media-text__media\"><a href=\"https:\/\/chinesethegathering.com\/es\/errores-de-impresion-de-cuarta-edicion-borde-negro\/\"><img loading=\"lazy\" decoding=\"async\" width=\"968\" height=\"1330\" src=\"https:\/\/chinesethegathering.com\/wp-content\/uploads\/2026\/03\/ChatGPT-Image-15-mars-2026-16_26_57-1.avif\" alt=\"\" class=\"wp-image-8566 size-full\" srcset=\"https:\/\/chinesethegathering.com\/wp-content\/uploads\/2026\/03\/ChatGPT-Image-15-mars-2026-16_26_57-1.avif 968w, https:\/\/chinesethegathering.com\/wp-content\/uploads\/2026\/03\/ChatGPT-Image-15-mars-2026-16_26_57-1-218x300.avif 218w, https:\/\/chinesethegathering.com\/wp-content\/uploads\/2026\/03\/ChatGPT-Image-15-mars-2026-16_26_57-1-745x1024.avif 745w, https:\/\/chinesethegathering.com\/wp-content\/uploads\/2026\/03\/ChatGPT-Image-15-mars-2026-16_26_57-1-768x1055.avif 768w\" sizes=\"auto, (max-width: 968px) 100vw, 968px\" \/><\/a><\/figure><div class=\"wp-block-media-text__content is-layout-flow wp-block-media-text-is-layout-flow\">\n<p>Esta edici\u00f3n tambi\u00e9n es famosa por varios <a href=\"https:\/\/chinesethegathering.com\/es\/errores-de-impresion-de-cuarta-edicion-borde-negro\/\" data-type=\"page\" data-id=\"8054\">errores de imprenta y de traducci\u00f3n<\/a> interesantes. Por ejemplo, algunas cartas tienen texto desva\u00eddo o s\u00edmbolos de man\u00e1 incorrectos, mientras que otras presentan reglas mal traducidas que cambian el funcionamiento de la carta en el juego. Estos peque\u00f1os errores hacen que la colecci\u00f3n en chino tradicional sea a\u00fan m\u00e1s \u00fanica y suponen un reto divertido para los coleccionistas especializados en errores de imprenta.  <\/p>\n<\/div><\/div>\n\n<p><\/p>\n\n<h3 class=\"wp-block-heading\">Las ocho cartas que faltan<\/h3>\n\n<p>Un detalle fascinante para los coleccionistas es que las versiones en <strong>chino tradicional<\/strong> y <strong>coreano<\/strong> de la Cuarta Edici\u00f3n son en realidad m\u00e1s peque\u00f1as que las colecciones en ingl\u00e9s o incluso las de borde negro en japon\u00e9s. Mientras que la colecci\u00f3n est\u00e1ndar contiene 378 cartas, a estas dos ediciones les faltan <strong>8 cartas espec\u00edficas<\/strong> que fueron eliminadas durante la producci\u00f3n. Esto significa que no se puede encontrar una versi\u00f3n china de borde negro de 1996 de las siguientes cartas:  <\/p>\n\n<ul class=\"wp-block-list\">\n<li><strong>Blanco:<\/strong> <em>Blessing<\/em><\/li>\n\n\n\n<li><strong>Azul:<\/strong> <em>Gaseous Form<\/em><\/li>\n\n\n\n<li><strong>Negro:<\/strong> <em>Lost Soul<\/em><\/li>\n\n\n\n<li><strong>Rojo:<\/strong> <em>Blood Lust<\/em>, <em>Fire Elemental<\/em> y <em>Tempest Efreet<\/em><\/li>\n\n\n\n<li><strong>Verde:<\/strong> <em>Shanodin Dryads<\/em><\/li>\n\n\n\n<li><strong>Artefacto:<\/strong> <em>Primal Clay<\/em><\/li>\n<\/ul>\n\n<figure class=\"wp-block-gallery has-nested-images columns-8 is-cropped wp-block-gallery-1 is-layout-flex wp-block-gallery-is-layout-flex\">\n<figure class=\"wp-block-image size-large\"><img decoding=\"async\" data-id=\"8531\" src=\"https:\/\/chinesethegathering.com\/wp-content\/uploads\/2026\/03\/4ed-9-blessing.jpg\" alt=\"\" class=\"wp-image-8531\"\/><\/figure>\n\n\n\n<figure class=\"wp-block-image size-large\"><img decoding=\"async\" data-id=\"8532\" src=\"https:\/\/chinesethegathering.com\/wp-content\/uploads\/2026\/03\/4ed-74-gaseous-form.jpg\" alt=\"\" class=\"wp-image-8532\"\/><\/figure>\n\n\n\n<figure class=\"wp-block-image size-large\"><img decoding=\"async\" data-id=\"8533\" src=\"https:\/\/chinesethegathering.com\/wp-content\/uploads\/2026\/03\/4ed-145-lost-soul.jpg\" alt=\"\" class=\"wp-image-8533\"\/><\/figure>\n\n\n\n<figure class=\"wp-block-image size-large\"><img decoding=\"async\" data-id=\"8534\" src=\"https:\/\/chinesethegathering.com\/wp-content\/uploads\/2026\/03\/4ed-178-blood-lust.jpg\" alt=\"\" class=\"wp-image-8534\"\/><\/figure>\n\n\n\n<figure class=\"wp-block-image size-large\"><img decoding=\"async\" data-id=\"8536\" src=\"https:\/\/chinesethegathering.com\/wp-content\/uploads\/2026\/03\/4ed-191-fire-elemental.jpg\" alt=\"\" class=\"wp-image-8536\"\/><\/figure>\n\n\n\n<figure class=\"wp-block-image size-large\"><img decoding=\"async\" data-id=\"8538\" src=\"https:\/\/chinesethegathering.com\/wp-content\/uploads\/2026\/03\/4ed-225-tempest-efreet.jpg\" alt=\"\" class=\"wp-image-8538\"\/><\/figure>\n\n\n\n<figure class=\"wp-block-image size-large\"><img decoding=\"async\" data-id=\"8535\" src=\"https:\/\/chinesethegathering.com\/wp-content\/uploads\/2026\/03\/4ed-271-shanodin-dryads.jpg\" alt=\"\" class=\"wp-image-8535\"\/><\/figure>\n\n\n\n<figure class=\"wp-block-image size-large\"><img decoding=\"async\" data-id=\"8537\" src=\"https:\/\/chinesethegathering.com\/wp-content\/uploads\/2026\/03\/4ed-342-primal-clay.jpg\" alt=\"\" class=\"wp-image-8537\"\/><\/figure>\n<\/figure>\n\n<p><\/p>\n\n<p>Debido a que estas cartas no existen en la colecci\u00f3n, completar un \u00abSet completo\u00bb en chino tradicional solo requiere <strong>370 cartas<\/strong> en lugar de las 378 habituales. Esta peculiaridad convierte a las tiradas de impresi\u00f3n china y coreana en anomal\u00edas hist\u00f3ricas \u00fanicas en el multiverso de <em>Magic<\/em>. <\/p>\n\n<p>Formar una colecci\u00f3n completa de la <strong>Cuarta Edici\u00f3n Borde Negro en chino<\/strong> es un viaje gratificante, pero requiere paciencia. Los coleccionistas deben equilibrar el gran volumen de cartas con la dificultad de encontrarlas en estado \u00abNear Mint\u00bb (NM). <\/p>\n\n<h3 class=\"wp-block-heading\">La escala de la colecci\u00f3n<\/h3>\n\n<p>La Cuarta Edici\u00f3n es una colecci\u00f3n principal extensa. Para completar una \u00abcolecci\u00f3n maestra\u00bb, es necesario reunir un total de <strong>370 cartas<\/strong>. El desglose de la colecci\u00f3n es el siguiente:  <\/p>\n\n<ul class=\"wp-block-list\">\n<li><strong>117 Raras (faltan 4):<\/strong> Aqu\u00ed es donde reside el verdadero desaf\u00edo.<\/li>\n\n\n\n<li><strong>120 Infrecuentes (falta 1)<\/strong><\/li>\n\n\n\n<li><strong>118 Comunes (faltan 3)<\/strong><\/li>\n\n\n\n<li><strong>15 Tierras b\u00e1sicas:<\/strong> Aunque son comunes, encontrar un juego a juego con bordes negros impecables es muy satisfactorio para los jugadores.<\/li>\n<\/ul>\n\n<div class=\"gutenakitid-349e9874-6f5c-4194-8243-23f9fa6f92b4  wp-block-media-text is-stacked-on-mobile\" style=\"grid-template-columns:20% auto\"><figure class=\"wp-block-media-text__media\"><img loading=\"lazy\" decoding=\"async\" width=\"800\" height=\"800\" src=\"https:\/\/chinesethegathering.com\/wp-content\/uploads\/2026\/03\/mtg-fourth-edition-black-bordered-booster-display-chinesisch_2.avif\" alt=\"\" class=\"wp-image-8138 size-full\" srcset=\"https:\/\/chinesethegathering.com\/wp-content\/uploads\/2026\/03\/mtg-fourth-edition-black-bordered-booster-display-chinesisch_2.avif 800w, https:\/\/chinesethegathering.com\/wp-content\/uploads\/2026\/03\/mtg-fourth-edition-black-bordered-booster-display-chinesisch_2-300x300.avif 300w, https:\/\/chinesethegathering.com\/wp-content\/uploads\/2026\/03\/mtg-fourth-edition-black-bordered-booster-display-chinesisch_2-150x150.avif 150w, https:\/\/chinesethegathering.com\/wp-content\/uploads\/2026\/03\/mtg-fourth-edition-black-bordered-booster-display-chinesisch_2-768x768.avif 768w\" sizes=\"auto, (max-width: 800px) 100vw, 800px\" \/><\/figure><div class=\"wp-block-media-text__content is-layout-flow wp-block-media-text-is-layout-flow\">\n<p>Debido a que hay <strong>117 cartas raras diferentes<\/strong>, las probabilidades matem\u00e1ticas de obtener una rara espec\u00edfica como el <em>Drag\u00f3n shivano<\/em> o <em>Balance<\/em> en un solo sobre eran muy bajas all\u00e1 por 1996.<\/p>\n<\/div><\/div>\n\n<hr class=\"wp-block-separator has-alpha-channel-opacity\"\/>\n\n<h3 class=\"wp-block-heading\"><strong>Nivel de rareza<\/strong><\/h3>\n\n<h4 class=\"wp-block-heading\"><strong>Chino tradicional &#8211; Cuarta Edici\u00f3n Borde Negro<\/strong><\/h4>\n\n<div class=\"wp-block-columns is-layout-flex wp-container-core-columns-is-layout-9d6595d7 wp-block-columns-is-layout-flex\">\n<div class=\"wp-block-column is-layout-flow wp-block-column-is-layout-flow\" style=\"flex-basis:33.33%\">\n<div style=\"text-align: center;\">\n  <i class=\"ss ss-4ed ss-6x\"><\/i>\n<\/div>\n\n\n\n<div class=\"wp-block-group is-content-justification-center is-nowrap is-layout-flex wp-container-core-group-is-layout-94bc23d7 wp-block-group-is-layout-flex\">\n<div class=\"wp-block-gutena-star-ratings gutena-star-ratings-block gutena-star-ratings-block-5ad251-eb align-left\"><svg xmlns=\"http:\/\/www.w3.org\/2000\/svg\" viewbox=\"0 0 24 24\" width=\"35\" height=\"35\" class=\"gutena-full-rating\" aria-hidden=\"true\"><path fill=\"none\" d=\"M0 0h24v24H0z\"><\/path><path d=\"M12 17l-5.878 3.59 1.598-6.7-5.23-4.48 6.865-.55L12 2.5l2.645 6.36 6.866.55-5.231 4.48 1.598 6.7z\"><\/path><\/svg><svg xmlns=\"http:\/\/www.w3.org\/2000\/svg\" viewbox=\"0 0 24 24\" width=\"35\" height=\"35\" class=\"gutena-full-rating\" aria-hidden=\"true\"><path fill=\"none\" d=\"M0 0h24v24H0z\"><\/path><path d=\"M12 17l-5.878 3.59 1.598-6.7-5.23-4.48 6.865-.55L12 2.5l2.645 6.36 6.866.55-5.231 4.48 1.598 6.7z\"><\/path><\/svg><svg xmlns=\"http:\/\/www.w3.org\/2000\/svg\" viewbox=\"0 0 24 24\" width=\"35\" height=\"35\" class=\"gutena-full-rating\" aria-hidden=\"true\"><path fill=\"none\" d=\"M0 0h24v24H0z\"><\/path><path d=\"M12 17l-5.878 3.59 1.598-6.7-5.23-4.48 6.865-.55L12 2.5l2.645 6.36 6.866.55-5.231 4.48 1.598 6.7z\"><\/path><\/svg><svg xmlns=\"http:\/\/www.w3.org\/2000\/svg\" viewbox=\"0 0 24 24\" width=\"35\" height=\"35\" class=\"gutena-empty-rating\" aria-hidden=\"true\"><path fill=\"none\" d=\"M0 0h24v24H0z\"><\/path><path d=\"M12 17l-5.878 3.59 1.598-6.7-5.23-4.48 6.865-.55L12 2.5l2.645 6.36 6.866.55-5.231 4.48 1.598 6.7L12 17zm0-2.344l2.817 1.72-.766-3.21 2.507-2.147-3.29-.264L12 7.708l-1.268 3.047-3.29.264 2.507 2.147-.766 3.21L12 14.657z\"><\/path><\/svg><svg xmlns=\"http:\/\/www.w3.org\/2000\/svg\" viewbox=\"0 0 24 24\" width=\"35\" height=\"35\" class=\"gutena-empty-rating\" aria-hidden=\"true\"><path fill=\"none\" d=\"M0 0h24v24H0z\"><\/path><path d=\"M12 17l-5.878 3.59 1.598-6.7-5.23-4.48 6.865-.55L12 2.5l2.645 6.36 6.866.55-5.231 4.48 1.598 6.7L12 17zm0-2.344l2.817 1.72-.766-3.21 2.507-2.147-3.29-.264L12 7.708l-1.268 3.047-3.29.264 2.507 2.147-.766 3.21L12 14.657z\"><\/path><\/svg><svg xmlns=\"http:\/\/www.w3.org\/2000\/svg\" viewbox=\"0 0 24 24\" width=\"35\" height=\"35\" class=\"gutena-empty-rating\" aria-hidden=\"true\"><path fill=\"none\" d=\"M0 0h24v24H0z\"><\/path><path d=\"M12 17l-5.878 3.59 1.598-6.7-5.23-4.48 6.865-.55L12 2.5l2.645 6.36 6.866.55-5.231 4.48 1.598 6.7L12 17zm0-2.344l2.817 1.72-.766-3.21 2.507-2.147-3.29-.264L12 7.708l-1.268 3.047-3.29.264 2.507 2.147-.766 3.21L12 14.657z\"><\/path><\/svg><\/div>\n<\/div>\n<\/div>\n\n\n\n<div class=\"wp-block-column is-vertically-aligned-center is-layout-flow wp-block-column-is-layout-flow\" style=\"flex-basis:66.66%\">\n<p>Aunque esta colecci\u00f3n es rara y dif\u00edcil de completar, no es la edici\u00f3n china m\u00e1s rara debido a su gran tirada y a la alta demanda internacional. A pesar de esta disponibilidad, sigue siendo hist\u00f3ricamente significativa por ser la primera colecci\u00f3n de <em>Magic<\/em> jam\u00e1s impresa en chino. Los coleccionistas siguen valorando mucho este lanzamiento por sus hermosos bordes negros y sus ilustraciones legendarias. Incluye cartas ic\u00f3nicas que definieron la \u00e9poca, sobre todo el <strong>Drag\u00f3n shivano<\/strong> ilustrado por <strong>Melissa Benson<\/strong>.   <\/p>\n<\/div>\n<\/div>\n\n<div class=\"wp-block-wpbb-wbd-progress-bar wbd-progress-bar\"><div class=\"progress-name\" style=\"color:#333333;font-size:16px;font-family:inherit;margin-bottom:8px\">Completitud del set: 370\/370<\/div><div class=\"progress-track-wrapper\" data-wbd-percent=\"100\" data-wbd-easing=\"ease\" data-wbd-duration=\"1.2\"><div class=\"progress-track\" style=\"background-color:#e5e5e5;height:32px;border-radius:999px\"><div class=\"progress-fill\" style=\"width:100%;border-radius:999px;transition:width 1.2s ease;background-color:#c43d3d\"><span class=\"progress-percentage\" style=\"color:#ffffff;font-size:14px;font-family:inherit;font-weight:600;white-space:nowrap\">100%<\/span><\/div><\/div><\/div><\/div>\n","protected":false},"excerpt":{"rendered":"<p>En el mundo del coleccionismo de Magic: The Gathering (MTG), el t\u00e9rmino \u00abBorde Negro\u00bb suele significar \u00abOriginal\u00bb. En 1995, Wizards of the Coast lanz\u00f3 la colecci\u00f3n principal de la Cuarta Edici\u00f3n. En ingl\u00e9s, estas cartas ten\u00edan bordes blancos. Sin embargo, para ciertos mercados internacionales, se imprimieron con unos atractivos bordes negros. Entre estas, la versi\u00f3n &#8230; <a title=\"Cuarta Edici\u00f3n Borde Negro\" class=\"read-more\" href=\"https:\/\/chinesethegathering.com\/es\/cuarta-edicion-borde-negro\/\" aria-label=\"Leer m\u00e1s sobre Cuarta Edici\u00f3n Borde Negro\">prueba<\/a><\/p>\n","protected":false},"author":1,"featured_media":8877,"parent":0,"menu_order":0,"comment_status":"closed","ping_status":"closed","template":"","meta":{"footnotes":""},"class_list":["post-8865","page","type-page","status-publish","has-post-thumbnail"],"_links":{"self":[{"href":"https:\/\/chinesethegathering.com\/es\/wp-json\/wp\/v2\/pages\/8865","targetHints":{"allow":["GET"]}}],"collection":[{"href":"https:\/\/chinesethegathering.com\/es\/wp-json\/wp\/v2\/pages"}],"about":[{"href":"https:\/\/chinesethegathering.com\/es\/wp-json\/wp\/v2\/types\/page"}],"author":[{"embeddable":true,"href":"https:\/\/chinesethegathering.com\/es\/wp-json\/wp\/v2\/users\/1"}],"replies":[{"embeddable":true,"href":"https:\/\/chinesethegathering.com\/es\/wp-json\/wp\/v2\/comments?post=8865"}],"version-history":[{"count":0,"href":"https:\/\/chinesethegathering.com\/es\/wp-json\/wp\/v2\/pages\/8865\/revisions"}],"wp:featuredmedia":[{"embeddable":true,"href":"https:\/\/chinesethegathering.com\/es\/wp-json\/wp\/v2\/media\/8877"}],"wp:attachment":[{"href":"https:\/\/chinesethegathering.com\/es\/wp-json\/wp\/v2\/media?parent=8865"}],"curies":[{"name":"wp","href":"https:\/\/api.w.org\/{rel}","templated":true}]}}