{"id":4402,"date":"2026-03-03T20:12:31","date_gmt":"2026-03-03T20:12:31","guid":{"rendered":"https:\/\/chinesethegathering.com\/ilustraciones-alternativas-de-la-septima-edicion\/"},"modified":"2026-03-31T20:22:05","modified_gmt":"2026-03-31T20:22:05","slug":"ilustraciones-alternativas-de-la-septima-edicion","status":"publish","type":"page","link":"https:\/\/chinesethegathering.com\/es\/ilustraciones-alternativas-de-la-septima-edicion\/","title":{"rendered":"Ilustraciones alternativas de S\u00e9ptima Edici\u00f3n"},"content":{"rendered":"\n<div class=\"wp-block-columns is-layout-flex wp-container-core-columns-is-layout-9d6595d7 wp-block-columns-is-layout-flex\">\n<div class=\"wp-block-column is-vertically-aligned-center is-layout-flow wp-block-column-is-layout-flow\" style=\"flex-basis:66.66%\">\n<div class=\"wp-block-group is-nowrap is-layout-flex wp-container-core-group-is-layout-ad2f72ca wp-block-group-is-layout-flex\">\n<i class=\"ss ss-7ed ss-6x\"><\/i>\n\n\n\n<div style=\"height:100px;width:0px\" aria-hidden=\"true\" class=\"wp-block-spacer wp-container-content-16d1eb73\"><\/div>\n\n\n\n<p><strong>S\u00e9ptima Edici\u00f3n (2001) \u2013 Resumen de las ilustraciones alternativas chinas<\/strong><br\/>N\u00famero de ilustraciones alternativas: 4<br\/>Idioma: chino simplificado<br\/>A\u00f1o de lanzamiento: 2001<br\/>Diferencias de impresi\u00f3n: ilustraci\u00f3n alternativa<\/p>\n<\/div>\n<\/div>\n\n\n\n<div class=\"wp-block-column is-layout-flow wp-block-column-is-layout-flow\" style=\"flex-basis:33.33%\">    \n    <style>\n      .mtg-grid-table {\n        width: 100%;\n        border-collapse: collapse;\n        text-align: center;\n      }\n      .mtg-grid-table td {\n        padding: 15px;\n        border: 1px solid #ddd;\n        transition: transform 0.3s ease;\n        width: 20%;\n      }\n      .mtg-grid-table td:hover {\n        transform: scale(1.2);\n        z-index: 10;\n        position: relative;\n        background-color: #f9f9f9;\n        box-shadow: 0 4px 10px rgba(0,0,0,0.1);\n      }\n      .mtg-grid-table a {\n        text-decoration: none;\n        color: inherit;\n        display: block;\n        width: 100%;\n        height: 100%;\n      }\n    <\/style>\n\n    <table class=\"mtg-grid-table\">\n      <tbody>\n        <tr>\n          <td><a href=\"https:\/\/chinesethegathering.com\/es\/portal-alternate-arts\/\"><i class=\"ss ss-por ss-2x\"><\/i><\/a><\/td>\n          <td><a href=\"https:\/\/chinesethegathering.com\/es\/fifth-edition-alternate-arts\/\"><i class=\"ss ss-5ed ss-2x\"><\/i><\/a><\/td>\n          <td><a href=\"https:\/\/chinesethegathering.com\/es\/sixth-edition-alternate-arts\/\"><i class=\"ss ss-6ed ss-2x\"><\/i><\/a><\/td>\n          <td><a href=\"https:\/\/chinesethegathering.com\/es\/seventh-edition-alternate-arts\/\"><i class=\"ss ss-7ed ss-2x\"><\/i><\/a><\/td>\n          <td><a href=\"https:\/\/chinesethegathering.com\/es\/urzas-saga-alternate-arts\/\"><i class=\"ss ss-usg ss-2x\"><\/i><\/a><\/td>\n        <\/tr>\n        <tr>\n          <td><a href=\"https:\/\/chinesethegathering.com\/es\/invasion-alternate-arts\/\"><i class=\"ss ss-inv ss-2x\"><\/i><\/a><\/td>\n          <td><a href=\"https:\/\/chinesethegathering.com\/es\/odyssey-alternate-arts\/\"><i class=\"ss ss-ody ss-2x\"><\/i><\/a><\/td>\n          <td><a href=\"https:\/\/chinesethegathering.com\/es\/eight-edition-alternate-arts\/\"><i class=\"ss ss-8ed ss-2x\"><\/i><\/a><\/td>\n          <td><a href=\"https:\/\/chinesethegathering.com\/es\/tenth-x-edition\/\"><i class=\"ss ss-10e ss-2x\"><\/i><\/a><\/td>\n          <td><a href=\"https:\/\/chinesethegathering.com\/es\/darksteel-alternate-arts\/\"><i class=\"ss ss-dst ss-2x\"><\/i><\/a><\/td>\n        <\/tr>\n        <tr>\n          <td><a href=\"https:\/\/chinesethegathering.com\/es\/ravnica-city-of-guilds-alternate-arts\/\"><i class=\"ss ss-rav ss-2x\"><\/i><\/a><\/td>\n          <td><a href=\"https:\/\/chinesethegathering.com\/es\/guildpact-alternate-arts\/\"><i class=\"ss ss-gpt ss-2x\"><\/i><\/a><\/td>\n          <td><a href=\"https:\/\/chinesethegathering.com\/es\/dissension-alternate-arts\/\"><i class=\"ss ss-dis ss-2x\"><\/i><\/a><\/td>\n          <td><a href=\"https:\/\/chinesethegathering.com\/es\/time-spiral-alternate-arts\/\"><i class=\"ss ss-tsp ss-2x\"><\/i><\/a><\/td>\n          <td><a href=\"https:\/\/chinesethegathering.com\/es\/planar-chaos-alternate-arts\/\"><i class=\"ss ss-plc ss-2x\"><\/i><\/a><\/td>\n        <\/tr>\n        <tr>\n          <td><a href=\"https:\/\/chinesethegathering.com\/es\/future-sight-alternate-arts\/\"><i class=\"ss ss-fut ss-2x\"><\/i><\/a><\/td>\n          <td><a href=\"https:\/\/chinesethegathering.com\/es\/lorwyn-alternate-arts\/\"><i class=\"ss ss-lrw ss-2x\"><\/i><\/a><\/td>\n          <td><a href=\"https:\/\/chinesethegathering.com\/es\/morningtide-alternate-arts\/\"><i class=\"ss ss-mor ss-2x\"><\/i><\/a><\/td>\n          <td><a href=\"https:\/\/chinesethegathering.com\/es\/shadowmoor-alternate-arts\/\"><i class=\"ss ss-shm ss-2x\"><\/i><\/a><\/td>\n          <td><a href=\"https:\/\/chinesethegathering.com\/es\/eventide-alternate-arts\/\"><i class=\"ss ss-eve ss-2x\"><\/i><\/a><\/td>\n        <\/tr>\n      <\/tbody>\n    <\/table>\n\n    \n<\/div>\n<\/div>\n\n<hr class=\"wp-block-separator has-alpha-channel-opacity is-style-wide\"\/>\n\n<div class=\"wp-block-columns are-vertically-aligned-bottom is-layout-flex wp-container-core-columns-is-layout-9d6595d7 wp-block-columns-is-layout-flex\">\n<div class=\"wp-block-column is-vertically-aligned-bottom is-layout-flow wp-block-column-is-layout-flow\">\n<div style=\"display:flex; align-items:center; justify-content:center; height:100%; font-weight:600\">\n  <div style=\"text-align:center;\">\n  Diamante carbon\u00edfero\n  <\/div>\n<\/div>\n<\/div>\n\n\n\n<div class=\"wp-block-column is-vertically-aligned-bottom is-layout-flow wp-block-column-is-layout-flow\">\n<div style=\"display:flex; align-items:center; justify-content:center; height:100%; font-weight:600\">\n  <div style=\"text-align:center;\">\n  Esqueletos esclavos\n  <\/div>\n<\/div>\n<\/div>\n<\/div>\n\n<div class=\"wp-block-columns is-layout-flex wp-container-core-columns-is-layout-9d6595d7 wp-block-columns-is-layout-flex\">\n<div class=\"wp-block-column is-layout-flow wp-block-column-is-layout-flow\" style=\"flex-basis:25%\">\n<figure data-wp-context=\"{&quot;imageId&quot;:&quot;69d0084e16f99&quot;}\" data-wp-interactive=\"core\/image\" data-wp-key=\"69d0084e16f99\" class=\"wp-block-image size-full wp-lightbox-container\"><img loading=\"lazy\" decoding=\"async\" width=\"672\" height=\"936\" data-wp-class--hide=\"state.isContentHidden\" data-wp-class--show=\"state.isContentVisible\" data-wp-init=\"callbacks.setButtonStyles\" data-wp-on--click=\"actions.showLightbox\" data-wp-on--load=\"callbacks.setButtonStyles\" data-wp-on-window--resize=\"callbacks.setButtonStyles\" src=\"https:\/\/chinesethegathering.com\/wp-content\/uploads\/2026\/03\/7ed-289-charcoal-diamond.avif\" alt=\"\" class=\"wp-image-4305\" srcset=\"https:\/\/chinesethegathering.com\/wp-content\/uploads\/2026\/03\/7ed-289-charcoal-diamond.avif 672w, https:\/\/chinesethegathering.com\/wp-content\/uploads\/2026\/03\/7ed-289-charcoal-diamond-215x300.avif 215w\" sizes=\"auto, (max-width: 672px) 100vw, 672px\" \/><button\n\t\t\tclass=\"lightbox-trigger\"\n\t\t\ttype=\"button\"\n\t\t\taria-haspopup=\"dialog\"\n\t\t\taria-label=\"Agrandar\"\n\t\t\tdata-wp-init=\"callbacks.initTriggerButton\"\n\t\t\tdata-wp-on--click=\"actions.showLightbox\"\n\t\t\tdata-wp-style--right=\"state.imageButtonRight\"\n\t\t\tdata-wp-style--top=\"state.imageButtonTop\"\n\t\t>\n\t\t\t<svg xmlns=\"http:\/\/www.w3.org\/2000\/svg\" width=\"12\" height=\"12\" fill=\"none\" viewBox=\"0 0 12 12\">\n\t\t\t\t<path fill=\"#fff\" d=\"M2 0a2 2 0 0 0-2 2v2h1.5V2a.5.5 0 0 1 .5-.5h2V0H2Zm2 10.5H2a.5.5 0 0 1-.5-.5V8H0v2a2 2 0 0 0 2 2h2v-1.5ZM8 12v-1.5h2a.5.5 0 0 0 .5-.5V8H12v2a2 2 0 0 1-2 2H8Zm2-12a2 2 0 0 1 2 2v2h-1.5V2a.5.5 0 0 0-.5-.5H8V0h2Z\" \/>\n\t\t\t<\/svg>\n\t\t<\/button><\/figure>\n\n\n\n<p class=\"has-text-align-center has-small-font-size\"><br\/>Ilus. David Martin<br\/>Ingl\u00e9s &#8211; Infrecuente <\/p>\n<\/div>\n\n\n\n<div class=\"wp-block-column is-layout-flow wp-block-column-is-layout-flow\" style=\"flex-basis:25%\">\n<figure data-wp-context=\"{&quot;imageId&quot;:&quot;69d0084e175ec&quot;}\" data-wp-interactive=\"core\/image\" data-wp-key=\"69d0084e175ec\" class=\"wp-block-image size-full wp-lightbox-container\"><img loading=\"lazy\" decoding=\"async\" width=\"672\" height=\"936\" data-wp-class--hide=\"state.isContentHidden\" data-wp-class--show=\"state.isContentVisible\" data-wp-init=\"callbacks.setButtonStyles\" data-wp-on--click=\"actions.showLightbox\" data-wp-on--load=\"callbacks.setButtonStyles\" data-wp-on-window--resize=\"callbacks.setButtonStyles\" src=\"https:\/\/chinesethegathering.com\/wp-content\/uploads\/2026\/03\/7ED_289s.avif\" alt=\"\" class=\"wp-image-4306\" srcset=\"https:\/\/chinesethegathering.com\/wp-content\/uploads\/2026\/03\/7ED_289s.avif 672w, https:\/\/chinesethegathering.com\/wp-content\/uploads\/2026\/03\/7ED_289s-215x300.avif 215w\" sizes=\"auto, (max-width: 672px) 100vw, 672px\" \/><button\n\t\t\tclass=\"lightbox-trigger\"\n\t\t\ttype=\"button\"\n\t\t\taria-haspopup=\"dialog\"\n\t\t\taria-label=\"Agrandar\"\n\t\t\tdata-wp-init=\"callbacks.initTriggerButton\"\n\t\t\tdata-wp-on--click=\"actions.showLightbox\"\n\t\t\tdata-wp-style--right=\"state.imageButtonRight\"\n\t\t\tdata-wp-style--top=\"state.imageButtonTop\"\n\t\t>\n\t\t\t<svg xmlns=\"http:\/\/www.w3.org\/2000\/svg\" width=\"12\" height=\"12\" fill=\"none\" viewBox=\"0 0 12 12\">\n\t\t\t\t<path fill=\"#fff\" d=\"M2 0a2 2 0 0 0-2 2v2h1.5V2a.5.5 0 0 1 .5-.5h2V0H2Zm2 10.5H2a.5.5 0 0 1-.5-.5V8H0v2a2 2 0 0 0 2 2h2v-1.5ZM8 12v-1.5h2a.5.5 0 0 0 .5-.5V8H12v2a2 2 0 0 1-2 2H8Zm2-12a2 2 0 0 1 2 2v2h-1.5V2a.5.5 0 0 0-.5-.5H8V0h2Z\" \/>\n\t\t\t<\/svg>\n\t\t<\/button><\/figure>\n\n\n\n<p class=\"has-text-align-center has-small-font-size\"><br\/>Ilus. David Martin<br\/>Chino simplificado &#8211; Infrecuente <\/p>\n<\/div>\n\n\n\n<div class=\"wp-block-column is-layout-flow wp-block-column-is-layout-flow\" style=\"flex-basis:25%\">\n<figure data-wp-context=\"{&quot;imageId&quot;:&quot;69d0084e17bd4&quot;}\" data-wp-interactive=\"core\/image\" data-wp-key=\"69d0084e17bd4\" class=\"wp-block-image size-full wp-lightbox-container\"><img loading=\"lazy\" decoding=\"async\" width=\"672\" height=\"936\" data-wp-class--hide=\"state.isContentHidden\" data-wp-class--show=\"state.isContentVisible\" data-wp-init=\"callbacks.setButtonStyles\" data-wp-on--click=\"actions.showLightbox\" data-wp-on--load=\"callbacks.setButtonStyles\" data-wp-on-window--resize=\"callbacks.setButtonStyles\" src=\"https:\/\/chinesethegathering.com\/wp-content\/uploads\/2026\/03\/7ed-130-drudge-skeletons.avif\" alt=\"\" class=\"wp-image-4307\" srcset=\"https:\/\/chinesethegathering.com\/wp-content\/uploads\/2026\/03\/7ed-130-drudge-skeletons.avif 672w, https:\/\/chinesethegathering.com\/wp-content\/uploads\/2026\/03\/7ed-130-drudge-skeletons-215x300.avif 215w\" sizes=\"auto, (max-width: 672px) 100vw, 672px\" \/><button\n\t\t\tclass=\"lightbox-trigger\"\n\t\t\ttype=\"button\"\n\t\t\taria-haspopup=\"dialog\"\n\t\t\taria-label=\"Agrandar\"\n\t\t\tdata-wp-init=\"callbacks.initTriggerButton\"\n\t\t\tdata-wp-on--click=\"actions.showLightbox\"\n\t\t\tdata-wp-style--right=\"state.imageButtonRight\"\n\t\t\tdata-wp-style--top=\"state.imageButtonTop\"\n\t\t>\n\t\t\t<svg xmlns=\"http:\/\/www.w3.org\/2000\/svg\" width=\"12\" height=\"12\" fill=\"none\" viewBox=\"0 0 12 12\">\n\t\t\t\t<path fill=\"#fff\" d=\"M2 0a2 2 0 0 0-2 2v2h1.5V2a.5.5 0 0 1 .5-.5h2V0H2Zm2 10.5H2a.5.5 0 0 1-.5-.5V8H0v2a2 2 0 0 0 2 2h2v-1.5ZM8 12v-1.5h2a.5.5 0 0 0 .5-.5V8H12v2a2 2 0 0 1-2 2H8Zm2-12a2 2 0 0 1 2 2v2h-1.5V2a.5.5 0 0 0-.5-.5H8V0h2Z\" \/>\n\t\t\t<\/svg>\n\t\t<\/button><\/figure>\n\n\n\n<p class=\"has-text-align-center has-small-font-size\"><br\/>Ilus. Jim Nelson<br\/>Ingl\u00e9s &#8211; Com\u00fan <\/p>\n<\/div>\n\n\n\n<div class=\"wp-block-column is-layout-flow wp-block-column-is-layout-flow\" style=\"flex-basis:25%\">\n<figure data-wp-context=\"{&quot;imageId&quot;:&quot;69d0084e18232&quot;}\" data-wp-interactive=\"core\/image\" data-wp-key=\"69d0084e18232\" class=\"wp-block-image size-full wp-lightbox-container\"><img loading=\"lazy\" decoding=\"async\" width=\"672\" height=\"936\" data-wp-class--hide=\"state.isContentHidden\" data-wp-class--show=\"state.isContentVisible\" data-wp-init=\"callbacks.setButtonStyles\" data-wp-on--click=\"actions.showLightbox\" data-wp-on--load=\"callbacks.setButtonStyles\" data-wp-on-window--resize=\"callbacks.setButtonStyles\" src=\"https:\/\/chinesethegathering.com\/wp-content\/uploads\/2026\/03\/7ED_130s.avif\" alt=\"\" class=\"wp-image-4308\" srcset=\"https:\/\/chinesethegathering.com\/wp-content\/uploads\/2026\/03\/7ED_130s.avif 672w, https:\/\/chinesethegathering.com\/wp-content\/uploads\/2026\/03\/7ED_130s-215x300.avif 215w\" sizes=\"auto, (max-width: 672px) 100vw, 672px\" \/><button\n\t\t\tclass=\"lightbox-trigger\"\n\t\t\ttype=\"button\"\n\t\t\taria-haspopup=\"dialog\"\n\t\t\taria-label=\"Agrandar\"\n\t\t\tdata-wp-init=\"callbacks.initTriggerButton\"\n\t\t\tdata-wp-on--click=\"actions.showLightbox\"\n\t\t\tdata-wp-style--right=\"state.imageButtonRight\"\n\t\t\tdata-wp-style--top=\"state.imageButtonTop\"\n\t\t>\n\t\t\t<svg xmlns=\"http:\/\/www.w3.org\/2000\/svg\" width=\"12\" height=\"12\" fill=\"none\" viewBox=\"0 0 12 12\">\n\t\t\t\t<path fill=\"#fff\" d=\"M2 0a2 2 0 0 0-2 2v2h1.5V2a.5.5 0 0 1 .5-.5h2V0H2Zm2 10.5H2a.5.5 0 0 1-.5-.5V8H0v2a2 2 0 0 0 2 2h2v-1.5ZM8 12v-1.5h2a.5.5 0 0 0 .5-.5V8H12v2a2 2 0 0 1-2 2H8Zm2-12a2 2 0 0 1 2 2v2h-1.5V2a.5.5 0 0 0-.5-.5H8V0h2Z\" \/>\n\t\t\t<\/svg>\n\t\t<\/button><\/figure>\n\n\n\n<p class=\"has-text-align-center has-small-font-size\"><br\/>Ilus. Arnie Swekel<br\/>Chino simplificado &#8211; Com\u00fan <\/p>\n<\/div>\n<\/div>\n\n<div class=\"wp-block-columns are-vertically-aligned-bottom is-layout-flex wp-container-core-columns-is-layout-9d6595d7 wp-block-columns-is-layout-flex\">\n<div class=\"wp-block-column is-vertically-aligned-bottom is-layout-flow wp-block-column-is-layout-flow\">\n<div style=\"display:flex; align-items:center; justify-content:center; height:100%; font-weight:600\">\n  <div style=\"text-align:center;\">\n Alzar a los muertos\n  <\/div>\n<\/div>\n<\/div>\n\n\n\n<div class=\"wp-block-column is-vertically-aligned-bottom is-layout-flow wp-block-column-is-layout-flow\">\n<div style=\"display:flex; align-items:center; justify-content:center; height:100%; font-weight:600\">\n  <div style=\"text-align:center;\">\n  Zombies da\u00f1inos\n  <\/div>\n<\/div>\n<\/div>\n<\/div>\n\n<div class=\"wp-block-columns is-layout-flex wp-container-core-columns-is-layout-9d6595d7 wp-block-columns-is-layout-flex\">\n<div class=\"wp-block-column is-layout-flow wp-block-column-is-layout-flow\" style=\"flex-basis:25%\">\n<figure data-wp-context=\"{&quot;imageId&quot;:&quot;69d0084e18a4f&quot;}\" data-wp-interactive=\"core\/image\" data-wp-key=\"69d0084e18a4f\" class=\"wp-block-image size-full wp-lightbox-container\"><img loading=\"lazy\" decoding=\"async\" width=\"672\" height=\"936\" data-wp-class--hide=\"state.isContentHidden\" data-wp-class--show=\"state.isContentVisible\" data-wp-init=\"callbacks.setButtonStyles\" data-wp-on--click=\"actions.showLightbox\" data-wp-on--load=\"callbacks.setButtonStyles\" data-wp-on-window--resize=\"callbacks.setButtonStyles\" src=\"https:\/\/chinesethegathering.com\/wp-content\/uploads\/2026\/03\/7ed-157-raise-dead.avif\" alt=\"\" class=\"wp-image-4309\" srcset=\"https:\/\/chinesethegathering.com\/wp-content\/uploads\/2026\/03\/7ed-157-raise-dead.avif 672w, https:\/\/chinesethegathering.com\/wp-content\/uploads\/2026\/03\/7ed-157-raise-dead-215x300.avif 215w\" sizes=\"auto, (max-width: 672px) 100vw, 672px\" \/><button\n\t\t\tclass=\"lightbox-trigger\"\n\t\t\ttype=\"button\"\n\t\t\taria-haspopup=\"dialog\"\n\t\t\taria-label=\"Agrandar\"\n\t\t\tdata-wp-init=\"callbacks.initTriggerButton\"\n\t\t\tdata-wp-on--click=\"actions.showLightbox\"\n\t\t\tdata-wp-style--right=\"state.imageButtonRight\"\n\t\t\tdata-wp-style--top=\"state.imageButtonTop\"\n\t\t>\n\t\t\t<svg xmlns=\"http:\/\/www.w3.org\/2000\/svg\" width=\"12\" height=\"12\" fill=\"none\" viewBox=\"0 0 12 12\">\n\t\t\t\t<path fill=\"#fff\" d=\"M2 0a2 2 0 0 0-2 2v2h1.5V2a.5.5 0 0 1 .5-.5h2V0H2Zm2 10.5H2a.5.5 0 0 1-.5-.5V8H0v2a2 2 0 0 0 2 2h2v-1.5ZM8 12v-1.5h2a.5.5 0 0 0 .5-.5V8H12v2a2 2 0 0 1-2 2H8Zm2-12a2 2 0 0 1 2 2v2h-1.5V2a.5.5 0 0 0-.5-.5H8V0h2Z\" \/>\n\t\t\t<\/svg>\n\t\t<\/button><\/figure>\n\n\n\n<p class=\"has-text-align-center has-small-font-size\"><br\/>Ilus. Carl Critchlow<br\/>Ingl\u00e9s &#8211; Com\u00fan <\/p>\n<\/div>\n\n\n\n<div class=\"wp-block-column is-layout-flow wp-block-column-is-layout-flow\" style=\"flex-basis:25%\">\n<figure data-wp-context=\"{&quot;imageId&quot;:&quot;69d0084e19035&quot;}\" data-wp-interactive=\"core\/image\" data-wp-key=\"69d0084e19035\" class=\"wp-block-image size-full wp-lightbox-container\"><img loading=\"lazy\" decoding=\"async\" width=\"672\" height=\"936\" data-wp-class--hide=\"state.isContentHidden\" data-wp-class--show=\"state.isContentVisible\" data-wp-init=\"callbacks.setButtonStyles\" data-wp-on--click=\"actions.showLightbox\" data-wp-on--load=\"callbacks.setButtonStyles\" data-wp-on-window--resize=\"callbacks.setButtonStyles\" src=\"https:\/\/chinesethegathering.com\/wp-content\/uploads\/2026\/03\/7ED_157s.avif\" alt=\"\" class=\"wp-image-4310\" srcset=\"https:\/\/chinesethegathering.com\/wp-content\/uploads\/2026\/03\/7ED_157s.avif 672w, https:\/\/chinesethegathering.com\/wp-content\/uploads\/2026\/03\/7ED_157s-215x300.avif 215w\" sizes=\"auto, (max-width: 672px) 100vw, 672px\" \/><button\n\t\t\tclass=\"lightbox-trigger\"\n\t\t\ttype=\"button\"\n\t\t\taria-haspopup=\"dialog\"\n\t\t\taria-label=\"Agrandar\"\n\t\t\tdata-wp-init=\"callbacks.initTriggerButton\"\n\t\t\tdata-wp-on--click=\"actions.showLightbox\"\n\t\t\tdata-wp-style--right=\"state.imageButtonRight\"\n\t\t\tdata-wp-style--top=\"state.imageButtonTop\"\n\t\t>\n\t\t\t<svg xmlns=\"http:\/\/www.w3.org\/2000\/svg\" width=\"12\" height=\"12\" fill=\"none\" viewBox=\"0 0 12 12\">\n\t\t\t\t<path fill=\"#fff\" d=\"M2 0a2 2 0 0 0-2 2v2h1.5V2a.5.5 0 0 1 .5-.5h2V0H2Zm2 10.5H2a.5.5 0 0 1-.5-.5V8H0v2a2 2 0 0 0 2 2h2v-1.5ZM8 12v-1.5h2a.5.5 0 0 0 .5-.5V8H12v2a2 2 0 0 1-2 2H8Zm2-12a2 2 0 0 1 2 2v2h-1.5V2a.5.5 0 0 0-.5-.5H8V0h2Z\" \/>\n\t\t\t<\/svg>\n\t\t<\/button><\/figure>\n\n\n\n<p class=\"has-text-align-center has-small-font-size\"><br\/>Ilus. Douglas Shuler<br\/>Chino simplificado &#8211; Com\u00fan <\/p>\n<\/div>\n\n\n\n<div class=\"wp-block-column is-layout-flow wp-block-column-is-layout-flow\" style=\"flex-basis:25%\">\n<figure data-wp-context=\"{&quot;imageId&quot;:&quot;69d0084e26255&quot;}\" data-wp-interactive=\"core\/image\" data-wp-key=\"69d0084e26255\" class=\"wp-block-image size-full wp-lightbox-container\"><img loading=\"lazy\" decoding=\"async\" width=\"672\" height=\"936\" data-wp-class--hide=\"state.isContentHidden\" data-wp-class--show=\"state.isContentVisible\" data-wp-init=\"callbacks.setButtonStyles\" data-wp-on--click=\"actions.showLightbox\" data-wp-on--load=\"callbacks.setButtonStyles\" data-wp-on-window--resize=\"callbacks.setButtonStyles\" src=\"https:\/\/chinesethegathering.com\/wp-content\/uploads\/2026\/03\/7ed-161-scathe-zombies.avif\" alt=\"\" class=\"wp-image-4311\" srcset=\"https:\/\/chinesethegathering.com\/wp-content\/uploads\/2026\/03\/7ed-161-scathe-zombies.avif 672w, https:\/\/chinesethegathering.com\/wp-content\/uploads\/2026\/03\/7ed-161-scathe-zombies-215x300.avif 215w\" sizes=\"auto, (max-width: 672px) 100vw, 672px\" \/><button\n\t\t\tclass=\"lightbox-trigger\"\n\t\t\ttype=\"button\"\n\t\t\taria-haspopup=\"dialog\"\n\t\t\taria-label=\"Agrandar\"\n\t\t\tdata-wp-init=\"callbacks.initTriggerButton\"\n\t\t\tdata-wp-on--click=\"actions.showLightbox\"\n\t\t\tdata-wp-style--right=\"state.imageButtonRight\"\n\t\t\tdata-wp-style--top=\"state.imageButtonTop\"\n\t\t>\n\t\t\t<svg xmlns=\"http:\/\/www.w3.org\/2000\/svg\" width=\"12\" height=\"12\" fill=\"none\" viewBox=\"0 0 12 12\">\n\t\t\t\t<path fill=\"#fff\" d=\"M2 0a2 2 0 0 0-2 2v2h1.5V2a.5.5 0 0 1 .5-.5h2V0H2Zm2 10.5H2a.5.5 0 0 1-.5-.5V8H0v2a2 2 0 0 0 2 2h2v-1.5ZM8 12v-1.5h2a.5.5 0 0 0 .5-.5V8H12v2a2 2 0 0 1-2 2H8Zm2-12a2 2 0 0 1 2 2v2h-1.5V2a.5.5 0 0 0-.5-.5H8V0h2Z\" \/>\n\t\t\t<\/svg>\n\t\t<\/button><\/figure>\n\n\n\n<p class=\"has-text-align-center has-small-font-size\"><br\/>Ilus. Kev Walker<br\/>Ingl\u00e9s &#8211; Com\u00fan <\/p>\n<\/div>\n\n\n\n<div class=\"wp-block-column is-layout-flow wp-block-column-is-layout-flow\" style=\"flex-basis:25%\">\n<figure data-wp-context=\"{&quot;imageId&quot;:&quot;69d0084e26ac5&quot;}\" data-wp-interactive=\"core\/image\" data-wp-key=\"69d0084e26ac5\" class=\"wp-block-image size-full wp-lightbox-container\"><img loading=\"lazy\" decoding=\"async\" width=\"672\" height=\"936\" data-wp-class--hide=\"state.isContentHidden\" data-wp-class--show=\"state.isContentVisible\" data-wp-init=\"callbacks.setButtonStyles\" data-wp-on--click=\"actions.showLightbox\" data-wp-on--load=\"callbacks.setButtonStyles\" data-wp-on-window--resize=\"callbacks.setButtonStyles\" src=\"https:\/\/chinesethegathering.com\/wp-content\/uploads\/2026\/03\/7ED_161s.avif\" alt=\"\" class=\"wp-image-4313\" srcset=\"https:\/\/chinesethegathering.com\/wp-content\/uploads\/2026\/03\/7ED_161s.avif 672w, https:\/\/chinesethegathering.com\/wp-content\/uploads\/2026\/03\/7ED_161s-215x300.avif 215w\" sizes=\"auto, (max-width: 672px) 100vw, 672px\" \/><button\n\t\t\tclass=\"lightbox-trigger\"\n\t\t\ttype=\"button\"\n\t\t\taria-haspopup=\"dialog\"\n\t\t\taria-label=\"Agrandar\"\n\t\t\tdata-wp-init=\"callbacks.initTriggerButton\"\n\t\t\tdata-wp-on--click=\"actions.showLightbox\"\n\t\t\tdata-wp-style--right=\"state.imageButtonRight\"\n\t\t\tdata-wp-style--top=\"state.imageButtonTop\"\n\t\t>\n\t\t\t<svg xmlns=\"http:\/\/www.w3.org\/2000\/svg\" width=\"12\" height=\"12\" fill=\"none\" viewBox=\"0 0 12 12\">\n\t\t\t\t<path fill=\"#fff\" d=\"M2 0a2 2 0 0 0-2 2v2h1.5V2a.5.5 0 0 1 .5-.5h2V0H2Zm2 10.5H2a.5.5 0 0 1-.5-.5V8H0v2a2 2 0 0 0 2 2h2v-1.5ZM8 12v-1.5h2a.5.5 0 0 0 .5-.5V8H12v2a2 2 0 0 1-2 2H8Zm2-12a2 2 0 0 1 2 2v2h-1.5V2a.5.5 0 0 0-.5-.5H8V0h2Z\" \/>\n\t\t\t<\/svg>\n\t\t<\/button><\/figure>\n\n\n\n<p class=\"has-text-align-center has-small-font-size\"><br\/>Ilus. John Howe<br\/>Chino simplificado &#8211; Com\u00fan <\/p>\n<\/div>\n<\/div>\n","protected":false},"excerpt":{"rendered":"<p>S\u00e9ptima Edici\u00f3n (2001) \u2013 Resumen de las ilustraciones alternativas chinasN\u00famero de ilustraciones alternativas: 4Idioma: chino simplificadoA\u00f1o de lanzamiento: 2001Diferencias de impresi\u00f3n: ilustraci\u00f3n alternativa Diamante carbon\u00edfero Esqueletos esclavos Ilus. David MartinIngl\u00e9s &#8211; Infrecuente Ilus. David MartinChino simplificado &#8211; Infrecuente Ilus. Jim NelsonIngl\u00e9s &#8211; Com\u00fan Ilus. Arnie SwekelChino simplificado &#8211; Com\u00fan Alzar a los muertos Zombies da\u00f1inos &#8230; <a title=\"Ilustraciones alternativas de S\u00e9ptima Edici\u00f3n\" class=\"read-more\" href=\"https:\/\/chinesethegathering.com\/es\/ilustraciones-alternativas-de-la-septima-edicion\/\" aria-label=\"Leer m\u00e1s sobre Ilustraciones alternativas de S\u00e9ptima Edici\u00f3n\">prueba<\/a><\/p>\n","protected":false},"author":1,"featured_media":0,"parent":0,"menu_order":0,"comment_status":"closed","ping_status":"closed","template":"","meta":{"footnotes":""},"class_list":["post-4402","page","type-page","status-publish"],"_links":{"self":[{"href":"https:\/\/chinesethegathering.com\/es\/wp-json\/wp\/v2\/pages\/4402","targetHints":{"allow":["GET"]}}],"collection":[{"href":"https:\/\/chinesethegathering.com\/es\/wp-json\/wp\/v2\/pages"}],"about":[{"href":"https:\/\/chinesethegathering.com\/es\/wp-json\/wp\/v2\/types\/page"}],"author":[{"embeddable":true,"href":"https:\/\/chinesethegathering.com\/es\/wp-json\/wp\/v2\/users\/1"}],"replies":[{"embeddable":true,"href":"https:\/\/chinesethegathering.com\/es\/wp-json\/wp\/v2\/comments?post=4402"}],"version-history":[{"count":0,"href":"https:\/\/chinesethegathering.com\/es\/wp-json\/wp\/v2\/pages\/4402\/revisions"}],"wp:attachment":[{"href":"https:\/\/chinesethegathering.com\/es\/wp-json\/wp\/v2\/media?parent=4402"}],"curies":[{"name":"wp","href":"https:\/\/api.w.org\/{rel}","templated":true}]}}