{"id":3821,"date":"2026-02-28T19:13:46","date_gmt":"2026-02-28T19:13:46","guid":{"rendered":"https:\/\/chinesethegathering.com\/global-series\/"},"modified":"2026-03-01T07:06:23","modified_gmt":"2026-03-01T07:06:23","slug":"global-series","status":"publish","type":"page","link":"https:\/\/chinesethegathering.com\/es\/global-series\/","title":{"rendered":"Global Series"},"content":{"rendered":"\n<h2 class=\"wp-block-heading\">Global Series: Jiang Yanggu &amp; Mu Yanling<\/h2>\n\n<div class=\"wp-block-media-text has-media-on-the-right is-stacked-on-mobile\" style=\"grid-template-columns:auto 40%\"><div class=\"wp-block-media-text__content is-layout-flow wp-block-media-text-is-layout-flow\">\n<p><\/p>\n\n\n\n<p><strong>Global Series: Jiang Yanggu &amp; Mu Yanling<\/strong> es un producto especial de Magic: The Gathering. Se lanz\u00f3 en 2018 y fue dise\u00f1ado principalmente para el mercado chino. <strong> Solo se imprimi\u00f3 en ingl\u00e9s y chino simplificado.<\/strong><\/p>\n\n\n\n<p>A diferencia de una expansi\u00f3n normal, este producto contiene dos mazos de 60 cartas listos para jugar en lugar de sobres. Cada mazo est\u00e1 construido en torno a un planeswalker diferente: <\/p>\n\n\n\n<ul class=\"wp-block-list\">\n<li><strong>Jiang Yanggu<\/strong><\/li>\n\n\n\n<li><strong>Mu Yanling<\/strong><\/li>\n<\/ul>\n\n\n\n<p>Estos personajes fueron creados para reflejar temas y mitolog\u00eda chinos dentro del universo de Magic.<\/p>\n<\/div><figure class=\"wp-block-media-text__media\"><img loading=\"lazy\" decoding=\"async\" width=\"522\" height=\"382\" src=\"https:\/\/chinesethegathering.com\/wp-content\/uploads\/2026\/02\/35971708_2163364983678903_8699304731601797120_n-e1772306064395.avif\" alt=\"\" class=\"wp-image-3639 size-full\" srcset=\"https:\/\/chinesethegathering.com\/wp-content\/uploads\/2026\/02\/35971708_2163364983678903_8699304731601797120_n-e1772306064395.avif 522w, https:\/\/chinesethegathering.com\/wp-content\/uploads\/2026\/02\/35971708_2163364983678903_8699304731601797120_n-e1772306064395-300x220.avif 300w\" sizes=\"auto, (max-width: 522px) 100vw, 522px\" \/><\/figure><\/div>\n\n<p><strong>Global Series: Jiang Yanggu &amp; Mu Yanling<\/strong> es el \u00fanico producto en Scryfall lanzado exclusivamente para los mercados ingl\u00e9s y chino:<\/p>\n\n<figure class=\"wp-block-image\"><img loading=\"lazy\" decoding=\"async\" width=\"1006\" height=\"33\" src=\"https:\/\/chinesethegathering.com\/wp-content\/uploads\/2026\/02\/image-13.avif\" alt=\"\" class=\"wp-image-3673\" srcset=\"https:\/\/chinesethegathering.com\/wp-content\/uploads\/2026\/02\/image-13.avif 1006w, https:\/\/chinesethegathering.com\/wp-content\/uploads\/2026\/02\/image-13-300x10.avif 300w, https:\/\/chinesethegathering.com\/wp-content\/uploads\/2026\/02\/image-13-768x25.avif 768w\" sizes=\"auto, (max-width: 1006px) 100vw, 1006px\" \/><\/figure>\n\n<hr class=\"wp-block-separator has-alpha-channel-opacity\"\/>\n\n<h2 class=\"wp-block-heading\">Una caja china \u00fanica<\/h2>\n\n<p>Uno de los aspectos m\u00e1s interesantes de este producto es el <strong>empaquetado de la edici\u00f3n china<\/strong>.<\/p>\n\n<div class=\"wp-block-media-text is-stacked-on-mobile\" style=\"grid-template-columns:40% auto\"><figure class=\"wp-block-media-text__media\"><img loading=\"lazy\" decoding=\"async\" width=\"746\" height=\"334\" src=\"https:\/\/chinesethegathering.com\/wp-content\/uploads\/2026\/02\/image-12.avif\" alt=\"\" class=\"wp-image-3661 size-full\" srcset=\"https:\/\/chinesethegathering.com\/wp-content\/uploads\/2026\/02\/image-12.avif 746w, https:\/\/chinesethegathering.com\/wp-content\/uploads\/2026\/02\/image-12-300x134.avif 300w\" sizes=\"auto, (max-width: 746px) 100vw, 746px\" \/><\/figure><div class=\"wp-block-media-text__content is-layout-flow wp-block-media-text-is-layout-flow\">\n<p>La caja china es \u00fanica porque:<\/p>\n\n\n\n<ul class=\"wp-block-list\">\n<li>Representa uno de los primeros productos importantes de Magic creados con un enfoque regional claro.<\/li>\n\n\n\n<li>Fue dise\u00f1ada espec\u00edficamente para el mercado chino.<\/li>\n\n\n\n<li>La disposici\u00f3n de las ilustraciones difiere de la versi\u00f3n internacional.<\/li>\n\n\n\n<li>La presentaci\u00f3n del producto enfatiza con mayor fuerza a los dos planeswalkers.<\/li>\n<\/ul>\n<\/div><\/div>\n\n<p><\/p>\n\n<p>Esto hace que la versi\u00f3n china sea hist\u00f3ricamente importante. No es simplemente un producto traducido, sino que refleja la estrategia de Wizards of the Coast para conectar directamente con los jugadores chinos. <\/p>\n\n<div class=\"wp-block-media-text has-media-on-the-right is-stacked-on-mobile\" style=\"grid-template-columns:auto 20%\"><div class=\"wp-block-media-text__content is-layout-flow wp-block-media-text-is-layout-flow\">\n<p>A modo de comparaci\u00f3n, esta es la versi\u00f3n internacional de la caja de <strong>Global Series: Jiang Yanggu &amp; Mu Yanling<\/strong>.<\/p>\n<\/div><figure class=\"wp-block-media-text__media\"><img loading=\"lazy\" decoding=\"async\" width=\"1024\" height=\"1024\" src=\"https:\/\/chinesethegathering.com\/wp-content\/uploads\/2026\/03\/89ff4e12-8a3e-55f3-87be-e932bbf958c4__01807-1024x1024.avif\" alt=\"\" class=\"wp-image-3682 size-full\" srcset=\"https:\/\/chinesethegathering.com\/wp-content\/uploads\/2026\/03\/89ff4e12-8a3e-55f3-87be-e932bbf958c4__01807-1024x1024.avif 1024w, https:\/\/chinesethegathering.com\/wp-content\/uploads\/2026\/03\/89ff4e12-8a3e-55f3-87be-e932bbf958c4__01807-300x300.avif 300w, https:\/\/chinesethegathering.com\/wp-content\/uploads\/2026\/03\/89ff4e12-8a3e-55f3-87be-e932bbf958c4__01807-150x150.avif 150w, https:\/\/chinesethegathering.com\/wp-content\/uploads\/2026\/03\/89ff4e12-8a3e-55f3-87be-e932bbf958c4__01807-768x768.avif 768w, https:\/\/chinesethegathering.com\/wp-content\/uploads\/2026\/03\/89ff4e12-8a3e-55f3-87be-e932bbf958c4__01807.avif 1280w\" sizes=\"auto, (max-width: 1024px) 100vw, 1024px\" \/><\/figure><\/div>\n\n<p>Para los coleccionistas, la caja china destaca como un lanzamiento regional distintivo, no solo como otra variante de idioma.<\/p>\n\n<hr class=\"wp-block-separator has-alpha-channel-opacity\"\/>\n\n<h2 class=\"wp-block-heading\">\u00bfQu\u00e9 contiene?<\/h2>\n\n<p>El producto incluye:<\/p>\n\n<ul class=\"wp-block-list\">\n<li>2 mazos completos de 60 cartas<\/li>\n\n\n\n<li>2 cartas de planeswalker premium en foil<\/li>\n\n\n\n<li>Gu\u00edas de reglas para principiantes<\/li>\n\n\n\n<li>Varias cartas exclusivas de este lanzamiento<\/li>\n<\/ul>\n\n<p>Muchas de las cartas no se imprimieron en expansiones regulares en su momento, lo que hace que el producto sea \u00fanico en dise\u00f1o e identidad.<\/p>\n\n<h2 class=\"wp-block-heading\">La ficha exclusiva<\/h2>\n\n<p>Otro detalle interesante de <em>Global Series: Jiang Yanggu &amp; Mu Yanling<\/em> es la <strong>ficha exclusiva de doble cara<\/strong> incluida en el producto. Esta ficha fue dise\u00f1ada espec\u00edficamente para este lanzamiento y no form\u00f3 parte de una expansi\u00f3n regular. Refleja el tema y las mec\u00e1nicas de los dos mazos, especialmente la conexi\u00f3n de Jiang Yanggu con las criaturas y el control de Mu Yanling sobre el agua.  <\/p>\n\n<div class=\"wp-block-columns is-layout-flex wp-container-core-columns-is-layout-9d6595d7 wp-block-columns-is-layout-flex\">\n<div class=\"wp-block-column is-layout-flow wp-block-column-is-layout-flow\"><div class=\"wp-block-image\">\n<figure data-wp-context=\"{&quot;imageId&quot;:&quot;69d0099166b08&quot;}\" data-wp-interactive=\"core\/image\" data-wp-key=\"69d0099166b08\" class=\"alignright size-medium wp-lightbox-container\"><img loading=\"lazy\" decoding=\"async\" width=\"212\" height=\"300\" data-wp-class--hide=\"state.isContentHidden\" data-wp-class--show=\"state.isContentVisible\" data-wp-init=\"callbacks.setButtonStyles\" data-wp-on--click=\"actions.showLightbox\" data-wp-on--load=\"callbacks.setButtonStyles\" data-wp-on-window--resize=\"callbacks.setButtonStyles\" src=\"https:\/\/chinesethegathering.com\/wp-content\/uploads\/2026\/02\/Capture-decran-2026-02-28-205350-212x300.avif\" alt=\"\" class=\"wp-image-3655\" srcset=\"https:\/\/chinesethegathering.com\/wp-content\/uploads\/2026\/02\/Capture-decran-2026-02-28-205350-212x300.avif 212w, https:\/\/chinesethegathering.com\/wp-content\/uploads\/2026\/02\/Capture-decran-2026-02-28-205350.avif 428w\" sizes=\"auto, (max-width: 212px) 100vw, 212px\" \/><button\n\t\t\tclass=\"lightbox-trigger\"\n\t\t\ttype=\"button\"\n\t\t\taria-haspopup=\"dialog\"\n\t\t\taria-label=\"Agrandar\"\n\t\t\tdata-wp-init=\"callbacks.initTriggerButton\"\n\t\t\tdata-wp-on--click=\"actions.showLightbox\"\n\t\t\tdata-wp-style--right=\"state.imageButtonRight\"\n\t\t\tdata-wp-style--top=\"state.imageButtonTop\"\n\t\t>\n\t\t\t<svg xmlns=\"http:\/\/www.w3.org\/2000\/svg\" width=\"12\" height=\"12\" fill=\"none\" viewBox=\"0 0 12 12\">\n\t\t\t\t<path fill=\"#fff\" d=\"M2 0a2 2 0 0 0-2 2v2h1.5V2a.5.5 0 0 1 .5-.5h2V0H2Zm2 10.5H2a.5.5 0 0 1-.5-.5V8H0v2a2 2 0 0 0 2 2h2v-1.5ZM8 12v-1.5h2a.5.5 0 0 0 .5-.5V8H12v2a2 2 0 0 1-2 2H8Zm2-12a2 2 0 0 1 2 2v2h-1.5V2a.5.5 0 0 0-.5-.5H8V0h2Z\" \/>\n\t\t\t<\/svg>\n\t\t<\/button><\/figure>\n<\/div><\/div>\n\n\n\n<div class=\"wp-block-column is-layout-flow wp-block-column-is-layout-flow\"><div class=\"wp-block-image\">\n<figure data-wp-context=\"{&quot;imageId&quot;:&quot;69d009916710c&quot;}\" data-wp-interactive=\"core\/image\" data-wp-key=\"69d009916710c\" class=\"alignleft size-medium wp-lightbox-container\"><img loading=\"lazy\" decoding=\"async\" width=\"217\" height=\"300\" data-wp-class--hide=\"state.isContentHidden\" data-wp-class--show=\"state.isContentVisible\" data-wp-init=\"callbacks.setButtonStyles\" data-wp-on--click=\"actions.showLightbox\" data-wp-on--load=\"callbacks.setButtonStyles\" data-wp-on-window--resize=\"callbacks.setButtonStyles\" src=\"https:\/\/chinesethegathering.com\/wp-content\/uploads\/2026\/02\/Capture-decran-2026-02-28-205418-217x300.avif\" alt=\"\" class=\"wp-image-3654\" srcset=\"https:\/\/chinesethegathering.com\/wp-content\/uploads\/2026\/02\/Capture-decran-2026-02-28-205418-217x300.avif 217w, https:\/\/chinesethegathering.com\/wp-content\/uploads\/2026\/02\/Capture-decran-2026-02-28-205418.avif 431w\" sizes=\"auto, (max-width: 217px) 100vw, 217px\" \/><button\n\t\t\tclass=\"lightbox-trigger\"\n\t\t\ttype=\"button\"\n\t\t\taria-haspopup=\"dialog\"\n\t\t\taria-label=\"Agrandar\"\n\t\t\tdata-wp-init=\"callbacks.initTriggerButton\"\n\t\t\tdata-wp-on--click=\"actions.showLightbox\"\n\t\t\tdata-wp-style--right=\"state.imageButtonRight\"\n\t\t\tdata-wp-style--top=\"state.imageButtonTop\"\n\t\t>\n\t\t\t<svg xmlns=\"http:\/\/www.w3.org\/2000\/svg\" width=\"12\" height=\"12\" fill=\"none\" viewBox=\"0 0 12 12\">\n\t\t\t\t<path fill=\"#fff\" d=\"M2 0a2 2 0 0 0-2 2v2h1.5V2a.5.5 0 0 1 .5-.5h2V0H2Zm2 10.5H2a.5.5 0 0 1-.5-.5V8H0v2a2 2 0 0 0 2 2h2v-1.5ZM8 12v-1.5h2a.5.5 0 0 0 .5-.5V8H12v2a2 2 0 0 1-2 2H8Zm2-12a2 2 0 0 1 2 2v2h-1.5V2a.5.5 0 0 0-.5-.5H8V0h2Z\" \/>\n\t\t\t<\/svg>\n\t\t<\/button><\/figure>\n<\/div><\/div>\n<\/div>\n\n<p>Para los coleccionistas, esta ficha es importante porque representa una impresi\u00f3n espec\u00edfica del producto, lo que significa que no se puede encontrar en sobres de expansiones est\u00e1ndar. Como resultado, a\u00f1ade una capa peque\u00f1a pero significativa de singularidad a la caja de Global Series. Con el tiempo, estos insertos exclusivos suelen convertirse en piezas notables para coleccionistas centrados en productos regionales o limitados de Magic.  <\/p>\n","protected":false},"excerpt":{"rendered":"<p>Global Series: Jiang Yanggu &amp; Mu Yanling Global Series: Jiang Yanggu &amp; Mu Yanling es el \u00fanico producto en Scryfall lanzado exclusivamente para los mercados ingl\u00e9s y chino: Una caja china \u00fanica Uno de los aspectos m\u00e1s interesantes de este producto es el empaquetado de la edici\u00f3n china. Esto hace que la versi\u00f3n china sea &#8230; <a title=\"Global Series\" class=\"read-more\" href=\"https:\/\/chinesethegathering.com\/es\/global-series\/\" aria-label=\"Leer m\u00e1s sobre Global Series\">prueba<\/a><\/p>\n","protected":false},"author":1,"featured_media":3824,"parent":0,"menu_order":0,"comment_status":"closed","ping_status":"closed","template":"","meta":{"footnotes":""},"class_list":["post-3821","page","type-page","status-publish","has-post-thumbnail"],"_links":{"self":[{"href":"https:\/\/chinesethegathering.com\/es\/wp-json\/wp\/v2\/pages\/3821","targetHints":{"allow":["GET"]}}],"collection":[{"href":"https:\/\/chinesethegathering.com\/es\/wp-json\/wp\/v2\/pages"}],"about":[{"href":"https:\/\/chinesethegathering.com\/es\/wp-json\/wp\/v2\/types\/page"}],"author":[{"embeddable":true,"href":"https:\/\/chinesethegathering.com\/es\/wp-json\/wp\/v2\/users\/1"}],"replies":[{"embeddable":true,"href":"https:\/\/chinesethegathering.com\/es\/wp-json\/wp\/v2\/comments?post=3821"}],"version-history":[{"count":0,"href":"https:\/\/chinesethegathering.com\/es\/wp-json\/wp\/v2\/pages\/3821\/revisions"}],"wp:featuredmedia":[{"embeddable":true,"href":"https:\/\/chinesethegathering.com\/es\/wp-json\/wp\/v2\/media\/3824"}],"wp:attachment":[{"href":"https:\/\/chinesethegathering.com\/es\/wp-json\/wp\/v2\/media?parent=3821"}],"curies":[{"name":"wp","href":"https:\/\/api.w.org\/{rel}","templated":true}]}}