{"id":371,"date":"2026-02-11T10:18:49","date_gmt":"2026-02-11T10:18:49","guid":{"rendered":"https:\/\/chinesethegathering.com\/el-proyecto-global\/"},"modified":"2026-03-08T19:51:22","modified_gmt":"2026-03-08T19:51:22","slug":"el-proyecto-global","status":"publish","type":"page","link":"https:\/\/chinesethegathering.com\/es\/el-proyecto-global\/","title":{"rendered":"Chinese: The Gathering"},"content":{"rendered":"\n<h2 class=\"wp-block-heading\">Construyendo la colecci\u00f3n definitiva de Magic en chino<\/h2>\n\n<p>En Magic: The Gathering, los coleccionistas suelen buscar cartas de <em>Alpha<\/em> o tiradas ultrarraras como <em>Summer Magic.<\/em> Sin embargo, est\u00e1 surgiendo un tipo de rareza diferente: las ediciones chinas, que combinan el significado cultural con algunas de las cifras de producci\u00f3n m\u00e1s bajas en la historia de MTG.<\/p>\n\n<p>Nos enorgullece presentar un proyecto monumental: <strong>La colecci\u00f3n perfecta de Chinese: The Gathering.<\/strong> Nuestro objetivo es sencillo pero audaz: reunir la colecci\u00f3n m\u00e1s grande y completa de cartas en chino que exista, y consolidarla como una de las recopilaciones de TCG m\u00e1s raras del planeta.<\/p>\n\n<h3 class=\"wp-block-heading\">El objetivo final<\/h3>\n\n<div class=\"wp-block-media-text is-stacked-on-mobile is-vertically-aligned-center\" style=\"grid-template-columns:30% auto\"><figure class=\"wp-block-media-text__media\"><img loading=\"lazy\" decoding=\"async\" width=\"874\" height=\"565\" src=\"https:\/\/chinesethegathering.com\/wp-content\/uploads\/2026\/02\/unnamed-8-e1771694152299.avif\" alt=\"\" class=\"wp-image-1389 size-full\" srcset=\"https:\/\/chinesethegathering.com\/wp-content\/uploads\/2026\/02\/unnamed-8-e1771694152299.avif 874w, https:\/\/chinesethegathering.com\/wp-content\/uploads\/2026\/02\/unnamed-8-e1771694152299-300x194.avif 300w, https:\/\/chinesethegathering.com\/wp-content\/uploads\/2026\/02\/unnamed-8-e1771694152299-768x496.avif 768w\" sizes=\"auto, (max-width: 874px) 100vw, 874px\" \/><\/figure><div class=\"wp-block-media-text__content is-layout-flow wp-block-media-text-is-layout-flow\">\n<p>Intentamos reunir:<\/p>\n\n\n\n<ul class=\"wp-block-list\">\n<li style=\"font-size:19px;font-style:normal;font-weight:600\">8.000 cartas en chino simplificado de 1997 a 2010<\/li>\n\n\n\n<li style=\"font-size:19px;font-style:normal;font-weight:600\">18.000 cartas en chino tradicional de 1995 a 2022<\/li>\n<\/ul>\n\n\n\n<p>Las cartas en chino simplificado de 2010\u20132024 se excluyen de este proyecto debido a los altos vol\u00famenes de impresi\u00f3n y al bajo inter\u00e9s coleccionista.<\/p>\n<\/div><\/div>\n\n<p><\/p>\n\n<div class=\"wp-block-group is-nowrap is-layout-flex wp-container-core-group-is-layout-ad2f72ca wp-block-group-is-layout-flex\">\n<p><\/p>\n<\/div>\n\n<h3 class=\"wp-block-heading\">M\u00e1s raro que Alpha<\/h3>\n\n<p><\/p>\n\n<div class=\"wp-block-media-text has-media-on-the-right is-stacked-on-mobile\" style=\"grid-template-columns:auto 35%\"><div class=\"wp-block-media-text__content is-layout-flow wp-block-media-text-is-layout-flow\">\n<p>Aunque <em>Alpha<\/em> es el est\u00e1ndar de oro para muchos, las cifras de impresi\u00f3n cuentan una historia diferente para las ediciones chinas. Producidos en cantidades significativamente menores que sus equivalentes en ingl\u00e9s, muchos sets chinos presentan una tasa de supervivencia que rivaliza y, en ocasiones, supera las primeras impresiones del juego. <\/p>\n\n\n\n<p>Adem\u00e1s, estas ediciones son apreciadas por sus <strong>ilustraciones alternativas \u00fanicas<\/strong>, con arte nunca visto en lanzamientos occidentales, lo que las convierte no solo en piezas de juego, sino en artefactos culturales exclusivos.<\/p>\n<\/div><figure class=\"wp-block-media-text__media\"><img loading=\"lazy\" decoding=\"async\" width=\"1024\" height=\"683\" src=\"https:\/\/chinesethegathering.com\/wp-content\/uploads\/2026\/02\/ca47ff9a-7b1d-4fd3-b8d4-a89b6c5f1944-1-1024x683.avif\" alt=\"\" class=\"wp-image-1578 size-full\" srcset=\"https:\/\/chinesethegathering.com\/wp-content\/uploads\/2026\/02\/ca47ff9a-7b1d-4fd3-b8d4-a89b6c5f1944-1-1024x683.avif 1024w, https:\/\/chinesethegathering.com\/wp-content\/uploads\/2026\/02\/ca47ff9a-7b1d-4fd3-b8d4-a89b6c5f1944-1-300x200.avif 300w, https:\/\/chinesethegathering.com\/wp-content\/uploads\/2026\/02\/ca47ff9a-7b1d-4fd3-b8d4-a89b6c5f1944-1-768x512.avif 768w, https:\/\/chinesethegathering.com\/wp-content\/uploads\/2026\/02\/ca47ff9a-7b1d-4fd3-b8d4-a89b6c5f1944-1.avif 1536w\" sizes=\"auto, (max-width: 1024px) 100vw, 1024px\" \/><\/figure><\/div>\n\n<hr class=\"wp-block-separator has-alpha-channel-opacity\"\/>\n\n<div class=\"wp-block-group is-nowrap is-layout-flex wp-container-core-group-is-layout-ad2f72ca wp-block-group-is-layout-flex\">\n<i class=\"ss ss-5ed ss-4x\"><\/i>\n\n\n\n\u00a0\n\n\n\n<h4 class=\"wp-block-heading has-text-align-left\"><em>Aunque Summer Magic es conocida por su tirada limitada, m\u00faltiples lanzamientos chinos como la <strong>Quinta Edici\u00f3n en chino simplificado<\/strong> igualan o superan ese nivel de escasez.<\/em><\/h4>\n<\/div>\n\n<hr class=\"wp-block-separator has-alpha-channel-opacity\"\/>\n\n<h3 class=\"wp-block-heading\">Una historia completa (1995\u20132022)<\/h3>\n\n<p>Esta colecci\u00f3n es un registro hist\u00f3rico detallado. Sigue el crecimiento del juego en China y Taiw\u00e1n desde la primera impresi\u00f3n en chino tradicional en 1995 hasta la \u00faltima en 2022. Nos centramos principalmente en las cartas en chino tradicional. (<a href=\"https:\/\/chinesethegathering.com\/es\/por-que-el-chino-tradicional\/\" data-type=\"page\" data-id=\"154\">comprenda esta elecci\u00f3n en este art\u00edculo<\/a>).<\/p>\n\n<p>El archivo est\u00e1 organizado en cuatro periodos de tiempo diferentes. Estos periodos siguen la historia de la impresi\u00f3n en mandar\u00edn. <\/p>\n\n<ol start=\"1\" class=\"wp-block-list\">\n<li><strong><a href=\"https:\/\/chinesethegathering.com\/es\/epoca-dorada-1995-2003\/\" data-type=\"page\" data-id=\"177\">La Era Dorada (1995\u20132003)<\/a>:<\/strong> Una colecci\u00f3n de todos los sets en chino simplificado y chino tradicional.<\/li>\n\n\n\n<li><strong><a href=\"https:\/\/chinesethegathering.com\/es\/era-de-plata-2004-2010\/\" data-type=\"page\" data-id=\"94\">La Era Plateada (2004\u20132010)<\/a>:<\/strong> Cuando no se imprim\u00eda en chino tradicional, nos centramos en el chino simplificado. Esto mantuvo viva la colecci\u00f3n en chino. <\/li>\n\n\n\n<li><strong><a href=\"https:\/\/chinesethegathering.com\/es\/era-del-bronce-2010-2019\/\" data-type=\"page\" data-id=\"101\">La Era de Bronce (2010-2019)<\/a>: <\/strong>Regreso al chino tradicional<\/li>\n\n\n\n<li><strong><a href=\"https:\/\/chinesethegathering.com\/es\/era-moderna-2019-2022\/\" data-type=\"page\" data-id=\"103\">El renacimiento moderno y el final (2019\u20132022)<\/a>:<\/strong> la \u00faltima d\u00e9cada de producci\u00f3n en chino tradicional.<\/li>\n<\/ol>\n\n<h3 class=\"wp-block-heading\">Este proyecto tiene como objetivo encontrar todas y cada una de las cartas.<\/h3>\n\n<div class=\"wp-block-media-text is-stacked-on-mobile\" style=\"grid-template-columns:25% auto\"><figure class=\"wp-block-media-text__media\"><img loading=\"lazy\" decoding=\"async\" width=\"1024\" height=\"1024\" src=\"https:\/\/chinesethegathering.com\/wp-content\/uploads\/2026\/02\/BCO.0892287a-f4c1-488d-86b1-c55059d4acef.avif\" alt=\"\" class=\"wp-image-1384 size-full\" srcset=\"https:\/\/chinesethegathering.com\/wp-content\/uploads\/2026\/02\/BCO.0892287a-f4c1-488d-86b1-c55059d4acef.avif 1024w, https:\/\/chinesethegathering.com\/wp-content\/uploads\/2026\/02\/BCO.0892287a-f4c1-488d-86b1-c55059d4acef-300x300.avif 300w, https:\/\/chinesethegathering.com\/wp-content\/uploads\/2026\/02\/BCO.0892287a-f4c1-488d-86b1-c55059d4acef-150x150.avif 150w, https:\/\/chinesethegathering.com\/wp-content\/uploads\/2026\/02\/BCO.0892287a-f4c1-488d-86b1-c55059d4acef-768x768.avif 768w\" sizes=\"auto, (max-width: 1024px) 100vw, 1024px\" \/><\/figure><div class=\"wp-block-media-text__content is-layout-flow wp-block-media-text-is-layout-flow\">\n<p>Este proyecto tiene como objetivo encontrar todas y cada una de las cartas. No buscamos solo cartas populares. Estamos registrando toda la historia de la impresi\u00f3n:  <\/p>\n\n\n\n<ul class=\"wp-block-list\">\n<li>Todas las cartas de los sets base.<\/li>\n\n\n\n<li>Todas las cartas de arte y fichas.<\/li>\n\n\n\n<li>Todas las cartas promocionales exclusivas y cada variante \u00fanica de \u201cmarco\u201d.<\/li>\n<\/ul>\n\n\n\n<p>Para mantener el \u00abMaster Set\u00bb puro y posible de completar, no incluimos sellos de fecha de preestreno ni cartas foil. Aunque es posible coleccionar sets espec\u00edficos en foil, completar un set completo de todas las cartas en foil es estad\u00edsticamente imposible. Al centrarnos en el \u00abClassic Frame\u00bb y en las versiones \u00fanicas, creamos una exposici\u00f3n cohesionada, con calidad de museo.  <\/p>\n<\/div><\/div>\n\n<p><\/p>\n\n<h3 class=\"wp-block-heading\">Un archivo hist\u00f3rico<\/h3>\n\n<p>Magic: The Gathering fue el primer juego de cartas coleccionables (TCG) impreso en chino. Se lanz\u00f3 antes que Pok\u00e9mon y ayud\u00f3 a iniciar los juegos de mesa en la regi\u00f3n. Esta colecci\u00f3n es m\u00e1s que una afici\u00f3n;<strong> es un archivo hist\u00f3rico de un acontecimiento cultural<\/strong>. Aunque el mercado ingl\u00e9s es m\u00e1s famoso, la gran rareza y la importancia hist\u00f3rica de las impresiones chinas ofrecen un gran prestigio.   <\/p>\n<div class=\"wp-block-image\">\n<figure class=\"aligncenter size-large\"><img loading=\"lazy\" decoding=\"async\" width=\"1024\" height=\"683\" src=\"https:\/\/chinesethegathering.com\/wp-content\/uploads\/2026\/02\/image-1024x683.avif\" alt=\"\" class=\"wp-image-217\" srcset=\"https:\/\/chinesethegathering.com\/wp-content\/uploads\/2026\/02\/image-1024x683.avif 1024w, https:\/\/chinesethegathering.com\/wp-content\/uploads\/2026\/02\/image-300x200.avif 300w, https:\/\/chinesethegathering.com\/wp-content\/uploads\/2026\/02\/image-768x512.avif 768w, https:\/\/chinesethegathering.com\/wp-content\/uploads\/2026\/02\/image.avif 1536w\" sizes=\"auto, (max-width: 1024px) 100vw, 1024px\" \/><\/figure>\n<\/div>\n<p><\/p>\n\n<p class=\"has-base-2-background-color has-background\">No solo estamos montando una carpeta; estamos preservando un legado. Alg\u00fan d\u00eda, <strong>estas cartas estar\u00e1n en un museo de TCG<\/strong>. Mostrar\u00e1n el cap\u00edtulo m\u00e1s raro de la historia del mejor juego de cartas del mundo. <\/p>\n\n<p><\/p>\n","protected":false},"excerpt":{"rendered":"<p>Construyendo la colecci\u00f3n definitiva de Magic en chino En Magic: The Gathering, los coleccionistas suelen buscar cartas de Alpha o tiradas ultrarraras como Summer Magic. Sin embargo, est\u00e1 surgiendo un tipo de rareza diferente: las ediciones chinas, que combinan el significado cultural con algunas de las cifras de producci\u00f3n m\u00e1s bajas en la historia de &#8230; <a title=\"Chinese: The Gathering\" class=\"read-more\" href=\"https:\/\/chinesethegathering.com\/es\/el-proyecto-global\/\" aria-label=\"Leer m\u00e1s sobre Chinese: The Gathering\">prueba<\/a><\/p>\n","protected":false},"author":1,"featured_media":1577,"parent":0,"menu_order":0,"comment_status":"closed","ping_status":"closed","template":"","meta":{"footnotes":""},"class_list":["post-371","page","type-page","status-publish","has-post-thumbnail"],"_links":{"self":[{"href":"https:\/\/chinesethegathering.com\/es\/wp-json\/wp\/v2\/pages\/371","targetHints":{"allow":["GET"]}}],"collection":[{"href":"https:\/\/chinesethegathering.com\/es\/wp-json\/wp\/v2\/pages"}],"about":[{"href":"https:\/\/chinesethegathering.com\/es\/wp-json\/wp\/v2\/types\/page"}],"author":[{"embeddable":true,"href":"https:\/\/chinesethegathering.com\/es\/wp-json\/wp\/v2\/users\/1"}],"replies":[{"embeddable":true,"href":"https:\/\/chinesethegathering.com\/es\/wp-json\/wp\/v2\/comments?post=371"}],"version-history":[{"count":0,"href":"https:\/\/chinesethegathering.com\/es\/wp-json\/wp\/v2\/pages\/371\/revisions"}],"wp:featuredmedia":[{"embeddable":true,"href":"https:\/\/chinesethegathering.com\/es\/wp-json\/wp\/v2\/media\/1577"}],"wp:attachment":[{"href":"https:\/\/chinesethegathering.com\/es\/wp-json\/wp\/v2\/media?parent=371"}],"curies":[{"name":"wp","href":"https:\/\/api.w.org\/{rel}","templated":true}]}}