{"id":2417,"date":"2026-02-11T10:22:53","date_gmt":"2026-02-11T10:22:53","guid":{"rendered":"https:\/\/chinesethegathering.com\/era-moderna-2019-2022\/"},"modified":"2026-02-27T21:43:31","modified_gmt":"2026-02-27T21:43:31","slug":"era-moderna-2019-2022","status":"publish","type":"page","link":"https:\/\/chinesethegathering.com\/es\/era-moderna-2019-2022\/","title":{"rendered":"La era moderna"},"content":{"rendered":"\n<p>Para muchos coleccionistas, los a\u00f1os entre 2019 y 2022 representan, con diferencia, la mejor \u00e9poca para las cartas de Magic en chino tradicional. Mientras el juego cambiaba a nivel global, este mercado ling\u00fc\u00edstico concreto vio dise\u00f1os incre\u00edbles y una rareza extrema. <\/p>\n\n<h3 class=\"wp-block-heading\">Un periodo de dise\u00f1o incre\u00edble y baja oferta<\/h3>\n\n<p>Durante estos tres a\u00f1os, los dise\u00f1os de las cartas fueron excelentes. Sin embargo, hacia el final de este periodo, <strong>las tiradas se volvieron muy peque\u00f1as<\/strong>. Esto convierte a estas cartas en algunos de los art\u00edculos modernos m\u00e1s raros del juego.  <\/p>\n\n<ul class=\"wp-block-list\">\n<li><strong>Mazos de Commander:<\/strong> Se volvieron casi imposibles de encontrar en chino tradicional.<\/li>\n\n\n\n<li><strong>Sin sobres de coleccionista:<\/strong> Ninguna de las colecciones modernas en este idioma tuvo \u201ccajas de coleccionista\u201d. Esto hace que encontrar cartas con \u201carte de marco alternativo\u201d sea un enorme desaf\u00edo para los coleccionistas. <\/li>\n\n\n\n<li><strong>Solo un tipo de cajas por colecci\u00f3n moderna:<\/strong> cajas de sobres de Draft o de Set.<\/li>\n<\/ul>\n\n<h3 class=\"wp-block-heading\">El misterio de las cajas<\/h3>\n\n<p>La forma en que Wizards of the Coast lanz\u00f3 estas colecciones fue muy inconsistente, lo que hizo la b\u00fasqueda a\u00fan m\u00e1s dif\u00edcil:<\/p>\n\n<ul class=\"wp-block-list\">\n<li><strong>Solo sobres de Set:<\/strong> Solo tres colecciones tuvieron la suerte de contar con cajas de sobres de Set: <em>Kamigawa: Dinast\u00eda de ne\u00f3n<\/em>, <em>Calles de Nueva Capenna<\/em> y <em>Leyendas de Commander: Batalla por Puerta de Baldur<\/em>.<\/li>\n\n\n\n<li><strong>Solo sobres de Draft:<\/strong> Algunas colecciones importantes como <em>Kaldheim<\/em>, <em>Strixhaven: Academia de Magos<\/em>, <em>Innistrad: Compromiso escarlata<\/em>, <em>Innistrad: Cacer\u00eda de medianoche<\/em> y <em>Aventuras en Forgotten Realms<\/em> solo existieron en cajas de sobres de Draft.<\/li>\n<\/ul>\n\n<div class=\"wp-block-media-text is-stacked-on-mobile\" style=\"grid-template-columns:15% auto\"><figure class=\"wp-block-media-text__media\"><img loading=\"lazy\" decoding=\"async\" width=\"672\" height=\"936\" src=\"https:\/\/chinesethegathering.com\/wp-content\/uploads\/2026\/02\/clb-1-faceless-one.avif\" alt=\"\" class=\"wp-image-1477 size-full\" srcset=\"https:\/\/chinesethegathering.com\/wp-content\/uploads\/2026\/02\/clb-1-faceless-one.avif 672w, https:\/\/chinesethegathering.com\/wp-content\/uploads\/2026\/02\/clb-1-faceless-one-215x300.avif 215w\" sizes=\"auto, (max-width: 672px) 100vw, 672px\" \/><\/figure><div class=\"wp-block-media-text__content is-layout-flow wp-block-media-text-is-layout-flow\">\n<p class=\"has-base-2-background-color has-background\"><em>\u00bfLo sab\u00eda? El sin rostro es el n\u00famero 001\/361 de la colecci\u00f3n Leyendas de Commander: Batalla por Puerta de Baldur. Esta carta especial solo est\u00e1 disponible en cajas de sobres de Draft. Y como no hay cajas de sobres de Draft de Leyendas de Commander: Batalla por Puerta de Baldur en chino tradicional, no hay forma de completar la colecci\u00f3n en este idioma. Tenga en cuenta que esto tambi\u00e9n es cierto para el coreano.    <\/em><\/p>\n<\/div><\/div>\n\n<p><\/p>\n\n<h3 class=\"wp-block-heading\">Los legendarios Box Toppers<\/h3>\n\n<p>Una de las partes m\u00e1s emocionantes (\u00a1y frustrantes!) de esta era fueron los <strong>Box Toppers<\/strong>. Son cartas extra especiales que se encuentran dentro de las cajas expositoras. En chino tradicional, son legendarias porque son muy dif\u00edciles de encontrar:  <\/p>\n\n<div class=\"wp-block-media-text is-stacked-on-mobile\" style=\"grid-template-columns:15% auto\"><figure class=\"wp-block-media-text__media\"><img loading=\"lazy\" decoding=\"async\" width=\"672\" height=\"936\" src=\"https:\/\/chinesethegathering.com\/wp-content\/uploads\/2026\/02\/iko-379-illuna-apex-of-wishes.avif\" alt=\"\" class=\"wp-image-1485 size-full\" srcset=\"https:\/\/chinesethegathering.com\/wp-content\/uploads\/2026\/02\/iko-379-illuna-apex-of-wishes.avif 672w, https:\/\/chinesethegathering.com\/wp-content\/uploads\/2026\/02\/iko-379-illuna-apex-of-wishes-215x300.avif 215w\" sizes=\"auto, (max-width: 672px) 100vw, 672px\" \/><\/figure><div class=\"wp-block-media-text__content is-layout-flow wp-block-media-text-is-layout-flow\">\n<ul class=\"wp-block-list\">\n<li><strong>Innistrad: Compromiso escarlata:<\/strong> Esta colecci\u00f3n inclu\u00eda <strong>12 Toppers<\/strong> (serie Dr\u00e1cula), lo que a\u00f1ad\u00eda otra capa de dificultad para quienes buscan completarlo todo.<\/li>\n\n\n\n<li><strong>El resurgir de Zendikar:<\/strong> Esta colecci\u00f3n inclu\u00eda <strong>30 Toppers<\/strong> (Expediciones). Encontrar uno concreto en chino tradicional es una tarea enorme. <\/li>\n\n\n\n<li><strong>Ikoria: Lair of Behemoths:<\/strong> Esta colecci\u00f3n incluy\u00f3 la famosa serie de <strong>13 Toppers Kaiju (Godzilla)<\/strong>. Debido a que la tirada fue tan limitada, estas cartas de tem\u00e1tica de monstruos son casi imposibles de encontrar hoy en d\u00eda. <\/li>\n<\/ul>\n<\/div><\/div>\n\n<p><\/p>\n\n<h3 class=\"wp-block-heading\">El gran final: Puerta de Baldur<\/h3>\n\n<p>La era termin\u00f3 por todo lo alto con <strong>Leyendas de Commander: Batalla por Puerta de Baldur<\/strong>. Esta colecci\u00f3n fue enorme para los coleccionistas de chino tradicional. Si cuenta las fichas y las cartas de arte, hay m\u00e1s de <strong>1.000 cartas diferentes<\/strong> que coleccionar en este idioma. Realmente se guardaron lo mejor para el final.   <\/p>\n\n<h3 class=\"wp-block-heading\">La colecci\u00f3n \u201coculta\u201d: Warhammer 40,000<\/h3>\n\n<p>\u00bfSab\u00eda que existe una colecci\u00f3n \u201csecreta\u201d que ni siquiera webs famosas como Scryfall listan? Aunque la mayor\u00eda de la gente cree que <em>Dominaria Unida<\/em> iba a ser la \u00faltima colecci\u00f3n (aunque en realidad nunca se imprimi\u00f3 en chino tradicional), la verdadera \u00faltima colecci\u00f3n fantasma es <strong>Warhammer 40,000<\/strong>. Se imprimi\u00f3 en chino tradicional y es incre\u00edblemente rara, lo que la convierte en el \u201csanto grial\u201d para los coleccionistas de esta era.  <\/p>\n\n<div class=\"wp-block-wpbb-wbd-progress-bar\"><div class=\"progress-name\" style=\"color:#333333;font-size:16px;font-family:inherit\">Finalizaci\u00f3n del proyecto: 29 colecciones (de 29)<\/div><div class=\"progress-track\" style=\"background-color:#e5e5e5;height:32px\"><div class=\"progress-fill\" style=\"width:95%;background-color:#c43d3d\"><span class=\"progress-percentage\" style=\"color:#ffffff;font-size:14px;font-family:inherit\">95%<\/span><\/div><\/div><\/div>\n\n<p><em>La colecci\u00f3n olvidada en chino tradicional:<\/em><\/p>\n<div class=\"wp-block-image\">\n<figure class=\"aligncenter size-full\"><img loading=\"lazy\" decoding=\"async\" width=\"967\" height=\"34\" src=\"https:\/\/chinesethegathering.com\/wp-content\/uploads\/2026\/02\/Capture-decran-2026-02-12-222152.avif\" alt=\"\" class=\"wp-image-195\" style=\"aspect-ratio:28.444444444444443\" srcset=\"https:\/\/chinesethegathering.com\/wp-content\/uploads\/2026\/02\/Capture-decran-2026-02-12-222152.avif 967w, https:\/\/chinesethegathering.com\/wp-content\/uploads\/2026\/02\/Capture-decran-2026-02-12-222152-300x11.avif 300w, https:\/\/chinesethegathering.com\/wp-content\/uploads\/2026\/02\/Capture-decran-2026-02-12-222152-768x27.avif 768w\" sizes=\"auto, (max-width: 967px) 100vw, 967px\" \/><\/figure>\n<\/div>\n<p><\/p>\n\n<p><em>lista de sets de Scryfall que cubre el proyecto:<\/em><\/p>\n<div class=\"wp-block-image\">\n<figure class=\"aligncenter size-full\"><img loading=\"lazy\" decoding=\"async\" width=\"969\" height=\"928\" src=\"https:\/\/chinesethegathering.com\/wp-content\/uploads\/2026\/02\/Capture-decran-2026-02-12-222034.avif\" alt=\"\" class=\"wp-image-193\" srcset=\"https:\/\/chinesethegathering.com\/wp-content\/uploads\/2026\/02\/Capture-decran-2026-02-12-222034.avif 969w, https:\/\/chinesethegathering.com\/wp-content\/uploads\/2026\/02\/Capture-decran-2026-02-12-222034-300x287.avif 300w, https:\/\/chinesethegathering.com\/wp-content\/uploads\/2026\/02\/Capture-decran-2026-02-12-222034-768x736.avif 768w\" sizes=\"auto, (max-width: 969px) 100vw, 969px\" \/><\/figure>\n<\/div>\n<p><\/p>\n","protected":false},"excerpt":{"rendered":"<p>Para muchos coleccionistas, los a\u00f1os entre 2019 y 2022 representan, con diferencia, la mejor \u00e9poca para las cartas de Magic en chino tradicional. Mientras el juego cambiaba a nivel global, este mercado ling\u00fc\u00edstico concreto vio dise\u00f1os incre\u00edbles y una rareza extrema. Un periodo de dise\u00f1o incre\u00edble y baja oferta Durante estos tres a\u00f1os, los dise\u00f1os &#8230; <a title=\"La era moderna\" class=\"read-more\" href=\"https:\/\/chinesethegathering.com\/es\/era-moderna-2019-2022\/\" aria-label=\"Leer m\u00e1s sobre La era moderna\">prueba<\/a><\/p>\n","protected":false},"author":1,"featured_media":2418,"parent":0,"menu_order":0,"comment_status":"closed","ping_status":"closed","template":"","meta":{"footnotes":""},"class_list":["post-2417","page","type-page","status-publish","has-post-thumbnail"],"_links":{"self":[{"href":"https:\/\/chinesethegathering.com\/es\/wp-json\/wp\/v2\/pages\/2417","targetHints":{"allow":["GET"]}}],"collection":[{"href":"https:\/\/chinesethegathering.com\/es\/wp-json\/wp\/v2\/pages"}],"about":[{"href":"https:\/\/chinesethegathering.com\/es\/wp-json\/wp\/v2\/types\/page"}],"author":[{"embeddable":true,"href":"https:\/\/chinesethegathering.com\/es\/wp-json\/wp\/v2\/users\/1"}],"replies":[{"embeddable":true,"href":"https:\/\/chinesethegathering.com\/es\/wp-json\/wp\/v2\/comments?post=2417"}],"version-history":[{"count":0,"href":"https:\/\/chinesethegathering.com\/es\/wp-json\/wp\/v2\/pages\/2417\/revisions"}],"wp:featuredmedia":[{"embeddable":true,"href":"https:\/\/chinesethegathering.com\/es\/wp-json\/wp\/v2\/media\/2418"}],"wp:attachment":[{"href":"https:\/\/chinesethegathering.com\/es\/wp-json\/wp\/v2\/media?parent=2417"}],"curies":[{"name":"wp","href":"https:\/\/api.w.org\/{rel}","templated":true}]}}