{"id":2390,"date":"2026-02-11T10:22:05","date_gmt":"2026-02-11T10:22:05","guid":{"rendered":"https:\/\/chinesethegathering.com\/era-del-bronce-2010-2019\/"},"modified":"2026-02-28T05:54:14","modified_gmt":"2026-02-28T05:54:14","slug":"era-del-bronce-2010-2019","status":"publish","type":"page","link":"https:\/\/chinesethegathering.com\/es\/era-del-bronce-2010-2019\/","title":{"rendered":"La Era del Bronce"},"content":{"rendered":"\n<p>Los a\u00f1os 2010 a 2019 fueron una \u00e9poca de grandes cambios para <em>Magic: The Gathering<\/em>. El juego pas\u00f3 de ser una afici\u00f3n para entusiastas a un \u00e9xito masivo a nivel mundial. <\/p>\n\n<h3 class=\"wp-block-heading\">El inicio de la d\u00e9cada (2010\u20132012)<\/h3>\n\n<p>Al comienzo de este periodo, Magic segu\u00eda produci\u00e9ndose en cantidades moderadas. A esta era se la suele llamar la \u00abEdad de Plata\u00bb. <\/p>\n\n<ul class=\"wp-block-list\">\n<li><strong>El regreso de los idiomas:<\/strong> Aunque la edici\u00f3n <em>Magic 2011<\/em> recuper\u00f3 el <strong>chino tradicional<\/strong>, el n\u00famero de cartas impresas se mantuvo bajo control hasta el lanzamiento de <em>Vuelta a Ravnica<\/em>.<\/li>\n\n\n\n<li>Las cartas de esta \u00e9poca suelen ser muy apreciadas por los coleccionistas porque se produjeron en cantidades menores que las actuales.<\/li>\n<\/ul>\n\n<h3 class=\"wp-block-heading\">El punto de inflexi\u00f3n de 2012: el boom de impresi\u00f3n<\/h3>\n\n<div class=\"wp-block-media-text is-stacked-on-mobile\" style=\"grid-template-columns:15% auto\"><figure class=\"wp-block-media-text__media\"><img loading=\"lazy\" decoding=\"async\" width=\"672\" height=\"936\" src=\"https:\/\/chinesethegathering.com\/wp-content\/uploads\/2026\/02\/rtr-1-angel-of-serenity.avif\" alt=\"\" class=\"wp-image-1617 size-full\" srcset=\"https:\/\/chinesethegathering.com\/wp-content\/uploads\/2026\/02\/rtr-1-angel-of-serenity.avif 672w, https:\/\/chinesethegathering.com\/wp-content\/uploads\/2026\/02\/rtr-1-angel-of-serenity-215x300.avif 215w\" sizes=\"auto, (max-width: 672px) 100vw, 672px\" \/><\/figure><div class=\"wp-block-media-text__content is-layout-flow wp-block-media-text-is-layout-flow\">\n<p>Todo cambi\u00f3 con el lanzamiento de <em>Vuelta a Ravnica<\/em> a finales de 2012. A partir de ese momento, el juego se volvi\u00f3 incre\u00edblemente popular (\u00bfo incre\u00edblemente impreso?). <\/p>\n\n\n\n<p>El objetivo era simple: satisfacer la demanda de millones de nuevos jugadores. El juego pas\u00f3 de un mercado de nicho a una producci\u00f3n industrial masiva. <\/p>\n\n\n\n<p><strong>M\u00e1s cartas para todos:<\/strong> Incluso las ediciones en chino tradicional se vieron afectadas por el enorme aumento de los vol\u00famenes de impresi\u00f3n.<\/p>\n<\/div><\/div>\n\n<p><\/p>\n\n<h3 class=\"wp-block-heading\">Una \u00e9poca de creatividad incre\u00edble<\/h3>\n\n<p>A pesar del aumento de la producci\u00f3n, la calidad de las historias y de los mundos creados se mantuvo muy alta. Este periodo \u00abfaste\u00bb (exitoso) vio nacer nuevos universos que han dejado huella en la historia de Magic: <\/p>\n\n<ul class=\"wp-block-list\">\n<li><strong>Innistrad (2011):<\/strong> Un mundo de vampiros y hombres lobo.<\/li>\n\n\n\n<li><strong>Theros (2013):<\/strong> Inspirado en la mitolog\u00eda griega.<\/li>\n\n\n\n<li><strong>Khans of Tarkir (2014):<\/strong> El mundo de los dragones y los clanes guerreros.<\/li>\n\n\n\n<li><strong>Ixalan (2017):<\/strong> Un universo de piratas y dinosaurios.<\/li>\n<\/ul>\n\n<div class=\"wp-block-wpbb-wbd-progress-bar\"><div class=\"progress-name\" style=\"color:#333333;font-size:16px;font-family:inherit\">Finalizaci\u00f3n del proyecto: 28 sets (de 41)<\/div><div class=\"progress-track\" style=\"background-color:#e5e5e5;height:32px\"><div class=\"progress-fill\" style=\"width:68%;background-color:#c43d3d\"><span class=\"progress-percentage\" style=\"color:#ffffff;font-size:14px;font-family:inherit\">68%<\/span><\/div><\/div><\/div>\n\n<p><em>lista de sets de Scryfall que cubre el proyecto:<\/em><\/p>\n<div class=\"wp-block-image\">\n<figure class=\"aligncenter size-full\"><img loading=\"lazy\" decoding=\"async\" width=\"971\" height=\"460\" src=\"https:\/\/chinesethegathering.com\/wp-content\/uploads\/2026\/02\/Capture-decran-2026-02-12-221927.avif\" alt=\"\" class=\"wp-image-186\" style=\"aspect-ratio:2.1109278708445447;object-fit:cover\" srcset=\"https:\/\/chinesethegathering.com\/wp-content\/uploads\/2026\/02\/Capture-decran-2026-02-12-221927.avif 971w, https:\/\/chinesethegathering.com\/wp-content\/uploads\/2026\/02\/Capture-decran-2026-02-12-221927-300x142.avif 300w, https:\/\/chinesethegathering.com\/wp-content\/uploads\/2026\/02\/Capture-decran-2026-02-12-221927-768x364.avif 768w\" sizes=\"auto, (max-width: 971px) 100vw, 971px\" \/><\/figure>\n<\/div>\n<p><\/p>\n<div class=\"wp-block-image\">\n<figure class=\"aligncenter size-full\"><img loading=\"lazy\" decoding=\"async\" width=\"986\" height=\"891\" src=\"https:\/\/chinesethegathering.com\/wp-content\/uploads\/2026\/02\/Capture-decran-2026-02-12-221723.avif\" alt=\"\" class=\"wp-image-184\" srcset=\"https:\/\/chinesethegathering.com\/wp-content\/uploads\/2026\/02\/Capture-decran-2026-02-12-221723.avif 986w, https:\/\/chinesethegathering.com\/wp-content\/uploads\/2026\/02\/Capture-decran-2026-02-12-221723-300x271.avif 300w, https:\/\/chinesethegathering.com\/wp-content\/uploads\/2026\/02\/Capture-decran-2026-02-12-221723-768x694.avif 768w\" sizes=\"auto, (max-width: 986px) 100vw, 986px\" \/><\/figure>\n<\/div>\n<p><\/p>\n\n<p>En resumen, esta d\u00e9cada transform\u00f3 Magic. El juego se volvi\u00f3 m\u00e1s f\u00e1cil de encontrar gracias a la impresi\u00f3n masiva, pero, sobre todo, logr\u00f3 crear mundos fant\u00e1sticos que los jugadores siguen amando hoy en d\u00eda. <\/p>\n","protected":false},"excerpt":{"rendered":"<p>Los a\u00f1os 2010 a 2019 fueron una \u00e9poca de grandes cambios para Magic: The Gathering. El juego pas\u00f3 de ser una afici\u00f3n para entusiastas a un \u00e9xito masivo a nivel mundial. El inicio de la d\u00e9cada (2010\u20132012) Al comienzo de este periodo, Magic segu\u00eda produci\u00e9ndose en cantidades moderadas. A esta era se la suele llamar &#8230; <a title=\"La Era del Bronce\" class=\"read-more\" href=\"https:\/\/chinesethegathering.com\/es\/era-del-bronce-2010-2019\/\" aria-label=\"Leer m\u00e1s sobre La Era del Bronce\">prueba<\/a><\/p>\n","protected":false},"author":1,"featured_media":2391,"parent":0,"menu_order":0,"comment_status":"closed","ping_status":"closed","template":"","meta":{"footnotes":""},"class_list":["post-2390","page","type-page","status-publish","has-post-thumbnail"],"_links":{"self":[{"href":"https:\/\/chinesethegathering.com\/es\/wp-json\/wp\/v2\/pages\/2390","targetHints":{"allow":["GET"]}}],"collection":[{"href":"https:\/\/chinesethegathering.com\/es\/wp-json\/wp\/v2\/pages"}],"about":[{"href":"https:\/\/chinesethegathering.com\/es\/wp-json\/wp\/v2\/types\/page"}],"author":[{"embeddable":true,"href":"https:\/\/chinesethegathering.com\/es\/wp-json\/wp\/v2\/users\/1"}],"replies":[{"embeddable":true,"href":"https:\/\/chinesethegathering.com\/es\/wp-json\/wp\/v2\/comments?post=2390"}],"version-history":[{"count":0,"href":"https:\/\/chinesethegathering.com\/es\/wp-json\/wp\/v2\/pages\/2390\/revisions"}],"wp:featuredmedia":[{"embeddable":true,"href":"https:\/\/chinesethegathering.com\/es\/wp-json\/wp\/v2\/media\/2391"}],"wp:attachment":[{"href":"https:\/\/chinesethegathering.com\/es\/wp-json\/wp\/v2\/media?parent=2390"}],"curies":[{"name":"wp","href":"https:\/\/api.w.org\/{rel}","templated":true}]}}