{"id":2191,"date":"2026-02-14T17:54:16","date_gmt":"2026-02-14T17:54:16","guid":{"rendered":"https:\/\/chinesethegathering.com\/pokemon-vs-magic-the-gathering\/"},"modified":"2026-02-28T05:54:19","modified_gmt":"2026-02-28T05:54:19","slug":"pokemon-vs-magic-the-gathering","status":"publish","type":"page","link":"https:\/\/chinesethegathering.com\/es\/pokemon-vs-magic-the-gathering\/","title":{"rendered":"Pok\u00e9mon vs. MTG"},"content":{"rendered":"\n<h2 class=\"wp-block-heading\">Magic The Gathering vs Pok\u00e9mon en China: la perspectiva de un coleccionista<\/h2>\n\n<p>En lo que respecta a los juegos de cartas coleccionables en China, dos nombres dominan las conversaciones entre jugadores y coleccionistas por igual: <strong>Magic: The Gathering<\/strong> y <strong>Pok\u00e9mon<\/strong>.<\/p>\n\n<p>Aunque Pok\u00e9mon suele acaparar la atenci\u00f3n general, Magic ocupa una posici\u00f3n \u00fanica y posiblemente m\u00e1s s\u00f3lida para los coleccionistas serios, especialmente en el mercado chino. He aqu\u00ed por qu\u00e9. <\/p>\n\n<h3 class=\"wp-block-heading\">1. Magic lleg\u00f3 primero y fue pionero en la impresi\u00f3n de TCG en chino<\/h3>\n\n<p><\/p>\n\n<div class=\"wp-block-media-text is-stacked-on-mobile\" style=\"grid-template-columns:15% auto\"><figure class=\"wp-block-media-text__media\"><img loading=\"lazy\" decoding=\"async\" width=\"683\" height=\"1024\" src=\"https:\/\/chinesethegathering.com\/wp-content\/uploads\/2026\/02\/a9268709-9b6a-4fa9-83b1-40b1eef2f1b9-683x1024.avif\" alt=\"\" class=\"wp-image-1351 size-full\" srcset=\"https:\/\/chinesethegathering.com\/wp-content\/uploads\/2026\/02\/a9268709-9b6a-4fa9-83b1-40b1eef2f1b9-683x1024.avif 683w, https:\/\/chinesethegathering.com\/wp-content\/uploads\/2026\/02\/a9268709-9b6a-4fa9-83b1-40b1eef2f1b9-200x300.avif 200w, https:\/\/chinesethegathering.com\/wp-content\/uploads\/2026\/02\/a9268709-9b6a-4fa9-83b1-40b1eef2f1b9-768x1152.avif 768w, https:\/\/chinesethegathering.com\/wp-content\/uploads\/2026\/02\/a9268709-9b6a-4fa9-83b1-40b1eef2f1b9.avif 1024w\" sizes=\"auto, (max-width: 683px) 100vw, 683px\" \/><\/figure><div class=\"wp-block-media-text__content is-layout-flow wp-block-media-text-is-layout-flow\">\n<p>Magic: The Gathering se lanz\u00f3 en <strong>1993<\/strong>, lo que lo convierte en el <strong>primer juego de cartas coleccionables jam\u00e1s creado<\/strong>. Pok\u00e9mon lleg\u00f3 m\u00e1s tarde, en <strong>1996<\/strong>. <\/p>\n\n\n\n<p>A\u00fan m\u00e1s importante para los coleccionistas:<br\/>Magic fue el <strong>primer TCG en imprimirse oficialmente en chino<\/strong>, abriendo la puerta a una historia de cartas regional que precede a la mayor\u00eda de los lanzamientos de Pok\u00e9mon en Asia. Desde una perspectiva hist\u00f3rica y coleccionable, Magic desempe\u00f1a un papel fundacional que Pok\u00e9mon simplemente no tiene. <\/p>\n<\/div><\/div>\n\n<p><\/p>\n\n<h3 class=\"wp-block-heading\">2. Muchas m\u00e1s colecciones y cartas \u00fanicas en la era temprana<\/h3>\n\n<div class=\"wp-block-media-text has-media-on-the-right is-stacked-on-mobile\" style=\"grid-template-columns:auto 20%\"><div class=\"wp-block-media-text__content is-layout-flow wp-block-media-text-is-layout-flow\">\n<p>Entre <strong>finales de la d\u00e9cada de 1990 y principios de la de 2000<\/strong>, Magic experiment\u00f3 una explosi\u00f3n en t\u00e9rminos de: colecciones de expansi\u00f3n, dise\u00f1os y mec\u00e1nicas de cartas \u00fanicas e historias<\/p>\n\n\n\n<p>Se imprimieron miles de cartas diferentes en numerosas colecciones estructuradas, superando con creces la producci\u00f3n de Pok\u00e9mon durante el mismo per\u00edodo. Solo los primeros a\u00f1os de producci\u00f3n de Magic forman un universo coleccionable enorme. <\/p>\n<\/div><figure class=\"wp-block-media-text__media\"><img loading=\"lazy\" decoding=\"async\" width=\"1024\" height=\"1024\" src=\"https:\/\/chinesethegathering.com\/wp-content\/uploads\/2026\/02\/BCO.815f4519-84cf-4360-8b97-c655eb221cfc.avif\" alt=\"\" class=\"wp-image-1354 size-full\" srcset=\"https:\/\/chinesethegathering.com\/wp-content\/uploads\/2026\/02\/BCO.815f4519-84cf-4360-8b97-c655eb221cfc.avif 1024w, https:\/\/chinesethegathering.com\/wp-content\/uploads\/2026\/02\/BCO.815f4519-84cf-4360-8b97-c655eb221cfc-300x300.avif 300w, https:\/\/chinesethegathering.com\/wp-content\/uploads\/2026\/02\/BCO.815f4519-84cf-4360-8b97-c655eb221cfc-150x150.avif 150w, https:\/\/chinesethegathering.com\/wp-content\/uploads\/2026\/02\/BCO.815f4519-84cf-4360-8b97-c655eb221cfc-768x768.avif 768w\" sizes=\"auto, (max-width: 1024px) 100vw, 1024px\" \/><\/figure><\/div>\n\n<p><\/p>\n\n<h3 class=\"wp-block-heading\">3. Magic es un multiverso, no una \u00fanica franquicia<\/h3>\n\n<div class=\"wp-block-media-text is-stacked-on-mobile\" style=\"grid-template-columns:35% auto\"><figure class=\"wp-block-media-text__media\"><img loading=\"lazy\" decoding=\"async\" width=\"1024\" height=\"683\" src=\"https:\/\/chinesethegathering.com\/wp-content\/uploads\/2026\/02\/e9998470-c489-4add-bc47-69961a01c0eb-1024x683.avif\" alt=\"\" class=\"wp-image-1356 size-full\" srcset=\"https:\/\/chinesethegathering.com\/wp-content\/uploads\/2026\/02\/e9998470-c489-4add-bc47-69961a01c0eb-1024x683.avif 1024w, https:\/\/chinesethegathering.com\/wp-content\/uploads\/2026\/02\/e9998470-c489-4add-bc47-69961a01c0eb-300x200.avif 300w, https:\/\/chinesethegathering.com\/wp-content\/uploads\/2026\/02\/e9998470-c489-4add-bc47-69961a01c0eb-768x512.avif 768w, https:\/\/chinesethegathering.com\/wp-content\/uploads\/2026\/02\/e9998470-c489-4add-bc47-69961a01c0eb.avif 1536w\" sizes=\"auto, (max-width: 1024px) 100vw, 1024px\" \/><\/figure><div class=\"wp-block-media-text__content is-layout-flow wp-block-media-text-is-layout-flow\">\n<p>Pok\u00e9mon gira en torno a una marca central y un ecosistema de criaturas.<\/p>\n\n\n\n<p>Magic, por otro lado, es un <strong>multiverso de mundos<\/strong>:<\/p>\n\n\n\n<ul class=\"wp-block-list\">\n<li>Narrativa en evoluci\u00f3n<\/li>\n\n\n\n<li>Diferentes planos<\/li>\n\n\n\n<li>Nuevos personajes en cada bloque<\/li>\n<\/ul>\n\n\n\n<p>Y hoy va a\u00fan m\u00e1s lejos con <strong>Universes Beyond<\/strong>, expandi\u00e9ndose hacia una narrativa transmundial muy alejada de la fantas\u00eda tradicional. Magic no es una franquicia. Es un universo narrativo en constante expansi\u00f3n. Esto otorga a Magic una longevidad creativa y una diversidad coleccionable muy superiores.   <\/p>\n<\/div><\/div>\n\n<p><\/p>\n\n<p><\/p>\n\n<h3 class=\"wp-block-heading\">4. Colecciones estructuradas con identidad de expansi\u00f3n clara<\/h3>\n\n<figure class=\"wp-block-table\"><table class=\"has-fixed-layout\"><tbody><tr><td>Las colecciones de Magic est\u00e1n muy organizadas:<\/td><td>Para los coleccionistas, esto es muy importante. Se puede identificar instant\u00e1neamente: <\/td><\/tr><tr><td>&#8211; Cada expansi\u00f3n tiene un <strong>s\u00edmbolo \u00fanico<\/strong><br\/>&#8211; Estructuras de bloques claras<br\/>&#8211; Mec\u00e1nicas tem\u00e1ticas vinculadas a cada mundo<\/td><td>&#8211; Era<br\/>&#8211; Colecci\u00f3n<br\/>&#8211; Contexto de rareza<\/td><\/tr><\/tbody><\/table><\/figure>\n\n<p>Las colecciones de Pok\u00e9mon est\u00e1n mucho menos definidas estructuralmente, dependiendo a menudo en gran medida de la marca en lugar de una identidad de expansi\u00f3n sistem\u00e1tica. El sistema de Magic hace que construir colecciones hist\u00f3ricas sea m\u00e1s limpio, rico y significativo. <\/p>\n\n<h3 class=\"wp-block-heading\">5. Profundidad de juego: estrategia sobre simplicidad<\/h3>\n\n<div class=\"wp-block-media-text is-stacked-on-mobile is-vertically-aligned-center\" style=\"grid-template-columns:30% auto\"><figure class=\"wp-block-media-text__media\"><img loading=\"lazy\" decoding=\"async\" width=\"1024\" height=\"1024\" src=\"https:\/\/chinesethegathering.com\/wp-content\/uploads\/2026\/02\/BCO.ebe63d2f-9e04-4e09-b6c9-fc2471a20f15.avif\" alt=\"\" class=\"wp-image-1365 size-full\" srcset=\"https:\/\/chinesethegathering.com\/wp-content\/uploads\/2026\/02\/BCO.ebe63d2f-9e04-4e09-b6c9-fc2471a20f15.avif 1024w, https:\/\/chinesethegathering.com\/wp-content\/uploads\/2026\/02\/BCO.ebe63d2f-9e04-4e09-b6c9-fc2471a20f15-300x300.avif 300w, https:\/\/chinesethegathering.com\/wp-content\/uploads\/2026\/02\/BCO.ebe63d2f-9e04-4e09-b6c9-fc2471a20f15-150x150.avif 150w, https:\/\/chinesethegathering.com\/wp-content\/uploads\/2026\/02\/BCO.ebe63d2f-9e04-4e09-b6c9-fc2471a20f15-768x768.avif 768w\" sizes=\"auto, (max-width: 1024px) 100vw, 1024px\" \/><\/figure><div class=\"wp-block-media-text__content is-layout-flow wp-block-media-text-is-layout-flow\">\n<p>Magic se construy\u00f3 como un juego centrado en la estrategia:<\/p>\n\n\n\n<ol class=\"wp-block-list\">\n<li>Gesti\u00f3n de recursos (sistema de man\u00e1)<\/li>\n\n\n\n<li>Interacciones complejas<\/li>\n\n\n\n<li>Formatos de torneos competitivos<\/li>\n\n\n\n<li>Miles de arquetipos de mazos viables<\/li>\n<\/ol>\n\n\n\n<p>Pok\u00e9mon, por dise\u00f1o, sigue siendo mucho m\u00e1s simple y est\u00e1 muy orientado a audiencias m\u00e1s j\u00f3venes. Esta profundidad ha ayudado a Magic a mantenerse relevante durante m\u00e1s de 30 a\u00f1os. <\/p>\n<\/div><\/div>\n\n<p><\/p>\n\n<h3 class=\"wp-block-heading\">6. Rareza aut\u00e9ntica: las cartas de Magic se imprimieron en cantidades mucho menores<\/h3>\n\n<p>Una de las mayores ventajas de Magic para los coleccionistas, especialmente en ediciones chinas, es el <strong>volumen de impresi\u00f3n<\/strong>.<\/p>\n\n<div class=\"wp-block-media-text has-media-on-the-right is-stacked-on-mobile\" style=\"grid-template-columns:auto 20%\"><div class=\"wp-block-media-text__content is-layout-flow wp-block-media-text-is-layout-flow\">\n<p>Las cartas de Magic (particularmente las colecciones m\u00e1s antiguas):<\/p>\n\n\n\n<ul class=\"wp-block-list\">\n<li>Se imprimieron en cantidades mucho menores que Pok\u00e9mon<\/li>\n\n\n\n<li>Tuvieron tasas de supervivencia m\u00e1s bajas<\/li>\n\n\n\n<li>Se distribuyeron en tiradas regionales m\u00e1s limitadas<\/li>\n<\/ul>\n\n\n\n<p>Pok\u00e9mon explot\u00f3 como un fen\u00f3meno de mercado masivo.<\/p>\n\n\n\n<p>Magic, especialmente en las primeras impresiones chinas, permaneci\u00f3 como un nicho, haciendo que muchas cartas sean dram\u00e1ticamente m\u00e1s raras hoy. La escasez impulsa el valor coleccionable a largo plazo. Y Magic gana esta categor\u00eda por un amplio margen.  <\/p>\n<\/div><figure class=\"wp-block-media-text__media\"><img loading=\"lazy\" decoding=\"async\" width=\"683\" height=\"1024\" src=\"https:\/\/chinesethegathering.com\/wp-content\/uploads\/2026\/02\/523b0de0-f0f8-4a76-b8bd-d08d3b2441d5-683x1024.avif\" alt=\"\" class=\"wp-image-1367 size-full\" srcset=\"https:\/\/chinesethegathering.com\/wp-content\/uploads\/2026\/02\/523b0de0-f0f8-4a76-b8bd-d08d3b2441d5-683x1024.avif 683w, https:\/\/chinesethegathering.com\/wp-content\/uploads\/2026\/02\/523b0de0-f0f8-4a76-b8bd-d08d3b2441d5-200x300.avif 200w, https:\/\/chinesethegathering.com\/wp-content\/uploads\/2026\/02\/523b0de0-f0f8-4a76-b8bd-d08d3b2441d5-768x1152.avif 768w, https:\/\/chinesethegathering.com\/wp-content\/uploads\/2026\/02\/523b0de0-f0f8-4a76-b8bd-d08d3b2441d5.avif 1024w\" sizes=\"auto, (max-width: 683px) 100vw, 683px\" \/><\/figure><\/div>\n\n<p><\/p>\n\n<h2 class=\"wp-block-heading\">Reflexiones finales: por qu\u00e9 Magic es el est\u00e1ndar de oro para los coleccionistas<\/h2>\n\n<h4 class=\"wp-block-heading\">Pok\u00e9mon es popular, pero Magic es fundacional.<\/h4>\n\n<p>Para los coleccionistas que valoran la importancia a largo plazo, Magic: The Gathering se encuentra en una categor\u00eda aparte, particularmente en el mercado chino, donde las primeras tiradas de impresi\u00f3n se encuentran entre las m\u00e1s raras del mundo de los JCC.<\/p>\n\n<p class=\"has-medium-font-size\"><em>Pok\u00e9mon puede ser popular. Pero Magic The Gathering es patrimonio. Y en el coleccionismo, el patrimonio siempre gana.<\/em>..<\/p>\n\n<p><\/p>\n","protected":false},"excerpt":{"rendered":"<p>Magic The Gathering vs Pok\u00e9mon en China: la perspectiva de un coleccionista En lo que respecta a los juegos de cartas coleccionables en China, dos nombres dominan las conversaciones entre jugadores y coleccionistas por igual: Magic: The Gathering y Pok\u00e9mon. Aunque Pok\u00e9mon suele acaparar la atenci\u00f3n general, Magic ocupa una posici\u00f3n \u00fanica y posiblemente m\u00e1s &#8230; <a title=\"Pok\u00e9mon vs. MTG\" class=\"read-more\" href=\"https:\/\/chinesethegathering.com\/es\/pokemon-vs-magic-the-gathering\/\" aria-label=\"Leer m\u00e1s sobre Pok\u00e9mon vs. MTG\">prueba<\/a><\/p>\n","protected":false},"author":1,"featured_media":2192,"parent":0,"menu_order":0,"comment_status":"closed","ping_status":"closed","template":"","meta":{"footnotes":""},"class_list":["post-2191","page","type-page","status-publish","has-post-thumbnail"],"_links":{"self":[{"href":"https:\/\/chinesethegathering.com\/es\/wp-json\/wp\/v2\/pages\/2191","targetHints":{"allow":["GET"]}}],"collection":[{"href":"https:\/\/chinesethegathering.com\/es\/wp-json\/wp\/v2\/pages"}],"about":[{"href":"https:\/\/chinesethegathering.com\/es\/wp-json\/wp\/v2\/types\/page"}],"author":[{"embeddable":true,"href":"https:\/\/chinesethegathering.com\/es\/wp-json\/wp\/v2\/users\/1"}],"replies":[{"embeddable":true,"href":"https:\/\/chinesethegathering.com\/es\/wp-json\/wp\/v2\/comments?post=2191"}],"version-history":[{"count":0,"href":"https:\/\/chinesethegathering.com\/es\/wp-json\/wp\/v2\/pages\/2191\/revisions"}],"wp:featuredmedia":[{"embeddable":true,"href":"https:\/\/chinesethegathering.com\/es\/wp-json\/wp\/v2\/media\/2192"}],"wp:attachment":[{"href":"https:\/\/chinesethegathering.com\/es\/wp-json\/wp\/v2\/media?parent=2191"}],"curies":[{"name":"wp","href":"https:\/\/api.w.org\/{rel}","templated":true}]}}