{"id":2176,"date":"2026-02-11T20:55:42","date_gmt":"2026-02-11T20:55:42","guid":{"rendered":"https:\/\/chinesethegathering.com\/epoca-dorada-1995-2003\/"},"modified":"2026-03-31T20:20:03","modified_gmt":"2026-03-31T20:20:03","slug":"epoca-dorada-1995-2003","status":"publish","type":"page","link":"https:\/\/chinesethegathering.com\/es\/epoca-dorada-1995-2003\/","title":{"rendered":"La era dorada"},"content":{"rendered":"\n<h3 class=\"wp-block-heading\"><strong>Magic: The Gathering (1995\u20132003)<\/strong><\/h3>\n\n<p>Esta colecci\u00f3n representa un registro hist\u00f3rico definitivo de <strong>Magic: The Gathering<\/strong> tal y como se lanz\u00f3 por primera vez al mundo de habla china. Abarca desde la primera impresi\u00f3n en chino de 1995 hasta el importante a\u00f1o 2003, que marc\u00f3 el inicio de una pausa de diez a\u00f1os para las ediciones en chino tradicional. Esta recopilaci\u00f3n demuestra una gran paciencia, precisi\u00f3n ling\u00fc\u00edstica y una profunda pasi\u00f3n por la historia del juego.  <\/p>\n\n<h3 class=\"wp-block-heading\">El objetivo: completar a la perfecci\u00f3n en dos idiomas<\/h3>\n\n<p>La principal caracter\u00edstica de esta colecci\u00f3n es que est\u00e1 completa en dos idiomas. Mientras que muchos coleccionistas se centran en una sola regi\u00f3n, este proyecto conecta con \u00e9xito dos sistemas de escritura diferentes: <\/p>\n\n<ul class=\"wp-block-list\">\n<li><strong>Chino simplificado:<\/strong> Representa las ediciones publicadas para China continental.<\/li>\n\n\n\n<li><strong>Chino tradicional:<\/strong> Representa las ediciones publicadas para Taiw\u00e1n y Hong Kong.<\/li>\n<\/ul>\n\n<p>Durante esta \u00e9poca, se ha localizado cuidadosamente cada carta de cada edici\u00f3n en ambos idiomas. Esto suma un total de <strong>46 ediciones completas<\/strong>, mostrando exactamente c\u00f3mo evolucion\u00f3 Magic a finales de los 90 y a principios de los 2000. <\/p>\n\n<p><\/p>\n\n<div class=\"wp-block-wpbb-wbd-progress-bar wbd-progress-bar\"><div class=\"progress-name\" style=\"color:#333333;font-size:16px;font-family:inherit;margin-bottom:8px\">Finalizaci\u00f3n del proyecto: 44 ediciones (de 46)<\/div><div class=\"progress-track-wrapper\" data-wbd-percent=\"96\" data-wbd-easing=\"ease\" data-wbd-duration=\"1.2\"><div class=\"progress-track\" style=\"background-color:#e5e5e5;height:32px;border-radius:999px\"><div class=\"progress-fill\" style=\"width:96%;border-radius:999px;transition:width 1.2s ease;background-color:#c43d3d\"><span class=\"progress-percentage\" style=\"color:#ffffff;font-size:14px;font-family:inherit;font-weight:600;white-space:nowrap\">96%<\/span><\/div><\/div><\/div><\/div>\n\n<p><\/p>\n\n<p><em>lista de sets de Scryfall que cubre el proyecto:<\/em><\/p>\n<div class=\"wp-block-image\">\n<figure class=\"aligncenter\"><a href=\"https:\/\/scryfall.com\/sets?lang=zht\" target=\"_blank\" rel=\"noopener\"><img loading=\"lazy\" decoding=\"async\" width=\"1009\" height=\"929\" src=\"https:\/\/chinesethegathering.com\/wp-content\/uploads\/2026\/02\/Capture-decran-2026-02-11-103206.avif\" alt=\"\" class=\"wp-image-87\" srcset=\"https:\/\/chinesethegathering.com\/wp-content\/uploads\/2026\/02\/Capture-decran-2026-02-11-103206.avif 1009w, https:\/\/chinesethegathering.com\/wp-content\/uploads\/2026\/02\/Capture-decran-2026-02-11-103206-300x276.avif 300w, https:\/\/chinesethegathering.com\/wp-content\/uploads\/2026\/02\/Capture-decran-2026-02-11-103206-768x707.avif 768w\" sizes=\"auto, (max-width: 1009px) 100vw, 1009px\" \/><\/a><\/figure>\n<\/div>\n<p><\/p>\n\n<h3 class=\"wp-block-heading\">Una b\u00fasqueda de m\u00e1s de diez a\u00f1os<\/h3>\n\n<p>Reunir estas ediciones requiri\u00f3 algo m\u00e1s que dinero; requiri\u00f3 la mirada de un experto. Buscar en el mercado global para distinguir entre cartas en chino simplificado y chino tradicional fue dif\u00edcil. Como los vendedores internacionales a menudo confunden ambas, esto se convirti\u00f3 en una b\u00fasqueda que dur\u00f3 diez a\u00f1os.  <\/p>\n\n<h3 class=\"wp-block-heading\">M\u00e1s raro que Alpha y Summer Magic<\/h3>\n\n<p>Dentro de este recorrido de 46 colecciones, un grupo espec\u00edfico de lanzamientos en chino simplificado se encuentra en una categor\u00eda aparte. Las versiones en chino simplificado de <strong>Quinta Edici\u00f3n<\/strong>, <strong>La Saga de Urza<\/strong> y el <strong>Portal<\/strong> original no son solo dif\u00edciles de encontrar; son legendarias. Observando cu\u00e1ntas copias siguen existiendo hoy en d\u00eda, estas colecciones son probablemente m\u00e1s raras que la famosa <strong>Alpha<\/strong> y tan dif\u00edciles de encontrar como la rara <strong>Summer Magic (Edgar)<\/strong>.  <\/p>\n\n<p>A mediados y finales de los 90, la distribuci\u00f3n de cartas en China continental era muy desorganizada y hab\u00eda pocos jugadores, por lo que solo sobrevivi\u00f3 un n\u00famero reducido de cartas<sup><\/sup>. Para los coleccionistas serios, estas ediciones son el \u201cSanto Grial\u201d de Magic en chino<sup><\/sup>. Son las \u201cediciones fantasma\u201d de Oriente, y a menudo faltan incluso en las mejores colecciones del mundo porque son casi imposibles de comprar<sup><\/sup>.  <\/p>\n<div class=\"wp-block-image\">\n<figure class=\"aligncenter size-large\"><img loading=\"lazy\" decoding=\"async\" width=\"1024\" height=\"683\" src=\"https:\/\/chinesethegathering.com\/wp-content\/uploads\/2026\/02\/b1e56596-7b56-4770-9afe-16599a8959a4-1-1024x683.avif\" alt=\"\" class=\"wp-image-1560\" srcset=\"https:\/\/chinesethegathering.com\/wp-content\/uploads\/2026\/02\/b1e56596-7b56-4770-9afe-16599a8959a4-1-1024x683.avif 1024w, https:\/\/chinesethegathering.com\/wp-content\/uploads\/2026\/02\/b1e56596-7b56-4770-9afe-16599a8959a4-1-300x200.avif 300w, https:\/\/chinesethegathering.com\/wp-content\/uploads\/2026\/02\/b1e56596-7b56-4770-9afe-16599a8959a4-1-768x512.avif 768w, https:\/\/chinesethegathering.com\/wp-content\/uploads\/2026\/02\/b1e56596-7b56-4770-9afe-16599a8959a4-1.avif 1536w\" sizes=\"auto, (max-width: 1024px) 100vw, 1024px\" \/><\/figure>\n<\/div>\n<p><\/p>\n\n<h3 class=\"wp-block-heading\">Registros hist\u00f3ricos de MTG en chino<\/h3>\n\n<p>Dentro de estas 46 ediciones se encuentran algunas de las impresiones m\u00e1s raras de la historia del juego<sup><\/sup>. Muchas de estas cartas tuvieron tiradas muy peque\u00f1as, y algunas ediciones en chino tradicional son famosas por ser muy dif\u00edciles de completar<sup><\/sup>. Encontrar copias de estas primeras cartas hoy en d\u00eda es casi imposible, lo que convierte a esta colecci\u00f3n en una de las pocas de su tipo en el mundo<sup><\/sup>.  <\/p>\n\n<p>Desde las primeras cartas con borde negro de 1995 hasta las \u00faltimas cartas en chino tradicional de 2003, este es un registro completo de una \u00e9poca que ha desaparecido.<\/p>\n\n<blockquote class=\"wp-block-quote is-layout-flow wp-block-quote-is-layout-flow\">\n<p class=\"has-base-2-background-color has-background\">Reunir estas <strong>46 ediciones completas<\/strong> es m\u00e1s que coleccionar; es una forma de documentar la historia. <strong>Encontrar cada una de las cartas tanto en chino simplificado como en chino tradicional<\/strong> entre 1995 y 2003 fue un desaf\u00edo \u00fanico que requiri\u00f3 una gran paciencia. Sirve como testimonio de una \u00e9poca en la que Magic apenas empezaba a hablarle al mundo. <\/p>\n<\/blockquote>\n\n<p><\/p>\n","protected":false},"excerpt":{"rendered":"<p>Magic: The Gathering (1995\u20132003) Esta colecci\u00f3n representa un registro hist\u00f3rico definitivo de Magic: The Gathering tal y como se lanz\u00f3 por primera vez al mundo de habla china. Abarca desde la primera impresi\u00f3n en chino de 1995 hasta el importante a\u00f1o 2003, que marc\u00f3 el inicio de una pausa de diez a\u00f1os para las ediciones &#8230; <a title=\"La era dorada\" class=\"read-more\" href=\"https:\/\/chinesethegathering.com\/es\/epoca-dorada-1995-2003\/\" aria-label=\"Leer m\u00e1s sobre La era dorada\">prueba<\/a><\/p>\n","protected":false},"author":1,"featured_media":2177,"parent":0,"menu_order":0,"comment_status":"closed","ping_status":"closed","template":"","meta":{"footnotes":""},"class_list":["post-2176","page","type-page","status-publish","has-post-thumbnail"],"_links":{"self":[{"href":"https:\/\/chinesethegathering.com\/es\/wp-json\/wp\/v2\/pages\/2176","targetHints":{"allow":["GET"]}}],"collection":[{"href":"https:\/\/chinesethegathering.com\/es\/wp-json\/wp\/v2\/pages"}],"about":[{"href":"https:\/\/chinesethegathering.com\/es\/wp-json\/wp\/v2\/types\/page"}],"author":[{"embeddable":true,"href":"https:\/\/chinesethegathering.com\/es\/wp-json\/wp\/v2\/users\/1"}],"replies":[{"embeddable":true,"href":"https:\/\/chinesethegathering.com\/es\/wp-json\/wp\/v2\/comments?post=2176"}],"version-history":[{"count":0,"href":"https:\/\/chinesethegathering.com\/es\/wp-json\/wp\/v2\/pages\/2176\/revisions"}],"wp:featuredmedia":[{"embeddable":true,"href":"https:\/\/chinesethegathering.com\/es\/wp-json\/wp\/v2\/media\/2177"}],"wp:attachment":[{"href":"https:\/\/chinesethegathering.com\/es\/wp-json\/wp\/v2\/media?parent=2176"}],"curies":[{"name":"wp","href":"https:\/\/api.w.org\/{rel}","templated":true}]}}