{"id":2160,"date":"2026-02-21T21:30:18","date_gmt":"2026-02-21T21:30:18","guid":{"rendered":"https:\/\/chinesethegathering.com\/cartas-con-arte-alternativo\/"},"modified":"2026-03-08T19:52:03","modified_gmt":"2026-03-08T19:52:03","slug":"cartas-con-arte-alternativo","status":"publish","type":"page","link":"https:\/\/chinesethegathering.com\/es\/cartas-con-arte-alternativo\/","title":{"rendered":"Cartas con arte alternativo"},"content":{"rendered":"\n<h2 class=\"wp-block-heading\">Por qu\u00e9 algunas cartas tienen un aspecto diferente en su versi\u00f3n china<\/h2>\n\n<p>Se crean versiones de cartas espec\u00edficas para el mercado con el fin de respetar las preferencias culturales locales. Esto a menudo implica la actualizaci\u00f3n de ilustraciones que presentan esqueletos, iconos religiosos o im\u00e1genes sensibles para cumplir con los requisitos regionales.  <\/p>\n\n<p>Por este motivo, Wizards of the Coast (WotC) tuvo que cambiar la ilustraci\u00f3n de muchas cartas vendidas en China. Al principio, sustituyeron la ilustraci\u00f3n por completo, pero m\u00e1s tarde empezaron a modificar las im\u00e1genes originales.  Hoy en d\u00eda, WotC suele pedir a los artistas que sigan estos est\u00e1ndares desde el principio, por lo que rara vez se necesita ya ilustraci\u00f3n especial \u201csolo para China\u201d. <strong>Crep\u00fasculo en 2008 fue la \u00faltima colecci\u00f3n en recibir cartas con arte alternativo.<\/strong><\/p>\n\n<div class=\"wp-block-group is-nowrap is-layout-flex wp-container-core-group-is-layout-ad2f72ca wp-block-group-is-layout-flex\">\n<p><\/p>\n\n\n\n<p><\/p>\n\n\n\n<p><\/p>\n<\/div>\n\n<figure class=\"wp-block-gallery has-nested-images columns-default is-cropped wp-block-gallery-1 is-layout-flex wp-block-gallery-is-layout-flex\">\n<figure class=\"wp-block-image size-large\"><img loading=\"lazy\" decoding=\"async\" width=\"500\" height=\"371\" data-id=\"1261\" src=\"https:\/\/chinesethegathering.com\/wp-content\/uploads\/2026\/02\/6589.avif\" alt=\"\" class=\"wp-image-1261\" srcset=\"https:\/\/chinesethegathering.com\/wp-content\/uploads\/2026\/02\/6589.avif 500w, https:\/\/chinesethegathering.com\/wp-content\/uploads\/2026\/02\/6589-300x223.avif 300w\" sizes=\"auto, (max-width: 500px) 100vw, 500px\" \/><\/figure>\n\n\n\n<figure class=\"wp-block-image size-large\"><img loading=\"lazy\" decoding=\"async\" width=\"502\" height=\"371\" data-id=\"1258\" src=\"https:\/\/chinesethegathering.com\/wp-content\/uploads\/2026\/02\/image-2.avif\" alt=\"\" class=\"wp-image-1258\" srcset=\"https:\/\/chinesethegathering.com\/wp-content\/uploads\/2026\/02\/image-2.avif 502w, https:\/\/chinesethegathering.com\/wp-content\/uploads\/2026\/02\/image-2-300x222.avif 300w\" sizes=\"auto, (max-width: 502px) 100vw, 502px\" \/><\/figure>\n<\/figure>\n\n<p class=\"has-small-font-size\"><em>Guardia de la Casa Dimir<\/em> de la edici\u00f3n inglesa R\u00e1vnica: Ciudad de Gremios vs. <em>Guardia de la Casa Dimir<\/em> con arte alternativo en chino simplificado (se a\u00f1adi\u00f3 piel a la figura principal) de John Zeleznik.<em> (fuente: <a href=\"https:\/\/www.magiclibrarities.net\/506-rarities-simplified-chinese-alternate-art-cards-simplified-chinese-cards-index.html\" data-type=\"link\" data-id=\"https:\/\/www.magiclibrarities.net\/506-rarities-simplified-chinese-alternate-art-cards-simplified-chinese-cards-index.html\" target=\"_blank\" rel=\"noreferrer noopener\">Magic Librarities<\/a>)<\/em><\/p>\n\n<h3 class=\"wp-block-heading\">La regla de los \u00abesqueletos\u00bb cambi\u00f3 en 2008<\/h3>\n\n<p>En 2008, los aficionados se preguntaron c\u00f3mo la colecci\u00f3n <em>Shards of Alara<\/em> \u2014llena de esqueletos\u2014 podr\u00eda venderse en China.<\/p>\n\n<ul class=\"wp-block-list\">\n<li><strong>Elecci\u00f3n creativa<\/strong>: WotC decidi\u00f3 no crear cientos de cartas alternativas para esa colecci\u00f3n.<\/li>\n\n\n\n<li><strong>Cambio cultural<\/strong>: Aunque los esqueletos eran vistos como \u00abde mala suerte\u00bb por las personas mayores, los jugadores m\u00e1s j\u00f3venes los consideran \u00abatrevidos\u00bb o geniales.<\/li>\n\n\n\n<li><strong>Permiso<\/strong>: La oficina de WotC en China permiti\u00f3 que la colecci\u00f3n se lanzara sin cambios.<\/li>\n<\/ul>\n\n<figure class=\"wp-block-image size-full\"><img loading=\"lazy\" decoding=\"async\" width=\"1200\" height=\"199\" src=\"https:\/\/chinesethegathering.com\/wp-content\/uploads\/2026\/02\/Sans-titre-2.avif\" alt=\"\" class=\"wp-image-1291\" style=\"object-fit:cover\" srcset=\"https:\/\/chinesethegathering.com\/wp-content\/uploads\/2026\/02\/Sans-titre-2.avif 1200w, https:\/\/chinesethegathering.com\/wp-content\/uploads\/2026\/02\/Sans-titre-2-300x50.avif 300w, https:\/\/chinesethegathering.com\/wp-content\/uploads\/2026\/02\/Sans-titre-2-1024x170.avif 1024w, https:\/\/chinesethegathering.com\/wp-content\/uploads\/2026\/02\/Sans-titre-2-768x127.avif 768w\" sizes=\"auto, (max-width: 1200px) 100vw, 1200px\" \/><\/figure>\n\n<p class=\"has-small-font-size\"><em>Mago del Gremio Golgari de la edici\u00f3n inglesa R\u00e1vnica: Ciudad de Gremios vs. Mago del Gremio Golgari con arte alternativo en chino simplificado (cr\u00e1neo pintado y reemplazado por un orbe de piedra) de Zoltan Boros &amp; Gabor Szikszai. (fuente: <a href=\"https:\/\/www.magiclibrarities.net\/506-rarities-simplified-chinese-alternate-art-cards-simplified-chinese-cards-index.html\" data-type=\"link\" data-id=\"https:\/\/www.magiclibrarities.net\/506-rarities-simplified-chinese-alternate-art-cards-simplified-chinese-cards-index.html\" target=\"_blank\" rel=\"noreferrer noopener\">Magic Librarities<\/a>) <\/em><\/p>\n\n<h3 class=\"wp-block-heading\">Cartas con arte alternativo (solo no Foil)<\/h3>\n\n<p>Aqu\u00ed tiene la lista de <strong>101 ilustraciones alternativas \u00fanicas<\/strong> encontradas en colecciones chinas, excluyendo las versiones Foil. Si desea m\u00e1s detalles, le sugiero que visite la secci\u00f3n dedicada en <a href=\"https:\/\/www.magiclibrarities.net\/510-rarities-simplified-chinese-alternate-art-cards-simplified-chinese-cards-index.html\" data-type=\"link\" data-id=\"https:\/\/www.magiclibrarities.net\/510-rarities-simplified-chinese-alternate-art-cards-simplified-chinese-cards-index.html\" target=\"_blank\" rel=\"noreferrer noopener\">Magic Librarities<\/a>. <\/p>\n\n<hr class=\"wp-block-separator has-alpha-channel-opacity\"\/>\n    \n    <style>\n        .mtg-table { width: 100%; border-collapse: collapse; text-align: center; font-family: sans-serif; margin: 20px 0; border: 1px solid #ddd; }\n        .mtg-table td:not(.mtg-header) { padding: 15px 5px; border: 1px solid #ddd; transition: all 0.3s ease; width: 20%; vertical-align: middle; }\n        .mtg-table td:not(.mtg-header):hover { transform: scale(1.1); z-index: 10; position: relative; background-color: #f9f9f9; box-shadow: 0 4px 12px rgba(0,0,0,0.1); }\n        .mtg-header { background-color: #333; color: #fff; font-weight: bold; padding: 12px !important; text-transform: uppercase; font-size: 0.9em; letter-spacing: 1px; }\n        .mtg-table a { text-decoration: none; color: inherit; display: block; }\n        .card-count { display: block; font-size: 0.8em; margin-top: 8px; color: #666; font-weight: normal; }\n    <\/style>\n\n    <table class=\"mtg-table\">\n      <tbody>\n        <tr><td colspan=\"5\" class=\"mtg-header\">Borde Antiguo (1997-2001)<\/td><\/tr>\n        <tr>\n          <td><a href=\"https:\/\/chinesethegathering.com\/es\/portal-alternate-arts\/\"><i class=\"ss ss-por ss-2x\"><\/i><span class=\"card-count\">29 cartas<\/span><\/a><\/td>\n          <td><a href=\"https:\/\/chinesethegathering.com\/es\/fifth-edition-alternate-arts\/\"><i class=\"ss ss-5ed ss-2x\"><\/i><span class=\"card-count\">6 cartas<\/span><\/a><\/td>\n          <td><a href=\"https:\/\/chinesethegathering.com\/es\/sixth-edition-alternate-arts\/\"><i class=\"ss ss-6ed ss-2x\"><\/i><span class=\"card-count\">1 cartas<\/span><\/a><\/td>\n          <td><a href=\"https:\/\/chinesethegathering.com\/es\/seventh-edition-alternate-arts\/\"><i class=\"ss ss-7ed ss-2x\"><\/i><span class=\"card-count\">4 cartas<\/span><\/a><\/td>\n          <td><a href=\"https:\/\/chinesethegathering.com\/es\/urzas-saga-alternate-arts\/\"><i class=\"ss ss-usg ss-2x\"><\/i><span class=\"card-count\">7 cartas<\/span><\/a><\/td>\n        <\/tr>\n        <tr>\n          <td><a href=\"https:\/\/chinesethegathering.com\/es\/invasion-alternate-arts\/\"><i class=\"ss ss-inv ss-2x\"><\/i><span class=\"card-count\">2 cartas<\/span><\/a><\/td>\n          <td><a href=\"https:\/\/chinesethegathering.com\/es\/odyssey-alternate-arts\/\"><i class=\"ss ss-ody ss-2x\"><\/i><span class=\"card-count\">4 cartas<\/span><\/a><\/td>\n          <td colspan=\"3\" style=\"background: #fafafa;\"><\/td>\n        <\/tr>\n\n        <tr><td colspan=\"5\" class=\"mtg-header\">Borde Moderno (2003-2008)<\/td><\/tr>\n        <tr>\n          <td><a href=\"https:\/\/chinesethegathering.com\/es\/eight-edition-alternate-arts\/\"><i class=\"ss ss-8ed ss-2x\"><\/i><span class=\"card-count\">3 cartas<\/span><\/a><\/td>\n          <td><a href=\"https:\/\/chinesethegathering.com\/es\/tenth-x-edition\/\"><i class=\"ss ss-10e ss-2x\"><\/i><span class=\"card-count\">9 cartas<\/span><\/a><\/td>\n          <td><a href=\"https:\/\/chinesethegathering.com\/es\/darksteel-alternate-arts\/\"><i class=\"ss ss-dst ss-2x\"><\/i><span class=\"card-count\">1 cartas<\/span><\/a><\/td>\n          <td><a href=\"https:\/\/chinesethegathering.com\/es\/ravnica-city-of-guilds-alternate-arts\/\"><i class=\"ss ss-rav ss-2x\"><\/i><span class=\"card-count\">7 cartas<\/span><\/a><\/td>\n          <td><a href=\"https:\/\/chinesethegathering.com\/es\/guildpact-alternate-arts\/\"><i class=\"ss ss-gpt ss-2x\"><\/i><span class=\"card-count\">3 cartas<\/span><\/a><\/td>\n        <\/tr>\n        <tr>\n          <td><a href=\"https:\/\/chinesethegathering.com\/es\/dissension-alternate-arts\/\"><i class=\"ss ss-dis ss-2x\"><\/i><span class=\"card-count\">1 cartas<\/span><\/a><\/td>\n          <td><a href=\"https:\/\/chinesethegathering.com\/es\/time-spiral-alternate-arts\/\"><i class=\"ss ss-tsp ss-2x\"><\/i><span class=\"card-count\">2 cartas<\/span><\/a><\/td>\n          <td><a href=\"https:\/\/chinesethegathering.com\/es\/planar-chaos-alternate-arts\/\"><i class=\"ss ss-plc ss-2x\"><\/i><span class=\"card-count\">1 cartas<\/span><\/a><\/td>\n          <td><a href=\"https:\/\/chinesethegathering.com\/es\/future-sight-alternate-arts\/\"><i class=\"ss ss-fut ss-2x\"><\/i><span class=\"card-count\">5 cartas<\/span><\/a><\/td>\n          <td><a href=\"https:\/\/chinesethegathering.com\/es\/lorwyn-alternate-arts\/\"><i class=\"ss ss-lrw ss-2x\"><\/i><span class=\"card-count\">1 cartas<\/span><\/a><\/td>\n        <\/tr>\n        <tr>\n          <td><a href=\"https:\/\/chinesethegathering.com\/es\/morningtide-alternate-arts\/\"><i class=\"ss ss-mor ss-2x\"><\/i><span class=\"card-count\">3 cartas<\/span><\/a><\/td>\n          <td><a href=\"https:\/\/chinesethegathering.com\/es\/shadowmoor-alternate-arts\/\"><i class=\"ss ss-shm ss-2x\"><\/i><span class=\"card-count\">8 cartas<\/span><\/a><\/td>\n          <td><a href=\"https:\/\/chinesethegathering.com\/es\/eventide-alternate-arts\/\"><i class=\"ss ss-eve ss-2x\"><\/i><span class=\"card-count\">4 cartas<\/span><\/a><\/td>\n          <td colspan=\"2\" style=\"background: #fafafa;\"><\/td>\n        <\/tr>\n      <\/tbody>\n    <\/table>\n\n    \n\n<p><strong>Las versiones Foil de estas cartas existen desde la colecci\u00f3n Odisea en 2001. Algunas de las variantes Foil de estas cartas son incre\u00edblemente raras y caras. <\/strong><\/p>\n\n<p><\/p>\n\n<blockquote class=\"wp-block-quote is-layout-flow wp-block-quote-is-layout-flow\">\n<p class=\"has-base-2-background-color has-background\">\u00bfSab\u00eda que? Solo hay 8 cartas foil de marco antiguo con arte alternativo exclusivo chino: 4 de la S\u00e9ptima Edici\u00f3n y 4 de Odisea. De hecho, \u00a1las cartas foil de arte alternativo de Invasi\u00f3n se imprimieron en ingl\u00e9s!  <\/p>\n<\/blockquote>\n\n<figure class=\"wp-block-image size-full\"><img loading=\"lazy\" decoding=\"async\" width=\"1200\" height=\"300\" src=\"https:\/\/chinesethegathering.com\/wp-content\/uploads\/2026\/02\/Sans-titre-1.avif\" alt=\"\" class=\"wp-image-1289\" srcset=\"https:\/\/chinesethegathering.com\/wp-content\/uploads\/2026\/02\/Sans-titre-1.avif 1200w, https:\/\/chinesethegathering.com\/wp-content\/uploads\/2026\/02\/Sans-titre-1-300x75.avif 300w, https:\/\/chinesethegathering.com\/wp-content\/uploads\/2026\/02\/Sans-titre-1-1024x256.avif 1024w, https:\/\/chinesethegathering.com\/wp-content\/uploads\/2026\/02\/Sans-titre-1-768x192.avif 768w\" sizes=\"auto, (max-width: 1200px) 100vw, 1200px\" \/><\/figure>\n\n<p class=\"has-small-font-size\"><em>Recordar de la edici\u00f3n inglesa R\u00e1vnica: Ciudad de Gremios vs. Recordar con arte alternativo en chino simplificado (cr\u00e1neo pintado y reemplazado por una baratija m\u00e1gica del pasado) de Pete Venters. (fuente: <a href=\"https:\/\/www.magiclibrarities.net\/506-rarities-simplified-chinese-alternate-art-cards-simplified-chinese-cards-index.html\" data-type=\"link\" data-id=\"https:\/\/www.magiclibrarities.net\/506-rarities-simplified-chinese-alternate-art-cards-simplified-chinese-cards-index.html\" target=\"_blank\" rel=\"noreferrer noopener\">Magic Librarities<\/a>) <\/em><\/p>\n\n<h3 class=\"wp-block-heading\">Estas cartas son extremadamente raras por tres sencillas razones<\/h3>\n\n<ul class=\"wp-block-list\">\n<li><strong>Tiradas peque\u00f1as:<\/strong> A principios de la d\u00e9cada de 2000, la comunidad de Magic en China era muy peque\u00f1a. Se imprimieron muy pocas de estas cartas en comparaci\u00f3n con las versiones en ingl\u00e9s o japon\u00e9s. <\/li>\n\n\n\n<li><strong>Solo se hicieron una vez:<\/strong> Estas ilustraciones \u00fanicas solo se crearon para colecciones espec\u00edficas con el fin de seguir las costumbres locales. Una vez que Wizards of the Coast cambi\u00f3 su estilo art\u00edstico para adaptarse a todos los mercados a nivel mundial, estas \u00abversiones especiales\u00bb nunca se volvieron a imprimir. <\/li>\n\n\n\n<li><strong>Perdidas con el tiempo:<\/strong> Muchas de estas cartas fueron utilizadas por jugadores sin fundas o desechadas hace a\u00f1os porque la gente no sab\u00eda que eran especiales.<\/li>\n<\/ul>\n\n<p>Nuestra carta de arte alternativo favorita de <strong>La Saga de Urza: Hormigas mordedoras de Tom Fleming<\/strong>. \u00bfPor qu\u00e9 es tan especial? Porque la ilustraci\u00f3n china no es simplemente una copia adaptada de la ilustraci\u00f3n original. Adem\u00e1s, a diferencia de las cartas alternativas de Portal, ambas versiones de la carta fueron ilustradas por el mismo artista.   <\/p>\n\n<figure class=\"wp-block-gallery has-nested-images columns-default is-cropped wp-block-gallery-2 is-layout-flex wp-block-gallery-is-layout-flex\">\n<figure class=\"wp-block-image size-full\"><img loading=\"lazy\" decoding=\"async\" width=\"672\" height=\"936\" data-id=\"1275\" src=\"https:\/\/chinesethegathering.com\/wp-content\/uploads\/2026\/02\/image-9.avif\" alt=\"\" class=\"wp-image-1275\" srcset=\"https:\/\/chinesethegathering.com\/wp-content\/uploads\/2026\/02\/image-9.avif 672w, https:\/\/chinesethegathering.com\/wp-content\/uploads\/2026\/02\/image-9-215x300.avif 215w\" sizes=\"auto, (max-width: 672px) 100vw, 672px\" \/><\/figure>\n\n\n\n<figure class=\"wp-block-image size-full\"><img loading=\"lazy\" decoding=\"async\" width=\"488\" height=\"680\" data-id=\"1274\" src=\"https:\/\/chinesethegathering.com\/wp-content\/uploads\/2026\/02\/image-8.avif\" alt=\"\" class=\"wp-image-1274\" srcset=\"https:\/\/chinesethegathering.com\/wp-content\/uploads\/2026\/02\/image-8.avif 488w, https:\/\/chinesethegathering.com\/wp-content\/uploads\/2026\/02\/image-8-215x300.avif 215w\" sizes=\"auto, (max-width: 488px) 100vw, 488px\" \/><\/figure>\n<\/figure>\n\n<p><\/p>\n\n<p><strong>Hoy en d\u00eda, los coleccionistas en China ya han comprado la mayor\u00eda de las copias restantes<\/strong>. Debido a que Magic dej\u00f3 de imprimir cartas f\u00edsicas en chino simplificado en 2024, estas 101 cartas se han convertido en elementos \u00abfantasma\u00bb \u2014<strong>son casi imposibles de encontrar en el mercado, incluso en su pa\u00eds de origen<\/strong>. En Europa y Am\u00e9rica, todav\u00eda se pueden encontrar estas cartas espec\u00edficas, pero su valor aumenta r\u00e1pidamente. Si se encuentra con estas cartas, adqui\u00e9ralas antes de que sea demasiado tarde.   <\/p>\n\n<div style=\"position:relative;padding-top:56.25%;\"><iframe src=\"https:\/\/player.mediadelivery.net\/embed\/603413\/139d53d4-f216-465f-b21d-f06d337f1dcb?autoplay=false&#038;loop=false&#038;muted=false&#038;preload=true&#038;responsive=true\" loading=\"lazy\" style=\"border:0;position:absolute;top:0;height:100%;width:100%;\" allow=\"accelerometer;gyroscope;autoplay;encrypted-media;picture-in-picture;\" allowfullscreen=\"true\"><\/iframe><\/div>\n\n<p><\/p>\n","protected":false},"excerpt":{"rendered":"<p>Por qu\u00e9 algunas cartas tienen un aspecto diferente en su versi\u00f3n china Se crean versiones de cartas espec\u00edficas para el mercado con el fin de respetar las preferencias culturales locales. Esto a menudo implica la actualizaci\u00f3n de ilustraciones que presentan esqueletos, iconos religiosos o im\u00e1genes sensibles para cumplir con los requisitos regionales. Por este motivo, &#8230; <a title=\"Cartas con arte alternativo\" class=\"read-more\" href=\"https:\/\/chinesethegathering.com\/es\/cartas-con-arte-alternativo\/\" aria-label=\"Leer m\u00e1s sobre Cartas con arte alternativo\">prueba<\/a><\/p>\n","protected":false},"author":1,"featured_media":2168,"parent":0,"menu_order":0,"comment_status":"closed","ping_status":"closed","template":"","meta":{"footnotes":""},"class_list":["post-2160","page","type-page","status-publish","has-post-thumbnail"],"_links":{"self":[{"href":"https:\/\/chinesethegathering.com\/es\/wp-json\/wp\/v2\/pages\/2160","targetHints":{"allow":["GET"]}}],"collection":[{"href":"https:\/\/chinesethegathering.com\/es\/wp-json\/wp\/v2\/pages"}],"about":[{"href":"https:\/\/chinesethegathering.com\/es\/wp-json\/wp\/v2\/types\/page"}],"author":[{"embeddable":true,"href":"https:\/\/chinesethegathering.com\/es\/wp-json\/wp\/v2\/users\/1"}],"replies":[{"embeddable":true,"href":"https:\/\/chinesethegathering.com\/es\/wp-json\/wp\/v2\/comments?post=2160"}],"version-history":[{"count":0,"href":"https:\/\/chinesethegathering.com\/es\/wp-json\/wp\/v2\/pages\/2160\/revisions"}],"wp:featuredmedia":[{"embeddable":true,"href":"https:\/\/chinesethegathering.com\/es\/wp-json\/wp\/v2\/media\/2168"}],"wp:attachment":[{"href":"https:\/\/chinesethegathering.com\/es\/wp-json\/wp\/v2\/media?parent=2160"}],"curies":[{"name":"wp","href":"https:\/\/api.w.org\/{rel}","templated":true}]}}