{"id":2067,"date":"2026-02-11T10:24:32","date_gmt":"2026-02-11T10:24:32","guid":{"rendered":"https:\/\/chinesethegathering.com\/era-de-plata-2004-2010\/"},"modified":"2026-03-08T19:51:55","modified_gmt":"2026-03-08T19:51:55","slug":"era-de-plata-2004-2010","status":"publish","type":"page","link":"https:\/\/chinesethegathering.com\/es\/era-de-plata-2004-2010\/","title":{"rendered":"La Era Plateada"},"content":{"rendered":"\n<h3 class=\"wp-block-heading\">La era de plata: una inmersi\u00f3n en el chino simplificado (2004\u20132010)<\/h3>\n\n<p>Para los coleccionistas de Magic: The Gathering en chino, el periodo comprendido entre <strong>2004 y 2010<\/strong> representa un cap\u00edtulo \u00fanico y fascinante en la historia del juego. Conocido a menudo como la <strong>\u201cEra de Plata\u201d<\/strong>, este periodo fue testigo de cambios significativos en la pol\u00edtica de impresi\u00f3n, la expresi\u00f3n art\u00edstica y la disponibilidad en el mercado que convierten a estas cartas en algunas de las m\u00e1s codiciadas hoy en d\u00eda. <\/p>\n\n<h3 class=\"wp-block-heading\">Un mercado dividido: el auge del chino simplificado<\/h3>\n\n<p>Durante estos a\u00f1os, se produjo un cambio importante en el mercado asi\u00e1tico. Debido a la falta de \u00e9xito comercial, el <strong>chino tradicional<\/strong> fue eliminado gradualmente, dejando el <strong>chino simplificado<\/strong> como el \u00fanico idioma impreso para el mercado chino de MTG. Esta decisi\u00f3n convirti\u00f3 las cartas en chino simplificado de esta era en las versiones definitivas para los coleccionistas regionales.  <\/p>\n\n<h3 class=\"wp-block-heading\">La rareza de los grandes bloques<\/h3>\n\n<div class=\"wp-block-media-text is-stacked-on-mobile\" style=\"grid-template-columns:15% auto\"><figure class=\"wp-block-media-text__media\"><img loading=\"lazy\" decoding=\"async\" width=\"672\" height=\"936\" src=\"https:\/\/chinesethegathering.com\/wp-content\/uploads\/2026\/02\/CHK_122.avif\" alt=\"\" class=\"wp-image-1612 size-full\" srcset=\"https:\/\/chinesethegathering.com\/wp-content\/uploads\/2026\/02\/CHK_122.avif 672w, https:\/\/chinesethegathering.com\/wp-content\/uploads\/2026\/02\/CHK_122-215x300.avif 215w\" sizes=\"auto, (max-width: 672px) 100vw, 672px\" \/><\/figure><div class=\"wp-block-media-text__content is-layout-flow wp-block-media-text-is-layout-flow\">\n<p>La era de plata comenz\u00f3 con bloques legendarios como <em>Campeones de Kamigawa<\/em> y <em>R\u00e1vnica: Ciudad de Gremios<\/em>. M\u00e1s all\u00e1 de su jugabilidad de alta calidad y su arte impresionante, estas ediciones sufren (o se benefician, para los coleccionistas) de una <strong>tirada de impresi\u00f3n extremadamente limitada<\/strong> en chino simplificado. <\/p>\n\n\n\n<p>Hoy en d\u00eda, completar un set completo de <em>Campeones de Kamigawa<\/em> o el original <em><em>R\u00e1vnica: Ciudad de Gremios<\/em><\/em> en chino simplificado se considera casi imposible. La escasez de estas cartas es un reflejo directo de la base de jugadores m\u00e1s peque\u00f1a en China durante principios de la d\u00e9cada de 2000, mucho antes de que el juego alcanzara su escala global actual. Esta rareza tambi\u00e9n se extiende a <em>Ola de fr\u00edo<\/em>, que, al igual que su hom\u00f3loga en ingl\u00e9s, tuvo una impresi\u00f3n muy restringida.  <\/p>\n<\/div><\/div>\n\n<p><\/p>\n\n<h3 class=\"wp-block-heading\">El apogeo del \u00abarte alternativo\u00bb<\/h3>\n\n<p><\/p>\n\n<div class=\"wp-block-media-text has-media-on-the-right is-stacked-on-mobile\" style=\"grid-template-columns:auto 15%\"><div class=\"wp-block-media-text__content is-layout-flow wp-block-media-text-is-layout-flow\">\n<p>El per\u00edodo entre <strong>2005 y 2008<\/strong> es quiz\u00e1s el m\u00e1s famoso por las <a href=\"https:\/\/chinesethegathering.com\/es\/cartas-con-arte-alternativo\/\" data-type=\"page\" data-id=\"1153\"><strong>cartas<\/strong> de <strong>arte alternativo<\/strong><\/a>. Debido a las regulaciones locales y las sensibilidades culturales, Wizards of the Coast a menudo reemplazaba las ilustraciones que presentaban esqueletos o violencia excesiva. <\/p>\n\n\n\n<p>El m\u00edtico bloque de <em>Lorwyn \/ P\u00e1ramo Sombr\u00edo<\/em> es un testimonio de esta era, benefici\u00e1ndose de un n\u00famero significativo de ilustraciones alternativas. Sin embargo, esta tendencia alcanz\u00f3 su punto culminante y su posterior fin alrededor de 2008. A partir del bloque de <em>Shards of Alara<\/em>, los esqueletos comenzaron a reaparecer en las cartas en chino simplificado, marcando el final de una era est\u00e9tica \u00fanica.  <\/p>\n<\/div><figure class=\"wp-block-media-text__media\"><img loading=\"lazy\" decoding=\"async\" width=\"672\" height=\"936\" src=\"https:\/\/chinesethegathering.com\/wp-content\/uploads\/2026\/02\/SHM_260.avif\" alt=\"\" class=\"wp-image-1615 size-full\" srcset=\"https:\/\/chinesethegathering.com\/wp-content\/uploads\/2026\/02\/SHM_260.avif 672w, https:\/\/chinesethegathering.com\/wp-content\/uploads\/2026\/02\/SHM_260-215x300.avif 215w\" sizes=\"auto, (max-width: 672px) 100vw, 672px\" \/><\/figure><\/div>\n\n<p><\/p>\n\n<p><\/p>\n\n<div class=\"wp-block-wpbb-wbd-progress-bar\"><div class=\"progress-name\" style=\"color:#333333;font-size:16px;font-family:inherit\">Finalizaci\u00f3n del proyecto: 26 sets (de 26)<\/div><div class=\"progress-track\" style=\"background-color:#e5e5e5;height:32px\"><div class=\"progress-fill\" style=\"width:100%;background-color:#c43d3d\"><span class=\"progress-percentage\" style=\"color:#ffffff;font-size:14px;font-family:inherit\">100%<\/span><\/div><\/div><\/div>\n\n<p><em>lista de sets de Scryfall que cubre el proyecto:<\/em><\/p>\n<div class=\"wp-block-image\">\n<figure class=\"aligncenter size-full\"><img loading=\"lazy\" decoding=\"async\" width=\"1007\" height=\"862\" src=\"https:\/\/chinesethegathering.com\/wp-content\/uploads\/2026\/02\/Capture-decran-2026-02-11-110710.avif\" alt=\"\" class=\"wp-image-95\" srcset=\"https:\/\/chinesethegathering.com\/wp-content\/uploads\/2026\/02\/Capture-decran-2026-02-11-110710.avif 1007w, https:\/\/chinesethegathering.com\/wp-content\/uploads\/2026\/02\/Capture-decran-2026-02-11-110710-300x257.avif 300w, https:\/\/chinesethegathering.com\/wp-content\/uploads\/2026\/02\/Capture-decran-2026-02-11-110710-768x657.avif 768w\" sizes=\"auto, (max-width: 1007px) 100vw, 1007px\" \/><\/figure>\n<\/div>\n<p><\/p>\n\n<h3 class=\"wp-block-heading\">El cambio: Shards of Alara y el aumento de volumen<\/h3>\n\n<p>A partir de <strong>2008<\/strong>, el panorama cambi\u00f3 nuevamente. Con el lanzamiento del bloque <em>Shards of Alara<\/em>, el volumen de impresi\u00f3n china comenz\u00f3 a aumentar significativamente. La era de \u00abtirada de impresi\u00f3n peque\u00f1a\u00bb dio paso lentamente a la producci\u00f3n en masa a medida que la popularidad del juego en China comenzaba su poderoso ascenso.  <\/p>\n\n<h3 class=\"wp-block-heading\">\u00bfPor qu\u00e9 coleccionar la era de plata?<\/h3>\n\n<p>El per\u00edodo 2004\u20132010 sigue siendo un \u00abimprescindible\u00bb para los coleccionistas de cartas chinas por 3 razones principales:<\/p>\n\n<ol start=\"1\" class=\"wp-block-list\">\n<li><strong>Escasez extrema:<\/strong> las tiradas de impresi\u00f3n incre\u00edblemente bajas de las primeras ediciones,<\/li>\n\n\n\n<li><strong>Singularidad visual:<\/strong> las ilustraciones alternativas ofrecen una visi\u00f3n de un momento espec\u00edfico de la historia de MTG que ya no existe.<\/li>\n\n\n\n<li><strong>Sin cartas en chino <strong>tradicional<\/strong><\/strong> <strong>:<\/strong> el chino simplificado ser\u00e1 para siempre las \u00fanicas cartas en chino de esta era.<\/li>\n<\/ol>\n\n<p><\/p>\n","protected":false},"excerpt":{"rendered":"<p>La era de plata: una inmersi\u00f3n en el chino simplificado (2004\u20132010) Para los coleccionistas de Magic: The Gathering en chino, el periodo comprendido entre 2004 y 2010 representa un cap\u00edtulo \u00fanico y fascinante en la historia del juego. Conocido a menudo como la \u201cEra de Plata\u201d, este periodo fue testigo de cambios significativos en la &#8230; <a title=\"La Era Plateada\" class=\"read-more\" href=\"https:\/\/chinesethegathering.com\/es\/era-de-plata-2004-2010\/\" aria-label=\"Leer m\u00e1s sobre La Era Plateada\">prueba<\/a><\/p>\n","protected":false},"author":1,"featured_media":2072,"parent":0,"menu_order":0,"comment_status":"closed","ping_status":"closed","template":"","meta":{"footnotes":""},"class_list":["post-2067","page","type-page","status-publish","has-post-thumbnail"],"_links":{"self":[{"href":"https:\/\/chinesethegathering.com\/es\/wp-json\/wp\/v2\/pages\/2067","targetHints":{"allow":["GET"]}}],"collection":[{"href":"https:\/\/chinesethegathering.com\/es\/wp-json\/wp\/v2\/pages"}],"about":[{"href":"https:\/\/chinesethegathering.com\/es\/wp-json\/wp\/v2\/types\/page"}],"author":[{"embeddable":true,"href":"https:\/\/chinesethegathering.com\/es\/wp-json\/wp\/v2\/users\/1"}],"replies":[{"embeddable":true,"href":"https:\/\/chinesethegathering.com\/es\/wp-json\/wp\/v2\/comments?post=2067"}],"version-history":[{"count":0,"href":"https:\/\/chinesethegathering.com\/es\/wp-json\/wp\/v2\/pages\/2067\/revisions"}],"wp:featuredmedia":[{"embeddable":true,"href":"https:\/\/chinesethegathering.com\/es\/wp-json\/wp\/v2\/media\/2072"}],"wp:attachment":[{"href":"https:\/\/chinesethegathering.com\/es\/wp-json\/wp\/v2\/media?parent=2067"}],"curies":[{"name":"wp","href":"https:\/\/api.w.org\/{rel}","templated":true}]}}