{"id":2001,"date":"2026-02-11T20:18:55","date_gmt":"2026-02-11T20:18:55","guid":{"rendered":"https:\/\/chinesethegathering.com\/por-que-el-chino-tradicional\/"},"modified":"2026-03-24T20:58:56","modified_gmt":"2026-03-24T20:58:56","slug":"por-que-el-chino-tradicional","status":"publish","type":"page","link":"https:\/\/chinesethegathering.com\/es\/por-que-el-chino-tradicional\/","title":{"rendered":"Por qu\u00e9 chino tradicional"},"content":{"rendered":"\n<h3 class=\"wp-block-heading\">La mejor elecci\u00f3n: \u00bfpor qu\u00e9 chino tradicional?<\/h3>\n\n<div class=\"wp-block-group is-nowrap is-layout-flex wp-container-core-group-is-layout-ad2f72ca wp-block-group-is-layout-flex\">\n<p>Al construir una gran colecci\u00f3n, debe tomar decisiones. Aunque nuestro archivo muestra muchas cartas en chino, <strong>nuestra colecci\u00f3n se centra \u00fanicamente en chino tradicional<\/strong>. Para los reci\u00e9n llegados, la diferencia entre chino simplificado y tradicional puede parecer peque\u00f1a. Para los expertos, es la diferencia entre una carta com\u00fan y una obra de arte. He aqu\u00ed por qu\u00e9 el chino tradicional es lo mejor para los coleccionistas.    <\/p>\n<\/div>\n\n<p><\/p>\n\n<h3 class=\"wp-block-heading\">El aumento en la rareza de las cartas<\/h3>\n\n<p><\/p>\n\n<p>Mientras que se imprimieron muchas cartas en ingl\u00e9s y chino simplificado, las cartas en chino tradicional siguieron siendo muy raras. De 2012 a 2019, se imprimieron muchas cartas en todos los idiomas, incluido el chino tradicional.  <\/p>\n\n<p>Pero a partir de 2019, el mercado cambi\u00f3. En los \u00faltimos a\u00f1os antes de 2022, las ediciones en chino tradicional se volvieron muy dif\u00edciles de encontrar. A diferencia de otros idiomas, el chino tradicional nunca tuvo cajas de sobres especiales en el estilo moderno. Esto las hace sentir como un fantasma: dif\u00edciles de encontrar. Encontrar versiones con arte especial en chino tradicional es un enorme desaf\u00edo.    <\/p>\n\n<div class=\"wp-block-media-text is-stacked-on-mobile\" style=\"grid-template-columns:15% auto\"><figure class=\"wp-block-media-text__media\"><img loading=\"lazy\" decoding=\"async\" width=\"672\" height=\"936\" src=\"https:\/\/chinesethegathering.com\/wp-content\/uploads\/2026\/02\/snc-452-gala-greeters.avif\" alt=\"\" class=\"wp-image-201 size-full\" srcset=\"https:\/\/chinesethegathering.com\/wp-content\/uploads\/2026\/02\/snc-452-gala-greeters.avif 672w, https:\/\/chinesethegathering.com\/wp-content\/uploads\/2026\/02\/snc-452-gala-greeters-215x300.avif 215w\" sizes=\"auto, (max-width: 672px) 100vw, 672px\" \/><\/figure><div class=\"wp-block-media-text__content is-layout-flow wp-block-media-text-is-layout-flow\">\n<p class=\"has-text-align-left has-base-2-background-color has-background\"><strong>An\u00e1lisis de mercado:<\/strong> No es de extra\u00f1ar que la versi\u00f3n m\u00e1s cara de los Saludadores de la gala Box Topper de Calles de Nueva Capenna sea la de Chino Tradicional. La escasez crea valor, y el Chino Tradicional es el rey de las cartas modernas raras. <\/p>\n\n\n\n<p class=\"has-small-font-size\"><em>\u00bfSab\u00eda que solo se conocen 2 cartas promocionales de caja en ruso en todo el mundo procedentes de cajas que nunca se lanzaron oficialmente? Su precio probablemente alcance las decenas o incluso cientos de miles de d\u00f3lares.  <\/em><\/p>\n<\/div><\/div>\n\n<p><\/p>\n\n<h3 class=\"wp-block-heading\">Una pieza de historia<\/h3>\n\n<div class=\"wp-block-media-text has-media-on-the-right is-stacked-on-mobile\" style=\"grid-template-columns:auto 38%\"><div class=\"wp-block-media-text__content is-layout-flow wp-block-media-text-is-layout-flow\">\n<p>El chino tradicional tiene un profundo sentido art\u00edstico. Es una escritura compleja y hermosa que requiere habilidad para leer. Mientras que el chino simplificado se cre\u00f3 para la velocidad y la facilidad, el chino tradicional conserva la esencia de los caracteres.   <\/p>\n\n\n\n<p>Para un coleccionista, <strong>representa el arte elevado<\/strong>. Honra miles de a\u00f1os de cultura china de una manera que la escritura simplificada no puede. Es la \u00abEscritura del Erudito\u201d: m\u00e1s dif\u00edcil de aprender, m\u00e1s dif\u00edcil de imprimir y mucho m\u00e1s prestigiosa de exhibir.  <\/p>\n<\/div><figure class=\"wp-block-media-text__media\"><img loading=\"lazy\" decoding=\"async\" width=\"1024\" height=\"683\" src=\"https:\/\/chinesethegathering.com\/wp-content\/uploads\/2026\/02\/ad28dcbf-d7cd-43b1-9eb1-31afaca9a8da-1-1024x683.avif\" alt=\"\" class=\"wp-image-172 size-full\" srcset=\"https:\/\/chinesethegathering.com\/wp-content\/uploads\/2026\/02\/ad28dcbf-d7cd-43b1-9eb1-31afaca9a8da-1-1024x683.avif 1024w, https:\/\/chinesethegathering.com\/wp-content\/uploads\/2026\/02\/ad28dcbf-d7cd-43b1-9eb1-31afaca9a8da-1-300x200.avif 300w, https:\/\/chinesethegathering.com\/wp-content\/uploads\/2026\/02\/ad28dcbf-d7cd-43b1-9eb1-31afaca9a8da-1-768x512.avif 768w, https:\/\/chinesethegathering.com\/wp-content\/uploads\/2026\/02\/ad28dcbf-d7cd-43b1-9eb1-31afaca9a8da-1.avif 1536w\" sizes=\"auto, (max-width: 1024px) 100vw, 1024px\" \/><\/figure><\/div>\n\n<p><\/p>\n\n<h3 class=\"wp-block-heading\">El factor \u00abShakespeare\u201d<\/h3>\n\n<p>Para los angloparlantes, la diferencia puede ser dif\u00edcil de asimilar. Imagine que Magic se imprimiera en dos versiones de ingl\u00e9s: <\/p>\n\n<ul class=\"wp-block-list\">\n<li><strong>Simplificado:<\/strong> \u00abI\u2019m Richard\u00bb.<\/li>\n\n\n\n<li><strong>Tradicional:<\/strong> \u00abMy name is Richard\u00bb.<\/li>\n<\/ul>\n\n<p>La mayor\u00eda de los coleccionistas se inclinar\u00edan instintivamente por la versi\u00f3n \u00abtradicional\u00bb. Se siente m\u00e1s cercana al lenguaje de Shakespeare; conlleva un sentido de historia y solemnidad. El chino tradicional aporta exactamente esa misma sensaci\u00f3n de \u00aboriginalidad\u00bb y \u00abpureza\u00bb al idioma chino.  <\/p>\n\n<h3 class=\"wp-block-heading\">\u00bfEs el chino tradicional m\u00e1s raro que el coreano, el ruso o el portugu\u00e9s?<\/h3>\n\n<div class=\"wp-block-media-text is-stacked-on-mobile\" style=\"grid-template-columns:20% auto\"><figure class=\"wp-block-media-text__media\"><img loading=\"lazy\" decoding=\"async\" width=\"1024\" height=\"1024\" src=\"https:\/\/chinesethegathering.com\/wp-content\/uploads\/2026\/02\/f317200e-46d1-4e3b-8705-561666e8b963.avif\" alt=\"\" class=\"wp-image-1333 size-full\" srcset=\"https:\/\/chinesethegathering.com\/wp-content\/uploads\/2026\/02\/f317200e-46d1-4e3b-8705-561666e8b963.avif 1024w, https:\/\/chinesethegathering.com\/wp-content\/uploads\/2026\/02\/f317200e-46d1-4e3b-8705-561666e8b963-300x300.avif 300w, https:\/\/chinesethegathering.com\/wp-content\/uploads\/2026\/02\/f317200e-46d1-4e3b-8705-561666e8b963-150x150.avif 150w, https:\/\/chinesethegathering.com\/wp-content\/uploads\/2026\/02\/f317200e-46d1-4e3b-8705-561666e8b963-768x768.avif 768w\" sizes=\"auto, (max-width: 1024px) 100vw, 1024px\" \/><\/figure><div class=\"wp-block-media-text__content is-layout-flow wp-block-media-text-is-layout-flow\">\n<p>En el mundo del coleccionismo de alta gama, solemos hablar de \u00ablos grandes idiomas\u00bb. Pero para quienes buscan lo verdaderamente oscuro, un cuarteto espec\u00edfico ha surgido como el desaf\u00edo definitivo: el coreano, el ruso, el portugu\u00e9s y el chino tradicional. <\/p>\n\n\n\n<p>Entre 2019 y 2022, los vol\u00famenes de impresi\u00f3n de estos cuatro idiomas alcanzaron un m\u00ednimo hist\u00f3rico. Aunque las cifras oficiales se mantienen bajo estricta reserva, las estimaciones del sector sugieren que estaban a la par en t\u00e9rminos de escasez. <\/p>\n<\/div><\/div>\n\n<p><\/p>\n\n<p>Este bajo volumen no fue accidental. Fue el resultado de: <\/p>\n\n<ul class=\"wp-block-list\">\n<li>Demograf\u00eda: Territorios de distribuci\u00f3n limitados.<\/li>\n\n\n\n<li>Factores econ\u00f3micos: Diferentes niveles de poder adquisitivo en esas regiones espec\u00edficas.<\/li>\n\n\n\n<li>Cambios culturales: Una transici\u00f3n hacia lo digital o hacia diferentes aficiones durante los confinamientos globales.<\/li>\n<\/ul>\n\n<p>Estos factores convirtieron a estos cuatro idiomas en el \u00abSanto Grial\u00bb para los coleccionistas modernos.<br\/>Aqu\u00ed es donde el mercado se divide. Si observa las ediciones en coreano y ruso, son raras, pero conocidas y apreciadas. Han sido perseguidas agresivamente por coleccionistas dedicados de l\u00ednea dura. Hoy en d\u00eda, la mayor\u00eda de estos ejemplares est\u00e1n guardados en c\u00e1maras acorazadas privadas; son caros, pero se pueden encontrar si se dispone del capital.   <\/p>\n\n<h3 class=\"wp-block-heading\">El chino tradicional y el portugu\u00e9s, sin embargo, cuentan una historia diferente<\/h3>\n\n<p>Lo que resulta verdaderamente sorprendente es que, al buscar cartas de la era moderna en portugu\u00e9s o chino tradicional, a menudo no queda m\u00e1s remedio que explorar f\u00edsicamente las tiendas locales. La escasez es real: las cajas de sobres selladas se han vuelto incre\u00edblemente esquivas y, en cuanto a los mazos de Commander, ahora es virtualmente imposible conseguirlos en el mercado abierto. <\/p>\n\n<blockquote class=\"wp-block-quote is-layout-flow wp-block-quote-is-layout-flow\">\n<p class=\"has-base-2-background-color has-background\">\u00abEl chino tradicional y el portugu\u00e9s no son solo raros; fueron olvidados. Y ah\u00ed es exactamente donde reside su valor org\u00e1nico\u00bb.<\/p>\n<\/blockquote>\n\n<h3 class=\"wp-block-heading\">Chino tradicional: un legado finito<\/h3>\n\n<p>La historia nos dice que, aunque Wizards of the Coast recuper\u00f3 el chino tradicional una vez (2010\u20132022), es muy poco probable que regrese una tercera vez. Estamos ante un <strong>cap\u00edtulo cerrado de la historia.<\/strong> <\/p>\n\n<p>El chino tradicional sigue siendo el est\u00e1ndar escrito para millones de personas en Hong Kong, Taiw\u00e1n y otros lugares, y representa la ra\u00edz ancestral para m\u00e1s de 1.400 millones de personas en todo el mundo. Con un trasfondo cultural tan rico y un suministro f\u00edsico tan limitado, el chino tradicional est\u00e1 destinado a convertirse en la variante ling\u00fc\u00edstica m\u00e1s codiciada en el mundo de los TCG. <\/p>\n\n<p><strong>Esto no es solo una colecci\u00f3n. Es preservar la era m\u00e1s elegante y dif\u00edcil de encontrar del juego. <\/strong><\/p>\n\n<p><\/p>\n","protected":false},"excerpt":{"rendered":"<p>La mejor elecci\u00f3n: \u00bfpor qu\u00e9 chino tradicional? Al construir una gran colecci\u00f3n, debe tomar decisiones. Aunque nuestro archivo muestra muchas cartas en chino, nuestra colecci\u00f3n se centra \u00fanicamente en chino tradicional. Para los reci\u00e9n llegados, la diferencia entre chino simplificado y tradicional puede parecer peque\u00f1a. Para los expertos, es la diferencia entre una carta com\u00fan &#8230; <a title=\"Por qu\u00e9 chino tradicional\" class=\"read-more\" href=\"https:\/\/chinesethegathering.com\/es\/por-que-el-chino-tradicional\/\" aria-label=\"Leer m\u00e1s sobre Por qu\u00e9 chino tradicional\">prueba<\/a><\/p>\n","protected":false},"author":1,"featured_media":2002,"parent":0,"menu_order":0,"comment_status":"closed","ping_status":"closed","template":"","meta":{"footnotes":""},"class_list":["post-2001","page","type-page","status-publish","has-post-thumbnail"],"_links":{"self":[{"href":"https:\/\/chinesethegathering.com\/es\/wp-json\/wp\/v2\/pages\/2001","targetHints":{"allow":["GET"]}}],"collection":[{"href":"https:\/\/chinesethegathering.com\/es\/wp-json\/wp\/v2\/pages"}],"about":[{"href":"https:\/\/chinesethegathering.com\/es\/wp-json\/wp\/v2\/types\/page"}],"author":[{"embeddable":true,"href":"https:\/\/chinesethegathering.com\/es\/wp-json\/wp\/v2\/users\/1"}],"replies":[{"embeddable":true,"href":"https:\/\/chinesethegathering.com\/es\/wp-json\/wp\/v2\/comments?post=2001"}],"version-history":[{"count":0,"href":"https:\/\/chinesethegathering.com\/es\/wp-json\/wp\/v2\/pages\/2001\/revisions"}],"wp:featuredmedia":[{"embeddable":true,"href":"https:\/\/chinesethegathering.com\/es\/wp-json\/wp\/v2\/media\/2002"}],"wp:attachment":[{"href":"https:\/\/chinesethegathering.com\/es\/wp-json\/wp\/v2\/media?parent=2001"}],"curies":[{"name":"wp","href":"https:\/\/api.w.org\/{rel}","templated":true}]}}