{"id":1888,"date":"2026-02-22T10:59:55","date_gmt":"2026-02-22T10:59:55","guid":{"rendered":"https:\/\/chinesethegathering.com\/como-crear-una-coleccion-de-magic-the-gathering\/"},"modified":"2026-02-27T21:41:53","modified_gmt":"2026-02-27T21:41:53","slug":"como-crear-una-coleccion-de-magic-the-gathering","status":"publish","type":"page","link":"https:\/\/chinesethegathering.com\/es\/como-crear-una-coleccion-de-magic-the-gathering\/","title":{"rendered":"C\u00f3mo crear una colecci\u00f3n"},"content":{"rendered":"\n<h2 class=\"wp-block-heading\">Por qu\u00e9 tiene sentido coleccionar colecciones completas<\/h2>\n\n<div class=\"wp-block-media-text is-stacked-on-mobile\" style=\"grid-template-columns:40% auto\"><figure class=\"wp-block-media-text__media\"><img loading=\"lazy\" decoding=\"async\" width=\"477\" height=\"258\" src=\"https:\/\/chinesethegathering.com\/wp-content\/uploads\/2026\/02\/Capture-decran-2026-02-22-115349.avif\" alt=\"\" class=\"wp-image-1513 size-full\" srcset=\"https:\/\/chinesethegathering.com\/wp-content\/uploads\/2026\/02\/Capture-decran-2026-02-22-115349.avif 477w, https:\/\/chinesethegathering.com\/wp-content\/uploads\/2026\/02\/Capture-decran-2026-02-22-115349-300x162.avif 300w\" sizes=\"auto, (max-width: 477px) 100vw, 477px\" \/><\/figure><div class=\"wp-block-media-text__content is-layout-flow wp-block-media-text-is-layout-flow\">\n<p>Hoy en d\u00eda, coleccionar colecciones completas ya no es muy popular. La mayor\u00eda de los coleccionistas se centran en cartas individuales valiosas. Sin embargo, es probable que esta tendencia cambie en los pr\u00f3ximos a\u00f1os debido a <strong>razones demogr\u00e1ficas, sociales y econ\u00f3micas<\/strong>.  <\/p>\n\n\n\n<p>A medida que los jugadores envejecen, muchos prefieren el coleccionismo antes que el juego activo. Adem\u00e1s, las cartas de Magic se est\u00e1n convirtiendo poco a poco en <strong>objetos de colecci\u00f3n hist\u00f3ricos<\/strong>, similares a los c\u00f3mics cl\u00e1sicos, los juguetes antiguos o incluso las bellas artes en el mundo moderno. <\/p>\n<\/div><\/div>\n\n<p><\/p>\n\n<p>En el futuro, <strong>las primeras cartas de Magic The Gathering podr\u00edan considerarse las \u00abobras maestras\u00bb de los juegos de cartas coleccionables.<\/strong><\/p>\n\n<h2 class=\"wp-block-heading\">Las colecciones en ingl\u00e9s perdieron parte de su atractivo despu\u00e9s del a\u00f1o 2000<\/h2>\n\n<p>El coleccionismo de colecciones en ingl\u00e9s cambi\u00f3 significativamente en el a\u00f1o 2000 con la llegada del <strong>Magic Online Redemption Program<\/strong>. A partir de la colecci\u00f3n <em>Invasi\u00f3n<\/em>, los jugadores pod\u00edan canjear colecciones digitales completas y recibir colecciones f\u00edsicas \u00edntegras (en versi\u00f3n normal y foil). <\/p>\n\n<p>Esto significa que:<\/p>\n\n<ul class=\"wp-block-list\">\n<li>Muchas colecciones en ingl\u00e9s posteriores al a\u00f1o 2000 se crearon en grandes cantidades<\/li>\n\n\n\n<li>Ya no era necesario abrir cajas de sobres para completarlas<\/li>\n<\/ul>\n\n<p>Como resultado, solo las <strong>colecciones en ingl\u00e9s anteriores al a\u00f1o 2000<\/strong> requer\u00edan realmente un coleccionismo org\u00e1nico a partir de sobres. Dicho esto, coleccionar colecciones en ingl\u00e9s sigue siendo divertido y desafiante, especialmente las m\u00e1s antiguas y las modernas, ahora que el programa de canje ha finalizado y las ilustraciones alternativas son m\u00e1s comunes. <\/p>\n\n<h2 class=\"wp-block-heading\">El valor especial de las colecciones en idiomas extranjeros<\/h2>\n\n<p>La mayor\u00eda de los creadores de contenido de Magic se centran casi exclusivamente en las cartas en ingl\u00e9s.<\/p>\n\n<p>Pero los angloparlantes <strong>no son la mayor\u00eda de la poblaci\u00f3n mundial<\/strong>, y el n\u00famero de coleccionistas que leen otros idiomas no deja de crecer.<\/p>\n\n<p>En muchas regiones (Asia, Europa, Sudam\u00e9rica):<\/p>\n\n<ul class=\"wp-block-list\">\n<li>Los jugadores suelen hablar dos idiomas (su lengua materna + ingl\u00e9s)<\/li>\n\n\n\n<li>Jugaban a Magic utilizando tanto cartas en ingl\u00e9s como cartas en su propio idioma<\/li>\n<\/ul>\n\n<p>Debido a esto, muchos coleccionistas sienten una fuerte conexi\u00f3n emocional con las cartas en su lengua materna.<\/p>\n\n<div class=\"wp-block-media-text is-stacked-on-mobile\" style=\"grid-template-columns:40% auto\"><figure class=\"wp-block-media-text__media\"><img loading=\"lazy\" decoding=\"async\" width=\"488\" height=\"240\" src=\"https:\/\/chinesethegathering.com\/wp-content\/uploads\/2026\/02\/Capture-decran-2026-02-22-115128.avif\" alt=\"\" class=\"wp-image-1508 size-full\" srcset=\"https:\/\/chinesethegathering.com\/wp-content\/uploads\/2026\/02\/Capture-decran-2026-02-22-115128.avif 488w, https:\/\/chinesethegathering.com\/wp-content\/uploads\/2026\/02\/Capture-decran-2026-02-22-115128-300x148.avif 300w\" sizes=\"auto, (max-width: 488px) 100vw, 488px\" \/><\/figure><div class=\"wp-block-media-text__content is-layout-flow wp-block-media-text-is-layout-flow\">\n<p><\/p>\n\n\n\n<p>Las cartas en idiomas extranjeros suelen ser <strong>mucho m\u00e1s raras que las cartas en ingl\u00e9s<\/strong> debido a:<\/p>\n\n\n\n<ul class=\"wp-block-list\">\n<li>Tiradas de impresi\u00f3n m\u00e1s peque\u00f1as<\/li>\n\n\n\n<li>La ausencia de grandes programas de canje como los que ten\u00edan las colecciones en ingl\u00e9s<\/li>\n<\/ul>\n\n\n\n<p>Esto hace que las colecciones completas en idiomas extranjeros sean especialmente atractivas para los coleccionistas a largo plazo.<\/p>\n<\/div><\/div>\n\n<h2 class=\"wp-block-heading\">Tres formas de crear una colecci\u00f3n (de f\u00e1cil a experto)<\/h2>\n\n<h3 class=\"wp-block-heading\">1. El m\u00e9todo directo (r\u00e1pido pero menos divertido)<\/h3>\n\n<p>Usted compra una colecci\u00f3n completa en l\u00ednea o en una tienda local.<\/p>\n\n<p>Algunos sitios web permiten a\u00f1adir autom\u00e1ticamente al carrito todas las cartas de una colecci\u00f3n. Otros venden colecciones completas ya preparadas. <\/p>\n\n<ul class=\"wp-block-list\">\n<li>Pros: R\u00e1pido y eficiente<\/li>\n\n\n\n<li>Contras: No es muy emocionante ni gratificante<\/li>\n<\/ul>\n\n<h3 class=\"wp-block-heading\">2. El m\u00e9todo divertido (nuestra recomendaci\u00f3n)<\/h3>\n\n<p>Este es nuestro enfoque favorito. Compre una o m\u00e1s <strong>cajas de sobres<\/strong> de su colecci\u00f3n favorita y empiece a construir desde ah\u00ed. De media, una caja de sobres le proporciona aproximadamente:  <\/p>\n\n<ul class=\"wp-block-list\">\n<li>~400 comunes<\/li>\n\n\n\n<li>~100 infrecuentes<\/li>\n\n\n\n<li>~36 raras o m\u00edticas<\/li>\n<\/ul>\n\n<p>Esto suele cubrir <strong>m\u00e1s de la mitad de la colecci\u00f3n<\/strong>, incluyendo muchas tierras b\u00e1sicas. Curiosamente, las tierras b\u00e1sicas y las fichas pueden ser algunos de los elementos m\u00e1s dif\u00edciles de encontrar individualmente, ya que la gente rara vez las vende. Las cajas de sobres suelen incluir muchas de ellas, lo cual es una gran ventaja.  <\/p>\n\n<p>Creemos firmemente que las cajas de sobres de Magic est\u00e1n hechas para ser <strong>abiertas y disfrutadas<\/strong>, no para guardarlas eternamente en estanter\u00edas.<\/p>\n\n<p>Despu\u00e9s de abrirlas:<\/p>\n\n<ul class=\"wp-block-list\">\n<li>Haga una lista de las cartas que le faltan,<\/li>\n\n\n\n<li>Compre el resto como cartas sueltas en l\u00ednea o en tiendas locales<\/li>\n<\/ul>\n\n<p>Este m\u00e9todo combina <strong>diversi\u00f3n, nostalgia y un coste razonable<\/strong>; adem\u00e1s, usted conserva la caja de sobres vac\u00eda como objeto de colecci\u00f3n.<\/p>\n\n<h3 class=\"wp-block-heading\">3. El m\u00e9todo del coleccionista experto<\/h3>\n\n<p>Tambi\u00e9n puede crear una colecci\u00f3n \u00edntegramente mediante:<\/p>\n\n<ul class=\"wp-block-list\">\n<li>La compra de cada carta individualmente,<\/li>\n\n\n\n<li>La b\u00fasqueda de lotes y colecciones en l\u00ednea.<\/li>\n<\/ul>\n\n<p>Esto requiere m\u00e1s tiempo y esfuerzo, pero es extremadamente satisfactorio para los verdaderos coleccionistas.<\/p>\n\n<hr class=\"wp-block-separator has-alpha-channel-opacity\"\/>\n\n<h2 class=\"wp-block-heading\">Reflexiones finales<\/h2>\n\n<div class=\"wp-block-media-text is-stacked-on-mobile\" style=\"grid-template-columns:25% auto\"><figure class=\"wp-block-media-text__media\"><img loading=\"lazy\" decoding=\"async\" width=\"1024\" height=\"683\" src=\"https:\/\/chinesethegathering.com\/wp-content\/uploads\/2026\/02\/d9102a9a-0d8f-4eb5-a4cd-4cc185e75406-1-1024x683.avif\" alt=\"\" class=\"wp-image-1498 size-full\" srcset=\"https:\/\/chinesethegathering.com\/wp-content\/uploads\/2026\/02\/d9102a9a-0d8f-4eb5-a4cd-4cc185e75406-1-1024x683.avif 1024w, https:\/\/chinesethegathering.com\/wp-content\/uploads\/2026\/02\/d9102a9a-0d8f-4eb5-a4cd-4cc185e75406-1-300x200.avif 300w, https:\/\/chinesethegathering.com\/wp-content\/uploads\/2026\/02\/d9102a9a-0d8f-4eb5-a4cd-4cc185e75406-1-768x512.avif 768w, https:\/\/chinesethegathering.com\/wp-content\/uploads\/2026\/02\/d9102a9a-0d8f-4eb5-a4cd-4cc185e75406-1.avif 1536w\" sizes=\"auto, (max-width: 1024px) 100vw, 1024px\" \/><\/figure><div class=\"wp-block-media-text__content is-layout-flow wp-block-media-text-is-layout-flow\">\n<p class=\"has-text-align-left\">Esperamos que este art\u00edculo le anime a empezar a crear colecciones completas. Intente coleccionar sus \u00e9pocas favoritas de Magic en su lengua materna siempre que sea posible. Redescubrir\u00e1 la alegr\u00eda de abrir sobres, completar colecciones y poseer verdaderos objetos hist\u00f3ricos de colecci\u00f3n, y no solo cartas individuales caras.  <\/p>\n\n\n\n<p>Con el tiempo, las colecciones completas (especialmente en idiomas poco comunes) pueden convertirse en algunas de las colecciones de Magic m\u00e1s valiosas y significativas del mundo.<\/p>\n<\/div><\/div>\n","protected":false},"excerpt":{"rendered":"<p>Por qu\u00e9 tiene sentido coleccionar colecciones completas Hoy en d\u00eda, coleccionar colecciones completas ya no es muy popular. La mayor\u00eda de los coleccionistas se centran en cartas individuales valiosas. Sin embargo, es probable que esta tendencia cambie en los pr\u00f3ximos a\u00f1os debido a razones demogr\u00e1ficas, sociales y econ\u00f3micas. A medida que los jugadores envejecen, muchos &#8230; <a title=\"C\u00f3mo crear una colecci\u00f3n\" class=\"read-more\" href=\"https:\/\/chinesethegathering.com\/es\/como-crear-una-coleccion-de-magic-the-gathering\/\" aria-label=\"Leer m\u00e1s sobre C\u00f3mo crear una colecci\u00f3n\">prueba<\/a><\/p>\n","protected":false},"author":1,"featured_media":1890,"parent":0,"menu_order":0,"comment_status":"closed","ping_status":"closed","template":"","meta":{"footnotes":""},"class_list":["post-1888","page","type-page","status-publish","has-post-thumbnail"],"_links":{"self":[{"href":"https:\/\/chinesethegathering.com\/es\/wp-json\/wp\/v2\/pages\/1888","targetHints":{"allow":["GET"]}}],"collection":[{"href":"https:\/\/chinesethegathering.com\/es\/wp-json\/wp\/v2\/pages"}],"about":[{"href":"https:\/\/chinesethegathering.com\/es\/wp-json\/wp\/v2\/types\/page"}],"author":[{"embeddable":true,"href":"https:\/\/chinesethegathering.com\/es\/wp-json\/wp\/v2\/users\/1"}],"replies":[{"embeddable":true,"href":"https:\/\/chinesethegathering.com\/es\/wp-json\/wp\/v2\/comments?post=1888"}],"version-history":[{"count":0,"href":"https:\/\/chinesethegathering.com\/es\/wp-json\/wp\/v2\/pages\/1888\/revisions"}],"wp:featuredmedia":[{"embeddable":true,"href":"https:\/\/chinesethegathering.com\/es\/wp-json\/wp\/v2\/media\/1890"}],"wp:attachment":[{"href":"https:\/\/chinesethegathering.com\/es\/wp-json\/wp\/v2\/media?parent=1888"}],"curies":[{"name":"wp","href":"https:\/\/api.w.org\/{rel}","templated":true}]}}