{"id":8637,"date":"2026-03-21T13:26:52","date_gmt":"2026-03-21T13:26:52","guid":{"rendered":"https:\/\/chinesethegathering.com\/vierte-edition-schwarzrandig\/"},"modified":"2026-03-31T20:20:24","modified_gmt":"2026-03-31T20:20:24","slug":"vierte-edition-schwarzrandig","status":"publish","type":"page","link":"https:\/\/chinesethegathering.com\/de\/vierte-edition-schwarzrandig\/","title":{"rendered":"Vierte Edition Schwarzrandig"},"content":{"rendered":"\n<p>In der Welt des <em>Magic: The Gathering<\/em>-Sammelns bedeutet \u201eBlack Border\u201c meist \u201eOriginal\u201c. 1995 ver\u00f6ffentlichte Wizards of the Coast das Core-Set <strong>4th Edition<\/strong>. Auf Englisch hatten diese Karten wei\u00dfe R\u00e4nder. F\u00fcr bestimmte internationale M\u00e4rkte wurden sie jedoch mit wundersch\u00f6nen schwarzen R\u00e4ndern gedruckt.   <\/p>\n\n<p>Unter diesen nimmt die Version in <strong>traditionellem Chinesisch<\/strong>, die f\u00fcr Spieler in Taiwan und Hongkong gedruckt wurde, einen besonderen Platz in der Geschichte ein.<\/p>\n\n<h3 class=\"wp-block-heading\">Warum ist dieses Set besonders?<\/h3>\n\n<p>Die meisten 4th-Edition-Karten, die du heute siehst, haben wei\u00dfe R\u00e4nder. Die <strong>Foreign Black Border (FBB)<\/strong>-Sets wurden geschaffen, um das Spiel in neue Sprachen einzuf\u00fchren. Da das Spiel in diesen Sprachen zum ersten Mal erschien, bekamen sie die \u201eLimited Edition\u201c-Behandlung mit schwarzem Rand.  <\/p>\n\n<h3 class=\"wp-block-heading\"><\/h3>\n\n<pre class=\"wp-block-verse has-text-align-center\">\u201e<strong>Es ist das erste MTG-Set, das auf Chinesisch gedruckt wurde, ver\u00f6ffentlicht 1996.<\/strong>\u201c<\/pre>\n\n<h3 class=\"wp-block-heading\">Seltenheitsstufe der einzelnen Sprachen<\/h3>\n\n<p>Sammler ordnen die Fourth Edition Foreign Black Border Sets von 1996 oft danach ein, wie schwer sie zu finden sind. So schneidet das traditionelle chinesische Set im Vergleich zu seinen Geschwistern ab: <\/p>\n\n<figure style=\"font-size:15px\" class=\"wp-block-table\"><table class=\"has-fixed-layout\"><thead><tr><td><strong>Seltenheitsstufe<\/strong><\/td><td><strong>Sprache<\/strong><\/td><td><strong>Marktverf\u00fcgbarkeit<\/strong><\/td><\/tr><\/thead><tbody><tr><td><strong>Sehr selten<\/strong><\/td><td>Koreanisch \/ Portugiesisch<\/td><td>Extrem niedrige Auflagen; heute sehr schwer zu finden.<\/td><\/tr><tr><td><strong>Nicht-H\u00e4ufig<\/strong><\/td><td><strong>Traditionelles Chinesisch<\/strong><\/td><td><strong>Schwieriger als Japanisch, aber einfacher als Koreanisch.<\/strong><\/td><\/tr><tr><td><strong>H\u00e4ufig<\/strong><\/td><td>Japanisch \/ Spanisch<\/td><td>Weit verbreitet gedruckt und auf dem Markt leichter zu finden.<\/td><\/tr><\/tbody><\/table><\/figure>\n\n<p>Zum 21. M\u00e4rz 2026 bieten die Cardmarket-Angebote f\u00fcr das <em>Magic: The Gathering Fourth Edition Black Bordered Full Set<\/em> eine aussagekr\u00e4ftige Momentaufnahme der Marktverf\u00fcgbarkeit nach Sprache. <\/p>\n\n<figure style=\"font-size:15px\" class=\"wp-block-table\"><table class=\"has-fixed-layout\"><thead><tr><th>Sprache<\/th><th>Sichtbare Angebote auf Cardmarket<\/th><th>Durchschnittlicher Angebotspreis<\/th><\/tr><\/thead><tbody><tr><td>Japanisch<\/td><td>6<\/td><td>2.699,98 \u20ac<\/td><\/tr><tr><td>Spanisch<\/td><td>4<\/td><td>5.300,00 \u20ac<\/td><\/tr><tr><td>Koreanisch<\/td><td>2<\/td><td>7.245,00 \u20ac<\/td><\/tr><tr><td>Portugiesisch<\/td><td>1<\/td><td>5.000,00 \u20ac<\/td><\/tr><tr><td>Traditionelles Chinesisch<\/td><td>0<\/td><td>Kein Marktdurchschnitt verf\u00fcgbar<\/td><\/tr><\/tbody><\/table><\/figure>\n\n<p>Japanisch scheint die am h\u00e4ufigsten angebotene Version zu sein, mit sechs sichtbaren Angeboten und einem durchschnittlichen Angebotspreis von 2.699,98 \u20ac, w\u00e4hrend Spanisch, Koreanisch und Portugiesisch durch weniger Angebote auf deutlich h\u00f6heren Durchschnittsniveaus vertreten sind. Am auff\u00e4lligsten ist, dass die traditionelle chinesische Version zu diesem Datum \u00fcberhaupt kein aktives Angebot auf Cardmarket zeigt. Diese Abwesenheit unterst\u00fctzt stark die Annahme, dass traditionelle chinesische Fourth Edition Black Bordered Full Sets auf dem offenen europ\u00e4ischen Markt au\u00dfergew\u00f6hnlich knapp sind, nicht nur wegen des geringen Angebots, sondern weil zum Zeitpunkt der Beobachtung kein Exemplar \u00f6ffentlich zum Verkauf verf\u00fcgbar war.  <\/p>\n\n<h3 class=\"wp-block-heading\">Wichtige Merkmale f\u00fcr Sammler<\/h3>\n\n<p>Wenn du nach diesen Karten suchst, achte auf diese spezifischen Details:<\/p>\n\n<ul class=\"wp-block-list\">\n<li><strong>Das Datum:<\/strong> Die Karten tragen ein Copyright-Datum von <strong>1996<\/strong>.<\/li>\n\n\n\n<li><strong>Der Look:<\/strong> Die Farben sind oft deutlich dunkler und st\u00e4rker \u201eges\u00e4ttigt\u201c als bei den englischen Versionen mit wei\u00dfem Rand.<\/li>\n\n\n\n<li><strong>Der Wert:<\/strong> Ikonische Karten wie <em>Lightning Bolt<\/em>, <em>Counterspell<\/em> und die \u201eSpecial Lands\u201c (wie <em>Mishra&#8217;s Factory<\/em>) auf Traditionellem Chinesisch haben im Vergleich zu Standardversionen einen deutlich h\u00f6heren Preis.<\/li>\n<\/ul>\n\n<div class=\"gutenakitid-a8705fdc-2303-4491-ae8c-bf23f2783ef6  wp-block-media-text is-stacked-on-mobile\" style=\"grid-template-columns:15% auto\"><figure class=\"wp-block-media-text__media\"><a href=\"https:\/\/chinesethegathering.com\/de\/vierte-edition-schwarzrandig-fehldrucke\/\"><img loading=\"lazy\" decoding=\"async\" width=\"968\" height=\"1330\" src=\"https:\/\/chinesethegathering.com\/wp-content\/uploads\/2026\/03\/ChatGPT-Image-15-mars-2026-16_26_57-1.avif\" alt=\"\" class=\"wp-image-8566 size-full\" srcset=\"https:\/\/chinesethegathering.com\/wp-content\/uploads\/2026\/03\/ChatGPT-Image-15-mars-2026-16_26_57-1.avif 968w, https:\/\/chinesethegathering.com\/wp-content\/uploads\/2026\/03\/ChatGPT-Image-15-mars-2026-16_26_57-1-218x300.avif 218w, https:\/\/chinesethegathering.com\/wp-content\/uploads\/2026\/03\/ChatGPT-Image-15-mars-2026-16_26_57-1-745x1024.avif 745w, https:\/\/chinesethegathering.com\/wp-content\/uploads\/2026\/03\/ChatGPT-Image-15-mars-2026-16_26_57-1-768x1055.avif 768w\" sizes=\"auto, (max-width: 968px) 100vw, 968px\" \/><\/a><\/figure><div class=\"wp-block-media-text__content is-layout-flow wp-block-media-text-is-layout-flow\">\n<p>Diese Edition ist au\u00dferdem ber\u00fchmt f\u00fcr mehrere interessante <a href=\"https:\/\/chinesethegathering.com\/de\/vierte-edition-schwarzrandig-fehldrucke\/\" data-type=\"page\" data-id=\"8054\">Fehldrucke und \u00dcbersetzungsfehler<\/a>. Zum Beispiel haben manche Karten verblassten Text oder falsche Manasymbole, w\u00e4hrend andere falsch \u00fcbersetzte Regeln enthalten, die ver\u00e4ndern, wie die Karte im Spiel funktioniert. Diese kleinen Fehler machen das Set auf Traditionellem Chinesisch noch einzigartiger und bieten eine spannende Herausforderung f\u00fcr spezialisierte \u201eMisprint\u201c-Sammler.\u201c  <\/p>\n<\/div><\/div>\n\n<p><\/p>\n\n<h3 class=\"wp-block-heading\">Die acht fehlenden Karten<\/h3>\n\n<p>Ein faszinierendes Detail f\u00fcr Sammler ist, dass die Versionen in <strong>traditionellem Chinesisch<\/strong> und <strong>Koreanisch<\/strong> der Vierten Edition tats\u00e4chlich kleiner sind als die englischen oder sogar schwarzrandigen japanischen Sets. W\u00e4hrend das Standardset 378 Karten enth\u00e4lt, fehlen diesen beiden Editionen <strong>8 spezifische Karten<\/strong>, die w\u00e4hrend der Produktion entfernt wurden. Das bedeutet, du kannst keine chinesische schwarzrandige Version von 1996 der folgenden Karten finden:  <\/p>\n\n<ul class=\"wp-block-list\">\n<li><strong>Wei\u00df:<\/strong> <em>Blessing<\/em><\/li>\n\n\n\n<li><strong>Blau:<\/strong> <em>Gaseous Form<\/em><\/li>\n\n\n\n<li><strong>Schwarz:<\/strong> <em>Lost Soul<\/em><\/li>\n\n\n\n<li><strong>Rot:<\/strong> <em>Blood Lust<\/em>, <em>Fire Elemental<\/em> und <em>Tempest Efreet<\/em><\/li>\n\n\n\n<li><strong>Gr\u00fcn:<\/strong> <em>Shanodin Dryads<\/em><\/li>\n\n\n\n<li><strong>Artefakt:<\/strong> <em>Primal Clay<\/em><\/li>\n<\/ul>\n\n<figure class=\"wp-block-gallery has-nested-images columns-8 is-cropped wp-block-gallery-1 is-layout-flex wp-block-gallery-is-layout-flex\">\n<figure class=\"wp-block-image size-large\"><img decoding=\"async\" data-id=\"8531\" src=\"https:\/\/chinesethegathering.com\/wp-content\/uploads\/2026\/03\/4ed-9-blessing.jpg\" alt=\"\" class=\"wp-image-8531\"\/><\/figure>\n\n\n\n<figure class=\"wp-block-image size-large\"><img decoding=\"async\" data-id=\"8532\" src=\"https:\/\/chinesethegathering.com\/wp-content\/uploads\/2026\/03\/4ed-74-gaseous-form.jpg\" alt=\"\" class=\"wp-image-8532\"\/><\/figure>\n\n\n\n<figure class=\"wp-block-image size-large\"><img decoding=\"async\" data-id=\"8533\" src=\"https:\/\/chinesethegathering.com\/wp-content\/uploads\/2026\/03\/4ed-145-lost-soul.jpg\" alt=\"\" class=\"wp-image-8533\"\/><\/figure>\n\n\n\n<figure class=\"wp-block-image size-large\"><img decoding=\"async\" data-id=\"8534\" src=\"https:\/\/chinesethegathering.com\/wp-content\/uploads\/2026\/03\/4ed-178-blood-lust.jpg\" alt=\"\" class=\"wp-image-8534\"\/><\/figure>\n\n\n\n<figure class=\"wp-block-image size-large\"><img decoding=\"async\" data-id=\"8536\" src=\"https:\/\/chinesethegathering.com\/wp-content\/uploads\/2026\/03\/4ed-191-fire-elemental.jpg\" alt=\"\" class=\"wp-image-8536\"\/><\/figure>\n\n\n\n<figure class=\"wp-block-image size-large\"><img decoding=\"async\" data-id=\"8538\" src=\"https:\/\/chinesethegathering.com\/wp-content\/uploads\/2026\/03\/4ed-225-tempest-efreet.jpg\" alt=\"\" class=\"wp-image-8538\"\/><\/figure>\n\n\n\n<figure class=\"wp-block-image size-large\"><img decoding=\"async\" data-id=\"8535\" src=\"https:\/\/chinesethegathering.com\/wp-content\/uploads\/2026\/03\/4ed-271-shanodin-dryads.jpg\" alt=\"\" class=\"wp-image-8535\"\/><\/figure>\n\n\n\n<figure class=\"wp-block-image size-large\"><img decoding=\"async\" data-id=\"8537\" src=\"https:\/\/chinesethegathering.com\/wp-content\/uploads\/2026\/03\/4ed-342-primal-clay.jpg\" alt=\"\" class=\"wp-image-8537\"\/><\/figure>\n<\/figure>\n\n<p><\/p>\n\n<p>Da diese Karten im Set nicht existieren, ben\u00f6tigt man f\u00fcr ein \u201eFull Set\u201c auf Traditionellem Chinesisch tats\u00e4chlich nur <strong>370 Karten<\/strong> statt der \u00fcblichen 378. Diese Besonderheit macht die chinesischen und koreanischen Druckl\u00e4ufe zu einzigartigen historischen Anomalien im <em>Magic<\/em>-Multiversum. <\/p>\n\n<p>Ein vollst\u00e4ndiges Set der <strong>Vierte Edition Schwarzrandig<\/strong> auf Chinesisch zusammenzustellen, ist eine lohnende Reise, erfordert aber Geduld. Sammler m\u00fcssen die schiere Menge an Karten mit der Schwierigkeit abw\u00e4gen, sie im Zustand \u201eNear Mint\u201c (NM) zu finden. <\/p>\n\n<h3 class=\"wp-block-heading\">Der Umfang des Sets<\/h3>\n\n<p>Die 4th Edition ist ein gro\u00dfes Core-Set. Um ein \u201eMaster Set\u201c zu vervollst\u00e4ndigen, musst du insgesamt <strong>370 Karten<\/strong> sammeln. Die Aufschl\u00fcsselung des Sets ist wie folgt:  <\/p>\n\n<ul class=\"wp-block-list\">\n<li><strong>117 Rares (4 fehlen):<\/strong> Hier liegt die wahre Herausforderung.<\/li>\n\n\n\n<li><strong>120 Uncommons (1 fehlt)<\/strong><\/li>\n\n\n\n<li><strong>118 Commons (3 fehlen)<\/strong><\/li>\n\n\n\n<li><strong>15 Standardl\u00e4nder:<\/strong> Obwohl h\u00e4ufig, ist es f\u00fcr Spieler sehr befriedigend, ein passendes Set mit sauberen schwarzen R\u00e4ndern zu finden.<\/li>\n<\/ul>\n\n<div class=\"gutenakitid-349e9874-6f5c-4194-8243-23f9fa6f92b4  wp-block-media-text is-stacked-on-mobile\" style=\"grid-template-columns:20% auto\"><figure class=\"wp-block-media-text__media\"><img loading=\"lazy\" decoding=\"async\" width=\"800\" height=\"800\" src=\"https:\/\/chinesethegathering.com\/wp-content\/uploads\/2026\/03\/mtg-fourth-edition-black-bordered-booster-display-chinesisch_2.avif\" alt=\"\" class=\"wp-image-8138 size-full\" srcset=\"https:\/\/chinesethegathering.com\/wp-content\/uploads\/2026\/03\/mtg-fourth-edition-black-bordered-booster-display-chinesisch_2.avif 800w, https:\/\/chinesethegathering.com\/wp-content\/uploads\/2026\/03\/mtg-fourth-edition-black-bordered-booster-display-chinesisch_2-300x300.avif 300w, https:\/\/chinesethegathering.com\/wp-content\/uploads\/2026\/03\/mtg-fourth-edition-black-bordered-booster-display-chinesisch_2-150x150.avif 150w, https:\/\/chinesethegathering.com\/wp-content\/uploads\/2026\/03\/mtg-fourth-edition-black-bordered-booster-display-chinesisch_2-768x768.avif 768w\" sizes=\"auto, (max-width: 800px) 100vw, 800px\" \/><\/figure><div class=\"wp-block-media-text__content is-layout-flow wp-block-media-text-is-layout-flow\">\n<p>Da es <strong>117 verschiedene Rare-Karten<\/strong> gibt, waren die mathematischen Chancen, eine bestimmte Rare wie <em>Shivan-Drache<\/em> oder <em>Balance<\/em> aus einem einzelnen Booster-Pack zu ziehen, 1996 sehr gering.<\/p>\n<\/div><\/div>\n\n<hr class=\"wp-block-separator has-alpha-channel-opacity\"\/>\n\n<h3 class=\"wp-block-heading\"><strong>Seltenheitsstufe<\/strong><\/h3>\n\n<h4 class=\"wp-block-heading\"><strong>Traditionelles Chinesisch \u2013 Fourth Edition Foreign Black Border<\/strong><\/h4>\n\n<div class=\"wp-block-columns is-layout-flex wp-container-core-columns-is-layout-9d6595d7 wp-block-columns-is-layout-flex\">\n<div class=\"wp-block-column is-layout-flow wp-block-column-is-layout-flow\" style=\"flex-basis:33.33%\">\n<div style=\"text-align: center;\">\n  <i class=\"ss ss-4ed ss-6x\"><\/i>\n<\/div>\n\n\n\n<div class=\"wp-block-group is-content-justification-center is-nowrap is-layout-flex wp-container-core-group-is-layout-94bc23d7 wp-block-group-is-layout-flex\">\n<div class=\"wp-block-gutena-star-ratings gutena-star-ratings-block gutena-star-ratings-block-5ad251-eb align-left\"><svg xmlns=\"http:\/\/www.w3.org\/2000\/svg\" viewbox=\"0 0 24 24\" width=\"35\" height=\"35\" class=\"gutena-full-rating\" aria-hidden=\"true\"><path fill=\"none\" d=\"M0 0h24v24H0z\"><\/path><path d=\"M12 17l-5.878 3.59 1.598-6.7-5.23-4.48 6.865-.55L12 2.5l2.645 6.36 6.866.55-5.231 4.48 1.598 6.7z\"><\/path><\/svg><svg xmlns=\"http:\/\/www.w3.org\/2000\/svg\" viewbox=\"0 0 24 24\" width=\"35\" height=\"35\" class=\"gutena-full-rating\" aria-hidden=\"true\"><path fill=\"none\" d=\"M0 0h24v24H0z\"><\/path><path d=\"M12 17l-5.878 3.59 1.598-6.7-5.23-4.48 6.865-.55L12 2.5l2.645 6.36 6.866.55-5.231 4.48 1.598 6.7z\"><\/path><\/svg><svg xmlns=\"http:\/\/www.w3.org\/2000\/svg\" viewbox=\"0 0 24 24\" width=\"35\" height=\"35\" class=\"gutena-full-rating\" aria-hidden=\"true\"><path fill=\"none\" d=\"M0 0h24v24H0z\"><\/path><path d=\"M12 17l-5.878 3.59 1.598-6.7-5.23-4.48 6.865-.55L12 2.5l2.645 6.36 6.866.55-5.231 4.48 1.598 6.7z\"><\/path><\/svg><svg xmlns=\"http:\/\/www.w3.org\/2000\/svg\" viewbox=\"0 0 24 24\" width=\"35\" height=\"35\" class=\"gutena-empty-rating\" aria-hidden=\"true\"><path fill=\"none\" d=\"M0 0h24v24H0z\"><\/path><path d=\"M12 17l-5.878 3.59 1.598-6.7-5.23-4.48 6.865-.55L12 2.5l2.645 6.36 6.866.55-5.231 4.48 1.598 6.7L12 17zm0-2.344l2.817 1.72-.766-3.21 2.507-2.147-3.29-.264L12 7.708l-1.268 3.047-3.29.264 2.507 2.147-.766 3.21L12 14.657z\"><\/path><\/svg><svg xmlns=\"http:\/\/www.w3.org\/2000\/svg\" viewbox=\"0 0 24 24\" width=\"35\" height=\"35\" class=\"gutena-empty-rating\" aria-hidden=\"true\"><path fill=\"none\" d=\"M0 0h24v24H0z\"><\/path><path d=\"M12 17l-5.878 3.59 1.598-6.7-5.23-4.48 6.865-.55L12 2.5l2.645 6.36 6.866.55-5.231 4.48 1.598 6.7L12 17zm0-2.344l2.817 1.72-.766-3.21 2.507-2.147-3.29-.264L12 7.708l-1.268 3.047-3.29.264 2.507 2.147-.766 3.21L12 14.657z\"><\/path><\/svg><svg xmlns=\"http:\/\/www.w3.org\/2000\/svg\" viewbox=\"0 0 24 24\" width=\"35\" height=\"35\" class=\"gutena-empty-rating\" aria-hidden=\"true\"><path fill=\"none\" d=\"M0 0h24v24H0z\"><\/path><path d=\"M12 17l-5.878 3.59 1.598-6.7-5.23-4.48 6.865-.55L12 2.5l2.645 6.36 6.866.55-5.231 4.48 1.598 6.7L12 17zm0-2.344l2.817 1.72-.766-3.21 2.507-2.147-3.29-.264L12 7.708l-1.268 3.047-3.29.264 2.507 2.147-.766 3.21L12 14.657z\"><\/path><\/svg><\/div>\n<\/div>\n<\/div>\n\n\n\n<div class=\"wp-block-column is-vertically-aligned-center is-layout-flow wp-block-column-is-layout-flow\" style=\"flex-basis:66.66%\">\n<p>Obwohl dieses Set selten und schwierig zu vervollst\u00e4ndigen ist, ist es aufgrund seiner gro\u00dfen Auflage und der hohen internationalen Nachfrage nicht die seltenste chinesische Edition. Trotz dieser Verf\u00fcgbarkeit bleibt es historisch bedeutsam als das allererste <em>Magic<\/em>-Set, das jemals auf Chinesisch gedruckt wurde. Sammler sch\u00e4tzen diese Ver\u00f6ffentlichung immer noch sehr f\u00fcr ihre wundersch\u00f6nen schwarzen R\u00e4nder und legend\u00e4ren Artworks. Es enth\u00e4lt ikonische Karten, die die \u00c4ra definierten, allen voran den <strong>Shivan-Drachen<\/strong>, illustriert von <strong>Melissa Benson<\/strong>.   <\/p>\n<\/div>\n<\/div>\n\n<div class=\"wp-block-wpbb-wbd-progress-bar wbd-progress-bar\"><div class=\"progress-name\" style=\"color:#333333;font-size:16px;font-family:inherit;margin-bottom:8px\">Set-Vollst\u00e4ndigkeit: 370\/370<\/div><div class=\"progress-track-wrapper\" data-wbd-percent=\"100\" data-wbd-easing=\"ease\" data-wbd-duration=\"1.2\"><div class=\"progress-track\" style=\"background-color:#e5e5e5;height:32px;border-radius:999px\"><div class=\"progress-fill\" style=\"width:100%;border-radius:999px;transition:width 1.2s ease;background-color:#c43d3d\"><span class=\"progress-percentage\" style=\"color:#ffffff;font-size:14px;font-family:inherit;font-weight:600;white-space:nowrap\">100%<\/span><\/div><\/div><\/div><\/div>\n","protected":false},"excerpt":{"rendered":"<p>In der Welt des Magic: The Gathering-Sammelns bedeutet \u201eBlack Border\u201c meist \u201eOriginal\u201c. 1995 ver\u00f6ffentlichte Wizards of the Coast das Core-Set 4th Edition. Auf Englisch hatten diese Karten wei\u00dfe R\u00e4nder. F\u00fcr bestimmte internationale M\u00e4rkte wurden sie jedoch mit wundersch\u00f6nen schwarzen R\u00e4ndern gedruckt. Unter diesen nimmt die Version in traditionellem Chinesisch, die f\u00fcr Spieler in Taiwan und &#8230; <a title=\"Vierte Edition Schwarzrandig\" class=\"read-more\" href=\"https:\/\/chinesethegathering.com\/de\/vierte-edition-schwarzrandig\/\" aria-label=\"Mehr Informationen \u00fcber Vierte Edition Schwarzrandig\">Test<\/a><\/p>\n","protected":false},"author":1,"featured_media":8649,"parent":0,"menu_order":0,"comment_status":"closed","ping_status":"closed","template":"","meta":{"footnotes":""},"class_list":["post-8637","page","type-page","status-publish","has-post-thumbnail"],"_links":{"self":[{"href":"https:\/\/chinesethegathering.com\/de\/wp-json\/wp\/v2\/pages\/8637","targetHints":{"allow":["GET"]}}],"collection":[{"href":"https:\/\/chinesethegathering.com\/de\/wp-json\/wp\/v2\/pages"}],"about":[{"href":"https:\/\/chinesethegathering.com\/de\/wp-json\/wp\/v2\/types\/page"}],"author":[{"embeddable":true,"href":"https:\/\/chinesethegathering.com\/de\/wp-json\/wp\/v2\/users\/1"}],"replies":[{"embeddable":true,"href":"https:\/\/chinesethegathering.com\/de\/wp-json\/wp\/v2\/comments?post=8637"}],"version-history":[{"count":0,"href":"https:\/\/chinesethegathering.com\/de\/wp-json\/wp\/v2\/pages\/8637\/revisions"}],"wp:featuredmedia":[{"embeddable":true,"href":"https:\/\/chinesethegathering.com\/de\/wp-json\/wp\/v2\/media\/8649"}],"wp:attachment":[{"href":"https:\/\/chinesethegathering.com\/de\/wp-json\/wp\/v2\/media?parent=8637"}],"curies":[{"name":"wp","href":"https:\/\/api.w.org\/{rel}","templated":true}]}}