{"id":383,"date":"2026-02-11T10:18:49","date_gmt":"2026-02-11T10:18:49","guid":{"rendered":"https:\/\/chinesethegathering.com\/das-globale-projekt\/"},"modified":"2026-03-08T19:51:22","modified_gmt":"2026-03-08T19:51:22","slug":"das-globale-projekt","status":"publish","type":"page","link":"https:\/\/chinesethegathering.com\/de\/das-globale-projekt\/","title":{"rendered":"Chinese: The Gathering"},"content":{"rendered":"\n<h2 class=\"wp-block-heading\">Aufbau der ultimativen Magic-Sammlung auf Chinesisch<\/h2>\n\n<p>Bei Magic: The Gathering jagen Sammler normalerweise <em>Alpha<\/em>-Karten oder ultrararen Druckserien wie <em>Summer Magic.<\/em> Doch eine andere Art von Seltenheit zeichnet sich ab: Chinesische Editionen, die kulturelle Bedeutung mit einigen der niedrigsten Produktionszahlen in der Geschichte von MTG verbinden.<\/p>\n\n<p>Wir sind stolz darauf, ein monumentales Projekt zu enth\u00fcllen: <strong>Die perfekte Sammlung von Chinese: The Gathering.<\/strong> Unser Ziel ist einfach und doch k\u00fchn: die gr\u00f6\u00dfte und vollst\u00e4ndigste Sammlung chinesischsprachiger Karten zusammenzutragen, die existiert, und sie als eine der seltensten TCG-Zusammenstellungen des Planeten zu etablieren.<\/p>\n\n<h3 class=\"wp-block-heading\">Das ultimative Ziel<\/h3>\n\n<div class=\"wp-block-media-text is-stacked-on-mobile is-vertically-aligned-center\" style=\"grid-template-columns:30% auto\"><figure class=\"wp-block-media-text__media\"><img loading=\"lazy\" decoding=\"async\" width=\"874\" height=\"565\" src=\"https:\/\/chinesethegathering.com\/wp-content\/uploads\/2026\/02\/unnamed-8-e1771694152299.avif\" alt=\"\" class=\"wp-image-1389 size-full\" srcset=\"https:\/\/chinesethegathering.com\/wp-content\/uploads\/2026\/02\/unnamed-8-e1771694152299.avif 874w, https:\/\/chinesethegathering.com\/wp-content\/uploads\/2026\/02\/unnamed-8-e1771694152299-300x194.avif 300w, https:\/\/chinesethegathering.com\/wp-content\/uploads\/2026\/02\/unnamed-8-e1771694152299-768x496.avif 768w\" sizes=\"auto, (max-width: 874px) 100vw, 874px\" \/><\/figure><div class=\"wp-block-media-text__content is-layout-flow wp-block-media-text-is-layout-flow\">\n<p>Wir versuchen zu sammeln:<\/p>\n\n\n\n<ul class=\"wp-block-list\">\n<li style=\"font-size:19px;font-style:normal;font-weight:600\">8.000 vereinfachte chinesische Karten von 1997 bis 2010<\/li>\n\n\n\n<li style=\"font-size:19px;font-style:normal;font-weight:600\">18.000 traditionelle chinesische Karten von 1995 bis 2022<\/li>\n<\/ul>\n\n\n\n<p>Vereinfachte chinesische Karten aus den Jahren 2010\u20132024 sind aufgrund hoher Druckauflagen und geringen Sammlerinteresses von diesem Projekt ausgeschlossen.<\/p>\n<\/div><\/div>\n\n<p><\/p>\n\n<div class=\"wp-block-group is-nowrap is-layout-flex wp-container-core-group-is-layout-ad2f72ca wp-block-group-is-layout-flex\">\n<p><\/p>\n<\/div>\n\n<h3 class=\"wp-block-heading\">Seltener als Alpha<\/h3>\n\n<p><\/p>\n\n<div class=\"wp-block-media-text has-media-on-the-right is-stacked-on-mobile\" style=\"grid-template-columns:auto 35%\"><div class=\"wp-block-media-text__content is-layout-flow wp-block-media-text-is-layout-flow\">\n<p>W\u00e4hrend <em>Alpha<\/em> f\u00fcr viele der Goldstandard ist, erz\u00e4hlt die Druckstatistik eine andere Geschichte f\u00fcr chinesische Editionen. In deutlich geringeren Mengen als ihre englischen Gegenst\u00fccke produziert, weisen viele chinesische Sets eine \u00dcberlebensrate auf, die mit den fr\u00fchesten Drucken des Spiels mithalten kann und diese manchmal sogar \u00fcbertrifft. <\/p>\n\n\n\n<p>Dar\u00fcber hinaus werden diese Editionen f\u00fcr ihre <strong>einzigartigen alternativen Illustrationen<\/strong> gesch\u00e4tzt \u2013 mit Artwork, das in westlichen Releases nie zu sehen war \u2013 und machen sie damit nicht nur zu Spielkarten, sondern zu exklusiven kulturellen Artefakten.<\/p>\n<\/div><figure class=\"wp-block-media-text__media\"><img loading=\"lazy\" decoding=\"async\" width=\"1024\" height=\"683\" src=\"https:\/\/chinesethegathering.com\/wp-content\/uploads\/2026\/02\/ca47ff9a-7b1d-4fd3-b8d4-a89b6c5f1944-1-1024x683.avif\" alt=\"\" class=\"wp-image-1578 size-full\" srcset=\"https:\/\/chinesethegathering.com\/wp-content\/uploads\/2026\/02\/ca47ff9a-7b1d-4fd3-b8d4-a89b6c5f1944-1-1024x683.avif 1024w, https:\/\/chinesethegathering.com\/wp-content\/uploads\/2026\/02\/ca47ff9a-7b1d-4fd3-b8d4-a89b6c5f1944-1-300x200.avif 300w, https:\/\/chinesethegathering.com\/wp-content\/uploads\/2026\/02\/ca47ff9a-7b1d-4fd3-b8d4-a89b6c5f1944-1-768x512.avif 768w, https:\/\/chinesethegathering.com\/wp-content\/uploads\/2026\/02\/ca47ff9a-7b1d-4fd3-b8d4-a89b6c5f1944-1.avif 1536w\" sizes=\"auto, (max-width: 1024px) 100vw, 1024px\" \/><\/figure><\/div>\n\n<hr class=\"wp-block-separator has-alpha-channel-opacity\"\/>\n\n<div class=\"wp-block-group is-nowrap is-layout-flex wp-container-core-group-is-layout-ad2f72ca wp-block-group-is-layout-flex\">\n<i class=\"ss ss-5ed ss-4x\"><\/i>\n\n\n\n\u00a0\n\n\n\n<h4 class=\"wp-block-heading has-text-align-left\"><em>Obwohl Summer Magic f\u00fcr seine begrenzte Auflage bekannt ist, erreichen oder \u00fcbertreffen mehrere chinesische Ver\u00f6ffentlichungen, wie die <strong>vereinfachtes Chinesisch F\u00fcnfte Edition<\/strong>, dieses Ma\u00df an Seltenheit.<\/em><\/h4>\n<\/div>\n\n<hr class=\"wp-block-separator has-alpha-channel-opacity\"\/>\n\n<h3 class=\"wp-block-heading\">Eine vollst\u00e4ndige Geschichte (1995\u20132022)<\/h3>\n\n<p>Diese Sammlung ist ein detailliertes historisches Zeugnis. Sie verfolgt das Wachstum des Spiels in China und Taiwan vom ersten traditionellen chinesischen Druck im Jahr 1995 bis zum letzten im Jahr 2022. Wir haben uns haupts\u00e4chlich auf Karten in traditionellem Chinesisch konzentriert (<a href=\"https:\/\/chinesethegathering.com\/de\/warum-traditionelles-chinesisch\/\" data-type=\"page\" data-id=\"154\">erfahre mehr \u00fcber diese Entscheidung in diesem Artikel<\/a>).<\/p>\n\n<p>Das Archiv ist in vier verschiedene Zeitperioden unterteilt. Diese Perioden folgen der Geschichte des Drucks in Mandarin. <\/p>\n\n<ol start=\"1\" class=\"wp-block-list\">\n<li><strong><a href=\"https:\/\/chinesethegathering.com\/de\/goldene-aera-1995-2003\/\" data-type=\"page\" data-id=\"177\">Das Goldene Zeitalter (1995\u20132003)<\/a>:<\/strong> Eine Sammlung jedes Sets in vereinfachtem und traditionellem Chinesisch.<\/li>\n\n\n\n<li><strong><a href=\"https:\/\/chinesethegathering.com\/de\/silber-aera-2004-2010\/\" data-type=\"page\" data-id=\"94\">Das Silberne Zeitalter (2004\u20132010)<\/a>:<\/strong> Als kein traditionelles Chinesisch gedruckt wurde, haben wir uns auf vereinfachtes Chinesisch konzentriert. So wurde die chinesischsprachige Sammlung fortgef\u00fchrt. <\/li>\n\n\n\n<li><strong><a href=\"https:\/\/chinesethegathering.com\/de\/bronze-aera-2010-2019\/\" data-type=\"page\" data-id=\"101\">Das Bronzene Zeitalter (2010\u20132019)<\/a>: <\/strong>R\u00fcckkehr zum traditionellen Chinesisch<\/li>\n\n\n\n<li><strong><a href=\"https:\/\/chinesethegathering.com\/de\/moderne-aera-2019-2022\/\" data-type=\"page\" data-id=\"103\">Die moderne Wiederbelebung &amp; das Finale (2019\u20132022)<\/a>:<\/strong> das letzte Jahrzehnt der traditionellen chinesischen Produktion.<\/li>\n<\/ol>\n\n<h3 class=\"wp-block-heading\">Dieses Projekt zielt darauf ab, jede einzelne Karte zu finden<\/h3>\n\n<div class=\"wp-block-media-text is-stacked-on-mobile\" style=\"grid-template-columns:25% auto\"><figure class=\"wp-block-media-text__media\"><img loading=\"lazy\" decoding=\"async\" width=\"1024\" height=\"1024\" src=\"https:\/\/chinesethegathering.com\/wp-content\/uploads\/2026\/02\/BCO.0892287a-f4c1-488d-86b1-c55059d4acef.avif\" alt=\"\" class=\"wp-image-1384 size-full\" srcset=\"https:\/\/chinesethegathering.com\/wp-content\/uploads\/2026\/02\/BCO.0892287a-f4c1-488d-86b1-c55059d4acef.avif 1024w, https:\/\/chinesethegathering.com\/wp-content\/uploads\/2026\/02\/BCO.0892287a-f4c1-488d-86b1-c55059d4acef-300x300.avif 300w, https:\/\/chinesethegathering.com\/wp-content\/uploads\/2026\/02\/BCO.0892287a-f4c1-488d-86b1-c55059d4acef-150x150.avif 150w, https:\/\/chinesethegathering.com\/wp-content\/uploads\/2026\/02\/BCO.0892287a-f4c1-488d-86b1-c55059d4acef-768x768.avif 768w\" sizes=\"auto, (max-width: 1024px) 100vw, 1024px\" \/><\/figure><div class=\"wp-block-media-text__content is-layout-flow wp-block-media-text-is-layout-flow\">\n<p>Dieses Projekt zielt darauf ab, jede einzelne Karte zu finden. Wir suchen nicht nur nach beliebten Karten. Wir dokumentieren die gesamte Druckgeschichte:  <\/p>\n\n\n\n<ul class=\"wp-block-list\">\n<li>Jede Karte der Basis-Sets.<\/li>\n\n\n\n<li>Alle Art-Karten und Token.<\/li>\n\n\n\n<li>Jede exklusive Promokarte und jede einzigartige \u201eFrame\u201c-Variante.<\/li>\n<\/ul>\n\n\n\n<p>Um das \u201eMaster Set\u201c rein und vervollst\u00e4ndigbar zu halten, schlie\u00dfen wir keine Pre-Release-Datumsstempel oder Foil-Karten ein. W\u00e4hrend das Sammeln bestimmter Sets in Foil m\u00f6glich ist, ist das Vervollst\u00e4ndigen eines kompletten Sets jeder Karte in Foil statistisch unm\u00f6glich. Durch die Konzentration auf den \u201eClassic Frame\u201c und einzigartige Versionen schaffen wir eine stimmige Pr\u00e4sentation in Museumsqualit\u00e4t.  <\/p>\n<\/div><\/div>\n\n<p><\/p>\n\n<h3 class=\"wp-block-heading\">Ein historisches Archiv<\/h3>\n\n<p>Magic: The Gathering war das erste Trading Card Game (TCG), das auf Chinesisch gedruckt wurde. Es erschien vor Pok\u00e9mon und trug dazu bei, Tabletop-Spiele in der Region zu etablieren. Diese Sammlung ist mehr als ein Hobby; <strong>sie ist ein historisches Archiv eines kulturellen Ereignisses<\/strong>. Obwohl der englische Markt bekannter ist, bieten die hohe Seltenheit und die historische Bedeutung der chinesischen Drucke gro\u00dfes Prestige.   <\/p>\n<div class=\"wp-block-image\">\n<figure class=\"aligncenter size-large\"><img loading=\"lazy\" decoding=\"async\" width=\"1024\" height=\"683\" src=\"https:\/\/chinesethegathering.com\/wp-content\/uploads\/2026\/02\/image-1024x683.avif\" alt=\"\" class=\"wp-image-217\" srcset=\"https:\/\/chinesethegathering.com\/wp-content\/uploads\/2026\/02\/image-1024x683.avif 1024w, https:\/\/chinesethegathering.com\/wp-content\/uploads\/2026\/02\/image-300x200.avif 300w, https:\/\/chinesethegathering.com\/wp-content\/uploads\/2026\/02\/image-768x512.avif 768w, https:\/\/chinesethegathering.com\/wp-content\/uploads\/2026\/02\/image.avif 1536w\" sizes=\"auto, (max-width: 1024px) 100vw, 1024px\" \/><\/figure>\n<\/div>\n<p><\/p>\n\n<p class=\"has-base-2-background-color has-background\">Wir stellen nicht nur einen Ordner zusammen; wir bewahren ein Verm\u00e4chtnis. Eines Tages <strong>werden diese Karten in einem TCG-Museum zu sehen sein<\/strong>. Sie werden das seltenste Kapitel in der Geschichte des gro\u00dfartigsten Kartenspiels der Welt zeigen.  <\/p>\n\n<p><\/p>\n","protected":false},"excerpt":{"rendered":"<p>Aufbau der ultimativen Magic-Sammlung auf Chinesisch Bei Magic: The Gathering jagen Sammler normalerweise Alpha-Karten oder ultrararen Druckserien wie Summer Magic. Doch eine andere Art von Seltenheit zeichnet sich ab: Chinesische Editionen, die kulturelle Bedeutung mit einigen der niedrigsten Produktionszahlen in der Geschichte von MTG verbinden. Wir sind stolz darauf, ein monumentales Projekt zu enth\u00fcllen: Die &#8230; <a title=\"Chinese: The Gathering\" class=\"read-more\" href=\"https:\/\/chinesethegathering.com\/de\/das-globale-projekt\/\" aria-label=\"Mehr Informationen \u00fcber Chinese: The Gathering\">Test<\/a><\/p>\n","protected":false},"author":1,"featured_media":1571,"parent":0,"menu_order":0,"comment_status":"closed","ping_status":"closed","template":"","meta":{"footnotes":""},"class_list":["post-383","page","type-page","status-publish","has-post-thumbnail"],"_links":{"self":[{"href":"https:\/\/chinesethegathering.com\/de\/wp-json\/wp\/v2\/pages\/383","targetHints":{"allow":["GET"]}}],"collection":[{"href":"https:\/\/chinesethegathering.com\/de\/wp-json\/wp\/v2\/pages"}],"about":[{"href":"https:\/\/chinesethegathering.com\/de\/wp-json\/wp\/v2\/types\/page"}],"author":[{"embeddable":true,"href":"https:\/\/chinesethegathering.com\/de\/wp-json\/wp\/v2\/users\/1"}],"replies":[{"embeddable":true,"href":"https:\/\/chinesethegathering.com\/de\/wp-json\/wp\/v2\/comments?post=383"}],"version-history":[{"count":0,"href":"https:\/\/chinesethegathering.com\/de\/wp-json\/wp\/v2\/pages\/383\/revisions"}],"wp:featuredmedia":[{"embeddable":true,"href":"https:\/\/chinesethegathering.com\/de\/wp-json\/wp\/v2\/media\/1571"}],"wp:attachment":[{"href":"https:\/\/chinesethegathering.com\/de\/wp-json\/wp\/v2\/media?parent=383"}],"curies":[{"name":"wp","href":"https:\/\/api.w.org\/{rel}","templated":true}]}}