{"id":3801,"date":"2026-02-28T19:13:46","date_gmt":"2026-02-28T19:13:46","guid":{"rendered":"https:\/\/chinesethegathering.com\/global-series\/"},"modified":"2026-03-01T07:05:45","modified_gmt":"2026-03-01T07:05:45","slug":"global-series","status":"publish","type":"page","link":"https:\/\/chinesethegathering.com\/de\/global-series\/","title":{"rendered":"Global Series"},"content":{"rendered":"\n<h2 class=\"wp-block-heading\">Global Series: Jiang Yanggu &amp; Mu Yanling<\/h2>\n\n<div class=\"wp-block-media-text has-media-on-the-right is-stacked-on-mobile\" style=\"grid-template-columns:auto 40%\"><div class=\"wp-block-media-text__content is-layout-flow wp-block-media-text-is-layout-flow\">\n<p><\/p>\n\n\n\n<p><strong>Global Series: Jiang Yanggu &amp; Mu Yanling<\/strong> ist ein spezielles Produkt von Magic: The Gathering. Es wurde 2018 ver\u00f6ffentlicht und wurde haupts\u00e4chlich f\u00fcr den chinesischen Markt entworfen. <strong> Es wurde nur auf Englisch und vereinfachtem Chinesisch gedruckt.<\/strong><\/p>\n\n\n\n<p>Im Gegensatz zu einem normalen Erweiterungsset enth\u00e4lt dieses Produkt zwei spielfertige 60-Karten-Decks anstelle von Booster-Packs. Jedes Deck ist um einen anderen Planeswalker herum aufgebaut: <\/p>\n\n\n\n<ul class=\"wp-block-list\">\n<li><strong>Jiang Yanggu<\/strong><\/li>\n\n\n\n<li><strong>Mu Yanling<\/strong><\/li>\n<\/ul>\n\n\n\n<p>Diese Charaktere wurden erschaffen, um chinesische Themen und Mythologie innerhalb des Magic-Universums widerzuspiegeln.<\/p>\n<\/div><figure class=\"wp-block-media-text__media\"><img loading=\"lazy\" decoding=\"async\" width=\"522\" height=\"382\" src=\"https:\/\/chinesethegathering.com\/wp-content\/uploads\/2026\/02\/35971708_2163364983678903_8699304731601797120_n-e1772306064395.avif\" alt=\"\" class=\"wp-image-3639 size-full\" srcset=\"https:\/\/chinesethegathering.com\/wp-content\/uploads\/2026\/02\/35971708_2163364983678903_8699304731601797120_n-e1772306064395.avif 522w, https:\/\/chinesethegathering.com\/wp-content\/uploads\/2026\/02\/35971708_2163364983678903_8699304731601797120_n-e1772306064395-300x220.avif 300w\" sizes=\"auto, (max-width: 522px) 100vw, 522px\" \/><\/figure><\/div>\n\n<p><strong>Global Series: Jiang Yanggu &amp; Mu Yanling <\/strong>ist das einzige Produkt auf Scryfall, das exklusiv f\u00fcr den englischen und chinesischen Markt ver\u00f6ffentlicht wurde:<\/p>\n\n<figure class=\"wp-block-image\"><img loading=\"lazy\" decoding=\"async\" width=\"1006\" height=\"33\" src=\"https:\/\/chinesethegathering.com\/wp-content\/uploads\/2026\/02\/image-13.avif\" alt=\"\" class=\"wp-image-3673\" srcset=\"https:\/\/chinesethegathering.com\/wp-content\/uploads\/2026\/02\/image-13.avif 1006w, https:\/\/chinesethegathering.com\/wp-content\/uploads\/2026\/02\/image-13-300x10.avif 300w, https:\/\/chinesethegathering.com\/wp-content\/uploads\/2026\/02\/image-13-768x25.avif 768w\" sizes=\"auto, (max-width: 1006px) 100vw, 1006px\" \/><\/figure>\n\n<hr class=\"wp-block-separator has-alpha-channel-opacity\"\/>\n\n<h2 class=\"wp-block-heading\">Eine einzigartige chinesische Box<\/h2>\n\n<p>Einer der interessantesten Aspekte dieses Produkts ist die <strong>Verpackung der chinesischen Edition<\/strong>.<\/p>\n\n<div class=\"wp-block-media-text is-stacked-on-mobile\" style=\"grid-template-columns:40% auto\"><figure class=\"wp-block-media-text__media\"><img loading=\"lazy\" decoding=\"async\" width=\"746\" height=\"334\" src=\"https:\/\/chinesethegathering.com\/wp-content\/uploads\/2026\/02\/image-12.avif\" alt=\"\" class=\"wp-image-3661 size-full\" srcset=\"https:\/\/chinesethegathering.com\/wp-content\/uploads\/2026\/02\/image-12.avif 746w, https:\/\/chinesethegathering.com\/wp-content\/uploads\/2026\/02\/image-12-300x134.avif 300w\" sizes=\"auto, (max-width: 746px) 100vw, 746px\" \/><\/figure><div class=\"wp-block-media-text__content is-layout-flow wp-block-media-text-is-layout-flow\">\n<p>Die chinesische Box ist einzigartig, weil:<\/p>\n\n\n\n<ul class=\"wp-block-list\">\n<li>Sie eines der ersten gro\u00dfen Magic-Produkte darstellt, die mit einem klaren regionalen Fokus erstellt wurden.<\/li>\n\n\n\n<li>Sie speziell f\u00fcr den chinesischen Markt entworfen wurde.<\/li>\n\n\n\n<li>Das Layout des Artworks sich von der internationalen Version unterscheidet.<\/li>\n\n\n\n<li>Die Produktpr\u00e4sentation die beiden Planeswalker st\u00e4rker hervorhebt.<\/li>\n<\/ul>\n<\/div><\/div>\n\n<p><\/p>\n\n<p>Dies macht die chinesische Version historisch bedeutsam. Es ist nicht einfach nur ein \u00fcbersetztes Produkt \u2013 es spiegelt die Strategie von Wizards of the Coast wider, direkt mit chinesischen Spielern in Kontakt zu treten. <\/p>\n\n<div class=\"wp-block-media-text has-media-on-the-right is-stacked-on-mobile\" style=\"grid-template-columns:auto 20%\"><div class=\"wp-block-media-text__content is-layout-flow wp-block-media-text-is-layout-flow\">\n<p>Zum Vergleich ist hier die internationale Version der <strong>Global Series: Jiang Yanggu &amp; Mu Yanling<\/strong> Box.<\/p>\n<\/div><figure class=\"wp-block-media-text__media\"><img loading=\"lazy\" decoding=\"async\" width=\"1024\" height=\"1024\" src=\"https:\/\/chinesethegathering.com\/wp-content\/uploads\/2026\/03\/89ff4e12-8a3e-55f3-87be-e932bbf958c4__01807-1024x1024.avif\" alt=\"\" class=\"wp-image-3682 size-full\" srcset=\"https:\/\/chinesethegathering.com\/wp-content\/uploads\/2026\/03\/89ff4e12-8a3e-55f3-87be-e932bbf958c4__01807-1024x1024.avif 1024w, https:\/\/chinesethegathering.com\/wp-content\/uploads\/2026\/03\/89ff4e12-8a3e-55f3-87be-e932bbf958c4__01807-300x300.avif 300w, https:\/\/chinesethegathering.com\/wp-content\/uploads\/2026\/03\/89ff4e12-8a3e-55f3-87be-e932bbf958c4__01807-150x150.avif 150w, https:\/\/chinesethegathering.com\/wp-content\/uploads\/2026\/03\/89ff4e12-8a3e-55f3-87be-e932bbf958c4__01807-768x768.avif 768w, https:\/\/chinesethegathering.com\/wp-content\/uploads\/2026\/03\/89ff4e12-8a3e-55f3-87be-e932bbf958c4__01807.avif 1280w\" sizes=\"auto, (max-width: 1024px) 100vw, 1024px\" \/><\/figure><\/div>\n\n<p>F\u00fcr Sammler sticht die chinesische Box als eigenst\u00e4ndige regionale Ver\u00f6ffentlichung hervor, nicht nur als eine weitere Sprachvariante.<\/p>\n\n<hr class=\"wp-block-separator has-alpha-channel-opacity\"\/>\n\n<h2 class=\"wp-block-heading\">Was ist drin?<\/h2>\n\n<p>Das Produkt enth\u00e4lt:<\/p>\n\n<ul class=\"wp-block-list\">\n<li>2 vollst\u00e4ndige 60-Karten-Decks<\/li>\n\n\n\n<li>2 Premium-Foil-Planeswalker-Karten<\/li>\n\n\n\n<li>Einsteigerfreundliche Regelanleitungen<\/li>\n\n\n\n<li>Mehrere Karten, die exklusiv in dieser Ver\u00f6ffentlichung enthalten sind<\/li>\n<\/ul>\n\n<p>Viele der Karten wurden zu dieser Zeit nicht in regul\u00e4ren Erweiterungssets gedruckt, was das Produkt in Design und Identit\u00e4t einzigartig macht.<\/p>\n\n<h2 class=\"wp-block-heading\">Der exklusive Token<\/h2>\n\n<p>Ein weiteres interessantes Detail von <em>Global Series: Jiang Yanggu &amp; Mu Yanling<\/em> ist die im Produkt enthaltene <strong>exklusive doppelseitige Token-Karte<\/strong>. Dieser Token wurde speziell f\u00fcr diese Ver\u00f6ffentlichung entworfen und war nicht Teil eines regul\u00e4ren Erweiterungssets. Er spiegelt das Thema und die Mechaniken der beiden Decks wider, insbesondere Jiang Yanggus Verbindung zu Kreaturen und Mu Yanlings Kontrolle \u00fcber das Wasser.  <\/p>\n\n<div class=\"wp-block-columns is-layout-flex wp-container-core-columns-is-layout-9d6595d7 wp-block-columns-is-layout-flex\">\n<div class=\"wp-block-column is-layout-flow wp-block-column-is-layout-flow\"><div class=\"wp-block-image\">\n<figure data-wp-context=\"{&quot;imageId&quot;:&quot;69d0088c5d69b&quot;}\" data-wp-interactive=\"core\/image\" data-wp-key=\"69d0088c5d69b\" class=\"alignright size-medium wp-lightbox-container\"><img loading=\"lazy\" decoding=\"async\" width=\"212\" height=\"300\" data-wp-class--hide=\"state.isContentHidden\" data-wp-class--show=\"state.isContentVisible\" data-wp-init=\"callbacks.setButtonStyles\" data-wp-on--click=\"actions.showLightbox\" data-wp-on--load=\"callbacks.setButtonStyles\" data-wp-on-window--resize=\"callbacks.setButtonStyles\" src=\"https:\/\/chinesethegathering.com\/wp-content\/uploads\/2026\/02\/Capture-decran-2026-02-28-205350-212x300.avif\" alt=\"\" class=\"wp-image-3655\" srcset=\"https:\/\/chinesethegathering.com\/wp-content\/uploads\/2026\/02\/Capture-decran-2026-02-28-205350-212x300.avif 212w, https:\/\/chinesethegathering.com\/wp-content\/uploads\/2026\/02\/Capture-decran-2026-02-28-205350.avif 428w\" sizes=\"auto, (max-width: 212px) 100vw, 212px\" \/><button\n\t\t\tclass=\"lightbox-trigger\"\n\t\t\ttype=\"button\"\n\t\t\taria-haspopup=\"dialog\"\n\t\t\taria-label=\"Vergr\u00f6\u00dfern\"\n\t\t\tdata-wp-init=\"callbacks.initTriggerButton\"\n\t\t\tdata-wp-on--click=\"actions.showLightbox\"\n\t\t\tdata-wp-style--right=\"state.imageButtonRight\"\n\t\t\tdata-wp-style--top=\"state.imageButtonTop\"\n\t\t>\n\t\t\t<svg xmlns=\"http:\/\/www.w3.org\/2000\/svg\" width=\"12\" height=\"12\" fill=\"none\" viewBox=\"0 0 12 12\">\n\t\t\t\t<path fill=\"#fff\" d=\"M2 0a2 2 0 0 0-2 2v2h1.5V2a.5.5 0 0 1 .5-.5h2V0H2Zm2 10.5H2a.5.5 0 0 1-.5-.5V8H0v2a2 2 0 0 0 2 2h2v-1.5ZM8 12v-1.5h2a.5.5 0 0 0 .5-.5V8H12v2a2 2 0 0 1-2 2H8Zm2-12a2 2 0 0 1 2 2v2h-1.5V2a.5.5 0 0 0-.5-.5H8V0h2Z\" \/>\n\t\t\t<\/svg>\n\t\t<\/button><\/figure>\n<\/div><\/div>\n\n\n\n<div class=\"wp-block-column is-layout-flow wp-block-column-is-layout-flow\"><div class=\"wp-block-image\">\n<figure data-wp-context=\"{&quot;imageId&quot;:&quot;69d0088c5ddca&quot;}\" data-wp-interactive=\"core\/image\" data-wp-key=\"69d0088c5ddca\" class=\"alignleft size-medium wp-lightbox-container\"><img loading=\"lazy\" decoding=\"async\" width=\"217\" height=\"300\" data-wp-class--hide=\"state.isContentHidden\" data-wp-class--show=\"state.isContentVisible\" data-wp-init=\"callbacks.setButtonStyles\" data-wp-on--click=\"actions.showLightbox\" data-wp-on--load=\"callbacks.setButtonStyles\" data-wp-on-window--resize=\"callbacks.setButtonStyles\" src=\"https:\/\/chinesethegathering.com\/wp-content\/uploads\/2026\/02\/Capture-decran-2026-02-28-205418-217x300.avif\" alt=\"\" class=\"wp-image-3654\" srcset=\"https:\/\/chinesethegathering.com\/wp-content\/uploads\/2026\/02\/Capture-decran-2026-02-28-205418-217x300.avif 217w, https:\/\/chinesethegathering.com\/wp-content\/uploads\/2026\/02\/Capture-decran-2026-02-28-205418.avif 431w\" sizes=\"auto, (max-width: 217px) 100vw, 217px\" \/><button\n\t\t\tclass=\"lightbox-trigger\"\n\t\t\ttype=\"button\"\n\t\t\taria-haspopup=\"dialog\"\n\t\t\taria-label=\"Vergr\u00f6\u00dfern\"\n\t\t\tdata-wp-init=\"callbacks.initTriggerButton\"\n\t\t\tdata-wp-on--click=\"actions.showLightbox\"\n\t\t\tdata-wp-style--right=\"state.imageButtonRight\"\n\t\t\tdata-wp-style--top=\"state.imageButtonTop\"\n\t\t>\n\t\t\t<svg xmlns=\"http:\/\/www.w3.org\/2000\/svg\" width=\"12\" height=\"12\" fill=\"none\" viewBox=\"0 0 12 12\">\n\t\t\t\t<path fill=\"#fff\" d=\"M2 0a2 2 0 0 0-2 2v2h1.5V2a.5.5 0 0 1 .5-.5h2V0H2Zm2 10.5H2a.5.5 0 0 1-.5-.5V8H0v2a2 2 0 0 0 2 2h2v-1.5ZM8 12v-1.5h2a.5.5 0 0 0 .5-.5V8H12v2a2 2 0 0 1-2 2H8Zm2-12a2 2 0 0 1 2 2v2h-1.5V2a.5.5 0 0 0-.5-.5H8V0h2Z\" \/>\n\t\t\t<\/svg>\n\t\t<\/button><\/figure>\n<\/div><\/div>\n<\/div>\n\n<p>F\u00fcr Sammler ist dieser Token wichtig, da er einen produktspezifischen Druck darstellt, was bedeutet, dass er nicht in Booster-Packs aus Standard-Sets zu finden ist. Infolgedessen verleiht er der Global Series Box eine kleine, aber bedeutende Ebene an Einzigartigkeit. Im Laufe der Zeit werden solche exklusiven Beilagen oft zu bemerkenswerten St\u00fccken f\u00fcr Sammler, die sich auf regionale oder limitierte Magic-Produkte konzentrieren.  <\/p>\n","protected":false},"excerpt":{"rendered":"<p>Global Series: Jiang Yanggu &amp; Mu Yanling Global Series: Jiang Yanggu &amp; Mu Yanling ist das einzige Produkt auf Scryfall, das exklusiv f\u00fcr den englischen und chinesischen Markt ver\u00f6ffentlicht wurde: Eine einzigartige chinesische Box Einer der interessantesten Aspekte dieses Produkts ist die Verpackung der chinesischen Edition. Dies macht die chinesische Version historisch bedeutsam. Es ist &#8230; <a title=\"Global Series\" class=\"read-more\" href=\"https:\/\/chinesethegathering.com\/de\/global-series\/\" aria-label=\"Mehr Informationen \u00fcber Global Series\">Test<\/a><\/p>\n","protected":false},"author":1,"featured_media":3804,"parent":0,"menu_order":0,"comment_status":"closed","ping_status":"closed","template":"","meta":{"footnotes":""},"class_list":["post-3801","page","type-page","status-publish","has-post-thumbnail"],"_links":{"self":[{"href":"https:\/\/chinesethegathering.com\/de\/wp-json\/wp\/v2\/pages\/3801","targetHints":{"allow":["GET"]}}],"collection":[{"href":"https:\/\/chinesethegathering.com\/de\/wp-json\/wp\/v2\/pages"}],"about":[{"href":"https:\/\/chinesethegathering.com\/de\/wp-json\/wp\/v2\/types\/page"}],"author":[{"embeddable":true,"href":"https:\/\/chinesethegathering.com\/de\/wp-json\/wp\/v2\/users\/1"}],"replies":[{"embeddable":true,"href":"https:\/\/chinesethegathering.com\/de\/wp-json\/wp\/v2\/comments?post=3801"}],"version-history":[{"count":0,"href":"https:\/\/chinesethegathering.com\/de\/wp-json\/wp\/v2\/pages\/3801\/revisions"}],"wp:featuredmedia":[{"embeddable":true,"href":"https:\/\/chinesethegathering.com\/de\/wp-json\/wp\/v2\/media\/3804"}],"wp:attachment":[{"href":"https:\/\/chinesethegathering.com\/de\/wp-json\/wp\/v2\/media?parent=3801"}],"curies":[{"name":"wp","href":"https:\/\/api.w.org\/{rel}","templated":true}]}}