{"id":2514,"date":"2026-02-22T10:59:55","date_gmt":"2026-02-22T10:59:55","guid":{"rendered":"https:\/\/chinesethegathering.com\/wie-man-ein-magic-the-gathering-set-zusammenstellt\/"},"modified":"2026-02-27T21:43:36","modified_gmt":"2026-02-27T21:43:36","slug":"wie-man-ein-magic-the-gathering-set-zusammenstellt","status":"publish","type":"page","link":"https:\/\/chinesethegathering.com\/de\/wie-man-ein-magic-the-gathering-set-zusammenstellt\/","title":{"rendered":"Wie man ein Set aufbaut"},"content":{"rendered":"\n<h2 class=\"wp-block-heading\">Warum das Sammeln kompletter Sets sinnvoll ist<\/h2>\n\n<div class=\"wp-block-media-text is-stacked-on-mobile\" style=\"grid-template-columns:40% auto\"><figure class=\"wp-block-media-text__media\"><img loading=\"lazy\" decoding=\"async\" width=\"477\" height=\"258\" src=\"https:\/\/chinesethegathering.com\/wp-content\/uploads\/2026\/02\/Capture-decran-2026-02-22-115349.avif\" alt=\"\" class=\"wp-image-1513 size-full\" srcset=\"https:\/\/chinesethegathering.com\/wp-content\/uploads\/2026\/02\/Capture-decran-2026-02-22-115349.avif 477w, https:\/\/chinesethegathering.com\/wp-content\/uploads\/2026\/02\/Capture-decran-2026-02-22-115349-300x162.avif 300w\" sizes=\"auto, (max-width: 477px) 100vw, 477px\" \/><\/figure><div class=\"wp-block-media-text__content is-layout-flow wp-block-media-text-is-layout-flow\">\n<p>Heutzutage ist das Sammeln vollst\u00e4ndiger Sets nicht mehr sehr beliebt. Die meisten Sammler konzentrieren sich auf teure Einzelkarten. Dieser Trend wird sich jedoch in den kommenden Jahren aufgrund von <strong>demografischen, sozialen und wirtschaftlichen Gr\u00fcnden<\/strong> wahrscheinlich \u00e4ndern.  <\/p>\n\n\n\n<p>Da die Spieler \u00e4lter werden, bevorzugen viele das Sammeln gegen\u00fcber dem aktiven Spielen. Dar\u00fcber hinaus entwickeln sich Magic-Karten langsam zu <strong>historischen Sammlerobjekten<\/strong>, \u00e4hnlich wie klassische Comic-Hefte, Vintage-Spielzeug oder sogar bildende Kunst in der modernen Welt. <\/p>\n<\/div><\/div>\n\n<p><\/p>\n\n<p>In Zukunft k\u00f6nnten <strong>fr\u00fche Magic The Gathering-Karten als die \u201eMeisterwerke\u201c der Sammelkartenspiele angesehen werden.<\/strong><\/p>\n\n<h2 class=\"wp-block-heading\">Englische Sets verloren nach dem Jahr 2000 einen Teil ihres Reizes<\/h2>\n\n<p>Das Sammeln englischer Sets ver\u00e4nderte sich im Jahr 2000 mit der Einf\u00fchrung des <strong>Magic Online Redemption Program<\/strong> erheblich. Beginnend mit dem Set <em>Invasion<\/em> konnten Spieler vollst\u00e4ndige digitale Sets einl\u00f6sen und erhielten daf\u00fcr komplette physische Sets (als normale und Foil-Versionen). <\/p>\n\n<p>Das bedeutet:<\/p>\n\n<ul class=\"wp-block-list\">\n<li>Viele englische Sets nach 2000 wurden in gro\u00dfen Mengen produziert<\/li>\n\n\n\n<li>Es war nicht mehr n\u00f6tig, Booster-Displays zu \u00f6ffnen, um sie zu vervollst\u00e4ndigen<\/li>\n<\/ul>\n\n<p>Infolgedessen erforderten nur <strong>englische Sets von vor 2000<\/strong> echtes, organisches Sammeln aus Boostern. Dennoch macht das Sammeln englischer Sets immer noch Spa\u00df und ist eine Herausforderung, besonders bei \u00e4lteren Sets und auch bei modernen, da das Redemption-Programm beendet wurde und alternative Artworks h\u00e4ufiger geworden sind. <\/p>\n\n<h2 class=\"wp-block-heading\">Der besondere Wert fremdsprachiger Sets<\/h2>\n\n<p>Die meisten Ersteller von Magic-Inhalten konzentrieren sich fast ausschlie\u00dflich auf englische Karten.<\/p>\n\n<p>Aber englischsprachige Menschen stellen <strong>nicht die Mehrheit der Weltbev\u00f6lkerung<\/strong> dar \u2013 und die Zahl der Sammler, die andere Sprachen lesen, w\u00e4chst st\u00e4ndig.<\/p>\n\n<p>In vielen Regionen (Asien, Europa, S\u00fcdamerika):<\/p>\n\n<ul class=\"wp-block-list\">\n<li>Sprechen Spieler oft zwei Sprachen (ihre Muttersprache + Englisch)<\/li>\n\n\n\n<li>Sie spielten Magic sowohl mit englischen Karten als auch mit Karten in ihrer eigenen Sprache<\/li>\n<\/ul>\n\n<p>Aus diesem Grund versp\u00fcren viele Sammler eine starke emotionale Bindung zu Karten in ihrer Muttersprache.<\/p>\n\n<div class=\"wp-block-media-text is-stacked-on-mobile\" style=\"grid-template-columns:40% auto\"><figure class=\"wp-block-media-text__media\"><img loading=\"lazy\" decoding=\"async\" width=\"488\" height=\"240\" src=\"https:\/\/chinesethegathering.com\/wp-content\/uploads\/2026\/02\/Capture-decran-2026-02-22-115128.avif\" alt=\"\" class=\"wp-image-1508 size-full\" srcset=\"https:\/\/chinesethegathering.com\/wp-content\/uploads\/2026\/02\/Capture-decran-2026-02-22-115128.avif 488w, https:\/\/chinesethegathering.com\/wp-content\/uploads\/2026\/02\/Capture-decran-2026-02-22-115128-300x148.avif 300w\" sizes=\"auto, (max-width: 488px) 100vw, 488px\" \/><\/figure><div class=\"wp-block-media-text__content is-layout-flow wp-block-media-text-is-layout-flow\">\n<p><\/p>\n\n\n\n<p>Fremdsprachige Karten sind in der Regel <strong>viel seltener als englische Karten<\/strong>, weil:<\/p>\n\n\n\n<ul class=\"wp-block-list\">\n<li>Die Druckauflagen kleiner sind<\/li>\n\n\n\n<li>Es keine gro\u00dfen Redemption-Programme wie bei den englischen Sets gab<\/li>\n<\/ul>\n\n\n\n<p>Dies macht komplette fremdsprachige Sets f\u00fcr langfristige Sammler besonders attraktiv.<\/p>\n<\/div><\/div>\n\n<h2 class=\"wp-block-heading\">Drei Wege, ein Set aufzubauen (von einfach bis Hardcore)<\/h2>\n\n<h3 class=\"wp-block-heading\">1. Die direkte Methode (schnell, aber weniger spa\u00dfig)<\/h3>\n\n<p>Du kaufst ein komplettes Set online oder in einem Laden vor Ort.<\/p>\n\n<p>Einige Websites erm\u00f6glichen es dir, jede Karte eines Sets automatisch in deinen Warenkorb zu legen. Andere verkaufen bereits fertige Komplettsets. <\/p>\n\n<ul class=\"wp-block-list\">\n<li>Vorteile: Schnell und effizient<\/li>\n\n\n\n<li>Nachteile: Nicht sehr aufregend oder belohnend<\/li>\n<\/ul>\n\n<h3 class=\"wp-block-heading\">2. Die Spa\u00df-Methode (unsere Empfehlung)<\/h3>\n\n<p>Dies ist unser bevorzugter Ansatz. Kauf dir ein oder mehrere <strong>Booster-Displays<\/strong> deines Lieblingssets und fang von dort aus an. Im Durchschnitt liefert ein Display etwa:  <\/p>\n\n<ul class=\"wp-block-list\">\n<li>~400 Commons<\/li>\n\n\n\n<li>~100 Uncommons<\/li>\n\n\n\n<li>~36 Rares oder Mythics<\/li>\n<\/ul>\n\n<p>Dies deckt normalerweise <strong>mehr als die H\u00e4lfte des Sets<\/strong> ab, einschlie\u00dflich vieler Standardl\u00e4nder. Interessanterweise k\u00f6nnen Standardl\u00e4nder und Token mit am schwierigsten einzeln zu finden sein \u2013 weil die Leute sie selten verkaufen. Booster-Displays enthalten oft viele davon, was ein gro\u00dfer Vorteil ist.  <\/p>\n\n<p>Wir sind fest davon \u00fcberzeugt, dass Magic-Booster-Displays dazu da sind, <strong>ge\u00f6ffnet und genossen<\/strong> zu werden, und nicht, um ewig in Regalen zu verstauben.<\/p>\n\n<p>Nach dem \u00d6ffnen:<\/p>\n\n<ul class=\"wp-block-list\">\n<li>Erstelle eine Liste der fehlenden Karten,<\/li>\n\n\n\n<li>Kaufe den Rest als Einzelkarten online oder in lokalen L\u00e4den<\/li>\n<\/ul>\n\n<p>Diese Methode kombiniert <strong>Spa\u00df, Nostalgie und angemessene Kosten<\/strong>, und du beh\u00e4ltst zudem das leere Display als Sammlerst\u00fcck.<\/p>\n\n<h3 class=\"wp-block-heading\">3. Die Hardcore-Sammler-Methode<\/h3>\n\n<p>Du kannst ein Set auch komplett aufbauen, indem du:<\/p>\n\n<ul class=\"wp-block-list\">\n<li>Jede Karte einzeln kaufst,<\/li>\n\n\n\n<li>Online nach Konvoluten und Sammlungen suchst.<\/li>\n<\/ul>\n\n<p>Das kostet mehr Zeit und M\u00fche, ist aber f\u00fcr echte Sammler extrem befriedigend.<\/p>\n\n<hr class=\"wp-block-separator has-alpha-channel-opacity\"\/>\n\n<h2 class=\"wp-block-heading\">Abschlie\u00dfende Gedanken<\/h2>\n\n<div class=\"wp-block-media-text is-stacked-on-mobile\" style=\"grid-template-columns:25% auto\"><figure class=\"wp-block-media-text__media\"><img loading=\"lazy\" decoding=\"async\" width=\"1024\" height=\"683\" src=\"https:\/\/chinesethegathering.com\/wp-content\/uploads\/2026\/02\/d9102a9a-0d8f-4eb5-a4cd-4cc185e75406-1-1024x683.avif\" alt=\"\" class=\"wp-image-1498 size-full\" srcset=\"https:\/\/chinesethegathering.com\/wp-content\/uploads\/2026\/02\/d9102a9a-0d8f-4eb5-a4cd-4cc185e75406-1-1024x683.avif 1024w, https:\/\/chinesethegathering.com\/wp-content\/uploads\/2026\/02\/d9102a9a-0d8f-4eb5-a4cd-4cc185e75406-1-300x200.avif 300w, https:\/\/chinesethegathering.com\/wp-content\/uploads\/2026\/02\/d9102a9a-0d8f-4eb5-a4cd-4cc185e75406-1-768x512.avif 768w, https:\/\/chinesethegathering.com\/wp-content\/uploads\/2026\/02\/d9102a9a-0d8f-4eb5-a4cd-4cc185e75406-1.avif 1536w\" sizes=\"auto, (max-width: 1024px) 100vw, 1024px\" \/><\/figure><div class=\"wp-block-media-text__content is-layout-flow wp-block-media-text-is-layout-flow\">\n<p class=\"has-text-align-left\">Wir hoffen, dass dieser Artikel dich dazu ermutigt, mit dem Aufbau kompletter Sets zu beginnen. Versuche, deine liebsten Magic-\u00c4ren wann immer m\u00f6glich in deiner Muttersprache zu sammeln. Du wirst die Freude am \u00d6ffnen von Packs, am Vervollst\u00e4ndigen von Sammlungen und am Besitz echter historischer Sammlerst\u00fccke wiederentdecken \u2013 und nicht nur einzelne teure Karten besitzen.  <\/p>\n\n\n\n<p>Mit der Zeit k\u00f6nnten vollst\u00e4ndige Sets (besonders in seltenen Sprachen) zu den wertvollsten und bedeutendsten Magic-Sammlungen der Welt werden.<\/p>\n<\/div><\/div>\n","protected":false},"excerpt":{"rendered":"<p>Warum das Sammeln kompletter Sets sinnvoll ist Heutzutage ist das Sammeln vollst\u00e4ndiger Sets nicht mehr sehr beliebt. Die meisten Sammler konzentrieren sich auf teure Einzelkarten. Dieser Trend wird sich jedoch in den kommenden Jahren aufgrund von demografischen, sozialen und wirtschaftlichen Gr\u00fcnden wahrscheinlich \u00e4ndern. Da die Spieler \u00e4lter werden, bevorzugen viele das Sammeln gegen\u00fcber dem aktiven &#8230; <a title=\"Wie man ein Set aufbaut\" class=\"read-more\" href=\"https:\/\/chinesethegathering.com\/de\/wie-man-ein-magic-the-gathering-set-zusammenstellt\/\" aria-label=\"Mehr Informationen \u00fcber Wie man ein Set aufbaut\">Test<\/a><\/p>\n","protected":false},"author":1,"featured_media":2516,"parent":0,"menu_order":0,"comment_status":"closed","ping_status":"closed","template":"","meta":{"footnotes":""},"class_list":["post-2514","page","type-page","status-publish","has-post-thumbnail"],"_links":{"self":[{"href":"https:\/\/chinesethegathering.com\/de\/wp-json\/wp\/v2\/pages\/2514","targetHints":{"allow":["GET"]}}],"collection":[{"href":"https:\/\/chinesethegathering.com\/de\/wp-json\/wp\/v2\/pages"}],"about":[{"href":"https:\/\/chinesethegathering.com\/de\/wp-json\/wp\/v2\/types\/page"}],"author":[{"embeddable":true,"href":"https:\/\/chinesethegathering.com\/de\/wp-json\/wp\/v2\/users\/1"}],"replies":[{"embeddable":true,"href":"https:\/\/chinesethegathering.com\/de\/wp-json\/wp\/v2\/comments?post=2514"}],"version-history":[{"count":0,"href":"https:\/\/chinesethegathering.com\/de\/wp-json\/wp\/v2\/pages\/2514\/revisions"}],"wp:featuredmedia":[{"embeddable":true,"href":"https:\/\/chinesethegathering.com\/de\/wp-json\/wp\/v2\/media\/2516"}],"wp:attachment":[{"href":"https:\/\/chinesethegathering.com\/de\/wp-json\/wp\/v2\/media?parent=2514"}],"curies":[{"name":"wp","href":"https:\/\/api.w.org\/{rel}","templated":true}]}}