{"id":2407,"date":"2026-02-11T10:22:05","date_gmt":"2026-02-11T10:22:05","guid":{"rendered":"https:\/\/chinesethegathering.com\/bronze-aera-2010-2019\/"},"modified":"2026-02-28T05:54:14","modified_gmt":"2026-02-28T05:54:14","slug":"bronze-aera-2010-2019","status":"publish","type":"page","link":"https:\/\/chinesethegathering.com\/de\/bronze-aera-2010-2019\/","title":{"rendered":"Die Bronze-\u00c4ra"},"content":{"rendered":"\n<p>Die Jahre 2010 bis 2019 waren eine Zeit gro\u00dfer Ver\u00e4nderungen f\u00fcr <em>Magic: The Gathering<\/em>. Das Spiel entwickelte sich von einem Hobby f\u00fcr Fans zu einem riesigen weltweiten Erfolg. <\/p>\n\n<h3 class=\"wp-block-heading\">Der Beginn des Jahrzehnts (2010\u20132012)<\/h3>\n\n<p>Zu Beginn dieses Zeitraums wurde Magic noch in moderaten Mengen produziert. Diese \u00c4ra wird oft als das \u201eSilberne Zeitalter\u201c bezeichnet. <\/p>\n\n<ul class=\"wp-block-list\">\n<li><strong>Die R\u00fcckkehr der Sprachen:<\/strong> Obwohl das Set <em>Magic 2011<\/em> das <strong>traditionelle Chinesisch<\/strong> zur\u00fcckbrachte, blieb die Anzahl der gedruckten Karten bis zur Ver\u00f6ffentlichung von <em>Return to Ravnica<\/em> \u00fcberschaubar.<\/li>\n\n\n\n<li>Karten aus dieser Zeit werden von Sammlern oft sehr gesch\u00e4tzt, da sie in geringeren Mengen produziert wurden als heute.<\/li>\n<\/ul>\n\n<h3 class=\"wp-block-heading\">Der Wendepunkt 2012: der Druck-Boom<\/h3>\n\n<div class=\"wp-block-media-text is-stacked-on-mobile\" style=\"grid-template-columns:15% auto\"><figure class=\"wp-block-media-text__media\"><img loading=\"lazy\" decoding=\"async\" width=\"672\" height=\"936\" src=\"https:\/\/chinesethegathering.com\/wp-content\/uploads\/2026\/02\/rtr-1-angel-of-serenity.avif\" alt=\"\" class=\"wp-image-1617 size-full\" srcset=\"https:\/\/chinesethegathering.com\/wp-content\/uploads\/2026\/02\/rtr-1-angel-of-serenity.avif 672w, https:\/\/chinesethegathering.com\/wp-content\/uploads\/2026\/02\/rtr-1-angel-of-serenity-215x300.avif 215w\" sizes=\"auto, (max-width: 672px) 100vw, 672px\" \/><\/figure><div class=\"wp-block-media-text__content is-layout-flow wp-block-media-text-is-layout-flow\">\n<p>Mit der Ver\u00f6ffentlichung von <em>Return to Ravnica<\/em> Ende 2012 \u00e4nderte sich alles. Von diesem Moment an wurde das Spiel unglaublich beliebt (oder unglaublich viel gedruckt?). <\/p>\n\n\n\n<p>Das Ziel war einfach: die Nachfrage von Millionen neuer Spieler zu decken. Das Spiel wandelte sich von einem Nischenmarkt zu einer massiven industriellen Produktion. <\/p>\n\n\n\n<p><strong>Mehr Karten f\u00fcr alle:<\/strong> Sogar die Editionen in traditionellem Chinesisch waren von der massiven Zunahme der Druckmengen betroffen.<\/p>\n<\/div><\/div>\n\n<p><\/p>\n\n<h3 class=\"wp-block-heading\">Eine Zeit unglaublicher Kreativit\u00e4t<\/h3>\n\n<p>Trotz der Produktionssteigerung blieb die Qualit\u00e4t der Geschichten und der erschaffenen Welten sehr hoch. In dieser erfolgreichen Phase entstanden neue Universen, die die Geschichte von Magic gepr\u00e4gt haben: <\/p>\n\n<ul class=\"wp-block-list\">\n<li><strong>Innistrad (2011):<\/strong> Eine Welt voller Vampire und Werw\u00f6lfe.<\/li>\n\n\n\n<li><strong>Theros (2013):<\/strong> Inspiriert von der griechischen Mythologie.<\/li>\n\n\n\n<li><strong>Khans of Tarkir (2014):<\/strong> Die Welt der Drachen und Kriegerclans.<\/li>\n\n\n\n<li><strong>Ixalan (2017):<\/strong> Ein Universum voller Piraten und Dinosaurier.<\/li>\n<\/ul>\n\n<div class=\"wp-block-wpbb-wbd-progress-bar\"><div class=\"progress-name\" style=\"color:#333333;font-size:16px;font-family:inherit\">Projektabschluss: 28 Sets (von 41)<\/div><div class=\"progress-track\" style=\"background-color:#e5e5e5;height:32px\"><div class=\"progress-fill\" style=\"width:68%;background-color:#c43d3d\"><span class=\"progress-percentage\" style=\"color:#ffffff;font-size:14px;font-family:inherit\">68%<\/span><\/div><\/div><\/div>\n\n<p><em>Scryfall-Setliste, die das Projekt abdeckt:<\/em><\/p>\n<div class=\"wp-block-image\">\n<figure class=\"aligncenter size-full\"><img loading=\"lazy\" decoding=\"async\" width=\"971\" height=\"460\" src=\"https:\/\/chinesethegathering.com\/wp-content\/uploads\/2026\/02\/Capture-decran-2026-02-12-221927.avif\" alt=\"\" class=\"wp-image-186\" style=\"aspect-ratio:2.1109278708445447;object-fit:cover\" srcset=\"https:\/\/chinesethegathering.com\/wp-content\/uploads\/2026\/02\/Capture-decran-2026-02-12-221927.avif 971w, https:\/\/chinesethegathering.com\/wp-content\/uploads\/2026\/02\/Capture-decran-2026-02-12-221927-300x142.avif 300w, https:\/\/chinesethegathering.com\/wp-content\/uploads\/2026\/02\/Capture-decran-2026-02-12-221927-768x364.avif 768w\" sizes=\"auto, (max-width: 971px) 100vw, 971px\" \/><\/figure>\n<\/div>\n<p><\/p>\n<div class=\"wp-block-image\">\n<figure class=\"aligncenter size-full\"><img loading=\"lazy\" decoding=\"async\" width=\"986\" height=\"891\" src=\"https:\/\/chinesethegathering.com\/wp-content\/uploads\/2026\/02\/Capture-decran-2026-02-12-221723.avif\" alt=\"\" class=\"wp-image-184\" srcset=\"https:\/\/chinesethegathering.com\/wp-content\/uploads\/2026\/02\/Capture-decran-2026-02-12-221723.avif 986w, https:\/\/chinesethegathering.com\/wp-content\/uploads\/2026\/02\/Capture-decran-2026-02-12-221723-300x271.avif 300w, https:\/\/chinesethegathering.com\/wp-content\/uploads\/2026\/02\/Capture-decran-2026-02-12-221723-768x694.avif 768w\" sizes=\"auto, (max-width: 986px) 100vw, 986px\" \/><\/figure>\n<\/div>\n<p><\/p>\n\n<p>Kurz gesagt: Dieses Jahrzehnt hat Magic ver\u00e4ndert. Das Spiel wurde dank des massiven Drucks leichter zug\u00e4nglich, aber vor allem gelang es, fantastische Welten zu erschaffen, die die Spieler noch heute lieben. <\/p>\n","protected":false},"excerpt":{"rendered":"<p>Die Jahre 2010 bis 2019 waren eine Zeit gro\u00dfer Ver\u00e4nderungen f\u00fcr Magic: The Gathering. Das Spiel entwickelte sich von einem Hobby f\u00fcr Fans zu einem riesigen weltweiten Erfolg. Der Beginn des Jahrzehnts (2010\u20132012) Zu Beginn dieses Zeitraums wurde Magic noch in moderaten Mengen produziert. Diese \u00c4ra wird oft als das \u201eSilberne Zeitalter\u201c bezeichnet. Der Wendepunkt &#8230; <a title=\"Die Bronze-\u00c4ra\" class=\"read-more\" href=\"https:\/\/chinesethegathering.com\/de\/bronze-aera-2010-2019\/\" aria-label=\"Mehr Informationen \u00fcber Die Bronze-\u00c4ra\">Test<\/a><\/p>\n","protected":false},"author":1,"featured_media":2408,"parent":0,"menu_order":0,"comment_status":"closed","ping_status":"closed","template":"","meta":{"footnotes":""},"class_list":["post-2407","page","type-page","status-publish","has-post-thumbnail"],"_links":{"self":[{"href":"https:\/\/chinesethegathering.com\/de\/wp-json\/wp\/v2\/pages\/2407","targetHints":{"allow":["GET"]}}],"collection":[{"href":"https:\/\/chinesethegathering.com\/de\/wp-json\/wp\/v2\/pages"}],"about":[{"href":"https:\/\/chinesethegathering.com\/de\/wp-json\/wp\/v2\/types\/page"}],"author":[{"embeddable":true,"href":"https:\/\/chinesethegathering.com\/de\/wp-json\/wp\/v2\/users\/1"}],"replies":[{"embeddable":true,"href":"https:\/\/chinesethegathering.com\/de\/wp-json\/wp\/v2\/comments?post=2407"}],"version-history":[{"count":0,"href":"https:\/\/chinesethegathering.com\/de\/wp-json\/wp\/v2\/pages\/2407\/revisions"}],"wp:featuredmedia":[{"embeddable":true,"href":"https:\/\/chinesethegathering.com\/de\/wp-json\/wp\/v2\/media\/2408"}],"wp:attachment":[{"href":"https:\/\/chinesethegathering.com\/de\/wp-json\/wp\/v2\/media?parent=2407"}],"curies":[{"name":"wp","href":"https:\/\/api.w.org\/{rel}","templated":true}]}}